{"id":19450,"date":"2023-07-29T08:09:13","date_gmt":"2023-07-29T08:09:13","guid":{"rendered":"https:\/\/narcopowders.com\/?post_type=product&#038;p=19450"},"modified":"2025-09-25T08:07:37","modified_gmt":"2025-09-25T08:07:37","slug":"buy-ketamine-crystal","status":"publish","type":"product","link":"https:\/\/narcopowders.com\/de\/produkt\/ketamin-kristall-kaufen\/","title":{"rendered":"Kaufen Sie Ketaminkristalle online"},"content":{"rendered":"<h2>Ketamin-Kristall kaufen<\/h2>\n<p><a href=\"https:\/\/narcopowders.com\/de\/produkt\/ketamin-kristall-kaufen\/\">Ketamin-Kristalle online kaufen<\/a><\/p>\n<p>Where to <a href=\"https:\/\/narcopowders.com\/de\/\">Wo kann man Ketamin HCL Kristallpulver kaufen?<\/a><\/p>\n<p>Zun\u00e4chst einmal ist Ketamin ein dissoziatives An\u00e4sthetikum, das in der Humanan\u00e4sthesie und in der Tiermedizin eingesetzt wird.<\/p>\n<p>Zu den Halluzinogenen geh\u00f6ren dissoziative Medikamente (kaufen Sie Ketamin hcl Kristallpulver)<a href=\"https:\/\/narcopowders.com\/de\/product-category\/buy-heroin-online\/\">.<\/a><\/p>\n<p>Au\u00dferdem gibt es einem das Gef\u00fchl, der Realit\u00e4t entr\u00fcckt zu sein. Der Gro\u00dfteil des im Handel erh\u00e4ltlichen Ketamins <a href=\"https:\/\/en.wikipedia.org\/wiki\/Ketamine\">Ketamin<\/a> sold on the<\/p>\n<p>Die Stra\u00dfe, die zu den Tierkliniken f\u00fchrt, wurde ge\u00e4ndert. Chemie des Ketamins <a href=\"https:\/\/duckduckgo.com\/?q=Buy+Ketamine+Crystal+Online&amp;t=h_&amp;ia=web\">Chemistry of ketamine<\/a><\/p>\n<p>Drittens hat es eine \u00e4hnliche Struktur und Wirkungsweise wie PCP.<\/p>\n<p>ein regelm\u00e4\u00dfig verwendetes kurz wirkendes dissoziatives An\u00e4sthetikum und Halluzinogen<\/p>\n<p>Die Notfallmedizin verwendet es am vierten Tag. Es ist ein Beispiel f\u00fcr ein Dissoziativum, und<\/p>\n<p>wird auch h\u00e4ufig in suban\u00e4sthetischen Dosen zu Freizeitzwecken eingenommen. Um eine <a href=\"https:\/\/duckduckgo.com\/?q=Buy+Ketamine+Crystal+Online&amp;t=h_&amp;ia=web\">psychedelische Erfahrung<\/a>, nehmen Sie kleine Dosen \u2013 das ist das \u201eK-Loch\u201c. Die Mehrheit der Dissoziativa sind NMDA-Rezeptorantagonisten.<\/p>\n<h3>Ketamin zur Schmerzlinderung zu verkaufen.<\/h3>\n<p>Vermeiden Sie au\u00dferdem die Einnahme von Ketamin, wenn Sie gegen einen der Inhaltsstoffe allergisch sind. <a href=\"https:\/\/www.bing.com\/search?q=Buy%20Ketamine%20Crystal%20Online&amp;qs=n&amp;form=QBRE&amp;sp=-1&amp;lq=0&amp;pq=buy%20ketamine%20crystal%20online&amp;sc=0-27&amp;sk=&amp;cvid=B48FCD6A63BA41FEA8E70E332D5821C8&amp;ghsh=0&amp;ghacc=0&amp;ghpl=\">allergisch gegen einen der Inhaltsstoffe<\/a>.<\/p>\n<p>Au\u00dferdem haben Sie eine Erkrankung, die einen signifikanten Anstieg des Blutdrucks gef\u00e4hrlich machen w\u00fcrde.<\/p>\n<p>Au\u00dferdem kann die Einnahme von Droxidopa gef\u00e4hrlich sein. Sprechen Sie mit Ihrem Arzt oder einer anderen medizinischen Fachkraft<\/p>\n<p>Und nicht nur das: Wenn einer dieser Punkte auf Sie zutrifft, sollten Sie sich sofort mit dem Anbieter in Verbindung setzen. <a href=\"https:\/\/www.google.com\/search?q=Buy+Ketamine+Crystal+Online&amp;sca_esv=7d1b82273738a5db&amp;sxsrf=AHTn8zpP-mpLnmrRf2_jSzjg2BV0aqQ2Aw%3A1742907647616&amp;ei=_6jiZ5WrJeHgseMPxOPN-QQ&amp;ved=0ahUKEwjVptn5pKWMAxVhcGwGHcRxM08Q4dUDCA8&amp;uact=5&amp;oq=Buy+Ketamine+Crystal+Online&amp;gs_lp=Egxnd3Mtd2l6LXNlcnAiG0J1eSBLZXRhbWluZSBDcnlzdGFsIE9ubGluZUjACVCdA1idA3ABeACQAQCYAbkBoAG5AaoBAzAuMbgBA8gBAPgBAfgBApgCAaACGagCFMICBxAjGCcY6gLCAhAQABgDGLQCGOoCGI8B2AEBmAMZ8QUQhxj9l7gZCLoGBggBEAEYCpIHATGgB0-yBwC4BwA&amp;sclient=gws-wiz-serp\">Ketaminpulver online kaufen<\/a><\/p>\n<p>Sie k\u00f6nnen Ketamin jedoch online aus Indien, Kanada und den Vereinigten Staaten beziehen.<\/p>\n<p>Im Gegensatz zu chinesischen <a href=\"https:\/\/www.bing.com\/search?q=Buy%20Ketamine%20Crystal%20Online&amp;qs=n&amp;form=QBRE&amp;sp=-1&amp;lq=0&amp;pq=buy%20ketamine%20crystal%20online&amp;sc=0-27&amp;sk=&amp;cvid=B48FCD6A63BA41FEA8E70E332D5821C8&amp;ghsh=0&amp;ghacc=0&amp;ghpl=\">Ketaminlieferanten und Online-Ketaminverkauf<\/a>,<\/p>\n<p>Wo kann ich Ketamin kaufen, ist es m\u00f6glich, <a href=\"https:\/\/www.google.com\/search?q=Buy+Ketamine+Crystal+Online&amp;sca_esv=7d1b82273738a5db&amp;sxsrf=AHTn8zpP-mpLnmrRf2_jSzjg2BV0aqQ2Aw%3A1742907647616&amp;ei=_6jiZ5WrJeHgseMPxOPN-QQ&amp;ved=0ahUKEwjVptn5pKWMAxVhcGwGHcRxM08Q4dUDCA8&amp;uact=5&amp;oq=Buy+Ketamine+Crystal+Online&amp;gs_lp=Egxnd3Mtd2l6LXNlcnAiG0J1eSBLZXRhbWluZSBDcnlzdGFsIE9ubGluZUjACVCdA1idA3ABeACQAQCYAbkBoAG5AaoBAzAuMbgBA8gBAPgBAfgBApgCAaACGagCFMICBxAjGCcY6gLCAhAQABgDGLQCGOoCGI8B2AEBmAMZ8QUQhxj9l7gZCLoGBggBEAEYCpIHATGgB0-yBwC4BwA&amp;sclient=gws-wiz-serp\">buy ketamine online<\/a>, und wo kann ich fl\u00fcssiges Ketamin online kaufen?<\/p>","protected":false},"excerpt":{"rendered":"<p>Buy Ketamine Crystal Buy Ketamine crystals online Where to Buy Ketamine HCL Crystal Powder Firstly Ketamine is a dissociative anesthetic used in human anesthesia and veterinary medicine. Hallucinogens include dissociative medications (buy ketamine hcl crystal powder). Additionally, it makes one feel removed from reality. The majority of ketamine sold on the The street leading to [&hellip;]<\/p>","protected":false},"featured_media":19465,"comment_status":"open","ping_status":"closed","template":"","meta":{"_joinchat":[]},"product_brand":[],"product_cat":[1325],"product_tag":[],"class_list":{"0":"post-19450","1":"product","2":"type-product","3":"status-publish","4":"has-post-thumbnail","6":"product_cat-buy-ketamine-online","8":"first","9":"instock","10":"shipping-taxable","11":"purchasable","12":"product-type-variable","13":"add-to-wishlist-after_add_to_cart"},"yoast_head":"<!-- This site is optimized with the Yoast SEO plugin v25.9 - https:\/\/yoast.com\/wordpress\/plugins\/seo\/ -->\n<title>Buy Ketamine Crystal Online - Narco Powders<\/title>\n<meta name=\"description\" content=\"Buy Ketamine Crystal, Medical Grade Ketamine Liquid\/Powder\/Rock\/Sugar Online Ketamine is a white, crystalline powder or clear liquid. order Ketamine Crystal\" \/>\n<meta name=\"robots\" content=\"index, follow, max-snippet:-1, max-image-preview:large, max-video-preview:-1\" \/>\n<link rel=\"canonical\" href=\"https:\/\/narcopowders.com\/de\/produkt\/ketamin-kristall-kaufen\/\" \/>\n<meta property=\"og:locale\" content=\"de_DE\" \/>\n<meta property=\"og:type\" content=\"article\" \/>\n<meta property=\"og:title\" content=\"Buy Ketamine Crystal Online - Narco Powders\" \/>\n<meta property=\"og:description\" content=\"Buy Ketamine Crystal, Medical Grade Ketamine Liquid\/Powder\/Rock\/Sugar Online Ketamine is a white, crystalline powder or clear liquid. order Ketamine Crystal\" \/>\n<meta property=\"og:url\" content=\"https:\/\/narcopowders.com\/de\/produkt\/ketamin-kristall-kaufen\/\" \/>\n<meta property=\"og:site_name\" content=\"Narco Powders\" \/>\n<meta property=\"article:modified_time\" content=\"2025-09-25T08:07:37+00:00\" \/>\n<meta property=\"og:image\" content=\"https:\/\/narcopowders.com\/wp-content\/uploads\/2023\/07\/Buy-Ketamine-Crystal.jpg\" \/>\n\t<meta property=\"og:image:width\" content=\"600\" \/>\n\t<meta property=\"og:image:height\" content=\"600\" \/>\n\t<meta property=\"og:image:type\" content=\"image\/jpeg\" \/>\n<meta name=\"twitter:card\" content=\"summary_large_image\" \/>\n<meta name=\"twitter:label1\" content=\"Gesch\u00e4tzte Lesezeit\" \/>\n\t<meta name=\"twitter:data1\" content=\"2\u00a0Minuten\" \/>\n<!-- \/ Yoast SEO plugin. -->","yoast_head_json":{"title":"Buy Ketamine Crystal Online - Narco Powders","description":"Kaufen Sie Ketamin Crystal, Medical Grade Ketamine Liquid\/Powder\/Rock\/Sugar Online Ketamin ist ein wei\u00dfes, kristallines Pulver oder eine klare Fl\u00fcssigkeit. bestellen Sie Ketamine Crystal","robots":{"index":"index","follow":"follow","max-snippet":"max-snippet:-1","max-image-preview":"max-image-preview:large","max-video-preview":"max-video-preview:-1"},"canonical":"https:\/\/narcopowders.com\/de\/produkt\/ketamin-kristall-kaufen\/","og_locale":"de_DE","og_type":"article","og_title":"Buy Ketamine Crystal Online - Narco Powders","og_description":"Buy Ketamine Crystal, Medical Grade Ketamine Liquid\/Powder\/Rock\/Sugar Online Ketamine is a white, crystalline powder or clear liquid. order Ketamine Crystal","og_url":"https:\/\/narcopowders.com\/de\/produkt\/ketamin-kristall-kaufen\/","og_site_name":"Narco Powders","article_modified_time":"2025-09-25T08:07:37+00:00","og_image":[{"width":600,"height":600,"url":"https:\/\/narcopowders.com\/wp-content\/uploads\/2023\/07\/Buy-Ketamine-Crystal.jpg","type":"image\/jpeg"}],"twitter_card":"summary_large_image","twitter_misc":{"Gesch\u00e4tzte Lesezeit":"2\u00a0Minuten"},"schema":{"@context":"https:\/\/schema.org","@graph":[{"@type":"WebPage","@id":"https:\/\/narcopowders.com\/product\/buy-ketamine-crystal\/","url":"https:\/\/narcopowders.com\/product\/buy-ketamine-crystal\/","name":"Buy Ketamine Crystal Online - Narco Powders","isPartOf":{"@id":"https:\/\/narcopowders.com\/#website"},"primaryImageOfPage":{"@id":"https:\/\/narcopowders.com\/product\/buy-ketamine-crystal\/#primaryimage"},"image":{"@id":"https:\/\/narcopowders.com\/product\/buy-ketamine-crystal\/#primaryimage"},"thumbnailUrl":"https:\/\/narcopowders.com\/wp-content\/uploads\/2023\/07\/Buy-Ketamine-Crystal.jpg","datePublished":"2023-07-29T08:09:13+00:00","dateModified":"2025-09-25T08:07:37+00:00","description":"Kaufen Sie Ketamin Crystal, Medical Grade Ketamine Liquid\/Powder\/Rock\/Sugar Online Ketamin ist ein wei\u00dfes, kristallines Pulver oder eine klare Fl\u00fcssigkeit. bestellen Sie Ketamine Crystal","breadcrumb":{"@id":"https:\/\/narcopowders.com\/product\/buy-ketamine-crystal\/#breadcrumb"},"inLanguage":"de","potentialAction":[{"@type":"ReadAction","target":["https:\/\/narcopowders.com\/product\/buy-ketamine-crystal\/"]}]},{"@type":"ImageObject","inLanguage":"de","@id":"https:\/\/narcopowders.com\/product\/buy-ketamine-crystal\/#primaryimage","url":"https:\/\/narcopowders.com\/wp-content\/uploads\/2023\/07\/Buy-Ketamine-Crystal.jpg","contentUrl":"https:\/\/narcopowders.com\/wp-content\/uploads\/2023\/07\/Buy-Ketamine-Crystal.jpg","width":600,"height":600,"caption":"Buy-Ketamine-Crystal"},{"@type":"BreadcrumbList","@id":"https:\/\/narcopowders.com\/product\/buy-ketamine-crystal\/#breadcrumb","itemListElement":[{"@type":"ListItem","position":1,"name":"Home","item":"https:\/\/narcopowders.com\/"},{"@type":"ListItem","position":2,"name":"Shop Page","item":"https:\/\/narcopowders.com\/shop\/"},{"@type":"ListItem","position":3,"name":"Buy Ketamine Crystal Online"}]},{"@type":"WebSite","@id":"https:\/\/narcopowders.com\/#website","url":"https:\/\/narcopowders.com\/","name":"Narco-Pulver","description":"Mein WordPress-Blog","potentialAction":[{"@type":"SearchAction","target":{"@type":"EntryPoint","urlTemplate":"https:\/\/narcopowders.com\/?s={search_term_string}"},"query-input":{"@type":"PropertyValueSpecification","valueRequired":true,"valueName":"search_term_string"}}],"inLanguage":"de"}]}},"_links":{"self":[{"href":"https:\/\/narcopowders.com\/de\/wp-json\/wp\/v2\/product\/19450","targetHints":{"allow":["GET"]}}],"collection":[{"href":"https:\/\/narcopowders.com\/de\/wp-json\/wp\/v2\/product"}],"about":[{"href":"https:\/\/narcopowders.com\/de\/wp-json\/wp\/v2\/types\/product"}],"replies":[{"embeddable":true,"href":"https:\/\/narcopowders.com\/de\/wp-json\/wp\/v2\/comments?post=19450"}],"wp:featuredmedia":[{"embeddable":true,"href":"https:\/\/narcopowders.com\/de\/wp-json\/wp\/v2\/media\/19465"}],"wp:attachment":[{"href":"https:\/\/narcopowders.com\/de\/wp-json\/wp\/v2\/media?parent=19450"}],"wp:term":[{"taxonomy":"product_brand","embeddable":true,"href":"https:\/\/narcopowders.com\/de\/wp-json\/wp\/v2\/product_brand?post=19450"},{"taxonomy":"product_cat","embeddable":true,"href":"https:\/\/narcopowders.com\/de\/wp-json\/wp\/v2\/product_cat?post=19450"},{"taxonomy":"product_tag","embeddable":true,"href":"https:\/\/narcopowders.com\/de\/wp-json\/wp\/v2\/product_tag?post=19450"}],"curies":[{"name":"wp","href":"https:\/\/api.w.org\/{rel}","templated":true}]}}