{"id":19468,"date":"2023-07-29T08:57:44","date_gmt":"2023-07-29T08:57:44","guid":{"rendered":"https:\/\/narcopowders.com\/?post_type=product&#038;p=19468"},"modified":"2025-09-25T07:58:02","modified_gmt":"2025-09-25T07:58:02","slug":"buy-ketamine-crystal-rock","status":"publish","type":"product","link":"https:\/\/narcopowders.com\/de\/produkt\/ketamin-crystal-rock-kaufen\/","title":{"rendered":"Buy Ketamine Crystal Rock Online"},"content":{"rendered":"<h2>Ketamin Crystal Rock kaufen<\/h2>\n<p><a href=\"https:\/\/narcopowders.com\/de\/produkt\/ketamin-crystal-rock-kaufen\/\">Ketamin Crystal Rock online kaufen<\/a><\/p>\n<p><a href=\"https:\/\/en.wikipedia.org\/wiki\/Ketamine\">Ketamin Crystal Rock online kaufen<\/a> ist ein Medikament, das haupts\u00e4chlich in der An\u00e4sthesie eingesetzt wird. Andere Anwendungen sind chronische Schmerzen und Sedierung in der Intensivpflege.<\/p>\n<p>Das abrupte Hoch von <a href=\"https:\/\/narcopowders.com\/de\/produkt\/ketamin-crystal-rock-kaufen\/\">Ketamin HCL<\/a> Der schnelle Rausch, den Ketamin verursacht, h\u00e4lt etwa eine Stunde lang an. Er beginnt 2 bis 5 Minuten nach dem Rauchen oder der Einnahme der Dosis. Bei einer Injektion tritt er etwa 30 Sekunden nach der Injektion ein.<\/p>\n<p>Das \u00fcberw\u00e4ltigende Gef\u00fchl der Entspannung, das der Nutzer in seinem ersten Rausch erlebt, wird h\u00e4ufig als Ganzk\u00f6rperrausch bezeichnet. Manche Konsumenten sagen, sie h\u00e4tten das Gef\u00fchl, zu schweben, und manche sagen sogar, sie h\u00e4tten das Gef\u00fchl, nicht in ihrem K\u00f6rper zu sein. Halluzinationen sind \u00fcblich und halten oft l\u00e4nger an als die Wirkung der Narkose.<a href=\"https:\/\/www.google.com\/search?q=Buy+Ketamine+Crystal+Rock+Online&amp;sca_esv=7d1b82273738a5db&amp;sxsrf=AHTn8zr3HBGVOAtLOqJfxtiPIVxAbwGqJg%3A1742907805129&amp;ei=naniZ-7SB6-VseMPltDB2QM&amp;ved=0ahUKEwiulefEpaWMAxWvSmwGHRZoMDsQ4dUDCA8&amp;uact=5&amp;oq=Buy+Ketamine+Crystal+Rock+Online&amp;gs_lp=Egxnd3Mtd2l6LXNlcnAiIEJ1eSBLZXRhbWluZSBDcnlzdGFsIFJvY2sgT25saW5lSL8SUABYAHAAeACQAQCYAbYCoAG2AqoBAzMtMbgBA8gBAPgBAvgBAZgCAKACAJgDAJIHAKAHVLIHALgHAA&amp;sclient=gws-wiz-serp\">Kaufen Sie Crystal Rock Ketamin<\/a><\/p>\n<p>Benutzer haben von einer vollst\u00e4ndigen und totalen Trennung von ihrem K\u00f6rper als Folge der <a href=\"https:\/\/www.bing.com\/search?q=Buy%20Ketamine%20Crystal%20Rock%20Online&amp;qs=n&amp;form=QBRE&amp;sp=-1&amp;lq=0&amp;pq=buy%20ketamine%20crystal%20rock%20online&amp;sc=0-32&amp;sk=&amp;cvid=6B9B6C1E7C4A4175B1918ED74CAB4531&amp;ghsh=0&amp;ghacc=0&amp;ghpl=\">more severe effects<\/a> Konsumenten haben berichtet, dass sie sich aufgrund der schwereren Wirkungen, die h\u00f6here Dosen hervorrufen k\u00f6nnen, vollst\u00e4ndig von ihrem K\u00f6rper l\u00f6sen. Die Effekte \u00e4hneln denen, die Menschen mit Nahtod-Erfahrungen beschrieben haben, und es ist, als w\u00e4re man im \"K-Loch\"<\/p>\n<p>Recent advances in <a href=\"https:\/\/www.bing.com\/search?q=Buy%20Ketamine%20Crystal%20Rock%20Online&amp;qs=n&amp;form=QBRE&amp;sp=-1&amp;lq=0&amp;pq=buy%20ketamine%20crystal%20rock%20online&amp;sc=0-32&amp;sk=&amp;cvid=6B9B6C1E7C4A4175B1918ED74CAB4531&amp;ghsh=0&amp;ghacc=0&amp;ghpl=\">Ketaminforschung betont die Vorteile<\/a> Die j\u00fcngsten Fortschritte in der Ketaminforschung unterstreichen die Vorteile, die Ketamin f\u00fcr depressive Menschen bietet. Vor allem f\u00fcr diejenigen, die verschiedene Antidepressiva ausprobiert haben, aber nicht erfolgreich waren. Im Vergleich zu SSRI, die \u00fcblicherweise zur Behandlung von Depressionen empfohlen werden, funktioniert Ketamin im Gehirn anders. Einmal kontrolliert, wirkt Ketamin schnell.<\/p>\n<p>Ketamin hat 40 Minuten nach der Verabreichung eine deutlich stimulierende Wirkung. J\u00fcngste Forschungen zeigen \"eine enorme Verbesserung der l\u00e4stigen Nebenwirkungen innerhalb von 24 Stunden nach der Verabreichung von Ketamin im Vergleich zu einer Scheinbehandlung\", hei\u00dft es in der Ver\u00f6ffentlichung. <a href=\"https:\/\/duckduckgo.com\/?q=Buy+Ketamine+Crystal+Rock+Online&amp;t=h_&amp;ia=web\">Ketamin im Vergleich zur Scheinbehandlung<\/a>,&#8221; according to the publication.<\/p>\n<p>Inhaliertes Ketamin zeigte kaum psychotomimetische oder dissoziative Wirkungen.<\/p>\n<p>With the right <a href=\"https:\/\/www.google.com\/search?q=Buy+Ketamine+Crystal+Rock+Online&amp;sca_esv=7d1b82273738a5db&amp;sxsrf=AHTn8zr3HBGVOAtLOqJfxtiPIVxAbwGqJg%3A1742907805129&amp;ei=naniZ-7SB6-VseMPltDB2QM&amp;ved=0ahUKEwiulefEpaWMAxWvSmwGHRZoMDsQ4dUDCA8&amp;uact=5&amp;oq=Buy+Ketamine+Crystal+Rock+Online&amp;gs_lp=Egxnd3Mtd2l6LXNlcnAiIEJ1eSBLZXRhbWluZSBDcnlzdGFsIFJvY2sgT25saW5lSL8SUABYAHAAeACQAQCYAbYCoAG2AqoBAzMtMbgBA8gBAPgBAvgBAZgCAKACAJgDAJIHAKAHVLIHALgHAA&amp;sclient=gws-wiz-serp\">ketamine administration technique<\/a>, this drug can help the brain promote new neuronal connections and <a href=\"https:\/\/duckduckgo.com\/?q=Buy+Ketamine+Crystal+Rock+Online&amp;t=h_&amp;ia=web\">provide long-term relief<\/a>.<\/p>","protected":false},"excerpt":{"rendered":"<p>Buy Ketamine Crystal Rock Buy Ketamine Crystal Rock online Buy Ketamine Crystal Rock online is a drug used primarily in anesthesia. Other applications include chronic pain and sedation in intensive care. The abrupt high from ketamine HCL lasts for roughly an hour. It begins 2 to 5 minutes after smoking or ingesting the dose. When [&hellip;]<\/p>","protected":false},"featured_media":19500,"comment_status":"open","ping_status":"closed","template":"","meta":{"_joinchat":[]},"product_brand":[],"product_cat":[1325],"product_tag":[],"class_list":{"0":"post-19468","1":"product","2":"type-product","3":"status-publish","4":"has-post-thumbnail","6":"product_cat-buy-ketamine-online","8":"first","9":"instock","10":"shipping-taxable","11":"purchasable","12":"product-type-variable","13":"has-default-attributes","14":"add-to-wishlist-after_add_to_cart"},"yoast_head":"<!-- This site is optimized with the Yoast SEO plugin v25.9 - https:\/\/yoast.com\/wordpress\/plugins\/seo\/ -->\n<title>Buy Ketamine Crystal Rock Online - Narco Powders<\/title>\n<meta name=\"robots\" content=\"index, follow, max-snippet:-1, max-image-preview:large, max-video-preview:-1\" \/>\n<link rel=\"canonical\" href=\"https:\/\/narcopowders.com\/de\/produkt\/ketamin-crystal-rock-kaufen\/\" \/>\n<meta property=\"og:locale\" content=\"de_DE\" \/>\n<meta property=\"og:type\" content=\"article\" \/>\n<meta property=\"og:title\" content=\"Buy Ketamine Crystal Rock Online - Narco Powders\" \/>\n<meta property=\"og:description\" content=\"Buy Ketamine Crystal Rock Buy Ketamine Crystal Rock online Buy Ketamine Crystal Rock online is a drug used primarily in anesthesia. Other applications include chronic pain and sedation in intensive care. The abrupt high from ketamine HCL lasts for roughly an hour. It begins 2 to 5 minutes after smoking or ingesting the dose. When [&hellip;]\" \/>\n<meta property=\"og:url\" content=\"https:\/\/narcopowders.com\/de\/produkt\/ketamin-crystal-rock-kaufen\/\" \/>\n<meta property=\"og:site_name\" content=\"Narco Powders\" \/>\n<meta property=\"article:modified_time\" content=\"2025-09-25T07:58:02+00:00\" \/>\n<meta property=\"og:image\" content=\"https:\/\/narcopowders.com\/wp-content\/uploads\/2023\/07\/Buy-Ketamine-Crystal-Rock.jpg\" \/>\n\t<meta property=\"og:image:width\" content=\"600\" \/>\n\t<meta property=\"og:image:height\" content=\"600\" \/>\n\t<meta property=\"og:image:type\" content=\"image\/jpeg\" \/>\n<meta name=\"twitter:card\" content=\"summary_large_image\" \/>\n<meta name=\"twitter:label1\" content=\"Gesch\u00e4tzte Lesezeit\" \/>\n\t<meta name=\"twitter:data1\" content=\"2\u00a0Minuten\" \/>\n<!-- \/ Yoast SEO plugin. -->","yoast_head_json":{"title":"Buy Ketamine Crystal Rock Online - Narco Powders","robots":{"index":"index","follow":"follow","max-snippet":"max-snippet:-1","max-image-preview":"max-image-preview:large","max-video-preview":"max-video-preview:-1"},"canonical":"https:\/\/narcopowders.com\/de\/produkt\/ketamin-crystal-rock-kaufen\/","og_locale":"de_DE","og_type":"article","og_title":"Buy Ketamine Crystal Rock Online - Narco Powders","og_description":"Buy Ketamine Crystal Rock Buy Ketamine Crystal Rock online Buy Ketamine Crystal Rock online is a drug used primarily in anesthesia. Other applications include chronic pain and sedation in intensive care. The abrupt high from ketamine HCL lasts for roughly an hour. It begins 2 to 5 minutes after smoking or ingesting the dose. When [&hellip;]","og_url":"https:\/\/narcopowders.com\/de\/produkt\/ketamin-crystal-rock-kaufen\/","og_site_name":"Narco Powders","article_modified_time":"2025-09-25T07:58:02+00:00","og_image":[{"width":600,"height":600,"url":"https:\/\/narcopowders.com\/wp-content\/uploads\/2023\/07\/Buy-Ketamine-Crystal-Rock.jpg","type":"image\/jpeg"}],"twitter_card":"summary_large_image","twitter_misc":{"Gesch\u00e4tzte Lesezeit":"2\u00a0Minuten"},"schema":{"@context":"https:\/\/schema.org","@graph":[{"@type":"WebPage","@id":"https:\/\/narcopowders.com\/product\/buy-ketamine-crystal-rock\/","url":"https:\/\/narcopowders.com\/product\/buy-ketamine-crystal-rock\/","name":"Buy Ketamine Crystal Rock Online - Narco Powders","isPartOf":{"@id":"https:\/\/narcopowders.com\/#website"},"primaryImageOfPage":{"@id":"https:\/\/narcopowders.com\/product\/buy-ketamine-crystal-rock\/#primaryimage"},"image":{"@id":"https:\/\/narcopowders.com\/product\/buy-ketamine-crystal-rock\/#primaryimage"},"thumbnailUrl":"https:\/\/narcopowders.com\/wp-content\/uploads\/2023\/07\/Buy-Ketamine-Crystal-Rock.jpg","datePublished":"2023-07-29T08:57:44+00:00","dateModified":"2025-09-25T07:58:02+00:00","breadcrumb":{"@id":"https:\/\/narcopowders.com\/product\/buy-ketamine-crystal-rock\/#breadcrumb"},"inLanguage":"de","potentialAction":[{"@type":"ReadAction","target":["https:\/\/narcopowders.com\/product\/buy-ketamine-crystal-rock\/"]}]},{"@type":"ImageObject","inLanguage":"de","@id":"https:\/\/narcopowders.com\/product\/buy-ketamine-crystal-rock\/#primaryimage","url":"https:\/\/narcopowders.com\/wp-content\/uploads\/2023\/07\/Buy-Ketamine-Crystal-Rock.jpg","contentUrl":"https:\/\/narcopowders.com\/wp-content\/uploads\/2023\/07\/Buy-Ketamine-Crystal-Rock.jpg","width":600,"height":600,"caption":"Buy-Ketamine-Crystal-Rock online"},{"@type":"BreadcrumbList","@id":"https:\/\/narcopowders.com\/product\/buy-ketamine-crystal-rock\/#breadcrumb","itemListElement":[{"@type":"ListItem","position":1,"name":"Home","item":"https:\/\/narcopowders.com\/"},{"@type":"ListItem","position":2,"name":"Shop Page","item":"https:\/\/narcopowders.com\/shop\/"},{"@type":"ListItem","position":3,"name":"Buy Ketamine Crystal Rock Online"}]},{"@type":"WebSite","@id":"https:\/\/narcopowders.com\/#website","url":"https:\/\/narcopowders.com\/","name":"Narco-Pulver","description":"Mein WordPress-Blog","potentialAction":[{"@type":"SearchAction","target":{"@type":"EntryPoint","urlTemplate":"https:\/\/narcopowders.com\/?s={search_term_string}"},"query-input":{"@type":"PropertyValueSpecification","valueRequired":true,"valueName":"search_term_string"}}],"inLanguage":"de"}]}},"_links":{"self":[{"href":"https:\/\/narcopowders.com\/de\/wp-json\/wp\/v2\/product\/19468","targetHints":{"allow":["GET"]}}],"collection":[{"href":"https:\/\/narcopowders.com\/de\/wp-json\/wp\/v2\/product"}],"about":[{"href":"https:\/\/narcopowders.com\/de\/wp-json\/wp\/v2\/types\/product"}],"replies":[{"embeddable":true,"href":"https:\/\/narcopowders.com\/de\/wp-json\/wp\/v2\/comments?post=19468"}],"wp:featuredmedia":[{"embeddable":true,"href":"https:\/\/narcopowders.com\/de\/wp-json\/wp\/v2\/media\/19500"}],"wp:attachment":[{"href":"https:\/\/narcopowders.com\/de\/wp-json\/wp\/v2\/media?parent=19468"}],"wp:term":[{"taxonomy":"product_brand","embeddable":true,"href":"https:\/\/narcopowders.com\/de\/wp-json\/wp\/v2\/product_brand?post=19468"},{"taxonomy":"product_cat","embeddable":true,"href":"https:\/\/narcopowders.com\/de\/wp-json\/wp\/v2\/product_cat?post=19468"},{"taxonomy":"product_tag","embeddable":true,"href":"https:\/\/narcopowders.com\/de\/wp-json\/wp\/v2\/product_tag?post=19468"}],"curies":[{"name":"wp","href":"https:\/\/api.w.org\/{rel}","templated":true}]}}