{"id":19470,"date":"2023-07-29T08:57:33","date_gmt":"2023-07-29T08:57:33","guid":{"rendered":"https:\/\/narcopowders.com\/?post_type=product&#038;p=19470"},"modified":"2025-09-25T08:12:30","modified_gmt":"2025-09-25T08:12:30","slug":"buy-ketamine-liquid-500mg-10ml","status":"publish","type":"product","link":"https:\/\/narcopowders.com\/de\/produkt\/kaufen-ketamin-flussigkeit-500mg-10ml\/","title":{"rendered":"Ketamin Fl\u00fcssigkeit 500mg\/10ml kaufen"},"content":{"rendered":"<h2>Ketamin Fl\u00fcssigkeit 500mg\/10ml kaufen<\/h2>\n<p><strong>Ketamin 500 mg\/10 ml | Ketamin Liquid zu verkaufen<\/strong><\/p>\n<p>Wir sind derzeit ein Top-Anbieter von <a href=\"https:\/\/narcopowders.com\/de\/produkt\/kaufen-ketamin-flussigkeit-500mg-10ml\/\">Calypsol Ketamine Hcl<\/a>\u00a0 use in medicine and research. Additionally, <a href=\"https:\/\/en.wikipedia.org\/wiki\/Ketamine\">We is authorised to transport legally all over the world<\/a>. Wenn Sie sich in einem riskanten Szenario befinden, kann es gef\u00e4hrlich sein. Daher gibt es einige spezifische Details zu <a href=\"https:\/\/narcopowders.com\/de\/\">Ketamin<\/a> die wichtig zu wissen sind. Wenn Sie st\u00e4ndig K nehmen und glauben, dass Sie ein Experte in allem sind<a href=\"https:\/\/en.wikipedia.org\/wiki\/Ketamine\">.<\/a><\/p>\n<h3>KETAMIN 500 mg\/10 ml ZUM VERKAUF BESTELLEN<\/h3>\n<p><a href=\"https:\/\/duckduckgo.com\/?q=Buy+Ketamine+Liquid+500mg%2F10ml+online&amp;t=h_&amp;ia=web\">Ketamin<\/a> wird bekanntlich durch die Umleitung von <a href=\"https:\/\/www.bing.com\/search?q=Buy%20Ketamine%20Liquid%20500mg%2F10ml%20online&amp;qs=n&amp;form=QBRE&amp;sp=-1&amp;lq=0&amp;pq=buy%20ketamine%20liquid%20500mg%2F10ml%20online&amp;sc=0-37&amp;sk=&amp;cvid=0EC77725CE214E038A859FEA76F0E8EB&amp;ghsh=0&amp;ghacc=0&amp;ghpl=\">prescription drugs<\/a>Es ist bekannt, dass Ketamin durch die Abzweigung von verschreibungspflichtigen Medikamenten beschafft werden kann. Infolgedessen kam es zu Diebst\u00e4hlen von Ketaminvorr\u00e4ten aus Tierarztpraxen<a href=\"https:\/\/narcopowders.com\/de\/produkt\/kolumbianisches-kokain\/\">.<\/a><\/p>\n<p>Eine Dosis von 1 bis 2 mg pro kg K\u00f6rpergewicht verursacht starke halluzinogene und dissoziative Effekte, die etwa eine Stunde anhalten. Zus\u00e4tzlich werden Levitation, Stimulation und visuelle Effekte beobachtet. <a href=\"https:\/\/www.google.com\/search?q=Buy+Ketamine+Liquid+500mg%2F10ml+online&amp;sca_esv=2a2a93e8be91f013&amp;sxsrf=AHTn8zqcEInv9wi3fiWT2jsf8SaBU4IP7w%3A1742968978536&amp;ei=kpjjZ6GrIKDtseMPmuyQoQ0&amp;ved=0ahUKEwihvMe2iaeMAxWgdmwGHRo2JNQQ4dUDCA8&amp;uact=5&amp;oq=Buy+Ketamine+Liquid+500mg%2F10ml+online&amp;gs_lp=Egxnd3Mtd2l6LXNlcnAiJUJ1eSBLZXRhbWluZSBMaXF1aWQgNTAwbWcvMTBtbCBvbmxpbmVIqwVQAFgAcAB4AJABAJgBrgKgAa4CqgEDMy0xuAEDyAEA-AEC-AEBmAIAoAIAmAMAkgcAoAdZsgcAuAcA&amp;sclient=gws-wiz-serp\">all possible sensations<\/a>, Stimulation und visuelle Effekte m\u00f6gliche Empfindungen. Das \"K-Loch\" kann daher bei h\u00f6heren Dosen auftreten. Au\u00dferdem wird angenommen, dass die Konsumenten eine \"au\u00dferk\u00f6rperliche\" oder \"Nahtod\"-Erfahrung simulieren und der v\u00f6lligen Benommenheit nahe sind. Hohe Dosen k\u00f6nnen eine Bedrohung darstellen, indem sie die Atmung beeintr\u00e4chtigen und zu schwerer Verwirrung, Schwindel, Gleichgewichtsst\u00f6rungen, undeutlicher Sprache, Muskelkr\u00e4mpfen oder -schw\u00e4che, Sehst\u00f6rungen, \u00dcbelkeit und Erbrechen f\u00fchren. Ketamin online kaufen | Ketamin online kaufen | Calypsol Ketamin Hcl bestellen<a href=\"https:\/\/www.bing.com\/search?q=Buy%20Ketamine%20Liquid%20500mg%2F10ml%20online&amp;qs=n&amp;form=QBRE&amp;sp=-1&amp;lq=0&amp;pq=buy%20ketamine%20liquid%20500mg%2F10ml%20online&amp;sc=0-37&amp;sk=&amp;cvid=0EC77725CE214E038A859FEA76F0E8EB&amp;ghsh=0&amp;ghacc=0&amp;ghpl=\">Order Calypsol Ketamine Hcl<\/a><\/p>\n<h3>ZU VERKAUFEN: KETAMIN 500 MG\/10 ML<\/h3>\n<p>How to get ketamine online and where to <a href=\"https:\/\/duckduckgo.com\/?q=Buy+Ketamine+Liquid+500mg%2F10ml+online&amp;t=h_&amp;ia=web\">buy cheap ketamine<\/a>. Additionally, <a href=\"https:\/\/www.google.com\/search?q=Buy+Ketamine+Liquid+500mg%2F10ml+online&amp;sca_esv=2a2a93e8be91f013&amp;sxsrf=AHTn8zqcEInv9wi3fiWT2jsf8SaBU4IP7w%3A1742968978536&amp;ei=kpjjZ6GrIKDtseMPmuyQoQ0&amp;ved=0ahUKEwihvMe2iaeMAxWgdmwGHRo2JNQQ4dUDCA8&amp;uact=5&amp;oq=Buy+Ketamine+Liquid+500mg%2F10ml+online&amp;gs_lp=Egxnd3Mtd2l6LXNlcnAiJUJ1eSBLZXRhbWluZSBMaXF1aWQgNTAwbWcvMTBtbCBvbmxpbmVIqwVQAFgAcAB4AJABAJgBrgKgAa4CqgEDMy0xuAEDyAEA-AEC-AEBmAIAoAIAmAMAkgcAoAdZsgcAuAcA&amp;sclient=gws-wiz-serp\">buy ketamine online usa<\/a>Wie man Ketamin online bekommt und wo man g\u00fcnstig Ketamin kaufen kann. Dar\u00fcber hinaus kaufen Ketamin online usa, kaufen Ketamin online ohne Rezept, Online-Kauf, Kauf Ketamin online, und kaufen Ketamin zum Verkauf. Ketamin<a href=\"https:\/\/narcopowders.com\/de\/\">.<\/a><\/p>","protected":false},"excerpt":{"rendered":"<p>Buy Ketamine Liquid 500mg\/10ml ketamine 500 mg\/10 ml | Ketamine Liquid for sale We are currently a top provider of Calypsol Ketamine Hcl\u00a0 use in medicine and research. Additionally, We is authorised to transport legally all over the world. Additionally, if you find yourself in a risky scenario, it may be dangerous. Therefore, there are [&hellip;]<\/p>","protected":false},"featured_media":19502,"comment_status":"open","ping_status":"closed","template":"","meta":{"_joinchat":[]},"product_brand":[],"product_cat":[1325],"product_tag":[],"class_list":{"0":"post-19470","1":"product","2":"type-product","3":"status-publish","4":"has-post-thumbnail","6":"product_cat-buy-ketamine-online","8":"first","9":"instock","10":"shipping-taxable","11":"purchasable","12":"product-type-variable","13":"add-to-wishlist-after_add_to_cart"},"yoast_head":"<!-- This site is optimized with the Yoast SEO plugin v25.9 - https:\/\/yoast.com\/wordpress\/plugins\/seo\/ -->\n<title>ketamine 500 mg\/10 ml - Narco Powders<\/title>\n<meta name=\"description\" content=\"ketamine 500 mg\/10 ml, Buy Calypsol Ketamine Hcl 500mg 10ml With Bitcoin Online-Work only needs 10-30 minutes of working time per day,\" \/>\n<meta name=\"robots\" content=\"index, follow, max-snippet:-1, max-image-preview:large, max-video-preview:-1\" \/>\n<link rel=\"canonical\" href=\"https:\/\/narcopowders.com\/de\/produkt\/kaufen-ketamin-flussigkeit-500mg-10ml\/\" \/>\n<meta property=\"og:locale\" content=\"de_DE\" \/>\n<meta property=\"og:type\" content=\"article\" \/>\n<meta property=\"og:title\" content=\"ketamine 500 mg\/10 ml - Narco Powders\" \/>\n<meta property=\"og:description\" content=\"ketamine 500 mg\/10 ml, Buy Calypsol Ketamine Hcl 500mg 10ml With Bitcoin Online-Work only needs 10-30 minutes of working time per day,\" \/>\n<meta property=\"og:url\" content=\"https:\/\/narcopowders.com\/de\/produkt\/kaufen-ketamin-flussigkeit-500mg-10ml\/\" \/>\n<meta property=\"og:site_name\" content=\"Narco Powders\" \/>\n<meta property=\"article:modified_time\" content=\"2025-09-25T08:12:30+00:00\" \/>\n<meta property=\"og:image\" content=\"https:\/\/narcopowders.com\/wp-content\/uploads\/2023\/07\/Buy-Ketamine-Liquid.jpg\" \/>\n\t<meta property=\"og:image:width\" content=\"600\" \/>\n\t<meta property=\"og:image:height\" content=\"600\" \/>\n\t<meta property=\"og:image:type\" content=\"image\/jpeg\" \/>\n<meta name=\"twitter:card\" content=\"summary_large_image\" \/>\n<meta name=\"twitter:label1\" content=\"Gesch\u00e4tzte Lesezeit\" \/>\n\t<meta name=\"twitter:data1\" content=\"2\u00a0Minuten\" \/>\n<!-- \/ Yoast SEO plugin. -->","yoast_head_json":{"title":"Ketamin 500 mg\/10 ml - Narco-Pulver","description":"ketamine 500 mg\/10 ml, Buy Calypsol Ketamine Hcl 500mg 10ml With Bitcoin Online-Work ben\u00f6tigt nur 10-30 Minuten Arbeitszeit pro Tag,","robots":{"index":"index","follow":"follow","max-snippet":"max-snippet:-1","max-image-preview":"max-image-preview:large","max-video-preview":"max-video-preview:-1"},"canonical":"https:\/\/narcopowders.com\/de\/produkt\/kaufen-ketamin-flussigkeit-500mg-10ml\/","og_locale":"de_DE","og_type":"article","og_title":"ketamine 500 mg\/10 ml - Narco Powders","og_description":"ketamine 500 mg\/10 ml, Buy Calypsol Ketamine Hcl 500mg 10ml With Bitcoin Online-Work only needs 10-30 minutes of working time per day,","og_url":"https:\/\/narcopowders.com\/de\/produkt\/kaufen-ketamin-flussigkeit-500mg-10ml\/","og_site_name":"Narco Powders","article_modified_time":"2025-09-25T08:12:30+00:00","og_image":[{"width":600,"height":600,"url":"https:\/\/narcopowders.com\/wp-content\/uploads\/2023\/07\/Buy-Ketamine-Liquid.jpg","type":"image\/jpeg"}],"twitter_card":"summary_large_image","twitter_misc":{"Gesch\u00e4tzte Lesezeit":"2\u00a0Minuten"},"schema":{"@context":"https:\/\/schema.org","@graph":[{"@type":"WebPage","@id":"https:\/\/narcopowders.com\/product\/buy-ketamine-liquid-500mg-10ml\/","url":"https:\/\/narcopowders.com\/product\/buy-ketamine-liquid-500mg-10ml\/","name":"Ketamin 500 mg\/10 ml - Narco-Pulver","isPartOf":{"@id":"https:\/\/narcopowders.com\/#website"},"primaryImageOfPage":{"@id":"https:\/\/narcopowders.com\/product\/buy-ketamine-liquid-500mg-10ml\/#primaryimage"},"image":{"@id":"https:\/\/narcopowders.com\/product\/buy-ketamine-liquid-500mg-10ml\/#primaryimage"},"thumbnailUrl":"https:\/\/narcopowders.com\/wp-content\/uploads\/2023\/07\/Buy-Ketamine-Liquid.jpg","datePublished":"2023-07-29T08:57:33+00:00","dateModified":"2025-09-25T08:12:30+00:00","description":"ketamine 500 mg\/10 ml, Buy Calypsol Ketamine Hcl 500mg 10ml With Bitcoin Online-Work ben\u00f6tigt nur 10-30 Minuten Arbeitszeit pro Tag,","breadcrumb":{"@id":"https:\/\/narcopowders.com\/product\/buy-ketamine-liquid-500mg-10ml\/#breadcrumb"},"inLanguage":"de","potentialAction":[{"@type":"ReadAction","target":["https:\/\/narcopowders.com\/product\/buy-ketamine-liquid-500mg-10ml\/"]}]},{"@type":"ImageObject","inLanguage":"de","@id":"https:\/\/narcopowders.com\/product\/buy-ketamine-liquid-500mg-10ml\/#primaryimage","url":"https:\/\/narcopowders.com\/wp-content\/uploads\/2023\/07\/Buy-Ketamine-Liquid.jpg","contentUrl":"https:\/\/narcopowders.com\/wp-content\/uploads\/2023\/07\/Buy-Ketamine-Liquid.jpg","width":600,"height":600,"caption":"Buy-Ketamine-Liquid online"},{"@type":"BreadcrumbList","@id":"https:\/\/narcopowders.com\/product\/buy-ketamine-liquid-500mg-10ml\/#breadcrumb","itemListElement":[{"@type":"ListItem","position":1,"name":"Home","item":"https:\/\/narcopowders.com\/"},{"@type":"ListItem","position":2,"name":"Shop Page","item":"https:\/\/narcopowders.com\/shop\/"},{"@type":"ListItem","position":3,"name":"Buy Ketamine Liquid 500mg\/10ml"}]},{"@type":"WebSite","@id":"https:\/\/narcopowders.com\/#website","url":"https:\/\/narcopowders.com\/","name":"Narco-Pulver","description":"Mein WordPress-Blog","potentialAction":[{"@type":"SearchAction","target":{"@type":"EntryPoint","urlTemplate":"https:\/\/narcopowders.com\/?s={search_term_string}"},"query-input":{"@type":"PropertyValueSpecification","valueRequired":true,"valueName":"search_term_string"}}],"inLanguage":"de"}]}},"_links":{"self":[{"href":"https:\/\/narcopowders.com\/de\/wp-json\/wp\/v2\/product\/19470","targetHints":{"allow":["GET"]}}],"collection":[{"href":"https:\/\/narcopowders.com\/de\/wp-json\/wp\/v2\/product"}],"about":[{"href":"https:\/\/narcopowders.com\/de\/wp-json\/wp\/v2\/types\/product"}],"replies":[{"embeddable":true,"href":"https:\/\/narcopowders.com\/de\/wp-json\/wp\/v2\/comments?post=19470"}],"wp:featuredmedia":[{"embeddable":true,"href":"https:\/\/narcopowders.com\/de\/wp-json\/wp\/v2\/media\/19502"}],"wp:attachment":[{"href":"https:\/\/narcopowders.com\/de\/wp-json\/wp\/v2\/media?parent=19470"}],"wp:term":[{"taxonomy":"product_brand","embeddable":true,"href":"https:\/\/narcopowders.com\/de\/wp-json\/wp\/v2\/product_brand?post=19470"},{"taxonomy":"product_cat","embeddable":true,"href":"https:\/\/narcopowders.com\/de\/wp-json\/wp\/v2\/product_cat?post=19470"},{"taxonomy":"product_tag","embeddable":true,"href":"https:\/\/narcopowders.com\/de\/wp-json\/wp\/v2\/product_tag?post=19470"}],"curies":[{"name":"wp","href":"https:\/\/api.w.org\/{rel}","templated":true}]}}