{"id":19506,"date":"2023-07-29T09:38:31","date_gmt":"2023-07-29T09:38:31","guid":{"rendered":"https:\/\/narcopowders.com\/?post_type=product&#038;p=19506"},"modified":"2025-09-25T08:24:22","modified_gmt":"2025-09-25T08:24:22","slug":"buy-ketamine-shards","status":"publish","type":"product","link":"https:\/\/narcopowders.com\/de\/produkt\/ketaminsplitter-kaufen\/","title":{"rendered":"Ketaminsplitter kaufen"},"content":{"rendered":"<h2>Ketaminsplitter kaufen<\/h2>\n<p><a href=\"https:\/\/narcopowders.com\/de\/produkt\/ketaminsplitter-kaufen\/\">Ketamin-Scherben online kaufen<\/a><\/p>\n<p>Eine h\u00e4ufige Anwendung f\u00fcr <a href=\"https:\/\/narcopowders.com\/de\/\">Ketamin HCL<\/a> Scherben sind An\u00e4sthesie. Chronische Schmerzen und Sedierung in der Akutversorgung sind <a href=\"https:\/\/en.wikipedia.org\/wiki\/Ketamine\">Weitere Anwendungen<\/a>.<\/p>\n<p>The abrupt high that <a href=\"https:\/\/www.bing.com\/search?q=Buy%20Ketamine%20Shards%20Online&amp;qs=n&amp;form=QBRE&amp;sp=-1&amp;lq=0&amp;pq=buy%20ketamine%20shards%20online&amp;sc=0-26&amp;sk=&amp;cvid=C51A24F7A4E440A1BA31ADF76CC2111F&amp;ghsh=0&amp;ghacc=0&amp;ghpl=\">Ketamin<\/a> Der abrupte Rausch, den Ketaminsplitter ausl\u00f6sen, h\u00e4lt etwa eine Stunde lang an. Er beginnt 2 bis 5 Minuten nach dem Rauchen oder der Einnahme der Dosis. Bei einer Injektion tritt er etwa 30 Sekunden nach der Injektion ein.<\/p>\n<p>La abrumadora <a href=\"https:\/\/www.google.com\/search?q=Buy+Ketamine+Shards+Online&amp;sca_esv=2a2a93e8be91f013&amp;sxsrf=AHTn8zqWfFSXsdV9Nh8kUsMBE8kFC6DY5A%3A1742970807246&amp;ei=t5_jZ8XIDvCgseMPpLWO0AQ&amp;ved=0ahUKEwiFgMeekKeMAxVwUGwGHaSaA0oQ4dUDCA8&amp;uact=5&amp;oq=Buy+Ketamine+Shards+Online&amp;gs_lp=Egxnd3Mtd2l6LXNlcnAiGkJ1eSBLZXRhbWluZSBTaGFyZHMgT25saW5lSI8JUOQDWOQDcAF4AJABAJgB_AGgAfwBqgEDMi0xuAEDyAEA-AEB-AECmAIBoAIdqAIUwgIHECMYJxjqAsICDRAuGNEDGMcBGCcY6gLCAhAQABgDGLQCGOoCGI8B2AEBmAMd8QX4iFZdnx5FfroGBggBEAEYCpIHATGgB06yBwC4BwA&amp;sclient=gws-wiz-serp\">Gef\u00fchl der Entspannung<\/a> Das \u00fcberw\u00e4ltigende Gef\u00fchl der Entspannung, das der Nutzer in seinem ersten Rausch erlebt, wird h\u00e4ufig als Ganzk\u00f6rperrausch bezeichnet. Manche Nutzer sagen, sie f\u00fchlen sich, als w\u00fcrden sie schweben, und manche sagen sogar, sie h\u00e4tten das Gef\u00fchl, nicht in ihrem K\u00f6rper zu sein. <a href=\"https:\/\/www.bing.com\/search?q=Buy%20Ketamine%20Shards%20Online&amp;qs=n&amp;form=QBRE&amp;sp=-1&amp;lq=0&amp;pq=buy%20ketamine%20shards%20online&amp;sc=0-26&amp;sk=&amp;cvid=C51A24F7A4E440A1BA31ADF76CC2111F&amp;ghsh=0&amp;ghacc=0&amp;ghpl=\">Halluzinationen sind h\u00e4ufig<\/a> sind h\u00e4ufig und dauern oft l\u00e4nger als die Auswirkungen von <a href=\"https:\/\/www.google.com\/search?q=Buy+Ketamine+Shards+Online&amp;sca_esv=2a2a93e8be91f013&amp;sxsrf=AHTn8zqWfFSXsdV9Nh8kUsMBE8kFC6DY5A%3A1742970807246&amp;ei=t5_jZ8XIDvCgseMPpLWO0AQ&amp;ved=0ahUKEwiFgMeekKeMAxVwUGwGHaSaA0oQ4dUDCA8&amp;uact=5&amp;oq=Buy+Ketamine+Shards+Online&amp;gs_lp=Egxnd3Mtd2l6LXNlcnAiGkJ1eSBLZXRhbWluZSBTaGFyZHMgT25saW5lSI8JUOQDWOQDcAF4AJABAJgB_AGgAfwBqgEDMi0xuAEDyAEA-AEB-AECmAIBoAIdqAIUwgIHECMYJxjqAsICDRAuGNEDGMcBGCcY6gLCAhAQABgDGLQCGOoCGI8B2AEBmAMd8QX4iFZdnx5FfroGBggBEAEYCpIHATGgB06yBwC4BwA&amp;sclient=gws-wiz-serp\">Auswirkungen der An\u00e4sthesie<\/a>.<\/p>\n<h3>Anwender haben von vollst\u00e4ndigen und starken Reaktionen bei h\u00f6heren Dosen berichtet.<\/h3>\n<p>Users have reported full and <a href=\"https:\/\/duckduckgo.com\/?q=Buy+Ketamine+Shards+Online&amp;t=h_&amp;ia=web\">total dissociation<\/a> Die Konsumenten haben berichtet, dass sie sich aufgrund der schwereren Wirkungen, die h\u00f6here Dosen hervorrufen k\u00f6nnen, vollst\u00e4ndig von ihrem K\u00f6rper l\u00f6sen. Diese Empfindungen werden als \"K-Loch\" bezeichnet und sind mit denen vergleichbar, die Personen mit Nahtoderfahrungen erlebt haben.<\/p>\n<p><a href=\"https:\/\/duckduckgo.com\/?q=Buy+Ketamine+Shards+Online&amp;t=h_&amp;ia=web\">G\u00fcnstige Ketamin-Scherben sind online erh\u00e4ltlich.<\/a>.<\/p>","protected":false},"excerpt":{"rendered":"<p>Buy Ketamine Shards Buy Ketamine Shards Online A common application for ketamine HCL Shards is anaesthesia. Chronic pain and sedation in acute care are further applications. The abrupt high that Ketamine Shards induce lasts for around an hour. It begins 2 to 5 minutes after smoking or ingesting the dose. When an injection is used, [&hellip;]<\/p>","protected":false},"featured_media":19565,"comment_status":"open","ping_status":"closed","template":"","meta":{"_joinchat":[]},"product_brand":[],"product_cat":[1325],"product_tag":[],"class_list":{"0":"post-19506","1":"product","2":"type-product","3":"status-publish","4":"has-post-thumbnail","6":"product_cat-buy-ketamine-online","8":"first","9":"instock","10":"shipping-taxable","11":"purchasable","12":"product-type-variable","13":"add-to-wishlist-after_add_to_cart"},"yoast_head":"<!-- This site is optimized with the Yoast SEO plugin v25.9 - https:\/\/yoast.com\/wordpress\/plugins\/seo\/ -->\n<title>Buy Ketamine Shards - ketamine Crystals @narcopowders<\/title>\n<meta name=\"description\" content=\"Buy Ketamine Shards, - Supplier of Ketamine without a prescription with EU and UK domestic delivery. Online order Ketamine with FREE next day delivery.\" \/>\n<meta name=\"robots\" content=\"index, follow, max-snippet:-1, max-image-preview:large, max-video-preview:-1\" \/>\n<link rel=\"canonical\" href=\"https:\/\/narcopowders.com\/de\/produkt\/ketaminsplitter-kaufen\/\" \/>\n<meta property=\"og:locale\" content=\"de_DE\" \/>\n<meta property=\"og:type\" content=\"article\" \/>\n<meta property=\"og:title\" content=\"Buy Ketamine Shards - ketamine Crystals @narcopowders\" \/>\n<meta property=\"og:description\" content=\"Buy Ketamine Shards, - Supplier of Ketamine without a prescription with EU and UK domestic delivery. Online order Ketamine with FREE next day delivery.\" \/>\n<meta property=\"og:url\" content=\"https:\/\/narcopowders.com\/de\/produkt\/ketaminsplitter-kaufen\/\" \/>\n<meta property=\"og:site_name\" content=\"Narco Powders\" \/>\n<meta property=\"article:modified_time\" content=\"2025-09-25T08:24:22+00:00\" \/>\n<meta property=\"og:image\" content=\"https:\/\/narcopowders.com\/wp-content\/uploads\/2023\/07\/Buy-Ketamine-Shards-1.jpg\" \/>\n\t<meta property=\"og:image:width\" content=\"600\" \/>\n\t<meta property=\"og:image:height\" content=\"600\" \/>\n\t<meta property=\"og:image:type\" content=\"image\/jpeg\" \/>\n<meta name=\"twitter:card\" content=\"summary_large_image\" \/>\n<meta name=\"twitter:label1\" content=\"Gesch\u00e4tzte Lesezeit\" \/>\n\t<meta name=\"twitter:data1\" content=\"1\u00a0Minute\" \/>\n<!-- \/ Yoast SEO plugin. -->","yoast_head_json":{"title":"Buy Ketamine Shards - ketamine Crystals @narcopowders","description":"Buy Ketamine Shards, - Supplier of Ketamine without a prescription with EU and UK domestic delivery. Online order Ketamine with FREE next day delivery.","robots":{"index":"index","follow":"follow","max-snippet":"max-snippet:-1","max-image-preview":"max-image-preview:large","max-video-preview":"max-video-preview:-1"},"canonical":"https:\/\/narcopowders.com\/de\/produkt\/ketaminsplitter-kaufen\/","og_locale":"de_DE","og_type":"article","og_title":"Buy Ketamine Shards - ketamine Crystals @narcopowders","og_description":"Buy Ketamine Shards, - Supplier of Ketamine without a prescription with EU and UK domestic delivery. Online order Ketamine with FREE next day delivery.","og_url":"https:\/\/narcopowders.com\/de\/produkt\/ketaminsplitter-kaufen\/","og_site_name":"Narco Powders","article_modified_time":"2025-09-25T08:24:22+00:00","og_image":[{"width":600,"height":600,"url":"https:\/\/narcopowders.com\/wp-content\/uploads\/2023\/07\/Buy-Ketamine-Shards-1.jpg","type":"image\/jpeg"}],"twitter_card":"summary_large_image","twitter_misc":{"Gesch\u00e4tzte Lesezeit":"1\u00a0Minute"},"schema":{"@context":"https:\/\/schema.org","@graph":[{"@type":"WebPage","@id":"https:\/\/narcopowders.com\/product\/buy-ketamine-shards\/","url":"https:\/\/narcopowders.com\/product\/buy-ketamine-shards\/","name":"Buy Ketamine Shards - ketamine Crystals @narcopowders","isPartOf":{"@id":"https:\/\/narcopowders.com\/#website"},"primaryImageOfPage":{"@id":"https:\/\/narcopowders.com\/product\/buy-ketamine-shards\/#primaryimage"},"image":{"@id":"https:\/\/narcopowders.com\/product\/buy-ketamine-shards\/#primaryimage"},"thumbnailUrl":"https:\/\/narcopowders.com\/wp-content\/uploads\/2023\/07\/Buy-Ketamine-Shards-1.jpg","datePublished":"2023-07-29T09:38:31+00:00","dateModified":"2025-09-25T08:24:22+00:00","description":"Buy Ketamine Shards, - Supplier of Ketamine without a prescription with EU and UK domestic delivery. Online order Ketamine with FREE next day delivery.","breadcrumb":{"@id":"https:\/\/narcopowders.com\/product\/buy-ketamine-shards\/#breadcrumb"},"inLanguage":"de","potentialAction":[{"@type":"ReadAction","target":["https:\/\/narcopowders.com\/product\/buy-ketamine-shards\/"]}]},{"@type":"ImageObject","inLanguage":"de","@id":"https:\/\/narcopowders.com\/product\/buy-ketamine-shards\/#primaryimage","url":"https:\/\/narcopowders.com\/wp-content\/uploads\/2023\/07\/Buy-Ketamine-Shards-1.jpg","contentUrl":"https:\/\/narcopowders.com\/wp-content\/uploads\/2023\/07\/Buy-Ketamine-Shards-1.jpg","width":600,"height":600,"caption":"Buy-Ketamine-Shards online"},{"@type":"BreadcrumbList","@id":"https:\/\/narcopowders.com\/product\/buy-ketamine-shards\/#breadcrumb","itemListElement":[{"@type":"ListItem","position":1,"name":"Home","item":"https:\/\/narcopowders.com\/"},{"@type":"ListItem","position":2,"name":"Shop Page","item":"https:\/\/narcopowders.com\/shop\/"},{"@type":"ListItem","position":3,"name":"Buy Ketamine Shards"}]},{"@type":"WebSite","@id":"https:\/\/narcopowders.com\/#website","url":"https:\/\/narcopowders.com\/","name":"Narco-Pulver","description":"Mein WordPress-Blog","potentialAction":[{"@type":"SearchAction","target":{"@type":"EntryPoint","urlTemplate":"https:\/\/narcopowders.com\/?s={search_term_string}"},"query-input":{"@type":"PropertyValueSpecification","valueRequired":true,"valueName":"search_term_string"}}],"inLanguage":"de"}]}},"_links":{"self":[{"href":"https:\/\/narcopowders.com\/de\/wp-json\/wp\/v2\/product\/19506","targetHints":{"allow":["GET"]}}],"collection":[{"href":"https:\/\/narcopowders.com\/de\/wp-json\/wp\/v2\/product"}],"about":[{"href":"https:\/\/narcopowders.com\/de\/wp-json\/wp\/v2\/types\/product"}],"replies":[{"embeddable":true,"href":"https:\/\/narcopowders.com\/de\/wp-json\/wp\/v2\/comments?post=19506"}],"wp:featuredmedia":[{"embeddable":true,"href":"https:\/\/narcopowders.com\/de\/wp-json\/wp\/v2\/media\/19565"}],"wp:attachment":[{"href":"https:\/\/narcopowders.com\/de\/wp-json\/wp\/v2\/media?parent=19506"}],"wp:term":[{"taxonomy":"product_brand","embeddable":true,"href":"https:\/\/narcopowders.com\/de\/wp-json\/wp\/v2\/product_brand?post=19506"},{"taxonomy":"product_cat","embeddable":true,"href":"https:\/\/narcopowders.com\/de\/wp-json\/wp\/v2\/product_cat?post=19506"},{"taxonomy":"product_tag","embeddable":true,"href":"https:\/\/narcopowders.com\/de\/wp-json\/wp\/v2\/product_tag?post=19506"}],"curies":[{"name":"wp","href":"https:\/\/api.w.org\/{rel}","templated":true}]}}