{"id":19507,"date":"2023-07-29T09:21:56","date_gmt":"2023-07-29T09:21:56","guid":{"rendered":"https:\/\/narcopowders.com\/?post_type=product&#038;p=19507"},"modified":"2025-09-25T08:20:55","modified_gmt":"2025-09-25T08:20:55","slug":"buy-ketamine-rotex-50mg-1ml","status":"publish","type":"product","link":"https:\/\/narcopowders.com\/de\/produkt\/ketamin-rotex-50mg-1ml-kaufen\/","title":{"rendered":"Ketamin Rotex 50mg\/1ml kaufen"},"content":{"rendered":"<h2>Ketamin Rotex 50mg\/1ml kaufen<\/h2>\n<p><a href=\"https:\/\/narcopowders.com\/de\/produkt\/ketamin-rotex-50mg-1ml-kaufen\/\">Ketamin Rotex online kaufen<\/a><\/p>\n<p>Der schnelle Rausch, den Ketamin verursacht, h\u00e4lt etwa eine Stunde lang an. Er beginnt 2 bis 5 Minuten nach dem Rauchen oder der Einnahme der Dosis. Bei einer Injektion tritt er etwa 30 Sekunden nach der Injektion ein. <a href=\"https:\/\/narcopowders.com\/de\/\">Rotex-Ketamin online<\/a><\/p>\n<p>Der <a href=\"https:\/\/www.bing.com\/search?q=Buy%20Ketamine%20Rotex%20Online&amp;qs=n&amp;form=QBRE&amp;sp=-1&amp;lq=0&amp;pq=buy%20ketamine%20rotex%20online&amp;sc=0-25&amp;sk=&amp;cvid=90D7C64D59B34FACBA43D679EB0165F5&amp;ghsh=0&amp;ghacc=0&amp;ghpl=\">Das \u00fcberw\u00e4ltigende Gef\u00fchl der Entspannung, das die<\/a> Das \u00fcberw\u00e4ltigende Gef\u00fchl der Entspannung, das der Nutzer in seinem ersten Rausch erlebt, wird h\u00e4ufig als Ganzk\u00f6rperrausch bezeichnet. Manche Nutzer sagen, sie f\u00fchlen sich, als w\u00fcrden sie schweben, und manche sagen sogar, sie h\u00e4tten das Gef\u00fchl, nicht in ihrem K\u00f6rper zu sein.<\/p>\n<p>Halluzinationen sind h\u00e4ufig und halten oft l\u00e4nger an als die Wirkung der Narkose.ketamin rotex online kaufen<a href=\"https:\/\/en.wikipedia.org\/wiki\/Ketamine\">Online-Kauf von Ketamin Rotex<\/a><\/p>\n<p><a href=\"https:\/\/www.google.com\/search?q=Buy+Ketamine+Rotex+Online&amp;sca_esv=2a2a93e8be91f013&amp;sxsrf=AHTn8zoVEDh58FZV0RrZSO-V2d31RQyAOA%3A1742969362343&amp;ei=EprjZ63aFNGNseMP84OF8Ao&amp;ved=0ahUKEwitq8ntiqeMAxXRRmwGHfNBAa4Q4dUDCA8&amp;uact=5&amp;oq=Buy+Ketamine+Rotex+Online&amp;gs_lp=Egxnd3Mtd2l6LXNlcnAiGUJ1eSBLZXRhbWluZSBSb3RleCBPbmxpbmVI1QlQ2gRY2gRwAngAkAEBmAGpAqAB5gOqAQUwLjEuMbgBA8gBAPgBAvgBAZgCAKACAJgDAIgGAZIHAKAHowGyBwC4BwA&amp;sclient=gws-wiz-serp\">Users report complete<\/a> Konsumenten berichten, dass sie sich bei h\u00f6heren Dosen vollst\u00e4ndig von ihrem K\u00f6rper l\u00f6sen, was schwerwiegendere Auswirkungen haben kann.<\/p>\n<h3>G\u00fcnstiges Ketamin Rotex 50mg\/1ml kann online gekauft werden.<\/h3>\n<p>Eine aktuelle Studie untersuchte die Wirksamkeit von <a href=\"https:\/\/www.bing.com\/search?q=Buy%20Ketamine%20Rotex%20Online&amp;qs=n&amp;form=QBRE&amp;sp=-1&amp;lq=0&amp;pq=buy%20ketamine%20rotex%20online&amp;sc=0-25&amp;sk=&amp;cvid=90D7C64D59B34FACBA43D679EB0165F5&amp;ghsh=0&amp;ghacc=0&amp;ghpl=\">ketamine in reducing social tension<\/a>.<\/p>\n<p>18 Erwachsene, bei denen festgestellt worden war, dass sie<\/p>\n<p>Der Markenname Rotex wird von einem Unternehmen verwendet, das Ketaminl\u00f6sungen herstellt. <a href=\"https:\/\/duckduckgo.com\/?q=Buy+Ketamine+Rotex+Online&amp;t=h_&amp;ia=web\">manufactures ketamine solution<\/a>.<\/p>\n<p>Es ist eine Medizin, die den Prozess der Losl\u00f6sung von der gegenw\u00e4rtigen Situation einleitet.<\/p>\n<p>Es ist ein dissoziatives Beruhigungsmittel, d. h. es stabilisiert dich, hilft dir zu vergessen, aber es macht dich nicht v\u00f6llig bewusstlos.<\/p>\n<p>Nach der Einnahme eines solchen Medikaments hat man das Bed\u00fcrfnis, abzudriften.<\/p>\n<p>Es ist ein k\u00fcnstliches <a href=\"https:\/\/www.google.com\/search?q=Buy+Ketamine+Rotex+Online&amp;sca_esv=2a2a93e8be91f013&amp;sxsrf=AHTn8zoVEDh58FZV0RrZSO-V2d31RQyAOA%3A1742969362343&amp;ei=EprjZ63aFNGNseMP84OF8Ao&amp;ved=0ahUKEwitq8ntiqeMAxXRRmwGHfNBAa4Q4dUDCA8&amp;uact=5&amp;oq=Buy+Ketamine+Rotex+Online&amp;gs_lp=Egxnd3Mtd2l6LXNlcnAiGUJ1eSBLZXRhbWluZSBSb3RleCBPbmxpbmVI1QlQ2gRY2gRwAngAkAEBmAGpAqAB5gOqAQUwLjEuMbgBA8gBAPgBAvgBAZgCAKACAJgDAIgGAZIHAKAHowGyBwC4BwA&amp;sclient=gws-wiz-serp\">NMDA<\/a> Rezeptoragonist. N-Methyl-D-Aspartat wird als NMDA bezeichnet. Die neueste Theorie besagt, dass es \u00fcber einen Metaboliten oder Abbau wirkt <a href=\"https:\/\/duckduckgo.com\/?q=Buy+Ketamine+Rotex+Online&amp;t=h_&amp;ia=web\">Produkt von Ketamin<\/a>, wobei der genaue Wirkmechanismus noch unklar ist. Klicken Sie hier f\u00fcr eine ausf\u00fchrliche Definition von Ketamin.<\/p>\n<p>&nbsp;<\/p>","protected":false},"excerpt":{"rendered":"<p>Buy Ketamine Rotex 50mg\/1ml Buy Ketamine Rotex Online The rapid high that ketamine causes lasts for roughly one hour. It begins 2 to 5 minutes after smoking or ingesting the dose. When an injection is used, it occurs about 30 seconds after the injection. online rotex ketamine The overpowering sense of relaxation that the user [&hellip;]<\/p>","protected":false},"featured_media":19511,"comment_status":"open","ping_status":"closed","template":"","meta":{"_joinchat":[]},"product_brand":[],"product_cat":[1325],"product_tag":[],"class_list":{"0":"post-19507","1":"product","2":"type-product","3":"status-publish","4":"has-post-thumbnail","6":"product_cat-buy-ketamine-online","8":"first","9":"instock","10":"shipping-taxable","11":"purchasable","12":"product-type-variable","13":"add-to-wishlist-after_add_to_cart"},"yoast_head":"<!-- This site is optimized with the Yoast SEO plugin v25.9 - https:\/\/yoast.com\/wordpress\/plugins\/seo\/ -->\n<title>Buy Ketamine Rotex 50mg\/1ml - Narco Powders<\/title>\n<meta name=\"description\" content=\"Buy Ketamine Rotex Online, Narcopowders is Selling Good Grade Ketamine for Bulk Order Rotex Ketamine online, High-Quality Bulk Ketamine Supply.\" \/>\n<meta name=\"robots\" content=\"index, follow, max-snippet:-1, max-image-preview:large, max-video-preview:-1\" \/>\n<link rel=\"canonical\" href=\"https:\/\/narcopowders.com\/de\/produkt\/ketamin-rotex-50mg-1ml-kaufen\/\" \/>\n<meta property=\"og:locale\" content=\"de_DE\" \/>\n<meta property=\"og:type\" content=\"article\" \/>\n<meta property=\"og:title\" content=\"Buy Ketamine Rotex 50mg\/1ml - Narco Powders\" \/>\n<meta property=\"og:description\" content=\"Buy Ketamine Rotex Online, Narcopowders is Selling Good Grade Ketamine for Bulk Order Rotex Ketamine online, High-Quality Bulk Ketamine Supply.\" \/>\n<meta property=\"og:url\" content=\"https:\/\/narcopowders.com\/de\/produkt\/ketamin-rotex-50mg-1ml-kaufen\/\" \/>\n<meta property=\"og:site_name\" content=\"Narco Powders\" \/>\n<meta property=\"article:modified_time\" content=\"2025-09-25T08:20:55+00:00\" \/>\n<meta property=\"og:image\" content=\"https:\/\/narcopowders.com\/wp-content\/uploads\/2023\/07\/Buy-Ketamine-Rotex.jpg\" \/>\n\t<meta property=\"og:image:width\" content=\"600\" \/>\n\t<meta property=\"og:image:height\" content=\"600\" \/>\n\t<meta property=\"og:image:type\" content=\"image\/jpeg\" \/>\n<meta name=\"twitter:card\" content=\"summary_large_image\" \/>\n<meta name=\"twitter:label1\" content=\"Gesch\u00e4tzte Lesezeit\" \/>\n\t<meta name=\"twitter:data1\" content=\"2\u00a0Minuten\" \/>\n<!-- \/ Yoast SEO plugin. -->","yoast_head_json":{"title":"Ketamin Rotex 50mg\/1ml kaufen - Narco Powders","description":"Buy Ketamine Rotex Online, Narcopowders is Selling Good Grade Ketamine for Bulk Order Rotex Ketamine online, High-Quality Bulk Ketamine Supply.","robots":{"index":"index","follow":"follow","max-snippet":"max-snippet:-1","max-image-preview":"max-image-preview:large","max-video-preview":"max-video-preview:-1"},"canonical":"https:\/\/narcopowders.com\/de\/produkt\/ketamin-rotex-50mg-1ml-kaufen\/","og_locale":"de_DE","og_type":"article","og_title":"Buy Ketamine Rotex 50mg\/1ml - Narco Powders","og_description":"Buy Ketamine Rotex Online, Narcopowders is Selling Good Grade Ketamine for Bulk Order Rotex Ketamine online, High-Quality Bulk Ketamine Supply.","og_url":"https:\/\/narcopowders.com\/de\/produkt\/ketamin-rotex-50mg-1ml-kaufen\/","og_site_name":"Narco Powders","article_modified_time":"2025-09-25T08:20:55+00:00","og_image":[{"width":600,"height":600,"url":"https:\/\/narcopowders.com\/wp-content\/uploads\/2023\/07\/Buy-Ketamine-Rotex.jpg","type":"image\/jpeg"}],"twitter_card":"summary_large_image","twitter_misc":{"Gesch\u00e4tzte Lesezeit":"2\u00a0Minuten"},"schema":{"@context":"https:\/\/schema.org","@graph":[{"@type":"WebPage","@id":"https:\/\/narcopowders.com\/product\/buy-ketamine-rotex-50mg-1ml\/","url":"https:\/\/narcopowders.com\/product\/buy-ketamine-rotex-50mg-1ml\/","name":"Ketamin Rotex 50mg\/1ml kaufen - Narco Powders","isPartOf":{"@id":"https:\/\/narcopowders.com\/#website"},"primaryImageOfPage":{"@id":"https:\/\/narcopowders.com\/product\/buy-ketamine-rotex-50mg-1ml\/#primaryimage"},"image":{"@id":"https:\/\/narcopowders.com\/product\/buy-ketamine-rotex-50mg-1ml\/#primaryimage"},"thumbnailUrl":"https:\/\/narcopowders.com\/wp-content\/uploads\/2023\/07\/Buy-Ketamine-Rotex.jpg","datePublished":"2023-07-29T09:21:56+00:00","dateModified":"2025-09-25T08:20:55+00:00","description":"Buy Ketamine Rotex Online, Narcopowders is Selling Good Grade Ketamine for Bulk Order Rotex Ketamine online, High-Quality Bulk Ketamine Supply.","breadcrumb":{"@id":"https:\/\/narcopowders.com\/product\/buy-ketamine-rotex-50mg-1ml\/#breadcrumb"},"inLanguage":"de","potentialAction":[{"@type":"ReadAction","target":["https:\/\/narcopowders.com\/product\/buy-ketamine-rotex-50mg-1ml\/"]}]},{"@type":"ImageObject","inLanguage":"de","@id":"https:\/\/narcopowders.com\/product\/buy-ketamine-rotex-50mg-1ml\/#primaryimage","url":"https:\/\/narcopowders.com\/wp-content\/uploads\/2023\/07\/Buy-Ketamine-Rotex.jpg","contentUrl":"https:\/\/narcopowders.com\/wp-content\/uploads\/2023\/07\/Buy-Ketamine-Rotex.jpg","width":600,"height":600,"caption":"Buy-Ketamine-Rotex online"},{"@type":"BreadcrumbList","@id":"https:\/\/narcopowders.com\/product\/buy-ketamine-rotex-50mg-1ml\/#breadcrumb","itemListElement":[{"@type":"ListItem","position":1,"name":"Home","item":"https:\/\/narcopowders.com\/"},{"@type":"ListItem","position":2,"name":"Shop Page","item":"https:\/\/narcopowders.com\/shop\/"},{"@type":"ListItem","position":3,"name":"Buy Ketamine Rotex 50mg\/1ml"}]},{"@type":"WebSite","@id":"https:\/\/narcopowders.com\/#website","url":"https:\/\/narcopowders.com\/","name":"Narco-Pulver","description":"Mein WordPress-Blog","potentialAction":[{"@type":"SearchAction","target":{"@type":"EntryPoint","urlTemplate":"https:\/\/narcopowders.com\/?s={search_term_string}"},"query-input":{"@type":"PropertyValueSpecification","valueRequired":true,"valueName":"search_term_string"}}],"inLanguage":"de"}]}},"_links":{"self":[{"href":"https:\/\/narcopowders.com\/de\/wp-json\/wp\/v2\/product\/19507","targetHints":{"allow":["GET"]}}],"collection":[{"href":"https:\/\/narcopowders.com\/de\/wp-json\/wp\/v2\/product"}],"about":[{"href":"https:\/\/narcopowders.com\/de\/wp-json\/wp\/v2\/types\/product"}],"replies":[{"embeddable":true,"href":"https:\/\/narcopowders.com\/de\/wp-json\/wp\/v2\/comments?post=19507"}],"wp:featuredmedia":[{"embeddable":true,"href":"https:\/\/narcopowders.com\/de\/wp-json\/wp\/v2\/media\/19511"}],"wp:attachment":[{"href":"https:\/\/narcopowders.com\/de\/wp-json\/wp\/v2\/media?parent=19507"}],"wp:term":[{"taxonomy":"product_brand","embeddable":true,"href":"https:\/\/narcopowders.com\/de\/wp-json\/wp\/v2\/product_brand?post=19507"},{"taxonomy":"product_cat","embeddable":true,"href":"https:\/\/narcopowders.com\/de\/wp-json\/wp\/v2\/product_cat?post=19507"},{"taxonomy":"product_tag","embeddable":true,"href":"https:\/\/narcopowders.com\/de\/wp-json\/wp\/v2\/product_tag?post=19507"}],"curies":[{"name":"wp","href":"https:\/\/api.w.org\/{rel}","templated":true}]}}