{"id":19548,"date":"2023-07-29T09:44:14","date_gmt":"2023-07-29T09:44:14","guid":{"rendered":"https:\/\/narcopowders.com\/?post_type=product&#038;p=19548"},"modified":"2025-09-25T08:27:16","modified_gmt":"2025-09-25T08:27:16","slug":"buy-ketanir-ketamine-500mg-10","status":"publish","type":"product","link":"https:\/\/narcopowders.com\/de\/produkt\/kaufen-ketanir-ketamin-500mg-10\/","title":{"rendered":"Ketanir Ketamin 500mg\/10 kaufen"},"content":{"rendered":"<h2>Ketanir Ketamin kaufen<\/h2>\n<p><a href=\"https:\/\/narcopowders.com\/de\/produkt\/kaufen-ketanir-ketamin-500mg-10\/\">Ketanir Ketamin online kaufen<\/a><\/p>\n<p>Eine h\u00e4ufige Anwendung f\u00fcr den Stoff <a href=\"https:\/\/narcopowders.com\/de\/\">Ketamin HCL ist An\u00e4sthesie<\/a>. Chronic pain and sedation in acute care are <a href=\"https:\/\/en.wikipedia.org\/wiki\/Ketamine\">Weitere Anwendungen<\/a>.<\/p>\n<p>Das schnelle Hoch, das <a href=\"https:\/\/www.bing.com\/search?q=Buy%20Ketanir%20Ketamine%20online&amp;qs=n&amp;form=QBRE&amp;sp=-1&amp;lq=0&amp;pq=buy%20ketanir%20ketamine%20online&amp;sc=0-27&amp;sk=&amp;cvid=2317054633F94C5A8BB2FAFDA4EC6C6F&amp;ghsh=0&amp;ghacc=0&amp;ghpl=\">ketamine causes<\/a> Der schnelle Rausch, den Ketamin verursacht, h\u00e4lt etwa eine Stunde lang an. Er beginnt 2 bis 5 Minuten nach dem Rauchen oder der Einnahme der Dosis. Bei einer Injektion tritt er etwa 30 Sekunden nach der Injektion ein. <a href=\"https:\/\/www.google.com\/search?q=Buy+Ketanir+Ketamine+online&amp;sca_esv=2a2a93e8be91f013&amp;sxsrf=AHTn8zqZ0ZhZJouHVYWfDUqUn5ELqbuZmw%3A1742971169561&amp;ei=IaHjZ-L_IZSwseMPtf6l-Q8&amp;ved=0ahUKEwiilKnLkaeMAxUUWGwGHTV_Kf8Q4dUDCA8&amp;uact=5&amp;oq=Buy+Ketanir+Ketamine+online&amp;gs_lp=Egxnd3Mtd2l6LXNlcnAiG0J1eSBLZXRhbmlyIEtldGFtaW5lIG9ubGluZUiiCFCyA1iyA3ADeACQAQCYAZIDoAGSA6oBAzQtMbgBA8gBAPgBAvgBAZgCAKACAJgDAIgGAZIHAKAH0AGyBwC4BwA&amp;sclient=gws-wiz-serp\">500 mg\/10 ml of Ketanir Ketamine<\/a><\/p>\n<p>La abrumadora <a href=\"https:\/\/www.google.com\/search?q=Buy+Ketanir+Ketamine+online&amp;sca_esv=2a2a93e8be91f013&amp;sxsrf=AHTn8zqZ0ZhZJouHVYWfDUqUn5ELqbuZmw%3A1742971169561&amp;ei=IaHjZ-L_IZSwseMPtf6l-Q8&amp;ved=0ahUKEwiilKnLkaeMAxUUWGwGHTV_Kf8Q4dUDCA8&amp;uact=5&amp;oq=Buy+Ketanir+Ketamine+online&amp;gs_lp=Egxnd3Mtd2l6LXNlcnAiG0J1eSBLZXRhbmlyIEtldGFtaW5lIG9ubGluZUiiCFCyA1iyA3ADeACQAQCYAZIDoAGSA6oBAzQtMbgBA8gBAPgBAvgBAZgCAKACAJgDAIgGAZIHAKAH0AGyBwC4BwA&amp;sclient=gws-wiz-serp\">Gef\u00fchl der Entspannung<\/a> Das \u00fcberw\u00e4ltigende Gef\u00fchl der Entspannung, das der Nutzer in seinem ersten Rausch erlebt, wird h\u00e4ufig als Ganzk\u00f6rperrausch bezeichnet. Manche Nutzer sagen, sie f\u00fchlen sich, als w\u00fcrden sie schweben, und manche sagen sogar, sie h\u00e4tten das Gef\u00fchl, nicht in ihrem K\u00f6rper zu sein. <a href=\"https:\/\/duckduckgo.com\/?q=Buy+Ketanir+Ketamine+online&amp;t=h_&amp;ia=web\">Halluzinationen sind h\u00e4ufig<\/a> Halluzinationen sind h\u00e4ufig und halten oft l\u00e4nger an als die Wirkung der Narkose.ketamin rotex online kaufen<\/p>\n<p>Die Konsumenten haben berichtet, dass sie sich aufgrund der schwereren Wirkungen, die h\u00f6here Dosen hervorrufen k\u00f6nnen, vollst\u00e4ndig von ihrem K\u00f6rper l\u00f6sen. Diese Empfindungen werden als \"K-Loch\" bezeichnet und sind mit denen vergleichbar, die Personen mit Nahtoderfahrungen erlebt haben.<a href=\"https:\/\/duckduckgo.com\/?q=Buy+Ketanir+Ketamine+online&amp;t=h_&amp;ia=web\">K-hole<\/a>e\u201c und sind vergleichbar mit denen, die Personen erlebt haben, die Nahtoderfahrungen hatten.<\/p>\n<p><a href=\"https:\/\/www.bing.com\/search?q=Buy%20Ketanir%20Ketamine%20online&amp;qs=n&amp;form=QBRE&amp;sp=-1&amp;lq=0&amp;pq=buy%20ketanir%20ketamine%20online&amp;sc=0-27&amp;sk=&amp;cvid=2317054633F94C5A8BB2FAFDA4EC6C6F&amp;ghsh=0&amp;ghacc=0&amp;ghpl=\">G\u00fcnstiges Ketanir Ketamin 500mg\/10ml kann online gekauft werden.<\/a>.<\/p>\n<p>&nbsp;<\/p>","protected":false},"excerpt":{"rendered":"<p>Buy Ketanir Ketamine Buy Ketanir Ketamine online A common application for the substance ketamine HCL is anaesthesia. Chronic pain and sedation in acute care are further applications. The rapid high that ketamine causes lasts for roughly one hour. It begins 2 to 5 minutes after smoking or ingesting the dose. When an injection is used, [&hellip;]<\/p>","protected":false},"featured_media":19549,"comment_status":"open","ping_status":"closed","template":"","meta":{"_joinchat":[]},"product_brand":[],"product_cat":[1325],"product_tag":[],"class_list":{"0":"post-19548","1":"product","2":"type-product","3":"status-publish","4":"has-post-thumbnail","6":"product_cat-buy-ketamine-online","8":"first","9":"instock","10":"shipping-taxable","11":"purchasable","12":"product-type-variable","13":"add-to-wishlist-after_add_to_cart"},"yoast_head":"<!-- This site is optimized with the Yoast SEO plugin v25.9 - https:\/\/yoast.com\/wordpress\/plugins\/seo\/ -->\n<title>Buy Ketanir Ketamine 500mg\/10 - Narco Powders<\/title>\n<meta name=\"robots\" content=\"index, follow, max-snippet:-1, max-image-preview:large, max-video-preview:-1\" \/>\n<link rel=\"canonical\" href=\"https:\/\/narcopowders.com\/de\/produkt\/kaufen-ketanir-ketamin-500mg-10\/\" \/>\n<meta property=\"og:locale\" content=\"de_DE\" \/>\n<meta property=\"og:type\" content=\"article\" \/>\n<meta property=\"og:title\" content=\"Buy Ketanir Ketamine 500mg\/10 - Narco Powders\" \/>\n<meta property=\"og:description\" content=\"Buy Ketanir Ketamine Buy Ketanir Ketamine online A common application for the substance ketamine HCL is anaesthesia. Chronic pain and sedation in acute care are further applications. The rapid high that ketamine causes lasts for roughly one hour. It begins 2 to 5 minutes after smoking or ingesting the dose. When an injection is used, [&hellip;]\" \/>\n<meta property=\"og:url\" content=\"https:\/\/narcopowders.com\/de\/produkt\/kaufen-ketanir-ketamin-500mg-10\/\" \/>\n<meta property=\"og:site_name\" content=\"Narco Powders\" \/>\n<meta property=\"article:modified_time\" content=\"2025-09-25T08:27:16+00:00\" \/>\n<meta property=\"og:image\" content=\"https:\/\/narcopowders.com\/wp-content\/uploads\/2023\/07\/Buy-Ketanir-Ketamine.jpg\" \/>\n\t<meta property=\"og:image:width\" content=\"600\" \/>\n\t<meta property=\"og:image:height\" content=\"600\" \/>\n\t<meta property=\"og:image:type\" content=\"image\/jpeg\" \/>\n<meta name=\"twitter:card\" content=\"summary_large_image\" \/>\n<meta name=\"twitter:label1\" content=\"Gesch\u00e4tzte Lesezeit\" \/>\n\t<meta name=\"twitter:data1\" content=\"1\u00a0Minute\" \/>\n<!-- \/ Yoast SEO plugin. -->","yoast_head_json":{"title":"Ketanir Ketamin 500mg\/10 kaufen - Narco Powders","robots":{"index":"index","follow":"follow","max-snippet":"max-snippet:-1","max-image-preview":"max-image-preview:large","max-video-preview":"max-video-preview:-1"},"canonical":"https:\/\/narcopowders.com\/de\/produkt\/kaufen-ketanir-ketamin-500mg-10\/","og_locale":"de_DE","og_type":"article","og_title":"Buy Ketanir Ketamine 500mg\/10 - Narco Powders","og_description":"Buy Ketanir Ketamine Buy Ketanir Ketamine online A common application for the substance ketamine HCL is anaesthesia. Chronic pain and sedation in acute care are further applications. The rapid high that ketamine causes lasts for roughly one hour. It begins 2 to 5 minutes after smoking or ingesting the dose. When an injection is used, [&hellip;]","og_url":"https:\/\/narcopowders.com\/de\/produkt\/kaufen-ketanir-ketamin-500mg-10\/","og_site_name":"Narco Powders","article_modified_time":"2025-09-25T08:27:16+00:00","og_image":[{"width":600,"height":600,"url":"https:\/\/narcopowders.com\/wp-content\/uploads\/2023\/07\/Buy-Ketanir-Ketamine.jpg","type":"image\/jpeg"}],"twitter_card":"summary_large_image","twitter_misc":{"Gesch\u00e4tzte Lesezeit":"1\u00a0Minute"},"schema":{"@context":"https:\/\/schema.org","@graph":[{"@type":"WebPage","@id":"https:\/\/narcopowders.com\/product\/buy-ketanir-ketamine-500mg-10\/","url":"https:\/\/narcopowders.com\/product\/buy-ketanir-ketamine-500mg-10\/","name":"Ketanir Ketamin 500mg\/10 kaufen - Narco Powders","isPartOf":{"@id":"https:\/\/narcopowders.com\/#website"},"primaryImageOfPage":{"@id":"https:\/\/narcopowders.com\/product\/buy-ketanir-ketamine-500mg-10\/#primaryimage"},"image":{"@id":"https:\/\/narcopowders.com\/product\/buy-ketanir-ketamine-500mg-10\/#primaryimage"},"thumbnailUrl":"https:\/\/narcopowders.com\/wp-content\/uploads\/2023\/07\/Buy-Ketanir-Ketamine.jpg","datePublished":"2023-07-29T09:44:14+00:00","dateModified":"2025-09-25T08:27:16+00:00","breadcrumb":{"@id":"https:\/\/narcopowders.com\/product\/buy-ketanir-ketamine-500mg-10\/#breadcrumb"},"inLanguage":"de","potentialAction":[{"@type":"ReadAction","target":["https:\/\/narcopowders.com\/product\/buy-ketanir-ketamine-500mg-10\/"]}]},{"@type":"ImageObject","inLanguage":"de","@id":"https:\/\/narcopowders.com\/product\/buy-ketanir-ketamine-500mg-10\/#primaryimage","url":"https:\/\/narcopowders.com\/wp-content\/uploads\/2023\/07\/Buy-Ketanir-Ketamine.jpg","contentUrl":"https:\/\/narcopowders.com\/wp-content\/uploads\/2023\/07\/Buy-Ketanir-Ketamine.jpg","width":600,"height":600,"caption":"Buy-Ketanir-Ketamine online"},{"@type":"BreadcrumbList","@id":"https:\/\/narcopowders.com\/product\/buy-ketanir-ketamine-500mg-10\/#breadcrumb","itemListElement":[{"@type":"ListItem","position":1,"name":"Home","item":"https:\/\/narcopowders.com\/"},{"@type":"ListItem","position":2,"name":"Shop Page","item":"https:\/\/narcopowders.com\/shop\/"},{"@type":"ListItem","position":3,"name":"Buy Ketanir Ketamine 500mg\/10"}]},{"@type":"WebSite","@id":"https:\/\/narcopowders.com\/#website","url":"https:\/\/narcopowders.com\/","name":"Narco-Pulver","description":"Mein WordPress-Blog","potentialAction":[{"@type":"SearchAction","target":{"@type":"EntryPoint","urlTemplate":"https:\/\/narcopowders.com\/?s={search_term_string}"},"query-input":{"@type":"PropertyValueSpecification","valueRequired":true,"valueName":"search_term_string"}}],"inLanguage":"de"}]}},"_links":{"self":[{"href":"https:\/\/narcopowders.com\/de\/wp-json\/wp\/v2\/product\/19548","targetHints":{"allow":["GET"]}}],"collection":[{"href":"https:\/\/narcopowders.com\/de\/wp-json\/wp\/v2\/product"}],"about":[{"href":"https:\/\/narcopowders.com\/de\/wp-json\/wp\/v2\/types\/product"}],"replies":[{"embeddable":true,"href":"https:\/\/narcopowders.com\/de\/wp-json\/wp\/v2\/comments?post=19548"}],"wp:featuredmedia":[{"embeddable":true,"href":"https:\/\/narcopowders.com\/de\/wp-json\/wp\/v2\/media\/19549"}],"wp:attachment":[{"href":"https:\/\/narcopowders.com\/de\/wp-json\/wp\/v2\/media?parent=19548"}],"wp:term":[{"taxonomy":"product_brand","embeddable":true,"href":"https:\/\/narcopowders.com\/de\/wp-json\/wp\/v2\/product_brand?post=19548"},{"taxonomy":"product_cat","embeddable":true,"href":"https:\/\/narcopowders.com\/de\/wp-json\/wp\/v2\/product_cat?post=19548"},{"taxonomy":"product_tag","embeddable":true,"href":"https:\/\/narcopowders.com\/de\/wp-json\/wp\/v2\/product_tag?post=19548"}],"curies":[{"name":"wp","href":"https:\/\/api.w.org\/{rel}","templated":true}]}}