{"id":20453,"date":"2024-05-23T06:13:59","date_gmt":"2024-05-23T06:13:59","guid":{"rendered":"https:\/\/narcopowders.com\/?post_type=product&#038;p=20453"},"modified":"2025-03-26T11:18:50","modified_gmt":"2025-03-26T11:18:50","slug":"buy-alprazolam-online","status":"publish","type":"product","link":"https:\/\/narcopowders.com\/de\/produkt\/buy-alprazolam-online\/","title":{"rendered":"Alprazolam online kaufen"},"content":{"rendered":"<p><strong>Beschreibung des Produkts<\/strong><\/p>\n<p>Starke, schnell wirkende Benzodiazepine wie Alprazolam wirken beruhigend auf das zentrale Nervensystem. Wenn Sie <a href=\"https:\/\/narcopowders.com\/de\/produkt\/buy-alprazolam-online\/\">Alprazolam-Pulver online kaufen<\/a> und erhalten Sie garantiert <a href=\"https:\/\/narcopowders.com\/de\/\">hochwertiges Pulver<\/a>, gehen Sie nicht weiter als bis Shenchulab.<\/p>\n<p>Dar\u00fcber hinaus ist der Markt f\u00fcr <a href=\"https:\/\/en.wikipedia.org\/wiki\/Alprazolam\">Alprazolam-Pulver<\/a> is divided into segments based on location, end user, and application.<\/p>\n<p>So wird sie je nach Anwendung in Angstzust\u00e4nde, Depressionen, Schlaflosigkeit und Panikst\u00f6rungen unterteilt.<\/p>\n<p>Dar\u00fcber hinaus wird sie je nach Endverbraucher in Forschungsinstitute, pharmazeutische Unternehmen und andere Einrichtungen (Krankenh\u00e4user und Kliniken) unterteilt. Zu verkaufen: Alprazolam-Pulver. <a href=\"https:\/\/www.bing.com\/search?q=Buy+Alprazolam+Online&amp;form=QBLH&amp;sp=-1&amp;lq=0&amp;pq=buy+alprazolam+online&amp;sc=1-21&amp;qs=n&amp;sk=&amp;cvid=ED10688EDDE24F76A8E1723677B961DB&amp;ghsh=0&amp;ghacc=0&amp;ghpl=\">Alprazolam-Pulver<\/a>.<\/p>\n<p>Geografisch wird er jedoch in Nordamerika, Europa, Asien-Pazifik und LAMEA untersucht.<\/p>\n<p><strong>Wichtigste Vorteile<\/strong><\/p>\n<ul>\n<li>Die Studie bietet jedoch eine eingehende Analyse der globalen <a href=\"https:\/\/www.google.com\/search?q=Buy+Alprazolam+Online&amp;sca_esv=ae1c882eac2a8cbb&amp;sxsrf=AHTn8zp4kTTNtVHTXmAbn2Kdj-rCZhdn6w%3A1742986372446&amp;source=hp&amp;ei=hNzjZ9qqGMKj1e8P57e-iAg&amp;iflsig=ACkRmUkAAAAAZ-PqlHEBcu-0c4UzbtELsu97EdY_NTd_&amp;ved=0ahUKEwja_MycyqeMAxXCUfUHHeebD4EQ4dUDCBo&amp;uact=5&amp;oq=Buy+Alprazolam+Online&amp;gs_lp=Egdnd3Mtd2l6IhVCdXkgQWxwcmF6b2xhbSBPbmxpbmVI1QdQAFgAcAB4AJABAJgB9gKgAfYCqgEDMy0xuAEDyAEA-AEC-AEBmAIAoAIAmAMAkgcAoAdJsgcAuAcA&amp;sclient=gws-wiz\">Alprazolam powder<\/a> Markt, mit aktuellen Trends und zuk\u00fcnftigen Sch\u00e4tzungen, um die Investitionsm\u00f6glichkeiten zu erl\u00e4utern.<\/li>\n<li>Das Ergebnis ist eine umfassende Analyse der Faktoren, die das Wachstum des Marktes vorantreiben und einschr\u00e4nken.<\/li>\n<li>Dar\u00fcber hinaus enth\u00e4lt der Bericht eine quantitative Analyse, die den Akteuren helfen soll, aus den vorherrschenden Marktchancen Kapital zu schlagen.<\/li>\n<li>Eine umfassende Analyse der verschiedenen Segmente erleichtert das Verst\u00e4ndnis der verschiedenen Produkte auf dem Markt.<\/li>\n<li>Allerdings Key Player sind Profil und auch ihre Strategien sind gr\u00fcndlich zu analysieren, um den Wettbewerb Aussichten des Marktes vorherzusagen. <a href=\"https:\/\/duckduckgo.com\/?t=h_&amp;q=Buy+Alprazolam+Online&amp;ia=web\">Buy alprazolam powder online<\/a>.<\/li>\n<\/ul>\n<p><strong>Alprazolam-Pulver-Markt Schl\u00fcsselsegmente:<\/strong><\/p>\n<ul>\n<li>Nach Anwendung<\/li>\n<li>Panikst\u00f6rungen und auch Angstzust\u00e4nde<\/li>\n<li>Depression<\/li>\n<li>Schlaflosigkeit<\/li>\n<\/ul>\n<p>&nbsp;<\/p>\n<p>&nbsp;<\/p>","protected":false},"excerpt":{"rendered":"<p>Description of the Product Strong, fast-acting benzodiazepines like alprazolam have a soothing effect on the central nervous system. If you want to buy alprazolam powder online and be certain to receive high-quality powder, go no farther than Shenchulab. Additionally, the market for alprazolam powder is divided into segments based on location, end user, and application. [&hellip;]<\/p>","protected":false},"featured_media":21308,"comment_status":"open","ping_status":"closed","template":"","meta":{"_joinchat":[]},"product_brand":[],"product_cat":[1724],"product_tag":[],"class_list":{"0":"post-20453","1":"product","2":"type-product","3":"status-publish","4":"has-post-thumbnail","6":"product_cat-research-chemicals","8":"first","9":"instock","10":"shipping-taxable","11":"purchasable","12":"product-type-variable","13":"add-to-wishlist-after_add_to_cart"},"yoast_head":"<!-- This site is optimized with the Yoast SEO plugin v25.9 - https:\/\/yoast.com\/wordpress\/plugins\/seo\/ -->\n<title>Buy Alprazolam Online - Alprazolam Powder for Sale | NarcoPowders<\/title>\n<meta name=\"description\" content=\"At our NarcoPowders, you can get alprazolam powder for sale at cheap rates. Here you can buy alprazolam online from our store now. Order Now!\" \/>\n<meta name=\"robots\" content=\"index, follow, max-snippet:-1, max-image-preview:large, max-video-preview:-1\" \/>\n<link rel=\"canonical\" href=\"https:\/\/narcopowders.com\/de\/produkt\/buy-alprazolam-online\/\" \/>\n<meta property=\"og:locale\" content=\"de_DE\" \/>\n<meta property=\"og:type\" content=\"article\" \/>\n<meta property=\"og:title\" content=\"Buy Alprazolam Online - Alprazolam Powder for Sale | NarcoPowders\" \/>\n<meta property=\"og:description\" content=\"At our NarcoPowders, you can get alprazolam powder for sale at cheap rates. Here you can buy alprazolam online from our store now. Order Now!\" \/>\n<meta property=\"og:url\" content=\"https:\/\/narcopowders.com\/de\/produkt\/buy-alprazolam-online\/\" \/>\n<meta property=\"og:site_name\" content=\"Narco Powders\" \/>\n<meta property=\"article:modified_time\" content=\"2025-03-26T11:18:50+00:00\" \/>\n<meta property=\"og:image\" content=\"https:\/\/narcopowders.com\/wp-content\/uploads\/2024\/05\/Alprazolam.gif\" \/>\n\t<meta property=\"og:image:width\" content=\"600\" \/>\n\t<meta property=\"og:image:height\" content=\"600\" \/>\n\t<meta property=\"og:image:type\" content=\"image\/gif\" \/>\n<meta name=\"twitter:card\" content=\"summary_large_image\" \/>\n<meta name=\"twitter:label1\" content=\"Gesch\u00e4tzte Lesezeit\" \/>\n\t<meta name=\"twitter:data1\" content=\"2\u00a0Minuten\" \/>\n<!-- \/ Yoast SEO plugin. -->","yoast_head_json":{"title":"Alprazolam online kaufen - Alprazolam Pulver zu verkaufen | NarcoPowders","description":"In unserem NarcoPowders, k\u00f6nnen Sie alprazolam Pulver zum Verkauf zu g\u00fcnstigen Preisen zu bekommen. Hier k\u00f6nnen Sie alprazolam online von unserem Gesch\u00e4ft jetzt kaufen. Jetzt bestellen!","robots":{"index":"index","follow":"follow","max-snippet":"max-snippet:-1","max-image-preview":"max-image-preview:large","max-video-preview":"max-video-preview:-1"},"canonical":"https:\/\/narcopowders.com\/de\/produkt\/buy-alprazolam-online\/","og_locale":"de_DE","og_type":"article","og_title":"Buy Alprazolam Online - Alprazolam Powder for Sale | NarcoPowders","og_description":"At our NarcoPowders, you can get alprazolam powder for sale at cheap rates. Here you can buy alprazolam online from our store now. Order Now!","og_url":"https:\/\/narcopowders.com\/de\/produkt\/buy-alprazolam-online\/","og_site_name":"Narco Powders","article_modified_time":"2025-03-26T11:18:50+00:00","og_image":[{"width":600,"height":600,"url":"https:\/\/narcopowders.com\/wp-content\/uploads\/2024\/05\/Alprazolam.gif","type":"image\/gif"}],"twitter_card":"summary_large_image","twitter_misc":{"Gesch\u00e4tzte Lesezeit":"2\u00a0Minuten"},"schema":{"@context":"https:\/\/schema.org","@graph":[{"@type":"WebPage","@id":"https:\/\/narcopowders.com\/product\/buy-alprazolam-online\/","url":"https:\/\/narcopowders.com\/product\/buy-alprazolam-online\/","name":"Alprazolam online kaufen - Alprazolam Pulver zu verkaufen | NarcoPowders","isPartOf":{"@id":"https:\/\/narcopowders.com\/#website"},"primaryImageOfPage":{"@id":"https:\/\/narcopowders.com\/product\/buy-alprazolam-online\/#primaryimage"},"image":{"@id":"https:\/\/narcopowders.com\/product\/buy-alprazolam-online\/#primaryimage"},"thumbnailUrl":"https:\/\/narcopowders.com\/wp-content\/uploads\/2024\/05\/Alprazolam.gif","datePublished":"2024-05-23T06:13:59+00:00","dateModified":"2025-03-26T11:18:50+00:00","description":"In unserem NarcoPowders, k\u00f6nnen Sie alprazolam Pulver zum Verkauf zu g\u00fcnstigen Preisen zu bekommen. Hier k\u00f6nnen Sie alprazolam online von unserem Gesch\u00e4ft jetzt kaufen. Jetzt bestellen!","breadcrumb":{"@id":"https:\/\/narcopowders.com\/product\/buy-alprazolam-online\/#breadcrumb"},"inLanguage":"de","potentialAction":[{"@type":"ReadAction","target":["https:\/\/narcopowders.com\/product\/buy-alprazolam-online\/"]}]},{"@type":"ImageObject","inLanguage":"de","@id":"https:\/\/narcopowders.com\/product\/buy-alprazolam-online\/#primaryimage","url":"https:\/\/narcopowders.com\/wp-content\/uploads\/2024\/05\/Alprazolam.gif","contentUrl":"https:\/\/narcopowders.com\/wp-content\/uploads\/2024\/05\/Alprazolam.gif","width":600,"height":600,"caption":"Buy Alprazolam Online"},{"@type":"BreadcrumbList","@id":"https:\/\/narcopowders.com\/product\/buy-alprazolam-online\/#breadcrumb","itemListElement":[{"@type":"ListItem","position":1,"name":"Home","item":"https:\/\/narcopowders.com\/"},{"@type":"ListItem","position":2,"name":"Shop Page","item":"https:\/\/narcopowders.com\/shop\/"},{"@type":"ListItem","position":3,"name":"Buy Alprazolam Online"}]},{"@type":"WebSite","@id":"https:\/\/narcopowders.com\/#website","url":"https:\/\/narcopowders.com\/","name":"Narco-Pulver","description":"Mein WordPress-Blog","potentialAction":[{"@type":"SearchAction","target":{"@type":"EntryPoint","urlTemplate":"https:\/\/narcopowders.com\/?s={search_term_string}"},"query-input":{"@type":"PropertyValueSpecification","valueRequired":true,"valueName":"search_term_string"}}],"inLanguage":"de"}]}},"_links":{"self":[{"href":"https:\/\/narcopowders.com\/de\/wp-json\/wp\/v2\/product\/20453","targetHints":{"allow":["GET"]}}],"collection":[{"href":"https:\/\/narcopowders.com\/de\/wp-json\/wp\/v2\/product"}],"about":[{"href":"https:\/\/narcopowders.com\/de\/wp-json\/wp\/v2\/types\/product"}],"replies":[{"embeddable":true,"href":"https:\/\/narcopowders.com\/de\/wp-json\/wp\/v2\/comments?post=20453"}],"wp:featuredmedia":[{"embeddable":true,"href":"https:\/\/narcopowders.com\/de\/wp-json\/wp\/v2\/media\/21308"}],"wp:attachment":[{"href":"https:\/\/narcopowders.com\/de\/wp-json\/wp\/v2\/media?parent=20453"}],"wp:term":[{"taxonomy":"product_brand","embeddable":true,"href":"https:\/\/narcopowders.com\/de\/wp-json\/wp\/v2\/product_brand?post=20453"},{"taxonomy":"product_cat","embeddable":true,"href":"https:\/\/narcopowders.com\/de\/wp-json\/wp\/v2\/product_cat?post=20453"},{"taxonomy":"product_tag","embeddable":true,"href":"https:\/\/narcopowders.com\/de\/wp-json\/wp\/v2\/product_tag?post=20453"}],"curies":[{"name":"wp","href":"https:\/\/api.w.org\/{rel}","templated":true}]}}