{"id":20461,"date":"2024-05-23T06:14:04","date_gmt":"2024-05-23T06:14:04","guid":{"rendered":"https:\/\/narcopowders.com\/?post_type=product&#038;p=20461"},"modified":"2025-05-06T06:57:52","modified_gmt":"2025-05-06T06:57:52","slug":"buy-6clbca-online","status":"publish","type":"product","link":"https:\/\/narcopowders.com\/de\/produkt\/buy-6clbca-online\/","title":{"rendered":"6CLBCA online kaufen"},"content":{"rendered":"<h2><strong>Holen Sie sich 6clbca online bei NarcoPowders zu vern\u00fcnftigen Preisen<a href=\"https:\/\/narcopowders.com\/de\/produkt\/kaufen-5cladb-online\/\">!<\/a><\/strong><\/h2>\n<p><a href=\"https:\/\/narcopowders.com\/de\/produkt\/buy-6clbca-online\/\">Kaufen Sie 6clbca bei Narco Powders<\/a>. Wir bieten eine 100%ige Kundenzufriedenheitsgarantie auf dieses <a href=\"https:\/\/narcopowders.com\/de\/\">Forschungschemikalie<\/a> Seit vielen Jahren. Hier erhalten Sie ausschlie\u00dflich Premiumware. 6clbca ist weltweit als analytisches Referenzmaterial anerkannt und wird strukturell als Cathinon eingestuft. Wir garantieren eine Reinheit von 98 %. F\u00fcr dieses Produkt ist Pulver in Wei\u00df oder Gelb erh\u00e4ltlich. Dank der aktualisierten Rezeptur ist es nun kosteng\u00fcnstiger und problemlos zollf\u00e4hig. <a href=\"https:\/\/en.wikipedia.org\/wiki\/Cannabinoid\">Get 6clbca from us right now online!<\/a><\/p>\n<h3><strong>Welche Anwendungen hat 6CLBC?<\/strong><\/h3>\n<p><a href=\"https:\/\/www.bing.com\/search?q=Buy%206CLBCA%20Online&amp;qs=n&amp;form=QBRE&amp;sp=-1&amp;lq=0&amp;pq=buy%206clbca%20online&amp;sc=9-17&amp;sk=&amp;cvid=71E329B7FCCB43489843A04C111E8871&amp;ghsh=0&amp;ghacc=0&amp;ghpl=\">6clbca<\/a> is only meant to be used in <a href=\"https:\/\/duckduckgo.com\/?q=Buy+6CLBCA+Online&amp;t=h_&amp;ia=web\">forensic investigations and applications<\/a>. In any form, it is not recommended for human consumption. It is merely a chemical for research.<\/p>\n<h3><strong>Welche bekannten Wirkungen von 6CLBC sind bekannt?<\/strong><\/h3>\n<p>Als Designerdroge weist sie eine Vielzahl von klinischen Wirkungen auf, darunter stimulierende, psychedelische und opioid\u00e4hnliche Eigenschaften. Es ist bekannt, dass diese Lernchemikalie der gr\u00f6\u00dfte Generator von Kreativit\u00e4t und Energie ist.<\/p>\n<h3><strong>Wie lauten die 6clbca-Speicheranweisungen?<\/strong><\/h3>\n<p>Es ist ratsam, 6clbca vor direkter Sonneneinstrahlung gesch\u00fctzt an einem k\u00fchlen, trockenen Ort zu lagern, wenn Sie es sicher aufbewahren wollen. Bei ordnungsgem\u00e4\u00dfer Lagerung ist dieses Produkt zwei Jahre lang haltbar.<\/p>\n<h3><strong>Wo kann ich 6clbca-Artikel online kaufen?<\/strong><\/h3>\n<p>Eine seri\u00f6se Gruppe von Herstellern und H\u00e4ndlern, die 6clbca zum Verkauf anbieten, hei\u00dft <a href=\"https:\/\/www.google.com\/search?q=Buy+6CLBCA+Online&amp;sca_esv=2a2a93e8be91f013&amp;sxsrf=AHTn8zqA_NV8LNCBQt3mCcPk2b8R0Oa6EQ%3A1742971932640&amp;ei=HKTjZ_XeJte5seMPsrGo-Q0&amp;ved=0ahUKEwj13Je3lKeMAxXXXGwGHbIYKt8Q4dUDCA8&amp;uact=5&amp;oq=Buy+6CLBCA+Online&amp;gs_lp=Egxnd3Mtd2l6LXNlcnAiEUJ1eSA2Q0xCQ0EgT25saW5lMgUQIRigATIFECEYoAFI_wdQlQRYlQRwA3gAkAEAmAGzAaABswGqAQMwLjG4AQPIAQD4AQL4AQGYAgGgArsBmAMAiAYBkgcDMC4xoAfnAbIHAzAuMbgHuwE&amp;sclient=gws-wiz-serp\">NarcoPowder<\/a>Wir versenden 6clbca online \u00fcberall hin, ohne das Land zu verlassen. Wir arbeiten ausschlie\u00dflich mit Premium-6clbca. Daher m\u00fcssen Sie sich \u00fcber die Preise f\u00fcr 6clbca keine Gedanken machen. Kaufen Sie 6CLBCA online.<\/p>\n<p>Wir sind Ihre beste Wahl, wenn Sie einen g\u00fcnstigen Online-H\u00e4ndler suchen, um 6clbca zu kaufen. Ihre Bestellung wird von uns sicher und schnell geliefert. Setzen Sie sich mit uns in Verbindung, um 6CLBCA jetzt online zu kaufen!<\/p>","protected":false},"excerpt":{"rendered":"<p><em>Kaufen<\/em>\u00a06cladba, 6cladb-a, 6cl-adb-a,\u00a0<em>6clbca<\/em>,\u00a0<em>6-cl-bca<\/em>,\u00a0<em>6cl-bca<\/em>, 6cl-bc-a Wir liefern und exportieren hochwertige und reine Forschungschemikalien in gro\u00dfen und kleinen Mengen.<\/p>","protected":false},"featured_media":21306,"comment_status":"open","ping_status":"closed","template":"","meta":{"_joinchat":[]},"product_brand":[],"product_cat":[1724,1538],"product_tag":[],"class_list":{"0":"post-20461","1":"product","2":"type-product","3":"status-publish","4":"has-post-thumbnail","6":"product_cat-research-chemicals","7":"product_cat-cannabinoids","9":"first","10":"instock","11":"shipping-taxable","12":"purchasable","13":"product-type-variable","14":"add-to-wishlist-after_add_to_cart"},"yoast_head":"<!-- This site is optimized with the Yoast SEO plugin v25.9 - https:\/\/yoast.com\/wordpress\/plugins\/seo\/ -->\n<title>Buy 6CLBCA Online - 6CLBCA Powder for Sale<\/title>\n<meta name=\"description\" content=\"Where to buy 6clbca online at the best price? Find high-quality 6clbca powder for sale at our secure online store, catering to your research requirements. Order Now!\" \/>\n<meta name=\"robots\" content=\"index, follow, max-snippet:-1, max-image-preview:large, max-video-preview:-1\" \/>\n<link rel=\"canonical\" href=\"https:\/\/narcopowders.com\/de\/produkt\/buy-6clbca-online\/\" \/>\n<meta property=\"og:locale\" content=\"de_DE\" \/>\n<meta property=\"og:type\" content=\"article\" \/>\n<meta property=\"og:title\" content=\"Buy 6CLBCA Online - 6CLBCA Powder for Sale\" \/>\n<meta property=\"og:description\" content=\"Where to buy 6clbca online at the best price? Find high-quality 6clbca powder for sale at our secure online store, catering to your research requirements. Order Now!\" \/>\n<meta property=\"og:url\" content=\"https:\/\/narcopowders.com\/de\/produkt\/buy-6clbca-online\/\" \/>\n<meta property=\"og:site_name\" content=\"Narco Powders\" \/>\n<meta property=\"article:modified_time\" content=\"2025-05-06T06:57:52+00:00\" \/>\n<meta property=\"og:image\" content=\"https:\/\/narcopowders.com\/wp-content\/uploads\/2024\/05\/6clbca.gif\" \/>\n\t<meta property=\"og:image:width\" content=\"600\" \/>\n\t<meta property=\"og:image:height\" content=\"600\" \/>\n\t<meta property=\"og:image:type\" content=\"image\/gif\" \/>\n<meta name=\"twitter:card\" content=\"summary_large_image\" \/>\n<meta name=\"twitter:label1\" content=\"Gesch\u00e4tzte Lesezeit\" \/>\n\t<meta name=\"twitter:data1\" content=\"2\u00a0Minuten\" \/>\n<!-- \/ Yoast SEO plugin. -->","yoast_head_json":{"title":"Kaufen 6CLBCA Online - 6CLBCA Pulver zum Verkauf","description":"Wo kann man 6clbca zum besten Preis online kaufen? Finden Sie hochwertiges 6clbca-Pulver zum Verkauf in unserem sicheren Online-Shop, der Ihren Forschungsanforderungen gerecht wird. Jetzt bestellen!","robots":{"index":"index","follow":"follow","max-snippet":"max-snippet:-1","max-image-preview":"max-image-preview:large","max-video-preview":"max-video-preview:-1"},"canonical":"https:\/\/narcopowders.com\/de\/produkt\/buy-6clbca-online\/","og_locale":"de_DE","og_type":"article","og_title":"Buy 6CLBCA Online - 6CLBCA Powder for Sale","og_description":"Where to buy 6clbca online at the best price? Find high-quality 6clbca powder for sale at our secure online store, catering to your research requirements. Order Now!","og_url":"https:\/\/narcopowders.com\/de\/produkt\/buy-6clbca-online\/","og_site_name":"Narco Powders","article_modified_time":"2025-05-06T06:57:52+00:00","og_image":[{"width":600,"height":600,"url":"https:\/\/narcopowders.com\/wp-content\/uploads\/2024\/05\/6clbca.gif","type":"image\/gif"}],"twitter_card":"summary_large_image","twitter_misc":{"Gesch\u00e4tzte Lesezeit":"2\u00a0Minuten"},"schema":{"@context":"https:\/\/schema.org","@graph":[{"@type":"WebPage","@id":"https:\/\/narcopowders.com\/product\/buy-6clbca-online\/","url":"https:\/\/narcopowders.com\/product\/buy-6clbca-online\/","name":"Kaufen 6CLBCA Online - 6CLBCA Pulver zum Verkauf","isPartOf":{"@id":"https:\/\/narcopowders.com\/#website"},"primaryImageOfPage":{"@id":"https:\/\/narcopowders.com\/product\/buy-6clbca-online\/#primaryimage"},"image":{"@id":"https:\/\/narcopowders.com\/product\/buy-6clbca-online\/#primaryimage"},"thumbnailUrl":"https:\/\/narcopowders.com\/wp-content\/uploads\/2024\/05\/6clbca.gif","datePublished":"2024-05-23T06:14:04+00:00","dateModified":"2025-05-06T06:57:52+00:00","description":"Wo kann man 6clbca zum besten Preis online kaufen? Finden Sie hochwertiges 6clbca-Pulver zum Verkauf in unserem sicheren Online-Shop, der Ihren Forschungsanforderungen gerecht wird. Jetzt bestellen!","breadcrumb":{"@id":"https:\/\/narcopowders.com\/product\/buy-6clbca-online\/#breadcrumb"},"inLanguage":"de","potentialAction":[{"@type":"ReadAction","target":["https:\/\/narcopowders.com\/product\/buy-6clbca-online\/"]}]},{"@type":"ImageObject","inLanguage":"de","@id":"https:\/\/narcopowders.com\/product\/buy-6clbca-online\/#primaryimage","url":"https:\/\/narcopowders.com\/wp-content\/uploads\/2024\/05\/6clbca.gif","contentUrl":"https:\/\/narcopowders.com\/wp-content\/uploads\/2024\/05\/6clbca.gif","width":600,"height":600,"caption":"Buy 6CLBCA Online"},{"@type":"BreadcrumbList","@id":"https:\/\/narcopowders.com\/product\/buy-6clbca-online\/#breadcrumb","itemListElement":[{"@type":"ListItem","position":1,"name":"Home","item":"https:\/\/narcopowders.com\/"},{"@type":"ListItem","position":2,"name":"Shop Page","item":"https:\/\/narcopowders.com\/shop\/"},{"@type":"ListItem","position":3,"name":"Buy 6CLBCA Online"}]},{"@type":"WebSite","@id":"https:\/\/narcopowders.com\/#website","url":"https:\/\/narcopowders.com\/","name":"Narco-Pulver","description":"Mein WordPress-Blog","potentialAction":[{"@type":"SearchAction","target":{"@type":"EntryPoint","urlTemplate":"https:\/\/narcopowders.com\/?s={search_term_string}"},"query-input":{"@type":"PropertyValueSpecification","valueRequired":true,"valueName":"search_term_string"}}],"inLanguage":"de"}]}},"_links":{"self":[{"href":"https:\/\/narcopowders.com\/de\/wp-json\/wp\/v2\/product\/20461","targetHints":{"allow":["GET"]}}],"collection":[{"href":"https:\/\/narcopowders.com\/de\/wp-json\/wp\/v2\/product"}],"about":[{"href":"https:\/\/narcopowders.com\/de\/wp-json\/wp\/v2\/types\/product"}],"replies":[{"embeddable":true,"href":"https:\/\/narcopowders.com\/de\/wp-json\/wp\/v2\/comments?post=20461"}],"wp:featuredmedia":[{"embeddable":true,"href":"https:\/\/narcopowders.com\/de\/wp-json\/wp\/v2\/media\/21306"}],"wp:attachment":[{"href":"https:\/\/narcopowders.com\/de\/wp-json\/wp\/v2\/media?parent=20461"}],"wp:term":[{"taxonomy":"product_brand","embeddable":true,"href":"https:\/\/narcopowders.com\/de\/wp-json\/wp\/v2\/product_brand?post=20461"},{"taxonomy":"product_cat","embeddable":true,"href":"https:\/\/narcopowders.com\/de\/wp-json\/wp\/v2\/product_cat?post=20461"},{"taxonomy":"product_tag","embeddable":true,"href":"https:\/\/narcopowders.com\/de\/wp-json\/wp\/v2\/product_tag?post=20461"}],"curies":[{"name":"wp","href":"https:\/\/api.w.org\/{rel}","templated":true}]}}