{"id":20462,"date":"2024-05-23T06:14:04","date_gmt":"2024-05-23T06:14:04","guid":{"rendered":"https:\/\/narcopowders.com\/?post_type=product&#038;p=20462"},"modified":"2025-03-26T07:25:04","modified_gmt":"2025-03-26T07:25:04","slug":"buy-4f-bca","status":"publish","type":"product","link":"https:\/\/narcopowders.com\/de\/product\/buy-4f-bca\/","title":{"rendered":"4F-BCA online kaufen"},"content":{"rendered":"<h2>Kaufen Sie 4F-BCA online bei NarcoPowder zu erschwinglichen Preisen!<\/h2>\n<p><a href=\"https:\/\/narcopowders.com\/de\/produkt\/kaufen-4f-bca\/\">4F-BCA kaufen<\/a>, Der Begriff 4F-BCA bezeichnet 4-Fluor-BCA, das in fl\u00fcssiger und fester Form erh\u00e4ltlich ist. Es wurde fr\u00fcher als Stimulans eingesetzt und geh\u00f6rte zur Klasse der <a href=\"https:\/\/narcopowders.com\/de\/\">cannabinoid indazoles<\/a>Es ist Teil einer Kr\u00e4utermischung, die online als Designerdroge angeboten wird. Der Herstellungsprozess ist m\u00f6glicherweise nicht genau und unkompliziert.<\/p>\n<p>Es ist ein starkes <a href=\"https:\/\/en.wikipedia.org\/wiki\/4F-MDMB-BINACA\">Forschungschemikalie<\/a> das nicht f\u00fcr den menschlichen Verzehr empfohlen wird. <a href=\"https:\/\/www.bing.com\/search?q=Buy%204F-BCA%20Online&amp;qs=n&amp;form=QBRE&amp;sp=-1&amp;lq=0&amp;pq=buy%204f-bca%20online&amp;sc=9-17&amp;sk=&amp;cvid=DBD53E1596B54DBDB3ADE646F740F343&amp;ghsh=0&amp;ghacc=0&amp;ghpl=\">4F-BCA<\/a> scheint vergleichbare Wirkungen wie andere Cannabinoide zu haben. Chemiker und Forscher k\u00f6nnen 4F-BCA bei <a href=\"https:\/\/duckduckgo.com\/?q=Buy+4F-BCA+Online&amp;t=h_&amp;ia=web\">NarcoPowder<\/a> zur Verwendung in Test-, Forschungs- und forensischen Anwendungen.<\/p>\n<h3>4F-BCA's Allgemeine Pharmakologie<\/h3>\n<p>4F-BCA ist ein Mitglied der Familie der Cannabis-Molek\u00fcle. 4F-ADB sollte dadurch ersetzt werden. Die Wirkungen von 4F-BCA sind \u00e4hnlich wie die von 5F-ADB und 4F-ADB. Es wird als neuartige Forschungsverbindung angepriesen, die ausschlie\u00dflich f\u00fcr die Forschung der Cannabis-Drogenindustrie bestimmt ist. Es ist ein guter Ersatz f\u00fcr sowohl 4F-ADB als auch 5F-ADB. Kaufen Sie <a href=\"https:\/\/www.bing.com\/search?q=Buy%204F-BCA%20Online&amp;qs=n&amp;form=QBRE&amp;sp=-1&amp;lq=0&amp;pq=buy%204f-bca%20online&amp;sc=9-17&amp;sk=&amp;cvid=DBD53E1596B54DBDB3ADE646F740F343&amp;ghsh=0&amp;ghacc=0&amp;ghpl=\">4F-BCA<\/a> bei uns noch heute zum Vorteilspreis online!<\/p>\n<p>4F-BCA kann konsumiert oder geraucht werden, da es in fl\u00fcssiger und fester Form vorliegt.<\/p>\n<p>Der <a href=\"https:\/\/www.google.com\/search?q=Buy+4F-BCA+Online&amp;sca_esv=2a2a93e8be91f013&amp;sxsrf=AHTn8zqzaehfD_tD-MQTXjuTUgHWTKl5mQ%3A1742973503660&amp;ei=P6rjZ7_zJ62gseMP2a3NuQI&amp;ved=0ahUKEwj_jqekmqeMAxUtUGwGHdlWMycQ4dUDCA8&amp;uact=5&amp;oq=Buy+4F-BCA+Online&amp;gs_lp=Egxnd3Mtd2l6LXNlcnAiEUJ1eSA0Ri1CQ0EgT25saW5lMgUQABjvBTIIEAAYogQYiQUyCBAAGIAEGKIEMggQABiABBiiBEjNBlChAlihAnABeACQAQCYAdoBoAHaAaoBAzItMbgBA8gBAPgBAfgBApgCAqAC_QGoAhDCAgcQIxgnGOoCwgINEC4Y0QMYxwEYJxjqAsICFBAAGIAEGJECGLQCGIoFGOoC2AEBmAMZ8QUqGGdK6G0bSboGBggBEAEYAZIHBTEuMC4xoAeIArIHAzItMbgH5AE&amp;sclient=gws-wiz-serp\">chemische Formel f\u00fcr 4F-BCA<\/a> lautet C23H22FN3O. Laut Beschreibung handelt es sich um eine gelbe pulverf\u00f6rmige Forschungsverbindung. Lagern Sie es \u00fcber einen l\u00e4ngeren Zeitraum k\u00fchl und trocken.<\/p>\n<p><strong>Methode der Nutzung<\/strong><\/p>\n<p>Regarding the <a href=\"https:\/\/www.google.com\/search?q=Buy+4F-BCA+Online&amp;sca_esv=2a2a93e8be91f013&amp;sxsrf=AHTn8zqzaehfD_tD-MQTXjuTUgHWTKl5mQ%3A1742973503660&amp;ei=P6rjZ7_zJ62gseMP2a3NuQI&amp;ved=0ahUKEwj_jqekmqeMAxUtUGwGHdlWMycQ4dUDCA8&amp;uact=5&amp;oq=Buy+4F-BCA+Online&amp;gs_lp=Egxnd3Mtd2l6LXNlcnAiEUJ1eSA0Ri1CQ0EgT25saW5lMgUQABjvBTIIEAAYogQYiQUyCBAAGIAEGKIEMggQABiABBiiBEjNBlChAlihAnABeACQAQCYAdoBoAHaAaoBAzItMbgBA8gBAPgBAfgBApgCAqAC_QGoAhDCAgcQIxgnGOoCwgINEC4Y0QMYxwEYJxjqAsICFBAAGIAEGJECGLQCGIoFGOoC2AEBmAMZ8QUqGGdK6G0bSboGBggBEAEYAZIHBTEuMC4xoAeIArIHAzItMbgH5AE&amp;sclient=gws-wiz-serp\">specific application of 4F-BCA<\/a>F\u00fcr die spezifische Anwendung von 4F-BCA gibt es keine Beweise. Obdachlose und andere Menschen, die sehr \u00e4ngstlich sind, verwenden diese Drogen. Es kann zwar oral eingenommen werden, aber die Hauptkonsummethode ist das Rauchen. Die genaue Menge und Anzahl der Medikamente - die zur Diskussion stehen - sind wichtiger als die Technik.<\/p>\n<p>Die meisten Menschen haben keine Ahnung, welche spezifische Droge oder Menge sie zu sich nehmen. Medizinische Erhebungen zeigen, dass es keine kommerziellen, industriellen oder therapeutischen Verwendungen f\u00fcr diese Drogen wie Buy 4F-BCA gibt.<\/p>\n<p>Holen Sie sich 4F-BCA jetzt bei <a href=\"https:\/\/duckduckgo.com\/?q=Buy+4F-BCA+Online&amp;t=h_&amp;ia=web\">Narcopowders.com<\/a>!<\/p>","protected":false},"excerpt":{"rendered":"<p>Purchase 4F-BCA Online at NarcoPowder for Affordable Prices! Buy 4F-BCA, The term 4F-BCA refers to 4-fluoro-BCA, which is available in liquid and solid forms. It was formerly employed as a stimulant and belonged to the class of cannabinoid indazoles. It&#8217;s part of a blend of herbal plants that are offered for sale online as designer [&hellip;]<\/p>","protected":false},"featured_media":21304,"comment_status":"open","ping_status":"closed","template":"","meta":{"_joinchat":[]},"product_brand":[],"product_cat":[1724,1538],"product_tag":[1725,1726,1727,1728,1729,1730,1731,1732,1733,1734,1735],"class_list":{"0":"post-20462","1":"product","2":"type-product","3":"status-publish","4":"has-post-thumbnail","6":"product_cat-research-chemicals","7":"product_cat-cannabinoids","8":"product_tag-4f-adb-psychonaut","9":"product_tag-4f-bca-reddit","10":"product_tag-4f-mdmb-2201","11":"product_tag-4f-mdmb-binaca-effects","12":"product_tag-4f-mdmb-binaca-reddit","13":"product_tag-4f-mdmb-pinaca","14":"product_tag-4fbca-effects","15":"product_tag-4fbca-reddit","16":"product_tag-5cl-adb-a","17":"product_tag-cannabinoid-sales","18":"product_tag-what-is-4f-mdmb-binaca-description-additional-information-what-is-4f-mdmb-binaca-description","20":"first","21":"instock","22":"shipping-taxable","23":"purchasable","24":"product-type-variable","25":"add-to-wishlist-after_add_to_cart"},"yoast_head":"<!-- This site is optimized with the Yoast SEO plugin v27.5 - https:\/\/yoast.com\/product\/yoast-seo-wordpress\/ -->\n<title>Buy 4F-BCA Online - 4F-BCA for Sale | Narcopowders<\/title>\n<meta name=\"description\" content=\"Explore our online store for 4f-bca for sale, offering high-quality 4f-bca powder. Buy 4f-bca online securely and embark on your research journey with confidence.\" \/>\n<meta name=\"robots\" content=\"index, follow, max-snippet:-1, max-image-preview:large, max-video-preview:-1\" \/>\n<link rel=\"canonical\" href=\"https:\/\/narcopowders.com\/de\/produkt\/kaufen-4f-bca\/\" \/>\n<meta property=\"og:locale\" content=\"de_DE\" \/>\n<meta property=\"og:type\" content=\"article\" \/>\n<meta property=\"og:title\" content=\"Buy 4F-BCA Online - 4F-BCA for Sale | Narcopowders\" \/>\n<meta property=\"og:description\" content=\"Explore our online store for 4f-bca for sale, offering high-quality 4f-bca powder. Buy 4f-bca online securely and embark on your research journey with confidence.\" \/>\n<meta property=\"og:url\" content=\"https:\/\/narcopowders.com\/de\/produkt\/kaufen-4f-bca\/\" \/>\n<meta property=\"og:site_name\" content=\"Narco Powders\" \/>\n<meta property=\"article:modified_time\" content=\"2025-03-26T07:25:04+00:00\" \/>\n<meta property=\"og:image\" content=\"https:\/\/narcopowders.com\/wp-content\/uploads\/2024\/05\/4f-bca.gif\" \/>\n\t<meta property=\"og:image:width\" content=\"600\" \/>\n\t<meta property=\"og:image:height\" content=\"600\" \/>\n\t<meta property=\"og:image:type\" content=\"image\/gif\" \/>\n<meta name=\"twitter:card\" content=\"summary_large_image\" \/>\n<meta name=\"twitter:label1\" content=\"Gesch\u00e4tzte Lesezeit\" \/>\n\t<meta name=\"twitter:data1\" content=\"2\u00a0Minuten\" \/>\n<!-- \/ Yoast SEO plugin. -->","yoast_head_json":{"title":"4F-BCA online kaufen - 4F-BCA zu verkaufen | Narcopowders","description":"Entdecken Sie unseren Online-Shop f\u00fcr 4f-bca zum Verkauf, der qualitativ hochwertiges 4f-bca Pulver anbietet. Kaufen Sie 4f-bca sicher online und begeben Sie sich mit Vertrauen auf Ihre Forschungsreise.","robots":{"index":"index","follow":"follow","max-snippet":"max-snippet:-1","max-image-preview":"max-image-preview:large","max-video-preview":"max-video-preview:-1"},"canonical":"https:\/\/narcopowders.com\/de\/produkt\/kaufen-4f-bca\/","og_locale":"de_DE","og_type":"article","og_title":"Buy 4F-BCA Online - 4F-BCA for Sale | Narcopowders","og_description":"Explore our online store for 4f-bca for sale, offering high-quality 4f-bca powder. Buy 4f-bca online securely and embark on your research journey with confidence.","og_url":"https:\/\/narcopowders.com\/de\/produkt\/kaufen-4f-bca\/","og_site_name":"Narco Powders","article_modified_time":"2025-03-26T07:25:04+00:00","og_image":[{"width":600,"height":600,"url":"https:\/\/narcopowders.com\/wp-content\/uploads\/2024\/05\/4f-bca.gif","type":"image\/gif"}],"twitter_card":"summary_large_image","twitter_misc":{"Gesch\u00e4tzte Lesezeit":"2\u00a0Minuten"},"schema":{"@context":"https:\/\/schema.org","@graph":[{"@type":"WebPage","@id":"https:\/\/narcopowders.com\/product\/buy-4f-bca\/","url":"https:\/\/narcopowders.com\/product\/buy-4f-bca\/","name":"4F-BCA online kaufen - 4F-BCA zu verkaufen | Narcopowders","isPartOf":{"@id":"https:\/\/narcopowders.com\/#website"},"primaryImageOfPage":{"@id":"https:\/\/narcopowders.com\/product\/buy-4f-bca\/#primaryimage"},"image":{"@id":"https:\/\/narcopowders.com\/product\/buy-4f-bca\/#primaryimage"},"thumbnailUrl":"https:\/\/narcopowders.com\/wp-content\/uploads\/2024\/05\/4f-bca.gif","datePublished":"2024-05-23T06:14:04+00:00","dateModified":"2025-03-26T07:25:04+00:00","description":"Entdecken Sie unseren Online-Shop f\u00fcr 4f-bca zum Verkauf, der qualitativ hochwertiges 4f-bca Pulver anbietet. Kaufen Sie 4f-bca sicher online und begeben Sie sich mit Vertrauen auf Ihre Forschungsreise.","breadcrumb":{"@id":"https:\/\/narcopowders.com\/product\/buy-4f-bca\/#breadcrumb"},"inLanguage":"de","potentialAction":[{"@type":"ReadAction","target":["https:\/\/narcopowders.com\/product\/buy-4f-bca\/"]}]},{"@type":"ImageObject","inLanguage":"de","@id":"https:\/\/narcopowders.com\/product\/buy-4f-bca\/#primaryimage","url":"https:\/\/narcopowders.com\/wp-content\/uploads\/2024\/05\/4f-bca.gif","contentUrl":"https:\/\/narcopowders.com\/wp-content\/uploads\/2024\/05\/4f-bca.gif","width":600,"height":600,"caption":"Buy 4F-BCA Online"},{"@type":"BreadcrumbList","@id":"https:\/\/narcopowders.com\/product\/buy-4f-bca\/#breadcrumb","itemListElement":[{"@type":"ListItem","position":1,"name":"Home","item":"https:\/\/narcopowders.com\/"},{"@type":"ListItem","position":2,"name":"Shop Page","item":"https:\/\/narcopowders.com\/shop\/"},{"@type":"ListItem","position":3,"name":"Buy 4F-BCA Online"}]},{"@type":"WebSite","@id":"https:\/\/narcopowders.com\/#website","url":"https:\/\/narcopowders.com\/","name":"Narco-Pulver","description":"Mein WordPress-Blog","potentialAction":[{"@type":"SearchAction","target":{"@type":"EntryPoint","urlTemplate":"https:\/\/narcopowders.com\/?s={search_term_string}"},"query-input":{"@type":"PropertyValueSpecification","valueRequired":true,"valueName":"search_term_string"}}],"inLanguage":"de"}]}},"_links":{"self":[{"href":"https:\/\/narcopowders.com\/de\/wp-json\/wp\/v2\/product\/20462","targetHints":{"allow":["GET"]}}],"collection":[{"href":"https:\/\/narcopowders.com\/de\/wp-json\/wp\/v2\/product"}],"about":[{"href":"https:\/\/narcopowders.com\/de\/wp-json\/wp\/v2\/types\/product"}],"replies":[{"embeddable":true,"href":"https:\/\/narcopowders.com\/de\/wp-json\/wp\/v2\/comments?post=20462"}],"wp:featuredmedia":[{"embeddable":true,"href":"https:\/\/narcopowders.com\/de\/wp-json\/wp\/v2\/media\/21304"}],"wp:attachment":[{"href":"https:\/\/narcopowders.com\/de\/wp-json\/wp\/v2\/media?parent=20462"}],"wp:term":[{"taxonomy":"product_brand","embeddable":true,"href":"https:\/\/narcopowders.com\/de\/wp-json\/wp\/v2\/product_brand?post=20462"},{"taxonomy":"product_cat","embeddable":true,"href":"https:\/\/narcopowders.com\/de\/wp-json\/wp\/v2\/product_cat?post=20462"},{"taxonomy":"product_tag","embeddable":true,"href":"https:\/\/narcopowders.com\/de\/wp-json\/wp\/v2\/product_tag?post=20462"}],"curies":[{"name":"wp","href":"https:\/\/api.w.org\/{rel}","templated":true}]}}