{"id":20488,"date":"2024-05-23T06:14:11","date_gmt":"2024-05-23T06:14:11","guid":{"rendered":"https:\/\/narcopowders.com\/?post_type=product&#038;p=20488"},"modified":"2025-03-26T12:54:51","modified_gmt":"2025-03-26T12:54:51","slug":"buy-3f-pvp-online","status":"publish","type":"product","link":"https:\/\/narcopowders.com\/de\/produkt\/3f-pvp-online-kaufen\/","title":{"rendered":"\u00a03F-PVP online kaufen"},"content":{"rendered":"<h2>3F-PVP (3FPVP) CRYSTALS online in den USA kaufen.<\/h2>\n<p><a href=\"https:\/\/narcopowders.com\/de\/produkt\/3f-pvp-online-kaufen\/\">3F-PVP (3FPVP) CRYSTALS kaufen<\/a> at <a href=\"https:\/\/narcopowders.com\/de\/\">NarcoPowders<\/a> um alle Ihre chemischen Bed\u00fcrfnisse zu erf\u00fcllen. Das Unternehmen<\/p>\n<p>ist bestrebt, ihren Kunden den bestm\u00f6glichen Service zu bieten, da sie das Vertrauen vieler Menschen gewonnen hat.<\/p>\n<h3>3F-PVP: WAS IST DAS?<\/h3>\n<p><a href=\"https:\/\/en.wikipedia.org\/wiki\/3F-PVP\">3F-PVP online<\/a> ist ein NarcoPowders der Cathinon-Klasse und hat die gleichen Eigenschaften wie A-PHP. 3F-alpha-PVP ist die chemische Bezeichnung f\u00fcr 3F-PVP. 3f-PVP hat ein Molekulargewicht von 249,32 und die Formel C15H20FNO .<\/p>\n<p>Die Dosierung von 3F-PVP erzeugt ein m\u00e4\u00dfiges bis intensives euphorisches Gef\u00fchl, das den ganzen K\u00f6rper durchdringt. Zweitens kann es bei hohen Dosierungen \u00fcberw\u00e4ltigend sein. Es f\u00f6rdert Freizeitaktivit\u00e4ten wie Tanzen, Klettern und Laufen.<\/p>\n<p>Manchmal wird es unm\u00f6glich. Starkes Zittern der H\u00e4nde und ein allgemeiner Mangel an motorischer Kontrolle werden durch das Zusammenpressen der Kiefer, unwillk\u00fcrliches K\u00f6rperzittern und Vibrationen verursacht, was es schwierig oder oft unm\u00f6glich macht, bewegungslos zu bleiben. Obwohl dieses Medikament einige negative Auswirkungen hat, wie zum Beispiel: Aufgrund bestimmter Symptome, wie z. B. die F\u00e4higkeit einer Person, ihre Augen ruckartig hin und her zu bewegen, was zu vor\u00fcbergehendem Verschwimmen und verschwommenem Sehen f\u00fchren kann, wird dennoch empfohlen, dass Sie vor der Einnahme immer mit Ihrem Arzt sprechen. 3F-PVP (3FPVP) CRYSTALS online in den USA kaufen. <a href=\"https:\/\/www.bing.com\/search?q=%C2%A0Buy%203F-PVP%20Online&amp;qs=n&amp;form=QBRE&amp;sp=-1&amp;lq=0&amp;pq=%C2%A0buy%203f-pvp%20online&amp;sc=9-18&amp;sk=&amp;cvid=F12718026CAD4580A2F80BB8B3515159&amp;ghsh=0&amp;ghacc=0&amp;ghpl=\">3F-PVP (3FPVP) CRYSTALS online in den USA kaufen.<\/a>.<\/p>\n<h3>DER IDEALE ORT, UM 3F-PVP ONLINE ZU KAUFEN<\/h3>\n<p>Einer der seri\u00f6sen und vertrauensw\u00fcrdigen Online-H\u00e4ndler von 3F-PVP ist NarcoPowders. Die Kunden haben dem Unternehmen viele positive Kommentare gegeben und erkl\u00e4rt, dass sie die h\u00f6chstm\u00f6gliche Qualit\u00e4t der Produkte erhalten.<\/p>\n<p>Um 3F-PVP online zu kaufen, m\u00fcssen Sie mindestens achtzehn Jahre alt sein. Wir bieten Online-Bestellungen f\u00fcr 3F-PVP in Mengen von ein paar Milligramm bis 25 Kilogramm. Das Unternehmen bietet Versanddienste in die ganze Welt an. Um sicherzustellen, dass niemand herausfindet, was sich in dem Paket befindet, wird jedes Paket einzeln verpackt. Alle Ihre Daten werden in unserem System gespeichert. Es besteht also keine M\u00f6glichkeit, dass Ihre Daten kompromittiert werden. Die Ware wird so schnell wie m\u00f6glich zugestellt.<\/p>\n<h3>3F-PVP (3FPVP) KRISTALLE ONLINE KAUFEN.<\/h3>\n<p><strong>Beschreibung<\/strong><\/p>\n<p>M\u00f6chten Sie gerne <a href=\"https:\/\/duckduckgo.com\/?q=%C2%A0Buy+3F-PVP+Online&amp;t=h_&amp;ia=web\">3F-PVP-Pulver kaufen<\/a>Sie m\u00f6chten 3F-PVP Pulver, 3-Fluor-\u03b1-pyrrolidinovalerophenon kaufen? Dann sind Sie bei uns genau richtig! Alle Forschungschemikalien in unserem Webshop sind laborgepr\u00fcft und von h\u00f6chster Qualit\u00e4t. Die Bestellungen werden diskret verpackt und innerhalb von 24 Stunden versandt. Dar\u00fcber hinaus k\u00f6nnen Sie sicher und schnell mit Bitcoin und Kryptow\u00e4hrungen bezahlen.<\/p>\n<h3>Wo kann ich 3F-PVP kaufen?<\/h3>\n<p>In unserem Webshop finden Sie alle Ihre Forschungschemikalien und hier k\u00f6nnen Sie auch 3F-PVP in bester Qualit\u00e4t bestellen. <a href=\"https:\/\/www.google.com\/search?q=%C2%A0Buy+3F-PVP+Online&amp;sca_esv=2a2a93e8be91f013&amp;sxsrf=AHTn8zpPPsmwzj6zJPLCOE80jLMxwLxZgA%3A1742973216562&amp;ei=IKnjZ-eFIpO4seMP8OfD6A4&amp;ved=0ahUKEwjnlbSbmaeMAxUTXGwGHfDzEO0Q4dUDCA8&amp;uact=5&amp;oq=%C2%A0Buy+3F-PVP+Online&amp;gs_lp=Egxnd3Mtd2l6LXNlcnAiE8KgQnV5IDNGLVBWUCBPbmxpbmUyBBAjGCcyCBAAGIAEGKIEMgUQABjvBTIFEAAY7wUyBRAAGO8FSI4HUM4BWM4BcAF4AJABAJgBtwGgAbcBqgEDMC4xuAEDyAEA-AEB-AECmAICoALyAagCFMICBxAjGCcY6gLCAg0QLhjRAxjHARgnGOoCwgIUEAAYgAQYkQIYtAIYigUY6gLYAQHCAhQQLhiABBiRAhi0AhiKBRjqAtgBAcICEBAAGAMYtAIY6gIYjwHYAQGYAzDxBYUf81X8VCZnugYGCAEQARgBkgcDMS4xoAfeA7IHAzAuMbgHwgE&amp;sclient=gws-wiz-serp\">3F-PVP in bester Qualit\u00e4t bestellen<\/a>.<\/p>\n<p>Dieser Stoff ist nur f\u00fcr die Verwendung im Labor bestimmt.<\/p>\n<p>Achten Sie immer darauf, dass Sie angemessene Sicherheitsvorkehrungen treffen. Denken Sie zum Beispiel daran, freiliegende Haut zu bedecken und eine Schutzbrille zu tragen.<\/p>\n<p>Bitte beachten Sie: Wie andere Forschungschemikalien ist auch 3F-PVP nur f\u00fcr Forschungszwecke bestimmt und sollte nicht von Menschen, Tieren oder anderen Lebewesen verzehrt werden.<\/p>\n<p>An einem trockenen, k\u00fchlen Ort lagern, um eine maximale Haltbarkeit zu gew\u00e4hrleisten.<\/p>\n<p>Wir verkaufen keine Forschungschemikalien an Personen unter 18 Jahren.<\/p>","protected":false},"excerpt":{"rendered":"<p>Buy 3F-PVP (3FPVP) CRYSTALS online in USA. Buy 3F-PVP (3FPVP) CRYSTALS at NarcoPowders to meet all your chemical needs. The company strives to provide its customers with the greatest possible service as it has won the trust of many people . 3F-PVP: WHAT IS IT? 3F-PVP online is a cathinone class NarcoPowders and has the [&hellip;]<\/p>","protected":false},"featured_media":21283,"comment_status":"open","ping_status":"closed","template":"","meta":{"_joinchat":[]},"product_brand":[],"product_cat":[1539,1724],"product_tag":[1549,1550,1551,1552],"class_list":{"0":"post-20488","1":"product","2":"type-product","3":"status-publish","4":"has-post-thumbnail","6":"product_cat-cathinone","7":"product_cat-research-chemicals","8":"product_tag-3f-pihp","9":"product_tag-4cl-pvp","10":"product_tag-4f-php","11":"product_tag-4f-pvp","13":"first","14":"instock","15":"shipping-taxable","16":"purchasable","17":"product-type-variable","18":"add-to-wishlist-after_add_to_cart"},"yoast_head":"<!-- This site is optimized with the Yoast SEO plugin v25.9 - https:\/\/yoast.com\/wordpress\/plugins\/seo\/ -->\n<title>Buy 3F-PVP Online - 3F-PVP for Sale | NarcoPowders<\/title>\n<meta name=\"description\" content=\"Looking to further your research? Buy 3f-pvp conveniently and securely online, with a straightforward ordering process for 3f-pvp for sale.\" \/>\n<meta name=\"robots\" content=\"index, follow, max-snippet:-1, max-image-preview:large, max-video-preview:-1\" \/>\n<link rel=\"canonical\" href=\"https:\/\/narcopowders.com\/de\/produkt\/3f-pvp-online-kaufen\/\" \/>\n<meta property=\"og:locale\" content=\"de_DE\" \/>\n<meta property=\"og:type\" content=\"article\" \/>\n<meta property=\"og:title\" content=\"Buy 3F-PVP Online - 3F-PVP for Sale | NarcoPowders\" \/>\n<meta property=\"og:description\" content=\"Looking to further your research? Buy 3f-pvp conveniently and securely online, with a straightforward ordering process for 3f-pvp for sale.\" \/>\n<meta property=\"og:url\" content=\"https:\/\/narcopowders.com\/de\/produkt\/3f-pvp-online-kaufen\/\" \/>\n<meta property=\"og:site_name\" content=\"Narco Powders\" \/>\n<meta property=\"article:modified_time\" content=\"2025-03-26T12:54:51+00:00\" \/>\n<meta property=\"og:image\" content=\"https:\/\/narcopowders.com\/wp-content\/uploads\/2024\/05\/3fpvp.gif\" \/>\n\t<meta property=\"og:image:width\" content=\"600\" \/>\n\t<meta property=\"og:image:height\" content=\"600\" \/>\n\t<meta property=\"og:image:type\" content=\"image\/gif\" \/>\n<meta name=\"twitter:card\" content=\"summary_large_image\" \/>\n<meta name=\"twitter:label1\" content=\"Gesch\u00e4tzte Lesezeit\" \/>\n\t<meta name=\"twitter:data1\" content=\"3\u00a0Minuten\" \/>\n<!-- \/ Yoast SEO plugin. -->","yoast_head_json":{"title":"3F-PVP online kaufen - 3F-PVP zu verkaufen | NarcoPowders","description":"M\u00f6chten Sie Ihre Forschung vorantreiben? Kaufen Sie 3f-pvp bequem und sicher online, mit einem unkomplizierten Bestellvorgang f\u00fcr 3f-pvp zum Verkauf.","robots":{"index":"index","follow":"follow","max-snippet":"max-snippet:-1","max-image-preview":"max-image-preview:large","max-video-preview":"max-video-preview:-1"},"canonical":"https:\/\/narcopowders.com\/de\/produkt\/3f-pvp-online-kaufen\/","og_locale":"de_DE","og_type":"article","og_title":"Buy 3F-PVP Online - 3F-PVP for Sale | NarcoPowders","og_description":"Looking to further your research? Buy 3f-pvp conveniently and securely online, with a straightforward ordering process for 3f-pvp for sale.","og_url":"https:\/\/narcopowders.com\/de\/produkt\/3f-pvp-online-kaufen\/","og_site_name":"Narco Powders","article_modified_time":"2025-03-26T12:54:51+00:00","og_image":[{"width":600,"height":600,"url":"https:\/\/narcopowders.com\/wp-content\/uploads\/2024\/05\/3fpvp.gif","type":"image\/gif"}],"twitter_card":"summary_large_image","twitter_misc":{"Gesch\u00e4tzte Lesezeit":"3\u00a0Minuten"},"schema":{"@context":"https:\/\/schema.org","@graph":[{"@type":"WebPage","@id":"https:\/\/narcopowders.com\/product\/buy-3f-pvp-online\/","url":"https:\/\/narcopowders.com\/product\/buy-3f-pvp-online\/","name":"3F-PVP online kaufen - 3F-PVP zu verkaufen | NarcoPowders","isPartOf":{"@id":"https:\/\/narcopowders.com\/#website"},"primaryImageOfPage":{"@id":"https:\/\/narcopowders.com\/product\/buy-3f-pvp-online\/#primaryimage"},"image":{"@id":"https:\/\/narcopowders.com\/product\/buy-3f-pvp-online\/#primaryimage"},"thumbnailUrl":"https:\/\/narcopowders.com\/wp-content\/uploads\/2024\/05\/3fpvp.gif","datePublished":"2024-05-23T06:14:11+00:00","dateModified":"2025-03-26T12:54:51+00:00","description":"M\u00f6chten Sie Ihre Forschung vorantreiben? Kaufen Sie 3f-pvp bequem und sicher online, mit einem unkomplizierten Bestellvorgang f\u00fcr 3f-pvp zum Verkauf.","breadcrumb":{"@id":"https:\/\/narcopowders.com\/product\/buy-3f-pvp-online\/#breadcrumb"},"inLanguage":"de","potentialAction":[{"@type":"ReadAction","target":["https:\/\/narcopowders.com\/product\/buy-3f-pvp-online\/"]}]},{"@type":"ImageObject","inLanguage":"de","@id":"https:\/\/narcopowders.com\/product\/buy-3f-pvp-online\/#primaryimage","url":"https:\/\/narcopowders.com\/wp-content\/uploads\/2024\/05\/3fpvp.gif","contentUrl":"https:\/\/narcopowders.com\/wp-content\/uploads\/2024\/05\/3fpvp.gif","width":600,"height":600,"caption":"\u00a0Buy 3F-PVP Online"},{"@type":"BreadcrumbList","@id":"https:\/\/narcopowders.com\/product\/buy-3f-pvp-online\/#breadcrumb","itemListElement":[{"@type":"ListItem","position":1,"name":"Home","item":"https:\/\/narcopowders.com\/"},{"@type":"ListItem","position":2,"name":"Shop Page","item":"https:\/\/narcopowders.com\/shop\/"},{"@type":"ListItem","position":3,"name":"\u00a0Buy 3F-PVP Online"}]},{"@type":"WebSite","@id":"https:\/\/narcopowders.com\/#website","url":"https:\/\/narcopowders.com\/","name":"Narco-Pulver","description":"Mein WordPress-Blog","potentialAction":[{"@type":"SearchAction","target":{"@type":"EntryPoint","urlTemplate":"https:\/\/narcopowders.com\/?s={search_term_string}"},"query-input":{"@type":"PropertyValueSpecification","valueRequired":true,"valueName":"search_term_string"}}],"inLanguage":"de"}]}},"_links":{"self":[{"href":"https:\/\/narcopowders.com\/de\/wp-json\/wp\/v2\/product\/20488","targetHints":{"allow":["GET"]}}],"collection":[{"href":"https:\/\/narcopowders.com\/de\/wp-json\/wp\/v2\/product"}],"about":[{"href":"https:\/\/narcopowders.com\/de\/wp-json\/wp\/v2\/types\/product"}],"replies":[{"embeddable":true,"href":"https:\/\/narcopowders.com\/de\/wp-json\/wp\/v2\/comments?post=20488"}],"wp:featuredmedia":[{"embeddable":true,"href":"https:\/\/narcopowders.com\/de\/wp-json\/wp\/v2\/media\/21283"}],"wp:attachment":[{"href":"https:\/\/narcopowders.com\/de\/wp-json\/wp\/v2\/media?parent=20488"}],"wp:term":[{"taxonomy":"product_brand","embeddable":true,"href":"https:\/\/narcopowders.com\/de\/wp-json\/wp\/v2\/product_brand?post=20488"},{"taxonomy":"product_cat","embeddable":true,"href":"https:\/\/narcopowders.com\/de\/wp-json\/wp\/v2\/product_cat?post=20488"},{"taxonomy":"product_tag","embeddable":true,"href":"https:\/\/narcopowders.com\/de\/wp-json\/wp\/v2\/product_tag?post=20488"}],"curies":[{"name":"wp","href":"https:\/\/api.w.org\/{rel}","templated":true}]}}