{"id":20495,"date":"2024-05-23T06:14:12","date_gmt":"2024-05-23T06:14:12","guid":{"rendered":"https:\/\/narcopowders.com\/?post_type=product&#038;p=20495"},"modified":"2024-05-24T10:11:45","modified_gmt":"2024-05-24T10:11:45","slug":"buy-5faeb-online","status":"publish","type":"product","link":"https:\/\/narcopowders.com\/de\/produkt\/kaufen-5faeb-online\/","title":{"rendered":"5FAEB online kaufen"},"content":{"rendered":"<h2>5FAEB online kaufen<\/h2>\n<p>Kaufen Sie 5F-AEB, Cannabinoide sind die aktiven Chemikalien in medizinischem Marihuana. Als solche sind sie \u00e4hnlich wie Chemikalien, die der K\u00f6rper macht, die in Appetit, Ged\u00e4chtnis, Bewegung und Schmerz beteiligt sind<a href=\"https:\/\/narcopowders.com\/de\/produkt\/kaufen-5cladb-online\/\">.<\/a><\/p>\n<p>Die Forschung legt nahe, dass Cannabinoide (5FAEB2201)<a href=\"https:\/\/en.wikipedia.org\/wiki\/5F-EMB-PINACA\">:<\/a><\/p>\n<p>\u00c4ngste abbauen<\/p>\n<p>Verringerung der Entz\u00fcndung und Linderung von Schmerzen<\/p>\n<p>Kontrolle von \u00dcbelkeit und Erbrechen aufgrund einer Chemotherapie<\/p>\n<p>T\u00f6tet Krebszellen und verlangsamt das Tumorwachstum<\/p>\n<p>Entspannung verspannter Muskeln bei Menschen mit Multipler Sklerose<\/p>\n<h3>Stimuliert den Appetit und verbessert die Gewichtszunahme bei Menschen mit Krebs und AIDS 5FAEB2201<\/h3>\n<p>Ebenso oft wird berichtet, dass es Dutzende oder sogar \u00fcber 100 pflanzliche Cannabinoide gibt, die von Cannabis produziert werden. Aber es ist schwierig, die genaue Zahl zu kennen. Dementsprechend sind die meisten 5FAEB2201 in sehr geringen Mengen vorhanden, insbesondere in kommerziellen Cannabisprodukten. Daher ist es f\u00fcr die Wissenschaftler schwierig, sie genau zu bestimmen. Wichtig ist jedoch, dass es viele davon gibt. Lassen Sie uns zum Schluss noch einen genaueren Blick auf einige der wichtigsten Cannabinoide werfen, die in Cannabisprodukten zu finden sind.<\/p>\n<p>Folglich stellt Cannabis die bekanntesten Cannabinoide, die mit der Pflanze assoziiert werden, THC und CBD, nicht direkt her. Stattdessen synthetisiert es mehrere Cannabinoids\u00e4uren. Diese Cannabinoids\u00e4uren m\u00fcssen in der Regel durch Hitze \"aktiviert\" (decarboxyliert) werden, um die Verbindungen zu erhalten, die die meisten Verbraucher suchen (THC oder CBD). Neben THCA und CBDA gibt es noch eine Reihe weiterer Cannabinoids\u00e4uren, die von Cannabis Buy 5FAEB Online produziert werden k\u00f6nnen.<\/p>\n<h3><span lang=\"EN-US\">Warum 5F-AEB-2201 kaufen?<\/span><span lang=\"EN-US\">\u00a0von LegitChemicals<\/span><\/h3>\n<p><span lang=\"EN-US\">\u00a0<\/span><span lang=\"EN-US\">Anstatt verwirrt zu sein \u00fcber\u00a0<strong>wo man 5F-AEB-2201 kaufen kann,\u00a0<\/strong>ist es gut, dieses NarcoPowders zu w\u00e4hlen. Es ist bequemer f\u00fcr die Benutzer, sie \u00fcber die Online-Plattform zu bestellen und das Produkt in ein paar Tagen oder sogar am selben Tag geliefert zu bekommen. Die Produktverpackung wird perfekt, sicher und sicher zu verwenden, wie die Produkte in dieser Agentur mit dem Standard und rechtliche Formel hergestellt werden. Die Fachleute sind immer gut darin, das ben\u00f6tigte Produkt zu liefern und berechnen nur einen angemessenen Preis entsprechend der Menge, die Sie ben\u00f6tigen.\u00a0<\/span><\/p>\n<h4><strong><span lang=\"EN-US\">\u00a0<\/span><\/strong><span lang=\"EN-US\">Wie wird 5F-AEB-2201 verwendet?<\/span><\/h4>\n<p><span lang=\"EN-US\">\u00a0<\/span><span lang=\"EN-US\">Dies ist ein synthetisches Cannabinoid-Produkt, das psychische Erkrankungen und andere Probleme verursacht, wenn es ohne die richtige Dosierung und Kenntnis eingenommen wird. Daher ist es besser, sich an den Arzt zu wenden und das Medikament in der richtigen Dosierung zu erhalten. Das Produkt wird f\u00fcr verschiedene Zwecke n\u00fctzlich sein, aber es ist besser, die Anweisungen zu kennen, bevor Sie es bestellen. Die Medikamente, die Sie erhalten, sind rein, von guter Qualit\u00e4t, kosteng\u00fcnstig und k\u00f6nnen f\u00fcr weitere Forschungszwecke verwendet werden. Dieses Unternehmen wird meist verkaufen das Produkt f\u00fcr Forschungszwecke allein, und auch, ihre Produkte sind legal und unter den Regeln und die Regulierung der USA Regierung, Buy 5F-AEB .\u00a0<\/span><\/p>","protected":false},"excerpt":{"rendered":"<p>Buy 5FAEB Online Buy 5F-AEB,\u00a0 Cannabinoids is the active chemicals in medical marijuana. As such, they are similar to chemicals the body makes that are involved in appetite, memory, movement, and pain. Research suggests cannabinoids (5FAEB2201) might: Reduce anxiety Reduce inflammation and relieve pain Control nausea and vomiting caused by chemotherapy Kill cancer cells and [&hellip;]<\/p>","protected":false},"featured_media":21282,"comment_status":"open","ping_status":"closed","template":"","meta":{"_joinchat":[]},"product_brand":[],"product_cat":[15],"product_tag":[],"class_list":{"0":"post-20495","1":"product","2":"type-product","3":"status-publish","4":"has-post-thumbnail","6":"product_cat-uncategorized","8":"first","9":"instock","10":"shipping-taxable","11":"purchasable","12":"product-type-variable","13":"add-to-wishlist-after_add_to_cart"},"yoast_head":"<!-- This site is optimized with the Yoast SEO plugin v25.9 - https:\/\/yoast.com\/wordpress\/plugins\/seo\/ -->\n<title>Buy 5FAEB Online - Order 5FAEB Powder<\/title>\n<meta name=\"description\" content=\"Buy 5FAEB Online, 5F-ADB-33 is a synthetic indazole-based cannabinoid that belongs to the indazole-3-carboxamide family. 5faeb available at our onlinestore.\" \/>\n<meta name=\"robots\" content=\"index, follow, max-snippet:-1, max-image-preview:large, max-video-preview:-1\" \/>\n<link rel=\"canonical\" href=\"https:\/\/narcopowders.com\/de\/produkt\/kaufen-5faeb-online\/\" \/>\n<meta property=\"og:locale\" content=\"de_DE\" \/>\n<meta property=\"og:type\" content=\"article\" \/>\n<meta property=\"og:title\" content=\"Buy 5FAEB Online - Order 5FAEB Powder\" \/>\n<meta property=\"og:description\" content=\"Buy 5FAEB Online, 5F-ADB-33 is a synthetic indazole-based cannabinoid that belongs to the indazole-3-carboxamide family. 5faeb available at our onlinestore.\" \/>\n<meta property=\"og:url\" content=\"https:\/\/narcopowders.com\/de\/produkt\/kaufen-5faeb-online\/\" \/>\n<meta property=\"og:site_name\" content=\"Narco Powders\" \/>\n<meta property=\"article:modified_time\" content=\"2024-05-24T10:11:45+00:00\" \/>\n<meta property=\"og:image\" content=\"https:\/\/narcopowders.com\/wp-content\/uploads\/2024\/05\/5f-AEB.gif\" \/>\n\t<meta property=\"og:image:width\" content=\"600\" \/>\n\t<meta property=\"og:image:height\" content=\"600\" \/>\n\t<meta property=\"og:image:type\" content=\"image\/gif\" \/>\n<meta name=\"twitter:card\" content=\"summary_large_image\" \/>\n<meta name=\"twitter:label1\" content=\"Gesch\u00e4tzte Lesezeit\" \/>\n\t<meta name=\"twitter:data1\" content=\"3\u00a0Minuten\" \/>\n<!-- \/ Yoast SEO plugin. -->","yoast_head_json":{"title":"5FAEB online kaufen - 5FAEB-Pulver bestellen","description":"Kaufen Sie 5FAEB Online, 5F-ADB-33 ist ein synthetisches Cannabinoid auf Indazolbasis, das zur Familie der Indazol-3-Carboxamide geh\u00f6rt. 5faeb erh\u00e4ltlich in unserem Online-Shop.","robots":{"index":"index","follow":"follow","max-snippet":"max-snippet:-1","max-image-preview":"max-image-preview:large","max-video-preview":"max-video-preview:-1"},"canonical":"https:\/\/narcopowders.com\/de\/produkt\/kaufen-5faeb-online\/","og_locale":"de_DE","og_type":"article","og_title":"Buy 5FAEB Online - Order 5FAEB Powder","og_description":"Buy 5FAEB Online, 5F-ADB-33 is a synthetic indazole-based cannabinoid that belongs to the indazole-3-carboxamide family. 5faeb available at our onlinestore.","og_url":"https:\/\/narcopowders.com\/de\/produkt\/kaufen-5faeb-online\/","og_site_name":"Narco Powders","article_modified_time":"2024-05-24T10:11:45+00:00","og_image":[{"width":600,"height":600,"url":"https:\/\/narcopowders.com\/wp-content\/uploads\/2024\/05\/5f-AEB.gif","type":"image\/gif"}],"twitter_card":"summary_large_image","twitter_misc":{"Gesch\u00e4tzte Lesezeit":"3\u00a0Minuten"},"schema":{"@context":"https:\/\/schema.org","@graph":[{"@type":"WebPage","@id":"https:\/\/narcopowders.com\/product\/buy-5faeb-online\/","url":"https:\/\/narcopowders.com\/product\/buy-5faeb-online\/","name":"5FAEB online kaufen - 5FAEB-Pulver bestellen","isPartOf":{"@id":"https:\/\/narcopowders.com\/#website"},"primaryImageOfPage":{"@id":"https:\/\/narcopowders.com\/product\/buy-5faeb-online\/#primaryimage"},"image":{"@id":"https:\/\/narcopowders.com\/product\/buy-5faeb-online\/#primaryimage"},"thumbnailUrl":"https:\/\/narcopowders.com\/wp-content\/uploads\/2024\/05\/5f-AEB.gif","datePublished":"2024-05-23T06:14:12+00:00","dateModified":"2024-05-24T10:11:45+00:00","description":"Kaufen Sie 5FAEB Online, 5F-ADB-33 ist ein synthetisches Cannabinoid auf Indazolbasis, das zur Familie der Indazol-3-Carboxamide geh\u00f6rt. 5faeb erh\u00e4ltlich in unserem Online-Shop.","breadcrumb":{"@id":"https:\/\/narcopowders.com\/product\/buy-5faeb-online\/#breadcrumb"},"inLanguage":"de","potentialAction":[{"@type":"ReadAction","target":["https:\/\/narcopowders.com\/product\/buy-5faeb-online\/"]}]},{"@type":"ImageObject","inLanguage":"de","@id":"https:\/\/narcopowders.com\/product\/buy-5faeb-online\/#primaryimage","url":"https:\/\/narcopowders.com\/wp-content\/uploads\/2024\/05\/5f-AEB.gif","contentUrl":"https:\/\/narcopowders.com\/wp-content\/uploads\/2024\/05\/5f-AEB.gif","width":600,"height":600,"caption":"Buy 5FAEB Online"},{"@type":"BreadcrumbList","@id":"https:\/\/narcopowders.com\/product\/buy-5faeb-online\/#breadcrumb","itemListElement":[{"@type":"ListItem","position":1,"name":"Home","item":"https:\/\/narcopowders.com\/"},{"@type":"ListItem","position":2,"name":"Shop Page","item":"https:\/\/narcopowders.com\/shop\/"},{"@type":"ListItem","position":3,"name":"Buy 5FAEB Online"}]},{"@type":"WebSite","@id":"https:\/\/narcopowders.com\/#website","url":"https:\/\/narcopowders.com\/","name":"Narco-Pulver","description":"Mein WordPress-Blog","potentialAction":[{"@type":"SearchAction","target":{"@type":"EntryPoint","urlTemplate":"https:\/\/narcopowders.com\/?s={search_term_string}"},"query-input":{"@type":"PropertyValueSpecification","valueRequired":true,"valueName":"search_term_string"}}],"inLanguage":"de"}]}},"_links":{"self":[{"href":"https:\/\/narcopowders.com\/de\/wp-json\/wp\/v2\/product\/20495","targetHints":{"allow":["GET"]}}],"collection":[{"href":"https:\/\/narcopowders.com\/de\/wp-json\/wp\/v2\/product"}],"about":[{"href":"https:\/\/narcopowders.com\/de\/wp-json\/wp\/v2\/types\/product"}],"replies":[{"embeddable":true,"href":"https:\/\/narcopowders.com\/de\/wp-json\/wp\/v2\/comments?post=20495"}],"wp:featuredmedia":[{"embeddable":true,"href":"https:\/\/narcopowders.com\/de\/wp-json\/wp\/v2\/media\/21282"}],"wp:attachment":[{"href":"https:\/\/narcopowders.com\/de\/wp-json\/wp\/v2\/media?parent=20495"}],"wp:term":[{"taxonomy":"product_brand","embeddable":true,"href":"https:\/\/narcopowders.com\/de\/wp-json\/wp\/v2\/product_brand?post=20495"},{"taxonomy":"product_cat","embeddable":true,"href":"https:\/\/narcopowders.com\/de\/wp-json\/wp\/v2\/product_cat?post=20495"},{"taxonomy":"product_tag","embeddable":true,"href":"https:\/\/narcopowders.com\/de\/wp-json\/wp\/v2\/product_tag?post=20495"}],"curies":[{"name":"wp","href":"https:\/\/api.w.org\/{rel}","templated":true}]}}