{"id":20502,"date":"2024-05-23T06:14:12","date_gmt":"2024-05-23T06:14:12","guid":{"rendered":"https:\/\/narcopowders.com\/?post_type=product&#038;p=20502"},"modified":"2024-05-24T07:20:11","modified_gmt":"2024-05-24T07:20:11","slug":"buy-4f%e2%80%90mdmb%e2%80%90binaca-online","status":"publish","type":"product","link":"https:\/\/narcopowders.com\/de\/produkt\/buy-4f\u2010mdmb\u2010binaca-online\/","title":{"rendered":"4F-MDMB-BINACA online kaufen"},"content":{"rendered":"<h2>4f-mdmb-b online kaufen<\/h2>\n<p>Kaufen Sie 4F-MDMB-B, Sie k\u00f6nnen 4f-mdmb-b online bei NarcoPowders zu einem erschwinglichen Preis kaufen, der die Bank nicht sprengen wird. Seit vielen Jahren besch\u00e4ftigen wir uns nur mit 4f-mdmb-b, das zum Verkauf steht. Wir \u00fcberwachen jedes Produkt, um sicherzustellen, dass unsere Kunden nur das Beste auf der ganzen Welt erhalten. Unsere sachkundigen Mitarbeiter arbeiten unerm\u00fcdlich, um die Bestellungen in Bezug auf 4f-mdmb-b online zu erledigen. Unsere Online-H\u00e4ndler und Lieferanten liefern 4f-mdmb-b rechtzeitig aus.<a href=\"https:\/\/narcopowders.com\/de\/product\/buy-5f-akb48-online\/\">.<\/a><\/p>\n<p>Wenn Sie 4f-mdmb-b bei uns bestellen, brauchen Sie sich um nichts zu k\u00fcmmern. Unsere Mitarbeiter werden Ihre Bestellung sicher verpacken. Kontaktieren Sie uns gleich jetzt, um Ihre Bed\u00fcrfnisse zu besprechen und dieses Produkt so schnell wie m\u00f6glich zu erhalten.<\/p>\n<p>4f-mdmb-b jetzt online kaufen<a href=\"https:\/\/en.wikipedia.org\/wiki\/MDMB-FUBINACA\">!<\/a><\/p>\n<h3>4f-mdmb-b: Was ist das?<\/h3>\n<p>Ein synthetischer Wirkstoff auf Indazolbasis aus der Familie der Indazol-3-Carboxamide hei\u00dft 4f-mdmb-b. Es ist nicht bekannt, ob es f\u00fcr dieses Ziel selektiv ist, es wurde jedoch als Wirkstoff in Produkten eingesetzt und als nofollow external noopener noreferrer vermarktet.<\/p>\n<h3>Welche unerw\u00fcnschten Wirkungen hat 4f-mdmb-b?<\/h3>\n<p>Die folgenden Nebenwirkungen sind 4f-mdmb-b:<\/p>\n<ul>\n<li>Wahnvorstellungen<\/li>\n<li>Verwirrtes \u00dcbergeben<\/li>\n<li>Schmerzen im Brustkorb<\/li>\n<\/ul>\n<h3>Wie kann ich 4f-mdmb-b zum Verkauf finden?<\/h3>\n<p>Geben Sie es auf, herauszufinden, wo Sie 4f-mdmb-b bekommen k\u00f6nnen. Dieses Produkt wurde von NarcoPowders zu einem g\u00fcnstigen Preis entwickelt. Wir verpflichten uns, dasselbe in kurzer Zeit zu liefern. Sie werden nicht sehr lange warten m\u00fcssen. Vertrauen Sie uns, und wir werden Ihre Bestellung schnell liefern!<\/p>\n<p>Wir sind ein Team von engagierten und flei\u00dfigen Spezialisten, die sich darum bem\u00fchen, dass jeder unsere Dienstleistungen und Waren nutzen kann. Wir kennen Ihre Bed\u00fcrfnisse und sind hier, um Sie zu unterst\u00fctzen, indem wir Ihnen einen One-Stop-Shop f\u00fcr preisg\u00fcnstige, erstklassige Waren, Buy 4F-MDMB-B.<\/p>\n<h2>Wirkstoffe in MDMB-CHMINACA<\/h2>\n<p>Enth\u00e4lt\u00a0<strong>ein Gramm von min 98%+ reinem MDMB-CHMINACA<\/strong>\u00a0pro Auftragseinheit.<\/p>\n<h2>Dosierung von MDMB-CHMINACA<\/h2>\n<p>Es gibt keine empfohlene Dosis, da\u00a0<strong>MDMB-CHMINACA<\/strong>\u00a0ist nicht f\u00fcr den menschlichen Verzehr bestimmt, sondern wird nur als Forschungschemikalie f\u00fcr Forschungszwecke verkauft.<\/p>\n<h2>Auswirkungen von MDMB-CHMINACA :<\/h2>\n<p>Die klinischen Auswirkungen der meisten neuen\u00a0<strong>Designerdrogen<\/strong>\u00a0wie\u00a0<strong>MDMB-CHMINACA<\/strong>\u00a0k\u00f6nnen entweder als halluzinogen, stimulierend oder opioid\u00e4hnlich beschrieben werden. Aufgrund der Substitution der Seitenketten durch Designer k\u00f6nnen sie auch eine Kombination dieser Wirkungen haben.<\/p>\n<h2>Nebenwirkungen von MDMB-CHMINACA<\/h2>\n<p>Wie andere Designerdrogen ist der Konsum von\u00a0<strong>MDMB-CHMINACA<\/strong>\u00a0kann starke Nebenwirkungen verursachen; die Substanz ist weder klinisch getestet noch in irgendeiner Weise als Produkt zum Verzehr zugelassen! Daher ist MDMB-CHMINACA NICHT F\u00dcR DEN MENSCHLICHEN VERBRAUCH, sondern NUR F\u00dcR WISSENSCHAFTLICHE FORSCHUNG!<\/p>\n<h2>Wie lagert man MDMB-CHMINACA?<\/h2>\n<p>Halten Sie MDMB-CHMINACA unter 30 Grad Celsius. Lagern Sie MDMB-CHMINACA in der Originalverpackung und sch\u00fctzen Sie es vor direkter Sonneneinstrahlung und Feuchtigkeit.<\/p>","protected":false},"excerpt":{"rendered":"<p>4F-MDMB-BINACA, oft auch als MDMB-4F-BINACA, 4F-MDMB-BUTINACA oder 4F-ADB bezeichnet, ist ein synthetisches Cannabinoid, das von Indazolen abgeleitet ist und zur Familie der Indazol-3-Carboxamide geh\u00f6rt. Es wird seit Ende 2018 als Designermedikament vermarktet und als aktiver Bestandteil in synthetischen Cannabisprodukten verwendet.<\/p>\n<div class=\"l_ecrd_vqfcts_row\">\n<div class=\"lc_expfact\">\n<div class=\"lc_expfact_default\">Rechtsstatus Klasse F2 (Verbotene Psychopharmaka) - : Anlage II - : Anlage II (Nur zugelassener Handel, nicht verschreibungspflichtig) - Klasse B - Psychopharmaka Anlage II<\/div>\n<div class=\"lc_expfact_plus\" tabindex=\"0\"><\/div>\n<\/div>\n<\/div>\n<div class=\"l_ecrd_vqfcts_row l_ecrd_vqfcts_row_space\">\n<div class=\"lc_expfact\">\n<div class=\"lc_expfact_default\">CAS-Nummer:2390036-46-9<\/div>\n<\/div>\n<\/div>\n<div class=\"l_ecrd_vqfcts_row l_ecrd_vqfcts_row_space\">\n<div class=\"lc_expfact\">\n<div class=\"lc_expfact_default\">PubChem CID:145707216<\/div>\n<\/div>\n<\/div>\n<div class=\"l_ecrd_vqfcts_row l_ecrd_vqfcts_row_space\">\n<div class=\"lc_expfact\">\n<div class=\"lc_expfact_default\">ChemSpider:71117201<\/div>\n<\/div>\n<\/div>\n<div id=\"wire0\" class=\"b_expandable_inline_container\" data-rinterval=\"-1\" data-errormessage=\"We can't find any more info about this page right now\">\n<div class=\"l_ecrd_vqfcts_row l_ecrd_vqfcts_row_space\">\n<div class=\"lc_expfact\">\n<div class=\"lc_expfact_default\">UNII:ZH38UTM145<\/div>\n<\/div>\n<\/div>\n<div class=\"l_ecrd_vqfcts_row l_ecrd_vqfcts_row_space\">\n<div class=\"lc_expfact\">\n<div class=\"lc_expfact_default\">KEGG:C22799<\/div>\n<\/div>\n<\/div>\n<div class=\"l_ecrd_vqfcts_row l_ecrd_vqfcts_row_space\">\n<div class=\"lc_expfact\">\n<div class=\"lc_expfact_default\">CompTox Dashboard (EPA) DTXSID001017266<\/div>\n<div class=\"lc_expfact_plus\" tabindex=\"0\"><\/div>\n<\/div>\n<\/div>\n<div class=\"l_ecrd_vqfcts_row l_ecrd_vqfcts_row_space\">\n<div class=\"lc_expfact\">\n<div class=\"lc_expfact_default\">Formel:C\u2081\u2089H\u2082\u2086FN\u2083O\u2083<\/div>\n<\/div>\n<\/div>\n<\/div>","protected":false},"featured_media":21261,"comment_status":"open","ping_status":"closed","template":"","meta":{"_joinchat":[]},"product_brand":[],"product_cat":[1538],"product_tag":[],"class_list":{"0":"post-20502","1":"product","2":"type-product","3":"status-publish","4":"has-post-thumbnail","6":"product_cat-cannabinoids","8":"first","9":"instock","10":"shipping-taxable","11":"purchasable","12":"product-type-variable","13":"add-to-wishlist-after_add_to_cart"},"yoast_head":"<!-- This site is optimized with the Yoast SEO plugin v25.9 - https:\/\/yoast.com\/wordpress\/plugins\/seo\/ -->\n<title>Buy 4F-MDMB-B<\/title>\n<meta name=\"description\" content=\"Buy 4F-MDMB-B, 4F-MDMB-Binaca can be purchased at NarcoPowders. We sell the highest quality 4F-MDMB-Binaca available. Order Now.\" \/>\n<meta name=\"robots\" content=\"index, follow, max-snippet:-1, max-image-preview:large, max-video-preview:-1\" \/>\n<link rel=\"canonical\" href=\"https:\/\/narcopowders.com\/de\/produkt\/buy-4f\u2010mdmb\u2010binaca-online\/\" \/>\n<meta property=\"og:locale\" content=\"de_DE\" \/>\n<meta property=\"og:type\" content=\"article\" \/>\n<meta property=\"og:title\" content=\"Buy 4F-MDMB-B\" \/>\n<meta property=\"og:description\" content=\"Buy 4F-MDMB-B, 4F-MDMB-Binaca can be purchased at NarcoPowders. We sell the highest quality 4F-MDMB-Binaca available. Order Now.\" \/>\n<meta property=\"og:url\" content=\"https:\/\/narcopowders.com\/de\/produkt\/buy-4f\u2010mdmb\u2010binaca-online\/\" \/>\n<meta property=\"og:site_name\" content=\"Narco Powders\" \/>\n<meta property=\"article:modified_time\" content=\"2024-05-24T07:20:11+00:00\" \/>\n<meta property=\"og:image\" content=\"https:\/\/narcopowders.com\/wp-content\/uploads\/2024\/05\/4f-mdmb2201.gif\" \/>\n\t<meta property=\"og:image:width\" content=\"600\" \/>\n\t<meta property=\"og:image:height\" content=\"600\" \/>\n\t<meta property=\"og:image:type\" content=\"image\/gif\" \/>\n<meta name=\"twitter:card\" content=\"summary_large_image\" \/>\n<meta name=\"twitter:label1\" content=\"Gesch\u00e4tzte Lesezeit\" \/>\n\t<meta name=\"twitter:data1\" content=\"3\u00a0Minuten\" \/>\n<!-- \/ Yoast SEO plugin. -->","yoast_head_json":{"title":"4F-MDMB-B kaufen","description":"Kaufen Sie 4F-MDMB-B, 4F-MDMB-Binaca k\u00f6nnen Sie bei NarcoPowders kaufen. Wir verkaufen die h\u00f6chste Qualit\u00e4t 4F-MDMB-Binaca verf\u00fcgbar. Jetzt bestellen.","robots":{"index":"index","follow":"follow","max-snippet":"max-snippet:-1","max-image-preview":"max-image-preview:large","max-video-preview":"max-video-preview:-1"},"canonical":"https:\/\/narcopowders.com\/de\/produkt\/buy-4f\u2010mdmb\u2010binaca-online\/","og_locale":"de_DE","og_type":"article","og_title":"Buy 4F-MDMB-B","og_description":"Buy 4F-MDMB-B, 4F-MDMB-Binaca can be purchased at NarcoPowders. We sell the highest quality 4F-MDMB-Binaca available. Order Now.","og_url":"https:\/\/narcopowders.com\/de\/produkt\/buy-4f\u2010mdmb\u2010binaca-online\/","og_site_name":"Narco Powders","article_modified_time":"2024-05-24T07:20:11+00:00","og_image":[{"width":600,"height":600,"url":"https:\/\/narcopowders.com\/wp-content\/uploads\/2024\/05\/4f-mdmb2201.gif","type":"image\/gif"}],"twitter_card":"summary_large_image","twitter_misc":{"Gesch\u00e4tzte Lesezeit":"3\u00a0Minuten"},"schema":{"@context":"https:\/\/schema.org","@graph":[{"@type":"WebPage","@id":"https:\/\/narcopowders.com\/product\/buy-4f%e2%80%90mdmb%e2%80%90binaca-online\/","url":"https:\/\/narcopowders.com\/product\/buy-4f%e2%80%90mdmb%e2%80%90binaca-online\/","name":"4F-MDMB-B kaufen","isPartOf":{"@id":"https:\/\/narcopowders.com\/#website"},"primaryImageOfPage":{"@id":"https:\/\/narcopowders.com\/product\/buy-4f%e2%80%90mdmb%e2%80%90binaca-online\/#primaryimage"},"image":{"@id":"https:\/\/narcopowders.com\/product\/buy-4f%e2%80%90mdmb%e2%80%90binaca-online\/#primaryimage"},"thumbnailUrl":"https:\/\/narcopowders.com\/wp-content\/uploads\/2024\/05\/4f-mdmb2201.gif","datePublished":"2024-05-23T06:14:12+00:00","dateModified":"2024-05-24T07:20:11+00:00","description":"Kaufen Sie 4F-MDMB-B, 4F-MDMB-Binaca k\u00f6nnen Sie bei NarcoPowders kaufen. Wir verkaufen die h\u00f6chste Qualit\u00e4t 4F-MDMB-Binaca verf\u00fcgbar. Jetzt bestellen.","breadcrumb":{"@id":"https:\/\/narcopowders.com\/product\/buy-4f%e2%80%90mdmb%e2%80%90binaca-online\/#breadcrumb"},"inLanguage":"de","potentialAction":[{"@type":"ReadAction","target":["https:\/\/narcopowders.com\/product\/buy-4f%e2%80%90mdmb%e2%80%90binaca-online\/"]}]},{"@type":"ImageObject","inLanguage":"de","@id":"https:\/\/narcopowders.com\/product\/buy-4f%e2%80%90mdmb%e2%80%90binaca-online\/#primaryimage","url":"https:\/\/narcopowders.com\/wp-content\/uploads\/2024\/05\/4f-mdmb2201.gif","contentUrl":"https:\/\/narcopowders.com\/wp-content\/uploads\/2024\/05\/4f-mdmb2201.gif","width":600,"height":600,"caption":"Buy 4F-MDMB-B online"},{"@type":"BreadcrumbList","@id":"https:\/\/narcopowders.com\/product\/buy-4f%e2%80%90mdmb%e2%80%90binaca-online\/#breadcrumb","itemListElement":[{"@type":"ListItem","position":1,"name":"Home","item":"https:\/\/narcopowders.com\/"},{"@type":"ListItem","position":2,"name":"Shop Page","item":"https:\/\/narcopowders.com\/shop\/"},{"@type":"ListItem","position":3,"name":"Buy 4F\u2010MDMB\u2010BINACA Online"}]},{"@type":"WebSite","@id":"https:\/\/narcopowders.com\/#website","url":"https:\/\/narcopowders.com\/","name":"Narco-Pulver","description":"Mein WordPress-Blog","potentialAction":[{"@type":"SearchAction","target":{"@type":"EntryPoint","urlTemplate":"https:\/\/narcopowders.com\/?s={search_term_string}"},"query-input":{"@type":"PropertyValueSpecification","valueRequired":true,"valueName":"search_term_string"}}],"inLanguage":"de"}]}},"_links":{"self":[{"href":"https:\/\/narcopowders.com\/de\/wp-json\/wp\/v2\/product\/20502","targetHints":{"allow":["GET"]}}],"collection":[{"href":"https:\/\/narcopowders.com\/de\/wp-json\/wp\/v2\/product"}],"about":[{"href":"https:\/\/narcopowders.com\/de\/wp-json\/wp\/v2\/types\/product"}],"replies":[{"embeddable":true,"href":"https:\/\/narcopowders.com\/de\/wp-json\/wp\/v2\/comments?post=20502"}],"wp:featuredmedia":[{"embeddable":true,"href":"https:\/\/narcopowders.com\/de\/wp-json\/wp\/v2\/media\/21261"}],"wp:attachment":[{"href":"https:\/\/narcopowders.com\/de\/wp-json\/wp\/v2\/media?parent=20502"}],"wp:term":[{"taxonomy":"product_brand","embeddable":true,"href":"https:\/\/narcopowders.com\/de\/wp-json\/wp\/v2\/product_brand?post=20502"},{"taxonomy":"product_cat","embeddable":true,"href":"https:\/\/narcopowders.com\/de\/wp-json\/wp\/v2\/product_cat?post=20502"},{"taxonomy":"product_tag","embeddable":true,"href":"https:\/\/narcopowders.com\/de\/wp-json\/wp\/v2\/product_tag?post=20502"}],"curies":[{"name":"wp","href":"https:\/\/api.w.org\/{rel}","templated":true}]}}