{"id":20523,"date":"2024-05-23T06:14:19","date_gmt":"2024-05-23T06:14:19","guid":{"rendered":"https:\/\/narcopowders.com\/?post_type=product&#038;p=20523"},"modified":"2025-03-26T12:20:50","modified_gmt":"2025-03-26T12:20:50","slug":"buy-adb-butinaca-online","status":"publish","type":"product","link":"https:\/\/narcopowders.com\/de\/produkt\/adb-butinaca-online-kaufen\/","title":{"rendered":"ADB-Butinaca online kaufen"},"content":{"rendered":"<h2><strong>ADBB-Pulver online kaufen<\/strong><\/h2>\n<p><a href=\"https:\/\/narcopowders.com\/de\/produkt\/adb-butinaca-online-kaufen\/\">Buy ADBB Online<\/a>, Some synthetic <a href=\"https:\/\/en.wikipedia.org\/wiki\/ADB-BUTINACA\">Cannabisprodukte<\/a> contain components of a recently created synthetic drug called <a href=\"https:\/\/www.bing.com\/search?q=Buy%20ADB-Butinaca%20Online&amp;qs=n&amp;form=QBRE&amp;sp=-1&amp;lq=0&amp;pq=buy%20adb-butinaca%20online&amp;sc=2-23&amp;sk=&amp;cvid=763F2B36D18543F698FC47811A3FD525&amp;ghsh=0&amp;ghacc=0&amp;ghpl=\">ADBB<\/a>Mit EC50-Werten von 0,52 nM bzw. 0,88 nM sind sie die starken Agonisten. <a href=\"https:\/\/narcopowders.com\/de\/\">Narco Powders.<\/a><\/p>\n<p>der CB1- und CB2-Rezeptoren. Die physiologischen und toxikologischen Eigenschaften dieser Verbindung sind jedoch noch unbekannt<a href=\"http:\/\/: https:\/\/narcopowders.com\/product\/buy-a-pvp-online\/\">.<\/a><\/p>\n<h3><strong>Wie wird das ADBB verwendet?<\/strong><\/h3>\n<p>Die ADBB-Droge ist nicht f\u00fcr den menschlichen Verzehr geeignet. Diese Droge wird von Forschern in forensischen Labors als Forschungschemikalie verwendet.<\/p>\n<h3><strong>Was sind die Nebenwirkungen von ADBB?<\/strong><\/h3>\n<p>Die langfristige Einnahme von ADBB-Pulver kann die folgenden Nebenwirkungen verursachen:<\/p>\n<p>o Delirium<\/p>\n<p>o Kardiotoxizit\u00e4t<\/p>\n<p>o Krampfanf\u00e4lle<\/p>\n<p>o Unterk\u00fchlung<\/p>\n<h3><strong>Wie haben Sie von ADB Butinaca erfahren?<\/strong><\/h3>\n<p>Es ist schwierig zu identifizieren <a href=\"https:\/\/www.google.de\/search?q=Buy+ADB-Butinaca+Online&amp;sca_esv=1a2a07081c7891bb&amp;rlz=1C1RXQR_enIN1098IN1098&amp;ei=2bbOZ_CHF_S2vr0PgN6FqAs&amp;ved=0ahUKEwiw2Lmsn_-LAxV0m68BHQBvAbUQ4dUDCBA&amp;uact=5&amp;oq=Buy+ADB-Butinaca+Online&amp;gs_lp=Egxnd3Mtd2l6LXNlcnAiF0J1eSBBREItQnV0aW5hY2EgT25saW5lSLEHUMEDWMEDcAJ4AJABAJgB1AGgAdQBqgEDMi0xuAEDyAEA-AEC-AEBmAIAoAIAmAMAiAYBkgcAoAdL&amp;sclient=gws-wiz-serp\">ADB Butinaca<\/a> Es ist schwierig, ADB Butinaca ohne logische Tests zu identifizieren. Es erscheint von Natur aus in hellbraunen oder gelblichen Partikeln und vermischt sich leicht mit anderen im Handel erh\u00e4ltlichen ADB Butinaca. Eine kleine Menge von ADB Butinaca in einem Vorkoster erschwert die Identifizierung, da andere Ger\u00e4te Fassadenmerkmale wie Farbton, Geruch und Geschmack verwenden k\u00f6nnen. Sie k\u00f6nnen auch vampirisiert oder oral inspiriert werden. Beim ADB Butinaca werden die beiliegenden Proben als Stra\u00dfendrogen verkauft; die Leute stecken sie ein. Die Kunden berichteten erst nach dem Konsum von ADB Butinaca signifikant \u00fcber das Unternehmen. Da so wenig \u00fcber seine chemischen Eigenschaften bekannt ist, haben Forscher und Chemiebegeisterte eine gro\u00dfe Chance, spannende Experimente durchzuf\u00fchren und den Weg zur Bestimmung der wesentlichen chemischen und physikalischen Eigenschaften der Verbindung zu weisen.<\/p>\n<h3><strong>Warum kaufen die Leute den ADB Butinaca?<\/strong><\/h3>\n<p>Es ist ein Bestandteil einiger synthetischer Cannabisprodukte. Diese Designerdroge wurde von dem bekannten amerikanischen Pharmaunternehmen Pfizer als potenzielles Analgetikum entwickelt. Sie sollten sich der potenziellen Risiken und Nebenwirkungen bewusst sein, wenn Sie es zu Forschungszwecken verwenden m\u00f6chten. Wie andere synthetische Cannabinoide hat es psychoaktive Eigenschaften. Dar\u00fcber hinaus sind verschiedene Nebenwirkungen dieser Substanz nachgewiesen worden. Orange Hems, eine seri\u00f6se Plattform, ist der Ort, an dem Sie dieses Medikament bekommen k\u00f6nnen, um <a href=\"https:\/\/duckduckgo.com\/?q=Buy+ADB-Butinaca+Online&amp;t=h_&amp;ia=web\">ADB Butinaca online kaufen<\/a>.<\/p>\n<h3><strong>Was sind die Auswirkungen von ADB Butinaca?<\/strong><\/h3>\n<p>ADB-BUTINACA ist eine neue, \u00fcberw\u00e4ltigende Substanz, die im Allgemeinen f\u00fcr die Forschung verwendet wird.<\/p>\n<p>Diese neuen synthetischen Cannabinoide sind eine k\u00fcnstlich hergestellte Substanz, die sich an die CB1- und CB2-Rezeptoren des K\u00f6rpers bindet.<\/p>\n<p>Die Cannabinoidrezeptoren CB1 und CB2 sind an zahlreichen physiologischen Prozessen beteiligt.<\/p>\n<p>Unser zentrales Nervensystem, das dazu beitr\u00e4gt, die psychoaktive Wirkung von Cannabis zu vermitteln, enth\u00e4lt CB1 im Gehirn und im R\u00fcckenmark.<\/p>\n<p>Wei\u00dfe Blutk\u00f6rperchen enthalten CB2-Rezeptoren, die die Funktionen der Immunzellen regulieren.<\/p>\n<p>Au\u00dferdem wird es auf niedrigeren Ebenen im Gehirn gesprochen. Die Wirkungen von ADB-BIANCA sind nicht gut dokumentiert, und es ist nicht legal, ADB-Butinaca zu kaufen. Sie sind synthetische dopaminerge, so dass sie auf den gleichen Clearing-Akzeptor im Gehirn wie TCH, die das Bewusstsein ver\u00e4ndernde Element in Cannabis ist, und ADB Butinaca bestellen. Es gibt keine Haftung f\u00fcr irgendwelche Aktionen oder Kosten, die aus Ihrer Platzierung von ADB Butinaca online bestellen ist adb butinaca kontrolliert? adb butinaca cayman kaufen, adb butinaca dea kaufen, adb butinaca cayman, adb butinaca zum Verkauf<\/p>\n<p>Wie kann man adb butinaca kaufen, Qualit\u00e4t adb butinaca zum Verkauf, adb butinaca Shop, wo kann man adb butinaca kaufen, 5f-adb kaufen<\/p>\n<p>7-adb, trrcshop, 5f-adb-33n, adb-butinaca psychonaut, adb-butinaca verwendet, adb-butinaca Nebenwirkungen, kaufen adb butinaca legal.<\/p>","protected":false},"excerpt":{"rendered":"<p>ADB-BUTINACA ist ein synthetisches Cannabismolek\u00fcl, das als Designerdroge vermarktet wurde. Unter Verwendung der EBDD-Benennungsrichtlinien wird es auch als ADMB-BINACA bezeichnet. Mit einer EC50 von 6,36 nM f\u00fcr CB1 ist es ein starker CB1-Agonist mit einer Bindungsaffinit\u00e4t von 0,29 nM f\u00fcr CB1 und 0,91 nM f\u00fcr CB2.<\/p>","protected":false},"featured_media":21268,"comment_status":"open","ping_status":"closed","template":"","meta":{"_joinchat":[]},"product_brand":[],"product_cat":[1724,1538],"product_tag":[],"class_list":{"0":"post-20523","1":"product","2":"type-product","3":"status-publish","4":"has-post-thumbnail","6":"product_cat-research-chemicals","7":"product_cat-cannabinoids","9":"first","10":"instock","11":"shipping-taxable","12":"purchasable","13":"product-type-variable","14":"add-to-wishlist-after_add_to_cart"},"yoast_head":"<!-- This site is optimized with the Yoast SEO plugin v25.9 - https:\/\/yoast.com\/wordpress\/plugins\/seo\/ -->\n<title>Buy ADB-Butinaca - ADB-Butinaca for Sale | NarcoPowders<\/title>\n<meta name=\"description\" content=\"Buy ADB-Butinaca - ADB-BUTINACA (also known as ADMB-BINACA under the EMCDDA naming standards) is a synthetic cannabinoid compound. Order Now!\" \/>\n<meta name=\"robots\" content=\"index, follow, max-snippet:-1, max-image-preview:large, max-video-preview:-1\" \/>\n<link rel=\"canonical\" href=\"https:\/\/narcopowders.com\/de\/produkt\/adb-butinaca-online-kaufen\/\" \/>\n<meta property=\"og:locale\" content=\"de_DE\" \/>\n<meta property=\"og:type\" content=\"article\" \/>\n<meta property=\"og:title\" content=\"Buy ADB-Butinaca - ADB-Butinaca for Sale | NarcoPowders\" \/>\n<meta property=\"og:description\" content=\"Buy ADB-Butinaca - ADB-BUTINACA (also known as ADMB-BINACA under the EMCDDA naming standards) is a synthetic cannabinoid compound. Order Now!\" \/>\n<meta property=\"og:url\" content=\"https:\/\/narcopowders.com\/de\/produkt\/adb-butinaca-online-kaufen\/\" \/>\n<meta property=\"og:site_name\" content=\"Narco Powders\" \/>\n<meta property=\"article:modified_time\" content=\"2025-03-26T12:20:50+00:00\" \/>\n<meta property=\"og:image\" content=\"https:\/\/narcopowders.com\/wp-content\/uploads\/2024\/05\/Add-b.gif\" \/>\n\t<meta property=\"og:image:width\" content=\"600\" \/>\n\t<meta property=\"og:image:height\" content=\"600\" \/>\n\t<meta property=\"og:image:type\" content=\"image\/gif\" \/>\n<meta name=\"twitter:card\" content=\"summary_large_image\" \/>\n<meta name=\"twitter:label1\" content=\"Gesch\u00e4tzte Lesezeit\" \/>\n\t<meta name=\"twitter:data1\" content=\"3\u00a0Minuten\" \/>\n<!-- \/ Yoast SEO plugin. -->","yoast_head_json":{"title":"ADB-Butinaca kaufen - ADB-Butinaca zu verkaufen | NarcoPowders","description":"ADB-Butinaca kaufen - ADB-BUTINACA (auch bekannt als ADMB-BINACA unter den EMCDDA-Namensstandards) ist eine synthetische Cannabinoidverbindung. Jetzt bestellen!","robots":{"index":"index","follow":"follow","max-snippet":"max-snippet:-1","max-image-preview":"max-image-preview:large","max-video-preview":"max-video-preview:-1"},"canonical":"https:\/\/narcopowders.com\/de\/produkt\/adb-butinaca-online-kaufen\/","og_locale":"de_DE","og_type":"article","og_title":"Buy ADB-Butinaca - ADB-Butinaca for Sale | NarcoPowders","og_description":"Buy ADB-Butinaca - ADB-BUTINACA (also known as ADMB-BINACA under the EMCDDA naming standards) is a synthetic cannabinoid compound. Order Now!","og_url":"https:\/\/narcopowders.com\/de\/produkt\/adb-butinaca-online-kaufen\/","og_site_name":"Narco Powders","article_modified_time":"2025-03-26T12:20:50+00:00","og_image":[{"width":600,"height":600,"url":"https:\/\/narcopowders.com\/wp-content\/uploads\/2024\/05\/Add-b.gif","type":"image\/gif"}],"twitter_card":"summary_large_image","twitter_misc":{"Gesch\u00e4tzte Lesezeit":"3\u00a0Minuten"},"schema":{"@context":"https:\/\/schema.org","@graph":[{"@type":"WebPage","@id":"https:\/\/narcopowders.com\/product\/buy-adb-butinaca-online\/","url":"https:\/\/narcopowders.com\/product\/buy-adb-butinaca-online\/","name":"ADB-Butinaca kaufen - ADB-Butinaca zu verkaufen | NarcoPowders","isPartOf":{"@id":"https:\/\/narcopowders.com\/#website"},"primaryImageOfPage":{"@id":"https:\/\/narcopowders.com\/product\/buy-adb-butinaca-online\/#primaryimage"},"image":{"@id":"https:\/\/narcopowders.com\/product\/buy-adb-butinaca-online\/#primaryimage"},"thumbnailUrl":"https:\/\/narcopowders.com\/wp-content\/uploads\/2024\/05\/Add-b.gif","datePublished":"2024-05-23T06:14:19+00:00","dateModified":"2025-03-26T12:20:50+00:00","description":"ADB-Butinaca kaufen - ADB-BUTINACA (auch bekannt als ADMB-BINACA unter den EMCDDA-Namensstandards) ist eine synthetische Cannabinoidverbindung. Jetzt bestellen!","breadcrumb":{"@id":"https:\/\/narcopowders.com\/product\/buy-adb-butinaca-online\/#breadcrumb"},"inLanguage":"de","potentialAction":[{"@type":"ReadAction","target":["https:\/\/narcopowders.com\/product\/buy-adb-butinaca-online\/"]}]},{"@type":"ImageObject","inLanguage":"de","@id":"https:\/\/narcopowders.com\/product\/buy-adb-butinaca-online\/#primaryimage","url":"https:\/\/narcopowders.com\/wp-content\/uploads\/2024\/05\/Add-b.gif","contentUrl":"https:\/\/narcopowders.com\/wp-content\/uploads\/2024\/05\/Add-b.gif","width":600,"height":600,"caption":"Buy ADB-Butinaca Online"},{"@type":"BreadcrumbList","@id":"https:\/\/narcopowders.com\/product\/buy-adb-butinaca-online\/#breadcrumb","itemListElement":[{"@type":"ListItem","position":1,"name":"Home","item":"https:\/\/narcopowders.com\/"},{"@type":"ListItem","position":2,"name":"Shop Page","item":"https:\/\/narcopowders.com\/shop\/"},{"@type":"ListItem","position":3,"name":"Buy ADB-Butinaca Online"}]},{"@type":"WebSite","@id":"https:\/\/narcopowders.com\/#website","url":"https:\/\/narcopowders.com\/","name":"Narco-Pulver","description":"Mein WordPress-Blog","potentialAction":[{"@type":"SearchAction","target":{"@type":"EntryPoint","urlTemplate":"https:\/\/narcopowders.com\/?s={search_term_string}"},"query-input":{"@type":"PropertyValueSpecification","valueRequired":true,"valueName":"search_term_string"}}],"inLanguage":"de"}]}},"_links":{"self":[{"href":"https:\/\/narcopowders.com\/de\/wp-json\/wp\/v2\/product\/20523","targetHints":{"allow":["GET"]}}],"collection":[{"href":"https:\/\/narcopowders.com\/de\/wp-json\/wp\/v2\/product"}],"about":[{"href":"https:\/\/narcopowders.com\/de\/wp-json\/wp\/v2\/types\/product"}],"replies":[{"embeddable":true,"href":"https:\/\/narcopowders.com\/de\/wp-json\/wp\/v2\/comments?post=20523"}],"wp:featuredmedia":[{"embeddable":true,"href":"https:\/\/narcopowders.com\/de\/wp-json\/wp\/v2\/media\/21268"}],"wp:attachment":[{"href":"https:\/\/narcopowders.com\/de\/wp-json\/wp\/v2\/media?parent=20523"}],"wp:term":[{"taxonomy":"product_brand","embeddable":true,"href":"https:\/\/narcopowders.com\/de\/wp-json\/wp\/v2\/product_brand?post=20523"},{"taxonomy":"product_cat","embeddable":true,"href":"https:\/\/narcopowders.com\/de\/wp-json\/wp\/v2\/product_cat?post=20523"},{"taxonomy":"product_tag","embeddable":true,"href":"https:\/\/narcopowders.com\/de\/wp-json\/wp\/v2\/product_tag?post=20523"}],"curies":[{"name":"wp","href":"https:\/\/api.w.org\/{rel}","templated":true}]}}