{"id":20525,"date":"2024-05-23T06:14:19","date_gmt":"2024-05-23T06:14:19","guid":{"rendered":"https:\/\/narcopowders.com\/?post_type=product&#038;p=20525"},"modified":"2025-03-26T12:53:04","modified_gmt":"2025-03-26T12:53:04","slug":"buy-sgt-151-online","status":"publish","type":"product","link":"https:\/\/narcopowders.com\/de\/produkt\/sgt-151-online-kaufen\/","title":{"rendered":"Sgt-151 online kaufen"},"content":{"rendered":"<h2>Sgt-151 online kaufen<\/h2>\n<p><a href=\"https:\/\/narcopowders.com\/de\/produkt\/sgt-151-online-kaufen\/\">SGT-151<\/a> Neuartige psychoaktive Verbindungen, sogenannte synthetische Cannabinoide (SCs), imitieren die Wirkung von Cannabis. Diese Produkte, darunter auch mit SCs bespr\u00fchte Kr\u00e4utermischungen, waren \u00fcber Online-H\u00e4ndler erh\u00e4ltlich. Aufgrund ihrer Synthese in geheimen Laboren, oft basierend auf pharmazeutischer Forschung und Patenten, ist seitdem weltweit eine Flut chemischer Varianten von SCs entstanden, was die Beh\u00f6rden bei der Regulierung dieser Verbindungen zunehmend erschwert. In den letzten Jahren wurden eine Reihe hochwirksamer Verbindungen, die gem\u00e4\u00df der Patentanmeldung von Bowden und Williamson synthetisiert wurden (\u201e<a href=\"https:\/\/www.bing.com\/search?q=Buy%20Sgt-151%20Online&amp;qs=n&amp;form=QBRE&amp;sp=-1&amp;lq=0&amp;pq=buy%20sgt-151%20online&amp;sc=9-18&amp;sk=&amp;cvid=83347B03C78740C6B9C2D92CDCFAEF51&amp;ghsh=0&amp;ghacc=0&amp;ghpl=\">SGT-Verbindungen<\/a>\u201e) sind kommerziell erh\u00e4ltlich. Kennzeichnend f\u00fcr diese Arzneimittel ist ein Cumylsubstituent, der an eine Indol-, Indazol- oder Azaindolstruktur gebunden ist. 2016 wurde CUMYL-PEGACLONE, eine der ersten Cumylverbindungen, entdeckt, die unter diesem Markennamen vermarktet wurde. ]. Ziel der vorliegenden Studie ist es zu verstehen, was sich in einer Packung von <a href=\"https:\/\/narcopowders.com\/de\/\">SGT-151 verkauft<\/a> im Internet als \u201eForschungschemikalie\u201c bezeichnet.<\/p>\n<p>Mithilfe der Cayman-Datenbank wurde das Cannabinoid anhand seiner Massenspektren identifiziert (Chemical C. Cayman Spectral Library, Vol . v08302018). Die Substanz wurde mittels GC\/MS mit einer MEGA-5 MS-Kapillars\u00e4ule (0,25 \u00b5m, 0,32 mm, 30 m) analysiert. F\u00fcr die chromatographische Analyse wurden folgende Parameter verwendet: Splitless-Injektion bei 280 \u00b0C und ein Injektionsvolumen von 1 \u00b5L. Nachdem die Temperatur drei Minuten lang bei 100 \u00b0C lag, wurde der Ofen mit einer Rate von 30 \u00b0C pro Minute auf 310 \u00b0C hochgefahren und zehn Minuten lang auf dieser Temperatur gehalten. Es galten die folgenden MS-Bedingungen: Die Ionisierungsenergie wurde auf 70 eV eingestellt, und der f\u00fcr die Aufnahme verwendete Scan-Modus-Bereich war 30 bis 450. Das Tr\u00e4gergas war in diesem Fall Helium. Clarity verwendete f\u00fcr die Aufreinigung ein HPLC\/DAD. Programm in Verbindung mit einer Phasenumkehrs\u00e4ule. Ein L\u00f6sungsmittelgradientensystem mit (A) 5% 10 mM Ammoniakformiat und (B) 95% Acetonitril, das f\u00fcr eine optimale Aufl\u00f6sung optimiert wurde, bildete die mobile Phase.<\/p>\n<h3>Was ist SGT-151?<\/h3>\n<p><a href=\"https:\/\/www.google.com\/search?q=Buy+Sgt-151+Online&amp;num=10&amp;sca_esv=1a2a07081c7891bb&amp;rlz=1C1RXQR_enIN1098IN1098&amp;sxsrf=AHTn8zrgQHto-gSTqmRR2eUHZDnduxPV6g%3A1741762457061&amp;ei=mS_RZ--9A4LN1e8P99LpiQc&amp;ved=0ahUKEwiv7qTk-oOMAxWCZvUHHXdpOnEQ4dUDCBA&amp;uact=5&amp;oq=Buy+Sgt-151+Online&amp;gs_lp=Egxnd3Mtd2l6LXNlcnAiEkJ1eSBTZ3QtMTUxIE9ubGluZTIFECEYoAEyBRAhGKABMgUQIRigAUj9FFDSBVjlEHADeACQAQCYAb8CoAHuBqoBBzAuMi4xLjG4AQPIAQD4AQL4AQGYAgGgAuQBmAMAiAYBkgcDMi0xoAeCCw&amp;sclient=gws-wiz-serp\">SGT-151<\/a> ist eine neue Forschungschemikalie, die in der Forschungswelt schnell bekannt wird. SGT-151 hat die chemische Bezeichnung 5-Pentyl-2-(1-methyl-1-phenyl-ethyl)-2,5-dihydro-pyrido[4,3-b]indol-1-on. SGT-151 geh\u00f6rt zur Klasse der synthetischen Cannabinoide. SGT-151 ist ein Agonist der CND-Rezeptoren.<\/p>\n<p>Es f\u00fchrt zu \u00e4hnlichen experimentellen Ergebnissen wie viele andere synthetische Cannabinoide, z. B. Entspannung, Ganzk\u00f6rper-High, Euphorie und Farbverst\u00e4rkung. Chemische Forscher haben berichtet, dass es eine starke \u00c4hnlichkeit mit STS-135 aufweist. SGT-151 ist eine gute Erg\u00e4nzung f\u00fcr jedes Forschungslabor.<\/p>\n<h3>Wo kann man SGT-151 kaufen?<\/h3>\n<p>We at Buy Nembutal sell high quality <a href=\"https:\/\/duckduckgo.com\/?q=Buy+Sgt-151+Online&amp;t=h_&amp;ia=web\">SGT-151<\/a>. Unsere SGT-151 ist in der Regel als Pulver geliefert. Sie k\u00f6nnen uns jedoch kontaktieren, wenn Sie ein anderes Format w\u00fcnschen. Wir haben oft verschiedene Arten von SGT-151 zu verkaufen.<\/p>\n<p>Sie m\u00fcssen mindestens 18 Jahre alt sein, um SGT-151 bei uns zu kaufen. Au\u00dferdem sollten Sie Ihre chemischen Forschungen ausschlie\u00dflich in \u00dcbereinstimmung mit den Gesetzen Ihres Landes durchf\u00fchren. Unser SGT-151 ist nicht f\u00fcr die Anwendung an Menschen oder Tieren bestimmt. Es ist ausschlie\u00dflich f\u00fcr Forschungszwecke bestimmt.<\/p>\n<h3>SGT-151 Rechtm\u00e4\u00dfigkeit<\/h3>\n<p><a href=\"https:\/\/en.wikipedia.org\/wiki\/CUMYL-PEGACLONE\">SGT-151<\/a> ist in den meisten L\u00e4ndern nicht zur Verwendung vorgesehen, vor allem weil es so neu ist. In L\u00e4ndern mit strengen analogen Gesetzen wie den Vereinigten Staaten k\u00f6nnte es jedoch m\u00f6glicherweise als illegal angesehen werden.<\/p>","protected":false},"excerpt":{"rendered":"<p>Buy Sgt-151 Online SGT-151 Buy Novel psychoactive compounds called synthetic cannabinoids (SCs) mimic the effects of cannabis. These goods, which included herbal mixtures sprayed with SCs, were available for sale through online retailers. Due to their synthesis in covert laboratories, often based on pharmaceutical research and patents, a spate of chemical variations of SCs has [&hellip;]<\/p>","protected":false},"featured_media":21251,"comment_status":"open","ping_status":"closed","template":"","meta":{"_joinchat":[]},"product_brand":[],"product_cat":[1724,1538],"product_tag":[],"class_list":{"0":"post-20525","1":"product","2":"type-product","3":"status-publish","4":"has-post-thumbnail","6":"product_cat-research-chemicals","7":"product_cat-cannabinoids","9":"first","10":"instock","11":"shipping-taxable","12":"purchasable","13":"product-type-variable","14":"add-to-wishlist-after_add_to_cart"},"yoast_head":"<!-- This site is optimized with the Yoast SEO plugin v25.9 - https:\/\/yoast.com\/wordpress\/plugins\/seo\/ -->\n<title>Buy Sgt-151 Online - Sgt-151 Powder for Sale | NarcoPowders<\/title>\n<meta name=\"description\" content=\"NarcoPowders is the best trusted chemical powder store which provides high-quality Sgt-151 powder for sale at best price. Order Sgt-151, Buy Sgt-151 Online!\" \/>\n<meta name=\"robots\" content=\"index, follow, max-snippet:-1, max-image-preview:large, max-video-preview:-1\" \/>\n<link rel=\"canonical\" href=\"https:\/\/narcopowders.com\/de\/produkt\/sgt-151-online-kaufen\/\" \/>\n<meta property=\"og:locale\" content=\"de_DE\" \/>\n<meta property=\"og:type\" content=\"article\" \/>\n<meta property=\"og:title\" content=\"Buy Sgt-151 Online - Sgt-151 Powder for Sale | NarcoPowders\" \/>\n<meta property=\"og:description\" content=\"NarcoPowders is the best trusted chemical powder store which provides high-quality Sgt-151 powder for sale at best price. Order Sgt-151, Buy Sgt-151 Online!\" \/>\n<meta property=\"og:url\" content=\"https:\/\/narcopowders.com\/de\/produkt\/sgt-151-online-kaufen\/\" \/>\n<meta property=\"og:site_name\" content=\"Narco Powders\" \/>\n<meta property=\"article:modified_time\" content=\"2025-03-26T12:53:04+00:00\" \/>\n<meta property=\"og:image\" content=\"https:\/\/narcopowders.com\/wp-content\/uploads\/2024\/05\/Sgt-151.gif\" \/>\n\t<meta property=\"og:image:width\" content=\"600\" \/>\n\t<meta property=\"og:image:height\" content=\"600\" \/>\n\t<meta property=\"og:image:type\" content=\"image\/gif\" \/>\n<meta name=\"twitter:card\" content=\"summary_large_image\" \/>\n<meta name=\"twitter:label1\" content=\"Gesch\u00e4tzte Lesezeit\" \/>\n\t<meta name=\"twitter:data1\" content=\"3\u00a0Minuten\" \/>\n<!-- \/ Yoast SEO plugin. -->","yoast_head_json":{"title":"Sgt-151 Online kaufen - Sgt-151 Pulver zu verkaufen | NarcoPowders","description":"NarcoPowders ist die beste vertrauensw\u00fcrdige chemische Pulver speichern, die qualitativ hochwertige Sgt-151 Pulver zum Verkauf zum besten Preis bietet. Sgt-151 bestellen, Sgt-151 online kaufen!","robots":{"index":"index","follow":"follow","max-snippet":"max-snippet:-1","max-image-preview":"max-image-preview:large","max-video-preview":"max-video-preview:-1"},"canonical":"https:\/\/narcopowders.com\/de\/produkt\/sgt-151-online-kaufen\/","og_locale":"de_DE","og_type":"article","og_title":"Buy Sgt-151 Online - Sgt-151 Powder for Sale | NarcoPowders","og_description":"NarcoPowders is the best trusted chemical powder store which provides high-quality Sgt-151 powder for sale at best price. Order Sgt-151, Buy Sgt-151 Online!","og_url":"https:\/\/narcopowders.com\/de\/produkt\/sgt-151-online-kaufen\/","og_site_name":"Narco Powders","article_modified_time":"2025-03-26T12:53:04+00:00","og_image":[{"width":600,"height":600,"url":"https:\/\/narcopowders.com\/wp-content\/uploads\/2024\/05\/Sgt-151.gif","type":"image\/gif"}],"twitter_card":"summary_large_image","twitter_misc":{"Gesch\u00e4tzte Lesezeit":"3\u00a0Minuten"},"schema":{"@context":"https:\/\/schema.org","@graph":[{"@type":"WebPage","@id":"https:\/\/narcopowders.com\/product\/buy-sgt-151-online\/","url":"https:\/\/narcopowders.com\/product\/buy-sgt-151-online\/","name":"Sgt-151 Online kaufen - Sgt-151 Pulver zu verkaufen | NarcoPowders","isPartOf":{"@id":"https:\/\/narcopowders.com\/#website"},"primaryImageOfPage":{"@id":"https:\/\/narcopowders.com\/product\/buy-sgt-151-online\/#primaryimage"},"image":{"@id":"https:\/\/narcopowders.com\/product\/buy-sgt-151-online\/#primaryimage"},"thumbnailUrl":"https:\/\/narcopowders.com\/wp-content\/uploads\/2024\/05\/Sgt-151.gif","datePublished":"2024-05-23T06:14:19+00:00","dateModified":"2025-03-26T12:53:04+00:00","description":"NarcoPowders ist die beste vertrauensw\u00fcrdige chemische Pulver speichern, die qualitativ hochwertige Sgt-151 Pulver zum Verkauf zum besten Preis bietet. Sgt-151 bestellen, Sgt-151 online kaufen!","breadcrumb":{"@id":"https:\/\/narcopowders.com\/product\/buy-sgt-151-online\/#breadcrumb"},"inLanguage":"de","potentialAction":[{"@type":"ReadAction","target":["https:\/\/narcopowders.com\/product\/buy-sgt-151-online\/"]}]},{"@type":"ImageObject","inLanguage":"de","@id":"https:\/\/narcopowders.com\/product\/buy-sgt-151-online\/#primaryimage","url":"https:\/\/narcopowders.com\/wp-content\/uploads\/2024\/05\/Sgt-151.gif","contentUrl":"https:\/\/narcopowders.com\/wp-content\/uploads\/2024\/05\/Sgt-151.gif","width":600,"height":600,"caption":"Buy Sgt-151 Online"},{"@type":"BreadcrumbList","@id":"https:\/\/narcopowders.com\/product\/buy-sgt-151-online\/#breadcrumb","itemListElement":[{"@type":"ListItem","position":1,"name":"Home","item":"https:\/\/narcopowders.com\/"},{"@type":"ListItem","position":2,"name":"Shop Page","item":"https:\/\/narcopowders.com\/shop\/"},{"@type":"ListItem","position":3,"name":"Buy Sgt-151 Online"}]},{"@type":"WebSite","@id":"https:\/\/narcopowders.com\/#website","url":"https:\/\/narcopowders.com\/","name":"Narco-Pulver","description":"Mein WordPress-Blog","potentialAction":[{"@type":"SearchAction","target":{"@type":"EntryPoint","urlTemplate":"https:\/\/narcopowders.com\/?s={search_term_string}"},"query-input":{"@type":"PropertyValueSpecification","valueRequired":true,"valueName":"search_term_string"}}],"inLanguage":"de"}]}},"_links":{"self":[{"href":"https:\/\/narcopowders.com\/de\/wp-json\/wp\/v2\/product\/20525","targetHints":{"allow":["GET"]}}],"collection":[{"href":"https:\/\/narcopowders.com\/de\/wp-json\/wp\/v2\/product"}],"about":[{"href":"https:\/\/narcopowders.com\/de\/wp-json\/wp\/v2\/types\/product"}],"replies":[{"embeddable":true,"href":"https:\/\/narcopowders.com\/de\/wp-json\/wp\/v2\/comments?post=20525"}],"wp:featuredmedia":[{"embeddable":true,"href":"https:\/\/narcopowders.com\/de\/wp-json\/wp\/v2\/media\/21251"}],"wp:attachment":[{"href":"https:\/\/narcopowders.com\/de\/wp-json\/wp\/v2\/media?parent=20525"}],"wp:term":[{"taxonomy":"product_brand","embeddable":true,"href":"https:\/\/narcopowders.com\/de\/wp-json\/wp\/v2\/product_brand?post=20525"},{"taxonomy":"product_cat","embeddable":true,"href":"https:\/\/narcopowders.com\/de\/wp-json\/wp\/v2\/product_cat?post=20525"},{"taxonomy":"product_tag","embeddable":true,"href":"https:\/\/narcopowders.com\/de\/wp-json\/wp\/v2\/product_tag?post=20525"}],"curies":[{"name":"wp","href":"https:\/\/api.w.org\/{rel}","templated":true}]}}