{"id":20526,"date":"2024-05-23T06:14:19","date_gmt":"2024-05-23T06:14:19","guid":{"rendered":"https:\/\/narcopowders.com\/?post_type=product&#038;p=20526"},"modified":"2025-03-26T12:51:13","modified_gmt":"2025-03-26T12:51:13","slug":"buy-sgt-263-online","status":"publish","type":"product","link":"https:\/\/narcopowders.com\/de\/produkt\/sgt-263-online-kaufen\/","title":{"rendered":"Sgt -263 online kaufen"},"content":{"rendered":"<h2>SGT-263 online kaufen<\/h2>\n<p><a href=\"https:\/\/narcopowders.com\/de\/\">Kaufen Sie SGT-263<\/a>, The use of the cannabinoid <a href=\"https:\/\/en.wikipedia.org\/wiki\/Sgt._Frog\">SGT-263<\/a> ist in unserem Herkunftsland legal. Es liegt in Ihrer Verantwortung, die lokalen, staatlichen, f\u00f6deralen, provinziellen und lokalen Gesetze zu kennen und einzuhalten. Sollten Sie sich entscheiden, eine Bestellung aufgeben, werden wir nicht haftbar gemacht werden f\u00fcr alle Aktionen oder Ergebnisse.<\/p>\n<h3>Warum sollten Sie das Cannabinoid SGT-263 bei uns kaufen?<\/h3>\n<p>Wir beliefern <a href=\"https:\/\/narcopowders.com\/de\/produkt\/sgt-263-online-kaufen\/\">Forschungschemikalien<\/a> seit langem und sind eine zuverl\u00e4ssige Quelle.<\/p>\n<p>Der Live-Chat ist 24\/7 verf\u00fcgbar. Wenn Sie irgendwelche Fragen haben, z\u00f6gern Sie nicht zu fragen.<\/p>\n<p>Verschiedene Zahlungsarten f\u00fcr Ihre Bed\u00fcrfnisse<\/p>\n<p>Wir versenden noch am selben Tag, sofern Ihre Bestellung bis 16:00 Uhr MEZ eingeht.<\/p>\n<p>Ehrliche Erfahrungsberichte unserer Kunden geben Ihnen die M\u00f6glichkeit, mit Vertrauen einzukaufen.<\/p>\n<p><a href=\"https:\/\/duckduckgo.com\/?q=Buy+Sgt+-263+Online&amp;t=h_&amp;ia=web\">NarcoPowders.com<\/a> wurde 2008 gegr\u00fcndet und ist ein weltweit f\u00fchrendes Unternehmen im Vertrieb von Forschungschemikalien und ein globaler Hersteller von Forschungschemikalien. Wir arbeiten. Alle Produkte werden von unseren Lagern in Hongkong, China, der EU und der Ukraine verschickt. Wir sind schnell und zuverl\u00e4ssig und unser umfangreiches Vertriebsnetz stellt sicher, dass jedes von Ihnen bestellte Produkt p\u00fcnktlich eintrifft, an die von Ihnen gew\u00e4hlten Abholorte geliefert wird und p\u00fcnktlich am Zielort eintrifft.<\/p>\n<p>Unser Hauptziel ist die Zufriedenheit unserer Kunden, deshalb bem\u00fchen wir uns um einen hervorragenden Kundenservice. Wenn Sie eine Bestellung bei Top Cannabinoids Shop aufgeben, k\u00f6nnen Sie sicher sein, dass diese umgehend an die von Ihnen angegebene Adresse geliefert wird. Dar\u00fcber hinaus bieten wir eine Reihe von Versandoptionen an, die es uns erm\u00f6glichen, die Waren an unsere Kunden auf zahlreichen Marktpl\u00e4tzen und an Orten auf der ganzen Welt zu liefern. Jeder Artikel auf dieser Website<\/p>\n<p>wird ausschlie\u00dflich zur Unterst\u00fctzung von Forschung und Lehre zum Verkauf angeboten. Wir verkaufen keine unserer Artikel f\u00fcr den illegalen Gebrauch oder Verzehr durch Menschen oder Tiere.<\/p>\n<p>Das 1-(5-Fluorpentyl) oder SGT-263(2-Phenylpropan-2-yl)-N-\u00e4hnlich wie MMB-CHMINACA, -7-Azaindol-3-carboxamid ist eine hochwirksame Verbindung. SGT-263 wird als Designerdroge verkauft und ist ein synthetisches Cannabinoid auf der Grundlage von Pyrrolopyridin-3-carboxamid.<\/p>\n<h3>SGT-263 ist von einem weltweit f\u00fchrenden Unternehmen patentiert.<\/h3>\n<p>SGT-263, ein einzigartiges, neu auf dem Markt befindliches Cannabinoid, ist in praktisch allen L\u00e4ndern zugelassen, auch in Deutschland.<\/p>\n<p>Dar\u00fcber hinaus ist SGT-263 unter dem ipac-Namen 1-(5-Fluorpentyl).(2-Phenylpropan-2-yl)-N-3-carboxamid aus -1H-Pyrrolo[2,3-b]pyridin <a href=\"https:\/\/www.bing.com\/search?q=Buy%20Sgt%20-263%20Online&amp;qs=n&amp;form=QBRE&amp;sp=-1&amp;lq=0&amp;pq=buy%20sgt%20-263%20online&amp;sc=12-19&amp;sk=&amp;cvid=F24FE2F21C0348B9B9F359F348D4BA91&amp;ghsh=0&amp;ghacc=0&amp;ghpl=\">SGT- 263<\/a> .<\/p>\n<p>SGT-25 ist eng verwandt mit 1-(5-Fluorpentyl)-N-(2-phenylpropan-2-yl)-7-azaindol-3-carboxamid, einem Cannabinoid. Dar\u00fcber hinaus ist RC-Pulver jetzt in allen europ\u00e4ischen L\u00e4ndern legal. SGT-263 ist die Abk\u00fcrzung f\u00fcr Street Names: SGT-25 ist eine Substanz, die gelegentlich als Freizeitdroge verwendet wird und in \"C-Liquid\", einem Zusatzstoff f\u00fcr E-Zigaretten, enthalten ist.<\/p>\n<p>Pharmakologie: 1. (Fluoropentyl-5-)(2-phenylpropan-2-yl)-N-Trotz einer komplizierten pharmakologischen Wirkung ist -7-Azaindol-3-carboxamid ein synthetisches Cannabinoid, das zur Familie der Indazol-3-carboxamide geh\u00f6rt. Die Selektivit\u00e4t f\u00fcr den CB1-Rezeptor d\u00fcrfte etwa viermal h\u00f6her sein als die von 5F-CUMYL-PINACA.<\/p>\n<p>Vergleichbare Artikel: MMB-CHMINACA; CUMYL PICA; 5F-SDB-006<\/p>\n<ul>\n<li>SDB-006; CUMYL-PINACA; CUMYL-THPINACA<\/li>\n<\/ul>\n<p>Bitte vergewissern Sie sich, dass Ihr Arbeitsplatz gut bel\u00fcftet ist und dass Sie f\u00fcr den Umgang mit Forschungschemikalien angemessen vorbereitet sind, bevor Sie eine Bestellung aufgeben.<\/p>\n<h3>Was ist SGT-263?<\/h3>\n<p>SGT-263 ist ein neues synthetisches Cannabinoid, das es erst seit 2016 gibt. Diese Forschungschemikalie ist ein starker Agonist der CB1- und CB2-Rezeptoren. SGT-263 wurde von Chemieforschern so beschrieben, dass es \u00e4hnliche Ergebnisse liefert wie ADB-FUBINACA, ein anderes beliebtes synthetisches Cannabinoid. Die experimentellen Ergebnisse mit SGT-263 zeigen im Allgemeinen \u00e4hnliche Ergebnisse wie viele andere synthetische Cannabinoide. Wenn Sie also gerne mit anderen synthetischen Cannabinoiden experimentieren, dann werden Sie wahrscheinlich auch gerne SGT-263 in Ihrem Labor haben.<\/p>\n<h3>Wo kann ich SGT-263 kaufen?<\/h3>\n<p>SGT-263 kann auf der kaufen NarcoPowders-Website erworben werden. Unser SGT-263 wird normalerweise in Pulverform geliefert. Wenn Sie jedoch andere Formen dieser Chemikalie bevorzugen, k\u00f6nnen Sie uns gerne kontaktieren, um zu sehen, ob wir eine andere Form verf\u00fcgbar haben. Wir haben oft mehrere Formen verf\u00fcgbar. Sie m\u00fcssen mindestens 18 Jahre alt sein, um SGT-263 bei uns kaufen zu k\u00f6nnen, und die Gesetze f\u00fcr Forschungschemikalien in Ihrem Land einhalten. Unser <a href=\"https:\/\/www.google.com\/search?q=Buy+Sgt+-263+Online&amp;sca_esv=16def464f60f9903&amp;sxsrf=AHTn8zoPPZu82pwiT2LkmFR2ChE5PQ1veQ%3A1742993009664&amp;ei=cfbjZ_OhKNmS0PEP6OHzoQk&amp;ved=0ahUKEwiznr_54qeMAxVZCTQIHejwPJQQ4dUDCBA&amp;uact=5&amp;oq=Buy+Sgt+-263+Online&amp;gs_lp=Egxnd3Mtd2l6LXNlcnAiE0J1eSBTZ3QgLTI2MyBPbmxpbmVIjghQoARYoARwAXgAkAEAmAHNAqABzQKqAQMzLTG4AQPIAQD4AQL4AQGYAgCgAgCYAwCIBgGSBwCgB0SyBwC4BwA&amp;sclient=gws-wiz-serp\">purchase SGT-263<\/a> von uns und entsprechen den Forschungschemikaliengesetzen Ihres Landes. Unser SGT-263 ist nicht f\u00fcr die Anwendung an Menschen oder Tieren bestimmt, sondern ausschlie\u00dflich f\u00fcr Forschungszwecke.<\/p>\n<h3>SGT-263 Rechtm\u00e4\u00dfigkeit<\/h3>\n<p>Da SGT-263 so neu ist, ist es derzeit in den meisten L\u00e4ndern noch nicht zugelassen, so dass es legal ist. Einige L\u00e4nder wie die Vereinigten Staaten haben jedoch strenge Analogiegesetze, die diese Chemikalie m\u00f6glicherweise illegal machen k\u00f6nnten.<\/p>","protected":false},"excerpt":{"rendered":"<p>Buy SGT-263 online Buy SGT-263, The use of the cannabinoid SGT-263 is legal in our country of origin. It is your responsibility to know and comply with local, state, federal, provincial and local laws. Should you decide to place an order, we will not be liable for any actions or results . Why should you [&hellip;]<\/p>","protected":false},"featured_media":21249,"comment_status":"open","ping_status":"closed","template":"","meta":{"_joinchat":[]},"product_brand":[],"product_cat":[1724,1538],"product_tag":[],"class_list":{"0":"post-20526","1":"product","2":"type-product","3":"status-publish","4":"has-post-thumbnail","6":"product_cat-research-chemicals","7":"product_cat-cannabinoids","9":"first","10":"instock","11":"shipping-taxable","12":"purchasable","13":"product-type-variable","14":"add-to-wishlist-after_add_to_cart"},"yoast_head":"<!-- This site is optimized with the Yoast SEO plugin v25.9 - https:\/\/yoast.com\/wordpress\/plugins\/seo\/ -->\n<title>Buy SGT-263 Online - SGT-263 for sale | NarcoPowders<\/title>\n<meta name=\"description\" content=\"NarcoPowders is one of the leading chemical stores where you can get high-quality Sgt-263 powder for sale. Order Sgt-263, buy Sgt-263 online!\" \/>\n<meta name=\"robots\" content=\"index, follow, max-snippet:-1, max-image-preview:large, max-video-preview:-1\" \/>\n<link rel=\"canonical\" href=\"https:\/\/narcopowders.com\/de\/produkt\/sgt-263-online-kaufen\/\" \/>\n<meta property=\"og:locale\" content=\"de_DE\" \/>\n<meta property=\"og:type\" content=\"article\" \/>\n<meta property=\"og:title\" content=\"Buy SGT-263 Online - SGT-263 for sale | NarcoPowders\" \/>\n<meta property=\"og:description\" content=\"NarcoPowders is one of the leading chemical stores where you can get high-quality Sgt-263 powder for sale. Order Sgt-263, buy Sgt-263 online!\" \/>\n<meta property=\"og:url\" content=\"https:\/\/narcopowders.com\/de\/produkt\/sgt-263-online-kaufen\/\" \/>\n<meta property=\"og:site_name\" content=\"Narco Powders\" \/>\n<meta property=\"article:modified_time\" content=\"2025-03-26T12:51:13+00:00\" \/>\n<meta property=\"og:image\" content=\"https:\/\/narcopowders.com\/wp-content\/uploads\/2024\/05\/Sgt-263.gif\" \/>\n\t<meta property=\"og:image:width\" content=\"600\" \/>\n\t<meta property=\"og:image:height\" content=\"600\" \/>\n\t<meta property=\"og:image:type\" content=\"image\/gif\" \/>\n<meta name=\"twitter:card\" content=\"summary_large_image\" \/>\n<meta name=\"twitter:label1\" content=\"Gesch\u00e4tzte Lesezeit\" \/>\n\t<meta name=\"twitter:data1\" content=\"4\u00a0Minuten\" \/>\n<!-- \/ Yoast SEO plugin. -->","yoast_head_json":{"title":"SGT-263 Online kaufen - SGT-263 zu verkaufen | NarcoPowders","description":"NarcoPowders ist einer der f\u00fchrenden Chemiel\u00e4den, wo Sie qualitativ hochwertiges Sgt-263 Pulver zum Verkauf erhalten k\u00f6nnen. Sgt-263 bestellen, Sgt-263 online kaufen!","robots":{"index":"index","follow":"follow","max-snippet":"max-snippet:-1","max-image-preview":"max-image-preview:large","max-video-preview":"max-video-preview:-1"},"canonical":"https:\/\/narcopowders.com\/de\/produkt\/sgt-263-online-kaufen\/","og_locale":"de_DE","og_type":"article","og_title":"Buy SGT-263 Online - SGT-263 for sale | NarcoPowders","og_description":"NarcoPowders is one of the leading chemical stores where you can get high-quality Sgt-263 powder for sale. Order Sgt-263, buy Sgt-263 online!","og_url":"https:\/\/narcopowders.com\/de\/produkt\/sgt-263-online-kaufen\/","og_site_name":"Narco Powders","article_modified_time":"2025-03-26T12:51:13+00:00","og_image":[{"width":600,"height":600,"url":"https:\/\/narcopowders.com\/wp-content\/uploads\/2024\/05\/Sgt-263.gif","type":"image\/gif"}],"twitter_card":"summary_large_image","twitter_misc":{"Gesch\u00e4tzte Lesezeit":"4\u00a0Minuten"},"schema":{"@context":"https:\/\/schema.org","@graph":[{"@type":"WebPage","@id":"https:\/\/narcopowders.com\/product\/buy-sgt-263-online\/","url":"https:\/\/narcopowders.com\/product\/buy-sgt-263-online\/","name":"SGT-263 Online kaufen - SGT-263 zu verkaufen | NarcoPowders","isPartOf":{"@id":"https:\/\/narcopowders.com\/#website"},"primaryImageOfPage":{"@id":"https:\/\/narcopowders.com\/product\/buy-sgt-263-online\/#primaryimage"},"image":{"@id":"https:\/\/narcopowders.com\/product\/buy-sgt-263-online\/#primaryimage"},"thumbnailUrl":"https:\/\/narcopowders.com\/wp-content\/uploads\/2024\/05\/Sgt-263.gif","datePublished":"2024-05-23T06:14:19+00:00","dateModified":"2025-03-26T12:51:13+00:00","description":"NarcoPowders ist einer der f\u00fchrenden Chemiel\u00e4den, wo Sie qualitativ hochwertiges Sgt-263 Pulver zum Verkauf erhalten k\u00f6nnen. Sgt-263 bestellen, Sgt-263 online kaufen!","breadcrumb":{"@id":"https:\/\/narcopowders.com\/product\/buy-sgt-263-online\/#breadcrumb"},"inLanguage":"de","potentialAction":[{"@type":"ReadAction","target":["https:\/\/narcopowders.com\/product\/buy-sgt-263-online\/"]}]},{"@type":"ImageObject","inLanguage":"de","@id":"https:\/\/narcopowders.com\/product\/buy-sgt-263-online\/#primaryimage","url":"https:\/\/narcopowders.com\/wp-content\/uploads\/2024\/05\/Sgt-263.gif","contentUrl":"https:\/\/narcopowders.com\/wp-content\/uploads\/2024\/05\/Sgt-263.gif","width":600,"height":600,"caption":"Buy Sgt -263 Online"},{"@type":"BreadcrumbList","@id":"https:\/\/narcopowders.com\/product\/buy-sgt-263-online\/#breadcrumb","itemListElement":[{"@type":"ListItem","position":1,"name":"Home","item":"https:\/\/narcopowders.com\/"},{"@type":"ListItem","position":2,"name":"Shop Page","item":"https:\/\/narcopowders.com\/shop\/"},{"@type":"ListItem","position":3,"name":"Buy Sgt -263 Online"}]},{"@type":"WebSite","@id":"https:\/\/narcopowders.com\/#website","url":"https:\/\/narcopowders.com\/","name":"Narco-Pulver","description":"Mein WordPress-Blog","potentialAction":[{"@type":"SearchAction","target":{"@type":"EntryPoint","urlTemplate":"https:\/\/narcopowders.com\/?s={search_term_string}"},"query-input":{"@type":"PropertyValueSpecification","valueRequired":true,"valueName":"search_term_string"}}],"inLanguage":"de"}]}},"_links":{"self":[{"href":"https:\/\/narcopowders.com\/de\/wp-json\/wp\/v2\/product\/20526","targetHints":{"allow":["GET"]}}],"collection":[{"href":"https:\/\/narcopowders.com\/de\/wp-json\/wp\/v2\/product"}],"about":[{"href":"https:\/\/narcopowders.com\/de\/wp-json\/wp\/v2\/types\/product"}],"replies":[{"embeddable":true,"href":"https:\/\/narcopowders.com\/de\/wp-json\/wp\/v2\/comments?post=20526"}],"wp:featuredmedia":[{"embeddable":true,"href":"https:\/\/narcopowders.com\/de\/wp-json\/wp\/v2\/media\/21249"}],"wp:attachment":[{"href":"https:\/\/narcopowders.com\/de\/wp-json\/wp\/v2\/media?parent=20526"}],"wp:term":[{"taxonomy":"product_brand","embeddable":true,"href":"https:\/\/narcopowders.com\/de\/wp-json\/wp\/v2\/product_brand?post=20526"},{"taxonomy":"product_cat","embeddable":true,"href":"https:\/\/narcopowders.com\/de\/wp-json\/wp\/v2\/product_cat?post=20526"},{"taxonomy":"product_tag","embeddable":true,"href":"https:\/\/narcopowders.com\/de\/wp-json\/wp\/v2\/product_tag?post=20526"}],"curies":[{"name":"wp","href":"https:\/\/api.w.org\/{rel}","templated":true}]}}