{"id":20527,"date":"2024-05-23T06:14:19","date_gmt":"2024-05-23T06:14:19","guid":{"rendered":"https:\/\/narcopowders.com\/?post_type=product&#038;p=20527"},"modified":"2025-03-26T13:06:04","modified_gmt":"2025-03-26T13:06:04","slug":"buy-sgt-78-online","status":"publish","type":"product","link":"https:\/\/narcopowders.com\/de\/produkt\/sgt-78-online-kaufen\/","title":{"rendered":"Sgt-78 online kaufen"},"content":{"rendered":"<h2>Synopse<\/h2>\n<p><a href=\"https:\/\/narcopowders.com\/de\/produkt\/sgt-78-online-kaufen\/\">Sgt-78 online kaufen<\/a>, Sie erreichen unseren Online-Chemikalienshop, <a href=\"https:\/\/narcopowders.com\/de\/\">NarcoPowders<\/a>Kaufen Sie Sgt-78 Online, Sie k\u00f6nnen unsere Online-Chemikaliengesch\u00e4ft, Narco Powders, zu jeder Zeit des Tages von \u00fcberall auf der Welt zu erreichen. F\u00fcr diejenigen, die SGT-78 online kaufen m\u00f6chten, ist dies die beste verf\u00fcgbare Option. Wir bieten SGT-78 hier zu einem vern\u00fcnftigen Preis an. Daher sollten Sie sich keine Sorgen \u00fcber die Kosten f\u00fcr SGT-78 machen. Au\u00dferdem handeln wir mit SGT-78 zum Verkauf. Sollten Sie sich entscheiden, SGT-78 zu bestellen, tun Sie dies bitte ohne Verz\u00f6gerung. Unser Ziel ist es, alle Ihre W\u00fcnsche zu erf\u00fcllen.<\/p>\n<h3>SGT-78: Was ist das?<\/h3>\n<p>Hierbei handelt es sich um Designermedikamente, die die physiologischen und psychologischen Wirkungen der Summenformel C22H24N4O hervorrufen. Die Formel hat einen Wert von 360,5 g\/mol. <a href=\"https:\/\/en.wikipedia.org\/wiki\/CUMYL-4CN-BINACA\">Befehl Sgt 78<\/a>\u00dcber die physiologischen und toxikologischen Eigenschaften von Cannabinoiden ist im Internet nichts bekannt. Es ist m\u00f6glich, dass die synthetischen Cannabinoide eine starke Affinit\u00e4t zu peripheren CB1- und CB2-Rezeptoren haben.<\/p>\n<h3>Welche unerw\u00fcnschten Wirkungen hat SGT-78?<\/h3>\n<p>Nachfolgend finden Sie eine Liste von <a href=\"https:\/\/duckduckgo.com\/?q=Buy+Sgt-78+Online&amp;t=h_&amp;ia=web\">SGT-78 Pulver<\/a> Nebenwirkungen:<\/p>\n<p>Depression<\/p>\n<ul>\n<li>Schl\u00e4frigkeit<\/li>\n<li>Schmerzen im Kopf<\/li>\n<li>trockener Mund<\/li>\n<\/ul>\n<h3>Warum ist NarcoPowders der beste Online-Shop, um SGT-78 zu kaufen?<\/h3>\n<p>Wir handeln mit SGT-78 zu g\u00fcnstigen Preisen und sind der f\u00fchrende Anbieter und H\u00e4ndler auf dem Online-Markt. Sie k\u00f6nnen uns auch Ihre Bed\u00fcrfnisse mitteilen, und wir werden alles, was Sie brauchen, schnell erledigen. Wir werden die gesamte Bestellung an die von Ihnen angegebene Adresse liefern. Kaufen Sie SGT-78 gleich jetzt! <a href=\"https:\/\/www.bing.com\/search?q=Buy%20Sgt-78%20Online&amp;qs=n&amp;form=QBRE&amp;sp=-1&amp;lq=0&amp;pq=buy%20neh%20online&amp;sc=7-14&amp;sk=&amp;cvid=AA859630B0114247B2DF53E77D653BA2&amp;ghsh=0&amp;ghacc=0&amp;ghpl=\">Kaufen Sie SGT-78 jetzt<\/a>!<\/p>\n<p>Unser engagiertes Netzwerk sorgt daf\u00fcr, dass jedes Produkt p\u00fcnktlich verschickt und an Sie geliefert wird. Wir sind eine zuverl\u00e4ssige Gruppe. Unser oberstes Ziel ist die Zufriedenheit unserer Kunden, und wir sind verl\u00e4ssliche Teammitglieder. Wenn Sie Ihre Bestellung bei uns aufgeben, k\u00f6nnen Sie klug entscheiden. Wir garantieren Ihnen, dass wir Ihren hohen Anspr\u00fcchen an Anzahl und Qualit\u00e4t gerecht werden.<\/p>\n<p>Au\u00dferdem m\u00f6chten wir unser Unternehmen landesweit ausbauen, weshalb wir st\u00e4ndig neue Produkte in unser Sortiment aufnehmen. Wir f\u00fchren die hochwertigsten Produkte und helfen Ihnen dabei, sie zu finden, wenn Sie sie brauchen. <a href=\"https:\/\/www.google.com\/search?q=Buy+Sgt-78+Online&amp;sca_esv=16def464f60f9903&amp;sxsrf=AHTn8zqcEjgHqzzUp5erXdlsYGwuPLdbZg%3A1742994101295&amp;ei=tfrjZ4TlEaus0PEP0L7GsQE&amp;ved=0ahUKEwjEk4OC56eMAxUrFjQIHVCfMRYQ4dUDCBA&amp;uact=5&amp;oq=Buy+Sgt-78+Online&amp;gs_lp=Egxnd3Mtd2l6LXNlcnAiEUJ1eSBTZ3QtNzggT25saW5lMgUQIRigATIFECEYoAEyBRAhGKABMgUQIRigATIFECEYoAFI5ANQAFgAcAB4AZABAJgB_gKgAf4CqgEDMy0xuAEDyAEA-AEC-AEBmAIBoAKIA5gDAJIHAzMtMaAHhASyBwMzLTG4B4gD&amp;sclient=gws-wiz-serp\">Sgt-78 online kaufen<\/a>.<\/p>","protected":false},"excerpt":{"rendered":"<p>Synopsis Buy Sgt-78 Online, You can reach our online chemical store, NarcoPowders, at any time of day from anywhere in the world. For those looking to purchase SGT-78 online, it is the best option available. We are offering SGT-78 here at a reasonable cost. As a result, you shouldn&#8217;t be concerned about the cost of [&hellip;]<\/p>","protected":false},"featured_media":21252,"comment_status":"open","ping_status":"closed","template":"","meta":{"_joinchat":[]},"product_brand":[],"product_cat":[1599,1538],"product_tag":[],"class_list":{"0":"post-20527","1":"product","2":"type-product","3":"status-publish","4":"has-post-thumbnail","6":"product_cat-stimulants","7":"product_cat-cannabinoids","9":"first","10":"instock","11":"shipping-taxable","12":"purchasable","13":"product-type-variable","14":"add-to-wishlist-after_add_to_cart"},"yoast_head":"<!-- This site is optimized with the Yoast SEO plugin v25.9 - https:\/\/yoast.com\/wordpress\/plugins\/seo\/ -->\n<title>Buy Sgt-78 Online - Sgt-78 Powder for sale - Order Sgt-78 online<\/title>\n<meta name=\"description\" content=\"Get best quality Sgt-78 for sale from a leading powder store Narcopowders.com. Buy Sgt-78 online legally, Order Sgt-78 online.\" \/>\n<meta name=\"robots\" content=\"index, follow, max-snippet:-1, max-image-preview:large, max-video-preview:-1\" \/>\n<link rel=\"canonical\" href=\"https:\/\/narcopowders.com\/de\/produkt\/sgt-78-online-kaufen\/\" \/>\n<meta property=\"og:locale\" content=\"de_DE\" \/>\n<meta property=\"og:type\" content=\"article\" \/>\n<meta property=\"og:title\" content=\"Buy Sgt-78 Online - Sgt-78 Powder for sale - Order Sgt-78 online\" \/>\n<meta property=\"og:description\" content=\"Get best quality Sgt-78 for sale from a leading powder store Narcopowders.com. Buy Sgt-78 online legally, Order Sgt-78 online.\" \/>\n<meta property=\"og:url\" content=\"https:\/\/narcopowders.com\/de\/produkt\/sgt-78-online-kaufen\/\" \/>\n<meta property=\"og:site_name\" content=\"Narco Powders\" \/>\n<meta property=\"article:modified_time\" content=\"2025-03-26T13:06:04+00:00\" \/>\n<meta property=\"og:image\" content=\"https:\/\/narcopowders.com\/wp-content\/uploads\/2024\/05\/Sgt-78.gif\" \/>\n\t<meta property=\"og:image:width\" content=\"600\" \/>\n\t<meta property=\"og:image:height\" content=\"600\" \/>\n\t<meta property=\"og:image:type\" content=\"image\/gif\" \/>\n<meta name=\"twitter:card\" content=\"summary_large_image\" \/>\n<meta name=\"twitter:label1\" content=\"Gesch\u00e4tzte Lesezeit\" \/>\n\t<meta name=\"twitter:data1\" content=\"2\u00a0Minuten\" \/>\n<!-- \/ Yoast SEO plugin. -->","yoast_head_json":{"title":"Sgt-78 Online kaufen - Sgt-78 Pulver zum Verkauf - Sgt-78 online bestellen","description":"Holen Sie sich beste Qualit\u00e4t Sgt-78 zum Verkauf von einem f\u00fchrenden Pulver-Shop Narcopowders.com. Kaufen Sie Sgt-78 online legal, Bestellen Sie Sgt-78 online.","robots":{"index":"index","follow":"follow","max-snippet":"max-snippet:-1","max-image-preview":"max-image-preview:large","max-video-preview":"max-video-preview:-1"},"canonical":"https:\/\/narcopowders.com\/de\/produkt\/sgt-78-online-kaufen\/","og_locale":"de_DE","og_type":"article","og_title":"Buy Sgt-78 Online - Sgt-78 Powder for sale - Order Sgt-78 online","og_description":"Get best quality Sgt-78 for sale from a leading powder store Narcopowders.com. Buy Sgt-78 online legally, Order Sgt-78 online.","og_url":"https:\/\/narcopowders.com\/de\/produkt\/sgt-78-online-kaufen\/","og_site_name":"Narco Powders","article_modified_time":"2025-03-26T13:06:04+00:00","og_image":[{"width":600,"height":600,"url":"https:\/\/narcopowders.com\/wp-content\/uploads\/2024\/05\/Sgt-78.gif","type":"image\/gif"}],"twitter_card":"summary_large_image","twitter_misc":{"Gesch\u00e4tzte Lesezeit":"2\u00a0Minuten"},"schema":{"@context":"https:\/\/schema.org","@graph":[{"@type":"WebPage","@id":"https:\/\/narcopowders.com\/product\/buy-sgt-78-online\/","url":"https:\/\/narcopowders.com\/product\/buy-sgt-78-online\/","name":"Sgt-78 Online kaufen - Sgt-78 Pulver zum Verkauf - Sgt-78 online bestellen","isPartOf":{"@id":"https:\/\/narcopowders.com\/#website"},"primaryImageOfPage":{"@id":"https:\/\/narcopowders.com\/product\/buy-sgt-78-online\/#primaryimage"},"image":{"@id":"https:\/\/narcopowders.com\/product\/buy-sgt-78-online\/#primaryimage"},"thumbnailUrl":"https:\/\/narcopowders.com\/wp-content\/uploads\/2024\/05\/Sgt-78.gif","datePublished":"2024-05-23T06:14:19+00:00","dateModified":"2025-03-26T13:06:04+00:00","description":"Holen Sie sich beste Qualit\u00e4t Sgt-78 zum Verkauf von einem f\u00fchrenden Pulver-Shop Narcopowders.com. Kaufen Sie Sgt-78 online legal, Bestellen Sie Sgt-78 online.","breadcrumb":{"@id":"https:\/\/narcopowders.com\/product\/buy-sgt-78-online\/#breadcrumb"},"inLanguage":"de","potentialAction":[{"@type":"ReadAction","target":["https:\/\/narcopowders.com\/product\/buy-sgt-78-online\/"]}]},{"@type":"ImageObject","inLanguage":"de","@id":"https:\/\/narcopowders.com\/product\/buy-sgt-78-online\/#primaryimage","url":"https:\/\/narcopowders.com\/wp-content\/uploads\/2024\/05\/Sgt-78.gif","contentUrl":"https:\/\/narcopowders.com\/wp-content\/uploads\/2024\/05\/Sgt-78.gif","width":600,"height":600,"caption":"Buy Sgt-78 Online"},{"@type":"BreadcrumbList","@id":"https:\/\/narcopowders.com\/product\/buy-sgt-78-online\/#breadcrumb","itemListElement":[{"@type":"ListItem","position":1,"name":"Home","item":"https:\/\/narcopowders.com\/"},{"@type":"ListItem","position":2,"name":"Shop Page","item":"https:\/\/narcopowders.com\/shop\/"},{"@type":"ListItem","position":3,"name":"Buy Sgt-78 Online"}]},{"@type":"WebSite","@id":"https:\/\/narcopowders.com\/#website","url":"https:\/\/narcopowders.com\/","name":"Narco-Pulver","description":"Mein WordPress-Blog","potentialAction":[{"@type":"SearchAction","target":{"@type":"EntryPoint","urlTemplate":"https:\/\/narcopowders.com\/?s={search_term_string}"},"query-input":{"@type":"PropertyValueSpecification","valueRequired":true,"valueName":"search_term_string"}}],"inLanguage":"de"}]}},"_links":{"self":[{"href":"https:\/\/narcopowders.com\/de\/wp-json\/wp\/v2\/product\/20527","targetHints":{"allow":["GET"]}}],"collection":[{"href":"https:\/\/narcopowders.com\/de\/wp-json\/wp\/v2\/product"}],"about":[{"href":"https:\/\/narcopowders.com\/de\/wp-json\/wp\/v2\/types\/product"}],"replies":[{"embeddable":true,"href":"https:\/\/narcopowders.com\/de\/wp-json\/wp\/v2\/comments?post=20527"}],"wp:featuredmedia":[{"embeddable":true,"href":"https:\/\/narcopowders.com\/de\/wp-json\/wp\/v2\/media\/21252"}],"wp:attachment":[{"href":"https:\/\/narcopowders.com\/de\/wp-json\/wp\/v2\/media?parent=20527"}],"wp:term":[{"taxonomy":"product_brand","embeddable":true,"href":"https:\/\/narcopowders.com\/de\/wp-json\/wp\/v2\/product_brand?post=20527"},{"taxonomy":"product_cat","embeddable":true,"href":"https:\/\/narcopowders.com\/de\/wp-json\/wp\/v2\/product_cat?post=20527"},{"taxonomy":"product_tag","embeddable":true,"href":"https:\/\/narcopowders.com\/de\/wp-json\/wp\/v2\/product_tag?post=20527"}],"curies":[{"name":"wp","href":"https:\/\/api.w.org\/{rel}","templated":true}]}}