{"id":20560,"date":"2024-05-23T06:14:29","date_gmt":"2024-05-23T06:14:29","guid":{"rendered":"https:\/\/narcopowders.com\/?post_type=product&#038;p=20560"},"modified":"2025-05-06T07:06:10","modified_gmt":"2025-05-06T07:06:10","slug":"buy-mcpep-online","status":"publish","type":"product","link":"https:\/\/narcopowders.com\/de\/produkt\/mcpep-online-kaufen\/","title":{"rendered":"MCPEP online kaufen"},"content":{"rendered":"<h2>MCPEP ONLINE kaufen<\/h2>\n<p><a href=\"https:\/\/narcopowders.com\/de\/produkt\/mcpep-online-kaufen\/\">MCPEP Online kaufen<\/a>, MCPEP tr\u00e4gt nicht <a href=\"https:\/\/en.wikipedia.org\/wiki\/Meta-Chlorophenylpiperazine\">NarcoPowders<\/a> das ist der einzige Ort, um eine Vielzahl von Kunststoffen unter einem Dach zu bekommen. MCPEP \u00fcber das Internet. Flakka, auch Rock genannt, ist eine in den 1960er Jahren entwickelte stimulierende Droge der Cathinon-Klasse.<\/p>\n<p>MCPEP ist ein synthetischer Energizer der Pyrovaleron- und Cathinon-Klassen, der online erh\u00e4ltlich ist. Es ist synthetisch \u00e4hnlich wie andere Pyrovaleron-Mischungen, zum Beispiel <a href=\"https:\/\/narcopowders.com\/de\/\">MDPV<\/a> und Cathinonmischungen. Es ist normalerweise in Form gro\u00dfer, sch\u00f6ner Steinfragmente oder als glasartiges Pulver erh\u00e4ltlich, das Benutzer schlucken k\u00f6nnen, um eine amphetamin\u00e4hnliche Wirkung zu erzielen.<\/p>\n<p><a href=\"https:\/\/duckduckgo.com\/?q=Buy+MCPEP+Online&amp;t=h_&amp;ia=web\">MCPEP online kaufen<\/a> ist das einfache Keton von Prolintan, das k\u00fcnstlich mit Pyrovaleron identifiziert wird und h\u00e4ufig als Freizeitdroge verwendet wird.<\/p>\n<p>Pyrovaleron verhindert die Aufnahme bestimmter Monoaminsynapsen, wie die f\u00fcr Dopamin und Noradrenalin, indem es deren \u00dcbertr\u00e4gerstoffe hemmt. Der einzige Unterschied zwischen 1,2-\u03b1-Pyrrolidinopentiophenon (Hydrochlorid) und Pyrovaleron ist das Fehlen der Methylgruppe am Phenylrest von Pyrovaleron. Es wird angenommen, dass diese Substanz ein dem Pyrovaleron \u00e4hnliches psychotropes Energetikum ist. Dieser Artikel wird in juristischen Zusammenh\u00e4ngen verwendet.<\/p>\n<h3>WARUM IST NARCOPOWDERS DIE BESTE WEBSITE F\u00dcR DEN ONLINE-KAUF VON MCPEP?<\/h3>\n<p>Als autorisierter Lieferant handelt NarcoPowders im Gro\u00df- und Einzelhandel mit authentischen Pulvern wie Mcpep. Unser Unternehmen garantiert nicht nur die beste MCPEP Qualit\u00e4t, sondern auch einzigartige Verpackung und sicheren Transport auf der ganzen Welt.<\/p>\n<p>Die kritische Phase, die nach dem Konsum von MCPEP auftritt. Einige Klienten behaupteten, dass die Verwendung <a href=\"https:\/\/www.bing.com\/search?q=Buy%20MCPEP%20Online&amp;qs=n&amp;form=QBRE&amp;sp=-1&amp;lq=0&amp;pq=buy%20mcpep%20online&amp;sc=0-16&amp;sk=&amp;cvid=B141403045F84ECD9428F67F84CA2247&amp;ghsh=0&amp;ghacc=0&amp;ghpl=\">MCPEP<\/a> war dem Rauchen von Zigaretten insgesamt weit \u00fcberlegen, da es nicht zur Zerst\u00f6rung der Nase f\u00fchrte.<\/p>\n<p>Wir bieten nur hochwertige Produkte f\u00fcr Forschungszwecke an. In unserem Online-Shop k\u00f6nnen Sie die reinsten und charakteristischsten MCPEP finden. Wir interagieren mit unseren Kunden und bem\u00fchen uns, ihnen hochwertige Dienstleistungen zu bieten.<\/p>\n<p><a href=\"https:\/\/www.google.com\/search?q=Buy+MCPEP+Online&amp;sca_esv=16def464f60f9903&amp;sxsrf=AHTn8zrl9GcjlIKOa8J63qa_B-tqGoFA5w%3A1742992516792&amp;ei=hPTjZ76JMK2Nm9cPiIPx0Ac&amp;ved=0ahUKEwi-27yO4aeMAxWtxuYEHYhBHHoQ4dUDCBA&amp;uact=5&amp;oq=Buy+MCPEP+Online&amp;gs_lp=Egxnd3Mtd2l6LXNlcnAiEEJ1eSBNQ1BFUCBPbmxpbmVI8gdQ9wNY9wNwAXgAkAEAmAEAoAEAqgEAuAEDyAEA-AEC-AEBmAIAoAIAmAMAiAYBkgcAoAcAsgcAuAcA&amp;sclient=gws-wiz-serp\">MCPEP online kaufen<\/a> wird k\u00fcnstlich mit Pyrovaleron identifiziert und ist das einfache Keton von Prolintan, das regelm\u00e4\u00dfig als Freizeitdroge verwendet wird.<\/p>\n<h3>MCPEP-Pulver bestellen<\/h3>\n<p>Dieses Pyrovaleron hemmt die Transmitter bestimmter Monoaminsynapsen, darunter Dopamin und Noradrenalin, indem es ihre Aufnahme verhindert.1,2 \u03b1-Pyrrolidinopentiophenon (Hydrochlorid) ist ein einfaches Pyrovaleron, dem nur das Methylb\u00fcndel am Phenylteil des Pyrovalerons fehlt. Wie Pyrovaleron gilt auch diese Verbindung als psychoaktives Energetikum. Dieser Stoff wird in legalen Anwendungen verwendet.<\/p>\n<h3>WARUM NarcoPowders der beste Ort ist, um MCPEP online zu kaufen?<\/h3>\n<p>NarcoPowders ist ein offizieller H\u00e4ndler, und wir verhandeln in Rabatt und Einzelhandel Austausch von solchen legitimen Pulvern wie Mcpep. Unsere Organisation sorgt nicht nur f\u00fcr das h\u00f6chste Kaliber von MCPEP neben einzigartigen B\u00fcndelung und sicheren Transport rund um den Globus MCPEP Online kaufen.<\/p>\n<p>&nbsp;<\/p>","protected":false},"excerpt":{"rendered":"<p>Buy MCPEP ONLINE MCPEP Buy Online, MCPEP does not carry NarcoPowders which is the only place to get a variety of plastics under one roof. MCPEP via the Internet. Flakka, also called Rock, is a cathinone-class stimulant drug developed in the 1960s. MCPEP is a synthetic energizer of the pyrovalerone and cathinone classes that can [&hellip;]<\/p>","protected":false},"featured_media":21258,"comment_status":"open","ping_status":"closed","template":"","meta":{"_joinchat":[]},"product_brand":[],"product_cat":[1539,1724],"product_tag":[],"class_list":{"0":"post-20560","1":"product","2":"type-product","3":"status-publish","4":"has-post-thumbnail","6":"product_cat-cathinone","7":"product_cat-research-chemicals","9":"first","10":"instock","11":"shipping-taxable","12":"purchasable","13":"product-type-variable","14":"add-to-wishlist-after_add_to_cart"},"yoast_head":"<!-- This site is optimized with the Yoast SEO plugin v25.9 - https:\/\/yoast.com\/wordpress\/plugins\/seo\/ -->\n<title>Buy MCPEP Online - MCPEP Powder for Sale - NarcoPowders<\/title>\n<meta name=\"description\" content=\"Are you looking to buy MCPEP online without prescription? NarcoPowders is the best place to buy MCPEP online legally, MCPEP powder for sale. Order Now!\" \/>\n<meta name=\"robots\" content=\"index, follow, max-snippet:-1, max-image-preview:large, max-video-preview:-1\" \/>\n<link rel=\"canonical\" href=\"https:\/\/narcopowders.com\/de\/produkt\/mcpep-online-kaufen\/\" \/>\n<meta property=\"og:locale\" content=\"de_DE\" \/>\n<meta property=\"og:type\" content=\"article\" \/>\n<meta property=\"og:title\" content=\"Buy MCPEP Online - MCPEP Powder for Sale - NarcoPowders\" \/>\n<meta property=\"og:description\" content=\"Are you looking to buy MCPEP online without prescription? NarcoPowders is the best place to buy MCPEP online legally, MCPEP powder for sale. Order Now!\" \/>\n<meta property=\"og:url\" content=\"https:\/\/narcopowders.com\/de\/produkt\/mcpep-online-kaufen\/\" \/>\n<meta property=\"og:site_name\" content=\"Narco Powders\" \/>\n<meta property=\"article:modified_time\" content=\"2025-05-06T07:06:10+00:00\" \/>\n<meta property=\"og:image\" content=\"https:\/\/narcopowders.com\/wp-content\/uploads\/2024\/05\/Mcpep.gif\" \/>\n\t<meta property=\"og:image:width\" content=\"600\" \/>\n\t<meta property=\"og:image:height\" content=\"600\" \/>\n\t<meta property=\"og:image:type\" content=\"image\/gif\" \/>\n<meta name=\"twitter:card\" content=\"summary_large_image\" \/>\n<meta name=\"twitter:label1\" content=\"Gesch\u00e4tzte Lesezeit\" \/>\n\t<meta name=\"twitter:data1\" content=\"3\u00a0Minuten\" \/>\n<!-- \/ Yoast SEO plugin. -->","yoast_head_json":{"title":"MCPEP online kaufen - MCPEP-Pulver zu verkaufen - NarcoPowders","description":"M\u00f6chten Sie MCPEP online ohne Rezept kaufen? NarcoPowders ist der beste Ort, um MCPEP online legal zu kaufen, MCPEP Pulver zum Verkauf. Jetzt bestellen!","robots":{"index":"index","follow":"follow","max-snippet":"max-snippet:-1","max-image-preview":"max-image-preview:large","max-video-preview":"max-video-preview:-1"},"canonical":"https:\/\/narcopowders.com\/de\/produkt\/mcpep-online-kaufen\/","og_locale":"de_DE","og_type":"article","og_title":"Buy MCPEP Online - MCPEP Powder for Sale - NarcoPowders","og_description":"Are you looking to buy MCPEP online without prescription? NarcoPowders is the best place to buy MCPEP online legally, MCPEP powder for sale. Order Now!","og_url":"https:\/\/narcopowders.com\/de\/produkt\/mcpep-online-kaufen\/","og_site_name":"Narco Powders","article_modified_time":"2025-05-06T07:06:10+00:00","og_image":[{"width":600,"height":600,"url":"https:\/\/narcopowders.com\/wp-content\/uploads\/2024\/05\/Mcpep.gif","type":"image\/gif"}],"twitter_card":"summary_large_image","twitter_misc":{"Gesch\u00e4tzte Lesezeit":"3\u00a0Minuten"},"schema":{"@context":"https:\/\/schema.org","@graph":[{"@type":"WebPage","@id":"https:\/\/narcopowders.com\/product\/buy-mcpep-online\/","url":"https:\/\/narcopowders.com\/product\/buy-mcpep-online\/","name":"MCPEP online kaufen - MCPEP-Pulver zu verkaufen - NarcoPowders","isPartOf":{"@id":"https:\/\/narcopowders.com\/#website"},"primaryImageOfPage":{"@id":"https:\/\/narcopowders.com\/product\/buy-mcpep-online\/#primaryimage"},"image":{"@id":"https:\/\/narcopowders.com\/product\/buy-mcpep-online\/#primaryimage"},"thumbnailUrl":"https:\/\/narcopowders.com\/wp-content\/uploads\/2024\/05\/Mcpep.gif","datePublished":"2024-05-23T06:14:29+00:00","dateModified":"2025-05-06T07:06:10+00:00","description":"M\u00f6chten Sie MCPEP online ohne Rezept kaufen? NarcoPowders ist der beste Ort, um MCPEP online legal zu kaufen, MCPEP Pulver zum Verkauf. Jetzt bestellen!","breadcrumb":{"@id":"https:\/\/narcopowders.com\/product\/buy-mcpep-online\/#breadcrumb"},"inLanguage":"de","potentialAction":[{"@type":"ReadAction","target":["https:\/\/narcopowders.com\/product\/buy-mcpep-online\/"]}]},{"@type":"ImageObject","inLanguage":"de","@id":"https:\/\/narcopowders.com\/product\/buy-mcpep-online\/#primaryimage","url":"https:\/\/narcopowders.com\/wp-content\/uploads\/2024\/05\/Mcpep.gif","contentUrl":"https:\/\/narcopowders.com\/wp-content\/uploads\/2024\/05\/Mcpep.gif","width":600,"height":600,"caption":"Buy MCPEP Online"},{"@type":"BreadcrumbList","@id":"https:\/\/narcopowders.com\/product\/buy-mcpep-online\/#breadcrumb","itemListElement":[{"@type":"ListItem","position":1,"name":"Home","item":"https:\/\/narcopowders.com\/"},{"@type":"ListItem","position":2,"name":"Shop Page","item":"https:\/\/narcopowders.com\/shop\/"},{"@type":"ListItem","position":3,"name":"Buy MCPEP Online"}]},{"@type":"WebSite","@id":"https:\/\/narcopowders.com\/#website","url":"https:\/\/narcopowders.com\/","name":"Narco-Pulver","description":"Mein WordPress-Blog","potentialAction":[{"@type":"SearchAction","target":{"@type":"EntryPoint","urlTemplate":"https:\/\/narcopowders.com\/?s={search_term_string}"},"query-input":{"@type":"PropertyValueSpecification","valueRequired":true,"valueName":"search_term_string"}}],"inLanguage":"de"}]}},"_links":{"self":[{"href":"https:\/\/narcopowders.com\/de\/wp-json\/wp\/v2\/product\/20560","targetHints":{"allow":["GET"]}}],"collection":[{"href":"https:\/\/narcopowders.com\/de\/wp-json\/wp\/v2\/product"}],"about":[{"href":"https:\/\/narcopowders.com\/de\/wp-json\/wp\/v2\/types\/product"}],"replies":[{"embeddable":true,"href":"https:\/\/narcopowders.com\/de\/wp-json\/wp\/v2\/comments?post=20560"}],"wp:featuredmedia":[{"embeddable":true,"href":"https:\/\/narcopowders.com\/de\/wp-json\/wp\/v2\/media\/21258"}],"wp:attachment":[{"href":"https:\/\/narcopowders.com\/de\/wp-json\/wp\/v2\/media?parent=20560"}],"wp:term":[{"taxonomy":"product_brand","embeddable":true,"href":"https:\/\/narcopowders.com\/de\/wp-json\/wp\/v2\/product_brand?post=20560"},{"taxonomy":"product_cat","embeddable":true,"href":"https:\/\/narcopowders.com\/de\/wp-json\/wp\/v2\/product_cat?post=20560"},{"taxonomy":"product_tag","embeddable":true,"href":"https:\/\/narcopowders.com\/de\/wp-json\/wp\/v2\/product_tag?post=20560"}],"curies":[{"name":"wp","href":"https:\/\/api.w.org\/{rel}","templated":true}]}}