{"id":20561,"date":"2024-05-23T06:14:29","date_gmt":"2024-05-23T06:14:29","guid":{"rendered":"https:\/\/narcopowders.com\/?post_type=product&#038;p=20561"},"modified":"2025-03-26T12:43:05","modified_gmt":"2025-03-26T12:43:05","slug":"buy-mdpep-online","status":"publish","type":"product","link":"https:\/\/narcopowders.com\/de\/produkt\/buy-mdpep-online\/","title":{"rendered":"Mdpep online kaufen"},"content":{"rendered":"<h2>MDPEP ONLINE kaufen<\/h2>\n<p><a href=\"https:\/\/narcopowders.com\/de\/produkt\/buy-mdpep-online\/\">MDPEP Online kaufen<\/a>, MDPEP f\u00fchrt keine NarcoPowders, das ist der einzige Ort, um eine Vielzahl von Kunststoffen unter einem Dach zu bekommen. MDPEP \u00fcber das Internet. Flakka, auch Rock genannt, ist eine stimulierende Droge der Cathinon-Klasse, die in den 1960er Jahren entwickelt wurde.<\/p>\n<p>MDPEP ist ein synthetisches Energetikum aus der Klasse der Pyrovalerone und Cathinone, das online erworben werden kann. Es \u00e4hnelt synthetisch anderen Pyrovaleron-Gemischen, wie MDPV und Cathinon-Gemischen. Es wird in der Regel in Form von gro\u00dfen, sch\u00f6nen Steinsplittern oder als glasartiges Pulver angeboten, das die Konsumenten schlucken k\u00f6nnen, um eine dem Amphetamin \u00e4hnliche Wirkung zu erzielen.<\/p>\n<p><a href=\"https:\/\/narcopowders.com\/de\/\">MDPEP online kaufen<\/a> ist das einfache Keton von Prolintan, das k\u00fcnstlich mit Pyrovaleron identifiziert wird und h\u00e4ufig als Freizeitdroge verwendet wird.<\/p>\n<p>Pyrovaleron verhindert die Aufnahme bestimmter Monoaminsynapsen, wie die f\u00fcr Dopamin und Noradrenalin, indem es deren \u00dcbertr\u00e4gerstoffe hemmt. Der einzige Unterschied zwischen 1,2-\u03b1-Pyrrolidinopentiophenon (Hydrochlorid) und Pyrovaleron ist das Fehlen der Methylgruppe am Phenylrest von Pyrovaleron. Es wird angenommen, dass diese Substanz ein dem Pyrovaleron \u00e4hnliches psychotropes Energetikum ist. Dieser Artikel wird in juristischen Zusammenh\u00e4ngen verwendet.<\/p>\n<h3>WARUM IST NARCOPOWDERS DIE BESTE WEBSITE F\u00dcR DEN ONLINE-KAUF VON MCPEP?<\/h3>\n<p>As an authorized supplier, <a href=\"https:\/\/en.wikipedia.org\/wiki\/MDPEP\">Narcopowders<\/a> Als autorisierter Lieferant handelt Narcopowders im Gro\u00df- und Einzelhandel mit authentischen Pulvern wie Mdpep. Unser Unternehmen garantiert nicht nur die beste MCPEP Qualit\u00e4t, sondern auch einzigartige Verpackung und sicheren Transport auf der ganzen Welt.<\/p>\n<p>Die kritische Phase, die nach der Einnahme von MDPEP auftritt. Einige Klienten gaben an, dass die Verwendung <a href=\"https:\/\/duckduckgo.com\/?q=Buy+Mdpep+Online&amp;t=h_&amp;ia=web\">MDPEP<\/a> war dem Rauchen von Zigaretten insgesamt weit \u00fcberlegen, da es nicht zur Zerst\u00f6rung der Nase f\u00fchrte.<\/p>\n<p>Wir liefern ausschlie\u00dflich hochwertige Produkte f\u00fcr <a href=\"https:\/\/www.bing.com\/search?q=Buy%20Mdpep%20Online&amp;qs=n&amp;form=QBRE&amp;sp=-1&amp;lq=0&amp;pq=buy%20mdpep%20online&amp;sc=0-16&amp;sk=&amp;cvid=8307A66EE6A04083B4263A3886FCCCBA&amp;ghsh=0&amp;ghacc=0&amp;ghpl=\">research purposes<\/a>Wir bieten nur hochwertige Produkte f\u00fcr Forschungszwecke an. In unserem Online-Shop k\u00f6nnen Sie die reinsten und charakteristischsten MDPEP finden. Wir interagieren mit unseren Kunden und bem\u00fchen uns, sie mit qualitativ hochwertigen Dienstleistungen zu bieten.<\/p>\n<p>MDPEP online kaufen wird k\u00fcnstlich mit Pyrovaleron identifiziert und ist das einfache Keton von Prolintan, das regelm\u00e4\u00dfig als Freizeitdroge verwendet wird.<\/p>\n<h3>MDPEP-Pulver bestellen<\/h3>\n<p>Dieses Pyrovaleron hemmt die Transmitter bestimmter Monoaminsynapsen, darunter Dopamin und Noradrenalin, indem es ihre Aufnahme verhindert.1,2 \u03b1-Pyrrolidinopentiophenon (Hydrochlorid) ist ein einfaches Pyrovaleron, dem nur das Methylb\u00fcndel am Phenylteil des Pyrovalerons fehlt. Wie Pyrovaleron gilt auch diese Verbindung als psychoaktives Energetikum. Dieser Stoff wird in legalen Anwendungen verwendet.<\/p>\n<h3>WARUM ist Buy NarcoPowders der beste Ort, um MDPEP online zu kaufen?<\/h3>\n<p>NarcoPowders ist ein offizieller H\u00e4ndler, und wir verhandeln in Rabatt und Einzelhandel Austausch von solchen legitimen Pulvern wie Mcpep. Unsere Organisation sorgt nicht nur f\u00fcr das h\u00f6chste Kaliber von MDPEP neben einzigartigen B\u00fcndelung und sicheren Transport rund um den Globus <a href=\"https:\/\/www.google.com\/search?q=Buy+Mdpep+Online&amp;sca_esv=16def464f60f9903&amp;sxsrf=AHTn8zqGo1t_UjilMq3Gbhux0PSunqDuUQ%3A1742992732251&amp;ei=XPXjZ5uED-eCm9cPw7C06A8&amp;ved=0ahUKEwibopv14aeMAxVnweYEHUMYDf0Q4dUDCBA&amp;uact=5&amp;oq=Buy+Mdpep+Online&amp;gs_lp=Egxnd3Mtd2l6LXNlcnAiEEJ1eSBNZHBlcCBPbmxpbmUyBRAhGKABMgUQIRigATIFECEYoAEyBRAhGKABSJ0EUABYAHAAeACQAQCYAYUDoAGFA6oBAzMtMbgBA8gBAPgBAvgBAZgCAaACiwOYAwCSBwMzLTGgB4MDsgcDMy0xuAeLAw&amp;sclient=gws-wiz-serp\">MDPEP Online kaufen<\/a>.<\/p>","protected":false},"excerpt":{"rendered":"<p>Buy MDPEP ONLINE MDPEP Buy Online, MDPEP does not carry NarcoPowders which is the only place to get a variety of plastics under one roof. MDPEP via the Internet. Flakka, also called Rock, is a cathinone-class stimulant drug developed in the 1960s. MDPEP is a synthetic energizer of the pyrovalerone and cathinone classes that can [&hellip;]<\/p>","protected":false},"featured_media":21256,"comment_status":"open","ping_status":"closed","template":"","meta":{"_joinchat":[]},"product_brand":[],"product_cat":[1724],"product_tag":[],"class_list":{"0":"post-20561","1":"product","2":"type-product","3":"status-publish","4":"has-post-thumbnail","6":"product_cat-research-chemicals","8":"first","9":"instock","10":"shipping-taxable","11":"purchasable","12":"product-type-variable","13":"add-to-wishlist-after_add_to_cart"},"yoast_head":"<!-- This site is optimized with the Yoast SEO plugin v25.9 - https:\/\/yoast.com\/wordpress\/plugins\/seo\/ -->\n<title>Buy MDPEP Online - MDPEP for sale | NarcoPowders<\/title>\n<meta name=\"description\" content=\"If you are looking trusted chemical store to buy Mdpep online, We are available 24x7 to get Mdpop for sale online. Order Mdpep online now!\" \/>\n<meta name=\"robots\" content=\"index, follow, max-snippet:-1, max-image-preview:large, max-video-preview:-1\" \/>\n<link rel=\"canonical\" href=\"https:\/\/narcopowders.com\/de\/produkt\/buy-mdpep-online\/\" \/>\n<meta property=\"og:locale\" content=\"de_DE\" \/>\n<meta property=\"og:type\" content=\"article\" \/>\n<meta property=\"og:title\" content=\"Buy MDPEP Online - MDPEP for sale | NarcoPowders\" \/>\n<meta property=\"og:description\" content=\"If you are looking trusted chemical store to buy Mdpep online, We are available 24x7 to get Mdpop for sale online. Order Mdpep online now!\" \/>\n<meta property=\"og:url\" content=\"https:\/\/narcopowders.com\/de\/produkt\/buy-mdpep-online\/\" \/>\n<meta property=\"og:site_name\" content=\"Narco Powders\" \/>\n<meta property=\"article:modified_time\" content=\"2025-03-26T12:43:05+00:00\" \/>\n<meta property=\"og:image\" content=\"https:\/\/narcopowders.com\/wp-content\/uploads\/2024\/05\/Mdpep.gif\" \/>\n\t<meta property=\"og:image:width\" content=\"600\" \/>\n\t<meta property=\"og:image:height\" content=\"600\" \/>\n\t<meta property=\"og:image:type\" content=\"image\/gif\" \/>\n<meta name=\"twitter:card\" content=\"summary_large_image\" \/>\n<meta name=\"twitter:label1\" content=\"Gesch\u00e4tzte Lesezeit\" \/>\n\t<meta name=\"twitter:data1\" content=\"3\u00a0Minuten\" \/>\n<!-- \/ Yoast SEO plugin. -->","yoast_head_json":{"title":"MDPEP online kaufen - MDPEP zu verkaufen | NarcoPowders","description":"Wenn Sie auf der Suche nach vertrauensw\u00fcrdigen chemischen Shop zu kaufen Mdpep online, Wir sind 24x7 zu bekommen Mdpop zum Verkauf online. Bestellen Sie Mdpep jetzt online!","robots":{"index":"index","follow":"follow","max-snippet":"max-snippet:-1","max-image-preview":"max-image-preview:large","max-video-preview":"max-video-preview:-1"},"canonical":"https:\/\/narcopowders.com\/de\/produkt\/buy-mdpep-online\/","og_locale":"de_DE","og_type":"article","og_title":"Buy MDPEP Online - MDPEP for sale | NarcoPowders","og_description":"If you are looking trusted chemical store to buy Mdpep online, We are available 24x7 to get Mdpop for sale online. Order Mdpep online now!","og_url":"https:\/\/narcopowders.com\/de\/produkt\/buy-mdpep-online\/","og_site_name":"Narco Powders","article_modified_time":"2025-03-26T12:43:05+00:00","og_image":[{"width":600,"height":600,"url":"https:\/\/narcopowders.com\/wp-content\/uploads\/2024\/05\/Mdpep.gif","type":"image\/gif"}],"twitter_card":"summary_large_image","twitter_misc":{"Gesch\u00e4tzte Lesezeit":"3\u00a0Minuten"},"schema":{"@context":"https:\/\/schema.org","@graph":[{"@type":"WebPage","@id":"https:\/\/narcopowders.com\/product\/buy-mdpep-online\/","url":"https:\/\/narcopowders.com\/product\/buy-mdpep-online\/","name":"MDPEP online kaufen - MDPEP zu verkaufen | NarcoPowders","isPartOf":{"@id":"https:\/\/narcopowders.com\/#website"},"primaryImageOfPage":{"@id":"https:\/\/narcopowders.com\/product\/buy-mdpep-online\/#primaryimage"},"image":{"@id":"https:\/\/narcopowders.com\/product\/buy-mdpep-online\/#primaryimage"},"thumbnailUrl":"https:\/\/narcopowders.com\/wp-content\/uploads\/2024\/05\/Mdpep.gif","datePublished":"2024-05-23T06:14:29+00:00","dateModified":"2025-03-26T12:43:05+00:00","description":"Wenn Sie auf der Suche nach vertrauensw\u00fcrdigen chemischen Shop zu kaufen Mdpep online, Wir sind 24x7 zu bekommen Mdpop zum Verkauf online. Bestellen Sie Mdpep jetzt online!","breadcrumb":{"@id":"https:\/\/narcopowders.com\/product\/buy-mdpep-online\/#breadcrumb"},"inLanguage":"de","potentialAction":[{"@type":"ReadAction","target":["https:\/\/narcopowders.com\/product\/buy-mdpep-online\/"]}]},{"@type":"ImageObject","inLanguage":"de","@id":"https:\/\/narcopowders.com\/product\/buy-mdpep-online\/#primaryimage","url":"https:\/\/narcopowders.com\/wp-content\/uploads\/2024\/05\/Mdpep.gif","contentUrl":"https:\/\/narcopowders.com\/wp-content\/uploads\/2024\/05\/Mdpep.gif","width":600,"height":600,"caption":"Buy Mdpep Online"},{"@type":"BreadcrumbList","@id":"https:\/\/narcopowders.com\/product\/buy-mdpep-online\/#breadcrumb","itemListElement":[{"@type":"ListItem","position":1,"name":"Home","item":"https:\/\/narcopowders.com\/"},{"@type":"ListItem","position":2,"name":"Shop Page","item":"https:\/\/narcopowders.com\/shop\/"},{"@type":"ListItem","position":3,"name":"Buy Mdpep Online"}]},{"@type":"WebSite","@id":"https:\/\/narcopowders.com\/#website","url":"https:\/\/narcopowders.com\/","name":"Narco-Pulver","description":"Mein WordPress-Blog","potentialAction":[{"@type":"SearchAction","target":{"@type":"EntryPoint","urlTemplate":"https:\/\/narcopowders.com\/?s={search_term_string}"},"query-input":{"@type":"PropertyValueSpecification","valueRequired":true,"valueName":"search_term_string"}}],"inLanguage":"de"}]}},"_links":{"self":[{"href":"https:\/\/narcopowders.com\/de\/wp-json\/wp\/v2\/product\/20561","targetHints":{"allow":["GET"]}}],"collection":[{"href":"https:\/\/narcopowders.com\/de\/wp-json\/wp\/v2\/product"}],"about":[{"href":"https:\/\/narcopowders.com\/de\/wp-json\/wp\/v2\/types\/product"}],"replies":[{"embeddable":true,"href":"https:\/\/narcopowders.com\/de\/wp-json\/wp\/v2\/comments?post=20561"}],"wp:featuredmedia":[{"embeddable":true,"href":"https:\/\/narcopowders.com\/de\/wp-json\/wp\/v2\/media\/21256"}],"wp:attachment":[{"href":"https:\/\/narcopowders.com\/de\/wp-json\/wp\/v2\/media?parent=20561"}],"wp:term":[{"taxonomy":"product_brand","embeddable":true,"href":"https:\/\/narcopowders.com\/de\/wp-json\/wp\/v2\/product_brand?post=20561"},{"taxonomy":"product_cat","embeddable":true,"href":"https:\/\/narcopowders.com\/de\/wp-json\/wp\/v2\/product_cat?post=20561"},{"taxonomy":"product_tag","embeddable":true,"href":"https:\/\/narcopowders.com\/de\/wp-json\/wp\/v2\/product_tag?post=20561"}],"curies":[{"name":"wp","href":"https:\/\/api.w.org\/{rel}","templated":true}]}}