{"id":20594,"date":"2024-05-23T06:14:38","date_gmt":"2024-05-23T06:14:38","guid":{"rendered":"https:\/\/narcopowders.com\/?post_type=product&#038;p=20594"},"modified":"2025-03-26T12:59:38","modified_gmt":"2025-03-26T12:59:38","slug":"buy-bmdp-online","status":"publish","type":"product","link":"https:\/\/narcopowders.com\/de\/produkt\/bmdp-online-kaufen\/","title":{"rendered":"BMDP online kaufen"},"content":{"rendered":"<h2>BMDP-Pulver online kaufen<\/h2>\n<p>Vergleichbar in der Struktur mit Methylon, <a href=\"https:\/\/narcopowders.com\/de\/produkt\/bmdp-online-kaufen\/\">BMDP<\/a> ist ein substituiertes Cathinon. Die Aminomethylgruppe des BMDP-Molek\u00fcls ist mit einer Phenylgruppe erg\u00e4nzt, was die L\u00f6slichkeit in fl\u00fcssigen L\u00f6sungen deutlich reduziert. \u00dcber die physiologischen und toxikologischen Eigenschaften von BMDP ist derzeit nichts bekannt. <a href=\"https:\/\/en.wikipedia.org\/wiki\/BMDP\">BMDP<\/a> ist ausschlie\u00dflich f\u00fcr die Verwendung f\u00fcr forensische Untersuchungen und Zwecke bestimmt.<\/p>\n<p>1-(1,3-Benzodioxol-5-yl) ist die offizielle Bezeichnung f\u00fcr 2-[Amino-(Phenylmethyl)]-1-Propanon-Monohydrochlorid<\/p>\n<p>Alternative Begriffe: BMDP<\/p>\n<p>Gewicht der Formel: 319.8<\/p>\n<p>99% Reinheit<\/p>\n<p>Formulierung: Ein Feststoff mit Kristallen<\/p>\n<p>Bestimmte Stimulanzien und Entaktogene sind Beispiele f\u00fcr substituierte Cathinone, die von Cathinon abgeleitet sind. Neben anderen Ersatzstoffen haben sie einen Phenethylaminkern mit einer an das Alpha-Kohlenstoffatom gebundenen Alkylgruppe und einer an das Beta-Kohlenstoffatom gebundenen Ketongruppe. Die Pflanze Khat, deren Bl\u00e4tter als Freizeitdroge verzehrt werden, enth\u00e4lt nat\u00fcrlich Phthalon.<\/p>\n<p>Wikipedia Seite f\u00fcr bmdp Medikamente Dosis von erowid bmdp Medikament<br \/>\ndrug <a href=\"https:\/\/www.google.com\/search?q=Buy+BMDP+Online&amp;sca_esv=16def464f60f9903&amp;sxsrf=AHTn8zrL_hv7kEUtrZBMgrdLM2jgfonusg%3A1742993755788&amp;ei=W_njZ-TnL9K-0PEPy9b6GA&amp;ved=0ahUKEwikgaPd5aeMAxVSHzQIHUurHgMQ4dUDCBA&amp;uact=5&amp;oq=Buy+BMDP+Online&amp;gs_lp=Egxnd3Mtd2l6LXNlcnAiD0J1eSBCTURQIE9ubGluZTIFECEYoAEyBRAhGKABMgUQIRigATIFECEYoAEyBRAhGKABSKIIUIEEWIEEcAF4AJABAJgBgwOgAYMDqgEDMy0xuAEDyAEA-AEC-AEBmAICoAKRA8ICCBAAGLADGO8FwgILEAAYgAQYsAMYogSYAwCIBgGQBgOSBwUxLjMtMaAHvgOyBwMzLTG4B4sD&amp;sclient=gws-wiz-serp\">BMDPA<\/a> erowid, drug BMDPA dose, drug BMDPA rc ebk<\/p>\n<p>Das substituierte Cathinon, bekannt als <a href=\"https:\/\/narcopowders.com\/de\/\">BMDP Powder<\/a> weist strukturelle \u00c4hnlichkeiten mit Methylon auf. Die Substanz BMDP-Pulver enth\u00e4lt zus\u00e4tzlich zur Aminomethylgruppe eine Phenylgruppe, was die L\u00f6slichkeit der Verbindung in fl\u00fcssigen L\u00f6sungen deutlich verringert. Die physiologischen und toxikologischen Eigenschaften von BMDP-Pulver sind noch unbekannt. <a href=\"https:\/\/duckduckgo.com\/?q=Buy+BMDP+Online&amp;t=h_&amp;ia=web\">BMDP Powder<\/a> ist ausschlie\u00dflich f\u00fcr den Einsatz in forensischen Untersuchungen und Forschungen bestimmt.<\/p>\n<p>Formaler Titel: 1-(1,3-benzodioxol-5-yl)-2-[(Aminomethyl)phenyl]Monohydrat von -1-Propanon<\/p>\n<p>Alternativen: BMDP-Pulver<\/p>\n<p>Berechnung Gewicht: 319,8<\/p>\n<p>Reinheit: gr\u00f6\u00dfer als 99%<\/p>\n<p>Zusammensetzung: Ein fester Kristall<\/p>\n<p><a href=\"https:\/\/www.bing.com\/search?q=Buy%20BMDP%20Online&amp;qs=n&amp;form=QBRE&amp;sp=-1&amp;lq=0&amp;pq=buy%20bmdp%20online&amp;sc=0-15&amp;sk=&amp;cvid=ABD838CF4710468CBC6ED1308B7C151E&amp;ghsh=0&amp;ghacc=0&amp;ghpl=\">BMDP-Pulver online kaufen<\/a><\/p>","protected":false},"excerpt":{"rendered":"<p>Buy BMDP Powder Online Comparable in structure to methylone, BMDP is a substituted cathinone. The amino methyl group of the BMDP molecule has a phenyl family added to it, which significantly reduces its solubility in liquid solutions. These days, nothing is known about the physiological and toxicological characteristics of BMDP. BMDP is solely meant to [&hellip;]<\/p>","protected":false},"featured_media":21296,"comment_status":"open","ping_status":"closed","template":"","meta":{"_joinchat":[]},"product_brand":[],"product_cat":[1599],"product_tag":[],"class_list":{"0":"post-20594","1":"product","2":"type-product","3":"status-publish","4":"has-post-thumbnail","6":"product_cat-stimulants","8":"first","9":"instock","10":"shipping-taxable","11":"purchasable","12":"product-type-variable","13":"add-to-wishlist-after_add_to_cart"},"yoast_head":"<!-- This site is optimized with the Yoast SEO plugin v25.9 - https:\/\/yoast.com\/wordpress\/plugins\/seo\/ -->\n<title>Buy BMDP Online - Order BMDP Online - BMDP Powder for Sale<\/title>\n<meta name=\"description\" content=\"Order BMDP Online - NarcoPowders is a leading online shop where to buy BMDP online legally at best price. Just Purchase BMDP Powder for Sale Online!\" \/>\n<meta name=\"robots\" content=\"index, follow, max-snippet:-1, max-image-preview:large, max-video-preview:-1\" \/>\n<link rel=\"canonical\" href=\"https:\/\/narcopowders.com\/de\/produkt\/bmdp-online-kaufen\/\" \/>\n<meta property=\"og:locale\" content=\"de_DE\" \/>\n<meta property=\"og:type\" content=\"article\" \/>\n<meta property=\"og:title\" content=\"Buy BMDP Online - Order BMDP Online - BMDP Powder for Sale\" \/>\n<meta property=\"og:description\" content=\"Order BMDP Online - NarcoPowders is a leading online shop where to buy BMDP online legally at best price. Just Purchase BMDP Powder for Sale Online!\" \/>\n<meta property=\"og:url\" content=\"https:\/\/narcopowders.com\/de\/produkt\/bmdp-online-kaufen\/\" \/>\n<meta property=\"og:site_name\" content=\"Narco Powders\" \/>\n<meta property=\"article:modified_time\" content=\"2025-03-26T12:59:38+00:00\" \/>\n<meta property=\"og:image\" content=\"https:\/\/narcopowders.com\/wp-content\/uploads\/2024\/05\/BMDP.gif\" \/>\n\t<meta property=\"og:image:width\" content=\"600\" \/>\n\t<meta property=\"og:image:height\" content=\"600\" \/>\n\t<meta property=\"og:image:type\" content=\"image\/gif\" \/>\n<meta name=\"twitter:card\" content=\"summary_large_image\" \/>\n<meta name=\"twitter:label1\" content=\"Gesch\u00e4tzte Lesezeit\" \/>\n\t<meta name=\"twitter:data1\" content=\"2\u00a0Minuten\" \/>\n<!-- \/ Yoast SEO plugin. -->","yoast_head_json":{"title":"BMDP online kaufen - BMDP online bestellen - BMDP-Pulver zu verkaufen","description":"BMDP Online bestellen - NarcoPowders ist ein f\u00fchrender Online-Shop, wo man BMDP online legal zum besten Preis kaufen kann. Kaufen Sie einfach BMDP Pulver zum Verkauf online!","robots":{"index":"index","follow":"follow","max-snippet":"max-snippet:-1","max-image-preview":"max-image-preview:large","max-video-preview":"max-video-preview:-1"},"canonical":"https:\/\/narcopowders.com\/de\/produkt\/bmdp-online-kaufen\/","og_locale":"de_DE","og_type":"article","og_title":"Buy BMDP Online - Order BMDP Online - BMDP Powder for Sale","og_description":"Order BMDP Online - NarcoPowders is a leading online shop where to buy BMDP online legally at best price. Just Purchase BMDP Powder for Sale Online!","og_url":"https:\/\/narcopowders.com\/de\/produkt\/bmdp-online-kaufen\/","og_site_name":"Narco Powders","article_modified_time":"2025-03-26T12:59:38+00:00","og_image":[{"width":600,"height":600,"url":"https:\/\/narcopowders.com\/wp-content\/uploads\/2024\/05\/BMDP.gif","type":"image\/gif"}],"twitter_card":"summary_large_image","twitter_misc":{"Gesch\u00e4tzte Lesezeit":"2\u00a0Minuten"},"schema":{"@context":"https:\/\/schema.org","@graph":[{"@type":"WebPage","@id":"https:\/\/narcopowders.com\/product\/buy-bmdp-online\/","url":"https:\/\/narcopowders.com\/product\/buy-bmdp-online\/","name":"BMDP online kaufen - BMDP online bestellen - BMDP-Pulver zu verkaufen","isPartOf":{"@id":"https:\/\/narcopowders.com\/#website"},"primaryImageOfPage":{"@id":"https:\/\/narcopowders.com\/product\/buy-bmdp-online\/#primaryimage"},"image":{"@id":"https:\/\/narcopowders.com\/product\/buy-bmdp-online\/#primaryimage"},"thumbnailUrl":"https:\/\/narcopowders.com\/wp-content\/uploads\/2024\/05\/BMDP.gif","datePublished":"2024-05-23T06:14:38+00:00","dateModified":"2025-03-26T12:59:38+00:00","description":"BMDP Online bestellen - NarcoPowders ist ein f\u00fchrender Online-Shop, wo man BMDP online legal zum besten Preis kaufen kann. Kaufen Sie einfach BMDP Pulver zum Verkauf online!","breadcrumb":{"@id":"https:\/\/narcopowders.com\/product\/buy-bmdp-online\/#breadcrumb"},"inLanguage":"de","potentialAction":[{"@type":"ReadAction","target":["https:\/\/narcopowders.com\/product\/buy-bmdp-online\/"]}]},{"@type":"ImageObject","inLanguage":"de","@id":"https:\/\/narcopowders.com\/product\/buy-bmdp-online\/#primaryimage","url":"https:\/\/narcopowders.com\/wp-content\/uploads\/2024\/05\/BMDP.gif","contentUrl":"https:\/\/narcopowders.com\/wp-content\/uploads\/2024\/05\/BMDP.gif","width":600,"height":600,"caption":"Buy BMDP Online"},{"@type":"BreadcrumbList","@id":"https:\/\/narcopowders.com\/product\/buy-bmdp-online\/#breadcrumb","itemListElement":[{"@type":"ListItem","position":1,"name":"Home","item":"https:\/\/narcopowders.com\/"},{"@type":"ListItem","position":2,"name":"Shop Page","item":"https:\/\/narcopowders.com\/shop\/"},{"@type":"ListItem","position":3,"name":"Buy BMDP Online"}]},{"@type":"WebSite","@id":"https:\/\/narcopowders.com\/#website","url":"https:\/\/narcopowders.com\/","name":"Narco-Pulver","description":"Mein WordPress-Blog","potentialAction":[{"@type":"SearchAction","target":{"@type":"EntryPoint","urlTemplate":"https:\/\/narcopowders.com\/?s={search_term_string}"},"query-input":{"@type":"PropertyValueSpecification","valueRequired":true,"valueName":"search_term_string"}}],"inLanguage":"de"}]}},"_links":{"self":[{"href":"https:\/\/narcopowders.com\/de\/wp-json\/wp\/v2\/product\/20594","targetHints":{"allow":["GET"]}}],"collection":[{"href":"https:\/\/narcopowders.com\/de\/wp-json\/wp\/v2\/product"}],"about":[{"href":"https:\/\/narcopowders.com\/de\/wp-json\/wp\/v2\/types\/product"}],"replies":[{"embeddable":true,"href":"https:\/\/narcopowders.com\/de\/wp-json\/wp\/v2\/comments?post=20594"}],"wp:featuredmedia":[{"embeddable":true,"href":"https:\/\/narcopowders.com\/de\/wp-json\/wp\/v2\/media\/21296"}],"wp:attachment":[{"href":"https:\/\/narcopowders.com\/de\/wp-json\/wp\/v2\/media?parent=20594"}],"wp:term":[{"taxonomy":"product_brand","embeddable":true,"href":"https:\/\/narcopowders.com\/de\/wp-json\/wp\/v2\/product_brand?post=20594"},{"taxonomy":"product_cat","embeddable":true,"href":"https:\/\/narcopowders.com\/de\/wp-json\/wp\/v2\/product_cat?post=20594"},{"taxonomy":"product_tag","embeddable":true,"href":"https:\/\/narcopowders.com\/de\/wp-json\/wp\/v2\/product_tag?post=20594"}],"curies":[{"name":"wp","href":"https:\/\/api.w.org\/{rel}","templated":true}]}}