{"id":20595,"date":"2024-05-23T06:14:38","date_gmt":"2024-05-23T06:14:38","guid":{"rendered":"https:\/\/narcopowders.com\/?post_type=product&#038;p=20595"},"modified":"2025-03-26T12:09:41","modified_gmt":"2025-03-26T12:09:41","slug":"buy-ebk-online","status":"publish","type":"product","link":"https:\/\/narcopowders.com\/de\/produkt\/buy-ebk-online\/","title":{"rendered":"EBK online kaufen"},"content":{"rendered":"<h2>EBK online kaufen,<\/h2>\n<p><a href=\"https:\/\/narcopowders.com\/de\/produkt\/buy-ebk-online\/\">Holen Sie sich EBK Crystal online<\/a>. <a href=\"https:\/\/narcopowders.com\/de\/\">NarcoPowders.com<\/a> ist ein bekannter Online-H\u00e4ndler f\u00fcr Forschungschemikalien, bei dem jeder \u00fcber 18 Jahren EBK erwerben kann, das als die neueste Stimulanzien-Chemikalie gilt. Es kann als Ersatz f\u00fcr N-Ethylpentylon gekauft werden und liegt in gro\u00dfer Kristallform vor. Es ist auch unter den Namen Ephylone und bk-EBDP bekannt.<\/p>\n<h3>Wo wird die EBK-Chemikalie eingesetzt?<\/h3>\n<p>Seit <a href=\"https:\/\/www.bing.com\/search?q=Buy%20EBK%20Online&amp;qs=n&amp;form=QBRE&amp;sp=-1&amp;lq=0&amp;pq=buy%20ebk%20online&amp;sc=12-14&amp;sk=&amp;cvid=BBEE1990BAEF473A91C90965DD288E7A&amp;ghsh=0&amp;ghacc=0&amp;ghpl=\">EBC crystal<\/a> Da es in den meisten Teilen des Landes legal ist, sollte es nicht schwierig sein, es online zu bestellen. Der Verkauf erfolgt ausschlie\u00dflich zu Forschungszwecken und wird nicht f\u00fcr andere Zwecke verwendet. Die Anwendung ist nicht auf In-vivo-Diagnostik, Mahlzeiten, Medikamente, Medizinprodukte, Kosmetika oder Pharmazeutika beschr\u00e4nkt. Bevor Sie das Online-Formular ausf\u00fcllen <a href=\"https:\/\/duckduckgo.com\/?q=Buy+EBK+Online&amp;t=h_&amp;ia=web\">EBK<\/a> Stellen Sie beim Bestellformular f\u00fcr Chemikalien sicher, dass in Ihrer Umgebung ausreichend bel\u00fcftet wird.<\/p>\n<p>Wir haben eine lange Geschichte als zuverl\u00e4ssige und seri\u00f6se Quelle f\u00fcr Forschungschemikalien. Echte Kundenrezensionen, die sowohl neue als auch wiederkehrende Kunden auf unseren Websites hinterlassen, inspirieren potenzielle Kunden dazu, eine Bestellung bei uns aufzugeben.<\/p>\n<p>Der f\u00fchrende und zuverl\u00e4ssigste Lieferant von EBK-Chemikalien zu einem vern\u00fcnftigen Preis ist <a href=\"https:\/\/www.google.com\/search?q=Buy+EBK+Online&amp;sca_esv=ae1c882eac2a8cbb&amp;sxsrf=AHTn8zpjQYfyM8PU2BR4giICyNEfDZXYRg%3A1742987778688&amp;ei=AuLjZ9vKKfihseMPjMHM8A4&amp;ved=0ahUKEwjb05W7z6eMAxX4UGwGHYwgE-4Q4dUDCA8&amp;uact=5&amp;oq=Buy+EBK+Online&amp;gs_lp=Egxnd3Mtd2l6LXNlcnAiDkJ1eSBFQksgT25saW5lMgcQABiABBgNMggQABgIGA0YHjIKEAAYCBgKGA0YHjILEAAYgAQYhgMYigUyCxAAGIAEGIYDGIoFMggQABiABBiiBDIIEAAYgAQYogQyCBAAGIAEGKIEMggQABiABBiiBEjhCFDsA1jsA3ACeACQAQCYAakBoAGpAaoBAzAuMbgBA8gBAPgBAvgBAZgCAaACsQGYAwCIBgGSBwMwLjGgB-YGsgcDMC4xuAexAQ&amp;sclient=gws-wiz-serp\">NarcoPowders<\/a>Wir bieten hochwertige EBK-Kristalle zum Verkauf an und liefern EBK-Chemikalien in alle L\u00e4nder, darunter die USA, Europa, Australien und Kanada. Dank der au\u00dfergew\u00f6hnlichen Qualit\u00e4t unserer Produkte sind wir in der Herstellung und im Vertrieb von Forschungschemikalien un\u00fcbertroffen.<\/p>\n<p>Wir legen gro\u00dfen Wert auf den Schutz der Privatsph\u00e4re unserer Kunden und gehen in dieser Hinsicht keine Kompromisse ein. Wir verwenden bei jeder Transaktion die neuesten Sicherheitstechnologien. Die Zufriedenheit unserer Kunden ist entscheidend f\u00fcr den Erfolg unseres Unternehmens. EBK Chemicals ist ein Unternehmen, das gr\u00fcndliche Studien und Analysen durchf\u00fchrt, bevor es ein Produkt auf den Markt bringt. Reinheit und Produktqualit\u00e4t sind die wichtigsten Faktoren, bei denen wir keine Abstriche machen.<\/p>\n<p>Bei Fragen oder Anliegen kontaktieren Sie uns bitte \u00fcber unseren Kundenservice. Wir garantieren Ihnen eine schnellstm\u00f6gliche Bearbeitung Ihrer Anfrage. <a href=\"https:\/\/en.wikipedia.org\/wiki\/EBK\">EBK online kaufen<\/a>.<\/p>\n<p>Unsere Marke ist diejenige, f\u00fcr die sich die Menschen aus mehreren Gr\u00fcnden entscheiden, darunter die fachgerechte Verpackung, der p\u00fcnktliche Lieferservice und die Verf\u00fcgbarkeit der Produkte in allen Mengen. Sobald Ihre Zahlung eingegangen ist, wird Ihre Bestellung genehmigt.<\/p>","protected":false},"excerpt":{"rendered":"<p>Buy EBK Online, Get EBK Crystal Online. NarcoPowders.com is a well-known online retailer of research chemicals where anyone over the age of 18 can get EBK, which is considered the latest stimulant chemical. It can be purchased as a replacement for N-ethylpentylone and is in large crystal form. It is also known by the names [&hellip;]<\/p>","protected":false},"featured_media":21295,"comment_status":"open","ping_status":"closed","template":"","meta":{"_joinchat":[]},"product_brand":[],"product_cat":[1724,1538],"product_tag":[],"class_list":{"0":"post-20595","1":"product","2":"type-product","3":"status-publish","4":"has-post-thumbnail","6":"product_cat-research-chemicals","7":"product_cat-cannabinoids","9":"first","10":"instock","11":"shipping-taxable","12":"purchasable","13":"product-type-variable","14":"add-to-wishlist-after_add_to_cart"},"yoast_head":"<!-- This site is optimized with the Yoast SEO plugin v25.9 - https:\/\/yoast.com\/wordpress\/plugins\/seo\/ -->\n<title>Buy EBK Online - EBK for Sale - Order EBK | NarcoPowders<\/title>\n<meta name=\"description\" content=\"Looking for high-quality EBK for sale online from a leading chemical store? NarcoPowders is the best place to buy EBK online. Order EBK Now!\" \/>\n<meta name=\"robots\" content=\"index, follow, max-snippet:-1, max-image-preview:large, max-video-preview:-1\" \/>\n<link rel=\"canonical\" href=\"https:\/\/narcopowders.com\/de\/produkt\/buy-ebk-online\/\" \/>\n<meta property=\"og:locale\" content=\"de_DE\" \/>\n<meta property=\"og:type\" content=\"article\" \/>\n<meta property=\"og:title\" content=\"Buy EBK Online - EBK for Sale - Order EBK | NarcoPowders\" \/>\n<meta property=\"og:description\" content=\"Looking for high-quality EBK for sale online from a leading chemical store? NarcoPowders is the best place to buy EBK online. Order EBK Now!\" \/>\n<meta property=\"og:url\" content=\"https:\/\/narcopowders.com\/de\/produkt\/buy-ebk-online\/\" \/>\n<meta property=\"og:site_name\" content=\"Narco Powders\" \/>\n<meta property=\"article:modified_time\" content=\"2025-03-26T12:09:41+00:00\" \/>\n<meta property=\"og:image\" content=\"https:\/\/narcopowders.com\/wp-content\/uploads\/2024\/05\/EB-BK.gif\" \/>\n\t<meta property=\"og:image:width\" content=\"600\" \/>\n\t<meta property=\"og:image:height\" content=\"600\" \/>\n\t<meta property=\"og:image:type\" content=\"image\/gif\" \/>\n<meta name=\"twitter:card\" content=\"summary_large_image\" \/>\n<meta name=\"twitter:label1\" content=\"Gesch\u00e4tzte Lesezeit\" \/>\n\t<meta name=\"twitter:data1\" content=\"2\u00a0Minuten\" \/>\n<!-- \/ Yoast SEO plugin. -->","yoast_head_json":{"title":"EBK online kaufen - EBK zu verkaufen - EBK bestellen | NarcoPowders","description":"Suchen Sie nach hochwertigem EBK, das Sie online bei einem f\u00fchrenden Chemikalienh\u00e4ndler kaufen k\u00f6nnen? NarcoPowders ist der beste Ort, um EBK online zu kaufen. EBK jetzt bestellen!","robots":{"index":"index","follow":"follow","max-snippet":"max-snippet:-1","max-image-preview":"max-image-preview:large","max-video-preview":"max-video-preview:-1"},"canonical":"https:\/\/narcopowders.com\/de\/produkt\/buy-ebk-online\/","og_locale":"de_DE","og_type":"article","og_title":"Buy EBK Online - EBK for Sale - Order EBK | NarcoPowders","og_description":"Looking for high-quality EBK for sale online from a leading chemical store? NarcoPowders is the best place to buy EBK online. Order EBK Now!","og_url":"https:\/\/narcopowders.com\/de\/produkt\/buy-ebk-online\/","og_site_name":"Narco Powders","article_modified_time":"2025-03-26T12:09:41+00:00","og_image":[{"width":600,"height":600,"url":"https:\/\/narcopowders.com\/wp-content\/uploads\/2024\/05\/EB-BK.gif","type":"image\/gif"}],"twitter_card":"summary_large_image","twitter_misc":{"Gesch\u00e4tzte Lesezeit":"2\u00a0Minuten"},"schema":{"@context":"https:\/\/schema.org","@graph":[{"@type":"WebPage","@id":"https:\/\/narcopowders.com\/product\/buy-ebk-online\/","url":"https:\/\/narcopowders.com\/product\/buy-ebk-online\/","name":"EBK online kaufen - EBK zu verkaufen - EBK bestellen | NarcoPowders","isPartOf":{"@id":"https:\/\/narcopowders.com\/#website"},"primaryImageOfPage":{"@id":"https:\/\/narcopowders.com\/product\/buy-ebk-online\/#primaryimage"},"image":{"@id":"https:\/\/narcopowders.com\/product\/buy-ebk-online\/#primaryimage"},"thumbnailUrl":"https:\/\/narcopowders.com\/wp-content\/uploads\/2024\/05\/EB-BK.gif","datePublished":"2024-05-23T06:14:38+00:00","dateModified":"2025-03-26T12:09:41+00:00","description":"Suchen Sie nach hochwertigem EBK, das Sie online bei einem f\u00fchrenden Chemikalienh\u00e4ndler kaufen k\u00f6nnen? NarcoPowders ist der beste Ort, um EBK online zu kaufen. EBK jetzt bestellen!","breadcrumb":{"@id":"https:\/\/narcopowders.com\/product\/buy-ebk-online\/#breadcrumb"},"inLanguage":"de","potentialAction":[{"@type":"ReadAction","target":["https:\/\/narcopowders.com\/product\/buy-ebk-online\/"]}]},{"@type":"ImageObject","inLanguage":"de","@id":"https:\/\/narcopowders.com\/product\/buy-ebk-online\/#primaryimage","url":"https:\/\/narcopowders.com\/wp-content\/uploads\/2024\/05\/EB-BK.gif","contentUrl":"https:\/\/narcopowders.com\/wp-content\/uploads\/2024\/05\/EB-BK.gif","width":600,"height":600,"caption":"Buy EBK Online"},{"@type":"BreadcrumbList","@id":"https:\/\/narcopowders.com\/product\/buy-ebk-online\/#breadcrumb","itemListElement":[{"@type":"ListItem","position":1,"name":"Home","item":"https:\/\/narcopowders.com\/"},{"@type":"ListItem","position":2,"name":"Shop Page","item":"https:\/\/narcopowders.com\/shop\/"},{"@type":"ListItem","position":3,"name":"Buy EBK Online"}]},{"@type":"WebSite","@id":"https:\/\/narcopowders.com\/#website","url":"https:\/\/narcopowders.com\/","name":"Narco-Pulver","description":"Mein WordPress-Blog","potentialAction":[{"@type":"SearchAction","target":{"@type":"EntryPoint","urlTemplate":"https:\/\/narcopowders.com\/?s={search_term_string}"},"query-input":{"@type":"PropertyValueSpecification","valueRequired":true,"valueName":"search_term_string"}}],"inLanguage":"de"}]}},"_links":{"self":[{"href":"https:\/\/narcopowders.com\/de\/wp-json\/wp\/v2\/product\/20595","targetHints":{"allow":["GET"]}}],"collection":[{"href":"https:\/\/narcopowders.com\/de\/wp-json\/wp\/v2\/product"}],"about":[{"href":"https:\/\/narcopowders.com\/de\/wp-json\/wp\/v2\/types\/product"}],"replies":[{"embeddable":true,"href":"https:\/\/narcopowders.com\/de\/wp-json\/wp\/v2\/comments?post=20595"}],"wp:featuredmedia":[{"embeddable":true,"href":"https:\/\/narcopowders.com\/de\/wp-json\/wp\/v2\/media\/21295"}],"wp:attachment":[{"href":"https:\/\/narcopowders.com\/de\/wp-json\/wp\/v2\/media?parent=20595"}],"wp:term":[{"taxonomy":"product_brand","embeddable":true,"href":"https:\/\/narcopowders.com\/de\/wp-json\/wp\/v2\/product_brand?post=20595"},{"taxonomy":"product_cat","embeddable":true,"href":"https:\/\/narcopowders.com\/de\/wp-json\/wp\/v2\/product_cat?post=20595"},{"taxonomy":"product_tag","embeddable":true,"href":"https:\/\/narcopowders.com\/de\/wp-json\/wp\/v2\/product_tag?post=20595"}],"curies":[{"name":"wp","href":"https:\/\/api.w.org\/{rel}","templated":true}]}}