{"id":20596,"date":"2024-05-23T06:14:38","date_gmt":"2024-05-23T06:14:38","guid":{"rendered":"https:\/\/narcopowders.com\/?post_type=product&#038;p=20596"},"modified":"2025-05-06T07:02:40","modified_gmt":"2025-05-06T07:02:40","slug":"buy-a-pvp-online","status":"publish","type":"product","link":"https:\/\/narcopowders.com\/de\/produkt\/buy-a-pvp-online\/","title":{"rendered":"A-PVP online kaufen"},"content":{"rendered":"<h2><strong>A-PVP kaufen | PURE A-PVP diskret online kaufen bei Narcopowders<\/strong><\/h2>\n<p><a href=\"https:\/\/www.bing.com\/search?q=Buy%20A-PVP%20Online&amp;qs=n&amp;form=QBRE&amp;sp=-1&amp;lq=0&amp;pq=buy%20a-pvp%20online&amp;sc=11-16&amp;sk=&amp;cvid=4E28154F139746CCBA2FB97A8E4FDC63&amp;ghsh=0&amp;ghacc=0&amp;ghpl=\">A-PVP online kaufen<\/a> is a relatively new service and is being closely examined <a tabindex=\"-1\" href=\"https:\/\/en.wikipedia.org\/wiki\/Alpha-Pyrrolidinopentiophenone\" target=\"_blank\" rel=\"noopener\">en.wikipedia.org\/\u2026\/Alpha-Pyrrolidinopentiophenone<\/a>by the media, much like MDPV and \u201cbath salts\u201d were in the beginning of 2011.<\/p>\n<p><a href=\"https:\/\/www.bing.com\/search?q=Buy%20A-PVP%20Online&amp;qs=n&amp;form=QBRE&amp;sp=-1&amp;lq=0&amp;pq=buy%20a-pvp%20online&amp;sc=11-16&amp;sk=&amp;cvid=4E28154F139746CCBA2FB97A8E4FDC63&amp;ghsh=0&amp;ghacc=0&amp;ghpl=\">A-PVP<\/a>, Alpha-PVP, \u03b1-Pyrrolidinopentiophenone, or flakka is another name for <a href=\"https:\/\/www.google.de\/search?q=Buy+A-PVP+Online&amp;sca_esv=1a2a07081c7891bb&amp;rlz=1C1RXQR_enIN1098IN1098&amp;ei=WbfOZ77MHtbe1e8PosiFkQo&amp;ved=0ahUKEwj-3MXpn_-LAxVWb_UHHSJkIaIQ4dUDCBA&amp;uact=5&amp;oq=Buy+A-PVP+Online&amp;gs_lp=Egxnd3Mtd2l6LXNlcnAiEEJ1eSBBLVBWUCBPbmxpbmVIoQdQnANYnANwA3gAkAEAmAHaAaAB2gGqAQMyLTG4AQPIAQD4AQL4AQGYAgCgAgCYAwCIBgGSBwCgB0Q&amp;sclient=gws-wiz-serp\">Buy a-PVP Crystal Powder Online<\/a>Es geh\u00f6rt zu den Cathinon- und Pyrovaleron-Gruppen synthetischer Stimulanzien. Chemisch gesehen weist es \u00c4hnlichkeiten mit anderen Pyrovaleron-Verbindungen auf, wie z. B. MDPV und Cathinon-Verbindungen, die in der ostafrikanischen Khat-Pflanze vorkommen. Es kommt \u00fcblicherweise in Form gro\u00dfer Kristallsplitter oder kristallinen Pulvers vor, das von Konsumenten gegessen werden kann, um eine Wirkung zu erzielen, die der von Kokain und Amphetamin \u00e4hnelt.<\/p>\n<p>Buy crystals for <a href=\"https:\/\/www.google.de\/search?q=Buy+A-PVP+Online&amp;sca_esv=1a2a07081c7891bb&amp;rlz=1C1RXQR_enIN1098IN1098&amp;ei=WbfOZ77MHtbe1e8PosiFkQo&amp;ved=0ahUKEwj-3MXpn_-LAxVWb_UHHSJkIaIQ4dUDCBA&amp;uact=5&amp;oq=Buy+A-PVP+Online&amp;gs_lp=Egxnd3Mtd2l6LXNlcnAiEEJ1eSBBLVBWUCBPbmxpbmVIoQdQnANYnANwA3gAkAEAmAHaAaAB2gGqAQMyLTG4AQPIAQD4AQL4AQGYAgCgAgCYAwCIBgGSBwCgB0Q&amp;sclient=gws-wiz-serp\">A-PVP online<\/a>. Das Pulver ist ein relativ neues Produkt und wird von den Medien genau untersucht, \u00e4hnlich wie MDPV und \"Badesalze\" Anfang des Jahres 2011. Es wird h\u00e4ufig in China in Massenproduktion hergestellt und von Verk\u00e4ufern als Forschungschemikalie online zum Kauf angeboten.<\/p>\n<h3><strong>Physikalische Auswirkungen von alpha-PVP-Kristallen<\/strong><\/h3>\n<p>Unerwartete taktile Erfahrungen Der ganze K\u00f6rper wird von einem m\u00e4\u00dfigen bis intensiven euphorischen Kribbeln \u00fcberzogen, das als \"Body High\" von \u03b1-PVP bezeichnet wird. Bei h\u00f6heren Dosierungen kann es \u00fcberw\u00e4ltigend werden. Dieses Gef\u00fchl ist durchgehend konstant, steigt zun\u00e4chst allm\u00e4hlich an und erreicht ein Maximum, um dann wieder abzufallen. <a href=\"https:\/\/narcopowders.com\/de\/\">Narco Powders.<\/a><\/p>\n<p>Excitation Regarding its impact on the physical energy levels of the user, <a href=\"https:\/\/duckduckgo.com\/?q=Buy+A-PVP+Online&amp;t=h_&amp;ia=web\">\u03b1-PVP<\/a> is thought to be incredibly energizing and stimulating. This promotes physical activity like dancing, climbing, and running.<\/p>\n<h3>Kaufen Sie a-PVP bei RC-CHEMS.ORG - Weil Qualit\u00e4t z\u00e4hlt!<\/h3>\n<p><strong><a href=\"https:\/\/duckduckgo.com\/?q=Buy+A-PVP+Online&amp;t=h_&amp;ia=web\">Kaufen Sie ein PVP online<\/a><\/strong> hergestellt von f\u00fchrenden europ\u00e4ischen Chemieunternehmen mit einer garantierten Reinheit von mindestens 98%+. Wir k\u00f6nnen COA f\u00fcr jede produzierte Charge all unserer Forschungschemikalien anbieten!<\/p>\n<h3>Wirkstoffe in a-PVP<\/h3>\n<p>Enth\u00e4lt\u00a0<strong>ein Gramm von min 98%+ reinem a-PVP<\/strong>\u00a0pro Auftragseinheit.<\/p>\n<h3>Dosierung von a-PVP<\/h3>\n<p>Es gibt keine empfohlene Dosis, da\u00a0<strong>a-PVP<\/strong>\u00a0ist nicht f\u00fcr den menschlichen Verzehr bestimmt, sondern wird nur als Forschungschemikalie f\u00fcr Forschungszwecke verkauft.<\/p>\n<h3>Auswirkungen von a-PVP :<\/h3>\n<p>Die klinischen Auswirkungen der meisten neuen\u00a0<strong>Designerdrogen<\/strong>\u00a0wie\u00a0<strong>a-PVP<\/strong>\u00a0k\u00f6nnen entweder als halluzinogen, stimulierend oder opioid\u00e4hnlich beschrieben werden. Aufgrund der Substitution der Seitenketten durch Designer k\u00f6nnen sie auch eine Kombination dieser Wirkungen haben.<\/p>\n<h3>Nebenwirkungen von a-PVP<\/h3>\n<p>Wie andere Designerdrogen ist der Konsum von\u00a0<a href=\"https:\/\/narcopowders.com\/de\/produkt\/buy-a-pvp-online\/\"><strong>a-PVP<\/strong><\/a>\u00a0kann starke Nebenwirkungen verursachen; die Substanz ist weder klinisch getestet noch in irgendeiner Weise als Produkt zum Verzehr zugelassen! Daher ist a-PVP NICHT F\u00dcR DEN MENSCHENVERBRAUCH, sondern NUR F\u00dcR WISSENSCHAFTLICHE FORSCHUNG!<\/p>\n<h3>Wie speichert man a-PVP?<\/h3>\n<p>Halten Sie a-PVP unter 30 Grad Celsius. Lagern Sie a-PVP in der Originalverpackung und sch\u00fctzen Sie es vor direkter Sonneneinstrahlung und Feuchtigkeit.<\/p>","protected":false},"excerpt":{"rendered":"<p>Das synthetische Stimulans aus der Klasse der Cathinone, \u03b1-Pyrrolidinopentiophenon (auch \u03b1-Pyrrolidinovalerophenon, \u03b1-PVP, O-2387, \u03b2-Keto-Prolintan, Prolintanon oder Desmethylpyrovaleron genannt) wurde in den 1960er Jahren entwickelt und als Designerdroge vermarktet. Es wird h\u00e4ufig als Freizeitdroge verwendet.<\/p>","protected":false},"featured_media":21293,"comment_status":"open","ping_status":"closed","template":"","meta":{"_joinchat":[]},"product_brand":[],"product_cat":[1724,1538],"product_tag":[],"class_list":{"0":"post-20596","1":"product","2":"type-product","3":"status-publish","4":"has-post-thumbnail","6":"product_cat-research-chemicals","7":"product_cat-cannabinoids","9":"first","10":"instock","11":"shipping-taxable","12":"purchasable","13":"product-type-variable","14":"add-to-wishlist-after_add_to_cart"},"yoast_head":"<!-- This site is optimized with the Yoast SEO plugin v27.5 - https:\/\/yoast.com\/product\/yoast-seo-wordpress\/ -->\n<title>Buy A-PVP Online - A-PVP Powder for Sale<\/title>\n<meta name=\"description\" content=\"You can buy a-pvp online at the best prices from our online store. We have cheap and high-quality a-pvp powder for sale and providing worldwide delivery. You can order from anytime, anywhere.\" \/>\n<meta name=\"robots\" content=\"index, follow, max-snippet:-1, max-image-preview:large, max-video-preview:-1\" \/>\n<link rel=\"canonical\" href=\"https:\/\/narcopowders.com\/de\/produkt\/buy-a-pvp-online\/\" \/>\n<meta property=\"og:locale\" content=\"de_DE\" \/>\n<meta property=\"og:type\" content=\"article\" \/>\n<meta property=\"og:title\" content=\"Buy A-PVP Online - A-PVP Powder for Sale\" \/>\n<meta property=\"og:description\" content=\"You can buy a-pvp online at the best prices from our online store. We have cheap and high-quality a-pvp powder for sale and providing worldwide delivery. You can order from anytime, anywhere.\" \/>\n<meta property=\"og:url\" content=\"https:\/\/narcopowders.com\/de\/produkt\/buy-a-pvp-online\/\" \/>\n<meta property=\"og:site_name\" content=\"Narco Powders\" \/>\n<meta property=\"article:modified_time\" content=\"2025-05-06T07:02:40+00:00\" \/>\n<meta property=\"og:image\" content=\"https:\/\/narcopowders.com\/wp-content\/uploads\/2024\/05\/APVP.gif\" \/>\n\t<meta property=\"og:image:width\" content=\"600\" \/>\n\t<meta property=\"og:image:height\" content=\"600\" \/>\n\t<meta property=\"og:image:type\" content=\"image\/gif\" \/>\n<meta name=\"twitter:card\" content=\"summary_large_image\" \/>\n<meta name=\"twitter:label1\" content=\"Gesch\u00e4tzte Lesezeit\" \/>\n\t<meta name=\"twitter:data1\" content=\"3\u00a0Minuten\" \/>\n<!-- \/ Yoast SEO plugin. -->","yoast_head_json":{"title":"A-PVP online kaufen - A-PVP-Pulver zu verkaufen","description":"Sie k\u00f6nnen a-pvp online zu den besten Preisen von unserem Online-Shop kaufen. Wir haben billige und qualitativ hochwertige a-pvp Pulver zum Verkauf und bietet weltweite Lieferung. Sie k\u00f6nnen von jederzeit und \u00fcberall bestellen.","robots":{"index":"index","follow":"follow","max-snippet":"max-snippet:-1","max-image-preview":"max-image-preview:large","max-video-preview":"max-video-preview:-1"},"canonical":"https:\/\/narcopowders.com\/de\/produkt\/buy-a-pvp-online\/","og_locale":"de_DE","og_type":"article","og_title":"Buy A-PVP Online - A-PVP Powder for Sale","og_description":"You can buy a-pvp online at the best prices from our online store. We have cheap and high-quality a-pvp powder for sale and providing worldwide delivery. You can order from anytime, anywhere.","og_url":"https:\/\/narcopowders.com\/de\/produkt\/buy-a-pvp-online\/","og_site_name":"Narco Powders","article_modified_time":"2025-05-06T07:02:40+00:00","og_image":[{"width":600,"height":600,"url":"https:\/\/narcopowders.com\/wp-content\/uploads\/2024\/05\/APVP.gif","type":"image\/gif"}],"twitter_card":"summary_large_image","twitter_misc":{"Gesch\u00e4tzte Lesezeit":"3\u00a0Minuten"},"schema":{"@context":"https:\/\/schema.org","@graph":[{"@type":"WebPage","@id":"https:\/\/narcopowders.com\/product\/buy-a-pvp-online\/","url":"https:\/\/narcopowders.com\/product\/buy-a-pvp-online\/","name":"A-PVP online kaufen - A-PVP-Pulver zu verkaufen","isPartOf":{"@id":"https:\/\/narcopowders.com\/#website"},"primaryImageOfPage":{"@id":"https:\/\/narcopowders.com\/product\/buy-a-pvp-online\/#primaryimage"},"image":{"@id":"https:\/\/narcopowders.com\/product\/buy-a-pvp-online\/#primaryimage"},"thumbnailUrl":"https:\/\/narcopowders.com\/wp-content\/uploads\/2024\/05\/APVP.gif","datePublished":"2024-05-23T06:14:38+00:00","dateModified":"2025-05-06T07:02:40+00:00","description":"Sie k\u00f6nnen a-pvp online zu den besten Preisen von unserem Online-Shop kaufen. Wir haben billige und qualitativ hochwertige a-pvp Pulver zum Verkauf und bietet weltweite Lieferung. Sie k\u00f6nnen von jederzeit und \u00fcberall bestellen.","breadcrumb":{"@id":"https:\/\/narcopowders.com\/product\/buy-a-pvp-online\/#breadcrumb"},"inLanguage":"de","potentialAction":[{"@type":"ReadAction","target":["https:\/\/narcopowders.com\/product\/buy-a-pvp-online\/"]}]},{"@type":"ImageObject","inLanguage":"de","@id":"https:\/\/narcopowders.com\/product\/buy-a-pvp-online\/#primaryimage","url":"https:\/\/narcopowders.com\/wp-content\/uploads\/2024\/05\/APVP.gif","contentUrl":"https:\/\/narcopowders.com\/wp-content\/uploads\/2024\/05\/APVP.gif","width":600,"height":600,"caption":"Buy A-PVP Online"},{"@type":"BreadcrumbList","@id":"https:\/\/narcopowders.com\/product\/buy-a-pvp-online\/#breadcrumb","itemListElement":[{"@type":"ListItem","position":1,"name":"Home","item":"https:\/\/narcopowders.com\/"},{"@type":"ListItem","position":2,"name":"Shop Page","item":"https:\/\/narcopowders.com\/shop\/"},{"@type":"ListItem","position":3,"name":"Buy A-PVP Online"}]},{"@type":"WebSite","@id":"https:\/\/narcopowders.com\/#website","url":"https:\/\/narcopowders.com\/","name":"Narco-Pulver","description":"Mein WordPress-Blog","potentialAction":[{"@type":"SearchAction","target":{"@type":"EntryPoint","urlTemplate":"https:\/\/narcopowders.com\/?s={search_term_string}"},"query-input":{"@type":"PropertyValueSpecification","valueRequired":true,"valueName":"search_term_string"}}],"inLanguage":"de"}]}},"_links":{"self":[{"href":"https:\/\/narcopowders.com\/de\/wp-json\/wp\/v2\/product\/20596","targetHints":{"allow":["GET"]}}],"collection":[{"href":"https:\/\/narcopowders.com\/de\/wp-json\/wp\/v2\/product"}],"about":[{"href":"https:\/\/narcopowders.com\/de\/wp-json\/wp\/v2\/types\/product"}],"replies":[{"embeddable":true,"href":"https:\/\/narcopowders.com\/de\/wp-json\/wp\/v2\/comments?post=20596"}],"wp:featuredmedia":[{"embeddable":true,"href":"https:\/\/narcopowders.com\/de\/wp-json\/wp\/v2\/media\/21293"}],"wp:attachment":[{"href":"https:\/\/narcopowders.com\/de\/wp-json\/wp\/v2\/media?parent=20596"}],"wp:term":[{"taxonomy":"product_brand","embeddable":true,"href":"https:\/\/narcopowders.com\/de\/wp-json\/wp\/v2\/product_brand?post=20596"},{"taxonomy":"product_cat","embeddable":true,"href":"https:\/\/narcopowders.com\/de\/wp-json\/wp\/v2\/product_cat?post=20596"},{"taxonomy":"product_tag","embeddable":true,"href":"https:\/\/narcopowders.com\/de\/wp-json\/wp\/v2\/product_tag?post=20596"}],"curies":[{"name":"wp","href":"https:\/\/api.w.org\/{rel}","templated":true}]}}