{"id":20598,"date":"2024-05-23T06:14:38","date_gmt":"2024-05-23T06:14:38","guid":{"rendered":"https:\/\/narcopowders.com\/?post_type=product&#038;p=20598"},"modified":"2025-03-26T13:01:23","modified_gmt":"2025-03-26T13:01:23","slug":"buy-hep-powder-online","status":"publish","type":"product","link":"https:\/\/narcopowders.com\/de\/produkt\/buy-hep-powder-online\/","title":{"rendered":"HEP-Pulver online kaufen"},"content":{"rendered":"<h2>HEP-Pulver online kaufen<\/h2>\n<p><a href=\"https:\/\/en.wikipedia.org\/wiki\/HEP\">HEP online kaufen<\/a>Ein Derivat und eine Alternative zu Pyrovaleron ist <a href=\"https:\/\/narcopowders.com\/de\/\">HEP-Pulver online kaufen<\/a>. Kaufen Sie HEP-Pulver in gro\u00dfen Mengen direkt beim Hersteller. Ausgezeichnetes Produkt zu einem vern\u00fcnftigen Preis, weltweiter Versand.<\/p>\n<p>HEP-Pulver ist ein Pyrovaleron-Derivat und ein substituiertes Cathinon. HEP-Pulver st\u00f6\u00dft derzeit in der internationalen wissenschaftlichen Gemeinschaft auf das gleiche Interesse wie Pyrovaleron und MDPV und weist viele der gleichen chemischen Eigenschaften auf.<\/p>\n<p>HEP-Pulver, ein wertvoller Forschungsersatz f\u00fcr begehrte, aber in der Regel illegale Pyrrolidine wie MDPV oder Derivate der Piperidin-Familie wie Methylphenidat, kann jetzt dank einer neuen Entwicklung von NarcoPowders erworben werden.<\/p>\n<p>Sie haben die unglaubliche M\u00f6glichkeit, HEP-Pulver in einer sehr reinen Pulverform von zu erhalten, einem <a href=\"https:\/\/narcopowders.com\/de\/produkt\/buy-hep-powder-online\/\">NarcoPowders<\/a>, a<\/p>\n<p>seri\u00f6ser und vertrauensw\u00fcrdiger Anbieter, der es Ihnen erm\u00f6glicht, wissenschaftliche Studien mit den besten auf dem Markt erh\u00e4ltlichen Chemikalien durchzuf\u00fchren.<\/p>\n<h3>HEP-Pulver online kaufen<\/h3>\n<p>Die Auswirkungen von <a href=\"https:\/\/www.bing.com\/search?q=Buy%20HEP%20Powder%20Online&amp;qs=n&amp;form=QBRE&amp;sp=-1&amp;ghc=1&amp;lq=0&amp;pq=buy%20hep%20powder%20online&amp;sc=12-21&amp;sk=&amp;cvid=1C5DD8DC75EA4E6F95B0B7F85F1A9860&amp;ghsh=0&amp;ghacc=0&amp;ghpl=\">HEP powder<\/a> Die Wirkungen von HEP-Pulver sind m\u00f6glicherweise sehr vergleichbar mit denen von 2C-B und 2C-I, den beiden bekannten substituierten Phenethylamin-Forschungspr\u00e4paraten, auf die in Alexander Shulgins PiHKAL Bezug genommen wird, gem\u00e4\u00df der chemischen Formel dieser Substanz.<\/p>\n<p>Eine enge Verbindung zwischen seiner Toxizit\u00e4t und dem 5-HT2A-Rezeptor k\u00f6nnte dazu beitragen, Clusterkopfschmerzen vorzubeugen, oder die chemische Substanz HEP-Pulver k\u00f6nnte in der Lage sein, die mit Krebs im Endstadium verbundenen psychologischen Schmerzen zu lindern.<\/p>\n<p>Bitte beachten Sie, dass Forschungen mit HEP-Pulver nur in \u00fcberpr\u00fcften Laborumgebungen durchgef\u00fchrt werden k\u00f6nnen und dass In-vivo-Studien mit lebenden Organismen verboten sind. HEP-Pulver ist bei Raumtemperatur bis zu 2 Jahre haltbar. Bevor Sie eine Bestellung bei uns aufgeben, \u00fcberpr\u00fcfen Sie bitte die Gesetze Ihres Landes hinsichtlich des rechtlichen Status von HEP-Pulver.<\/p>\n<p><a href=\"https:\/\/duckduckgo.com\/?q=Buy+HEP+Powder+Online&amp;t=h_&amp;ia=web\">HEP-Pulver online<\/a> HEP Powder Online ist ein Derivat von Pyrovaleron und ein substituiertes Cathinon. Kaufen Sie HEP Powder in gro\u00dfen Mengen vom Hersteller. Ausgezeichnetes Produkt zu einem vern\u00fcnftigen Preis, verschickt \u00fcberall in der Welt, HEP Online kaufen. <a href=\"https:\/\/www.google.com\/search?q=Buy+HEP+Powder+Online&amp;sca_esv=16def464f60f9903&amp;sxsrf=AHTn8zo5UArdsJI2UQiFduUMk2FJLwZ6Gg%3A1742993888386&amp;ei=4PnjZ4apF6KB0PEPl7278AU&amp;ved=0ahUKEwiGmcCc5qeMAxWiADQIHZfeDl4Q4dUDCBA&amp;uact=5&amp;oq=Buy+HEP+Powder+Online&amp;gs_lp=Egxnd3Mtd2l6LXNlcnAiFUJ1eSBIRVAgUG93ZGVyIE9ubGluZTIIEAAYCBgNGB4yCxAAGIAEGIYDGIoFMgsQABiABBiGAxiKBTIFEAAY7wUyBRAAGO8FMggQABiABBiiBDIFEAAY7wVIsAhQ3wNY3wNwAXgAkAEAmAH6AqAB-gKqAQMzLTG4AQPIAQD4AQL4AQGYAgKgAosDwgILEAAYgAQYsAMYogSYAwCIBgGQBgKSBwUxLjMtMaAH0AWyBwMzLTG4B4MD&amp;sclient=gws-wiz-serp\">HEP online kaufen<\/a>.<\/p>","protected":false},"excerpt":{"rendered":"<p>Buy HEP Powder Online Buy HEP Online, A derivative and alternative to Pyrovalerone is Buy HEP Powder Online. Buy HEP Powder in bulk from the manufacturer. Excellent product at a reasonable price, shipped anywhere in the world . HEP powder is a pyrovalerone derivative and a substituted cathinone. HEP powder is currently attracting the same [&hellip;]<\/p>","protected":false},"featured_media":21286,"comment_status":"open","ping_status":"closed","template":"","meta":{"_joinchat":[]},"product_brand":[],"product_cat":[1599],"product_tag":[],"class_list":{"0":"post-20598","1":"product","2":"type-product","3":"status-publish","4":"has-post-thumbnail","6":"product_cat-stimulants","8":"first","9":"instock","10":"shipping-taxable","11":"purchasable","12":"product-type-variable","13":"add-to-wishlist-after_add_to_cart"},"yoast_head":"<!-- This site is optimized with the Yoast SEO plugin v25.9 - https:\/\/yoast.com\/wordpress\/plugins\/seo\/ -->\n<title>Buy HEP Powder Online - HEP Powder for Sale - Order HEP<\/title>\n<meta name=\"description\" content=\"If you are looking for best place to buy HEP powder online at low price, narcopowders is a leading online powder shop for HEP powder for sale. Order Now!\" \/>\n<meta name=\"robots\" content=\"index, follow, max-snippet:-1, max-image-preview:large, max-video-preview:-1\" \/>\n<link rel=\"canonical\" href=\"https:\/\/narcopowders.com\/de\/produkt\/buy-hep-powder-online\/\" \/>\n<meta property=\"og:locale\" content=\"de_DE\" \/>\n<meta property=\"og:type\" content=\"article\" \/>\n<meta property=\"og:title\" content=\"Buy HEP Powder Online - HEP Powder for Sale - Order HEP\" \/>\n<meta property=\"og:description\" content=\"If you are looking for best place to buy HEP powder online at low price, narcopowders is a leading online powder shop for HEP powder for sale. Order Now!\" \/>\n<meta property=\"og:url\" content=\"https:\/\/narcopowders.com\/de\/produkt\/buy-hep-powder-online\/\" \/>\n<meta property=\"og:site_name\" content=\"Narco Powders\" \/>\n<meta property=\"article:modified_time\" content=\"2025-03-26T13:01:23+00:00\" \/>\n<meta property=\"og:image\" content=\"https:\/\/narcopowders.com\/wp-content\/uploads\/2024\/05\/Hep.gif\" \/>\n\t<meta property=\"og:image:width\" content=\"600\" \/>\n\t<meta property=\"og:image:height\" content=\"600\" \/>\n\t<meta property=\"og:image:type\" content=\"image\/gif\" \/>\n<meta name=\"twitter:card\" content=\"summary_large_image\" \/>\n<meta name=\"twitter:label1\" content=\"Gesch\u00e4tzte Lesezeit\" \/>\n\t<meta name=\"twitter:data1\" content=\"2\u00a0Minuten\" \/>\n<!-- \/ Yoast SEO plugin. -->","yoast_head_json":{"title":"HEP-Pulver online kaufen - HEP-Pulver zu verkaufen - HEP bestellen","description":"Wenn Sie auf der Suche nach dem besten Ort sind, um HEP-Pulver online zu einem niedrigen Preis zu kaufen, ist narcopowders ein f\u00fchrender Online-Pulvershop f\u00fcr HEP-Pulver zum Verkauf. Jetzt bestellen!","robots":{"index":"index","follow":"follow","max-snippet":"max-snippet:-1","max-image-preview":"max-image-preview:large","max-video-preview":"max-video-preview:-1"},"canonical":"https:\/\/narcopowders.com\/de\/produkt\/buy-hep-powder-online\/","og_locale":"de_DE","og_type":"article","og_title":"Buy HEP Powder Online - HEP Powder for Sale - Order HEP","og_description":"If you are looking for best place to buy HEP powder online at low price, narcopowders is a leading online powder shop for HEP powder for sale. Order Now!","og_url":"https:\/\/narcopowders.com\/de\/produkt\/buy-hep-powder-online\/","og_site_name":"Narco Powders","article_modified_time":"2025-03-26T13:01:23+00:00","og_image":[{"width":600,"height":600,"url":"https:\/\/narcopowders.com\/wp-content\/uploads\/2024\/05\/Hep.gif","type":"image\/gif"}],"twitter_card":"summary_large_image","twitter_misc":{"Gesch\u00e4tzte Lesezeit":"2\u00a0Minuten"},"schema":{"@context":"https:\/\/schema.org","@graph":[{"@type":"WebPage","@id":"https:\/\/narcopowders.com\/product\/buy-hep-powder-online\/","url":"https:\/\/narcopowders.com\/product\/buy-hep-powder-online\/","name":"HEP-Pulver online kaufen - HEP-Pulver zu verkaufen - HEP bestellen","isPartOf":{"@id":"https:\/\/narcopowders.com\/#website"},"primaryImageOfPage":{"@id":"https:\/\/narcopowders.com\/product\/buy-hep-powder-online\/#primaryimage"},"image":{"@id":"https:\/\/narcopowders.com\/product\/buy-hep-powder-online\/#primaryimage"},"thumbnailUrl":"https:\/\/narcopowders.com\/wp-content\/uploads\/2024\/05\/Hep.gif","datePublished":"2024-05-23T06:14:38+00:00","dateModified":"2025-03-26T13:01:23+00:00","description":"Wenn Sie auf der Suche nach dem besten Ort sind, um HEP-Pulver online zu einem niedrigen Preis zu kaufen, ist narcopowders ein f\u00fchrender Online-Pulvershop f\u00fcr HEP-Pulver zum Verkauf. Jetzt bestellen!","breadcrumb":{"@id":"https:\/\/narcopowders.com\/product\/buy-hep-powder-online\/#breadcrumb"},"inLanguage":"de","potentialAction":[{"@type":"ReadAction","target":["https:\/\/narcopowders.com\/product\/buy-hep-powder-online\/"]}]},{"@type":"ImageObject","inLanguage":"de","@id":"https:\/\/narcopowders.com\/product\/buy-hep-powder-online\/#primaryimage","url":"https:\/\/narcopowders.com\/wp-content\/uploads\/2024\/05\/Hep.gif","contentUrl":"https:\/\/narcopowders.com\/wp-content\/uploads\/2024\/05\/Hep.gif","width":600,"height":600,"caption":"Buy HEP Powder Online"},{"@type":"BreadcrumbList","@id":"https:\/\/narcopowders.com\/product\/buy-hep-powder-online\/#breadcrumb","itemListElement":[{"@type":"ListItem","position":1,"name":"Home","item":"https:\/\/narcopowders.com\/"},{"@type":"ListItem","position":2,"name":"Shop Page","item":"https:\/\/narcopowders.com\/shop\/"},{"@type":"ListItem","position":3,"name":"Buy HEP Powder Online"}]},{"@type":"WebSite","@id":"https:\/\/narcopowders.com\/#website","url":"https:\/\/narcopowders.com\/","name":"Narco-Pulver","description":"Mein WordPress-Blog","potentialAction":[{"@type":"SearchAction","target":{"@type":"EntryPoint","urlTemplate":"https:\/\/narcopowders.com\/?s={search_term_string}"},"query-input":{"@type":"PropertyValueSpecification","valueRequired":true,"valueName":"search_term_string"}}],"inLanguage":"de"}]}},"_links":{"self":[{"href":"https:\/\/narcopowders.com\/de\/wp-json\/wp\/v2\/product\/20598","targetHints":{"allow":["GET"]}}],"collection":[{"href":"https:\/\/narcopowders.com\/de\/wp-json\/wp\/v2\/product"}],"about":[{"href":"https:\/\/narcopowders.com\/de\/wp-json\/wp\/v2\/types\/product"}],"replies":[{"embeddable":true,"href":"https:\/\/narcopowders.com\/de\/wp-json\/wp\/v2\/comments?post=20598"}],"wp:featuredmedia":[{"embeddable":true,"href":"https:\/\/narcopowders.com\/de\/wp-json\/wp\/v2\/media\/21286"}],"wp:attachment":[{"href":"https:\/\/narcopowders.com\/de\/wp-json\/wp\/v2\/media?parent=20598"}],"wp:term":[{"taxonomy":"product_brand","embeddable":true,"href":"https:\/\/narcopowders.com\/de\/wp-json\/wp\/v2\/product_brand?post=20598"},{"taxonomy":"product_cat","embeddable":true,"href":"https:\/\/narcopowders.com\/de\/wp-json\/wp\/v2\/product_cat?post=20598"},{"taxonomy":"product_tag","embeddable":true,"href":"https:\/\/narcopowders.com\/de\/wp-json\/wp\/v2\/product_tag?post=20598"}],"curies":[{"name":"wp","href":"https:\/\/api.w.org\/{rel}","templated":true}]}}