{"id":20812,"date":"2024-05-23T06:15:37","date_gmt":"2024-05-23T06:15:37","guid":{"rendered":"https:\/\/narcopowders.com\/?post_type=product&#038;p=20812"},"modified":"2025-03-26T12:41:03","modified_gmt":"2025-03-26T12:41:03","slug":"buy-mdma-online","status":"publish","type":"product","link":"https:\/\/narcopowders.com\/de\/produkt\/buy-mdma-online\/","title":{"rendered":"MDMA online kaufen"},"content":{"rendered":"<h2>MDMA kaufen: Was ist das?<\/h2>\n<p>Chemisch gesehen <a href=\"https:\/\/narcopowders.com\/de\/produkt\/buy-mdma-online\/\">bk-MDMA<\/a> ist eine synthetische Substanz, die MDMA \u00e4hnelt. Es wird \u00fcblicherweise als injizierbares, inhalierbares oder orales Pulver vermarktet, das wei\u00df oder cremefarben ist. Obwohl es h\u00e4ufig als \u201e<a href=\"https:\/\/en.wikipedia.org\/wiki\/MDMA\">Legal High<\/a>\u201c oder eine Alternative zu <a href=\"https:\/\/www.bing.com\/search?q=Buy%20MDMA%20Online&amp;qs=n&amp;form=QBRE&amp;sp=-1&amp;lq=0&amp;pq=buy%20mdma%20online&amp;sc=0-15&amp;sk=&amp;cvid=C093DEB07D394A5092E3D792F4460CE4&amp;ghsh=0&amp;ghacc=0&amp;ghpl=\">MDMA<\/a>, ist es wichtig, sich daran zu erinnern, dass es in vielen L\u00e4ndern immer noch illegal ist.<\/p>\n<h3>Die Auswirkungen der Kristalle von bk-MDMA<\/h3>\n<p><a href=\"https:\/\/www.google.com\/search?q=Buy+MDMA+Online&amp;num=10&amp;sca_esv=1a2a07081c7891bb&amp;rlz=1C1RXQR_enIN1098IN1098&amp;sxsrf=AHTn8zrzxshgJalzibnjHAANoPdPlPO_tg%3A1741686227372&amp;ei=0wXQZ-y2Fs6jvr0PkaTH0Ao&amp;ved=0ahUKEwis7JHn3oGMAxXOka8BHRHSEaoQ4dUDCBA&amp;uact=5&amp;oq=Buy+MDMA+Online&amp;gs_lp=Egxnd3Mtd2l6LXNlcnAiD0J1eSBNRE1BIE9ubGluZUirB1CwA1iwA3ACeACQAQCYAd8BoAHfAaoBAzItMbgBA8gBAPgBAvgBAZgCAKACAJgDAIgGAZIHAKAHQw&amp;sclient=gws-wiz-serp\">Bk-MDMA-Kristalle<\/a> haben die gleiche euphorische und einf\u00fchlsame Wirkung wie MDMA. H\u00f6heres Wohlbefinden, gr\u00f6\u00dfere Kontaktfreudigkeit und ein st\u00e4rkeres Gemeinschaftsgef\u00fchl sind m\u00f6gliche Nebenwirkungen f\u00fcr die Konsumenten. Dies liegt daran, dass das Medikament den Noradrenalin-, Dopamin- und Serotoninspiegel im Gehirn anhebt.<\/p>\n<p>Gesteigerte Vitalit\u00e4t und Wachsamkeit<\/p>\n<p>Da bk-MDMA-Kristalle Stimulanzien sind, k\u00f6nnen sie auch die Wachsamkeit und das Energieniveau erh\u00f6hen. Dies kann zu einem geringeren Schlafbed\u00fcrfnis und mehr k\u00f6rperlicher Aktivit\u00e4t f\u00fchren. Es ist auch m\u00f6glich, dass die Konsumenten ihren Appetit verlieren. <a href=\"https:\/\/narcopowders.com\/de\/\">Purchase MDMA USA<\/a><\/p>\n<p>A common side effect of <a href=\"https:\/\/duckduckgo.com\/?q=Buy+MDMA+Online&amp;t=h_&amp;ia=web\">Bk-MDMA-Kristalle<\/a> ist ein verzerrtes Gef\u00fchl von Realit\u00e4t, Raum und Zeit. Nutzer bemerken m\u00f6glicherweise Verbesserungen bei Farben und Ger\u00e4uschen sowie Ver\u00e4nderungen in ihrer Realit\u00e4tswahrnehmung, wodurch es f\u00fcr sie schwieriger wird, Realit\u00e4t von F\u00e4lschung zu unterscheiden.<\/p>\n<h3>Nachteilige Auswirkungen<\/h3>\n<p>Obwohl die Verwendung von bk-MDMA-Kristallen Vorteile haben kann, sollten sich die Benutzer bewusst sein, dass es auch Nachteile geben kann. Diese k\u00f6nnen bestehen aus:<\/p>\n<ul>\n<li>Erh\u00f6hte Herzfrequenz und erh\u00f6hter Blutdruck<\/li>\n<li>\u00dcbelkeit und Erbrechen<\/li>\n<li>Muskelverspannungen und Kieferkr\u00e4mpfe<\/li>\n<li>Angstzust\u00e4nde und Panikattacken<\/li>\n<li>Schlaflosigkeit<\/li>\n<li>Dehydrierung<\/li>\n<li>Kopfschmerzen<\/li>\n<li>Appetitlosigkeit<\/li>\n<li>Konzentrationsschwierigkeiten<\/li>\n<li>Probleme mit dem Ged\u00e4chtnis<\/li>\n<\/ul>","protected":false},"excerpt":{"rendered":"<p>Buy MDMA: What is it? Chemically speaking, bk-MDMA is a synthetic substance that resembles MDMA. It is commonly marketed as an injectable, inhaled, or oral powder that is white or off-white in color. Although it is frequently promoted as a \u201clegal high\u201d or an alternative to MDMA, it is crucial to remember that it is [&hellip;]<\/p>","protected":false},"featured_media":21294,"comment_status":"open","ping_status":"closed","template":"","meta":{"_joinchat":[]},"product_brand":[],"product_cat":[1724],"product_tag":[],"class_list":{"0":"post-20812","1":"product","2":"type-product","3":"status-publish","4":"has-post-thumbnail","6":"product_cat-research-chemicals","8":"first","9":"instock","10":"shipping-taxable","11":"purchasable","12":"product-type-variable","13":"add-to-wishlist-after_add_to_cart"},"yoast_head":"<!-- This site is optimized with the Yoast SEO plugin v25.9 - https:\/\/yoast.com\/wordpress\/plugins\/seo\/ -->\n<title>Buy MDMA Online - MDMA for Sale Online | NarcoPowders<\/title>\n<meta name=\"description\" content=\"Do you want to buy MDMA online from a trustable chemical store? NarcoPowders is the best place to order MDMA online, MDMA for sale online legally.\" \/>\n<meta name=\"robots\" content=\"index, follow, max-snippet:-1, max-image-preview:large, max-video-preview:-1\" \/>\n<link rel=\"canonical\" href=\"https:\/\/narcopowders.com\/de\/produkt\/buy-mdma-online\/\" \/>\n<meta property=\"og:locale\" content=\"de_DE\" \/>\n<meta property=\"og:type\" content=\"article\" \/>\n<meta property=\"og:title\" content=\"Buy MDMA Online - MDMA for Sale Online | NarcoPowders\" \/>\n<meta property=\"og:description\" content=\"Do you want to buy MDMA online from a trustable chemical store? NarcoPowders is the best place to order MDMA online, MDMA for sale online legally.\" \/>\n<meta property=\"og:url\" content=\"https:\/\/narcopowders.com\/de\/produkt\/buy-mdma-online\/\" \/>\n<meta property=\"og:site_name\" content=\"Narco Powders\" \/>\n<meta property=\"article:modified_time\" content=\"2025-03-26T12:41:03+00:00\" \/>\n<meta property=\"og:image\" content=\"https:\/\/narcopowders.com\/wp-content\/uploads\/2024\/05\/MDMA.gif\" \/>\n\t<meta property=\"og:image:width\" content=\"600\" \/>\n\t<meta property=\"og:image:height\" content=\"600\" \/>\n\t<meta property=\"og:image:type\" content=\"image\/gif\" \/>\n<meta name=\"twitter:card\" content=\"summary_large_image\" \/>\n<meta name=\"twitter:label1\" content=\"Gesch\u00e4tzte Lesezeit\" \/>\n\t<meta name=\"twitter:data1\" content=\"2\u00a0Minuten\" \/>\n<!-- \/ Yoast SEO plugin. -->","yoast_head_json":{"title":"MDMA online kaufen - MDMA zum Verkauf online | NarcoPowders","description":"M\u00f6chten Sie MDMA online von einem vertrauensw\u00fcrdigen Chemieladen kaufen? NarcoPowders ist der beste Ort, um MDMA online zu bestellen, MDMA zum Verkauf online legal.","robots":{"index":"index","follow":"follow","max-snippet":"max-snippet:-1","max-image-preview":"max-image-preview:large","max-video-preview":"max-video-preview:-1"},"canonical":"https:\/\/narcopowders.com\/de\/produkt\/buy-mdma-online\/","og_locale":"de_DE","og_type":"article","og_title":"Buy MDMA Online - MDMA for Sale Online | NarcoPowders","og_description":"Do you want to buy MDMA online from a trustable chemical store? NarcoPowders is the best place to order MDMA online, MDMA for sale online legally.","og_url":"https:\/\/narcopowders.com\/de\/produkt\/buy-mdma-online\/","og_site_name":"Narco Powders","article_modified_time":"2025-03-26T12:41:03+00:00","og_image":[{"width":600,"height":600,"url":"https:\/\/narcopowders.com\/wp-content\/uploads\/2024\/05\/MDMA.gif","type":"image\/gif"}],"twitter_card":"summary_large_image","twitter_misc":{"Gesch\u00e4tzte Lesezeit":"2\u00a0Minuten"},"schema":{"@context":"https:\/\/schema.org","@graph":[{"@type":"WebPage","@id":"https:\/\/narcopowders.com\/product\/buy-mdma-online\/","url":"https:\/\/narcopowders.com\/product\/buy-mdma-online\/","name":"MDMA online kaufen - MDMA zum Verkauf online | NarcoPowders","isPartOf":{"@id":"https:\/\/narcopowders.com\/#website"},"primaryImageOfPage":{"@id":"https:\/\/narcopowders.com\/product\/buy-mdma-online\/#primaryimage"},"image":{"@id":"https:\/\/narcopowders.com\/product\/buy-mdma-online\/#primaryimage"},"thumbnailUrl":"https:\/\/narcopowders.com\/wp-content\/uploads\/2024\/05\/MDMA.gif","datePublished":"2024-05-23T06:15:37+00:00","dateModified":"2025-03-26T12:41:03+00:00","description":"M\u00f6chten Sie MDMA online von einem vertrauensw\u00fcrdigen Chemieladen kaufen? NarcoPowders ist der beste Ort, um MDMA online zu bestellen, MDMA zum Verkauf online legal.","breadcrumb":{"@id":"https:\/\/narcopowders.com\/product\/buy-mdma-online\/#breadcrumb"},"inLanguage":"de","potentialAction":[{"@type":"ReadAction","target":["https:\/\/narcopowders.com\/product\/buy-mdma-online\/"]}]},{"@type":"ImageObject","inLanguage":"de","@id":"https:\/\/narcopowders.com\/product\/buy-mdma-online\/#primaryimage","url":"https:\/\/narcopowders.com\/wp-content\/uploads\/2024\/05\/MDMA.gif","contentUrl":"https:\/\/narcopowders.com\/wp-content\/uploads\/2024\/05\/MDMA.gif","width":600,"height":600,"caption":"Buy MDMA Online"},{"@type":"BreadcrumbList","@id":"https:\/\/narcopowders.com\/product\/buy-mdma-online\/#breadcrumb","itemListElement":[{"@type":"ListItem","position":1,"name":"Home","item":"https:\/\/narcopowders.com\/"},{"@type":"ListItem","position":2,"name":"Shop Page","item":"https:\/\/narcopowders.com\/shop\/"},{"@type":"ListItem","position":3,"name":"Buy MDMA Online"}]},{"@type":"WebSite","@id":"https:\/\/narcopowders.com\/#website","url":"https:\/\/narcopowders.com\/","name":"Narco-Pulver","description":"Mein WordPress-Blog","potentialAction":[{"@type":"SearchAction","target":{"@type":"EntryPoint","urlTemplate":"https:\/\/narcopowders.com\/?s={search_term_string}"},"query-input":{"@type":"PropertyValueSpecification","valueRequired":true,"valueName":"search_term_string"}}],"inLanguage":"de"}]}},"_links":{"self":[{"href":"https:\/\/narcopowders.com\/de\/wp-json\/wp\/v2\/product\/20812","targetHints":{"allow":["GET"]}}],"collection":[{"href":"https:\/\/narcopowders.com\/de\/wp-json\/wp\/v2\/product"}],"about":[{"href":"https:\/\/narcopowders.com\/de\/wp-json\/wp\/v2\/types\/product"}],"replies":[{"embeddable":true,"href":"https:\/\/narcopowders.com\/de\/wp-json\/wp\/v2\/comments?post=20812"}],"wp:featuredmedia":[{"embeddable":true,"href":"https:\/\/narcopowders.com\/de\/wp-json\/wp\/v2\/media\/21294"}],"wp:attachment":[{"href":"https:\/\/narcopowders.com\/de\/wp-json\/wp\/v2\/media?parent=20812"}],"wp:term":[{"taxonomy":"product_brand","embeddable":true,"href":"https:\/\/narcopowders.com\/de\/wp-json\/wp\/v2\/product_brand?post=20812"},{"taxonomy":"product_cat","embeddable":true,"href":"https:\/\/narcopowders.com\/de\/wp-json\/wp\/v2\/product_cat?post=20812"},{"taxonomy":"product_tag","embeddable":true,"href":"https:\/\/narcopowders.com\/de\/wp-json\/wp\/v2\/product_tag?post=20812"}],"curies":[{"name":"wp","href":"https:\/\/api.w.org\/{rel}","templated":true}]}}