{"id":20881,"date":"2024-05-23T06:16:01","date_gmt":"2024-05-23T06:16:01","guid":{"rendered":"https:\/\/narcopowders.com\/?post_type=product&#038;p=20881"},"modified":"2025-03-26T12:31:28","modified_gmt":"2025-03-26T12:31:28","slug":"buy-eutylone-online","status":"publish","type":"product","link":"https:\/\/narcopowders.com\/de\/produkt\/eutylon-online-kaufen\/","title":{"rendered":"EUTYLONE online kaufen"},"content":{"rendered":"<h2><strong>Eutylone online kaufen<\/strong><\/h2>\n<p><a href=\"https:\/\/narcopowders.com\/de\/\">Narcopowders<\/a> ist eine f\u00fchrende Plattform, auf der Sie <a href=\"https:\/\/narcopowders.com\/de\/produkt\/eutylon-online-kaufen\/\">Eutylone online kaufen<\/a>. ohne jeglichen Aufwand. Als zuverl\u00e4ssiger Anbieter und Lieferant von Eutylon (Hydrochlorid) k\u00fcmmern wir uns um alle Ihre Bed\u00fcrfnisse.<\/p>\n<p>Eutylone zum Verkauf ist ein einzigartiges stimulierendes Designermedikament namens Eutylone, das 1960 entwickelt wurde. Es steigert euphorische Erfahrungen und verbessert die Gehirnfunktion beim Menschen. Das Medikament wurde in der Freizeit und zur Behandlung einer breiten Palette von Krankheiten verwendet. Es hat in der Regel eine blassgelbe Farbe und tritt in Form von Kristallen auf. Die chemische Bezeichnung der Droge lautet \u03b2-Keto-1,3-Benzodioxol-N-methylbutanamin, die Summenformel C13H17NO3. Eutylon hat ein Molekulargewicht von 235,278 g\/mol. In seiner reinsten Form haben Eutylon-Kristalle eine Reinheit von 97-98%.<\/p>\n<p><a href=\"https:\/\/duckduckgo.com\/?q=Buy+Eutylone+Online&amp;t=h_&amp;ia=web\">Kaufen Sie Eutylone online<\/a>, a medication that has characteristics with <a href=\"https:\/\/www.google.com\/search?q=Buy+Eutylone+Online&amp;sca_esv=16def464f60f9903&amp;sxsrf=AHTn8zpF1aSO4rFCm6dFMRC0UGovrZP6Ug%3A1742991950664&amp;ei=TvLjZ7ahKKi_0PEPx_OSsQI&amp;ved=0ahUKEwi2gMOA36eMAxWoHzQIHce5JCYQ4dUDCBA&amp;uact=5&amp;oq=Buy+Eutylone+Online&amp;gs_lp=Egxnd3Mtd2l6LXNlcnAiE0J1eSBFdXR5bG9uZSBPbmxpbmVI9AZQiwNYiwNwAXgAkAEAmAGFA6ABhQOqAQMzLTG4AQPIAQD4AQL4AQGYAgCgAgCYAwCIBgGSBwCgB0eyBwC4BwA&amp;sclient=gws-wiz-serp\">Ethylone<\/a> und wird als Cathinon klassifiziert. Aufgrund seiner stimulierenden Eigenschaften beeinflusst es das zentrale Nervensystem des K\u00f6rpers.<\/p>\n<p>Das Medikament wird in einer kalten Umgebung mit einer typischen Temperatur von 20 bis 25 Grad Celsius und ohne Anzeichen von Feuchtigkeit aufbewahrt.<\/p>\n<p>Eutylone is available for purchase through our online store, Narcopowders, and can be used as a <a href=\"https:\/\/www.bing.com\/search?q=Buy%20Eutylone%20Online&amp;qs=n&amp;form=QBRE&amp;sp=-1&amp;lq=0&amp;pq=buy%20eutylone%20online&amp;sc=0-19&amp;sk=&amp;cvid=48E10A6CF37F4DCE9A7893D18BDA464F&amp;ghsh=0&amp;ghacc=0&amp;ghpl=\">Forschungschemikalie<\/a> or pharmaceutical. We provide discreet shipping services and have global shipping capabilities.<\/p>\n<p><a href=\"https:\/\/en.wikipedia.org\/wiki\/Eutylone\">Kaufen Sie Eutylone online<\/a> weil es stimulierend auf das Nervensystem wirkt. Es kann Euphoriegef\u00fchle und den Wunsch nach \u00fcberm\u00e4\u00dfiger k\u00f6rperlicher Aktivit\u00e4t verst\u00e4rken. Kurzfristig k\u00f6nnen motorische Kontrollverluste und unkontrollierbare K\u00f6rperbewegungen auftreten; langfristig k\u00f6nnen Sucht und Angstzust\u00e4nde auftreten.<\/p>\n<p>Der Online-Einkauf von Forschungschemikalien \u00fcber unsere Website ist sicher und praktisch. In der Regel werden alle Kundeninformationen in unserem System gespeichert, und wir garantieren die Sicherheit aller Zahlungsvorg\u00e4nge. Wir vergewissern uns st\u00e4ndig, dass keines der angebotenen Produkte verunreinigt ist, bevor wir die Chemikalien zu Ihnen nach Hause schicken.<\/p>","protected":false},"excerpt":{"rendered":"<p>Buy Eutylone Online Narcopowders is a leading platform where you can buy Eutylone online. without facing any kind of hassle. Being a reliable vendor and supplier of Eutylone (hydrochloride) we will try to take care of all your needs. Eutylone for sale is a unique stimulant-type designer medicine called eutylone, which was created in 1960. [&hellip;]<\/p>","protected":false},"featured_media":21288,"comment_status":"open","ping_status":"closed","template":"","meta":{"_joinchat":[]},"product_brand":[],"product_cat":[1724,1538],"product_tag":[],"class_list":{"0":"post-20881","1":"product","2":"type-product","3":"status-publish","4":"has-post-thumbnail","6":"product_cat-research-chemicals","7":"product_cat-cannabinoids","9":"first","10":"instock","11":"shipping-taxable","12":"purchasable","13":"product-type-variable","14":"add-to-wishlist-after_add_to_cart"},"yoast_head":"<!-- This site is optimized with the Yoast SEO plugin v25.9 - https:\/\/yoast.com\/wordpress\/plugins\/seo\/ -->\n<title>Buy Eutylone Online - Eutylone for Sale - Order Eutylone Online<\/title>\n<meta name=\"description\" content=\"If you are willing to get eutylone for sale, then we are the right choice for you. Our staff members will help you buy eutylone online at cheap rates. Place your order with us!\" \/>\n<meta name=\"robots\" content=\"index, follow, max-snippet:-1, max-image-preview:large, max-video-preview:-1\" \/>\n<link rel=\"canonical\" href=\"https:\/\/narcopowders.com\/de\/produkt\/eutylon-online-kaufen\/\" \/>\n<meta property=\"og:locale\" content=\"de_DE\" \/>\n<meta property=\"og:type\" content=\"article\" \/>\n<meta property=\"og:title\" content=\"Buy Eutylone Online - Eutylone for Sale - Order Eutylone Online\" \/>\n<meta property=\"og:description\" content=\"If you are willing to get eutylone for sale, then we are the right choice for you. Our staff members will help you buy eutylone online at cheap rates. Place your order with us!\" \/>\n<meta property=\"og:url\" content=\"https:\/\/narcopowders.com\/de\/produkt\/eutylon-online-kaufen\/\" \/>\n<meta property=\"og:site_name\" content=\"Narco Powders\" \/>\n<meta property=\"article:modified_time\" content=\"2025-03-26T12:31:28+00:00\" \/>\n<meta property=\"og:image\" content=\"https:\/\/narcopowders.com\/wp-content\/uploads\/2024\/05\/EUTYLONE.gif\" \/>\n\t<meta property=\"og:image:width\" content=\"600\" \/>\n\t<meta property=\"og:image:height\" content=\"600\" \/>\n\t<meta property=\"og:image:type\" content=\"image\/gif\" \/>\n<meta name=\"twitter:card\" content=\"summary_large_image\" \/>\n<meta name=\"twitter:label1\" content=\"Gesch\u00e4tzte Lesezeit\" \/>\n\t<meta name=\"twitter:data1\" content=\"2\u00a0Minuten\" \/>\n<!-- \/ Yoast SEO plugin. -->","yoast_head_json":{"title":"Eutylone online kaufen - Eutylone zu verkaufen - Eutylone online bestellen","description":"Wenn Sie Eutylone kaufen m\u00f6chten, dann sind wir die richtige Wahl f\u00fcr Sie. Unsere Mitarbeiter werden Ihnen helfen, Eutylone online zu g\u00fcnstigen Preisen zu kaufen. Geben Sie Ihre Bestellung bei uns auf!","robots":{"index":"index","follow":"follow","max-snippet":"max-snippet:-1","max-image-preview":"max-image-preview:large","max-video-preview":"max-video-preview:-1"},"canonical":"https:\/\/narcopowders.com\/de\/produkt\/eutylon-online-kaufen\/","og_locale":"de_DE","og_type":"article","og_title":"Buy Eutylone Online - Eutylone for Sale - Order Eutylone Online","og_description":"If you are willing to get eutylone for sale, then we are the right choice for you. Our staff members will help you buy eutylone online at cheap rates. Place your order with us!","og_url":"https:\/\/narcopowders.com\/de\/produkt\/eutylon-online-kaufen\/","og_site_name":"Narco Powders","article_modified_time":"2025-03-26T12:31:28+00:00","og_image":[{"width":600,"height":600,"url":"https:\/\/narcopowders.com\/wp-content\/uploads\/2024\/05\/EUTYLONE.gif","type":"image\/gif"}],"twitter_card":"summary_large_image","twitter_misc":{"Gesch\u00e4tzte Lesezeit":"2\u00a0Minuten"},"schema":{"@context":"https:\/\/schema.org","@graph":[{"@type":"WebPage","@id":"https:\/\/narcopowders.com\/product\/buy-eutylone-online\/","url":"https:\/\/narcopowders.com\/product\/buy-eutylone-online\/","name":"Eutylone online kaufen - Eutylone zu verkaufen - Eutylone online bestellen","isPartOf":{"@id":"https:\/\/narcopowders.com\/#website"},"primaryImageOfPage":{"@id":"https:\/\/narcopowders.com\/product\/buy-eutylone-online\/#primaryimage"},"image":{"@id":"https:\/\/narcopowders.com\/product\/buy-eutylone-online\/#primaryimage"},"thumbnailUrl":"https:\/\/narcopowders.com\/wp-content\/uploads\/2024\/05\/EUTYLONE.gif","datePublished":"2024-05-23T06:16:01+00:00","dateModified":"2025-03-26T12:31:28+00:00","description":"Wenn Sie Eutylone kaufen m\u00f6chten, dann sind wir die richtige Wahl f\u00fcr Sie. Unsere Mitarbeiter werden Ihnen helfen, Eutylone online zu g\u00fcnstigen Preisen zu kaufen. Geben Sie Ihre Bestellung bei uns auf!","breadcrumb":{"@id":"https:\/\/narcopowders.com\/product\/buy-eutylone-online\/#breadcrumb"},"inLanguage":"de","potentialAction":[{"@type":"ReadAction","target":["https:\/\/narcopowders.com\/product\/buy-eutylone-online\/"]}]},{"@type":"ImageObject","inLanguage":"de","@id":"https:\/\/narcopowders.com\/product\/buy-eutylone-online\/#primaryimage","url":"https:\/\/narcopowders.com\/wp-content\/uploads\/2024\/05\/EUTYLONE.gif","contentUrl":"https:\/\/narcopowders.com\/wp-content\/uploads\/2024\/05\/EUTYLONE.gif","width":600,"height":600,"caption":"Buy EUTYLONE Online"},{"@type":"BreadcrumbList","@id":"https:\/\/narcopowders.com\/product\/buy-eutylone-online\/#breadcrumb","itemListElement":[{"@type":"ListItem","position":1,"name":"Home","item":"https:\/\/narcopowders.com\/"},{"@type":"ListItem","position":2,"name":"Shop Page","item":"https:\/\/narcopowders.com\/shop\/"},{"@type":"ListItem","position":3,"name":"Buy EUTYLONE Online"}]},{"@type":"WebSite","@id":"https:\/\/narcopowders.com\/#website","url":"https:\/\/narcopowders.com\/","name":"Narco-Pulver","description":"Mein WordPress-Blog","potentialAction":[{"@type":"SearchAction","target":{"@type":"EntryPoint","urlTemplate":"https:\/\/narcopowders.com\/?s={search_term_string}"},"query-input":{"@type":"PropertyValueSpecification","valueRequired":true,"valueName":"search_term_string"}}],"inLanguage":"de"}]}},"_links":{"self":[{"href":"https:\/\/narcopowders.com\/de\/wp-json\/wp\/v2\/product\/20881","targetHints":{"allow":["GET"]}}],"collection":[{"href":"https:\/\/narcopowders.com\/de\/wp-json\/wp\/v2\/product"}],"about":[{"href":"https:\/\/narcopowders.com\/de\/wp-json\/wp\/v2\/types\/product"}],"replies":[{"embeddable":true,"href":"https:\/\/narcopowders.com\/de\/wp-json\/wp\/v2\/comments?post=20881"}],"wp:featuredmedia":[{"embeddable":true,"href":"https:\/\/narcopowders.com\/de\/wp-json\/wp\/v2\/media\/21288"}],"wp:attachment":[{"href":"https:\/\/narcopowders.com\/de\/wp-json\/wp\/v2\/media?parent=20881"}],"wp:term":[{"taxonomy":"product_brand","embeddable":true,"href":"https:\/\/narcopowders.com\/de\/wp-json\/wp\/v2\/product_brand?post=20881"},{"taxonomy":"product_cat","embeddable":true,"href":"https:\/\/narcopowders.com\/de\/wp-json\/wp\/v2\/product_cat?post=20881"},{"taxonomy":"product_tag","embeddable":true,"href":"https:\/\/narcopowders.com\/de\/wp-json\/wp\/v2\/product_tag?post=20881"}],"curies":[{"name":"wp","href":"https:\/\/api.w.org\/{rel}","templated":true}]}}