{"id":20923,"date":"2024-05-23T06:16:11","date_gmt":"2024-05-23T06:16:11","guid":{"rendered":"https:\/\/narcopowders.com\/?post_type=product&#038;p=20923"},"modified":"2024-05-24T05:50:28","modified_gmt":"2024-05-24T05:50:28","slug":"buy-2fdck-online","status":"publish","type":"product","link":"https:\/\/narcopowders.com\/de\/produkt\/buy-2fdck-online\/","title":{"rendered":"2FDCK online kaufen"},"content":{"rendered":"<h2>Kaufen Sie 2-FDCK von NarcoPowders Online<\/h2>\n<p>2-FDCK Online kaufen, Das dissoziative An\u00e4sthetikum 2-Fl-2\u2032-Oxo-PCM ist auch bekannt als 2-FDCK, Fluoroketamin und 2-Fl-2\u2032-Oxo-PCM. Es ist das Fluor-\u00c4quivalent von Ketamin ohne die Chlorgruppe. 2-FDCK online kaufen<\/p>\n<p>Das neue dissoziative Medikament 2-Fl-2\u2032-Oxo-PCM aus der Klasse der Arylcyclohexylamine ist auch als 2-Fluorodeschloroketamin, 2-FDCK und f\u00e4lschlicherweise als 2-Fluroketamin, Fluoroketamin und 2-FDCK bekannt<a href=\"https:\/\/narcopowders.com\/de\/product\/5f-mdp\/\">.<\/a><\/p>\n<p>Chemisch gesehen sind Ketamin und Deschloroketamin (DCK) verwandt. Obwohl nur wenige Studien vorliegen, geht man davon aus, dass es als NMDA-Rezeptor-Antagonist wirkt. Die Struktur von Arylcyclohexylaminen, wie 2-FDCK, basiert auf der Bindung einer Amingruppe und eines aromatischen Rings an einen Cyclohexanring.<\/p>\n<p>NarcoPowders ist die beste Option, wenn Sie 2-FDCK online kaufen m\u00f6chten!<\/p>\n<h3>Wie kann man 2fdck kaufen?<\/h3>\n<p>Unsere Benutzeroberfl\u00e4che ist unglaublich schnell, einfach zu bedienen und effektiv. Da wir die Lieferung in alle L\u00e4nder anbieten, kann jeder das Produkt von \u00fcberall aus kaufen. Wir haben jahrelange Erfahrung in der Chemiebranche und sind der seri\u00f6se und zuverl\u00e4ssige Lieferant von 2FDCK. Melden Sie sich einfach auf unserer Website an, suchen Sie den Artikel, legen Sie ihn in Ihren Warenkorb und gehen Sie zur Kasse. Sie brauchen uns nur einige Informationen zu geben, z. B. Ihre Adresse oder den Ort, an den Sie den Artikel geliefert haben m\u00f6chten, und wir werden ihn sicher dorthin transportieren, w\u00e4hrend wir die erforderliche Transaktion abschlie\u00dfen. Kaufen Sie 2fdck in den USA.<\/p>\n<h3>Welches Alter ist f\u00fcr den Online-Kauf von 2fdck am besten geeignet?<\/h3>\n<p>Um 2fdck online zu kaufen, m\u00fcssen Sie mindestens 18 Jahre alt sein. Wir sind f\u00fcr den Kundenservice erreichbar. 24\/7 und ein ganzes Jahr lang, um Sie zu unterst\u00fctzen und Ihre Fragen zu beantworten. Kaufen Sie 2fdck mit einem Rabatt.<\/p>\n<h3>Welche Vorteile bietet 2fdck?<\/h3>\n<ul>\n<li>kann n\u00fctzlich sein, um \u00c4ngste, Spannungen und Traurigkeit vor\u00fcbergehend abzubauen.<\/li>\n<li>Es hilft, Selbstmord zu verhindern, da es sofort wirkt.<\/li>\n<li>positiv f\u00fcr die F\u00f6rderung der Neuroplastizit\u00e4t<\/li>\n<\/ul>\n<h3>Welche Folgen hat 2fdck?<\/h3>\n<ul>\n<li>kann bei h\u00e4ufiger Einnahme zu Neurotoxizit\u00e4t f\u00fchren.<\/li>\n<li>k\u00f6nnen bei h\u00e4ufiger oder regelm\u00e4\u00dfiger Verwendung das Ged\u00e4chtnis sch\u00e4digen.<\/li>\n<li>kann Ihre Nieren sch\u00e4digen.<\/li>\n<\/ul>\n<p>Die Pflege Ihres 2-FDCK<\/p>\n<p>Wir empfehlen dringend, beim Umgang mit 2-FDCK-Hydrochlorid besondere Vorsicht walten zu lassen, z. B. durch die Verwendung von Handschuhen oder einer FFP-2-Maske.<\/p>\n<h3>Wo ist es legal, 2-FDCK online zu kaufen?<\/h3>\n<p>NarcoPowders ist eine Website, auf der wir Forschungschemikalien wie 2-FDCK verkaufen. Jede unserer Forschungssubstanzen wird gepr\u00fcft und bewertet, bevor sie in den Verkauf geht. Das ist die einzige Methode, um die bestm\u00f6gliche Qualit\u00e4t f\u00fcr unser 2-FDCK zu garantieren.<\/p>\n<p>Z\u00f6gern Sie nicht, sich mit uns in Verbindung zu setzen, wenn Sie die Ergebnisse oder sonstige Hilfe ben\u00f6tigen. 2. Die einzige Sorte von FDCK, die wir verkaufen, ist Pulver, obwohl wir auch Blotter- und Pellet-Versionen von mehreren anderen Forschungsverbindungen haben.<\/p>\n<p>Wir haben eine gro\u00dfe Auswahl an hochwirksamen Produkten, um Ihren Bedarf an Forschungschemikalien zu decken. Seit unserer Gr\u00fcndung haben wir es geschafft, uns auf dem Markt als hervorragender Anbieter zu behaupten. Bestellen Sie 2-FDCK online und erhalten Sie Ihr Paket so schnell wie m\u00f6glich, 2-FDCK online kaufen.<\/p>","protected":false},"excerpt":{"rendered":"<p>2-Fluorodeschloroketamin (auch bekannt als 2\u2032-Fl-2-Oxo-PCM, Fluoroketamin und 2-FDCK) ist ein dissoziatives An\u00e4sthetikum, das dem Ketamin \u00e4hnelt. Sein Verkauf und Gebrauch als Designerdroge ist in mehreren L\u00e4ndern dokumentiert worden.<\/p>\n<p>Der Metabolismus von 2-FDCK \u00e4hnelt dem von Ketamin: Die Enzyme CYP2B6 und CYP3A4, letzteres in geringerem Ma\u00dfe, wandeln 2-FDCK durch N-Demethylierung in Nor-2FDCK um. Dieses wird anschlie\u00dfend entweder durch CYP2B6 zu Dehydronor-2FDCK oder durch CYP2A6 und CYP2B6 zu Hydroxynor-2FDCK metabolisiert.<\/p>","protected":false},"featured_media":21242,"comment_status":"open","ping_status":"closed","template":"","meta":{"_joinchat":[]},"product_brand":[],"product_cat":[1538],"product_tag":[],"class_list":{"0":"post-20923","1":"product","2":"type-product","3":"status-publish","4":"has-post-thumbnail","6":"product_cat-cannabinoids","8":"first","9":"instock","10":"shipping-taxable","11":"purchasable","12":"product-type-variable","13":"add-to-wishlist-after_add_to_cart"},"yoast_head":"<!-- This site is optimized with the Yoast SEO plugin v25.9 - https:\/\/yoast.com\/wordpress\/plugins\/seo\/ -->\n<title>Buy 2-FDCK Online - Narco Powders<\/title>\n<meta name=\"description\" content=\"Buy 2-FDCK Online, Looking to Order 2fdck ? Look no further than narcopowders.! As a trusted supplier of research chemicals, we offer premium-grade 2fdck.\" \/>\n<meta name=\"robots\" content=\"index, follow, max-snippet:-1, max-image-preview:large, max-video-preview:-1\" \/>\n<link rel=\"canonical\" href=\"https:\/\/narcopowders.com\/de\/produkt\/buy-2fdck-online\/\" \/>\n<meta property=\"og:locale\" content=\"de_DE\" \/>\n<meta property=\"og:type\" content=\"article\" \/>\n<meta property=\"og:title\" content=\"Buy 2-FDCK Online - Narco Powders\" \/>\n<meta property=\"og:description\" content=\"Buy 2-FDCK Online, Looking to Order 2fdck ? Look no further than narcopowders.! As a trusted supplier of research chemicals, we offer premium-grade 2fdck.\" \/>\n<meta property=\"og:url\" content=\"https:\/\/narcopowders.com\/de\/produkt\/buy-2fdck-online\/\" \/>\n<meta property=\"og:site_name\" content=\"Narco Powders\" \/>\n<meta property=\"article:modified_time\" content=\"2024-05-24T05:50:28+00:00\" \/>\n<meta property=\"og:image\" content=\"https:\/\/narcopowders.com\/wp-content\/uploads\/2024\/05\/2fdck.gif\" \/>\n\t<meta property=\"og:image:width\" content=\"600\" \/>\n\t<meta property=\"og:image:height\" content=\"600\" \/>\n\t<meta property=\"og:image:type\" content=\"image\/gif\" \/>\n<meta name=\"twitter:card\" content=\"summary_large_image\" \/>\n<meta name=\"twitter:label1\" content=\"Gesch\u00e4tzte Lesezeit\" \/>\n\t<meta name=\"twitter:data1\" content=\"3\u00a0Minuten\" \/>\n<!-- \/ Yoast SEO plugin. -->","yoast_head_json":{"title":"2-FDCK online kaufen - Narco Powders","description":"Kaufen Sie 2-FDCK Online, M\u00f6chten Sie 2fdck bestellen? Suchen Sie nicht weiter als narcopowders.! Als vertrauensw\u00fcrdiger Lieferant von Forschungschemikalien bieten wir 2fdck in Premium-Qualit\u00e4t.","robots":{"index":"index","follow":"follow","max-snippet":"max-snippet:-1","max-image-preview":"max-image-preview:large","max-video-preview":"max-video-preview:-1"},"canonical":"https:\/\/narcopowders.com\/de\/produkt\/buy-2fdck-online\/","og_locale":"de_DE","og_type":"article","og_title":"Buy 2-FDCK Online - Narco Powders","og_description":"Buy 2-FDCK Online, Looking to Order 2fdck ? Look no further than narcopowders.! As a trusted supplier of research chemicals, we offer premium-grade 2fdck.","og_url":"https:\/\/narcopowders.com\/de\/produkt\/buy-2fdck-online\/","og_site_name":"Narco Powders","article_modified_time":"2024-05-24T05:50:28+00:00","og_image":[{"width":600,"height":600,"url":"https:\/\/narcopowders.com\/wp-content\/uploads\/2024\/05\/2fdck.gif","type":"image\/gif"}],"twitter_card":"summary_large_image","twitter_misc":{"Gesch\u00e4tzte Lesezeit":"3\u00a0Minuten"},"schema":{"@context":"https:\/\/schema.org","@graph":[{"@type":"WebPage","@id":"https:\/\/narcopowders.com\/product\/buy-2fdck-online\/","url":"https:\/\/narcopowders.com\/product\/buy-2fdck-online\/","name":"2-FDCK online kaufen - Narco Powders","isPartOf":{"@id":"https:\/\/narcopowders.com\/#website"},"primaryImageOfPage":{"@id":"https:\/\/narcopowders.com\/product\/buy-2fdck-online\/#primaryimage"},"image":{"@id":"https:\/\/narcopowders.com\/product\/buy-2fdck-online\/#primaryimage"},"thumbnailUrl":"https:\/\/narcopowders.com\/wp-content\/uploads\/2024\/05\/2fdck.gif","datePublished":"2024-05-23T06:16:11+00:00","dateModified":"2024-05-24T05:50:28+00:00","description":"Kaufen Sie 2-FDCK Online, M\u00f6chten Sie 2fdck bestellen? Suchen Sie nicht weiter als narcopowders.! Als vertrauensw\u00fcrdiger Lieferant von Forschungschemikalien bieten wir 2fdck in Premium-Qualit\u00e4t.","breadcrumb":{"@id":"https:\/\/narcopowders.com\/product\/buy-2fdck-online\/#breadcrumb"},"inLanguage":"de","potentialAction":[{"@type":"ReadAction","target":["https:\/\/narcopowders.com\/product\/buy-2fdck-online\/"]}]},{"@type":"ImageObject","inLanguage":"de","@id":"https:\/\/narcopowders.com\/product\/buy-2fdck-online\/#primaryimage","url":"https:\/\/narcopowders.com\/wp-content\/uploads\/2024\/05\/2fdck.gif","contentUrl":"https:\/\/narcopowders.com\/wp-content\/uploads\/2024\/05\/2fdck.gif","width":600,"height":600,"caption":"Buy 2fdck Online"},{"@type":"BreadcrumbList","@id":"https:\/\/narcopowders.com\/product\/buy-2fdck-online\/#breadcrumb","itemListElement":[{"@type":"ListItem","position":1,"name":"Home","item":"https:\/\/narcopowders.com\/"},{"@type":"ListItem","position":2,"name":"Shop Page","item":"https:\/\/narcopowders.com\/shop\/"},{"@type":"ListItem","position":3,"name":"Buy 2FDCK Online"}]},{"@type":"WebSite","@id":"https:\/\/narcopowders.com\/#website","url":"https:\/\/narcopowders.com\/","name":"Narco-Pulver","description":"Mein WordPress-Blog","potentialAction":[{"@type":"SearchAction","target":{"@type":"EntryPoint","urlTemplate":"https:\/\/narcopowders.com\/?s={search_term_string}"},"query-input":{"@type":"PropertyValueSpecification","valueRequired":true,"valueName":"search_term_string"}}],"inLanguage":"de"}]}},"_links":{"self":[{"href":"https:\/\/narcopowders.com\/de\/wp-json\/wp\/v2\/product\/20923","targetHints":{"allow":["GET"]}}],"collection":[{"href":"https:\/\/narcopowders.com\/de\/wp-json\/wp\/v2\/product"}],"about":[{"href":"https:\/\/narcopowders.com\/de\/wp-json\/wp\/v2\/types\/product"}],"replies":[{"embeddable":true,"href":"https:\/\/narcopowders.com\/de\/wp-json\/wp\/v2\/comments?post=20923"}],"wp:featuredmedia":[{"embeddable":true,"href":"https:\/\/narcopowders.com\/de\/wp-json\/wp\/v2\/media\/21242"}],"wp:attachment":[{"href":"https:\/\/narcopowders.com\/de\/wp-json\/wp\/v2\/media?parent=20923"}],"wp:term":[{"taxonomy":"product_brand","embeddable":true,"href":"https:\/\/narcopowders.com\/de\/wp-json\/wp\/v2\/product_brand?post=20923"},{"taxonomy":"product_cat","embeddable":true,"href":"https:\/\/narcopowders.com\/de\/wp-json\/wp\/v2\/product_cat?post=20923"},{"taxonomy":"product_tag","embeddable":true,"href":"https:\/\/narcopowders.com\/de\/wp-json\/wp\/v2\/product_tag?post=20923"}],"curies":[{"name":"wp","href":"https:\/\/api.w.org\/{rel}","templated":true}]}}