{"id":21031,"date":"2024-05-23T06:16:45","date_gmt":"2024-05-23T06:16:45","guid":{"rendered":"https:\/\/narcopowders.com\/?post_type=product&#038;p=21031"},"modified":"2024-05-24T09:48:18","modified_gmt":"2024-05-24T09:48:18","slug":"buy-5cakb-48-online","status":"publish","type":"product","link":"https:\/\/narcopowders.com\/de\/produkt\/5cakb-48-online-kaufen\/","title":{"rendered":"5CAKB-48 online kaufen"},"content":{"rendered":"<h2><strong>5CAKB-48 online kaufen<\/strong><\/h2>\n<p>Kaufen Sie 5CAKB-48, eine st\u00e4rkere Version von AKB-48, die mit Cannabinoidrezeptoren interagiert und ein Hauptbestandteil vieler k\u00fcnstlicher Cannabismischungen ist. Da es eine substituierte Indazolgruppe hat, ist 5F-AKB48, auch bekannt als N-(Adamantan-1-yl)-1-(5-fluorpentyl)-1H-indazol-3-carboxamid, ein synthetisches Indazol-Cannabinoid<a href=\"https:\/\/narcopowders.com\/de\/product-category\/cannabinoids\/\">.<\/a><\/p>\n<p>\u00c4hnlich wie bei 5F-PB-22 ist dieser Indazolteil an R1 durch eine Fluorpentylkette ersetzt. An das Indazol wird in der Position R3 auch eine Carboxamidgruppe angef\u00fcgt. Diese Carboxamidgruppe hat eine N-substituierte Adamantangruppe an ihrer endst\u00e4ndigen Amingruppe. Diese Gruppe weist eine spezielle Struktur auf, die als Diamantoid bekannt ist und aus vier kondensierten Cyclohexanringen besteht. In 5F-AKB48, einem Homolog von STS-135, wird eine Indazol-Base verwendet, um die Hauptindolstruktur zu ersetzen.<\/p>\n<p>5CAKB-48 online kaufen Aufgrund von Strukturuntersuchungen geht man davon aus, dass 5F-AKB48 viele der In-vivo-Eigenschaften von \u03949-THC teilt und ein \u00e4hnliches Bindungsprofil wie andere Cannabinoide aufweist, auch wenn es noch nicht vollst\u00e4ndig untersucht wurde. Aber es ist immer noch unklar, was diese Wechselwirkungen beinhalten und wie sie zu dem Gef\u00fchl beitragen, von Cannabis high zu sein<a href=\"https:\/\/en.wikipedia.org\/wiki\/Synthetic_cannabinoids#Synthetic_cannabinoid_products\">.<\/a><\/p>\n<p>Shop online for 5F-AKB48 Die unten aufgef\u00fchrten Wirkungen stammen aus den eigenen Erfahrungen der Autoren und dem subjektiven Wirkungsindex auf PsychonautWiki. Es ist wichtig zu beachten, dass die angegebenen Wirkungen nicht garantiert alle auf einmal eintreten und mit Vorsicht zu genie\u00dfen sind. H\u00f6here Dosierungen erh\u00f6hen jedoch die Wahrscheinlichkeit und steigern die Wahrscheinlichkeit des Auftretens der gesamten Symptomatik.<\/p>\n<p>5C-AKB48 eignet sich f\u00fcr \u00e4hnliche Untersuchungen dar\u00fcber, wie verbotene Agonisten auf CB2-Rezeptoren wirken. 5C-AKB48 wird von BAC nur f\u00fcr Forschungszwecke zur Verf\u00fcgung gestellt. Es ist nicht f\u00fcr den menschlichen Verzehr oder die Verwendung in der Freizeit bestimmt. Diese Website ist ausschlie\u00dflich f\u00fcr erwachsene Nutzer bestimmt. Es ist erforderlich, dass die Besucher dieser Website mindestens 18 Jahre alt sind. Niemand unter achtzehn Jahren darf eines unserer Produkte kaufen.<\/p>\n<p>5F-AKB48 online kaufen Wir garantieren bei jeder Bestellung h\u00f6chste Qualit\u00e4t, die wir dank unseres qualifizierten Forschungs- und Entwicklungsteams und unserer strengen Qualit\u00e4tskontrollverfahren an jeden Ort der Welt liefern. An erster Stelle stehen bei uns immer die Kunden und der gute Ruf. Mit unserer \u00fcberlegenen Qualit\u00e4t, sondern auch f\u00fcr die Glaubw\u00fcrdigkeit, nach denen wir effektiv eine f\u00fcr beide Seiten vorteilhafte langfristige Verbindung zu etablieren.<\/p>\n<p>Purchase 5F-AKB48 Online Unser Ziel ist es, die breiteste Palette von hochwertigen RESEARCH CHEMICALS, CANNABINOID, CANNABIS-MARIJUANA, und Salze, mit einem Fokus auf ihre gro\u00dfe Qualit\u00e4t, bemerkenswerten Wert, und unsere au\u00dfergew\u00f6hnlichen Kundenservice. Wir arbeiten hart, um unseren Kunden in irgendeiner Weise helfen wir k\u00f6nnen, weil wir wirklich denken, dass ihre Zufriedenheit f\u00fcr den Erfolg unseres Unternehmens wesentlich ist. ausgezeichnete Qualit\u00e4t und soliden Ruf, gewinnen wir den Markt, Kaufen 5CAKB-48.<br \/>\nUnsere Kunden kaufen bei uns nicht nur zu fairen Preisen ein.<\/p>","protected":false},"excerpt":{"rendered":"<p>Purchase 5CAKB-48 Online Buy 5CAKB-48, a stronger version of AKB-48 that interacts with cannabinoid receptors and is a main ingredient in a lot of artificial cannabis mixes. Because it has a substituted indazole group, 5F-AKB48, also known as N-(adamantan-1-yl)-1-(5-fluoropentyl)-1H-indazole-3-carboxamide, is a synthetic indazole cannabinoid. Similar to 5F-PB-22, this indazole moiety is replaced at R1 with [&hellip;]<\/p>","protected":false},"featured_media":21270,"comment_status":"open","ping_status":"closed","template":"","meta":{"_joinchat":[]},"product_brand":[],"product_cat":[1538],"product_tag":[],"class_list":{"0":"post-21031","1":"product","2":"type-product","3":"status-publish","4":"has-post-thumbnail","6":"product_cat-cannabinoids","8":"first","9":"instock","10":"shipping-taxable","11":"purchasable","12":"product-type-variable","13":"add-to-wishlist-after_add_to_cart"},"yoast_head":"<!-- This site is optimized with the Yoast SEO plugin v25.9 - https:\/\/yoast.com\/wordpress\/plugins\/seo\/ -->\n<title>Buy 5CAKB-48<\/title>\n<meta name=\"description\" content=\"Buy 5CAKB-48, If you are looking for 5F-AKB48 powder, 5F-APINACA or AKB-48F then you have come to the right place! 5C-AKB48 is a synthetic cannabinoid.\" \/>\n<meta name=\"robots\" content=\"index, follow, max-snippet:-1, max-image-preview:large, max-video-preview:-1\" \/>\n<link rel=\"canonical\" href=\"https:\/\/narcopowders.com\/de\/produkt\/5cakb-48-online-kaufen\/\" \/>\n<meta property=\"og:locale\" content=\"de_DE\" \/>\n<meta property=\"og:type\" content=\"article\" \/>\n<meta property=\"og:title\" content=\"Buy 5CAKB-48\" \/>\n<meta property=\"og:description\" content=\"Buy 5CAKB-48, If you are looking for 5F-AKB48 powder, 5F-APINACA or AKB-48F then you have come to the right place! 5C-AKB48 is a synthetic cannabinoid.\" \/>\n<meta property=\"og:url\" content=\"https:\/\/narcopowders.com\/de\/produkt\/5cakb-48-online-kaufen\/\" \/>\n<meta property=\"og:site_name\" content=\"Narco Powders\" \/>\n<meta property=\"article:modified_time\" content=\"2024-05-24T09:48:18+00:00\" \/>\n<meta property=\"og:image\" content=\"https:\/\/narcopowders.com\/wp-content\/uploads\/2024\/05\/5cakb48.gif\" \/>\n\t<meta property=\"og:image:width\" content=\"600\" \/>\n\t<meta property=\"og:image:height\" content=\"600\" \/>\n\t<meta property=\"og:image:type\" content=\"image\/gif\" \/>\n<meta name=\"twitter:card\" content=\"summary_large_image\" \/>\n<meta name=\"twitter:label1\" content=\"Gesch\u00e4tzte Lesezeit\" \/>\n\t<meta name=\"twitter:data1\" content=\"3\u00a0Minuten\" \/>\n<!-- \/ Yoast SEO plugin. -->","yoast_head_json":{"title":"5CAKB-48 kaufen","description":"Kaufen Sie 5CAKB-48, Wenn Sie nach 5F-AKB48 Pulver, 5F-APINACA oder AKB-48F suchen, dann sind Sie bei uns genau richtig! 5C-AKB48 ist ein synthetisches Cannabinoid.","robots":{"index":"index","follow":"follow","max-snippet":"max-snippet:-1","max-image-preview":"max-image-preview:large","max-video-preview":"max-video-preview:-1"},"canonical":"https:\/\/narcopowders.com\/de\/produkt\/5cakb-48-online-kaufen\/","og_locale":"de_DE","og_type":"article","og_title":"Buy 5CAKB-48","og_description":"Buy 5CAKB-48, If you are looking for 5F-AKB48 powder, 5F-APINACA or AKB-48F then you have come to the right place! 5C-AKB48 is a synthetic cannabinoid.","og_url":"https:\/\/narcopowders.com\/de\/produkt\/5cakb-48-online-kaufen\/","og_site_name":"Narco Powders","article_modified_time":"2024-05-24T09:48:18+00:00","og_image":[{"width":600,"height":600,"url":"https:\/\/narcopowders.com\/wp-content\/uploads\/2024\/05\/5cakb48.gif","type":"image\/gif"}],"twitter_card":"summary_large_image","twitter_misc":{"Gesch\u00e4tzte Lesezeit":"3\u00a0Minuten"},"schema":{"@context":"https:\/\/schema.org","@graph":[{"@type":"WebPage","@id":"https:\/\/narcopowders.com\/product\/buy-5cakb-48-online\/","url":"https:\/\/narcopowders.com\/product\/buy-5cakb-48-online\/","name":"5CAKB-48 kaufen","isPartOf":{"@id":"https:\/\/narcopowders.com\/#website"},"primaryImageOfPage":{"@id":"https:\/\/narcopowders.com\/product\/buy-5cakb-48-online\/#primaryimage"},"image":{"@id":"https:\/\/narcopowders.com\/product\/buy-5cakb-48-online\/#primaryimage"},"thumbnailUrl":"https:\/\/narcopowders.com\/wp-content\/uploads\/2024\/05\/5cakb48.gif","datePublished":"2024-05-23T06:16:45+00:00","dateModified":"2024-05-24T09:48:18+00:00","description":"Kaufen Sie 5CAKB-48, Wenn Sie nach 5F-AKB48 Pulver, 5F-APINACA oder AKB-48F suchen, dann sind Sie bei uns genau richtig! 5C-AKB48 ist ein synthetisches Cannabinoid.","breadcrumb":{"@id":"https:\/\/narcopowders.com\/product\/buy-5cakb-48-online\/#breadcrumb"},"inLanguage":"de","potentialAction":[{"@type":"ReadAction","target":["https:\/\/narcopowders.com\/product\/buy-5cakb-48-online\/"]}]},{"@type":"ImageObject","inLanguage":"de","@id":"https:\/\/narcopowders.com\/product\/buy-5cakb-48-online\/#primaryimage","url":"https:\/\/narcopowders.com\/wp-content\/uploads\/2024\/05\/5cakb48.gif","contentUrl":"https:\/\/narcopowders.com\/wp-content\/uploads\/2024\/05\/5cakb48.gif","width":600,"height":600,"caption":"Buy 5CAKB-48 online"},{"@type":"BreadcrumbList","@id":"https:\/\/narcopowders.com\/product\/buy-5cakb-48-online\/#breadcrumb","itemListElement":[{"@type":"ListItem","position":1,"name":"Home","item":"https:\/\/narcopowders.com\/"},{"@type":"ListItem","position":2,"name":"Shop Page","item":"https:\/\/narcopowders.com\/shop\/"},{"@type":"ListItem","position":3,"name":"Buy 5CAKB-48 Online"}]},{"@type":"WebSite","@id":"https:\/\/narcopowders.com\/#website","url":"https:\/\/narcopowders.com\/","name":"Narco-Pulver","description":"Mein WordPress-Blog","potentialAction":[{"@type":"SearchAction","target":{"@type":"EntryPoint","urlTemplate":"https:\/\/narcopowders.com\/?s={search_term_string}"},"query-input":{"@type":"PropertyValueSpecification","valueRequired":true,"valueName":"search_term_string"}}],"inLanguage":"de"}]}},"_links":{"self":[{"href":"https:\/\/narcopowders.com\/de\/wp-json\/wp\/v2\/product\/21031","targetHints":{"allow":["GET"]}}],"collection":[{"href":"https:\/\/narcopowders.com\/de\/wp-json\/wp\/v2\/product"}],"about":[{"href":"https:\/\/narcopowders.com\/de\/wp-json\/wp\/v2\/types\/product"}],"replies":[{"embeddable":true,"href":"https:\/\/narcopowders.com\/de\/wp-json\/wp\/v2\/comments?post=21031"}],"wp:featuredmedia":[{"embeddable":true,"href":"https:\/\/narcopowders.com\/de\/wp-json\/wp\/v2\/media\/21270"}],"wp:attachment":[{"href":"https:\/\/narcopowders.com\/de\/wp-json\/wp\/v2\/media?parent=21031"}],"wp:term":[{"taxonomy":"product_brand","embeddable":true,"href":"https:\/\/narcopowders.com\/de\/wp-json\/wp\/v2\/product_brand?post=21031"},{"taxonomy":"product_cat","embeddable":true,"href":"https:\/\/narcopowders.com\/de\/wp-json\/wp\/v2\/product_cat?post=21031"},{"taxonomy":"product_tag","embeddable":true,"href":"https:\/\/narcopowders.com\/de\/wp-json\/wp\/v2\/product_tag?post=21031"}],"curies":[{"name":"wp","href":"https:\/\/api.w.org\/{rel}","templated":true}]}}