{"id":21239,"date":"2024-05-23T06:34:00","date_gmt":"2024-05-23T06:34:00","guid":{"rendered":"https:\/\/narcopowders.com\/?post_type=product&#038;p=21239"},"modified":"2025-03-26T12:29:14","modified_gmt":"2025-03-26T12:29:14","slug":"buy-etizolam-powder-online","status":"publish","type":"product","link":"https:\/\/narcopowders.com\/de\/produkt\/etizolam-pulver-online-kaufen\/","title":{"rendered":"Etizolam Pulver kaufen"},"content":{"rendered":"<h2>Etizolam Pulver online zum niedrigsten Preis kaufen<\/h2>\n<p><a href=\"https:\/\/narcopowders.com\/de\/produkt\/etizolam-pulver-online-kaufen\/\">Etizolam Pulver kaufen<\/a>Etizolam wirkt als Benzodiazepin, indem es an den Benzodiazepinrezeptor bindet, der ein Thienodiazepin-Derivat ist. Etizolam-Lieferanten, Etizolam-Pulver kaufen, Lieferanten von Etizolam-Pulver, Etizolam zum Verkauf und Etizolam-Pulver im Gro\u00dfhandel aus China.<\/p>\n<p>Es wird verkauft von <a href=\"https:\/\/narcopowders.com\/de\/\">Narcopowders<\/a> f\u00fcr Online-Forschungszwecke verkauft. Etizolam hat keine FDA-Zulassung f\u00fcr die Verwendung als Medikament erhalten. Nichtsdestotrotz k\u00f6nnen Sie Etizolam mit Hilfe unseres Online-Shops problemlos online erwerben. Au\u00dferdem haben nur wenige Nationen Zugang zu Etizolam als Medikament.<\/p>\n<h3>Etizolam-Pulver: Was ist es?<\/h3>\n<p>Sie k\u00f6nnen Ihre generalisierte Angstst\u00f6rung zusammen mit Depression, Schlaflosigkeit und Panikst\u00f6rung heilen, indem Sie die etizolam Pulver, das wir online verkaufen. <a href=\"https:\/\/www.bing.com\/search?q=Buy+Etizolam+Powder+Online&amp;form=QBLH&amp;sp=-1&amp;lq=0&amp;pq=buy+etizolam+powder+online&amp;sc=1-26&amp;qs=n&amp;sk=&amp;cvid=78A682E5124B459C9E52C7988D6F2866&amp;ghsh=0&amp;ghacc=0&amp;ghpl=\">etizolam powder<\/a> die wir online verkaufen.<\/p>\n<h3>Wo ist Etizolam anwendbar?<\/h3>\n<p><a href=\"https:\/\/en.wikipedia.org\/wiki\/Etizolam\">Etizolam functions<\/a> als vollst\u00e4ndiger Agonist an GABA-A-Rezeptoren, um die GABA-erge \u00dcbertragung zu erh\u00f6hen und die GABA-induzierten Cl-Str\u00f6me zu verbessern. Die Benzodiazepin-Bindungsstelle, die sich \u00fcber dem alpha<\/p>\n<p>Die Schnittstelle der Gamma-Untereinheit wird als Ort der Bindung angenommen. Es wurde berichtet, dass nur Rezeptoren mit den Untereinheiten gamma 2 und alpha 1\/2\/3\/5 an Benzodiazepine binden k\u00f6nnen.<\/p>\n<p>Alpha-1-Rezeptoren vermitteln die sedierende Wirkung von Etizolam, w\u00e4hrend Alpha-2- und Alpha-3-Untereinheiten enthaltende Rezeptoren die anxiolytische Wirkung vermitteln. Etizolam besitzt eine hohe Affinit\u00e4t und Wirksamkeit f\u00fcr den GABA-A-Rezeptor, wenn es mit der Kombination der Alpha-1-Beta-2-Gamma-2S-Untereinheiten kombiniert wird.<\/p>\n<p>Durch die Bindung an den regulatorischen Bereich des Rezeptors erleichtert Etizolam die \u00d6ffnung von GABA-induzierten Chloridkan\u00e4len und erh\u00f6ht somit die GABA-\u00dcbertragung. Ein besonderer PAFR-Antagonist ist Etizolam. Warum ist der beste Ort, um <a href=\"https:\/\/duckduckgo.com\/?t=h_&amp;q=Buy+Etizolam+Powder+Online&amp;ia=web\">Etizolam Powder<\/a> is Narcopowders?<\/p>\n<p>Etizolam ist ein Sedativum-Hypnotikum, Antikonvulsivum, Anxiolytikum und Muskelrelaxans, das auch das zentrale Nervensystem d\u00e4mpft. Es bindet an die Benzodiazepin-Region des GABA-A-Rezeptors und erh\u00f6ht als Agonist die hemmende GABA-erge \u00dcbertragung im gesamten zentralen Nervensystem. Studien deuten darauf hin, dass Etizolam bei der Vermittlung seiner pharmakologischen Wirkungen sechs- bis zehnmal st\u00e4rker ist als Diazepam.<\/p>\n<h3>Die Pharmakodynamik<\/h3>\n<p>Die Lieferung von Etizolam ist mit Narcopowders f\u00fcr jedermann sicher und zuverl\u00e4ssig. Lassen Sie sich die Gelegenheit nicht entgehen, Etizolam legal online zu bestellen, wenn Sie bereit sind, einen bescheidenen Preis f\u00fcr das Pulver zu zahlen. Bestellen Sie Ihr <a href=\"https:\/\/www.google.com\/search?q=Buy+Etizolam+Powder+Online&amp;sca_esv=16def464f60f9903&amp;sxsrf=AHTn8zo_Lfpu_UvBnQ8OihW9wiv71k0MNA%3A1742991797535&amp;ei=tfHjZ6q3IJLR0PEPssDFuQw&amp;ved=0ahUKEwjq5cC33qeMAxWSKDQIHTJgMccQ4dUDCBA&amp;uact=5&amp;oq=Buy+Etizolam+Powder+Online&amp;gs_lp=Egxnd3Mtd2l6LXNlcnAiGkJ1eSBFdGl6b2xhbSBQb3dkZXIgT25saW5lSKgEUABYAHAAeACQAQCYAYYDoAGGA6oBAzMtMbgBA8gBAPgBAvgBAZgCAKACAJgDAJIHAKAHTrIHALgHAA&amp;sclient=gws-wiz-serp\">Etizolam powder<\/a> order right away!<\/p>","protected":false},"excerpt":{"rendered":"<p>Get Etizolam Powder Online at the Lowest Cost Buy Etizolam Powder, Etizolam functions as a benzodiazepine by binding to the benzodiazepine receptor, which is a thienodiazepine derivative. Etizolam suppliers, buy etizolam powder, suppliers of etizolam powder, etizolam for sale, and wholesale etizolam powder from China. It is sold by Narcopowders for online research purposes. Etizolam [&hellip;]<\/p>","protected":false},"featured_media":21240,"comment_status":"open","ping_status":"closed","template":"","meta":{"_joinchat":[]},"product_brand":[],"product_cat":[1724],"product_tag":[],"class_list":{"0":"post-21239","1":"product","2":"type-product","3":"status-publish","4":"has-post-thumbnail","6":"product_cat-research-chemicals","8":"first","9":"instock","10":"shipping-taxable","11":"purchasable","12":"product-type-variable","13":"add-to-wishlist-after_add_to_cart"},"yoast_head":"<!-- This site is optimized with the Yoast SEO plugin v25.9 - https:\/\/yoast.com\/wordpress\/plugins\/seo\/ -->\n<title>Buy Etizolam Powder - Etizolam<\/title>\n<meta name=\"description\" content=\"Buy Etizolam Powder, We sells high-quality Etizolam powder that aids with sleep and insomnia. Click here to Order Etizolam powder at a discount\" \/>\n<meta name=\"robots\" content=\"index, follow, max-snippet:-1, max-image-preview:large, max-video-preview:-1\" \/>\n<link rel=\"canonical\" href=\"https:\/\/narcopowders.com\/de\/produkt\/etizolam-pulver-online-kaufen\/\" \/>\n<meta property=\"og:locale\" content=\"de_DE\" \/>\n<meta property=\"og:type\" content=\"article\" \/>\n<meta property=\"og:title\" content=\"Buy Etizolam Powder - Etizolam\" \/>\n<meta property=\"og:description\" content=\"Buy Etizolam Powder, We sells high-quality Etizolam powder that aids with sleep and insomnia. Click here to Order Etizolam powder at a discount\" \/>\n<meta property=\"og:url\" content=\"https:\/\/narcopowders.com\/de\/produkt\/etizolam-pulver-online-kaufen\/\" \/>\n<meta property=\"og:site_name\" content=\"Narco Powders\" \/>\n<meta property=\"article:modified_time\" content=\"2025-03-26T12:29:14+00:00\" \/>\n<meta property=\"og:image\" content=\"https:\/\/narcopowders.com\/wp-content\/uploads\/2024\/05\/Etizolam.gif\" \/>\n\t<meta property=\"og:image:width\" content=\"600\" \/>\n\t<meta property=\"og:image:height\" content=\"600\" \/>\n\t<meta property=\"og:image:type\" content=\"image\/gif\" \/>\n<meta name=\"twitter:card\" content=\"summary_large_image\" \/>\n<meta name=\"twitter:label1\" content=\"Gesch\u00e4tzte Lesezeit\" \/>\n\t<meta name=\"twitter:data1\" content=\"2\u00a0Minuten\" \/>\n<!-- \/ Yoast SEO plugin. -->","yoast_head_json":{"title":"Etizolam Pulver kaufen - Etizolam","description":"Kaufen Etizolam Pulver, Wir verkaufen hochwertige Etizolam Pulver, das mit Schlaf und Schlaflosigkeit hilft. Klicken Sie hier, um Etizolam Pulver mit einem Rabatt zu bestellen","robots":{"index":"index","follow":"follow","max-snippet":"max-snippet:-1","max-image-preview":"max-image-preview:large","max-video-preview":"max-video-preview:-1"},"canonical":"https:\/\/narcopowders.com\/de\/produkt\/etizolam-pulver-online-kaufen\/","og_locale":"de_DE","og_type":"article","og_title":"Buy Etizolam Powder - Etizolam","og_description":"Buy Etizolam Powder, We sells high-quality Etizolam powder that aids with sleep and insomnia. Click here to Order Etizolam powder at a discount","og_url":"https:\/\/narcopowders.com\/de\/produkt\/etizolam-pulver-online-kaufen\/","og_site_name":"Narco Powders","article_modified_time":"2025-03-26T12:29:14+00:00","og_image":[{"width":600,"height":600,"url":"https:\/\/narcopowders.com\/wp-content\/uploads\/2024\/05\/Etizolam.gif","type":"image\/gif"}],"twitter_card":"summary_large_image","twitter_misc":{"Gesch\u00e4tzte Lesezeit":"2\u00a0Minuten"},"schema":{"@context":"https:\/\/schema.org","@graph":[{"@type":"WebPage","@id":"https:\/\/narcopowders.com\/product\/buy-etizolam-powder-online\/","url":"https:\/\/narcopowders.com\/product\/buy-etizolam-powder-online\/","name":"Etizolam Pulver kaufen - Etizolam","isPartOf":{"@id":"https:\/\/narcopowders.com\/#website"},"primaryImageOfPage":{"@id":"https:\/\/narcopowders.com\/product\/buy-etizolam-powder-online\/#primaryimage"},"image":{"@id":"https:\/\/narcopowders.com\/product\/buy-etizolam-powder-online\/#primaryimage"},"thumbnailUrl":"https:\/\/narcopowders.com\/wp-content\/uploads\/2024\/05\/Etizolam.gif","datePublished":"2024-05-23T06:34:00+00:00","dateModified":"2025-03-26T12:29:14+00:00","description":"Kaufen Etizolam Pulver, Wir verkaufen hochwertige Etizolam Pulver, das mit Schlaf und Schlaflosigkeit hilft. Klicken Sie hier, um Etizolam Pulver mit einem Rabatt zu bestellen","breadcrumb":{"@id":"https:\/\/narcopowders.com\/product\/buy-etizolam-powder-online\/#breadcrumb"},"inLanguage":"de","potentialAction":[{"@type":"ReadAction","target":["https:\/\/narcopowders.com\/product\/buy-etizolam-powder-online\/"]}]},{"@type":"ImageObject","inLanguage":"de","@id":"https:\/\/narcopowders.com\/product\/buy-etizolam-powder-online\/#primaryimage","url":"https:\/\/narcopowders.com\/wp-content\/uploads\/2024\/05\/Etizolam.gif","contentUrl":"https:\/\/narcopowders.com\/wp-content\/uploads\/2024\/05\/Etizolam.gif","width":600,"height":600,"caption":"Buy Etizolam Online"},{"@type":"BreadcrumbList","@id":"https:\/\/narcopowders.com\/product\/buy-etizolam-powder-online\/#breadcrumb","itemListElement":[{"@type":"ListItem","position":1,"name":"Home","item":"https:\/\/narcopowders.com\/"},{"@type":"ListItem","position":2,"name":"Shop Page","item":"https:\/\/narcopowders.com\/shop\/"},{"@type":"ListItem","position":3,"name":"Buy Etizolam Powder"}]},{"@type":"WebSite","@id":"https:\/\/narcopowders.com\/#website","url":"https:\/\/narcopowders.com\/","name":"Narco-Pulver","description":"Mein WordPress-Blog","potentialAction":[{"@type":"SearchAction","target":{"@type":"EntryPoint","urlTemplate":"https:\/\/narcopowders.com\/?s={search_term_string}"},"query-input":{"@type":"PropertyValueSpecification","valueRequired":true,"valueName":"search_term_string"}}],"inLanguage":"de"}]}},"_links":{"self":[{"href":"https:\/\/narcopowders.com\/de\/wp-json\/wp\/v2\/product\/21239","targetHints":{"allow":["GET"]}}],"collection":[{"href":"https:\/\/narcopowders.com\/de\/wp-json\/wp\/v2\/product"}],"about":[{"href":"https:\/\/narcopowders.com\/de\/wp-json\/wp\/v2\/types\/product"}],"replies":[{"embeddable":true,"href":"https:\/\/narcopowders.com\/de\/wp-json\/wp\/v2\/comments?post=21239"}],"wp:featuredmedia":[{"embeddable":true,"href":"https:\/\/narcopowders.com\/de\/wp-json\/wp\/v2\/media\/21240"}],"wp:attachment":[{"href":"https:\/\/narcopowders.com\/de\/wp-json\/wp\/v2\/media?parent=21239"}],"wp:term":[{"taxonomy":"product_brand","embeddable":true,"href":"https:\/\/narcopowders.com\/de\/wp-json\/wp\/v2\/product_brand?post=21239"},{"taxonomy":"product_cat","embeddable":true,"href":"https:\/\/narcopowders.com\/de\/wp-json\/wp\/v2\/product_cat?post=21239"},{"taxonomy":"product_tag","embeddable":true,"href":"https:\/\/narcopowders.com\/de\/wp-json\/wp\/v2\/product_tag?post=21239"}],"curies":[{"name":"wp","href":"https:\/\/api.w.org\/{rel}","templated":true}]}}