{"id":21271,"date":"2024-05-23T07:46:43","date_gmt":"2024-05-23T07:46:43","guid":{"rendered":"https:\/\/narcopowders.com\/?post_type=product&#038;p=21271"},"modified":"2025-05-06T07:01:16","modified_gmt":"2025-05-06T07:01:16","slug":"buy-5cladb-online","status":"publish","type":"product","link":"https:\/\/narcopowders.com\/de\/produkt\/kaufen-5cladb-online\/","title":{"rendered":"5cladb online kaufen"},"content":{"rendered":"<h2>5CLADBA DIREKT ERHALTEN<\/h2>\n<p><a href=\"https:\/\/narcopowders.com\/de\/produkt\/kaufen-5cladb-online\/\">5cladb online kaufen<\/a>,\u00a05CLADBA wurde in zahlreichen Zusammenh\u00e4ngen missbraucht und f\u00fcr nicht-klinische sowie gelegentlich auch therapeutische Zwecke, einschlie\u00dflich der Krebsforschung, eingesetzt. <a href=\"https:\/\/narcopowders.com\/de\/\">Purchase powder 5CL-ADB-A online<\/a>. MDMB-4en-PINACA, MDMB-ADB-A oder 5CLADBA (alternativ MDMB-PENINA genannt, auch bekannt als MDMB-PINACA N1-Pentyl-4-en-Isomer, ist ein synthetisches Indazol-basiertes <a href=\"https:\/\/en.wikipedia.org\/wiki\/Cannabinoid\">cannabinoide<\/a> that is incredibly potent. Furthermore <a href=\"https:\/\/www.bing.com\/search?q=Buy%205cladb%20Online&amp;qs=n&amp;form=QBRE&amp;sp=-1&amp;lq=0&amp;pq=buy%205cladb%20online&amp;sc=10-17&amp;sk=&amp;cvid=2FABE2D4DDA94ACB80E26EDAEF597A7E&amp;ghsh=0&amp;ghacc=0&amp;ghpl=\">5-CL-ADB-A<\/a> ist ein k\u00fcnstlich hergestellter Cannabinoid-Rezeptoragonist, der als funktioneller Bestandteil von Produkten verwendet wird, die als Cannabis-Ersatz vermarktet werden. <a href=\"https:\/\/www.bing.com\/search?q=Buy%205cladb%20Online&amp;qs=n&amp;form=QBRE&amp;sp=-1&amp;lq=0&amp;pq=buy%205cladb%20online&amp;sc=10-17&amp;sk=&amp;cvid=2FABE2D4DDA94ACB80E26EDAEF597A7E&amp;ghsh=0&amp;ghacc=0&amp;ghpl=\">5-CL<\/a><a href=\"https:\/\/en.wikipedia.org\/wiki\/MDMB-4en-PINACA\">&#8211;<\/a><\/p>\n<p><strong>Es gibt keine dokumentierten therapeutischen oder n\u00fctzlichen Anwendungen f\u00fcr ADB-A. 6CLADBA<\/strong><\/p>\n<h3>Was ist 5CL-ADB-A? | Online Shop um 5CL-ADB-A Pulver zu kaufen<\/h3>\n<p>The highly potent synthetic <a href=\"https:\/\/www.google.com\/search?q=Buy+5cladb+Online&amp;num=10&amp;sca_esv=1a2a07081c7891bb&amp;rlz=1C1RXQR_enIN1098IN1098&amp;sxsrf=AHTn8zrQR-eImhoOhY1vNdzImcvToKJO7g%3A1741686295979&amp;ei=FwbQZ6bCO_qA1e8Plb2vyAc&amp;ved=0ahUKEwjmqe2H34GMAxV6QPUHHZXeC3kQ4dUDCBA&amp;uact=5&amp;oq=Buy+5cladb+Online&amp;gs_lp=Egxnd3Mtd2l6LXNlcnAiEUJ1eSA1Y2xhZGIgT25saW5lMgcQIRigARgKSLAIUNUDWNUDcAJ4AJABAJgB_wGgAf8BqgEDMi0xuAEDyAEA-AEC-AEBmAIBoAKIApgDAIgGAZIHAzItMaAHigI&amp;sclient=gws-wiz-serp\">cannabinoid 5-Cl-Adb-A<\/a>, auch bekannt als 5CLADBA (auch bekannt als MDMB-4en-PINACA oder MDMB-PINACA N1-Pentyl-4-en-Isomer), ist eine Indazol-Base. 5-Cl-ADB-A wird ein Cannabinoid-Rezeptor-Ingenieur sein. Erstaunlicherweise stammt 5-Cl-ADB-A von zuverl\u00e4ssigen Lieferanten und ist unverunreinigt. Dies k\u00f6nnte nat\u00fcrlich daran liegen, dass der Import oder Besitz von 5CL-ADB-A strengstens verboten ist und es h\u00f6chst unwahrscheinlich ist, dass jemand die richtigen Methoden zur Verf\u00e4lschung kennt. Die Drug Enforcement Agency betrachtet 5-Cl-ADB-A und MDMB-4en-PINACA als synthetisch, es sei denn, die Aufsichtsbeh\u00f6rden glauben, dass einige der echten chemischen Komponenten von ihren nicht-synthetischen Gegenst\u00fccken stammen. Da 5-Cl-ADB-A so wirksam ist, ist 3-CLADBA gleichwertig mit <a href=\"https:\/\/www.google.com\/search?q=Buy+5cladb+Online&amp;num=10&amp;sca_esv=1a2a07081c7891bb&amp;rlz=1C1RXQR_enIN1098IN1098&amp;sxsrf=AHTn8zrQR-eImhoOhY1vNdzImcvToKJO7g%3A1741686295979&amp;ei=FwbQZ6bCO_qA1e8Plb2vyAc&amp;ved=0ahUKEwjmqe2H34GMAxV6QPUHHZXeC3kQ4dUDCBA&amp;uact=5&amp;oq=Buy+5cladb+Online&amp;gs_lp=Egxnd3Mtd2l6LXNlcnAiEUJ1eSA1Y2xhZGIgT25saW5lMgcQIRigARgKSLAIUNUDWNUDcAJ4AJABAJgB_wGgAf8BqgEDMi0xuAEDyAEA-AEC-AEBmAIBoAKIApgDAIgGAZIHAzItMaAHigI&amp;sclient=gws-wiz-serp\">5-CLADBA<\/a>. Laborprodukte wie AMB-PINACA, APP-B, EG-018, JWH-018, JWH-201, 5F-UR144,5FMDMB2201 sind Beispiele f\u00fcr synthetische Cannabinoide<a href=\"https:\/\/narcopowders.com\/de\/produkt\/buy-4f\u2010mdmb\u2010binaca-online\/\">.<\/a><\/p>\n<h3><strong>Wie wird 5CL-ADB-A verwendet?<\/strong><\/h3>\n<p>Major research organizations have not sufficiently investigated the efficacy of <a href=\"https:\/\/duckduckgo.com\/?q=Buy+5cladb+Online&amp;t=h_&amp;ia=web\">5-CL-ADB-A<\/a>Gro\u00dfe Forschungseinrichtungen haben die Wirksamkeit von 5-CL-ADB-A nicht ausreichend untersucht. 5-CL-ADB-A gilt nach wie vor als potente Unbekannte und sollte wahrscheinlich als Droge der Liste I eingestuft werden. Der Begriff \"hohes Missbrauchspotenzial, keine derzeit anerkannte medizinische Verwendung in der Behandlung in den Vereinigten Staaten und fehlende Akzeptanz f\u00fcr die Verwendung der Droge oder anderer Substanzen unter \u00e4rztlicher Aufsicht\" bezieht sich auf Drogen, die in Liste I aufgef\u00fchrt sind. Die Nutzer sollten darauf hingewiesen werden, dass <a href=\"https:\/\/duckduckgo.com\/?q=Buy+5cladb+Online&amp;t=h_&amp;ia=web\">5CL-ADB-A (auch bekannt als MDMB-4en-PINACA)<\/a> Es handelt sich m\u00f6glicherweise nicht um einen Cannabinoid-Rezeptor-Agonisten, sodass alle m\u00f6glicherweise auftretenden Effekte \u2013 seien sie physischer oder psychischer Natur \u2013 vollst\u00e4ndig auf Placebo zur\u00fcckzuf\u00fchren sein k\u00f6nnen.<\/p>\n<h3><strong>DIE DETAILS ZUM PRODUKT<\/strong><\/h3>\n<p>Produktnummer: 137350-66-4; Produktname: 5CL-ADB<\/p>\n<p>Die chemische Formel lautet C20H27FN2O3.<\/p>\n<p>Ein kristallines und pulverf\u00f6rmiges Aussehen<\/p>\n<p>Verwendung: F\u00fcr wissenschaftliche Untersuchungen<\/p>\n<h3><strong>In welchem Gesch\u00e4ft wird 5CL-ADB-A verkauft?<\/strong><\/h3>\n<p><a href=\"https:\/\/duckduckgo.com\/?q=Buy+5cladb+Online&amp;t=h_&amp;ia=web\">Kaufen Sie 5CL-ADB-A<\/a> direkt bei einem anderen Anbieter, z. B. bei Research Chemical Supply, oder online. Aufgrund des Missbrauchs von \"1-cl\" wird 5cl-ADB-A jetzt ausschlie\u00dflich in reiner Pulverform auf der Website https:\/\/buy-5cladba-5fmda-online.com hergestellt und vermarktet. Es gibt viele andere vertrauensw\u00fcrdige Anbieter dieser Produkte, von denen viele sehr n\u00fctzlich sind, um sie f\u00fcr die Verwendung bei der Dosierung oder f\u00fcr die Gewinnung eines Cannabis-Ersatzes, wie z. B. \"mellifizierte\" Extrakte, die 5cl-ADB-A enthalten, vorr\u00e4tig zu haben. Wenn Sie auf der Suche nach ganzen Kr\u00e4utern oder \"gie\u00dfbaren\" Extrakten sind, die 5cl-ADB-A enthalten, sind Sie auf der falschen Website. Eine vollst\u00e4ndig genehmigte und getestete Schedule-1-Kontrolle ist 5CLADBA. material in den USA. Kaufen Sie online nach 5cl-ADB-A und tun Sie das Richtige. 5-CL-ADB-A ist f\u00fcr diejenigen mit Erfahrung reserviert.<\/p>\n<p>Technische Cannabinoide k\u00f6nnten plausibel sein und darauf hindeuten, dass das urspr\u00fcngliche Cannabis einer bestimmten Kategorie angeh\u00f6rt oder eine bestimmte chemische Zusammensetzung aufweist, z. B. einen hohen oder niedrigen THC- oder CBD-Gehalt. 5CL ADB-A in Gro\u00dfbritannien von Herstellern in China und Europa kaufen<\/p>\n<p>sind nicht ausgetrickst worden, aber sie unternehmen neue Anstrengungen, um zu garantieren, dass ihre Kunden weiterhin die legale Erfahrung bekommen k\u00f6nnen, die sie wollen. Mit Chemikalien, die potent sind und f\u00fcr eine saubere, sichere Umgebung geschaffen, l\u00e4sst es Sie mit einem \u00fcberw\u00e4ltigenden Gef\u00fchl der Klarheit Buy 5cladb Online.<\/p>","protected":false},"excerpt":{"rendered":"<p>MDMB-4en-PINACA, ein synthetisches Cannabinoid auf Indazolbasis, das online als Designerdroge angeboten wird, wird f\u00e4lschlicherweise auch als 5-CL-ADB-A bezeichnet. Der erste Nachweis von MDMB-4en-PINACA erfolgte in Europa.<\/p>\n<table class=\"infobox\">\n<tbody>\n<tr>\n<td class=\"infobox-full-data\" colspan=\"2\">\n<div class=\"collapsible-list mw-collapsible mw-made-collapsible\">\n<div>\n<div>IUPAC-Name<\/div>\n<\/div>\n<ul class=\"mw-collapsible-content\">\n<li>\n<div>Methyl (<i>S<\/i>)-3,3-dimethyl-2-(1-(pent-4-en-1-yl)-1<i>H<\/i>-indazol-3-carboxamido)butanoat<\/div>\n<\/li>\n<\/ul>\n<\/div>\n<\/td>\n<\/tr>\n<tr>\n<th class=\"infobox-label\" scope=\"row\">CAS-Nummer<\/th>\n<td class=\"infobox-data\">\n<div class=\"plainlist\">\n<ul>\n<li><span title=\"commonchemistry.cas.org\">2504100-70-1<\/span><sup>\u00a0<\/sup><\/li>\n<\/ul>\n<\/div>\n<\/td>\n<\/tr>\n<tr>\n<th class=\"infobox-label\" scope=\"row\">PubChem\u00a0<abbr title=\"Verbindungs-ID\">CID<\/abbr><\/th>\n<td class=\"infobox-data\">\n<div class=\"plainlist\">\n<p><span title=\"pubchem.ncbi.nlm.nih.gov\">155804661<\/span><\/p>\n<\/div>\n<\/td>\n<\/tr>\n<tr>\n<th class=\"infobox-label\" scope=\"row\">ChemSpider<\/th>\n<td class=\"infobox-data\">\n<div class=\"plainlist\">\n<p><span title=\"www.chemspider.com\">71117180<\/span><\/p>\n<\/div>\n<\/td>\n<\/tr>\n<tr>\n<th class=\"infobox-label\" scope=\"row\">UNII<\/th>\n<td class=\"infobox-data\">\n<div class=\"plainlist\">\n<p><span title=\"pr\u00e4zision.fda.gov\">K2DZN2TDD6<\/span><\/p>\n<\/div>\n<\/td>\n<\/tr>\n<tr>\n<th class=\"infobox-label\" scope=\"row\">KEGG<\/th>\n<td class=\"infobox-data\">\n<div class=\"plainlist\">\n<p><span title=\"www.kegg.jp\">C22788<\/span><\/p>\n<\/div>\n<\/td>\n<\/tr>\n<\/tbody>\n<\/table>","protected":false},"featured_media":21272,"comment_status":"open","ping_status":"closed","template":"","meta":{"_joinchat":[]},"product_brand":[],"product_cat":[1724],"product_tag":[1739,1738,1737,1736,1692],"class_list":{"0":"post-21271","1":"product","2":"type-product","3":"status-publish","4":"has-post-thumbnail","6":"product_cat-research-chemicals","7":"product_tag-5-cl-adb-a","8":"product_tag-5-cl-adb-a-powder","9":"product_tag-5cl-abda-powder-for-sale","10":"product_tag-5cl-adb-a-for-sale","11":"product_tag-adb-fubinaca","13":"first","14":"instock","15":"shipping-taxable","16":"purchasable","17":"product-type-variable","18":"add-to-wishlist-after_add_to_cart"},"yoast_head":"<!-- This site is optimized with the Yoast SEO plugin v25.9 - https:\/\/yoast.com\/wordpress\/plugins\/seo\/ -->\n<title>Buy 5cladb Online - 5cladb For Sale<\/title>\n<meta name=\"description\" content=\"Buy 5cladb Online, 5CL-ADB-A online from narcopowders with great ease. We are a recognised online 5cladb shop having years of experience. Order 5cladb now.\" \/>\n<meta name=\"robots\" content=\"index, follow, max-snippet:-1, max-image-preview:large, max-video-preview:-1\" \/>\n<link rel=\"canonical\" href=\"https:\/\/narcopowders.com\/de\/produkt\/kaufen-5cladb-online\/\" \/>\n<meta property=\"og:locale\" content=\"de_DE\" \/>\n<meta property=\"og:type\" content=\"article\" \/>\n<meta property=\"og:title\" content=\"Buy 5cladb Online - 5cladb For Sale\" \/>\n<meta property=\"og:description\" content=\"Buy 5cladb Online, 5CL-ADB-A online from narcopowders with great ease. We are a recognised online 5cladb shop having years of experience. Order 5cladb now.\" \/>\n<meta property=\"og:url\" content=\"https:\/\/narcopowders.com\/de\/produkt\/kaufen-5cladb-online\/\" \/>\n<meta property=\"og:site_name\" content=\"Narco Powders\" \/>\n<meta property=\"article:modified_time\" content=\"2025-05-06T07:01:16+00:00\" \/>\n<meta property=\"og:image\" content=\"https:\/\/narcopowders.com\/wp-content\/uploads\/2024\/05\/5cl-adb.gif\" \/>\n\t<meta property=\"og:image:width\" content=\"600\" \/>\n\t<meta property=\"og:image:height\" content=\"600\" \/>\n\t<meta property=\"og:image:type\" content=\"image\/gif\" \/>\n<meta name=\"twitter:card\" content=\"summary_large_image\" \/>\n<meta name=\"twitter:label1\" content=\"Gesch\u00e4tzte Lesezeit\" \/>\n\t<meta name=\"twitter:data1\" content=\"3\u00a0Minuten\" \/>\n<!-- \/ Yoast SEO plugin. -->","yoast_head_json":{"title":"Kaufen 5cladb Online - 5cladb zu verkaufen","description":"Kaufen Sie 5cladb Online, 5CL-ADB-A online von narcopowders mit gro\u00dfer Leichtigkeit. Wir sind ein anerkannter Online 5cladb Shop mit jahrelanger Erfahrung. Bestellen Sie jetzt 5cladb.","robots":{"index":"index","follow":"follow","max-snippet":"max-snippet:-1","max-image-preview":"max-image-preview:large","max-video-preview":"max-video-preview:-1"},"canonical":"https:\/\/narcopowders.com\/de\/produkt\/kaufen-5cladb-online\/","og_locale":"de_DE","og_type":"article","og_title":"Buy 5cladb Online - 5cladb For Sale","og_description":"Buy 5cladb Online, 5CL-ADB-A online from narcopowders with great ease. We are a recognised online 5cladb shop having years of experience. Order 5cladb now.","og_url":"https:\/\/narcopowders.com\/de\/produkt\/kaufen-5cladb-online\/","og_site_name":"Narco Powders","article_modified_time":"2025-05-06T07:01:16+00:00","og_image":[{"width":600,"height":600,"url":"https:\/\/narcopowders.com\/wp-content\/uploads\/2024\/05\/5cl-adb.gif","type":"image\/gif"}],"twitter_card":"summary_large_image","twitter_misc":{"Gesch\u00e4tzte Lesezeit":"3\u00a0Minuten"},"schema":{"@context":"https:\/\/schema.org","@graph":[{"@type":"WebPage","@id":"https:\/\/narcopowders.com\/product\/buy-5cladb-online\/","url":"https:\/\/narcopowders.com\/product\/buy-5cladb-online\/","name":"Kaufen 5cladb Online - 5cladb zu verkaufen","isPartOf":{"@id":"https:\/\/narcopowders.com\/#website"},"primaryImageOfPage":{"@id":"https:\/\/narcopowders.com\/product\/buy-5cladb-online\/#primaryimage"},"image":{"@id":"https:\/\/narcopowders.com\/product\/buy-5cladb-online\/#primaryimage"},"thumbnailUrl":"https:\/\/narcopowders.com\/wp-content\/uploads\/2024\/05\/5cl-adb.gif","datePublished":"2024-05-23T07:46:43+00:00","dateModified":"2025-05-06T07:01:16+00:00","description":"Kaufen Sie 5cladb Online, 5CL-ADB-A online von narcopowders mit gro\u00dfer Leichtigkeit. Wir sind ein anerkannter Online 5cladb Shop mit jahrelanger Erfahrung. Bestellen Sie jetzt 5cladb.","breadcrumb":{"@id":"https:\/\/narcopowders.com\/product\/buy-5cladb-online\/#breadcrumb"},"inLanguage":"de","potentialAction":[{"@type":"ReadAction","target":["https:\/\/narcopowders.com\/product\/buy-5cladb-online\/"]}]},{"@type":"ImageObject","inLanguage":"de","@id":"https:\/\/narcopowders.com\/product\/buy-5cladb-online\/#primaryimage","url":"https:\/\/narcopowders.com\/wp-content\/uploads\/2024\/05\/5cl-adb.gif","contentUrl":"https:\/\/narcopowders.com\/wp-content\/uploads\/2024\/05\/5cl-adb.gif","width":600,"height":600,"caption":"Buy 5cladb Online"},{"@type":"BreadcrumbList","@id":"https:\/\/narcopowders.com\/product\/buy-5cladb-online\/#breadcrumb","itemListElement":[{"@type":"ListItem","position":1,"name":"Home","item":"https:\/\/narcopowders.com\/"},{"@type":"ListItem","position":2,"name":"Shop Page","item":"https:\/\/narcopowders.com\/shop\/"},{"@type":"ListItem","position":3,"name":"Buy 5cladb Online"}]},{"@type":"WebSite","@id":"https:\/\/narcopowders.com\/#website","url":"https:\/\/narcopowders.com\/","name":"Narco-Pulver","description":"Mein WordPress-Blog","potentialAction":[{"@type":"SearchAction","target":{"@type":"EntryPoint","urlTemplate":"https:\/\/narcopowders.com\/?s={search_term_string}"},"query-input":{"@type":"PropertyValueSpecification","valueRequired":true,"valueName":"search_term_string"}}],"inLanguage":"de"}]}},"_links":{"self":[{"href":"https:\/\/narcopowders.com\/de\/wp-json\/wp\/v2\/product\/21271","targetHints":{"allow":["GET"]}}],"collection":[{"href":"https:\/\/narcopowders.com\/de\/wp-json\/wp\/v2\/product"}],"about":[{"href":"https:\/\/narcopowders.com\/de\/wp-json\/wp\/v2\/types\/product"}],"replies":[{"embeddable":true,"href":"https:\/\/narcopowders.com\/de\/wp-json\/wp\/v2\/comments?post=21271"}],"wp:featuredmedia":[{"embeddable":true,"href":"https:\/\/narcopowders.com\/de\/wp-json\/wp\/v2\/media\/21272"}],"wp:attachment":[{"href":"https:\/\/narcopowders.com\/de\/wp-json\/wp\/v2\/media?parent=21271"}],"wp:term":[{"taxonomy":"product_brand","embeddable":true,"href":"https:\/\/narcopowders.com\/de\/wp-json\/wp\/v2\/product_brand?post=21271"},{"taxonomy":"product_cat","embeddable":true,"href":"https:\/\/narcopowders.com\/de\/wp-json\/wp\/v2\/product_cat?post=21271"},{"taxonomy":"product_tag","embeddable":true,"href":"https:\/\/narcopowders.com\/de\/wp-json\/wp\/v2\/product_tag?post=21271"}],"curies":[{"name":"wp","href":"https:\/\/api.w.org\/{rel}","templated":true}]}}