{"id":21309,"date":"2024-05-23T10:04:09","date_gmt":"2024-05-23T10:04:09","guid":{"rendered":"https:\/\/narcopowders.com\/?post_type=product&#038;p=21309"},"modified":"2025-03-26T12:34:58","modified_gmt":"2025-03-26T12:34:58","slug":"buy-hex-online","status":"publish","type":"product","link":"https:\/\/narcopowders.com\/de\/produkt\/buy-hex-online\/","title":{"rendered":"Hex online kaufen"},"content":{"rendered":"<h2>HEX-EN online kaufen<\/h2>\n<p>Kaufen Sie hochwertige Forschungschemikalien online bei HEX-EN.com. N-Ethyl-hexedrone (HEXEN, NEH) ist online zu den Gro\u00dfhandelspreisen eines zuverl\u00e4ssigen Lieferanten bei <a href=\"https:\/\/narcopowders.com\/de\/\">NarcoPowders.com<\/a>.<\/p>\n<p>N-Ethyl-Nor-Hexedron, manchmal auch bekannt als <a href=\"https:\/\/duckduckgo.com\/?q=Buy+Hex+Online&amp;t=h_&amp;ia=web\">HEX-EN<\/a>ist ein Stimulans der Catehinon-Gruppe. Seit der Markteinf\u00fchrung des Medikaments im Jahr 2015 sind \u00fcber seine Wirksamkeit nur eine Sammlung von Erfahrungsberichten verf\u00fcgbar.<\/p>\n<p>N-Ethylhexedron, eine Forschungschemikalie, die auch als HEXEN, NEH, a-Ethylaminocaprophenon und N-Ethylnorhexedron bezeichnet wird, geh\u00f6rt zur Gruppe der stimulant. <a href=\"https:\/\/narcopowders.com\/de\/produkt\/buy-hex-online\/\">HEX-EN online kaufen<\/a>. In den 1960er Jahren nahm Boehringer Ingelheim in einer Reihe von Patenten Bezug auf N-Ethylhexedron, was den Weg f\u00fcr die Entwicklung des bekannteren Medikaments Methylendioxypyrovaleron (MDPV) ebnete. N-Ethylhexedron wird seit Mitte der 2010er Jahre als Designermedikament im Internet angeboten.<\/p>\n<p><a href=\"https:\/\/www.google.com\/search?q=Buy+Hex+Online&amp;sca_esv=16def464f60f9903&amp;sxsrf=AHTn8zrfQV63mHAAIBxrv1rBt11klwcVOA%3A1742992185256&amp;ei=OfPjZ7awD72t0PEPsq2H4Ao&amp;ved=0ahUKEwj2sLHw36eMAxW9FjQIHbLWAawQ4dUDCBA&amp;uact=5&amp;oq=Buy+Hex+Online&amp;gs_lp=Egxnd3Mtd2l6LXNlcnAiDkJ1eSBIZXggT25saW5lMgYQABgWGB4yBhAAGBYYHjIFEAAY7wUyCBAAGIAEGKIEMgUQABjvBTIIEAAYgAQYogRI6g5Q1QtY1QtwAXgAkAEAmAH6AqAB-gKqAQMzLTG4AQPIAQD4AQL4AQGYAgGgAoMDmAMAiAYBkgcDMy0xoAeMA7IHAzMtMbgHgwM&amp;sclient=gws-wiz-serp\">N-Ethyl-hexedrone<\/a>, a research chemical also referred to as HEXEN, NEH, a-ethylaminocaprophenone, and N-ethylnorhexedrone belongs to the group cathinone.<\/p>\n<p>Purchase HEX-EN Online The affinity of <a href=\"https:\/\/en.wikipedia.org\/wiki\/Hexadecimal\">HEXEN (N-Ethyl-hexedrone; NEH)<\/a> als NDRI (Noradrenalin-Dopamin-Wiederaufnahmehemmer) wird angenommen, dass der Grund f\u00fcr seine Stimulation ist. hat eine zus\u00e4tzliche Ethylgruppe an der Kohlenstoffkette, die den Stickstoff enth\u00e4lt, wodurch es eng verbunden ist mit <a href=\"https:\/\/www.bing.com\/search?q=Buy%20Hex%20Online&amp;qs=n&amp;form=QBRE&amp;sp=-1&amp;lq=0&amp;pq=buy%20hex%20online&amp;sc=7-14&amp;sk=&amp;cvid=A6B604E0CA39490AAE4D6DF2EC7054BF&amp;ghsh=0&amp;ghacc=0&amp;ghpl=\">hexedrone<\/a>. About three times as potent than hexedrone thanks to this inclusion.<\/p>\n<p>Derzeit liegen nur sehr wenige Informationen \u00fcber die pharmakologischen Eigenschaften, den Stoffwechsel und die Toxizit\u00e4t von N-Ethylhexedron vor. Als neue Forschungschemikalie wird (HEXEN; NEH) auf www.dalianchemicals.com verkauft.<\/p>\n<p>Aufgrund des Potenzials von HEX-EN f\u00fcr den Freizeitkonsum erfreut sich die Droge einer gewissen Beliebtheit. Einzelpersonen haben damit begonnen, die Droge anstelle anderer Freizeitstimulanzien wie Kokain, Methamphetamin, alpha-PHP und alpha-PVP zu konsumieren. Die gebr\u00e4uchlichste Verabreichungsmethode ist die schnelle (intranasale) Verabreichung, um die erholsame Wirkung auf den Organismus zu optimieren.<\/p>\n<p>Die Substanz kann in niedrigen bis hohen Dosen als produktives Stimulans verwendet werden, w\u00e4hrend die meisten Konsumenten sie in der Hoffnung auf ein euphorisches Gef\u00fchl konsumieren.<br \/>\nHexen gegen Coca-Cola<br \/>\nHexen-Drogenpr\u00fcfung<br \/>\nndh hexen hexin medikament hex-en-1n n-ethyl-nor-hexedron n-ethyl-hexedron synthese<\/p>","protected":false},"excerpt":{"rendered":"<p>Purchase HEX-EN Online Purchase high-quality research chemicals online at HEX-EN.com. N-Ethyl-hexedrone (HEXEN, NEH) is available online at a reliable supplier&#8217;s wholesale pricing at NarcoPowders.com. N-ethyl-nor-hexedrone, sometimes known as HEX-EN, is a catehinone group stimulant. Since the drug&#8217;s release in 2015, the only information available regarding its effectiveness is a collection of user reviews. N-Ethylhexedrone, also [&hellip;]<\/p>","protected":false},"featured_media":21310,"comment_status":"open","ping_status":"closed","template":"","meta":{"_joinchat":[]},"product_brand":[],"product_cat":[1724],"product_tag":[],"class_list":{"0":"post-21309","1":"product","2":"type-product","3":"status-publish","4":"has-post-thumbnail","6":"product_cat-research-chemicals","8":"first","9":"instock","10":"shipping-taxable","11":"purchasable","12":"product-type-variable","13":"add-to-wishlist-after_add_to_cart"},"yoast_head":"<!-- This site is optimized with the Yoast SEO plugin v25.9 - https:\/\/yoast.com\/wordpress\/plugins\/seo\/ -->\n<title>Buy Hex Online - Order Hex Online - Hex for Sale Legally<\/title>\n<meta name=\"description\" content=\"Buy Hex Online :: We are a leading chemical powder store to order Hex online at best price. Buy Hex online, Hex for sale, purchase hex powder legally!\" \/>\n<meta name=\"robots\" content=\"index, follow, max-snippet:-1, max-image-preview:large, max-video-preview:-1\" \/>\n<link rel=\"canonical\" href=\"https:\/\/narcopowders.com\/de\/produkt\/buy-hex-online\/\" \/>\n<meta property=\"og:locale\" content=\"de_DE\" \/>\n<meta property=\"og:type\" content=\"article\" \/>\n<meta property=\"og:title\" content=\"Buy Hex Online - Order Hex Online - Hex for Sale Legally\" \/>\n<meta property=\"og:description\" content=\"Buy Hex Online :: We are a leading chemical powder store to order Hex online at best price. Buy Hex online, Hex for sale, purchase hex powder legally!\" \/>\n<meta property=\"og:url\" content=\"https:\/\/narcopowders.com\/de\/produkt\/buy-hex-online\/\" \/>\n<meta property=\"og:site_name\" content=\"Narco Powders\" \/>\n<meta property=\"article:modified_time\" content=\"2025-03-26T12:34:58+00:00\" \/>\n<meta property=\"og:image\" content=\"https:\/\/narcopowders.com\/wp-content\/uploads\/2024\/05\/Hex.gif\" \/>\n\t<meta property=\"og:image:width\" content=\"600\" \/>\n\t<meta property=\"og:image:height\" content=\"600\" \/>\n\t<meta property=\"og:image:type\" content=\"image\/gif\" \/>\n<meta name=\"twitter:card\" content=\"summary_large_image\" \/>\n<meta name=\"twitter:label1\" content=\"Gesch\u00e4tzte Lesezeit\" \/>\n\t<meta name=\"twitter:data1\" content=\"2\u00a0Minuten\" \/>\n<!-- \/ Yoast SEO plugin. -->","yoast_head_json":{"title":"Hex online kaufen - Hex online bestellen - Hex zum Verkauf legal","description":"Hex online kaufen :: Wir sind ein f\u00fchrender Shop f\u00fcr chemisches Pulver, um Hex online zum besten Preis zu bestellen. Hex online kaufen, Hex zu verkaufen, Hex Pulver legal kaufen!","robots":{"index":"index","follow":"follow","max-snippet":"max-snippet:-1","max-image-preview":"max-image-preview:large","max-video-preview":"max-video-preview:-1"},"canonical":"https:\/\/narcopowders.com\/de\/produkt\/buy-hex-online\/","og_locale":"de_DE","og_type":"article","og_title":"Buy Hex Online - Order Hex Online - Hex for Sale Legally","og_description":"Buy Hex Online :: We are a leading chemical powder store to order Hex online at best price. Buy Hex online, Hex for sale, purchase hex powder legally!","og_url":"https:\/\/narcopowders.com\/de\/produkt\/buy-hex-online\/","og_site_name":"Narco Powders","article_modified_time":"2025-03-26T12:34:58+00:00","og_image":[{"width":600,"height":600,"url":"https:\/\/narcopowders.com\/wp-content\/uploads\/2024\/05\/Hex.gif","type":"image\/gif"}],"twitter_card":"summary_large_image","twitter_misc":{"Gesch\u00e4tzte Lesezeit":"2\u00a0Minuten"},"schema":{"@context":"https:\/\/schema.org","@graph":[{"@type":"WebPage","@id":"https:\/\/narcopowders.com\/product\/buy-hex-online\/","url":"https:\/\/narcopowders.com\/product\/buy-hex-online\/","name":"Hex online kaufen - Hex online bestellen - Hex zum Verkauf legal","isPartOf":{"@id":"https:\/\/narcopowders.com\/#website"},"primaryImageOfPage":{"@id":"https:\/\/narcopowders.com\/product\/buy-hex-online\/#primaryimage"},"image":{"@id":"https:\/\/narcopowders.com\/product\/buy-hex-online\/#primaryimage"},"thumbnailUrl":"https:\/\/narcopowders.com\/wp-content\/uploads\/2024\/05\/Hex.gif","datePublished":"2024-05-23T10:04:09+00:00","dateModified":"2025-03-26T12:34:58+00:00","description":"Hex online kaufen :: Wir sind ein f\u00fchrender Shop f\u00fcr chemisches Pulver, um Hex online zum besten Preis zu bestellen. Hex online kaufen, Hex zu verkaufen, Hex Pulver legal kaufen!","breadcrumb":{"@id":"https:\/\/narcopowders.com\/product\/buy-hex-online\/#breadcrumb"},"inLanguage":"de","potentialAction":[{"@type":"ReadAction","target":["https:\/\/narcopowders.com\/product\/buy-hex-online\/"]}]},{"@type":"ImageObject","inLanguage":"de","@id":"https:\/\/narcopowders.com\/product\/buy-hex-online\/#primaryimage","url":"https:\/\/narcopowders.com\/wp-content\/uploads\/2024\/05\/Hex.gif","contentUrl":"https:\/\/narcopowders.com\/wp-content\/uploads\/2024\/05\/Hex.gif","width":600,"height":600,"caption":"Buy Hex Online"},{"@type":"BreadcrumbList","@id":"https:\/\/narcopowders.com\/product\/buy-hex-online\/#breadcrumb","itemListElement":[{"@type":"ListItem","position":1,"name":"Home","item":"https:\/\/narcopowders.com\/"},{"@type":"ListItem","position":2,"name":"Shop Page","item":"https:\/\/narcopowders.com\/shop\/"},{"@type":"ListItem","position":3,"name":"Buy Hex Online"}]},{"@type":"WebSite","@id":"https:\/\/narcopowders.com\/#website","url":"https:\/\/narcopowders.com\/","name":"Narco-Pulver","description":"Mein WordPress-Blog","potentialAction":[{"@type":"SearchAction","target":{"@type":"EntryPoint","urlTemplate":"https:\/\/narcopowders.com\/?s={search_term_string}"},"query-input":{"@type":"PropertyValueSpecification","valueRequired":true,"valueName":"search_term_string"}}],"inLanguage":"de"}]}},"_links":{"self":[{"href":"https:\/\/narcopowders.com\/de\/wp-json\/wp\/v2\/product\/21309","targetHints":{"allow":["GET"]}}],"collection":[{"href":"https:\/\/narcopowders.com\/de\/wp-json\/wp\/v2\/product"}],"about":[{"href":"https:\/\/narcopowders.com\/de\/wp-json\/wp\/v2\/types\/product"}],"replies":[{"embeddable":true,"href":"https:\/\/narcopowders.com\/de\/wp-json\/wp\/v2\/comments?post=21309"}],"wp:featuredmedia":[{"embeddable":true,"href":"https:\/\/narcopowders.com\/de\/wp-json\/wp\/v2\/media\/21310"}],"wp:attachment":[{"href":"https:\/\/narcopowders.com\/de\/wp-json\/wp\/v2\/media?parent=21309"}],"wp:term":[{"taxonomy":"product_brand","embeddable":true,"href":"https:\/\/narcopowders.com\/de\/wp-json\/wp\/v2\/product_brand?post=21309"},{"taxonomy":"product_cat","embeddable":true,"href":"https:\/\/narcopowders.com\/de\/wp-json\/wp\/v2\/product_cat?post=21309"},{"taxonomy":"product_tag","embeddable":true,"href":"https:\/\/narcopowders.com\/de\/wp-json\/wp\/v2\/product_tag?post=21309"}],"curies":[{"name":"wp","href":"https:\/\/api.w.org\/{rel}","templated":true}]}}