{"id":18697,"date":"2022-02-09T10:40:11","date_gmt":"2022-02-09T10:40:11","guid":{"rendered":"https:\/\/sophiechems.com\/?page_id=18697"},"modified":"2023-01-02T09:53:26","modified_gmt":"2023-01-02T09:53:26","slug":"payment-shipping","status":"publish","type":"page","link":"https:\/\/narcopowders.com\/es\/pago-y-envio\/","title":{"rendered":"Pago y Env\u00edo"},"content":{"rendered":"<div data-elementor-type=\"wp-page\" data-elementor-id=\"18697\" class=\"elementor elementor-18697\">\n\t\t\t\t\t\t<section class=\"elementor-section elementor-top-section elementor-element elementor-element-7c4ed06 elementor-section-boxed elementor-section-height-default elementor-section-height-default\" data-id=\"7c4ed06\" data-element_type=\"section\">\n\t\t\t\t\t\t<div class=\"elementor-container elementor-column-gap-default\">\n\t\t\t\t\t<div class=\"elementor-column elementor-col-100 elementor-top-column elementor-element elementor-element-5ec700d\" data-id=\"5ec700d\" data-element_type=\"column\">\n\t\t\t<div class=\"elementor-widget-wrap elementor-element-populated\">\n\t\t\t\t\t\t<div class=\"elementor-element elementor-element-64b233c elementor-widget elementor-widget-heading\" data-id=\"64b233c\" data-element_type=\"widget\" data-widget_type=\"heading.default\">\n\t\t\t\t<div class=\"elementor-widget-container\">\n\t\t\t<style>\/*! elementor - v3.23.0 - 05-08-2024 *\/\n.elementor-heading-title{padding:0;margin:0;line-height:1}.elementor-widget-heading .elementor-heading-title[class*=elementor-size-]>a{color:inherit;font-size:inherit;line-height:inherit}.elementor-widget-heading .elementor-heading-title.elementor-size-small{font-size:15px}.elementor-widget-heading .elementor-heading-title.elementor-size-medium{font-size:19px}.elementor-widget-heading .elementor-heading-title.elementor-size-large{font-size:29px}.elementor-widget-heading .elementor-heading-title.elementor-size-xl{font-size:39px}.elementor-widget-heading .elementor-heading-title.elementor-size-xxl{font-size:59px}<\/style><h2 class=\"elementor-heading-title elementor-size-default\">Opciones de pago y env\u00edo<\/h2>\t\t<\/div>\n\t\t\t\t<\/div>\n\t\t\t\t\t<\/div>\n\t\t<\/div>\n\t\t\t\t\t<\/div>\n\t\t<\/section>\n\t\t\t\t<section class=\"elementor-section elementor-top-section elementor-element elementor-element-becee20 elementor-section-boxed elementor-section-height-default elementor-section-height-default\" data-id=\"becee20\" data-element_type=\"section\">\n\t\t\t\t\t\t<div class=\"elementor-container elementor-column-gap-default\">\n\t\t\t\t\t<div class=\"elementor-column elementor-col-100 elementor-top-column elementor-element elementor-element-49cbab2\" data-id=\"49cbab2\" data-element_type=\"column\">\n\t\t\t<div class=\"elementor-widget-wrap elementor-element-populated\">\n\t\t\t\t\t\t<div class=\"elementor-element elementor-element-c364813 elementor-widget elementor-widget-text-editor\" data-id=\"c364813\" data-element_type=\"widget\" data-widget_type=\"text-editor.default\">\n\t\t\t\t<div class=\"elementor-widget-container\">\n\t\t\t<style>\/*! elementor - v3.23.0 - 05-08-2024 *\/\n.elementor-widget-text-editor.elementor-drop-cap-view-stacked .elementor-drop-cap{background-color:#69727d;color:#fff}.elementor-widget-text-editor.elementor-drop-cap-view-framed .elementor-drop-cap{color:#69727d;border:3px solid;background-color:transparent}.elementor-widget-text-editor:not(.elementor-drop-cap-view-default) .elementor-drop-cap{margin-top:8px}.elementor-widget-text-editor:not(.elementor-drop-cap-view-default) .elementor-drop-cap-letter{width:1em;height:1em}.elementor-widget-text-editor .elementor-drop-cap{float:left;text-align:center;line-height:1;font-size:50px}.elementor-widget-text-editor .elementor-drop-cap-letter{display:inline-block}<\/style>\t\t\t\t<h2 style=\"text-align: center;\"><span style=\"color: #000000;\">BITCOIN<\/span><\/h2><p><span style=\"color: #000000;\"><img decoding=\"async\" class=\"size-medium wp-image-18721 aligncenter\" src=\"https:\/\/narcopowders.com\/wp-content\/uploads\/2022\/02\/bitcoin-300x63.png\" alt=\"\" width=\"300\" height=\"63\" srcset=\"https:\/\/narcopowders.com\/wp-content\/uploads\/2022\/02\/bitcoin-300x63.png 300w, https:\/\/narcopowders.com\/wp-content\/uploads\/2022\/02\/bitcoin-600x125.png 600w, https:\/\/narcopowders.com\/wp-content\/uploads\/2022\/02\/bitcoin-1024x214.png 1024w, https:\/\/narcopowders.com\/wp-content\/uploads\/2022\/02\/bitcoin-768x160.png 768w, https:\/\/narcopowders.com\/wp-content\/uploads\/2022\/02\/bitcoin-1536x320.png 1536w, https:\/\/narcopowders.com\/wp-content\/uploads\/2022\/02\/bitcoin-2048x427.png 2048w, https:\/\/narcopowders.com\/wp-content\/uploads\/2022\/02\/bitcoin-1300x271.png 1300w\" sizes=\"(max-width: 300px) 100vw, 300px\" \/>Nuestro m\u00e9todo de pago preferido y m\u00e1s r\u00e1pido es Bitcoin. Los clientes que est\u00e1n acostumbrados a esta t\u00e9cnica la encuentran bastante sencilla. P\u00f3ngase en contacto con nosotros si tiene preguntas sobre bitcoin y lo ayudaremos con el procedimiento.<br \/><\/span><\/p><h3><span style=\"color: #000000;\">C\u00f3mo comprar con bitcoin<\/span><\/h3><ul><li>Ponga el art\u00edculo que desea comprar en la cesta despu\u00e9s de elegirlo.<\/li><li>Haga clic en la cesta para ver el carrito.<\/li><li>Para acceder a la p\u00e1gina de pago, haga clic en el bot\u00f3n que dice \"Continuar con el pago\".<\/li><li>Una vez en la p\u00e1gina de pago, confirme su compra y presione el bot\u00f3n de pago de Bitcoin. Acceder\u00e1 a una p\u00e1gina donde puede pagar escaneando el c\u00f3digo QR con su billetera o ingresando la direcci\u00f3n de su billetera bitcoin inmediatamente debajo del c\u00f3digo.<\/li><\/ul><p><span style=\"color: #000000;\"><strong>Noticia importante<\/strong><\/span><\/p><p>Env\u00ede un correo electr\u00f3nico con su transacci\u00f3n de pago despu\u00e9s de realizar cualquier pago a contact@narcopowders.com para que podamos verificarlo y enviar su pedido.<\/p>\t\t\t\t\t\t<\/div>\n\t\t\t\t<\/div>\n\t\t\t\t\t<\/div>\n\t\t<\/div>\n\t\t\t\t\t<\/div>\n\t\t<\/section>\n\t\t\t\t<section class=\"elementor-section elementor-top-section elementor-element elementor-element-d7b1ead elementor-section-boxed elementor-section-height-default elementor-section-height-default\" data-id=\"d7b1ead\" data-element_type=\"section\">\n\t\t\t\t\t\t<div class=\"elementor-container elementor-column-gap-default\">\n\t\t\t\t\t<div class=\"elementor-column elementor-col-100 elementor-top-column elementor-element elementor-element-5cafb0b\" data-id=\"5cafb0b\" data-element_type=\"column\">\n\t\t\t<div class=\"elementor-widget-wrap elementor-element-populated\">\n\t\t\t\t\t\t<div class=\"elementor-element elementor-element-3e7b34a elementor-widget elementor-widget-text-editor\" data-id=\"3e7b34a\" data-element_type=\"widget\" data-widget_type=\"text-editor.default\">\n\t\t\t\t<div class=\"elementor-widget-container\">\n\t\t\t\t\t\t\t<h2 style=\"text-align: center;\"><span style=\"color: #000000;\">WESTERN UNION Y MONEYGRAM<\/span><\/h2><p><span style=\"color: #000000;\"><img decoding=\"async\" class=\"size-medium wp-image-18720 aligncenter\" src=\"https:\/\/narcopowders.com\/wp-content\/uploads\/2022\/02\/wu-300x87.png\" alt=\"\" width=\"300\" height=\"87\" srcset=\"https:\/\/narcopowders.com\/wp-content\/uploads\/2022\/02\/wu-300x87.png 300w, https:\/\/narcopowders.com\/wp-content\/uploads\/2022\/02\/wu-600x175.png 600w, https:\/\/narcopowders.com\/wp-content\/uploads\/2022\/02\/wu.png 724w\" sizes=\"(max-width: 300px) 100vw, 300px\" \/><img decoding=\"async\" class=\"size-medium wp-image-18719 aligncenter\" src=\"https:\/\/narcopowders.com\/wp-content\/uploads\/2022\/02\/mg-300x100.jpeg\" alt=\"\" width=\"300\" height=\"100\" srcset=\"https:\/\/narcopowders.com\/wp-content\/uploads\/2022\/02\/mg-300x100.jpeg 300w, https:\/\/narcopowders.com\/wp-content\/uploads\/2022\/02\/mg-600x200.jpeg 600w, https:\/\/narcopowders.com\/wp-content\/uploads\/2022\/02\/mg-1024x341.jpeg 1024w, https:\/\/narcopowders.com\/wp-content\/uploads\/2022\/02\/mg-768x256.jpeg 768w, https:\/\/narcopowders.com\/wp-content\/uploads\/2022\/02\/mg-1536x512.jpeg 1536w, https:\/\/narcopowders.com\/wp-content\/uploads\/2022\/02\/mg-2048x683.jpeg 2048w, https:\/\/narcopowders.com\/wp-content\/uploads\/2022\/02\/mg-1300x433.jpeg 1300w\" sizes=\"(max-width: 300px) 100vw, 300px\" \/>Tambi\u00e9n podemos aceptar los m\u00e9todos de pago moneygram y western union. Aunque m\u00e1s lentamente que bitcoin, esta moneda es, sin embargo, \u00fatil.<br \/><\/span><\/p><h3><span style=\"color: #000000;\">C\u00f3mo pagar a trav\u00e9s de western union o money gram<\/span><\/h3><ul><li>Empiezas eligiendo los art\u00edculos que quieres comprar en nuestra tienda.<\/li><li>Al hacer clic en la cesta, puede incluirlos en el carrito e ir a la p\u00e1gina de pago.<\/li><li>Puede acceder a la p\u00e1gina de pago desde la p\u00e1gina del carrito.<\/li><li>Ahora fotograf\u00ede su pedido y env\u00edenoslo a contact@narcopowders.com.<\/li><li>Despu\u00e9s de revisar el pedido, le enviaremos un correo electr\u00f3nico con la informaci\u00f3n de Money-Gram o Western Union del destinatario.<\/li><li>Una vez completada la transacci\u00f3n, env\u00ede el recibo a contact@narcopowders.com.<\/li><li>Una vez recibido el pago y confirmado el pedido, su pedido ser\u00e1 enviado.<\/li><\/ul><p><span style=\"color: #000000;\"><strong>Noticia importante<\/strong><\/span><\/p><p>Env\u00ede un correo electr\u00f3nico con su transacci\u00f3n de pago despu\u00e9s de realizar cualquier pago a contact@narcopowders.com para que podamos verificarlo y enviar su pedido.<\/p>\t\t\t\t\t\t<\/div>\n\t\t\t\t<\/div>\n\t\t\t\t\t<\/div>\n\t\t<\/div>\n\t\t\t\t\t<\/div>\n\t\t<\/section>\n\t\t\t\t<section class=\"elementor-section elementor-top-section elementor-element elementor-element-e56d5ec elementor-section-boxed elementor-section-height-default elementor-section-height-default\" data-id=\"e56d5ec\" data-element_type=\"section\">\n\t\t\t\t\t\t<div class=\"elementor-container elementor-column-gap-default\">\n\t\t\t\t\t<div class=\"elementor-column elementor-col-100 elementor-top-column elementor-element elementor-element-274ba1f\" data-id=\"274ba1f\" data-element_type=\"column\">\n\t\t\t<div class=\"elementor-widget-wrap elementor-element-populated\">\n\t\t\t\t\t\t<div class=\"elementor-element elementor-element-c67d700 elementor-widget elementor-widget-text-editor\" data-id=\"c67d700\" data-element_type=\"widget\" data-widget_type=\"text-editor.default\">\n\t\t\t\t<div class=\"elementor-widget-container\">\n\t\t\t\t\t\t\t<h2 style=\"text-align: center;\"><span style=\"color: #000000;\">Env\u00edo y Entrega<\/span><\/h2><p>Todo nuestro producto se env\u00eda en una caja b\u00e1sica o sobre. Se usan bolsas resistentes sin olor dos veces para sellar el contenedor, y luego se cierra con cinta adhesiva para garantizar que no quede ning\u00fan olor. Aunque enviamos los pedidos el mismo d\u00eda si llegan antes de las 17:00, existe la posibilidad de que se produzca un retraso porque no tenemos control sobre el proveedor de servicios que gestiona el proceso de entrega. Inf\u00f3rmenos si un producto no llega seg\u00fan lo prometido para que podamos investigarlo o rastrearlo por usted.<\/p><p><strong>DESCARGO DE RESPONSABILIDAD:<\/strong> A pesar de que el 99% de nuestros productos se entregan, existe una peque\u00f1a posibilidad de que se extrav\u00eden o se los roben durante el env\u00edo. Si este es el caso y no ha recibido su pedido dentro de los 14 d\u00edas, p\u00f3ngase en contacto con nosotros. Haremos todo lo posible para ayudar.<\/p>\t\t\t\t\t\t<\/div>\n\t\t\t\t<\/div>\n\t\t\t\t\t<\/div>\n\t\t<\/div>\n\t\t\t\t\t<\/div>\n\t\t<\/section>\n\t\t\t\t<\/div>","protected":false},"excerpt":{"rendered":"<p>Payment &#038; Shipping Options BITCOIN Our preferred and fastest method of payment is Bitcoin. Customers that are accustomed to this technique find it to be quite simple. Get in contact with us if you have questions about bitcoin, and we&#8217;ll help you through the procedure. How to buy with bitcoin Put the item you want [&hellip;]<\/p>","protected":false},"author":1,"featured_media":0,"parent":0,"menu_order":0,"comment_status":"closed","ping_status":"closed","template":"","meta":{"_joinchat":[],"footnotes":""},"class_list":["post-18697","page","type-page","status-publish","hentry"],"yoast_head":"<!-- This site is optimized with the Yoast SEO plugin v25.9 - https:\/\/yoast.com\/wordpress\/plugins\/seo\/ -->\n<title>Payment &amp; Shipping - Narco Powders<\/title>\n<meta name=\"robots\" content=\"index, follow, max-snippet:-1, max-image-preview:large, max-video-preview:-1\" \/>\n<link rel=\"canonical\" href=\"https:\/\/narcopowders.com\/es\/pago-y-envio\/\" \/>\n<meta property=\"og:locale\" content=\"es_ES\" \/>\n<meta property=\"og:type\" content=\"article\" \/>\n<meta property=\"og:title\" content=\"Payment &amp; Shipping - Narco Powders\" \/>\n<meta property=\"og:description\" content=\"Payment &#038; Shipping Options BITCOIN Our preferred and fastest method of payment is Bitcoin. Customers that are accustomed to this technique find it to be quite simple. Get in contact with us if you have questions about bitcoin, and we&#8217;ll help you through the procedure. How to buy with bitcoin Put the item you want [&hellip;]\" \/>\n<meta property=\"og:url\" content=\"https:\/\/narcopowders.com\/es\/pago-y-envio\/\" \/>\n<meta property=\"og:site_name\" content=\"Narco Powders\" \/>\n<meta property=\"article:modified_time\" content=\"2023-01-02T09:53:26+00:00\" \/>\n<meta property=\"og:image\" content=\"https:\/\/narcopowders.com\/wp-content\/uploads\/2022\/02\/bitcoin-300x63.png\" \/>\n<meta name=\"twitter:card\" content=\"summary_large_image\" \/>\n<meta name=\"twitter:label1\" content=\"Tiempo de lectura\" \/>\n\t<meta name=\"twitter:data1\" content=\"2 minutos\" \/>\n<!-- \/ Yoast SEO plugin. -->","yoast_head_json":{"title":"Pago y env\u00edo - Narco Powders","robots":{"index":"index","follow":"follow","max-snippet":"max-snippet:-1","max-image-preview":"max-image-preview:large","max-video-preview":"max-video-preview:-1"},"canonical":"https:\/\/narcopowders.com\/es\/pago-y-envio\/","og_locale":"es_ES","og_type":"article","og_title":"Payment & Shipping - Narco Powders","og_description":"Payment &#038; Shipping Options BITCOIN Our preferred and fastest method of payment is Bitcoin. Customers that are accustomed to this technique find it to be quite simple. Get in contact with us if you have questions about bitcoin, and we&#8217;ll help you through the procedure. How to buy with bitcoin Put the item you want [&hellip;]","og_url":"https:\/\/narcopowders.com\/es\/pago-y-envio\/","og_site_name":"Narco Powders","article_modified_time":"2023-01-02T09:53:26+00:00","og_image":[{"url":"https:\/\/narcopowders.com\/wp-content\/uploads\/2022\/02\/bitcoin-300x63.png","type":"","width":"","height":""}],"twitter_card":"summary_large_image","twitter_misc":{"Tiempo de lectura":"2 minutos"},"schema":{"@context":"https:\/\/schema.org","@graph":[{"@type":"WebPage","@id":"https:\/\/narcopowders.com\/payment-shipping\/","url":"https:\/\/narcopowders.com\/payment-shipping\/","name":"Pago y env\u00edo - Narco Powders","isPartOf":{"@id":"https:\/\/narcopowders.com\/#website"},"primaryImageOfPage":{"@id":"https:\/\/narcopowders.com\/payment-shipping\/#primaryimage"},"image":{"@id":"https:\/\/narcopowders.com\/payment-shipping\/#primaryimage"},"thumbnailUrl":"https:\/\/narcopowders.com\/wp-content\/uploads\/2022\/02\/bitcoin-300x63.png","datePublished":"2022-02-09T10:40:11+00:00","dateModified":"2023-01-02T09:53:26+00:00","breadcrumb":{"@id":"https:\/\/narcopowders.com\/payment-shipping\/#breadcrumb"},"inLanguage":"es","potentialAction":[{"@type":"ReadAction","target":["https:\/\/narcopowders.com\/payment-shipping\/"]}]},{"@type":"ImageObject","inLanguage":"es","@id":"https:\/\/narcopowders.com\/payment-shipping\/#primaryimage","url":"https:\/\/narcopowders.com\/wp-content\/uploads\/2022\/02\/bitcoin-300x63.png","contentUrl":"https:\/\/narcopowders.com\/wp-content\/uploads\/2022\/02\/bitcoin-300x63.png"},{"@type":"BreadcrumbList","@id":"https:\/\/narcopowders.com\/payment-shipping\/#breadcrumb","itemListElement":[{"@type":"ListItem","position":1,"name":"Home","item":"https:\/\/narcopowders.com\/"},{"@type":"ListItem","position":2,"name":"Payment &#038; Shipping"}]},{"@type":"WebSite","@id":"https:\/\/narcopowders.com\/#website","url":"https:\/\/narcopowders.com\/","name":"Narc\u00f3ticos en polv","description":"Mi blog de WordPress","potentialAction":[{"@type":"SearchAction","target":{"@type":"EntryPoint","urlTemplate":"https:\/\/narcopowders.com\/?s={search_term_string}"},"query-input":{"@type":"PropertyValueSpecification","valueRequired":true,"valueName":"search_term_string"}}],"inLanguage":"es"}]}},"_links":{"self":[{"href":"https:\/\/narcopowders.com\/es\/wp-json\/wp\/v2\/pages\/18697","targetHints":{"allow":["GET"]}}],"collection":[{"href":"https:\/\/narcopowders.com\/es\/wp-json\/wp\/v2\/pages"}],"about":[{"href":"https:\/\/narcopowders.com\/es\/wp-json\/wp\/v2\/types\/page"}],"author":[{"embeddable":true,"href":"https:\/\/narcopowders.com\/es\/wp-json\/wp\/v2\/users\/1"}],"replies":[{"embeddable":true,"href":"https:\/\/narcopowders.com\/es\/wp-json\/wp\/v2\/comments?post=18697"}],"version-history":[{"count":23,"href":"https:\/\/narcopowders.com\/es\/wp-json\/wp\/v2\/pages\/18697\/revisions"}],"predecessor-version":[{"id":19103,"href":"https:\/\/narcopowders.com\/es\/wp-json\/wp\/v2\/pages\/18697\/revisions\/19103"}],"wp:attachment":[{"href":"https:\/\/narcopowders.com\/es\/wp-json\/wp\/v2\/media?parent=18697"}],"curies":[{"name":"wp","href":"https:\/\/api.w.org\/{rel}","templated":true}]}}