{"id":19056,"date":"2023-01-02T09:38:01","date_gmt":"2023-01-02T09:38:01","guid":{"rendered":"https:\/\/nembutalhouse.com\/narco\/?post_type=product&#038;p=19056"},"modified":"2025-03-25T12:35:29","modified_gmt":"2025-03-25T12:35:29","slug":"white-powder-heroin","status":"publish","type":"product","link":"https:\/\/narcopowders.com\/es\/product\/white-powder-heroin\/","title":{"rendered":"Comprar hero\u00edna en polvo blanco en l\u00ednea"},"content":{"rendered":"<h2 style=\"text-align: justify;\">Comprar hero\u00edna en polvo blanco en l\u00ednea<\/h2>\n<p style=\"text-align: justify;\"><a href=\"https:\/\/en.wikipedia.org\/wiki\/Heroin\">White powder heroin<\/a> La hero\u00edna en polvo blanco es una de las formas m\u00e1s poderosas y gratificantes de la droga en el mercado. Pero, \u00bfd\u00f3nde deber\u00edas comprarlo? Narco Powders es el mejor lugar para\u00a0<strong><a href=\"https:\/\/narcopowders.com\/es\/producto\/heroina-en-polvo-blanco\/\">comprar hero\u00edna en polvo blanco online<\/a>\u00a0<\/strong>at the best price. At <a href=\"https:\/\/narcopowders.com\/es\/\">Narc\u00f3ticos en polv<\/a>al mejor precio. En Narco Powders, hacemos que sea f\u00e1cil y seguro comprar hero\u00edna en polvo blanca a granel con una variedad de opciones de entrega y pago. Nos enorgullece brindarles a nuestros clientes una experiencia de compra r\u00e1pida, discreta y segura respaldada por nuestra garant\u00eda de satisfacci\u00f3n del 100%.<\/p>\n<h3 style=\"text-align: justify;\">Los beneficios de la hero\u00edna en polvo blanco<\/h3>\n<p style=\"text-align: justify;\">La hero\u00edna en polvo blanco a menudo se usa con fines recreativos o m\u00e9dicos como analg\u00e9sico opioide, pero tambi\u00e9n est\u00e1 ganando popularidad entre las personas que buscan una experiencia m\u00e1s intensa. Gracias a los esfuerzos de Narco Powders, ahora puedes\u00a0<strong><a href=\"https:\/\/www.bing.com\/search?q=Buy%20White%20Powder%20Heroin%20Online&amp;qs=n&amp;form=QBRE&amp;sp=-1&amp;lq=0&amp;pq=buy%20white%20powder%20heroin%20online&amp;sc=0-30&amp;sk=&amp;cvid=AADFBCBCD72B4038B6168FDA355BF6FA&amp;ghsh=0&amp;ghacc=0&amp;ghpl=\">pedir hero\u00edna en polvo blanco puro en l\u00ednea<\/a>\u00a0<\/strong>y experimenta sus poderosos efectos de primera mano. Cuando compra hero\u00edna en polvo blanco de Narco Powders, obtiene la forma m\u00e1s pura de la droga en el mercado. Esto significa que su dosis ser\u00e1 m\u00e1s fuerte y durar\u00e1 m\u00e1s que con otros tipos de hero\u00edna, lo que la hace ideal para aquellos que buscan una experiencia intensa. Adem\u00e1s, los precios son competitivos y los tiempos de entrega son r\u00e1pidos. \u00bfEntonces, Qu\u00e9 esperas? Haz tu pedido de <strong><a href=\"https:\/\/www.bing.com\/search?q=Buy%20White%20Powder%20Heroin%20Online&amp;qs=n&amp;form=QBRE&amp;sp=-1&amp;lq=0&amp;pq=buy%20white%20powder%20heroin%20online&amp;sc=0-30&amp;sk=&amp;cvid=AADFBCBCD72B4038B6168FDA355BF6FA&amp;ghsh=0&amp;ghacc=0&amp;ghpl=\">hero\u00edna en polvo blanco a granel<\/a>\u00a0<\/strong>\u00a1hoy!<\/p>\n<h3 style=\"text-align: justify;\">Riesgos relacionados con el uso de hero\u00edna en polvo blanco<\/h3>\n<p style=\"text-align: justify;\">Si est\u00e1s planeando <a href=\"https:\/\/www.google.com\/search?q=Buy+White+Powder+Heroin+Online&amp;num=10&amp;sca_esv=1a2a07081c7891bb&amp;rlz=1C1RXQR_enIN1098IN1098&amp;sxsrf=AHTn8zpHIH0V4BOWSqealgZWV-gHTlBv8Q%3A1741686119562&amp;ei=ZwXQZ6WGIvSk1e8Pt8SJ-Aw&amp;ved=0ahUKEwjl1d2z3oGMAxV0UvUHHTdiAs8Q4dUDCBA&amp;uact=5&amp;oq=Buy+White+Powder+Heroin+Online&amp;gs_lp=Egxnd3Mtd2l6LXNlcnAiHkJ1eSBXaGl0ZSBQb3dkZXIgSGVyb2luIE9ubGluZUi0B1CQA1iQA3ACeACQAQCYAYUCoAGFAqoBAzItMbgBA8gBAPgBAvgBAZgCAKACAJgDAIgGAZIHAKAHUg&amp;sclient=gws-wiz-serp\">comprar hero\u00edna en polvo blanco a la venta en l\u00ednea<\/a>Si planea comprar hero\u00edna en polvo blanco para la venta en l\u00ednea, tenga en cuenta los riesgos involucrados. La hero\u00edna en polvo blanco es una droga altamente adictiva y su uso regular puede provocar dependencia psicol\u00f3gica y f\u00edsica. Si deja de usarlo abruptamente, puede experimentar s\u00edntomas de abstinencia que pueden ser intensos y dolorosos. Adem\u00e1s, incluso peque\u00f1as dosis de esta poderosa sustancia pueden ser mortales si se toman incorrectamente o si alguien sufre una sobredosis. De hecho, la sobredosis es una de las causas de muerte m\u00e1s comunes asociadas con el consumo de hero\u00edna en polvo blanco. Por \u00faltimo, pero no menos importante, el uso de hero\u00edna en polvo blanco se ha relacionado con varios resultados negativos para la salud mental, como ansiedad, paranoia, depresi\u00f3n, deterioro de la capacidad de pensamiento y reca\u00eddas en la adicci\u00f3n. <a href=\"https:\/\/www.google.com\/search?q=Buy+White+Powder+Heroin+Online&amp;num=10&amp;sca_esv=1a2a07081c7891bb&amp;rlz=1C1RXQR_enIN1098IN1098&amp;sxsrf=AHTn8zpHIH0V4BOWSqealgZWV-gHTlBv8Q%3A1741686119562&amp;ei=ZwXQZ6WGIvSk1e8Pt8SJ-Aw&amp;ved=0ahUKEwjl1d2z3oGMAxV0UvUHHTdiAs8Q4dUDCBA&amp;uact=5&amp;oq=Buy+White+Powder+Heroin+Online&amp;gs_lp=Egxnd3Mtd2l6LXNlcnAiHkJ1eSBXaGl0ZSBQb3dkZXIgSGVyb2luIE9ubGluZUi0B1CQA1iQA3ACeACQAQCYAYUCoAGFAqoBAzItMbgBA8gBAPgBAvgBAZgCAKACAJgDAIgGAZIHAKAHUg&amp;sclient=gws-wiz-serp\">hero\u00edna en polvo blanco<\/a> Por \u00faltimo, pero no menos importante, el consumo de hero\u00edna en polvo blanco se ha relacionado con varios efectos negativos para la salud mental, como ansiedad, paranoia, depresi\u00f3n, deterioro de la capacidad de razonamiento y reca\u00eddas en la adicci\u00f3n.<\/p>\n<h3 style=\"text-align: justify;\">\u00bfCu\u00e1l es la dosis correcta de hero\u00edna en polvo blanco?<\/h3>\n<p style=\"text-align: justify;\">Es importante tener en cuenta que no existe una dosis \u201csegura\u201d de <a href=\"https:\/\/duckduckgo.com\/?q=Buy+White+Powder+Heroin+Online&amp;t=h_&amp;ia=web\">hero\u00edna en polvo blanco<\/a>Es importante tener en cuenta que no existe una dosis \"segura\" de hero\u00edna en polvo blanco, ya que cualquier dosis podr\u00eda ser potencialmente fatal debido a reacciones con alergias conocidas o desconocidas de un individuo y otras afecciones m\u00e9dicas. Por lo tanto, por muy poca hero\u00edna que se use, solo debe hacerse bajo la estricta supervisi\u00f3n de un m\u00e9dico especialista.<\/p>\n<h3 style=\"text-align: justify;\">\u00bfPor qu\u00e9 Narco Powders es el mejor lugar para comprar hero\u00edna en polvo blanco en l\u00ednea?<\/h3>\n<p style=\"text-align: justify;\">Si est\u00e1s planeando <a href=\"https:\/\/duckduckgo.com\/?q=Buy+White+Powder+Heroin+Online&amp;t=h_&amp;ia=web\"><strong>comprar hero\u00edna en polvo blanco online<\/strong><\/a>, ofrece una variedad de beneficios, desde su comodidad hasta su asequibilidad. Sin embargo, es importante ser consciente de los riesgos asociados con el uso de este medicamento y solo comprarlo de fuentes acreditadas como Narco Powders. Con la ayuda de NarcoPowders.com, puede disfrutar de los muchos beneficios de la hero\u00edna en polvo blanca al por mayor en l\u00ednea con confianza.<\/p>","protected":false},"excerpt":{"rendered":"<p>Buy White Powder Heroin Online White powder heroin is one of the most powerful and rewarding forms of the drug on the market. But where should you buy it from? Narco Powders is the best place to\u00a0buy white powder heroin online\u00a0at the best price. At Narco Powders, we make it easy and safe to purchase\u00a0white [&hellip;]<\/p>\n","protected":false},"featured_media":19073,"comment_status":"open","ping_status":"closed","template":"","meta":{"_joinchat":[]},"product_brand":[],"product_cat":[1168],"product_tag":[1314,1308,1317,1320,1321,1319,1311,1322,1315,1323,1312,1318,1313,1316,1310,1309],"class_list":{"0":"post-19056","1":"product","2":"type-product","3":"status-publish","4":"has-post-thumbnail","6":"product_cat-buy-heroin-online","7":"product_tag-benefits-of-white-powder-cocaine","8":"product_tag-best-place-to-order-white-powder-cocaine","9":"product_tag-buy-white-powder-cocaine-legally","10":"product_tag-buy-white-powder-cocaine-online-australia","11":"product_tag-buy-white-powder-cocaine-online-near-me","12":"product_tag-buy-white-powder-cocaine-online-usa","13":"product_tag-cheap-white-powder-cocaine","14":"product_tag-how-can-i-get-the-best-white-powder-cocaine","15":"product_tag-how-to-order-white-powder-cocaine","16":"product_tag-legit-white-powder-cocaine-online","17":"product_tag-what-is-white-powder-cocaine","18":"product_tag-where-can-i-buy-white-powder-cocaine","19":"product_tag-where-to-buy-white-powder-cocaine","20":"product_tag-white-powder-cocaine-for-sale","21":"product_tag-white-powder-cocaine-price","22":"product_tag-white-powder-cocaine-wholesale","24":"first","25":"instock","26":"shipping-taxable","27":"purchasable","28":"product-type-variable","29":"add-to-wishlist-after_add_to_cart"},"yoast_head":"<!-- This site is optimized with the Yoast SEO plugin v27.5 - https:\/\/yoast.com\/product\/yoast-seo-wordpress\/ -->\n<title>White Powder Heroin for Sale - Buy White Powder Heroin Online<\/title>\n<meta name=\"description\" content=\"Buy white powder heroin online from our trusted store. Our white powder heroin for sale is of the highest purity and guaranteed to provide superior results.\" \/>\n<meta name=\"robots\" content=\"index, follow, max-snippet:-1, max-image-preview:large, max-video-preview:-1\" \/>\n<link rel=\"canonical\" href=\"https:\/\/narcopowders.com\/es\/producto\/heroina-en-polvo-blanco\/\" \/>\n<meta property=\"og:locale\" content=\"es_ES\" \/>\n<meta property=\"og:type\" content=\"article\" \/>\n<meta property=\"og:title\" content=\"White Powder Heroin for Sale - Buy White Powder Heroin Online\" \/>\n<meta property=\"og:description\" content=\"Buy white powder heroin online from our trusted store. Our white powder heroin for sale is of the highest purity and guaranteed to provide superior results.\" \/>\n<meta property=\"og:url\" content=\"https:\/\/narcopowders.com\/es\/producto\/heroina-en-polvo-blanco\/\" \/>\n<meta property=\"og:site_name\" content=\"Narco Powders\" \/>\n<meta property=\"article:modified_time\" content=\"2025-03-25T12:35:29+00:00\" \/>\n<meta property=\"og:image\" content=\"https:\/\/narcopowders.com\/wp-content\/uploads\/2023\/01\/white-powder-heroin.jpg\" \/>\n\t<meta property=\"og:image:width\" content=\"600\" \/>\n\t<meta property=\"og:image:height\" content=\"600\" \/>\n\t<meta property=\"og:image:type\" content=\"image\/jpeg\" \/>\n<meta name=\"twitter:card\" content=\"summary_large_image\" \/>\n<meta name=\"twitter:label1\" content=\"Tiempo de lectura\" \/>\n\t<meta name=\"twitter:data1\" content=\"3 minutos\" \/>\n<!-- \/ Yoast SEO plugin. -->","yoast_head_json":{"title":"Venta de hero\u00edna en polvo blanco - Comprar hero\u00edna en polvo blanco en l\u00ednea","description":"Compra online hero\u00edna en polvo blanco en nuestra tienda de confianza. Nuestra hero\u00edna en polvo blanco a la venta es de la m\u00e1s alta pureza y garantiza resultados superiores.","robots":{"index":"index","follow":"follow","max-snippet":"max-snippet:-1","max-image-preview":"max-image-preview:large","max-video-preview":"max-video-preview:-1"},"canonical":"https:\/\/narcopowders.com\/es\/producto\/heroina-en-polvo-blanco\/","og_locale":"es_ES","og_type":"article","og_title":"White Powder Heroin for Sale - Buy White Powder Heroin Online","og_description":"Buy white powder heroin online from our trusted store. Our white powder heroin for sale is of the highest purity and guaranteed to provide superior results.","og_url":"https:\/\/narcopowders.com\/es\/producto\/heroina-en-polvo-blanco\/","og_site_name":"Narco Powders","article_modified_time":"2025-03-25T12:35:29+00:00","og_image":[{"width":600,"height":600,"url":"https:\/\/narcopowders.com\/wp-content\/uploads\/2023\/01\/white-powder-heroin.jpg","type":"image\/jpeg"}],"twitter_card":"summary_large_image","twitter_misc":{"Tiempo de lectura":"3 minutos"},"schema":{"@context":"https:\/\/schema.org","@graph":[{"@type":"WebPage","@id":"https:\/\/narcopowders.com\/product\/white-powder-heroin\/","url":"https:\/\/narcopowders.com\/product\/white-powder-heroin\/","name":"Venta de hero\u00edna en polvo blanco - Comprar hero\u00edna en polvo blanco en l\u00ednea","isPartOf":{"@id":"https:\/\/narcopowders.com\/#website"},"primaryImageOfPage":{"@id":"https:\/\/narcopowders.com\/product\/white-powder-heroin\/#primaryimage"},"image":{"@id":"https:\/\/narcopowders.com\/product\/white-powder-heroin\/#primaryimage"},"thumbnailUrl":"https:\/\/narcopowders.com\/wp-content\/uploads\/2023\/01\/white-powder-heroin.jpg","datePublished":"2023-01-02T09:38:01+00:00","dateModified":"2025-03-25T12:35:29+00:00","description":"Compra online hero\u00edna en polvo blanco en nuestra tienda de confianza. Nuestra hero\u00edna en polvo blanco a la venta es de la m\u00e1s alta pureza y garantiza resultados superiores.","breadcrumb":{"@id":"https:\/\/narcopowders.com\/product\/white-powder-heroin\/#breadcrumb"},"inLanguage":"es","potentialAction":[{"@type":"ReadAction","target":["https:\/\/narcopowders.com\/product\/white-powder-heroin\/"]}]},{"@type":"ImageObject","inLanguage":"es","@id":"https:\/\/narcopowders.com\/product\/white-powder-heroin\/#primaryimage","url":"https:\/\/narcopowders.com\/wp-content\/uploads\/2023\/01\/white-powder-heroin.jpg","contentUrl":"https:\/\/narcopowders.com\/wp-content\/uploads\/2023\/01\/white-powder-heroin.jpg","width":600,"height":600,"caption":"White Powder Heroin for Sale"},{"@type":"BreadcrumbList","@id":"https:\/\/narcopowders.com\/product\/white-powder-heroin\/#breadcrumb","itemListElement":[{"@type":"ListItem","position":1,"name":"Home","item":"https:\/\/narcopowders.com\/"},{"@type":"ListItem","position":2,"name":"Shop Page","item":"https:\/\/narcopowders.com\/shop\/"},{"@type":"ListItem","position":3,"name":"Buy White Powder Heroin Online"}]},{"@type":"WebSite","@id":"https:\/\/narcopowders.com\/#website","url":"https:\/\/narcopowders.com\/","name":"Narc\u00f3ticos en polv","description":"Mi blog de WordPress","potentialAction":[{"@type":"SearchAction","target":{"@type":"EntryPoint","urlTemplate":"https:\/\/narcopowders.com\/?s={search_term_string}"},"query-input":{"@type":"PropertyValueSpecification","valueRequired":true,"valueName":"search_term_string"}}],"inLanguage":"es"}]}},"_links":{"self":[{"href":"https:\/\/narcopowders.com\/es\/wp-json\/wp\/v2\/product\/19056","targetHints":{"allow":["GET"]}}],"collection":[{"href":"https:\/\/narcopowders.com\/es\/wp-json\/wp\/v2\/product"}],"about":[{"href":"https:\/\/narcopowders.com\/es\/wp-json\/wp\/v2\/types\/product"}],"replies":[{"embeddable":true,"href":"https:\/\/narcopowders.com\/es\/wp-json\/wp\/v2\/comments?post=19056"}],"wp:featuredmedia":[{"embeddable":true,"href":"https:\/\/narcopowders.com\/es\/wp-json\/wp\/v2\/media\/19073"}],"wp:attachment":[{"href":"https:\/\/narcopowders.com\/es\/wp-json\/wp\/v2\/media?parent=19056"}],"wp:term":[{"taxonomy":"product_brand","embeddable":true,"href":"https:\/\/narcopowders.com\/es\/wp-json\/wp\/v2\/product_brand?post=19056"},{"taxonomy":"product_cat","embeddable":true,"href":"https:\/\/narcopowders.com\/es\/wp-json\/wp\/v2\/product_cat?post=19056"},{"taxonomy":"product_tag","embeddable":true,"href":"https:\/\/narcopowders.com\/es\/wp-json\/wp\/v2\/product_tag?post=19056"}],"curies":[{"name":"wp","href":"https:\/\/api.w.org\/{rel}","templated":true}]}}