{"id":19057,"date":"2023-01-02T09:27:48","date_gmt":"2023-01-02T09:27:48","guid":{"rendered":"https:\/\/nembutalhouse.com\/narco\/?post_type=product&#038;p=19057"},"modified":"2025-03-25T12:31:48","modified_gmt":"2025-03-25T12:31:48","slug":"black-tar-heroin","status":"publish","type":"product","link":"https:\/\/narcopowders.com\/es\/producto\/heroina-de-alquitran-negro\/","title":{"rendered":"Comprar hero\u00edna de alquitr\u00e1n negro en l\u00ednea"},"content":{"rendered":"<h2 style=\"text-align: justify;\">Comprar hero\u00edna de alquitr\u00e1n negro en l\u00ednea<\/h2>\n<p style=\"text-align: justify;\"><a href=\"https:\/\/narcopowders.com\/es\/producto\/heroina-de-alquitran-negro\/\">Black tar heroin<\/a> es una forma de la droga hero\u00edna conocida por su consistencia negra, pegajosa y alquitranada. Si bien se considera una droga peligrosa y <a href=\"https:\/\/en.wikipedia.org\/wiki\/Heroin\">powerful drug<\/a>Sigue teniendo una gran demanda debido a su bajo costo y disponibilidad. Por lo tanto, si desea...\u00a0<strong>hero\u00edna de alquitr\u00e1n negro<\/strong>\u00a0al mejor precio, <a href=\"https:\/\/narcopowders.com\/es\/\">Narc\u00f3ticos en polv<\/a> Es el mejor lugar.<\/p>\n<h3 style=\"text-align: justify;\">\u00bfC\u00f3mo es la apariencia y el olor de la hero\u00edna de alquitr\u00e1n negro?<\/h3>\n<p style=\"text-align: justify;\">La hero\u00edna de alquitr\u00e1n negro se fabrica a partir del residuo endurecido que queda despu\u00e9s de fumar o inyectarse hero\u00edna. Es m\u00e1s potente que otras formas de hero\u00edna y tiene un olor y un sabor m\u00e1s fuertes. Para\u00a0<a href=\"https:\/\/www.bing.com\/search?q=Buy%20Black%20Tar%20Heroin%20Online&amp;qs=n&amp;form=QBRE&amp;sp=-1&amp;lq=0&amp;pq=buy%20black%20tar%20heroin%20online&amp;sc=0-27&amp;sk=&amp;cvid=F01FA017FD0F4F3EABB14F7ED199BF75&amp;ghsh=0&amp;ghacc=0&amp;ghpl=\"><strong>pedir hero\u00edna de alquitr\u00e1n negro en l\u00ednea<\/strong><\/a>\u00a0de Narco Powders, simplemente haga clic en \"Agregar al carrito\" e ingrese su informaci\u00f3n en el proceso de pago. A continuaci\u00f3n, obtendr\u00e1 su\u00a0<strong><a href=\"https:\/\/www.google.com\/search?q=Buy+Black+Tar+Heroin+Online&amp;num=10&amp;sca_esv=1a2a07081c7891bb&amp;rlz=1C1RXQR_enIN1098IN1098&amp;sxsrf=AHTn8zquBUMCtTjZYnZwT6wlYjztzsC8Wg%3A1741762728195&amp;ei=qDDRZ4LPC83C4-EPh7vMqQk&amp;ved=0ahUKEwiCw8nl-4OMAxVN4TgGHYcdM5UQ4dUDCBA&amp;uact=5&amp;oq=Buy+Black+Tar+Heroin+Online&amp;gs_lp=Egxnd3Mtd2l6LXNlcnAiG0J1eSBCbGFjayBUYXIgSGVyb2luIE9ubGluZUjyBlC6A1i6A3ACeACQAQCYAdMBoAHTAaoBAzItMbgBA8gBAPgBAvgBAZgCAKACAJgDAIgGAZIHAKAHTw&amp;sclient=gws-wiz-serp\">hero\u00edna de alquitr\u00e1n negro a granel<\/a>\u00a0<\/strong>entregado a su puerta<strong>.\u00a0<\/strong>Sin embargo, no olvide guardar sus medicamentos de forma segura fuera del alcance de los ni\u00f1os y las mascotas y nunca comparta agujas o jeringas con nadie m\u00e1s.<\/p>\n<h3 style=\"text-align: justify;\">El procedimiento de fabricaci\u00f3n y tr\u00e1fico de hero\u00edna de alquitr\u00e1n negro<\/h3>\n<p style=\"text-align: justify;\"><a href=\"https:\/\/www.bing.com\/search?q=Buy%20Black%20Tar%20Heroin%20Online&amp;qs=n&amp;form=QBRE&amp;sp=-1&amp;lq=0&amp;pq=buy%20black%20tar%20heroin%20online&amp;sc=0-27&amp;sk=&amp;cvid=F01FA017FD0F4F3EABB14F7ED199BF75&amp;ghsh=0&amp;ghacc=0&amp;ghpl=\">La hero\u00edna de alquitr\u00e1n negro es un tipo de hero\u00edna.<\/a> La hero\u00edna de alquitr\u00e1n negro es un tipo de hero\u00edna que se elabora con opio en polvo. Luego, esta sustancia se mezcla con otros productos qu\u00edmicos y se calienta hasta que se convierte en una sustancia negra pegajosa conocida como \"alquitr\u00e1n\". Luego, el alquitr\u00e1n se corta en pedazos peque\u00f1os y se vende en las calles como hero\u00edna.<\/p>\n<p style=\"text-align: justify;\">El proceso de elaboraci\u00f3n y tr\u00e1fico de hero\u00edna de alquitr\u00e1n negro es complejo. Los traficantes de hero\u00edna navegan por el inframundo criminal para obtener las materias primas necesarias para fabricar la droga y lidiar con los agentes del orden p\u00fablico que pueden intentar detenerlos. Sin embargo, la disponibilidad de\u00a0<strong><a href=\"https:\/\/duckduckgo.com\/?q=Buy+Black+Tar+Heroin+Online&amp;t=h_&amp;ia=web\">venta de hero\u00edna de alquitr\u00e1n negro<\/a>\u00a0<\/strong>en l\u00ednea en sitios certificados como Narco Powders hace que este proceso sea a\u00fan m\u00e1s f\u00e1cil que nunca.<\/p>\n<p style=\"text-align: justify;\">al comprar <a href=\"https:\/\/duckduckgo.com\/?q=Buy+Black+Tar+Heroin+Online&amp;t=h_&amp;ia=web\"><strong>hero\u00edna de alquitr\u00e1n negro<\/strong><\/a>, sea consciente de los riesgos que implica. No solo corre el riesgo de comprar medicamentos de una fuente desconocida, sino que tambi\u00e9n se expone a peligros adicionales, como sobredosis y contraer el VIH u otras enfermedades (ETS). Por lo tanto, compre estos medicamentos solo de una fuente confiable como Narco Powders.<\/p>\n<h3 style=\"text-align: justify;\">Efectos negativos de la hero\u00edna de alquitr\u00e1n negro<\/h3>\n<p style=\"text-align: justify;\">La hero\u00edna de alquitr\u00e1n negro es una forma potente e impura de hero\u00edna que tiene varios efectos secundarios graves. Por ejemplo, la hero\u00edna de alquitr\u00e1n negro puede provocar n\u00e1useas, v\u00f3mitos y dolores de cabeza. El uso a largo plazo tambi\u00e9n puede provocar s\u00edntomas de abstinencia como depresi\u00f3n, ansiedad e inquietud. La hero\u00edna de alquitr\u00e1n negro tambi\u00e9n puede aumentar el riesgo de problemas card\u00edacos y pulmonares. No tenga miedo de pedir ayuda si usted o alguien que conoce est\u00e1 luchando contra la adicci\u00f3n a la hero\u00edna de alquitr\u00e1n negro.<\/p>\n<h3 style=\"text-align: justify;\">\u00bfPor qu\u00e9 comprar hero\u00edna de alquitr\u00e1n negro en l\u00ednea de Narco Powders?<\/h3>\n<p style=\"text-align: justify;\">Buscando una fuente confiable y de alta calidad para <a href=\"https:\/\/duckduckgo.com\/?q=Buy+Black+Tar+Heroin+Online&amp;t=h_&amp;ia=web\"><strong>hero\u00edna de alquitr\u00e1n negro<\/strong><\/a>? No busques m\u00e1s all\u00e1 de Narco Powders. Aqu\u00ed encontrar\u00e1s los mejores <strong>precio de la hero\u00edna de alquitr\u00e1n negro\u00a0<\/strong>con calidad garantizada. Adem\u00e1s de eso, ofrecemos los tiempos de entrega m\u00e1s r\u00e1pidos en el negocio.<\/p>","protected":false},"excerpt":{"rendered":"<p>Buy Black Tar Heroin Online Black tar heroin is a form of the drug heroin known for its black, sticky, and tar-like consistency. While it is considered a risky and powerful drug, it is still in high demand due to its low cost and availability. So, if you wish to\u00a0buy black tar heroin online\u00a0at the [&hellip;]<\/p>","protected":false},"featured_media":19064,"comment_status":"open","ping_status":"closed","template":"","meta":{"_joinchat":[]},"product_brand":[],"product_cat":[1168],"product_tag":[1186,1180,1188,1182,1181,1189,1192,1193,1191,1183,1194,1187,1195,1184,1190,1185],"class_list":{"0":"post-19057","1":"product","2":"type-product","3":"status-publish","4":"has-post-thumbnail","6":"product_cat-buy-heroin-online","7":"product_tag-benefits-of-black-tar-heroin","8":"product_tag-best-place-to-order-black-tar-heroin","9":"product_tag-black-tar-heroin-for-sale","10":"product_tag-black-tar-heroin-price","11":"product_tag-black-tar-heroin-wholesale","12":"product_tag-buy-black-tar-heroin-legally","13":"product_tag-buy-black-tar-heroin-online-australia","14":"product_tag-buy-black-tar-heroin-online-near-me","15":"product_tag-buy-black-tar-heroin-online-usa","16":"product_tag-cheap-black-tar-heroin","17":"product_tag-how-can-i-get-the-best-black-tar-heroin","18":"product_tag-how-to-order-black-tar-heroin","19":"product_tag-legit-black-tar-heroin-online","20":"product_tag-what-is-black-tar-heroin","21":"product_tag-where-can-i-buy-black-tar-heroin","22":"product_tag-where-to-buy-black-tar-heroin","24":"first","25":"instock","26":"shipping-taxable","27":"purchasable","28":"product-type-variable","29":"add-to-wishlist-after_add_to_cart"},"yoast_head":"<!-- This site is optimized with the Yoast SEO plugin v27.5 - https:\/\/yoast.com\/product\/yoast-seo-wordpress\/ -->\n<title>Black Tar Heroin for Sale - Buy Black Tar Heroin Online<\/title>\n<meta name=\"description\" content=\"Looking for best place to buy black tar heroin online? We offer the best quality black tar heroin for sale and at the most affordable prices. Order Now!\" \/>\n<meta name=\"robots\" content=\"index, follow, max-snippet:-1, max-image-preview:large, max-video-preview:-1\" \/>\n<link rel=\"canonical\" href=\"https:\/\/narcopowders.com\/es\/producto\/heroina-de-alquitran-negro\/\" \/>\n<meta property=\"og:locale\" content=\"es_ES\" \/>\n<meta property=\"og:type\" content=\"article\" \/>\n<meta property=\"og:title\" content=\"Black Tar Heroin for Sale - Buy Black Tar Heroin Online\" \/>\n<meta property=\"og:description\" content=\"Looking for best place to buy black tar heroin online? We offer the best quality black tar heroin for sale and at the most affordable prices. Order Now!\" \/>\n<meta property=\"og:url\" content=\"https:\/\/narcopowders.com\/es\/producto\/heroina-de-alquitran-negro\/\" \/>\n<meta property=\"og:site_name\" content=\"Narco Powders\" \/>\n<meta property=\"article:modified_time\" content=\"2025-03-25T12:31:48+00:00\" \/>\n<meta property=\"og:image\" content=\"https:\/\/narcopowders.com\/wp-content\/uploads\/2023\/01\/black-tar-heroin.jpg\" \/>\n\t<meta property=\"og:image:width\" content=\"600\" \/>\n\t<meta property=\"og:image:height\" content=\"600\" \/>\n\t<meta property=\"og:image:type\" content=\"image\/jpeg\" \/>\n<meta name=\"twitter:card\" content=\"summary_large_image\" \/>\n<meta name=\"twitter:label1\" content=\"Tiempo de lectura\" \/>\n\t<meta name=\"twitter:data1\" content=\"3 minutos\" \/>\n<!-- \/ Yoast SEO plugin. -->","yoast_head_json":{"title":"Venta de hero\u00edna de alquitr\u00e1n negro - Compre hero\u00edna de alquitr\u00e1n negro en l\u00ednea","description":"\u00bfEst\u00e1 buscando el mejor lugar para comprar hero\u00edna de alquitr\u00e1n negro en l\u00ednea? Ofrecemos hero\u00edna de alquitr\u00e1n negro de la mejor calidad a la venta y a los precios m\u00e1s asequibles. \u00a1Ordenar ahora!","robots":{"index":"index","follow":"follow","max-snippet":"max-snippet:-1","max-image-preview":"max-image-preview:large","max-video-preview":"max-video-preview:-1"},"canonical":"https:\/\/narcopowders.com\/es\/producto\/heroina-de-alquitran-negro\/","og_locale":"es_ES","og_type":"article","og_title":"Black Tar Heroin for Sale - Buy Black Tar Heroin Online","og_description":"Looking for best place to buy black tar heroin online? We offer the best quality black tar heroin for sale and at the most affordable prices. Order Now!","og_url":"https:\/\/narcopowders.com\/es\/producto\/heroina-de-alquitran-negro\/","og_site_name":"Narco Powders","article_modified_time":"2025-03-25T12:31:48+00:00","og_image":[{"width":600,"height":600,"url":"https:\/\/narcopowders.com\/wp-content\/uploads\/2023\/01\/black-tar-heroin.jpg","type":"image\/jpeg"}],"twitter_card":"summary_large_image","twitter_misc":{"Tiempo de lectura":"3 minutos"},"schema":{"@context":"https:\/\/schema.org","@graph":[{"@type":"WebPage","@id":"https:\/\/narcopowders.com\/product\/black-tar-heroin\/","url":"https:\/\/narcopowders.com\/product\/black-tar-heroin\/","name":"Venta de hero\u00edna de alquitr\u00e1n negro - Compre hero\u00edna de alquitr\u00e1n negro en l\u00ednea","isPartOf":{"@id":"https:\/\/narcopowders.com\/#website"},"primaryImageOfPage":{"@id":"https:\/\/narcopowders.com\/product\/black-tar-heroin\/#primaryimage"},"image":{"@id":"https:\/\/narcopowders.com\/product\/black-tar-heroin\/#primaryimage"},"thumbnailUrl":"https:\/\/narcopowders.com\/wp-content\/uploads\/2023\/01\/black-tar-heroin.jpg","datePublished":"2023-01-02T09:27:48+00:00","dateModified":"2025-03-25T12:31:48+00:00","description":"\u00bfEst\u00e1 buscando el mejor lugar para comprar hero\u00edna de alquitr\u00e1n negro en l\u00ednea? Ofrecemos hero\u00edna de alquitr\u00e1n negro de la mejor calidad a la venta y a los precios m\u00e1s asequibles. \u00a1Ordenar ahora!","breadcrumb":{"@id":"https:\/\/narcopowders.com\/product\/black-tar-heroin\/#breadcrumb"},"inLanguage":"es","potentialAction":[{"@type":"ReadAction","target":["https:\/\/narcopowders.com\/product\/black-tar-heroin\/"]}]},{"@type":"ImageObject","inLanguage":"es","@id":"https:\/\/narcopowders.com\/product\/black-tar-heroin\/#primaryimage","url":"https:\/\/narcopowders.com\/wp-content\/uploads\/2023\/01\/black-tar-heroin.jpg","contentUrl":"https:\/\/narcopowders.com\/wp-content\/uploads\/2023\/01\/black-tar-heroin.jpg","width":600,"height":600,"caption":"Buy Black Tar Heroin Online"},{"@type":"BreadcrumbList","@id":"https:\/\/narcopowders.com\/product\/black-tar-heroin\/#breadcrumb","itemListElement":[{"@type":"ListItem","position":1,"name":"Home","item":"https:\/\/narcopowders.com\/"},{"@type":"ListItem","position":2,"name":"Shop Page","item":"https:\/\/narcopowders.com\/shop\/"},{"@type":"ListItem","position":3,"name":"Buy Black Tar Heroin Online"}]},{"@type":"WebSite","@id":"https:\/\/narcopowders.com\/#website","url":"https:\/\/narcopowders.com\/","name":"Narc\u00f3ticos en polv","description":"Mi blog de WordPress","potentialAction":[{"@type":"SearchAction","target":{"@type":"EntryPoint","urlTemplate":"https:\/\/narcopowders.com\/?s={search_term_string}"},"query-input":{"@type":"PropertyValueSpecification","valueRequired":true,"valueName":"search_term_string"}}],"inLanguage":"es"}]}},"_links":{"self":[{"href":"https:\/\/narcopowders.com\/es\/wp-json\/wp\/v2\/product\/19057","targetHints":{"allow":["GET"]}}],"collection":[{"href":"https:\/\/narcopowders.com\/es\/wp-json\/wp\/v2\/product"}],"about":[{"href":"https:\/\/narcopowders.com\/es\/wp-json\/wp\/v2\/types\/product"}],"replies":[{"embeddable":true,"href":"https:\/\/narcopowders.com\/es\/wp-json\/wp\/v2\/comments?post=19057"}],"wp:featuredmedia":[{"embeddable":true,"href":"https:\/\/narcopowders.com\/es\/wp-json\/wp\/v2\/media\/19064"}],"wp:attachment":[{"href":"https:\/\/narcopowders.com\/es\/wp-json\/wp\/v2\/media?parent=19057"}],"wp:term":[{"taxonomy":"product_brand","embeddable":true,"href":"https:\/\/narcopowders.com\/es\/wp-json\/wp\/v2\/product_brand?post=19057"},{"taxonomy":"product_cat","embeddable":true,"href":"https:\/\/narcopowders.com\/es\/wp-json\/wp\/v2\/product_cat?post=19057"},{"taxonomy":"product_tag","embeddable":true,"href":"https:\/\/narcopowders.com\/es\/wp-json\/wp\/v2\/product_tag?post=19057"}],"curies":[{"name":"wp","href":"https:\/\/api.w.org\/{rel}","templated":true}]}}