{"id":19099,"date":"2023-01-02T10:01:34","date_gmt":"2023-01-02T10:01:34","guid":{"rendered":"https:\/\/nembutalhouse.com\/narco\/?post_type=product&#038;p=19099"},"modified":"2025-03-25T11:59:16","modified_gmt":"2025-03-25T11:59:16","slug":"crack-cocaine","status":"publish","type":"product","link":"https:\/\/narcopowders.com\/es\/producto\/crack-cocaina\/","title":{"rendered":"Comprar crack de coca\u00edna en l\u00ednea"},"content":{"rendered":"<h2 style=\"text-align: justify;\">Comprar crack de coca\u00edna en l\u00ednea<\/h2>\n<p style=\"text-align: justify;\">Si buscas un subid\u00f3n que te proporcione una intensa explosi\u00f3n de energ\u00eda, la coca\u00edna crack es la droga para ti. El crack de coca\u00edna es un potente estimulante que se deriva de la planta de coca. Produce efectos intensos a corto plazo, que incluyen euforia y aumento de la energ\u00eda. Entonces, \u00bfest\u00e1s buscando\u00a0<a href=\"https:\/\/narcopowders.com\/es\/producto\/crack-cocaina\/\"><strong>comprar crack por internet<\/strong><\/a>? If so, <a href=\"https:\/\/narcopowders.com\/es\/\">Narc\u00f3ticos en polv<\/a> ? Si es as\u00ed, Narco Powders es su ventanilla \u00fanica para todo lo relacionado con\u00a0<a href=\"https:\/\/www.bing.com\/search?q=Buy%20Crack%20Cocaine%20Online&amp;qs=n&amp;form=QBRE&amp;sp=-1&amp;lq=0&amp;pq=buy%20crack%20cocaine%20online&amp;sc=0-24&amp;sk=&amp;cvid=5A9C510B114D4A079A7AC55020730BE4&amp;ghsh=0&amp;ghacc=0&amp;ghpl=\"><strong>crack de coca\u00edna en l\u00ednea<\/strong><\/a>.<\/p>\n<h3 style=\"text-align: justify;\">\u00bfDe qu\u00e9 est\u00e1 hecha la coca\u00edna crack?<\/h3>\n<p style=\"text-align: justify;\"><a href=\"https:\/\/www.google.com\/search?q=Buy+Crack+Cocaine+Online&amp;num=10&amp;sca_esv=1a2a07081c7891bb&amp;rlz=1C1RXQR_enIN1098IN1098&amp;sxsrf=AHTn8zqSQPNqBnznlXjjKSal3EstteuNmw%3A1741685751392&amp;ei=9wPQZ7LZF47U1e8P8drDiQ0&amp;ved=0ahUKEwjysJaE3YGMAxUOavUHHXHtMNEQ4dUDCBA&amp;uact=5&amp;oq=Buy+Crack+Cocaine+Online&amp;gs_lp=Egxnd3Mtd2l6LXNlcnAiGEJ1eSBDcmFjayBDb2NhaW5lIE9ubGluZUjMB1DBA1jBA3ACeACQAQCYAc8BoAHPAaoBAzItMbgBA8gBAPgBAvgBAZgCAKACAJgDAIgGAZIHAKAHTA&amp;sclient=gws-wiz-serp\">Coca\u00edna<\/a> Es un tipo de estimulante que se extrae de las hojas del arbusto de coca. A menudo se vende como \"<a href=\"https:\/\/en.wikipedia.org\/wiki\/Cocaine\">coca\u00edna crack<\/a>\u201d, que es una mezcla de coca\u00edna y agua. Con su amplia selecci\u00f3n de bebidas de alta calidad <a href=\"https:\/\/www.bing.com\/search?q=Buy%20Crack%20Cocaine%20Online&amp;qs=n&amp;form=QBRE&amp;sp=-1&amp;lq=0&amp;pq=buy%20crack%20cocaine%20online&amp;sc=0-24&amp;sk=&amp;cvid=5A9C510B114D4A079A7AC55020730BE4&amp;ghsh=0&amp;ghacc=0&amp;ghpl=\"><strong>crack cocaina a granel<\/strong><\/a>, m\u00e9todos de pago seguros y entrega discreta, Narco Powders es la mejor opci\u00f3n para cualquiera que desee comprar esta potente sustancia de manera segura.<\/p>\n<h3 style=\"text-align: justify;\">Beneficios de la coca\u00edna crack<\/h3>\n<p style=\"text-align: justify;\"><a href=\"https:\/\/www.google.com\/search?q=Buy+Crack+Cocaine+Online&amp;num=10&amp;sca_esv=1a2a07081c7891bb&amp;rlz=1C1RXQR_enIN1098IN1098&amp;sxsrf=AHTn8zqSQPNqBnznlXjjKSal3EstteuNmw%3A1741685751392&amp;ei=9wPQZ7LZF47U1e8P8drDiQ0&amp;ved=0ahUKEwjysJaE3YGMAxUOavUHHXHtMNEQ4dUDCBA&amp;uact=5&amp;oq=Buy+Crack+Cocaine+Online&amp;gs_lp=Egxnd3Mtd2l6LXNlcnAiGEJ1eSBDcmFjayBDb2NhaW5lIE9ubGluZUjMB1DBA1jBA3ACeACQAQCYAc8BoAHPAaoBAzItMbgBA8gBAPgBAvgBAZgCAKACAJgDAIgGAZIHAKAHTA&amp;sclient=gws-wiz-serp\">Crack cocaine<\/a> La coca\u00edna crack es una de las drogas m\u00e1s populares en el mercado, y por una buena raz\u00f3n. Es una manera r\u00e1pida y f\u00e1cil de obtener un subid\u00f3n intenso que dura m\u00e1s que otras drogas. A diferencia de otras drogas, en las que a veces los efectos pueden tardar horas en aparecer, el crack produce una reacci\u00f3n inmediata. Podr\u00e1s sentir los efectos en cuesti\u00f3n de minutos, lo que significa que podr\u00e1s empezar a disfrutar de tu subid\u00f3n de inmediato. Adem\u00e1s, en comparaci\u00f3n con otras drogas como la marihuana o el \u00e9xtasis, se sabe que el crack aumenta la creatividad y la intensidad de los sentimientos. <a href=\"https:\/\/duckduckgo.com\/?q=Buy+Crack+Cocaine+Online&amp;t=h_&amp;ia=web\">coca\u00edna crack<\/a> Se sabe que aumenta la creatividad y la intensidad de los sentimientos.<\/p>\n<p style=\"text-align: justify;\">En Narco Polvos, ofrecemos alta calidad\u00a0<strong><a href=\"https:\/\/duckduckgo.com\/?q=Buy+Crack+Cocaine+Online&amp;t=h_&amp;ia=web\">crack de cocaina a la venta<\/a>\u00a0<\/strong>en l\u00ednea a un bajo costo que es accesible a los usuarios en todos los pa\u00edses. Nuestra coca\u00edna crack est\u00e1 hecha con los est\u00e1ndares de pureza m\u00e1s altos posibles, por lo que puede confiar en que est\u00e1 obteniendo los mejores resultados posibles.<\/p>\n<h3 style=\"text-align: justify;\">Efectos secundarios de la coca\u00edna crack<\/h3>\n<p style=\"text-align: justify;\">El crack es una droga altamente adictiva y peligrosa que puede tener graves consecuencias para la salud. Los efectos secundarios a corto y largo plazo de la coca\u00edna crack incluyen adicci\u00f3n, problemas de salud mental y muerte. El crack de coca\u00edna tambi\u00e9n puede causar efectos f\u00edsicos a corto plazo, como aumento del ritmo card\u00edaco, paranoia y violencia. Es posible que los efectos secundarios a largo plazo no se manifiesten durante a\u00f1os despu\u00e9s de haber comenzado a consumir crack, por lo que es importante conocer los riesgos antes de tomar este medicamento.<\/p>\n<h3 style=\"text-align: justify;\">Comprar crack de coca\u00edna en l\u00ednea de Narco Polvos<\/h3>\n<p style=\"text-align: justify;\">\u00bfBuscas una forma de drogarte? Echa un vistazo a Narco Powders, el destino en l\u00ednea para productos de calidad controlada. <strong>crack coca\u00edna al por mayor<\/strong>. Ofrecemos una amplia variedad de productos, incluida la coca\u00edna crack en peque\u00f1as cantidades hasta cantidades de kilogramos. Adem\u00e1s, nuestro\u00a0<strong>precio de la cocaina crack<\/strong> es imbatible: no encontrar\u00e1 una mejor oferta en ning\u00fan otro lugar.<\/p>\n<p style=\"text-align: justify;\">Entendemos que la privacidad es importante, por eso cuidamos mucho el empaque de nuestros productos para que lleguen seguros y discretos. Esperamos que considere usar Narco Powders como su fuente de referencia para\u00a0<strong>ordenar crack de coca\u00edna en l\u00ednea<\/strong>.<\/p>","protected":false},"excerpt":{"rendered":"<p>Buy Crack Cocaine Online If you&#8217;re looking for a high that will give you an intense burst of energy, crack cocaine is the drug for you. Crack cocaine is a potent stimulant that is derived from the coca plant. It produces intense, short-term effects, including euphoria and increased energy. So, are you looking to\u00a0buy crack [&hellip;]<\/p>","protected":false},"featured_media":19114,"comment_status":"open","ping_status":"closed","template":"","meta":{"_joinchat":[]},"product_brand":[],"product_cat":[1179],"product_tag":[1234,1228,1237,1240,1241,1239,1231,1236,1230,1229,1242,1235,1243,1232,1238,1233],"class_list":{"0":"post-19099","1":"product","2":"type-product","3":"status-publish","4":"has-post-thumbnail","6":"product_cat-buy-cocaine-online","7":"product_tag-benefits-of-crack-cocaine","8":"product_tag-best-place-to-order-crack-cocaine","9":"product_tag-buy-crack-cocaine-legally","10":"product_tag-buy-crack-cocaine-online-australia","11":"product_tag-buy-crack-cocaine-online-near-me","12":"product_tag-buy-crack-cocaine-online-usa","13":"product_tag-cheap-crack-cocaine","14":"product_tag-crack-cocaine-for-sale","15":"product_tag-crack-cocaine-price","16":"product_tag-crack-cocaine-wholesale","17":"product_tag-how-can-i-get-the-best-crack-cocaine","18":"product_tag-how-to-order-crack-cocaine","19":"product_tag-legit-crack-cocaine-online","20":"product_tag-what-is-crack-cocaine","21":"product_tag-where-can-i-buy-crack-cocaine","22":"product_tag-where-to-buy-crack-cocaine","24":"first","25":"instock","26":"shipping-taxable","27":"purchasable","28":"product-type-variable","29":"add-to-wishlist-after_add_to_cart"},"yoast_head":"<!-- This site is optimized with the Yoast SEO plugin v25.9 - https:\/\/yoast.com\/wordpress\/plugins\/seo\/ -->\n<title>Buy Crack Cocaine Online - Crack Cocaine for Sale Online<\/title>\n<meta name=\"description\" content=\"Looking for the best quality crack cocaine for sale in bulk quantity? At here, you can buy crack cocaine online with highest purity at the best price. Order Now!\" \/>\n<meta name=\"robots\" content=\"index, follow, max-snippet:-1, max-image-preview:large, max-video-preview:-1\" \/>\n<link rel=\"canonical\" href=\"https:\/\/narcopowders.com\/es\/producto\/crack-cocaina\/\" \/>\n<meta property=\"og:locale\" content=\"es_ES\" \/>\n<meta property=\"og:type\" content=\"article\" \/>\n<meta property=\"og:title\" content=\"Buy Crack Cocaine Online - Crack Cocaine for Sale Online\" \/>\n<meta property=\"og:description\" content=\"Looking for the best quality crack cocaine for sale in bulk quantity? At here, you can buy crack cocaine online with highest purity at the best price. Order Now!\" \/>\n<meta property=\"og:url\" content=\"https:\/\/narcopowders.com\/es\/producto\/crack-cocaina\/\" \/>\n<meta property=\"og:site_name\" content=\"Narco Powders\" \/>\n<meta property=\"article:modified_time\" content=\"2025-03-25T11:59:16+00:00\" \/>\n<meta property=\"og:image\" content=\"https:\/\/narcopowders.com\/wp-content\/uploads\/2023\/01\/crack-cocaine.jpg\" \/>\n\t<meta property=\"og:image:width\" content=\"600\" \/>\n\t<meta property=\"og:image:height\" content=\"600\" \/>\n\t<meta property=\"og:image:type\" content=\"image\/jpeg\" \/>\n<meta name=\"twitter:card\" content=\"summary_large_image\" \/>\n<meta name=\"twitter:label1\" content=\"Tiempo de lectura\" \/>\n\t<meta name=\"twitter:data1\" content=\"3 minutos\" \/>\n<!-- \/ Yoast SEO plugin. -->","yoast_head_json":{"title":"Comprar crack de coca\u00edna en l\u00ednea - Venta de crack de coca\u00edna en l\u00ednea","description":"\u00bfEst\u00e1 buscando crack de la mejor calidad para la venta a granel? Aqu\u00ed puedes comprar crack en l\u00ednea con la mayor pureza al mejor precio. \u00a1Ordenar ahora!","robots":{"index":"index","follow":"follow","max-snippet":"max-snippet:-1","max-image-preview":"max-image-preview:large","max-video-preview":"max-video-preview:-1"},"canonical":"https:\/\/narcopowders.com\/es\/producto\/crack-cocaina\/","og_locale":"es_ES","og_type":"article","og_title":"Buy Crack Cocaine Online - Crack Cocaine for Sale Online","og_description":"Looking for the best quality crack cocaine for sale in bulk quantity? At here, you can buy crack cocaine online with highest purity at the best price. Order Now!","og_url":"https:\/\/narcopowders.com\/es\/producto\/crack-cocaina\/","og_site_name":"Narco Powders","article_modified_time":"2025-03-25T11:59:16+00:00","og_image":[{"width":600,"height":600,"url":"https:\/\/narcopowders.com\/wp-content\/uploads\/2023\/01\/crack-cocaine.jpg","type":"image\/jpeg"}],"twitter_card":"summary_large_image","twitter_misc":{"Tiempo de lectura":"3 minutos"},"schema":{"@context":"https:\/\/schema.org","@graph":[{"@type":"WebPage","@id":"https:\/\/narcopowders.com\/product\/crack-cocaine\/","url":"https:\/\/narcopowders.com\/product\/crack-cocaine\/","name":"Comprar crack de coca\u00edna en l\u00ednea - Venta de crack de coca\u00edna en l\u00ednea","isPartOf":{"@id":"https:\/\/narcopowders.com\/#website"},"primaryImageOfPage":{"@id":"https:\/\/narcopowders.com\/product\/crack-cocaine\/#primaryimage"},"image":{"@id":"https:\/\/narcopowders.com\/product\/crack-cocaine\/#primaryimage"},"thumbnailUrl":"https:\/\/narcopowders.com\/wp-content\/uploads\/2023\/01\/crack-cocaine.jpg","datePublished":"2023-01-02T10:01:34+00:00","dateModified":"2025-03-25T11:59:16+00:00","description":"\u00bfEst\u00e1 buscando crack de la mejor calidad para la venta a granel? Aqu\u00ed puedes comprar crack en l\u00ednea con la mayor pureza al mejor precio. \u00a1Ordenar ahora!","breadcrumb":{"@id":"https:\/\/narcopowders.com\/product\/crack-cocaine\/#breadcrumb"},"inLanguage":"es","potentialAction":[{"@type":"ReadAction","target":["https:\/\/narcopowders.com\/product\/crack-cocaine\/"]}]},{"@type":"ImageObject","inLanguage":"es","@id":"https:\/\/narcopowders.com\/product\/crack-cocaine\/#primaryimage","url":"https:\/\/narcopowders.com\/wp-content\/uploads\/2023\/01\/crack-cocaine.jpg","contentUrl":"https:\/\/narcopowders.com\/wp-content\/uploads\/2023\/01\/crack-cocaine.jpg","width":600,"height":600,"caption":"Buy Crack Cocaine Online"},{"@type":"BreadcrumbList","@id":"https:\/\/narcopowders.com\/product\/crack-cocaine\/#breadcrumb","itemListElement":[{"@type":"ListItem","position":1,"name":"Home","item":"https:\/\/narcopowders.com\/"},{"@type":"ListItem","position":2,"name":"Shop Page","item":"https:\/\/narcopowders.com\/shop\/"},{"@type":"ListItem","position":3,"name":"Buy Crack Cocaine Online"}]},{"@type":"WebSite","@id":"https:\/\/narcopowders.com\/#website","url":"https:\/\/narcopowders.com\/","name":"Narc\u00f3ticos en polv","description":"Mi blog de WordPress","potentialAction":[{"@type":"SearchAction","target":{"@type":"EntryPoint","urlTemplate":"https:\/\/narcopowders.com\/?s={search_term_string}"},"query-input":{"@type":"PropertyValueSpecification","valueRequired":true,"valueName":"search_term_string"}}],"inLanguage":"es"}]}},"_links":{"self":[{"href":"https:\/\/narcopowders.com\/es\/wp-json\/wp\/v2\/product\/19099","targetHints":{"allow":["GET"]}}],"collection":[{"href":"https:\/\/narcopowders.com\/es\/wp-json\/wp\/v2\/product"}],"about":[{"href":"https:\/\/narcopowders.com\/es\/wp-json\/wp\/v2\/types\/product"}],"replies":[{"embeddable":true,"href":"https:\/\/narcopowders.com\/es\/wp-json\/wp\/v2\/comments?post=19099"}],"wp:featuredmedia":[{"embeddable":true,"href":"https:\/\/narcopowders.com\/es\/wp-json\/wp\/v2\/media\/19114"}],"wp:attachment":[{"href":"https:\/\/narcopowders.com\/es\/wp-json\/wp\/v2\/media?parent=19099"}],"wp:term":[{"taxonomy":"product_brand","embeddable":true,"href":"https:\/\/narcopowders.com\/es\/wp-json\/wp\/v2\/product_brand?post=19099"},{"taxonomy":"product_cat","embeddable":true,"href":"https:\/\/narcopowders.com\/es\/wp-json\/wp\/v2\/product_cat?post=19099"},{"taxonomy":"product_tag","embeddable":true,"href":"https:\/\/narcopowders.com\/es\/wp-json\/wp\/v2\/product_tag?post=19099"}],"curies":[{"name":"wp","href":"https:\/\/api.w.org\/{rel}","templated":true}]}}