{"id":19143,"date":"2023-01-02T10:32:03","date_gmt":"2023-01-02T10:32:03","guid":{"rendered":"https:\/\/nembutalhouse.com\/narco\/?post_type=product&#038;p=19143"},"modified":"2025-03-25T12:12:25","modified_gmt":"2025-03-25T12:12:25","slug":"mexican-cocaine","status":"publish","type":"product","link":"https:\/\/narcopowders.com\/es\/producto\/la-cocaina-mexicana\/","title":{"rendered":"Coca\u00edna Mexicana"},"content":{"rendered":"<h2 style=\"text-align: justify;\">Comprar Coca\u00edna Mexicana Online<\/h2>\n<p style=\"text-align: justify;\"><a href=\"https:\/\/narcopowders.com\/es\/producto\/la-cocaina-mexicana\/\">Comprar coca\u00edna mexicana en l\u00ednea<\/a> Puede ser una forma c\u00f3moda y segura de conseguir la droga sin la molestia de tener que recurrir a traficantes o al mercado negro local. As\u00ed que, si buscas... <a href=\"https:\/\/en.wikipedia.org\/wiki\/Cocaine\">comprar coca\u00edna mexicana<\/a> pero no sabes por d\u00f3nde empezar, simplemente p\u00eddelo en <a href=\"https:\/\/narcopowders.com\/es\/\">Narc\u00f3ticos en polv<\/a> entregado a su puerta<\/p>\n<h3 style=\"text-align: justify;\">\u00bfC\u00f3mo se fabrica la coca\u00edna mexicana?<\/h3>\n<p style=\"text-align: justify;\">Cuando se trata de coca\u00edna, hay dos tipos principales: <a href=\"https:\/\/www.google.com\/search?q=Buy+Mexican+Cocaine+Online&amp;sca_esv=7d1b82273738a5db&amp;sxsrf=AHTn8zrOEJcwDVhvBE3s-JXt16XoqfXjWA%3A1742903734929&amp;ei=tpniZ5a-OPuPseMPtLbd2Qk&amp;ved=0ahUKEwiW8f2vlqWMAxX7R2wGHTRbN5sQ4dUDCA8&amp;uact=5&amp;oq=Buy+Mexican+Cocaine+Online&amp;gs_lp=Egxnd3Mtd2l6LXNlcnAiGkJ1eSBNZXhpY2FuIENvY2FpbmUgT25saW5lSMcKUMICWMICcAF4AJABAJgB4gGgAeIBqgEDMi0xuAEDyAEA-AEB-AECmAIBoAImqAIRwgIHECMYJxjqAsICFBAAGIAEGJECGLQCGIoFGOoC2AEBwgIUEAAYgAQY4wQYtAIY6QQY6gLYAQHCAhAQABgDGLQCGOoCGI8B2AEBmAMm8QXTO8dKiwwkxLoGBggBEAEYAZIHATGgB1ayBwC4BwA&amp;sclient=gws-wiz-serp\">Colombian and Mexican<\/a>Cuando se trata de coca\u00edna, hay dos tipos principales: colombiana y mexicana. La coca\u00edna mexicana se elabora con hojas de coca o semillas de amapola, mientras que la coca\u00edna colombiana se elabora con las hojas del arbusto de coca africano.<\/p>\n<p style=\"text-align: justify;\">El proceso de fabricaci\u00f3n de la coca\u00edna mexicana es un poco m\u00e1s complicado que el de la coca\u00edna colombiana. Primero, las hojas de coca se secan y luego se trituran hasta convertirlas en polvo. Luego, este polvo se mezcla con agua y otros ingredientes, como az\u00facar y sal, para crear una suspensi\u00f3n. Luego, la mezcla se hierve hasta que se forma una pasta espesa que se puede moldear en tabletas o bloques.<\/p>\n<p style=\"text-align: justify;\">La coca\u00edna mexicana a menudo se procesa de diferentes maneras. La coca\u00edna mexicana puede disolverse en solventes antes de inyectarse o fumarse.<\/p>\n<p style=\"text-align: justify;\">cuando decidas\u00a0<a href=\"https:\/\/www.google.com\/search?q=Buy+Mexican+Cocaine+Online&amp;sca_esv=7d1b82273738a5db&amp;sxsrf=AHTn8zrOEJcwDVhvBE3s-JXt16XoqfXjWA%3A1742903734929&amp;ei=tpniZ5a-OPuPseMPtLbd2Qk&amp;ved=0ahUKEwiW8f2vlqWMAxX7R2wGHTRbN5sQ4dUDCA8&amp;uact=5&amp;oq=Buy+Mexican+Cocaine+Online&amp;gs_lp=Egxnd3Mtd2l6LXNlcnAiGkJ1eSBNZXhpY2FuIENvY2FpbmUgT25saW5lSMcKUMICWMICcAF4AJABAJgB4gGgAeIBqgEDMi0xuAEDyAEA-AEB-AECmAIBoAImqAIRwgIHECMYJxjqAsICFBAAGIAEGJECGLQCGIoFGOoC2AEBwgIUEAAYgAQY4wQYtAIY6QQY6gLYAQHCAhAQABgDGLQCGOoCGI8B2AEBmAMm8QXTO8dKiwwkxLoGBggBEAEYAZIHATGgB1ayBwC4BwA&amp;sclient=gws-wiz-serp\"><strong>ordene cocaina mexicana en linea<\/strong><\/a> de Narco Powders, siga las precauciones de seguridad que se enumeran en el sitio web. Por ejemplo, utilice siempre agujas limpias y evite inyectar el medicamento en heridas abiertas, ya que esto podr\u00eda provocar infecciones y otros problemas de salud. Adem\u00e1s, use siempre la prevenci\u00f3n cuando participe en actividades sexuales con alguien que haya usado\u00a0<a href=\"https:\/\/www.bing.com\/search?q=Buy%20Mexican%20Cocaine%20Online&amp;qs=n&amp;form=QBRE&amp;sp=-1&amp;lq=0&amp;pq=buy%20mexican%20cocaine%20online&amp;sc=0-26&amp;sk=&amp;cvid=30445049258541C1B95213C1128F1914&amp;ghsh=0&amp;ghacc=0&amp;ghpl=\"><strong>cocaina mexicana en linea<\/strong><\/a>\u00a0recientemente.<\/p>\n<h3 style=\"text-align: justify;\">Beneficios de la Coca\u00edna Mexicana<\/h3>\n<p style=\"text-align: justify;\"><a href=\"https:\/\/www.bing.com\/search?q=Buy%20Mexican%20Cocaine%20Online&amp;qs=n&amp;form=QBRE&amp;sp=-1&amp;lq=0&amp;pq=buy%20mexican%20cocaine%20online&amp;sc=0-26&amp;sk=&amp;cvid=30445049258541C1B95213C1128F1914&amp;ghsh=0&amp;ghacc=0&amp;ghpl=\">Mexican cocaine<\/a> La coca\u00edna mexicana es una de las formas m\u00e1s populares de coca\u00edna en el mercado. Tiene un efecto fuerte y duradero, es la mejor calidad disponible y viene con el corte perfecto. Adem\u00e1s, es menos probable que la coca\u00edna mexicana contenga impurezas o adulterantes que otros tipos de coca\u00edna. Esto significa que es m\u00e1s f\u00e1cil de usar y lleva menos tiempo producirlo. Finalmente, la coca\u00edna mexicana se puede almacenar durante mucho tiempo sin degradarse o volverse inutilizable, lo que la convierte en una opci\u00f3n ideal para aquellos que necesitan narc\u00f3ticos sobre la marcha.<\/p>\n<h3 style=\"text-align: justify;\">Efectos secundarios de la coca\u00edna mexicana<\/h3>\n<p style=\"text-align: justify;\"><a href=\"https:\/\/duckduckgo.com\/?q=Buy+Mexican+Cocaine+Online&amp;t=h_&amp;ia=web\">La coca\u00edna mexicana es una droga poderosa y adictiva.<\/a> La coca\u00edna mexicana es una droga poderosa y adictiva que puede tener efectos secundarios graves. Al igual que con cualquier adicci\u00f3n, el uso regular de coca\u00edna mexicana puede provocar un aumento del ritmo card\u00edaco, sudoraci\u00f3n y pupilas dilatadas. En casos extremos, pueden presentarse n\u00e1useas, ansiedad, llagas en la boca y convulsiones. La dependencia f\u00edsica es un riesgo potencial del uso de este medicamento, as\u00ed que tenga cuidado de no exceder las dosis recomendadas.<\/p>\n<h3 style=\"text-align: justify;\">\u00bfD\u00f3nde comprar coca\u00edna mexicana en l\u00ednea?<\/h3>\n<p style=\"text-align: justify;\">Cuando buscas alta calidad\u00a0<a href=\"https:\/\/duckduckgo.com\/?q=Buy+Mexican+Cocaine+Online&amp;t=h_&amp;ia=web\"><strong>Venta de cocaina mexicana<\/strong><\/a>, no hay mejor lugar para acudir que Narco Powders. Aqu\u00ed encontrar\u00e1s todas las variedades de coca\u00edna mexicana, desde polvo blanco hasta crack. Con nuestra amplia variedad de productos, tiene la garant\u00eda de encontrar el grado y el tipo de coca\u00edna adecuados para sus necesidades. Adem\u00e1s, ofrecemos una amplia gama de opciones de pago, incluidas transferencias bancarias y bitcoin, para que pueda comprar medicamentos con la m\u00e1xima seguridad y tranquilidad.<\/p>","protected":false},"excerpt":{"rendered":"<p>Buy Mexican Cocaine Online Buying Mexican cocaine online can be a convenient and safe way to get the drug without the hassle of having to go through dealers or the local black market. So, if you are looking to buy Mexican cocaine but don&#8217;t know where to start, just order it on Narco Powders and [&hellip;]<\/p>","protected":false},"featured_media":19197,"comment_status":"open","ping_status":"closed","template":"","meta":{"_joinchat":[]},"product_brand":[],"product_cat":[1179],"product_tag":[1282,1276,1285,1288,1289,1287,1279,1290,1283,1291,1284,1278,1277,1280,1286,1281],"class_list":{"0":"post-19143","1":"product","2":"type-product","3":"status-publish","4":"has-post-thumbnail","6":"product_cat-buy-cocaine-online","7":"product_tag-benefits-of-mexican-cocaine","8":"product_tag-best-place-to-order-mexican-cocaine","9":"product_tag-buy-mexican-cocaine-legally","10":"product_tag-buy-mexican-cocaine-online-australia","11":"product_tag-buy-mexican-cocaine-online-near-me","12":"product_tag-buy-mexican-cocaine-online-usa","13":"product_tag-cheap-mexican-cocaine","14":"product_tag-how-can-i-get-the-best-mexican-cocaine","15":"product_tag-how-to-order-mexican-cocaine","16":"product_tag-legit-mexican-cocaine-online","17":"product_tag-mexican-cocaine-for-sale","18":"product_tag-mexican-cocaine-price","19":"product_tag-mexican-cocaine-wholesale","20":"product_tag-what-is-mexican-cocaine","21":"product_tag-where-can-i-buy-mexican-cocaine","22":"product_tag-where-to-buy-mexican-cocaine","24":"first","25":"instock","26":"shipping-taxable","27":"purchasable","28":"product-type-variable","29":"add-to-wishlist-after_add_to_cart"},"yoast_head":"<!-- This site is optimized with the Yoast SEO plugin v25.9 - https:\/\/yoast.com\/wordpress\/plugins\/seo\/ -->\n<title>Buy Mexican Cocaine Online - Mexican Cocaine for Sale Online<\/title>\n<meta name=\"description\" content=\"You can buy mexican cocaine online in bulk quantity at wholesale price here. Get the best purity mexican cocaine powder for sale. Order today!\" \/>\n<meta name=\"robots\" content=\"index, follow, max-snippet:-1, max-image-preview:large, max-video-preview:-1\" \/>\n<link rel=\"canonical\" href=\"https:\/\/narcopowders.com\/es\/producto\/la-cocaina-mexicana\/\" \/>\n<meta property=\"og:locale\" content=\"es_ES\" \/>\n<meta property=\"og:type\" content=\"article\" \/>\n<meta property=\"og:title\" content=\"Buy Mexican Cocaine Online - Mexican Cocaine for Sale Online\" \/>\n<meta property=\"og:description\" content=\"You can buy mexican cocaine online in bulk quantity at wholesale price here. Get the best purity mexican cocaine powder for sale. Order today!\" \/>\n<meta property=\"og:url\" content=\"https:\/\/narcopowders.com\/es\/producto\/la-cocaina-mexicana\/\" \/>\n<meta property=\"og:site_name\" content=\"Narco Powders\" \/>\n<meta property=\"article:modified_time\" content=\"2025-03-25T12:12:25+00:00\" \/>\n<meta property=\"og:image\" content=\"https:\/\/narcopowders.com\/wp-content\/uploads\/2023\/01\/mexican-cocaine.jpg\" \/>\n\t<meta property=\"og:image:width\" content=\"600\" \/>\n\t<meta property=\"og:image:height\" content=\"600\" \/>\n\t<meta property=\"og:image:type\" content=\"image\/jpeg\" \/>\n<meta name=\"twitter:card\" content=\"summary_large_image\" \/>\n<meta name=\"twitter:label1\" content=\"Tiempo de lectura\" \/>\n\t<meta name=\"twitter:data1\" content=\"3 minutos\" \/>\n<!-- \/ Yoast SEO plugin. -->","yoast_head_json":{"title":"Comprar Coca\u00edna Mexicana Online - Venta de Coca\u00edna Mexicana Online","description":"Puede comprar coca\u00edna mexicana en l\u00ednea a granel a precio mayorista aqu\u00ed. Consigue la mejor pureza en polvo de cocaina mexicana a la venta. \u00a1Ordenar hoy!","robots":{"index":"index","follow":"follow","max-snippet":"max-snippet:-1","max-image-preview":"max-image-preview:large","max-video-preview":"max-video-preview:-1"},"canonical":"https:\/\/narcopowders.com\/es\/producto\/la-cocaina-mexicana\/","og_locale":"es_ES","og_type":"article","og_title":"Buy Mexican Cocaine Online - Mexican Cocaine for Sale Online","og_description":"You can buy mexican cocaine online in bulk quantity at wholesale price here. Get the best purity mexican cocaine powder for sale. Order today!","og_url":"https:\/\/narcopowders.com\/es\/producto\/la-cocaina-mexicana\/","og_site_name":"Narco Powders","article_modified_time":"2025-03-25T12:12:25+00:00","og_image":[{"width":600,"height":600,"url":"https:\/\/narcopowders.com\/wp-content\/uploads\/2023\/01\/mexican-cocaine.jpg","type":"image\/jpeg"}],"twitter_card":"summary_large_image","twitter_misc":{"Tiempo de lectura":"3 minutos"},"schema":{"@context":"https:\/\/schema.org","@graph":[{"@type":"WebPage","@id":"https:\/\/narcopowders.com\/product\/mexican-cocaine\/","url":"https:\/\/narcopowders.com\/product\/mexican-cocaine\/","name":"Comprar Coca\u00edna Mexicana Online - Venta de Coca\u00edna Mexicana Online","isPartOf":{"@id":"https:\/\/narcopowders.com\/#website"},"primaryImageOfPage":{"@id":"https:\/\/narcopowders.com\/product\/mexican-cocaine\/#primaryimage"},"image":{"@id":"https:\/\/narcopowders.com\/product\/mexican-cocaine\/#primaryimage"},"thumbnailUrl":"https:\/\/narcopowders.com\/wp-content\/uploads\/2023\/01\/mexican-cocaine.jpg","datePublished":"2023-01-02T10:32:03+00:00","dateModified":"2025-03-25T12:12:25+00:00","description":"Puede comprar coca\u00edna mexicana en l\u00ednea a granel a precio mayorista aqu\u00ed. Consigue la mejor pureza en polvo de cocaina mexicana a la venta. \u00a1Ordenar hoy!","breadcrumb":{"@id":"https:\/\/narcopowders.com\/product\/mexican-cocaine\/#breadcrumb"},"inLanguage":"es","potentialAction":[{"@type":"ReadAction","target":["https:\/\/narcopowders.com\/product\/mexican-cocaine\/"]}]},{"@type":"ImageObject","inLanguage":"es","@id":"https:\/\/narcopowders.com\/product\/mexican-cocaine\/#primaryimage","url":"https:\/\/narcopowders.com\/wp-content\/uploads\/2023\/01\/mexican-cocaine.jpg","contentUrl":"https:\/\/narcopowders.com\/wp-content\/uploads\/2023\/01\/mexican-cocaine.jpg","width":600,"height":600,"caption":"Buy Mexican Cocaine Online"},{"@type":"BreadcrumbList","@id":"https:\/\/narcopowders.com\/product\/mexican-cocaine\/#breadcrumb","itemListElement":[{"@type":"ListItem","position":1,"name":"Home","item":"https:\/\/narcopowders.com\/"},{"@type":"ListItem","position":2,"name":"Shop Page","item":"https:\/\/narcopowders.com\/shop\/"},{"@type":"ListItem","position":3,"name":"Mexican Cocaine"}]},{"@type":"WebSite","@id":"https:\/\/narcopowders.com\/#website","url":"https:\/\/narcopowders.com\/","name":"Narc\u00f3ticos en polv","description":"Mi blog de WordPress","potentialAction":[{"@type":"SearchAction","target":{"@type":"EntryPoint","urlTemplate":"https:\/\/narcopowders.com\/?s={search_term_string}"},"query-input":{"@type":"PropertyValueSpecification","valueRequired":true,"valueName":"search_term_string"}}],"inLanguage":"es"}]}},"_links":{"self":[{"href":"https:\/\/narcopowders.com\/es\/wp-json\/wp\/v2\/product\/19143","targetHints":{"allow":["GET"]}}],"collection":[{"href":"https:\/\/narcopowders.com\/es\/wp-json\/wp\/v2\/product"}],"about":[{"href":"https:\/\/narcopowders.com\/es\/wp-json\/wp\/v2\/types\/product"}],"replies":[{"embeddable":true,"href":"https:\/\/narcopowders.com\/es\/wp-json\/wp\/v2\/comments?post=19143"}],"wp:featuredmedia":[{"embeddable":true,"href":"https:\/\/narcopowders.com\/es\/wp-json\/wp\/v2\/media\/19197"}],"wp:attachment":[{"href":"https:\/\/narcopowders.com\/es\/wp-json\/wp\/v2\/media?parent=19143"}],"wp:term":[{"taxonomy":"product_brand","embeddable":true,"href":"https:\/\/narcopowders.com\/es\/wp-json\/wp\/v2\/product_brand?post=19143"},{"taxonomy":"product_cat","embeddable":true,"href":"https:\/\/narcopowders.com\/es\/wp-json\/wp\/v2\/product_cat?post=19143"},{"taxonomy":"product_tag","embeddable":true,"href":"https:\/\/narcopowders.com\/es\/wp-json\/wp\/v2\/product_tag?post=19143"}],"curies":[{"name":"wp","href":"https:\/\/api.w.org\/{rel}","templated":true}]}}