{"id":19144,"date":"2023-01-02T10:31:30","date_gmt":"2023-01-02T10:31:30","guid":{"rendered":"https:\/\/nembutalhouse.com\/narco\/?post_type=product&#038;p=19144"},"modified":"2025-03-25T12:01:17","modified_gmt":"2025-03-25T12:01:17","slug":"fishscale-cocaine","status":"publish","type":"product","link":"https:\/\/narcopowders.com\/es\/producto\/escala-de-pescado-cocaina\/","title":{"rendered":"Comprar Coca\u00edna Fishscale en l\u00ednea"},"content":{"rendered":"<h2 style=\"text-align: justify;\">Comprar Coca\u00edna Fishscale en l\u00ednea<\/h2>\n<p style=\"text-align: justify;\"><a href=\"https:\/\/en.wikipedia.org\/wiki\/Cocaine\">Fishscale cocaine<\/a> La coca\u00edna Fishscale es una de las formas m\u00e1s puras de coca\u00edna en el mercado actual y se est\u00e1 volviendo cada vez m\u00e1s popular entre los usuarios que buscan un producto de alta calidad. La coca\u00edna en escamas de pescado tiene un efecto m\u00e1s fuerte que las formas tradicionales de coca\u00edna y, a menudo, se usa en combinaci\u00f3n con otras drogas para aumentar su potencia. Si est\u00e1s buscando\u00a0<a href=\"https:\/\/narcopowders.com\/es\/producto\/escala-de-pescado-cocaina\/\"><strong>comprar cocaina escamas online<\/strong><\/a>\u00a0Al mejor precio, no busques m\u00e1s. <a href=\"https:\/\/narcopowders.com\/es\/\">Narco Powders.<\/a><\/p>\n<h3 style=\"text-align: justify;\">\u00bfC\u00f3mo se fabrica la coca\u00edna Fishscale?<\/h3>\n<p style=\"text-align: justify;\">Si est\u00e1s buscando una nueva forma de drogarte, quiz\u00e1s quieras probar\u00a0<a href=\"https:\/\/www.bing.com\/search?q=Buy%20Fishscale%20Cocaine%20Online&amp;qs=n&amp;form=QBRE&amp;sp=-1&amp;lq=0&amp;pq=buy%20fishscale%20cocaine%20online&amp;sc=0-28&amp;sk=&amp;cvid=8FE7DAB42F414985AD75C408BEAB99B0&amp;ghsh=0&amp;ghacc=0&amp;ghpl=\"><strong>venta de cocaina en escamas de pescado<\/strong><\/a>. Es una coca\u00edna de alta intensidad de color blanco nacarado. Se denomina \u201ccoca\u00edna de escamas de pescado\u201d debido a su apariencia \u00fanica. La coca\u00edna en escamas de pescado se fabrica combinando polvo de coca\u00edna pura con bicarbonato de sodio o anestesia local activa para formar una base, luego calentando esa base hasta que se licua antes de colarla, verterla en moldes y dejarla enfriar. Una vez enfriados, estos moldes producen una sustancia parecida a la masilla que se descompone en secciones de \u201cescamas de pescado\u201d del mismo tama\u00f1o del producto a base de coca\u00edna. Estas secciones pueden descomponerse en polvo o venderse tal cual, creando un gran mercado para aquellos que buscan usarlo con fines recreativos.<a href=\"https:\/\/www.bing.com\/search?q=Buy%20Fishscale%20Cocaine%20Online&amp;qs=n&amp;form=QBRE&amp;sp=-1&amp;lq=0&amp;pq=buy%20fishscale%20cocaine%20online&amp;sc=0-28&amp;sk=&amp;cvid=8FE7DAB42F414985AD75C408BEAB99B0&amp;ghsh=0&amp;ghacc=0&amp;ghpl=\">fishscale<\/a>Secciones del producto a base de coca\u00edna. Estas secciones pueden descomponerse en polvo o venderse tal cual, creando un gran mercado para quienes buscan consumirla con fines recreativos.<\/p>\n<p style=\"text-align: justify;\"><a href=\"https:\/\/www.google.de\/search?q=Buy+Fishscale+Cocaine+Online&amp;sca_esv=1a2a07081c7891bb&amp;rlz=1C1RXQR_enIN1098IN1098&amp;ei=mbPOZ-GmPLTq1e8PlZ_wwAw&amp;ved=0ahUKEwih14GgnP-LAxU0dfUHHZUPHMgQ4dUDCBA&amp;uact=5&amp;oq=Buy+Fishscale+Cocaine+Online&amp;gs_lp=Egxnd3Mtd2l6LXNlcnAiHEJ1eSBGaXNoc2NhbGUgQ29jYWluZSBPbmxpbmVIggdQ4AJY4AJwAngAkAEAmAHNAaABzQGqAQMyLTG4AQPIAQD4AQL4AQGYAgCgAgCYAwCIBgGSBwCgB9MB&amp;sclient=gws-wiz-serp\"><strong>Coca\u00edna en escamas de pescado en l\u00ednea<\/strong><\/a>\u00a0est\u00e1 disponible en Narco Powders, donde puede comprarlo a granel o por gramo.<\/p>\n<h3 style=\"text-align: justify;\">Beneficios y efectos secundarios de la coca\u00edna Fishscale<\/h3>\n<p style=\"text-align: justify;\">Si est\u00e1s buscando una forma potente y adictiva de coca\u00edna, <a href=\"https:\/\/www.google.de\/search?q=Buy+Fishscale+Cocaine+Online&amp;sca_esv=1a2a07081c7891bb&amp;rlz=1C1RXQR_enIN1098IN1098&amp;ei=mbPOZ-GmPLTq1e8PlZ_wwAw&amp;ved=0ahUKEwih14GgnP-LAxU0dfUHHZUPHMgQ4dUDCBA&amp;uact=5&amp;oq=Buy+Fishscale+Cocaine+Online&amp;gs_lp=Egxnd3Mtd2l6LXNlcnAiHEJ1eSBGaXNoc2NhbGUgQ29jYWluZSBPbmxpbmVIggdQ4AJY4AJwAngAkAEAmAHNAaABzQGqAQMyLTG4AQPIAQD4AQL4AQGYAgCgAgCYAwCIBgGSBwCgB9MB&amp;sclient=gws-wiz-serp\">fishscale cocaine<\/a> Es la mejor elecci\u00f3n. <a href=\"https:\/\/www.google.de\/search?q=Buy+Fishscale+Cocaine+Online&amp;sca_esv=1a2a07081c7891bb&amp;rlz=1C1RXQR_enIN1098IN1098&amp;ei=mbPOZ-GmPLTq1e8PlZ_wwAw&amp;ved=0ahUKEwih14GgnP-LAxU0dfUHHZUPHMgQ4dUDCBA&amp;uact=5&amp;oq=Buy+Fishscale+Cocaine+Online&amp;gs_lp=Egxnd3Mtd2l6LXNlcnAiHEJ1eSBGaXNoc2NhbGUgQ29jYWluZSBPbmxpbmVIggdQ4AJY4AJwAngAkAEAmAHNAaABzQGqAQMyLTG4AQPIAQD4AQL4AQGYAgCgAgCYAwCIBgGSBwCgB9MB&amp;sclient=gws-wiz-serp\">Fishscale cocaine<\/a> Tiene varios beneficios que la diferencian de otros tipos de coca\u00edna, incluida su capacidad de producir intensos subidones y bajadas.<\/p>\n<p style=\"text-align: justify;\">La coca\u00edna Fishscale tambi\u00e9n est\u00e1 disponible en alta calidad, por lo que puede estar seguro de que est\u00e1 obteniendo la mejor experiencia posible. Dura alrededor de dos horas cuando se usa, por lo que es perfecto para tomar durante r\u00e1fagas cortas o cuando no tiene tiempo para una dosis completa. No hay preocupaciones legales o de salud asociadas con el uso de la coca\u00edna en escamas de pescado, es solo otro tipo de droga que la gente disfruta usar. <a href=\"https:\/\/duckduckgo.com\/?q=Buy+Fishscale+Cocaine+Online&amp;t=h_&amp;ia=web\">fishscale cocaine<\/a>\u2014Es simplemente otro tipo de droga que la gente disfruta consumir.<\/p>\n<p style=\"text-align: justify;\">La coca\u00edna en escamas de pescado es una poderosa forma de coca\u00edna que se ha vuelto cada vez m\u00e1s popular en los \u00faltimos a\u00f1os. Si bien puede proporcionar un subid\u00f3n intenso, tambi\u00e9n puede tener efectos secundarios potencialmente peligrosos. Es importante comprender c\u00f3mo se fabrica la droga, sus beneficios y riesgos potenciales, y d\u00f3nde comprarla de manera segura antes de consumir coca\u00edna en escamas de pescado. En \u00faltima instancia, depende de las personas tomar decisiones informadas con respecto a su propia salud y bienestar cuando optan por <a href=\"https:\/\/duckduckgo.com\/?q=Buy+Fishscale+Cocaine+Online&amp;t=h_&amp;ia=web\"><strong>pedir coca\u00edna en escamas de pescado en l\u00ednea<\/strong><\/a>\u00a0a granel o en peque\u00f1as cantidades.<\/p>\n<h3 style=\"text-align: justify;\">\u00bfD\u00f3nde comprar coca\u00edna en escamas de pescado en l\u00ednea?<\/h3>\n<p style=\"text-align: justify;\">Mantener las drogas de manera segura es nuestro principal objetivo en Narco Powders, por lo que solo obtenemos coca\u00edna en escamas de pescado de proveedores confiables. Toda nuestra coca\u00edna en escamas de pescado se somete a rigurosos controles de calidad y procedimientos de prueba para garantizar que reciba un producto de alta calidad. Siempre empacamos y enviamos nuestros\u00a0<strong>coca\u00edna en escamas de pescado a la venta en l\u00ednea\u00a0<\/strong>discretamente y tomar todas las medidas para garantizar una entrega segura. Haz tu pedido de\u00a0<strong>coca\u00edna en escamas al por mayor\u00a0<\/strong>\u00a1hoy!<\/p>","protected":false},"excerpt":{"rendered":"<p>Buy Fishscale Cocaine Online Fishscale cocaine is one of the purest forms of cocaine on the market today and is becoming increasingly popular with users looking for a high-quality product. Fishscale cocaine has a stronger effect than traditional forms of cocaine and is often used in combination with other drugs to increase its potency. If [&hellip;]<\/p>","protected":false},"featured_media":19196,"comment_status":"open","ping_status":"closed","template":"","meta":{"_joinchat":[]},"product_brand":[],"product_cat":[1179],"product_tag":[1266,1260,1269,1272,1273,1271,1263,1348,1268,1262,1261,1274,1267,1275,1264,1270,1265],"class_list":{"0":"post-19144","1":"product","2":"type-product","3":"status-publish","4":"has-post-thumbnail","6":"product_cat-buy-cocaine-online","7":"product_tag-benefits-of-fishscale-cocaine","8":"product_tag-best-place-to-order-fishscale-cocaine","9":"product_tag-buy-fishscale-cocaine-legally","10":"product_tag-buy-fishscale-cocaine-online-australia","11":"product_tag-buy-fishscale-cocaine-online-near-me","12":"product_tag-buy-fishscale-cocaine-online-usa","13":"product_tag-cheap-fishscale-cocaine","14":"product_tag-cocaine-fish-scale","15":"product_tag-fishscale-cocaine-for-sale","16":"product_tag-fishscale-cocaine-price","17":"product_tag-fishscale-cocaine-wholesale","18":"product_tag-how-can-i-get-the-best-fishscale-cocaine","19":"product_tag-how-to-order-fishscale-cocaine","20":"product_tag-legit-fishscale-cocaine-online","21":"product_tag-what-is-fishscale-cocaine","22":"product_tag-where-can-i-buy-fishscale-cocaine","23":"product_tag-where-to-buy-fishscale-cocaine","25":"first","26":"instock","27":"shipping-taxable","28":"purchasable","29":"product-type-variable","30":"add-to-wishlist-after_add_to_cart"},"yoast_head":"<!-- This site is optimized with the Yoast SEO plugin v25.9 - https:\/\/yoast.com\/wordpress\/plugins\/seo\/ -->\n<title>Fishscale Cocaine for Sale - Buy Fish scale Cocaine Online<\/title>\n<meta name=\"description\" content=\"Looking for high purity fishscale cocaine for sale in bulk quantity? At here, you can buy fishscale cocaine online, order fishscale cocaine online.\" \/>\n<meta name=\"robots\" content=\"index, follow, max-snippet:-1, max-image-preview:large, max-video-preview:-1\" \/>\n<link rel=\"canonical\" href=\"https:\/\/narcopowders.com\/es\/producto\/escala-de-pescado-cocaina\/\" \/>\n<meta property=\"og:locale\" content=\"es_ES\" \/>\n<meta property=\"og:type\" content=\"article\" \/>\n<meta property=\"og:title\" content=\"Fishscale Cocaine for Sale - Buy Fish scale Cocaine Online\" \/>\n<meta property=\"og:description\" content=\"Looking for high purity fishscale cocaine for sale in bulk quantity? At here, you can buy fishscale cocaine online, order fishscale cocaine online.\" \/>\n<meta property=\"og:url\" content=\"https:\/\/narcopowders.com\/es\/producto\/escala-de-pescado-cocaina\/\" \/>\n<meta property=\"og:site_name\" content=\"Narco Powders\" \/>\n<meta property=\"article:modified_time\" content=\"2025-03-25T12:01:17+00:00\" \/>\n<meta property=\"og:image\" content=\"https:\/\/narcopowders.com\/wp-content\/uploads\/2023\/01\/fishscale-cocaine.jpg\" \/>\n\t<meta property=\"og:image:width\" content=\"600\" \/>\n\t<meta property=\"og:image:height\" content=\"600\" \/>\n\t<meta property=\"og:image:type\" content=\"image\/jpeg\" \/>\n<meta name=\"twitter:card\" content=\"summary_large_image\" \/>\n<meta name=\"twitter:label1\" content=\"Tiempo de lectura\" \/>\n\t<meta name=\"twitter:data1\" content=\"3 minutos\" \/>\n<!-- \/ Yoast SEO plugin. -->","yoast_head_json":{"title":"Coca\u00edna a escala de pescado en venta - Compre coca\u00edna a escala de pescado en l\u00ednea","description":"\u00bfEst\u00e1 buscando coca\u00edna en escamas de pescado de alta pureza para la venta a granel? Aqu\u00ed, puede comprar coca\u00edna en escamas de pescado en l\u00ednea, pedir coca\u00edna en escamas de pescado en l\u00ednea.","robots":{"index":"index","follow":"follow","max-snippet":"max-snippet:-1","max-image-preview":"max-image-preview:large","max-video-preview":"max-video-preview:-1"},"canonical":"https:\/\/narcopowders.com\/es\/producto\/escala-de-pescado-cocaina\/","og_locale":"es_ES","og_type":"article","og_title":"Fishscale Cocaine for Sale - Buy Fish scale Cocaine Online","og_description":"Looking for high purity fishscale cocaine for sale in bulk quantity? At here, you can buy fishscale cocaine online, order fishscale cocaine online.","og_url":"https:\/\/narcopowders.com\/es\/producto\/escala-de-pescado-cocaina\/","og_site_name":"Narco Powders","article_modified_time":"2025-03-25T12:01:17+00:00","og_image":[{"width":600,"height":600,"url":"https:\/\/narcopowders.com\/wp-content\/uploads\/2023\/01\/fishscale-cocaine.jpg","type":"image\/jpeg"}],"twitter_card":"summary_large_image","twitter_misc":{"Tiempo de lectura":"3 minutos"},"schema":{"@context":"https:\/\/schema.org","@graph":[{"@type":"WebPage","@id":"https:\/\/narcopowders.com\/product\/fishscale-cocaine\/","url":"https:\/\/narcopowders.com\/product\/fishscale-cocaine\/","name":"Coca\u00edna a escala de pescado en venta - Compre coca\u00edna a escala de pescado en l\u00ednea","isPartOf":{"@id":"https:\/\/narcopowders.com\/#website"},"primaryImageOfPage":{"@id":"https:\/\/narcopowders.com\/product\/fishscale-cocaine\/#primaryimage"},"image":{"@id":"https:\/\/narcopowders.com\/product\/fishscale-cocaine\/#primaryimage"},"thumbnailUrl":"https:\/\/narcopowders.com\/wp-content\/uploads\/2023\/01\/fishscale-cocaine.jpg","datePublished":"2023-01-02T10:31:30+00:00","dateModified":"2025-03-25T12:01:17+00:00","description":"\u00bfEst\u00e1 buscando coca\u00edna en escamas de pescado de alta pureza para la venta a granel? Aqu\u00ed, puede comprar coca\u00edna en escamas de pescado en l\u00ednea, pedir coca\u00edna en escamas de pescado en l\u00ednea.","breadcrumb":{"@id":"https:\/\/narcopowders.com\/product\/fishscale-cocaine\/#breadcrumb"},"inLanguage":"es","potentialAction":[{"@type":"ReadAction","target":["https:\/\/narcopowders.com\/product\/fishscale-cocaine\/"]}]},{"@type":"ImageObject","inLanguage":"es","@id":"https:\/\/narcopowders.com\/product\/fishscale-cocaine\/#primaryimage","url":"https:\/\/narcopowders.com\/wp-content\/uploads\/2023\/01\/fishscale-cocaine.jpg","contentUrl":"https:\/\/narcopowders.com\/wp-content\/uploads\/2023\/01\/fishscale-cocaine.jpg","width":600,"height":600,"caption":"Fishscale Cocaine for Sale"},{"@type":"BreadcrumbList","@id":"https:\/\/narcopowders.com\/product\/fishscale-cocaine\/#breadcrumb","itemListElement":[{"@type":"ListItem","position":1,"name":"Home","item":"https:\/\/narcopowders.com\/"},{"@type":"ListItem","position":2,"name":"Shop Page","item":"https:\/\/narcopowders.com\/shop\/"},{"@type":"ListItem","position":3,"name":"Buy Fishscale Cocaine Online"}]},{"@type":"WebSite","@id":"https:\/\/narcopowders.com\/#website","url":"https:\/\/narcopowders.com\/","name":"Narc\u00f3ticos en polv","description":"Mi blog de WordPress","potentialAction":[{"@type":"SearchAction","target":{"@type":"EntryPoint","urlTemplate":"https:\/\/narcopowders.com\/?s={search_term_string}"},"query-input":{"@type":"PropertyValueSpecification","valueRequired":true,"valueName":"search_term_string"}}],"inLanguage":"es"}]}},"_links":{"self":[{"href":"https:\/\/narcopowders.com\/es\/wp-json\/wp\/v2\/product\/19144","targetHints":{"allow":["GET"]}}],"collection":[{"href":"https:\/\/narcopowders.com\/es\/wp-json\/wp\/v2\/product"}],"about":[{"href":"https:\/\/narcopowders.com\/es\/wp-json\/wp\/v2\/types\/product"}],"replies":[{"embeddable":true,"href":"https:\/\/narcopowders.com\/es\/wp-json\/wp\/v2\/comments?post=19144"}],"wp:featuredmedia":[{"embeddable":true,"href":"https:\/\/narcopowders.com\/es\/wp-json\/wp\/v2\/media\/19196"}],"wp:attachment":[{"href":"https:\/\/narcopowders.com\/es\/wp-json\/wp\/v2\/media?parent=19144"}],"wp:term":[{"taxonomy":"product_brand","embeddable":true,"href":"https:\/\/narcopowders.com\/es\/wp-json\/wp\/v2\/product_brand?post=19144"},{"taxonomy":"product_cat","embeddable":true,"href":"https:\/\/narcopowders.com\/es\/wp-json\/wp\/v2\/product_cat?post=19144"},{"taxonomy":"product_tag","embeddable":true,"href":"https:\/\/narcopowders.com\/es\/wp-json\/wp\/v2\/product_tag?post=19144"}],"curies":[{"name":"wp","href":"https:\/\/api.w.org\/{rel}","templated":true}]}}