{"id":19217,"date":"2023-01-03T09:19:42","date_gmt":"2023-01-03T09:19:42","guid":{"rendered":"https:\/\/narcopowders.com\/?post_type=product&#038;p=19217"},"modified":"2025-03-25T12:27:06","modified_gmt":"2025-03-25T12:27:06","slug":"afghan-heroin","status":"publish","type":"product","link":"https:\/\/narcopowders.com\/es\/product\/afghan-heroin\/","title":{"rendered":"hero\u00edna afgana"},"content":{"rendered":"<h2 style=\"text-align: justify;\">Comprar hero\u00edna afgana en l\u00ednea<\/h2>\n<p style=\"text-align: justify;\">Cosecha <a href=\"https:\/\/en.wikipedia.org\/wiki\/Heroin\">Afghan heroin<\/a> Recolectar hero\u00edna afgana de los campos de amapolas es ilegal en muchos pa\u00edses, pero esto no impide que las personas obtengan esta droga. De hecho, la hero\u00edna afgana se encuentra entre los tipos de hero\u00edna m\u00e1s populares del mercado, gracias en parte a sus intensos efectos euf\u00f3ricos. Si buscas lo mejor <a href=\"https:\/\/narcopowders.com\/es\/producto\/heroina-afgana\/\"><strong>Hero\u00edna afgana a la venta en l\u00ednea<\/strong><\/a>Entonces no busque m\u00e1s que <a href=\"https:\/\/narcopowders.com\/es\/\">Narc\u00f3ticos en polv<\/a>.<\/p>\n<h3 style=\"text-align: justify;\">\u00bfC\u00f3mo se fabrica la hero\u00edna afgana?<\/h3>\n<p style=\"text-align: justify;\">La hero\u00edna afgana es un tipo de opioide que se elabora a partir del opio. El opio proviene de la planta de amapola y es un <a href=\"https:\/\/www.google.com\/search?q=Buy+Afghan+Heroin+Online&amp;sca_esv=7d1b82273738a5db&amp;sxsrf=AHTn8zoNL9SAp7Ses5ieQ5J3StmSQ-ZOZA%3A1742904303459&amp;ei=75viZ4PlG4iZseMPpM2fyAk&amp;ved=0ahUKEwjDmIq_mKWMAxWITGwGHaTmB5kQ4dUDCA8&amp;uact=5&amp;oq=Buy+Afghan+Heroin+Online&amp;gs_lp=Egxnd3Mtd2l6LXNlcnAiGEJ1eSBBZmdoYW4gSGVyb2luIE9ubGluZUiRCFCqAViqAXABeACQAQCYAd0BoAHdAaoBAzItMbgBA8gBAPgBAfgBApgCAaACJ6gCEcICBxAjGCcY6gLCAhQQABiABBiRAhi0AhiKBRjqAtgBAcICFBAAGIAEGOMEGLQCGOkEGOoC2AEBwgIQEAAYAxi0AhjqAhiPAdgBAcICEBAuGAMYtAIY6gIYjwHYAQGYAyfxBXk66vEMk5S9ugYGCAEQARgBkgcBMaAHVLIHALgHAA&amp;sclient=gws-wiz-serp\">natural source of morphine and codeine<\/a>La hero\u00edna afgana es un tipo de opioide que se elabora a partir del opio. El opio proviene de la planta de amapola y es una fuente natural de morfina y code\u00edna. El proceso de convertir el opio en hero\u00edna afgana implica varios pasos, incluido hervir el opio hasta que se convierte en un alquitr\u00e1n negro pegajoso y luego filtrarlo a trav\u00e9s de una gasa para eliminar las impurezas. Este alquitr\u00e1n negro luego se seca y se tritura hasta convertirlo en polvo antes de formar ladrillos o pastillas.<\/p>\n<p style=\"text-align: justify;\">Hay varias formas diferentes de hero\u00edna afgana, cada una con sus propias cualidades y usos \u00fanicos. <a href=\"https:\/\/duckduckgo.com\/?q=Buy+Afghan+Heroin+Online&amp;t=h_&amp;ia=web\">Hero\u00edna blanca (tambi\u00e9n conocida como \"opio crudo\")<\/a> Hay varias formas diferentes de hero\u00edna afgana, cada una con sus propias cualidades y usos \u00fanicos. La hero\u00edna blanca (tambi\u00e9n conocida como \u201copio crudo\u201d) es el tipo m\u00e1s com\u00fan y, por lo general, tiene una calidad inferior a la de otros tipos de hero\u00edna afgana. La hero\u00edna marr\u00f3n (hecha de alquitr\u00e1n negro parcialmente seco) tiene efectos m\u00e1s fuertes y es m\u00e1s popular entre los usuarios debido a su potencia. La hero\u00edna de color marr\u00f3n oscuro (hecha de alquitr\u00e1n negro completamente seco) tiene los efectos m\u00e1s fuertes de todos, pero tambi\u00e9n tiene el mayor potencial de abuso porque es m\u00e1s dif\u00edcil controlar los niveles de dosis.<\/p>\n<h3 style=\"text-align: justify;\">Beneficios de la hero\u00edna afgana<\/h3>\n<p style=\"text-align: justify;\">Si buscas un subid\u00f3n potente y euf\u00f3rico,\u00a0<a href=\"https:\/\/www.google.com\/search?q=Buy+Afghan+Heroin+Online&amp;sca_esv=7d1b82273738a5db&amp;sxsrf=AHTn8zoNL9SAp7Ses5ieQ5J3StmSQ-ZOZA%3A1742904303459&amp;ei=75viZ4PlG4iZseMPpM2fyAk&amp;ved=0ahUKEwjDmIq_mKWMAxWITGwGHaTmB5kQ4dUDCA8&amp;uact=5&amp;oq=Buy+Afghan+Heroin+Online&amp;gs_lp=Egxnd3Mtd2l6LXNlcnAiGEJ1eSBBZmdoYW4gSGVyb2luIE9ubGluZUiRCFCqAViqAXABeACQAQCYAd0BoAHdAaoBAzItMbgBA8gBAPgBAfgBApgCAaACJ6gCEcICBxAjGCcY6gLCAhQQABiABBiRAhi0AhiKBRjqAtgBAcICFBAAGIAEGOMEGLQCGOkEGOoC2AEBwgIQEAAYAxi0AhjqAhiPAdgBAcICEBAuGAMYtAIY6gIYjwHYAQGYAyfxBXk66vEMk5S9ugYGCAEQARgBkgcBMaAHVLIHALgHAA&amp;sclient=gws-wiz-serp\"><strong>hero\u00edna afgana en l\u00ednea<\/strong><\/a>\u00a0es tu mejor apuesta. Este tipo de hero\u00edna se encuentra entre las variedades m\u00e1s puras y potentes disponibles y, a menudo, es buscada por sus intensos efectos. Como resultado, la hero\u00edna afgana se usa para tratar el dolor cr\u00f3nico y la adicci\u00f3n a los opi\u00e1ceos, condiciones que son muy comunes en la sociedad actual.<\/p>\n<h3 style=\"text-align: justify;\">Efectos secundarios de la hero\u00edna afgana<\/h3>\n<p style=\"text-align: justify;\"><a href=\"https:\/\/www.bing.com\/search?q=Buy%20Afghan%20Heroin%20Online&amp;qs=n&amp;form=QBRE&amp;sp=-1&amp;lq=0&amp;pq=buy%20afghan%20heroin%20online&amp;sc=0-24&amp;sk=&amp;cvid=6B58336F96224C11B4CFC291185C5A1E&amp;ghsh=0&amp;ghacc=0&amp;ghpl=\">La hero\u00edna afgana es un tipo de opioide.<\/a> La hero\u00edna afgana es un tipo de opioide que se deriva de la adormidera, por lo que tambi\u00e9n tiene algunos efectos secundarios. Los efectos secundarios a corto plazo asociados con el uso de hero\u00edna afgana pueden incluir un aumento del ritmo card\u00edaco, aumento de la presi\u00f3n arterial y sentimientos de euforia (el subid\u00f3n que proviene del uso de hero\u00edna). Los problemas de salud a largo plazo relacionados con el consumo de hero\u00edna afgana pueden incluir adicci\u00f3n, infecci\u00f3n cr\u00f3nica por hepatitis C (una enfermedad hep\u00e1tica potencialmente mortal), problemas de salud mental como ansiedad y depresi\u00f3n, y muerte por sobredosis.<\/p>\n<h3 style=\"text-align: justify;\">\u00bfD\u00f3nde comprar hero\u00edna afgana en l\u00ednea?<\/h3>\n<p style=\"text-align: justify;\">\u00bfEst\u00e1s buscando\u00a0<a href=\"https:\/\/duckduckgo.com\/?q=Buy+Afghan+Heroin+Online&amp;t=h_&amp;ia=web\"><strong>ordenar hero\u00edna afgana en l\u00ednea<\/strong><\/a> que es seguro, seguro y discreto? C\u00f3mprelo de Narco Polvos. Tenemos a\u00f1os de experiencia en la industria y ofrecemos una amplia gama de productos de calidad. Puede elegir entre una variedad de productos puros, org\u00e1nicos y probados en laboratorio para encontrar la dosis adecuada para usted. Hay muchas opciones de pago convenientes disponibles, como tarjetas de cr\u00e9dito, PayPal y Western Union, que hacen que comprar\u00a0<a href=\"https:\/\/www.bing.com\/search?q=Buy%20Afghan%20Heroin%20Online&amp;qs=n&amp;form=QBRE&amp;sp=-1&amp;lq=0&amp;pq=buy%20afghan%20heroin%20online&amp;sc=0-24&amp;sk=&amp;cvid=6B58336F96224C11B4CFC291185C5A1E&amp;ghsh=0&amp;ghacc=0&amp;ghpl=\"><strong>Hero\u00edna afgana al por mayor en l\u00ednea<\/strong><\/a>\u00a0f\u00e1cil y conveniente para todos. Entonces, \u00a1haz tu pedido de la mejor hero\u00edna afgana hoy!<\/p>","protected":false},"excerpt":{"rendered":"<p>Buy Afghan Heroin Online Harvesting Afghan heroin from poppy fields is illegal in many countries, but this doesn&#8217;t stop people from getting this drug. In fact, Afghani heroin is among the most popular types of heroin on the market, thanks in part to its intense euphoric effects. If you are looking for the best Afghan [&hellip;]<\/p>\n","protected":false},"featured_media":19243,"comment_status":"open","ping_status":"closed","template":"","meta":{"_joinchat":[]},"product_brand":[],"product_cat":[1168],"product_tag":[],"class_list":{"0":"post-19217","1":"product","2":"type-product","3":"status-publish","4":"has-post-thumbnail","6":"product_cat-buy-heroin-online","8":"first","9":"instock","10":"shipping-taxable","11":"purchasable","12":"product-type-variable","13":"has-default-attributes","14":"add-to-wishlist-after_add_to_cart"},"yoast_head":"<!-- This site is optimized with the Yoast SEO plugin v27.5 - https:\/\/yoast.com\/product\/yoast-seo-wordpress\/ -->\n<title>Buy Afghan Heroin Online - Afghan Heroin for Sale | NarcoPowders<\/title>\n<meta name=\"description\" content=\"Looking to buy afghan heroin online? Order afghan heroin powder for sale at an affordable prices. Get the highest-purity powder for you.\" \/>\n<meta name=\"robots\" content=\"index, follow, max-snippet:-1, max-image-preview:large, max-video-preview:-1\" \/>\n<link rel=\"canonical\" href=\"https:\/\/narcopowders.com\/es\/producto\/heroina-afgana\/\" \/>\n<meta property=\"og:locale\" content=\"es_ES\" \/>\n<meta property=\"og:type\" content=\"article\" \/>\n<meta property=\"og:title\" content=\"Buy Afghan Heroin Online - Afghan Heroin for Sale | NarcoPowders\" \/>\n<meta property=\"og:description\" content=\"Looking to buy afghan heroin online? Order afghan heroin powder for sale at an affordable prices. Get the highest-purity powder for you.\" \/>\n<meta property=\"og:url\" content=\"https:\/\/narcopowders.com\/es\/producto\/heroina-afgana\/\" \/>\n<meta property=\"og:site_name\" content=\"Narco Powders\" \/>\n<meta property=\"article:modified_time\" content=\"2025-03-25T12:27:06+00:00\" \/>\n<meta property=\"og:image\" content=\"https:\/\/narcopowders.com\/wp-content\/uploads\/2023\/01\/afghan-heroin.jpg\" \/>\n\t<meta property=\"og:image:width\" content=\"600\" \/>\n\t<meta property=\"og:image:height\" content=\"600\" \/>\n\t<meta property=\"og:image:type\" content=\"image\/jpeg\" \/>\n<meta name=\"twitter:card\" content=\"summary_large_image\" \/>\n<meta name=\"twitter:label1\" content=\"Tiempo de lectura\" \/>\n\t<meta name=\"twitter:data1\" content=\"3 minutos\" \/>\n<!-- \/ Yoast SEO plugin. -->","yoast_head_json":{"title":"Comprar hero\u00edna afgana en l\u00ednea - Venta de hero\u00edna afgana | narcopolvos","description":"\u00bfBuscando comprar hero\u00edna afgana en l\u00ednea? Ordene hero\u00edna afgana en polvo para la venta a precios asequibles. Obtenga el polvo de mayor pureza para usted.","robots":{"index":"index","follow":"follow","max-snippet":"max-snippet:-1","max-image-preview":"max-image-preview:large","max-video-preview":"max-video-preview:-1"},"canonical":"https:\/\/narcopowders.com\/es\/producto\/heroina-afgana\/","og_locale":"es_ES","og_type":"article","og_title":"Buy Afghan Heroin Online - Afghan Heroin for Sale | NarcoPowders","og_description":"Looking to buy afghan heroin online? Order afghan heroin powder for sale at an affordable prices. Get the highest-purity powder for you.","og_url":"https:\/\/narcopowders.com\/es\/producto\/heroina-afgana\/","og_site_name":"Narco Powders","article_modified_time":"2025-03-25T12:27:06+00:00","og_image":[{"width":600,"height":600,"url":"https:\/\/narcopowders.com\/wp-content\/uploads\/2023\/01\/afghan-heroin.jpg","type":"image\/jpeg"}],"twitter_card":"summary_large_image","twitter_misc":{"Tiempo de lectura":"3 minutos"},"schema":{"@context":"https:\/\/schema.org","@graph":[{"@type":"WebPage","@id":"https:\/\/narcopowders.com\/product\/afghan-heroin\/","url":"https:\/\/narcopowders.com\/product\/afghan-heroin\/","name":"Comprar hero\u00edna afgana en l\u00ednea - Venta de hero\u00edna afgana | narcopolvos","isPartOf":{"@id":"https:\/\/narcopowders.com\/#website"},"primaryImageOfPage":{"@id":"https:\/\/narcopowders.com\/product\/afghan-heroin\/#primaryimage"},"image":{"@id":"https:\/\/narcopowders.com\/product\/afghan-heroin\/#primaryimage"},"thumbnailUrl":"https:\/\/narcopowders.com\/wp-content\/uploads\/2023\/01\/afghan-heroin.jpg","datePublished":"2023-01-03T09:19:42+00:00","dateModified":"2025-03-25T12:27:06+00:00","description":"\u00bfBuscando comprar hero\u00edna afgana en l\u00ednea? Ordene hero\u00edna afgana en polvo para la venta a precios asequibles. Obtenga el polvo de mayor pureza para usted.","breadcrumb":{"@id":"https:\/\/narcopowders.com\/product\/afghan-heroin\/#breadcrumb"},"inLanguage":"es","potentialAction":[{"@type":"ReadAction","target":["https:\/\/narcopowders.com\/product\/afghan-heroin\/"]}]},{"@type":"ImageObject","inLanguage":"es","@id":"https:\/\/narcopowders.com\/product\/afghan-heroin\/#primaryimage","url":"https:\/\/narcopowders.com\/wp-content\/uploads\/2023\/01\/afghan-heroin.jpg","contentUrl":"https:\/\/narcopowders.com\/wp-content\/uploads\/2023\/01\/afghan-heroin.jpg","width":600,"height":600,"caption":"Buy Afghan Heroin Online"},{"@type":"BreadcrumbList","@id":"https:\/\/narcopowders.com\/product\/afghan-heroin\/#breadcrumb","itemListElement":[{"@type":"ListItem","position":1,"name":"Home","item":"https:\/\/narcopowders.com\/"},{"@type":"ListItem","position":2,"name":"Shop Page","item":"https:\/\/narcopowders.com\/shop\/"},{"@type":"ListItem","position":3,"name":"Afghan Heroin"}]},{"@type":"WebSite","@id":"https:\/\/narcopowders.com\/#website","url":"https:\/\/narcopowders.com\/","name":"Narc\u00f3ticos en polv","description":"Mi blog de WordPress","potentialAction":[{"@type":"SearchAction","target":{"@type":"EntryPoint","urlTemplate":"https:\/\/narcopowders.com\/?s={search_term_string}"},"query-input":{"@type":"PropertyValueSpecification","valueRequired":true,"valueName":"search_term_string"}}],"inLanguage":"es"}]}},"_links":{"self":[{"href":"https:\/\/narcopowders.com\/es\/wp-json\/wp\/v2\/product\/19217","targetHints":{"allow":["GET"]}}],"collection":[{"href":"https:\/\/narcopowders.com\/es\/wp-json\/wp\/v2\/product"}],"about":[{"href":"https:\/\/narcopowders.com\/es\/wp-json\/wp\/v2\/types\/product"}],"replies":[{"embeddable":true,"href":"https:\/\/narcopowders.com\/es\/wp-json\/wp\/v2\/comments?post=19217"}],"wp:featuredmedia":[{"embeddable":true,"href":"https:\/\/narcopowders.com\/es\/wp-json\/wp\/v2\/media\/19243"}],"wp:attachment":[{"href":"https:\/\/narcopowders.com\/es\/wp-json\/wp\/v2\/media?parent=19217"}],"wp:term":[{"taxonomy":"product_brand","embeddable":true,"href":"https:\/\/narcopowders.com\/es\/wp-json\/wp\/v2\/product_brand?post=19217"},{"taxonomy":"product_cat","embeddable":true,"href":"https:\/\/narcopowders.com\/es\/wp-json\/wp\/v2\/product_cat?post=19217"},{"taxonomy":"product_tag","embeddable":true,"href":"https:\/\/narcopowders.com\/es\/wp-json\/wp\/v2\/product_tag?post=19217"}],"curies":[{"name":"wp","href":"https:\/\/api.w.org\/{rel}","templated":true}]}}