{"id":19219,"date":"2023-01-03T09:18:43","date_gmt":"2023-01-03T09:18:43","guid":{"rendered":"https:\/\/narcopowders.com\/?post_type=product&#038;p=19219"},"modified":"2025-03-25T12:37:48","modified_gmt":"2025-03-25T12:37:48","slug":"uncut-heroin","status":"publish","type":"product","link":"https:\/\/narcopowders.com\/es\/producto\/sin-cortar-heroina\/","title":{"rendered":"hero\u00edna sin cortar"},"content":{"rendered":"<h2 style=\"text-align: justify;\">Compre hero\u00edna sin cortar en l\u00ednea<\/h2>\n<p style=\"text-align: justify;\"><a href=\"https:\/\/en.wikipedia.org\/wiki\/Heroin\">Uncut heroin<\/a> La hero\u00edna sin cortar se puede comprar en l\u00ednea de ciertos proveedores, pero esto conlleva sus propios riesgos. Entonces, si te has estado preguntando d\u00f3nde comprar hero\u00edna sin cortar en l\u00ednea que sea aut\u00e9ntica y segura, Narco Powders es tu tienda favorita. <a href=\"https:\/\/narcopowders.com\/es\/producto\/sin-cortar-heroina\/\">buy uncut heroin online<\/a> que sea aut\u00e9ntico y seguro,\u00a0<a href=\"https:\/\/narcopowders.com\/es\/\">Narc\u00f3ticos en polv<\/a> is your go-to store.<\/p>\n<h3 style=\"text-align: justify;\">\u00bfC\u00f3mo se fabrica la hero\u00edna sin cortar?<\/h3>\n<p style=\"text-align: justify;\">La hero\u00edna sin cortar se elabora a partir de las vainas secas de la planta de adormidera. <a href=\"https:\/\/www.google.com\/search?q=Buy+Uncut+Heroin+Online&amp;sca_esv=7d1b82273738a5db&amp;sxsrf=AHTn8zqSop3OM4vkMObcHMIO6R9xb_KCdw%3A1742905711939&amp;ei=b6HiZ_v3OKmeseMP__7noQ0&amp;ved=0ahUKEwi769jenaWMAxUpT2wGHX__OdQQ4dUDCA8&amp;uact=5&amp;oq=Buy+Uncut+Heroin+Online&amp;gs_lp=Egxnd3Mtd2l6LXNlcnAiF0J1eSBVbmN1dCBIZXJvaW4gT25saW5lSLkNUIUCWIUCcAF4AJABAJgB2QGgAdkBqgEDMi0xuAEDyAEA-AEB-AECmAIBoAJbqAIQwgIHECMYJxjqAsICFxAAGIAEGJECGLQCGMcDGIoFGOoC2AEBwgIQEAAYAxi0AhjqAhiPAdgBAZgDW_EFrG91rDpW1GO6BgYIARABGAGSBwExoAdTsgcAuAcA&amp;sclient=gws-wiz-serp\">Se cosecha y se procesa para obtener un vino blanco.<\/a>La hero\u00edna sin cortar se elabora a partir de las vainas secas de la planta de adormidera. Se cosecha y se procesa en una sustancia blanca en polvo. Contiene altos niveles de potentes opioides y otras drogas, incluidas la morfina y la code\u00edna. El producto final es un tipo de opio sin refinar y libre de aditivos y agentes de procesamiento adicionales. La potencia de la droga var\u00eda dependiendo de la cantidad de humedad y alcaloides presentes.<\/p>\n<h3 style=\"text-align: justify;\">Beneficios de la hero\u00edna sin cortar<\/h3>\n<p style=\"text-align: justify;\">Si buscas un subid\u00f3n que sea mejor que el resto, la hero\u00edna sin cortar deber\u00eda ser tu elecci\u00f3n. La hero\u00edna sin cortar tiene una mayor potencia y pureza que otros tipos de hero\u00edna, lo que da como resultado mejores efectos y mejores resultados a largo plazo. Adem\u00e1s, se puede personalizar seg\u00fan las necesidades del usuario, creando c\u00f3cteles que ofrecen m\u00e1s control sobre la dosis y la calidad de la droga.<\/p>\n<p style=\"text-align: justify;\"><a href=\"https:\/\/www.bing.com\/search?q=Buy%20Uncut%20Heroin%20Online&amp;qs=n&amp;form=QBRE&amp;sp=-1&amp;lq=0&amp;pq=buy%20uncut%20heroin%20online&amp;sc=0-23&amp;sk=&amp;cvid=C47FB2A3D0B84EA8801EC7F34ACFAE77&amp;ghsh=0&amp;ghacc=0&amp;ghpl=\"><strong>Venta de hero\u00edna sin cortar<\/strong><\/a> en l\u00ednea tambi\u00e9n es m\u00e1s seguro de usar en un entorno controlado. Debido a su mayor potencia, existe un riesgo reducido de sobredosis. Adem\u00e1s, la hero\u00edna sin cortar proporciona menos efectos secundarios y un menor riesgo de adicci\u00f3n que otras formas de hero\u00edna. De hecho, los usuarios incluso han declarado que es m\u00e1s f\u00e1cil encontrar puro y potente\u00a0<strong><a href=\"https:\/\/www.google.com\/search?q=Buy+Uncut+Heroin+Online&amp;sca_esv=7d1b82273738a5db&amp;sxsrf=AHTn8zqSop3OM4vkMObcHMIO6R9xb_KCdw%3A1742905711939&amp;ei=b6HiZ_v3OKmeseMP__7noQ0&amp;ved=0ahUKEwi769jenaWMAxUpT2wGHX__OdQQ4dUDCA8&amp;uact=5&amp;oq=Buy+Uncut+Heroin+Online&amp;gs_lp=Egxnd3Mtd2l6LXNlcnAiF0J1eSBVbmN1dCBIZXJvaW4gT25saW5lSLkNUIUCWIUCcAF4AJABAJgB2QGgAdkBqgEDMi0xuAEDyAEA-AEB-AECmAIBoAJbqAIQwgIHECMYJxjqAsICFxAAGIAEGJECGLQCGMcDGIoFGOoC2AEBwgIQEAAYAxi0AhjqAhiPAdgBAZgDW_EFrG91rDpW1GO6BgYIARABGAGSBwExoAdTsgcAuAcA&amp;sclient=gws-wiz-serp\">hero\u00edna sin cortar<\/a>\u00a0<\/strong>en Narco Powders.<\/p>\n<h3 style=\"text-align: justify;\">Efectos secundarios de la hero\u00edna sin cortar<\/h3>\n<p style=\"text-align: justify;\">Los riesgos para la salud asociados con el consumo de hero\u00edna sin diluir incluyen un mayor riesgo de adicci\u00f3n y sobredosis, as\u00ed como mayores tasas de VIH y otras infecciones. <a href=\"https:\/\/duckduckgo.com\/?q=Buy+Uncut+Heroin+Online&amp;t=h_&amp;ia=web\">Uncut heroin<\/a> Tambi\u00e9n puede causar efectos f\u00edsicos como n\u00e1useas, v\u00f3mitos, aumento de la frecuencia card\u00edaca y un mayor riesgo de sobredosis. En algunos casos, incluso puede ser mortal.<\/p>\n<h3 style=\"text-align: justify;\">\u00bfD\u00f3nde comprar hero\u00edna sin cortar en l\u00ednea?<\/h3>\n<p style=\"text-align: justify;\">al investigar\u00a0<a href=\"https:\/\/www.bing.com\/search?q=Buy%20Uncut%20Heroin%20Online&amp;qs=n&amp;form=QBRE&amp;sp=-1&amp;lq=0&amp;pq=buy%20uncut%20heroin%20online&amp;sc=0-23&amp;sk=&amp;cvid=C47FB2A3D0B84EA8801EC7F34ACFAE77&amp;ghsh=0&amp;ghacc=0&amp;ghpl=\"><strong>hero\u00edna sin cortar a granel<\/strong><\/a>, busque fuentes como Narco Powders que hayan sido verificadas por fuentes externas como productos de alta calidad. Al considerar los precios de la hero\u00edna sin cortar en l\u00ednea, tenga en cuenta que los precios pueden variar significativamente seg\u00fan la ubicaci\u00f3n (p. ej., en ciudades donde el valor de la hero\u00edna en la calle tiende a ser m\u00e1s alto), la hora del d\u00eda (las ceremonias de eutanasia a menudo resultan en precios m\u00e1s altos), el m\u00e9todo de pago (las tarjetas de cr\u00e9dito tienden a cobrar tarifas m\u00e1s altas que PayPal), etc. Es importante no atascarse demasiado en los detalles de precios ya que, en \u00faltima instancia, lo que est\u00e1 comprando probablemente se cortar\u00e1 con otras sustancias de todos modos, independientemente de la fuente, por lo que pagar la atenci\u00f3n en su mayor\u00eda solo garantiza que los niveles de pureza y frescura se mantengan durante todo el proceso de transporte y compra, en lugar de solo en la etapa del producto final.<\/p>\n<h3 style=\"text-align: justify;\">Compre hero\u00edna sin cortar en l\u00ednea en Narco Powders<\/h3>\n<p style=\"text-align: justify;\">Es importante recordar que el uso de hero\u00edna sin cortar puede tener graves consecuencias si no se usa de manera correcta o responsable. Entonces, solo debes <a href=\"https:\/\/duckduckgo.com\/?q=Buy+Uncut+Heroin+Online&amp;t=h_&amp;ia=web\"><strong>pedir hero\u00edna sin cortar en l\u00ednea<\/strong><\/a> de reputados dispensarios como Narco Powders. Solo vendemos hero\u00edna aut\u00e9ntica y sin cortar al por mayor al mejor precio.<\/p>","protected":false},"excerpt":{"rendered":"<p>Buy Uncut Heroin Online Uncut heroin can be bought online from certain vendors, but this comes with its own risks. So, if you have been wondering where to buy uncut heroin online that is authentic and safe,\u00a0Narco Powders is your go-to store. How Is Uncut Heroin Made? Uncut heroin is made from the dried pods [&hellip;]<\/p>","protected":false},"featured_media":19241,"comment_status":"open","ping_status":"closed","template":"","meta":{"_joinchat":[]},"product_brand":[],"product_cat":[1168],"product_tag":[],"class_list":{"0":"post-19219","1":"product","2":"type-product","3":"status-publish","4":"has-post-thumbnail","6":"product_cat-buy-heroin-online","8":"first","9":"instock","10":"shipping-taxable","11":"purchasable","12":"product-type-variable","13":"add-to-wishlist-after_add_to_cart"},"yoast_head":"<!-- This site is optimized with the Yoast SEO plugin v25.9 - https:\/\/yoast.com\/wordpress\/plugins\/seo\/ -->\n<title>Buy Uncut Heroin Online - High Purity Uncut Heroin for Sale<\/title>\n<meta name=\"description\" content=\"if you are looking to buy uncut heroin online at best price, we are a reliable source where you can get high purity uncut heroin for sale. Order Now!\" \/>\n<meta name=\"robots\" content=\"index, follow, max-snippet:-1, max-image-preview:large, max-video-preview:-1\" \/>\n<link rel=\"canonical\" href=\"https:\/\/narcopowders.com\/es\/producto\/sin-cortar-heroina\/\" \/>\n<meta property=\"og:locale\" content=\"es_ES\" \/>\n<meta property=\"og:type\" content=\"article\" \/>\n<meta property=\"og:title\" content=\"Buy Uncut Heroin Online - High Purity Uncut Heroin for Sale\" \/>\n<meta property=\"og:description\" content=\"if you are looking to buy uncut heroin online at best price, we are a reliable source where you can get high purity uncut heroin for sale. Order Now!\" \/>\n<meta property=\"og:url\" content=\"https:\/\/narcopowders.com\/es\/producto\/sin-cortar-heroina\/\" \/>\n<meta property=\"og:site_name\" content=\"Narco Powders\" \/>\n<meta property=\"article:modified_time\" content=\"2025-03-25T12:37:48+00:00\" \/>\n<meta property=\"og:image\" content=\"https:\/\/narcopowders.com\/wp-content\/uploads\/2023\/01\/uncut-heroin.jpg\" \/>\n\t<meta property=\"og:image:width\" content=\"600\" \/>\n\t<meta property=\"og:image:height\" content=\"600\" \/>\n\t<meta property=\"og:image:type\" content=\"image\/jpeg\" \/>\n<meta name=\"twitter:card\" content=\"summary_large_image\" \/>\n<meta name=\"twitter:label1\" content=\"Tiempo de lectura\" \/>\n\t<meta name=\"twitter:data1\" content=\"3 minutos\" \/>\n<!-- \/ Yoast SEO plugin. -->","yoast_head_json":{"title":"Compre hero\u00edna sin cortar en l\u00ednea - Venta de hero\u00edna sin cortar de alta pureza","description":"Wenn Sie ungeschnittenes Heroin zum besten Preis online kaufen m\u00f6chten, sind wir eine zuverl\u00e4ssige Quelle, wo Sie hochreines ungeschnittenes Heroin zum Verkauf erhalten k\u00f6nnen. Jetzt bestellen!","robots":{"index":"index","follow":"follow","max-snippet":"max-snippet:-1","max-image-preview":"max-image-preview:large","max-video-preview":"max-video-preview:-1"},"canonical":"https:\/\/narcopowders.com\/es\/producto\/sin-cortar-heroina\/","og_locale":"es_ES","og_type":"article","og_title":"Buy Uncut Heroin Online - High Purity Uncut Heroin for Sale","og_description":"if you are looking to buy uncut heroin online at best price, we are a reliable source where you can get high purity uncut heroin for sale. Order Now!","og_url":"https:\/\/narcopowders.com\/es\/producto\/sin-cortar-heroina\/","og_site_name":"Narco Powders","article_modified_time":"2025-03-25T12:37:48+00:00","og_image":[{"width":600,"height":600,"url":"https:\/\/narcopowders.com\/wp-content\/uploads\/2023\/01\/uncut-heroin.jpg","type":"image\/jpeg"}],"twitter_card":"summary_large_image","twitter_misc":{"Tiempo de lectura":"3 minutos"},"schema":{"@context":"https:\/\/schema.org","@graph":[{"@type":"WebPage","@id":"https:\/\/narcopowders.com\/product\/uncut-heroin\/","url":"https:\/\/narcopowders.com\/product\/uncut-heroin\/","name":"Compre hero\u00edna sin cortar en l\u00ednea - Venta de hero\u00edna sin cortar de alta pureza","isPartOf":{"@id":"https:\/\/narcopowders.com\/#website"},"primaryImageOfPage":{"@id":"https:\/\/narcopowders.com\/product\/uncut-heroin\/#primaryimage"},"image":{"@id":"https:\/\/narcopowders.com\/product\/uncut-heroin\/#primaryimage"},"thumbnailUrl":"https:\/\/narcopowders.com\/wp-content\/uploads\/2023\/01\/uncut-heroin.jpg","datePublished":"2023-01-03T09:18:43+00:00","dateModified":"2025-03-25T12:37:48+00:00","description":"Wenn Sie ungeschnittenes Heroin zum besten Preis online kaufen m\u00f6chten, sind wir eine zuverl\u00e4ssige Quelle, wo Sie hochreines ungeschnittenes Heroin zum Verkauf erhalten k\u00f6nnen. Jetzt bestellen!","breadcrumb":{"@id":"https:\/\/narcopowders.com\/product\/uncut-heroin\/#breadcrumb"},"inLanguage":"es","potentialAction":[{"@type":"ReadAction","target":["https:\/\/narcopowders.com\/product\/uncut-heroin\/"]}]},{"@type":"ImageObject","inLanguage":"es","@id":"https:\/\/narcopowders.com\/product\/uncut-heroin\/#primaryimage","url":"https:\/\/narcopowders.com\/wp-content\/uploads\/2023\/01\/uncut-heroin.jpg","contentUrl":"https:\/\/narcopowders.com\/wp-content\/uploads\/2023\/01\/uncut-heroin.jpg","width":600,"height":600,"caption":"Buy Uncut Heroin Online"},{"@type":"BreadcrumbList","@id":"https:\/\/narcopowders.com\/product\/uncut-heroin\/#breadcrumb","itemListElement":[{"@type":"ListItem","position":1,"name":"Home","item":"https:\/\/narcopowders.com\/"},{"@type":"ListItem","position":2,"name":"Shop Page","item":"https:\/\/narcopowders.com\/shop\/"},{"@type":"ListItem","position":3,"name":"Uncut Heroin"}]},{"@type":"WebSite","@id":"https:\/\/narcopowders.com\/#website","url":"https:\/\/narcopowders.com\/","name":"Narc\u00f3ticos en polv","description":"Mi blog de WordPress","potentialAction":[{"@type":"SearchAction","target":{"@type":"EntryPoint","urlTemplate":"https:\/\/narcopowders.com\/?s={search_term_string}"},"query-input":{"@type":"PropertyValueSpecification","valueRequired":true,"valueName":"search_term_string"}}],"inLanguage":"es"}]}},"_links":{"self":[{"href":"https:\/\/narcopowders.com\/es\/wp-json\/wp\/v2\/product\/19219","targetHints":{"allow":["GET"]}}],"collection":[{"href":"https:\/\/narcopowders.com\/es\/wp-json\/wp\/v2\/product"}],"about":[{"href":"https:\/\/narcopowders.com\/es\/wp-json\/wp\/v2\/types\/product"}],"replies":[{"embeddable":true,"href":"https:\/\/narcopowders.com\/es\/wp-json\/wp\/v2\/comments?post=19219"}],"wp:featuredmedia":[{"embeddable":true,"href":"https:\/\/narcopowders.com\/es\/wp-json\/wp\/v2\/media\/19241"}],"wp:attachment":[{"href":"https:\/\/narcopowders.com\/es\/wp-json\/wp\/v2\/media?parent=19219"}],"wp:term":[{"taxonomy":"product_brand","embeddable":true,"href":"https:\/\/narcopowders.com\/es\/wp-json\/wp\/v2\/product_brand?post=19219"},{"taxonomy":"product_cat","embeddable":true,"href":"https:\/\/narcopowders.com\/es\/wp-json\/wp\/v2\/product_cat?post=19219"},{"taxonomy":"product_tag","embeddable":true,"href":"https:\/\/narcopowders.com\/es\/wp-json\/wp\/v2\/product_tag?post=19219"}],"curies":[{"name":"wp","href":"https:\/\/api.w.org\/{rel}","templated":true}]}}