{"id":19417,"date":"2023-07-29T07:40:51","date_gmt":"2023-07-29T07:40:51","guid":{"rendered":"https:\/\/narcopowders.com\/?post_type=product&#038;p=19417"},"modified":"2025-03-10T09:57:40","modified_gmt":"2025-03-10T09:57:40","slug":"buy-methamphetamine-crystal-meth-online","status":"publish","type":"product","link":"https:\/\/narcopowders.com\/es\/producto\/comprar-metanfetamina-crystal-meth-online\/","title":{"rendered":"Comprar metanfetamina (Crystal meth) en l\u00ednea"},"content":{"rendered":"<h2>Comprar metanfetamina (Crystal meth) en l\u00ednea<\/h2>\n<p><a href=\"https:\/\/narcopowders.com\/es\/producto\/comprar-metanfetamina-crystal-meth-online\/\">Metamfetamin<\/a>a veces llamada metanfetamina cristal, est\u00e1 disponible en l\u00ednea. Solo existe un tipo de droga. <a href=\"https:\/\/www.bing.com\/search?q=Buy%20Methamphetamine%20(Crystal%20meth)%20online&amp;qs=n&amp;form=QBRE&amp;sp=-1&amp;lq=0&amp;pq=buy%20methamphetamine%20(crystal%20meth)%20online&amp;sc=0-41&amp;sk=&amp;cvid=BB60AAAE0D5B429C974E1362F4E5F21B&amp;ghsh=0&amp;ghacc=0&amp;ghpl=\">Metamfetamin<\/a> disponible aqu\u00ed, y siempre es aconsejable conseguir productos de alta calidad en lugar de los inseguros que se venden en otros lugares. La metanfetamina puede comprarse en l\u00ednea.<\/p>\n<p><a href=\"https:\/\/www.bing.com\/search?q=Buy%20Methamphetamine%20(Crystal%20meth)%20online&amp;qs=n&amp;form=QBRE&amp;sp=-1&amp;lq=0&amp;pq=buy%20methamphetamine%20(crystal%20meth)%20online&amp;sc=0-41&amp;sk=&amp;cvid=BB60AAAE0D5B429C974E1362F4E5F21B&amp;ghsh=0&amp;ghacc=0&amp;ghpl=\">Metamfetamin<\/a> La metanfetamina act\u00faa sobre el sistema nervioso central y es un estimulante potente y muy adictivo. Se presenta en forma de polvo cristalino blanco, inodoro y de sabor amargo que se disuelve f\u00e1cilmente en agua o alcohol. Tambi\u00e9n se conoce como metanfetamina, azul, hielo y cristal, entre otros muchos nombres. <a href=\"https:\/\/duckduckgo.com\/?q=Buy+Methamphetamine+(Crystal+meth)+online&amp;t=h_&amp;ia=web\">crystal<\/a>, among many other names. <a href=\"https:\/\/narcopowders.com\/es\/\">Narco Powders.<\/a><\/p>\n<p>Se puede consumir fum\u00e1ndola, inyect\u00e1ndola o esnif\u00e1ndola (inhalando por la nariz). Incluso puedes tomarla por v\u00eda oral, lo que provocar\u00e1 un subid\u00f3n de confianza, hiperactividad y vitalidad, as\u00ed como una agradable sensaci\u00f3n de felicidad y bienestar. Le recomendamos encarecidamente que tome una cantidad muy peque\u00f1a y no con demasiada frecuencia, ya que los efectos suelen durar de seis a ocho horas, pero pueden prolongarse hasta veinticuatro horas.<\/p>\n<h3>\u00bfDE QU\u00c9 COLOR ES LA METANFETAMINA?<\/h3>\n<p><a href=\"https:\/\/www.google.de\/search?q=Buy+Methamphetamine+%28Crystal+meth%29+online&amp;sca_esv=1a2a07081c7891bb&amp;rlz=1C1RXQR_enIN1098IN1098&amp;ei=KrfOZ6aSI7GMvr0PkMyG4QU&amp;ved=0ahUKEwimz5XTn_-LAxUxhq8BHRCmIVwQ4dUDCBA&amp;uact=5&amp;oq=Buy+Methamphetamine+%28Crystal+meth%29+online&amp;gs_lp=Egxnd3Mtd2l6LXNlcnAiKUJ1eSBNZXRoYW1waGV0YW1pbmUgKENyeXN0YWwgbWV0aCkgb25saW5lSKgHUK0DWK0DcAJ4AJABAJgBkQKgAZECqgEDMi0xuAEDyAEA-AEC-AEBmAIAoAIAmAMAiAYBkgcAoAdd&amp;sclient=gws-wiz-serp\">Metamfetamin<\/a> is typically sold as a <a href=\"https:\/\/www.google.de\/search?q=Buy+Methamphetamine+%28Crystal+meth%29+online&amp;sca_esv=1a2a07081c7891bb&amp;rlz=1C1RXQR_enIN1098IN1098&amp;ei=KrfOZ6aSI7GMvr0PkMyG4QU&amp;ved=0ahUKEwimz5XTn_-LAxUxhq8BHRCmIVwQ4dUDCBA&amp;uact=5&amp;oq=Buy+Methamphetamine+%28Crystal+meth%29+online&amp;gs_lp=Egxnd3Mtd2l6LXNlcnAiKUJ1eSBNZXRoYW1waGV0YW1pbmUgKENyeXN0YWwgbWV0aCkgb25saW5lSKgHUK0DWK0DcAJ4AJABAJgBkQKgAZECqgEDMi0xuAEDyAEA-AEC-AEBmAIAoAIAmAMAiAYBkgcAoAdd&amp;sclient=gws-wiz-serp\">crystalline white powder<\/a> that dissolves quickly in liquids like water or alcohol but has a strong taste.<\/p>\n<p>Se han observado polvos de diversas tonalidades, como oscuro, amarillo-dimio, naranja e incluso rosa. Tambi\u00e9n puede presentarse en forma de pastillas. Compra de metanfetamina en l\u00ednea <a href=\"https:\/\/duckduckgo.com\/?q=Buy+Methamphetamine+(Crystal+meth)+online&amp;t=h_&amp;ia=web\">metanfetamina cristalina<\/a> purchases<br \/>\nSe puede fumar, esnifar o inyectar, como ya se ha dicho.<\/p>\n<p>El mate de coca, elaborado con una mezcla de hojas de coca, es otro m\u00e9todo de uso com\u00fan. Con el fin de prevenir la infecci\u00f3n por elevaci\u00f3n, el t\u00e9 se ha administrado con frecuencia a los exploradores en los Andes. Sin embargo, nunca se ha tenido realmente en cuenta su suficiencia real.<\/p>\n<p>&nbsp;<\/p>","protected":false},"excerpt":{"rendered":"<p>Buy Methamphetamine (Crystal meth) online Methamphetamine, sometimes referred to as crystal meth, is available online. There is just one type of the drug methamphetamine available here, and it is always advisable to get high-quality products rather than the unsafe ones that are sold elsewhere. Meth can be purchased online. Methamphetamine impacts the central nervous system [&hellip;]<\/p>","protected":false},"featured_media":19426,"comment_status":"open","ping_status":"closed","template":"","meta":{"_joinchat":[]},"product_brand":[],"product_cat":[1324],"product_tag":[],"class_list":{"0":"post-19417","1":"product","2":"type-product","3":"status-publish","4":"has-post-thumbnail","6":"product_cat-buy-crystal-meth-online","8":"first","9":"instock","10":"shipping-taxable","11":"purchasable","12":"product-type-variable","13":"add-to-wishlist-after_add_to_cart"},"yoast_head":"<!-- This site is optimized with the Yoast SEO plugin v27.5 - https:\/\/yoast.com\/product\/yoast-seo-wordpress\/ -->\n<title>Buy Methamphetamine (Crystal meth) online - Narco Powders<\/title>\n<meta name=\"robots\" content=\"index, follow, max-snippet:-1, max-image-preview:large, max-video-preview:-1\" \/>\n<link rel=\"canonical\" href=\"https:\/\/narcopowders.com\/es\/producto\/comprar-metanfetamina-crystal-meth-online\/\" \/>\n<meta property=\"og:locale\" content=\"es_ES\" \/>\n<meta property=\"og:type\" content=\"article\" \/>\n<meta property=\"og:title\" content=\"Buy Methamphetamine (Crystal meth) online - Narco Powders\" \/>\n<meta property=\"og:description\" content=\"Buy Methamphetamine (Crystal meth) online Methamphetamine, sometimes referred to as crystal meth, is available online. There is just one type of the drug methamphetamine available here, and it is always advisable to get high-quality products rather than the unsafe ones that are sold elsewhere. Meth can be purchased online. Methamphetamine impacts the central nervous system [&hellip;]\" \/>\n<meta property=\"og:url\" content=\"https:\/\/narcopowders.com\/es\/producto\/comprar-metanfetamina-crystal-meth-online\/\" \/>\n<meta property=\"og:site_name\" content=\"Narco Powders\" \/>\n<meta property=\"article:modified_time\" content=\"2025-03-10T09:57:40+00:00\" \/>\n<meta property=\"og:image\" content=\"https:\/\/narcopowders.com\/wp-content\/uploads\/2023\/07\/Buy-Methamphetamine.jpg\" \/>\n\t<meta property=\"og:image:width\" content=\"600\" \/>\n\t<meta property=\"og:image:height\" content=\"600\" \/>\n\t<meta property=\"og:image:type\" content=\"image\/jpeg\" \/>\n<meta name=\"twitter:card\" content=\"summary_large_image\" \/>\n<meta name=\"twitter:label1\" content=\"Tiempo de lectura\" \/>\n\t<meta name=\"twitter:data1\" content=\"2 minutos\" \/>\n<!-- \/ Yoast SEO plugin. -->","yoast_head_json":{"title":"Comprar Metanfetamina (Crystal meth) online - Narco Powders","robots":{"index":"index","follow":"follow","max-snippet":"max-snippet:-1","max-image-preview":"max-image-preview:large","max-video-preview":"max-video-preview:-1"},"canonical":"https:\/\/narcopowders.com\/es\/producto\/comprar-metanfetamina-crystal-meth-online\/","og_locale":"es_ES","og_type":"article","og_title":"Buy Methamphetamine (Crystal meth) online - Narco Powders","og_description":"Buy Methamphetamine (Crystal meth) online Methamphetamine, sometimes referred to as crystal meth, is available online. There is just one type of the drug methamphetamine available here, and it is always advisable to get high-quality products rather than the unsafe ones that are sold elsewhere. Meth can be purchased online. Methamphetamine impacts the central nervous system [&hellip;]","og_url":"https:\/\/narcopowders.com\/es\/producto\/comprar-metanfetamina-crystal-meth-online\/","og_site_name":"Narco Powders","article_modified_time":"2025-03-10T09:57:40+00:00","og_image":[{"width":600,"height":600,"url":"https:\/\/narcopowders.com\/wp-content\/uploads\/2023\/07\/Buy-Methamphetamine.jpg","type":"image\/jpeg"}],"twitter_card":"summary_large_image","twitter_misc":{"Tiempo de lectura":"2 minutos"},"schema":{"@context":"https:\/\/schema.org","@graph":[{"@type":"WebPage","@id":"https:\/\/narcopowders.com\/product\/buy-methamphetamine-crystal-meth-online\/","url":"https:\/\/narcopowders.com\/product\/buy-methamphetamine-crystal-meth-online\/","name":"Comprar Metanfetamina (Crystal meth) online - Narco Powders","isPartOf":{"@id":"https:\/\/narcopowders.com\/#website"},"primaryImageOfPage":{"@id":"https:\/\/narcopowders.com\/product\/buy-methamphetamine-crystal-meth-online\/#primaryimage"},"image":{"@id":"https:\/\/narcopowders.com\/product\/buy-methamphetamine-crystal-meth-online\/#primaryimage"},"thumbnailUrl":"https:\/\/narcopowders.com\/wp-content\/uploads\/2023\/07\/Buy-Methamphetamine.jpg","datePublished":"2023-07-29T07:40:51+00:00","dateModified":"2025-03-10T09:57:40+00:00","breadcrumb":{"@id":"https:\/\/narcopowders.com\/product\/buy-methamphetamine-crystal-meth-online\/#breadcrumb"},"inLanguage":"es","potentialAction":[{"@type":"ReadAction","target":["https:\/\/narcopowders.com\/product\/buy-methamphetamine-crystal-meth-online\/"]}]},{"@type":"ImageObject","inLanguage":"es","@id":"https:\/\/narcopowders.com\/product\/buy-methamphetamine-crystal-meth-online\/#primaryimage","url":"https:\/\/narcopowders.com\/wp-content\/uploads\/2023\/07\/Buy-Methamphetamine.jpg","contentUrl":"https:\/\/narcopowders.com\/wp-content\/uploads\/2023\/07\/Buy-Methamphetamine.jpg","width":600,"height":600,"caption":"Buy-Methamphetamine"},{"@type":"BreadcrumbList","@id":"https:\/\/narcopowders.com\/product\/buy-methamphetamine-crystal-meth-online\/#breadcrumb","itemListElement":[{"@type":"ListItem","position":1,"name":"Home","item":"https:\/\/narcopowders.com\/"},{"@type":"ListItem","position":2,"name":"Shop Page","item":"https:\/\/narcopowders.com\/shop\/"},{"@type":"ListItem","position":3,"name":"Buy Methamphetamine (Crystal meth) online"}]},{"@type":"WebSite","@id":"https:\/\/narcopowders.com\/#website","url":"https:\/\/narcopowders.com\/","name":"Narc\u00f3ticos en polv","description":"Mi blog de WordPress","potentialAction":[{"@type":"SearchAction","target":{"@type":"EntryPoint","urlTemplate":"https:\/\/narcopowders.com\/?s={search_term_string}"},"query-input":{"@type":"PropertyValueSpecification","valueRequired":true,"valueName":"search_term_string"}}],"inLanguage":"es"}]}},"_links":{"self":[{"href":"https:\/\/narcopowders.com\/es\/wp-json\/wp\/v2\/product\/19417","targetHints":{"allow":["GET"]}}],"collection":[{"href":"https:\/\/narcopowders.com\/es\/wp-json\/wp\/v2\/product"}],"about":[{"href":"https:\/\/narcopowders.com\/es\/wp-json\/wp\/v2\/types\/product"}],"replies":[{"embeddable":true,"href":"https:\/\/narcopowders.com\/es\/wp-json\/wp\/v2\/comments?post=19417"}],"wp:featuredmedia":[{"embeddable":true,"href":"https:\/\/narcopowders.com\/es\/wp-json\/wp\/v2\/media\/19426"}],"wp:attachment":[{"href":"https:\/\/narcopowders.com\/es\/wp-json\/wp\/v2\/media?parent=19417"}],"wp:term":[{"taxonomy":"product_brand","embeddable":true,"href":"https:\/\/narcopowders.com\/es\/wp-json\/wp\/v2\/product_brand?post=19417"},{"taxonomy":"product_cat","embeddable":true,"href":"https:\/\/narcopowders.com\/es\/wp-json\/wp\/v2\/product_cat?post=19417"},{"taxonomy":"product_tag","embeddable":true,"href":"https:\/\/narcopowders.com\/es\/wp-json\/wp\/v2\/product_tag?post=19417"}],"curies":[{"name":"wp","href":"https:\/\/api.w.org\/{rel}","templated":true}]}}