{"id":19418,"date":"2023-07-29T07:40:53","date_gmt":"2023-07-29T07:40:53","guid":{"rendered":"https:\/\/narcopowders.com\/?post_type=product&#038;p=19418"},"modified":"2025-03-26T06:52:36","modified_gmt":"2025-03-26T06:52:36","slug":"buy-crystal-meth-online","status":"publish","type":"product","link":"https:\/\/narcopowders.com\/es\/producto\/comprar-metanfetamina-online\/","title":{"rendered":"Comprar Crystal Meth en l\u00ednea"},"content":{"rendered":"<h2>Comprar Crystal Meth en l\u00ednea<\/h2>\n<p><a href=\"https:\/\/narcopowders.com\/es\/producto\/comprar-metanfetamina-online\/\">Comprar Crystal Meth en l\u00ednea<\/a>La metanfetamina, a veces llamada metanfetamina cristal, est\u00e1 disponible en l\u00ednea. Solo existe un tipo de droga. <a href=\"https:\/\/en.wikipedia.org\/wiki\/Ketamine\">metanfetamina disponible aqu\u00ed<\/a>, y siempre es recomendable conseguir <a href=\"https:\/\/narcopowders.com\/es\/\">high-quality products<\/a> En lugar de los inseguros que se venden en otros lugares.<\/p>\n<p>Se puede consumir fum\u00e1ndola, inyect\u00e1ndola con una aguja o esnif\u00e1ndola (inhalando por la nariz). Incluso puedes tomarla por v\u00eda oral, lo que provocar\u00e1 un subid\u00f3n de confianza, hiperactividad y vitalidad, as\u00ed como una agradable sensaci\u00f3n de felicidad y bienestar. Te aconsejamos que tomes una cantidad muy peque\u00f1a y no con demasiada frecuencia porque los efectos suelen durar de seis a ocho horas, pero pueden durar hasta veinticuatro horas.<\/p>\n<h3>\u00bfDE QU\u00c9 COLOR ES LA METANFETAMINA?<\/h3>\n<p>La forma m\u00e1s com\u00fan de <a href=\"https:\/\/www.bing.com\/search?q=Buy%20Crystal%20Meth%20online&amp;qs=n&amp;form=QBRE&amp;sp=-1&amp;lq=0&amp;pq=buy%20crystal%20meth%20online&amp;sc=0-23&amp;sk=&amp;cvid=40F5F914259E4B628A652F5105472A73&amp;ghsh=0&amp;ghacc=0&amp;ghpl=\">methamphetamine for sale<\/a> is a <a href=\"https:\/\/www.bing.com\/search?q=Buy%20Crystal%20Meth%20online&amp;qs=n&amp;form=QBRE&amp;sp=-1&amp;lq=0&amp;pq=buy%20crystal%20meth%20online&amp;sc=0-23&amp;sk=&amp;cvid=40F5F914259E4B628A652F5105472A73&amp;ghsh=0&amp;ghacc=0&amp;ghpl=\">crystalline white powder<\/a> con un sabor amargo que no tiene olor y <a href=\"https:\/\/www.google.com\/search?q=Buy+Crystal+Meth+online&amp;sca_esv=2a2a93e8be91f013&amp;sxsrf=AHTn8zoDfzwck05_jrxz3pndVamcvCr7gA%3A1742971354653&amp;ei=2qHjZ_eoJ_HlseMP2cvv4QI&amp;ved=0ahUKEwj3_cmjkqeMAxXxcmwGHdnlOywQ4dUDCA8&amp;uact=5&amp;oq=Buy+Crystal+Meth+online&amp;gs_lp=Egxnd3Mtd2l6LXNlcnAiF0J1eSBDcnlzdGFsIE1ldGggb25saW5lSPMJUN4EWN4EcAN4AJABAJgB2AGgAdgBqgEDMi0xuAEDyAEA-AEC-AEBmAIAoAIAmAMA4gMFEgExIECIBgGSBwCgB1OyBwC4BwA&amp;sclient=gws-wiz-serp\">dissolves rapidly in water or alcohol<\/a>.<\/p>\n<p>Tambi\u00e9n se ha visto polvo en tonos marrones, amarillo gris\u00e1ceo, naranja e incluso rosa. Adem\u00e1s, puede compactarse en pastillas. <a href=\"https:\/\/www.google.com\/search?q=Buy+Crystal+Meth+online&amp;sca_esv=2a2a93e8be91f013&amp;sxsrf=AHTn8zoDfzwck05_jrxz3pndVamcvCr7gA%3A1742971354653&amp;ei=2qHjZ_eoJ_HlseMP2cvv4QI&amp;ved=0ahUKEwj3_cmjkqeMAxXxcmwGHdnlOywQ4dUDCA8&amp;uact=5&amp;oq=Buy+Crystal+Meth+online&amp;gs_lp=Egxnd3Mtd2l6LXNlcnAiF0J1eSBDcnlzdGFsIE1ldGggb25saW5lSPMJUN4EWN4EcAN4AJABAJgB2AGgAdgBqgEDMi0xuAEDyAEA-AEC-AEBmAIAoAIAmAMA4gMFEgExIECIBgGSBwCgB1OyBwC4BwA&amp;sclient=gws-wiz-serp\">compactado en pastillas<\/a>.<\/p>\n<p>Se puede fumar, esnifar o inyectar, como ya se ha dicho.<a href=\"https:\/\/en.wikipedia.org\/wiki\/Special:Search?go=Go&amp;search=Buy+Crystal+Meth&amp;ns0=1\">.<\/a><\/p>\n<p>Se fuma con mayor frecuencia. <a href=\"https:\/\/duckduckgo.com\/?q=Buy+Crystal+Meth+online&amp;t=h_&amp;ia=web\">metanfetamina cristalina<\/a> Viene en trozos grandes, <a href=\"https:\/\/duckduckgo.com\/?q=Buy+Crystal+Meth+online&amp;t=h_&amp;ia=web\">cristales cristalinos<\/a> que se parecen al hielo<a href=\"https:\/\/narcopowders.com\/es\/\">.<\/a><\/p>","protected":false},"excerpt":{"rendered":"<p>Comprar metanfetamina de cristal online Comprar metanfetamina de cristal online, La metanfetamina, a veces conocida como metanfetamina de cristal, est\u00e1 disponible online. S\u00f3lo hay un tipo de la droga metanfetamina disponible aqu\u00ed, y siempre es aconsejable obtener productos de alta calidad en lugar de los inseguros que se venden en otros lugares. Se puede consumir fum\u00e1ndola, inyect\u00e1ndola con [...]<\/p>","protected":false},"featured_media":19427,"comment_status":"open","ping_status":"closed","template":"","meta":{"_joinchat":[]},"product_brand":[],"product_cat":[1324],"product_tag":[1326,1327,1328,1329,1330,1331,1332,1333,1334,1335,1336,1337],"class_list":{"0":"post-19418","1":"product","2":"type-product","3":"status-publish","4":"has-post-thumbnail","6":"product_cat-buy-crystal-meth-online","7":"product_tag-buy-crystal-meth-online","8":"product_tag-buying-crystal-methamphetamine-online","9":"product_tag-crystal-meth-blue","10":"product_tag-methonline","11":"product_tag-uncategorized","12":"product_tag-what-does-crystal-meth-look-like-quizlet","13":"product_tag-what-is-crystal-meth","14":"product_tag-what-is-crystal-metheny","15":"product_tag-what-is-crystal-methodology","16":"product_tag-what-is-crystal-methyd","17":"product_tag-what-is-rotating-crystal-method","18":"product_tag-what-is-the-crystal-method","20":"first","21":"instock","22":"shipping-taxable","23":"purchasable","24":"product-type-variable","25":"add-to-wishlist-after_add_to_cart"},"yoast_head":"<!-- This site is optimized with the Yoast SEO plugin v25.9 - https:\/\/yoast.com\/wordpress\/plugins\/seo\/ -->\n<title>Buy Crystal Meth Online | Crystal Meth for sale |Order Cyrstal Meth<\/title>\n<meta name=\"description\" content=\"Buy Crystal Meth Online, Buying Crystal Meth Online, Buy Meth Online, Crystal meth for sale online Meth For Sale, Order Crystal methamphetamine Online.\" \/>\n<meta name=\"robots\" content=\"index, follow, max-snippet:-1, max-image-preview:large, max-video-preview:-1\" \/>\n<link rel=\"canonical\" href=\"https:\/\/narcopowders.com\/es\/producto\/comprar-metanfetamina-online\/\" \/>\n<meta property=\"og:locale\" content=\"es_ES\" \/>\n<meta property=\"og:type\" content=\"article\" \/>\n<meta property=\"og:title\" content=\"Buy Crystal Meth Online | Crystal Meth for sale |Order Cyrstal Meth\" \/>\n<meta property=\"og:description\" content=\"Buy Crystal Meth Online, Buying Crystal Meth Online, Buy Meth Online, Crystal meth for sale online Meth For Sale, Order Crystal methamphetamine Online.\" \/>\n<meta property=\"og:url\" content=\"https:\/\/narcopowders.com\/es\/producto\/comprar-metanfetamina-online\/\" \/>\n<meta property=\"og:site_name\" content=\"Narco Powders\" \/>\n<meta property=\"article:modified_time\" content=\"2025-03-26T06:52:36+00:00\" \/>\n<meta property=\"og:image\" content=\"https:\/\/narcopowders.com\/wp-content\/uploads\/2023\/07\/crystal-meth.jpg\" \/>\n\t<meta property=\"og:image:width\" content=\"600\" \/>\n\t<meta property=\"og:image:height\" content=\"600\" \/>\n\t<meta property=\"og:image:type\" content=\"image\/jpeg\" \/>\n<meta name=\"twitter:card\" content=\"summary_large_image\" \/>\n<meta name=\"twitter:label1\" content=\"Tiempo de lectura\" \/>\n\t<meta name=\"twitter:data1\" content=\"2 minutos\" \/>\n<!-- \/ Yoast SEO plugin. -->","yoast_head_json":{"title":"Comprar Crystal Meth Online | Crystal Meth a la venta |Encargar Cyrstal Meth","description":"Comprar Cristal Meth en l\u00ednea, Comprar Cristal Meth en l\u00ednea, Comprar Metanfetamina en l\u00ednea, Cristal meth para la venta en l\u00ednea Metanfetamina para la venta, Orden de Cristal metanfetamina en l\u00ednea.","robots":{"index":"index","follow":"follow","max-snippet":"max-snippet:-1","max-image-preview":"max-image-preview:large","max-video-preview":"max-video-preview:-1"},"canonical":"https:\/\/narcopowders.com\/es\/producto\/comprar-metanfetamina-online\/","og_locale":"es_ES","og_type":"article","og_title":"Buy Crystal Meth Online | Crystal Meth for sale |Order Cyrstal Meth","og_description":"Buy Crystal Meth Online, Buying Crystal Meth Online, Buy Meth Online, Crystal meth for sale online Meth For Sale, Order Crystal methamphetamine Online.","og_url":"https:\/\/narcopowders.com\/es\/producto\/comprar-metanfetamina-online\/","og_site_name":"Narco Powders","article_modified_time":"2025-03-26T06:52:36+00:00","og_image":[{"width":600,"height":600,"url":"https:\/\/narcopowders.com\/wp-content\/uploads\/2023\/07\/crystal-meth.jpg","type":"image\/jpeg"}],"twitter_card":"summary_large_image","twitter_misc":{"Tiempo de lectura":"2 minutos"},"schema":{"@context":"https:\/\/schema.org","@graph":[{"@type":"WebPage","@id":"https:\/\/narcopowders.com\/product\/buy-crystal-meth-online\/","url":"https:\/\/narcopowders.com\/product\/buy-crystal-meth-online\/","name":"Comprar Crystal Meth Online | Crystal Meth a la venta |Encargar Cyrstal Meth","isPartOf":{"@id":"https:\/\/narcopowders.com\/#website"},"primaryImageOfPage":{"@id":"https:\/\/narcopowders.com\/product\/buy-crystal-meth-online\/#primaryimage"},"image":{"@id":"https:\/\/narcopowders.com\/product\/buy-crystal-meth-online\/#primaryimage"},"thumbnailUrl":"https:\/\/narcopowders.com\/wp-content\/uploads\/2023\/07\/crystal-meth.jpg","datePublished":"2023-07-29T07:40:53+00:00","dateModified":"2025-03-26T06:52:36+00:00","description":"Comprar Cristal Meth en l\u00ednea, Comprar Cristal Meth en l\u00ednea, Comprar Metanfetamina en l\u00ednea, Cristal meth para la venta en l\u00ednea Metanfetamina para la venta, Orden de Cristal metanfetamina en l\u00ednea.","breadcrumb":{"@id":"https:\/\/narcopowders.com\/product\/buy-crystal-meth-online\/#breadcrumb"},"inLanguage":"es","potentialAction":[{"@type":"ReadAction","target":["https:\/\/narcopowders.com\/product\/buy-crystal-meth-online\/"]}]},{"@type":"ImageObject","inLanguage":"es","@id":"https:\/\/narcopowders.com\/product\/buy-crystal-meth-online\/#primaryimage","url":"https:\/\/narcopowders.com\/wp-content\/uploads\/2023\/07\/crystal-meth.jpg","contentUrl":"https:\/\/narcopowders.com\/wp-content\/uploads\/2023\/07\/crystal-meth.jpg","width":600,"height":600,"caption":"crystal-meth"},{"@type":"BreadcrumbList","@id":"https:\/\/narcopowders.com\/product\/buy-crystal-meth-online\/#breadcrumb","itemListElement":[{"@type":"ListItem","position":1,"name":"Home","item":"https:\/\/narcopowders.com\/"},{"@type":"ListItem","position":2,"name":"Shop Page","item":"https:\/\/narcopowders.com\/shop\/"},{"@type":"ListItem","position":3,"name":"Buy Crystal Meth online"}]},{"@type":"WebSite","@id":"https:\/\/narcopowders.com\/#website","url":"https:\/\/narcopowders.com\/","name":"Narc\u00f3ticos en polv","description":"Mi blog de WordPress","potentialAction":[{"@type":"SearchAction","target":{"@type":"EntryPoint","urlTemplate":"https:\/\/narcopowders.com\/?s={search_term_string}"},"query-input":{"@type":"PropertyValueSpecification","valueRequired":true,"valueName":"search_term_string"}}],"inLanguage":"es"}]}},"_links":{"self":[{"href":"https:\/\/narcopowders.com\/es\/wp-json\/wp\/v2\/product\/19418","targetHints":{"allow":["GET"]}}],"collection":[{"href":"https:\/\/narcopowders.com\/es\/wp-json\/wp\/v2\/product"}],"about":[{"href":"https:\/\/narcopowders.com\/es\/wp-json\/wp\/v2\/types\/product"}],"replies":[{"embeddable":true,"href":"https:\/\/narcopowders.com\/es\/wp-json\/wp\/v2\/comments?post=19418"}],"wp:featuredmedia":[{"embeddable":true,"href":"https:\/\/narcopowders.com\/es\/wp-json\/wp\/v2\/media\/19427"}],"wp:attachment":[{"href":"https:\/\/narcopowders.com\/es\/wp-json\/wp\/v2\/media?parent=19418"}],"wp:term":[{"taxonomy":"product_brand","embeddable":true,"href":"https:\/\/narcopowders.com\/es\/wp-json\/wp\/v2\/product_brand?post=19418"},{"taxonomy":"product_cat","embeddable":true,"href":"https:\/\/narcopowders.com\/es\/wp-json\/wp\/v2\/product_cat?post=19418"},{"taxonomy":"product_tag","embeddable":true,"href":"https:\/\/narcopowders.com\/es\/wp-json\/wp\/v2\/product_tag?post=19418"}],"curies":[{"name":"wp","href":"https:\/\/api.w.org\/{rel}","templated":true}]}}