{"id":19431,"date":"2023-07-29T08:01:13","date_gmt":"2023-07-29T08:01:13","guid":{"rendered":"https:\/\/narcopowders.com\/?post_type=product&#038;p=19431"},"modified":"2025-09-25T07:47:15","modified_gmt":"2025-09-25T07:47:15","slug":"buy-anasket-1000mg-10ml","status":"publish","type":"product","link":"https:\/\/narcopowders.com\/es\/producto\/buy-anasket-1000mg-10ml\/","title":{"rendered":"Comprar Anasket 1000mg\/10ml"},"content":{"rendered":"<h2>Comprar Anasket 1000mg\/10ml<\/h2>\n<p><a href=\"https:\/\/narcopowders.com\/es\/producto\/buy-anasket-1000mg-10ml\/\">Comprar Anasket 1000mg\/10ml<\/a>, Comprar Anest\u00e9sico En Venta En venta es anesket puro 1000 mg\/10 ml.<\/p>\n<p>Somos el proveedor l\u00edder y m\u00e1s confiable de ketamina pura de 1000 mg\/10 ml. El sitio web <a href=\"https:\/\/narcopowders.com\/es\/\">NarcoPowders.com<\/a> ofrece una variedad de art\u00edculos, incluyendo c\u00f3mo <a href=\"https:\/\/en.wikipedia.org\/wiki\/Ketamine\">pedir ketamina en polvo<\/a> y clorhidrato l\u00edquido. Todos nuestros productos son elaborados por Narcopowders.<\/p>\n<p>La anasket es un medicamento legal en la mayor\u00eda de los pa\u00edses y muy utilizado.<a href=\"https:\/\/en.wikipedia.org\/w\/index.php?search=Anasket+1000mg&amp;title=Special:Search&amp;profile=advanced&amp;fulltext=1&amp;ns0=1\">.<\/a><\/p>\n<p>Los materiales que utilizamos proceden directamente del fabricante. Lo ofrecemos como control de laboratorio <a href=\"https:\/\/www.google.com\/search?q=Buy+Anasket+1000mg%2F10ml+Online&amp;sca_esv=7d1b82273738a5db&amp;sxsrf=AHTn8zoQ4iYviNvbX2DGKHfxQybv57lbGw%3A1742907080934&amp;ei=yKbiZ_XZOLmfnesPqsCw-Qc&amp;ved=0ahUKEwj13b3roqWMAxW5T2cHHSogLH8Q4dUDCA8&amp;uact=5&amp;oq=Buy+Anasket+1000mg%2F10ml+Online&amp;gs_lp=Egxnd3Mtd2l6LXNlcnAiHkJ1eSBBbmFza2V0IDEwMDBtZy8xMG1sIE9ubGluZTIHECEYoAEYCjIHECEYoAEYCjIHECEYoAEYCkjtMFDFA1jUH3AEeACQAQCYAYMCoAGYCqoBBTAuNS4yuAEDyAEA-AEBmAIKoALKCpgDAOIDBRIBMSBAiAYBkgcFMy41LjKgB9wgsgcFMC41LjK4B8AK&amp;sclient=gws-wiz-serp\">bajo el nombre comercial Anesket.<\/a>.<\/p>\n<h3>Qu\u00e9 es el anesket puro<\/h3>\n<p><a href=\"https:\/\/www.google.com\/search?q=Buy+Anasket+1000mg%2F10ml+Online&amp;sca_esv=7d1b82273738a5db&amp;sxsrf=AHTn8zoQ4iYviNvbX2DGKHfxQybv57lbGw%3A1742907080934&amp;ei=yKbiZ_XZOLmfnesPqsCw-Qc&amp;ved=0ahUKEwj13b3roqWMAxW5T2cHHSogLH8Q4dUDCA8&amp;uact=5&amp;oq=Buy+Anasket+1000mg%2F10ml+Online&amp;gs_lp=Egxnd3Mtd2l6LXNlcnAiHkJ1eSBBbmFza2V0IDEwMDBtZy8xMG1sIE9ubGluZTIHECEYoAEYCjIHECEYoAEYCjIHECEYoAEYCkjtMFDFA1jUH3AEeACQAQCYAYMCoAGYCqoBBTAuNS4yuAEDyAEA-AEBmAIKoALKCpgDAOIDBRIBMSBAiAYBkgcFMy41LjKgB9wgsgcFMC41LjK4B8AK&amp;sclient=gws-wiz-serp\">Contiene clorhidrato de ketamina.<\/a>. It is the medicine to beat, and doctors use it for a range of conditions all across the world. <a href=\"https:\/\/www.bing.com\/search?q=Buy%20Anasket%201000mg%2F10ml%20Online&amp;qs=n&amp;form=QBRE&amp;sp=-1&amp;lq=0&amp;pq=buy%20anasket%201000mg%2F10ml%20online&amp;sc=0-30&amp;sk=&amp;cvid=B0214D489ABC42E7AED31B90CF908A6C&amp;ghsh=0&amp;ghacc=0&amp;ghpl=\">1000 mg de anest\u00e9sico puro en una inyecci\u00f3n de 10 ml<\/a>. The anaesthetic class includes the pharmaceutical class.<\/p>\n<h3>\u00bfQu\u00e9 es la Ketamina 1000 mg en Anesket Puro 1000mg\/ 10ml?<\/h3>\n<p>El uso de esta droga crucial est\u00e1 muy extendido. La mayor\u00eda de <a href=\"https:\/\/duckduckgo.com\/?q=Buy+Anasket+1000mg%2F10ml+Online&amp;t=h_&amp;ia=web\">surgical operations, general medical practise, painkillers<\/a>.<\/p>\n<h3>\u00bfCu\u00e1les son sus efectos?<\/h3>\n<p><strong>Efectos negativos<\/strong><\/p>\n<p>Por supuesto, la medicaci\u00f3n tiene efectos adversos y pueden ser bastante graves. <a href=\"https:\/\/duckduckgo.com\/?q=Buy+Anasket+1000mg%2F10ml+Online&amp;t=h_&amp;ia=web\">Entre los efectos adversos a corto plazo se encuentran las alucinaciones graves.<\/a>Por supuesto, la medicaci\u00f3n tiene efectos adversos, y pueden ser bastante graves. Entre los efectos adversos a corto plazo se encuentran las alucinaciones. Lo agradable de la alucinaci\u00f3n depende del estado mental del usuario, y si el usuario est\u00e1 intentando escapar de la tristeza, es probable que las alucinaciones sean desagradables. <a href=\"https:\/\/www.bing.com\/search?q=Buy%20Anasket%201000mg%2F10ml%20Online&amp;qs=n&amp;form=QBRE&amp;sp=-1&amp;lq=0&amp;pq=buy%20anasket%201000mg%2F10ml%20online&amp;sc=0-30&amp;sk=&amp;cvid=B0214D489ABC42E7AED31B90CF908A6C&amp;ghsh=0&amp;ghacc=0&amp;ghpl=\">Comprar ketamina en venta en l\u00ednea<\/a><a href=\"https:\/\/narcopowders.com\/es\/\">.<\/a><\/p>","protected":false},"excerpt":{"rendered":"<p>Comprar Anasket 1000mg\/10ml Comprar Anasket 1000mg\/10ml, Comprar Anest\u00e9sico On Sale's Para la venta es pura anesket 1000 mg\/10 ml. Somos la parte superior y m\u00e1s fiable ketamina pura 1000mg \/ 10ml proveedor. El sitio web NarcoPowders.com ofrece una variedad de art\u00edculos, incluyendo c\u00f3mo ordenar ketamina en polvo y hcl l\u00edquido. Todos nuestros productos son producidos por [...]<\/p>","protected":false},"featured_media":19447,"comment_status":"open","ping_status":"closed","template":"","meta":{"_joinchat":[]},"product_brand":[],"product_cat":[1325],"product_tag":[],"class_list":{"0":"post-19431","1":"product","2":"type-product","3":"status-publish","4":"has-post-thumbnail","6":"product_cat-buy-ketamine-online","8":"first","9":"instock","10":"shipping-taxable","11":"purchasable","12":"product-type-variable","13":"add-to-wishlist-after_add_to_cart"},"yoast_head":"<!-- This site is optimized with the Yoast SEO plugin v27.5 - https:\/\/yoast.com\/product\/yoast-seo-wordpress\/ -->\n<title>Buy Anasket 1000mg\/10ml - Narco Powders<\/title>\n<meta name=\"description\" content=\"Buy Anasket 1000mg\/10ml, Anesket 1000mg-10ml Solution | Anesket Injection, Non prescription | Buy Ketamine for Sale Online Near me discreetly.\" \/>\n<meta name=\"robots\" content=\"index, follow, max-snippet:-1, max-image-preview:large, max-video-preview:-1\" \/>\n<link rel=\"canonical\" href=\"https:\/\/narcopowders.com\/es\/producto\/buy-anasket-1000mg-10ml\/\" \/>\n<meta property=\"og:locale\" content=\"es_ES\" \/>\n<meta property=\"og:type\" content=\"article\" \/>\n<meta property=\"og:title\" content=\"Buy Anasket 1000mg\/10ml - Narco Powders\" \/>\n<meta property=\"og:description\" content=\"Buy Anasket 1000mg\/10ml, Anesket 1000mg-10ml Solution | Anesket Injection, Non prescription | Buy Ketamine for Sale Online Near me discreetly.\" \/>\n<meta property=\"og:url\" content=\"https:\/\/narcopowders.com\/es\/producto\/buy-anasket-1000mg-10ml\/\" \/>\n<meta property=\"og:site_name\" content=\"Narco Powders\" \/>\n<meta property=\"article:modified_time\" content=\"2025-09-25T07:47:15+00:00\" \/>\n<meta property=\"og:image\" content=\"https:\/\/narcopowders.com\/wp-content\/uploads\/2023\/07\/Anasket.jpg\" \/>\n\t<meta property=\"og:image:width\" content=\"600\" \/>\n\t<meta property=\"og:image:height\" content=\"600\" \/>\n\t<meta property=\"og:image:type\" content=\"image\/jpeg\" \/>\n<meta name=\"twitter:card\" content=\"summary_large_image\" \/>\n<meta name=\"twitter:label1\" content=\"Tiempo de lectura\" \/>\n\t<meta name=\"twitter:data1\" content=\"2 minutos\" \/>\n<!-- \/ Yoast SEO plugin. -->","yoast_head_json":{"title":"Comprar Anasket 1000mg\/10ml - Narco Powders","description":"Comprar Anasket 1000mg\/10ml, Anesket 1000mg-10ml Solution | Anesket Injection, Non prescription | Comprar Ketamina en Venta Online Cerca de mi discretamente.","robots":{"index":"index","follow":"follow","max-snippet":"max-snippet:-1","max-image-preview":"max-image-preview:large","max-video-preview":"max-video-preview:-1"},"canonical":"https:\/\/narcopowders.com\/es\/producto\/buy-anasket-1000mg-10ml\/","og_locale":"es_ES","og_type":"article","og_title":"Buy Anasket 1000mg\/10ml - Narco Powders","og_description":"Buy Anasket 1000mg\/10ml, Anesket 1000mg-10ml Solution | Anesket Injection, Non prescription | Buy Ketamine for Sale Online Near me discreetly.","og_url":"https:\/\/narcopowders.com\/es\/producto\/buy-anasket-1000mg-10ml\/","og_site_name":"Narco Powders","article_modified_time":"2025-09-25T07:47:15+00:00","og_image":[{"width":600,"height":600,"url":"https:\/\/narcopowders.com\/wp-content\/uploads\/2023\/07\/Anasket.jpg","type":"image\/jpeg"}],"twitter_card":"summary_large_image","twitter_misc":{"Tiempo de lectura":"2 minutos"},"schema":{"@context":"https:\/\/schema.org","@graph":[{"@type":"WebPage","@id":"https:\/\/narcopowders.com\/product\/buy-anasket-1000mg-10ml\/","url":"https:\/\/narcopowders.com\/product\/buy-anasket-1000mg-10ml\/","name":"Comprar Anasket 1000mg\/10ml - Narco Powders","isPartOf":{"@id":"https:\/\/narcopowders.com\/#website"},"primaryImageOfPage":{"@id":"https:\/\/narcopowders.com\/product\/buy-anasket-1000mg-10ml\/#primaryimage"},"image":{"@id":"https:\/\/narcopowders.com\/product\/buy-anasket-1000mg-10ml\/#primaryimage"},"thumbnailUrl":"https:\/\/narcopowders.com\/wp-content\/uploads\/2023\/07\/Anasket.jpg","datePublished":"2023-07-29T08:01:13+00:00","dateModified":"2025-09-25T07:47:15+00:00","description":"Comprar Anasket 1000mg\/10ml, Anesket 1000mg-10ml Solution | Anesket Injection, Non prescription | Comprar Ketamina en Venta Online Cerca de mi discretamente.","breadcrumb":{"@id":"https:\/\/narcopowders.com\/product\/buy-anasket-1000mg-10ml\/#breadcrumb"},"inLanguage":"es","potentialAction":[{"@type":"ReadAction","target":["https:\/\/narcopowders.com\/product\/buy-anasket-1000mg-10ml\/"]}]},{"@type":"ImageObject","inLanguage":"es","@id":"https:\/\/narcopowders.com\/product\/buy-anasket-1000mg-10ml\/#primaryimage","url":"https:\/\/narcopowders.com\/wp-content\/uploads\/2023\/07\/Anasket.jpg","contentUrl":"https:\/\/narcopowders.com\/wp-content\/uploads\/2023\/07\/Anasket.jpg","width":600,"height":600,"caption":"Anasket"},{"@type":"BreadcrumbList","@id":"https:\/\/narcopowders.com\/product\/buy-anasket-1000mg-10ml\/#breadcrumb","itemListElement":[{"@type":"ListItem","position":1,"name":"Home","item":"https:\/\/narcopowders.com\/"},{"@type":"ListItem","position":2,"name":"Shop Page","item":"https:\/\/narcopowders.com\/shop\/"},{"@type":"ListItem","position":3,"name":"Buy Anasket 1000mg\/10ml"}]},{"@type":"WebSite","@id":"https:\/\/narcopowders.com\/#website","url":"https:\/\/narcopowders.com\/","name":"Narc\u00f3ticos en polv","description":"Mi blog de WordPress","potentialAction":[{"@type":"SearchAction","target":{"@type":"EntryPoint","urlTemplate":"https:\/\/narcopowders.com\/?s={search_term_string}"},"query-input":{"@type":"PropertyValueSpecification","valueRequired":true,"valueName":"search_term_string"}}],"inLanguage":"es"}]}},"_links":{"self":[{"href":"https:\/\/narcopowders.com\/es\/wp-json\/wp\/v2\/product\/19431","targetHints":{"allow":["GET"]}}],"collection":[{"href":"https:\/\/narcopowders.com\/es\/wp-json\/wp\/v2\/product"}],"about":[{"href":"https:\/\/narcopowders.com\/es\/wp-json\/wp\/v2\/types\/product"}],"replies":[{"embeddable":true,"href":"https:\/\/narcopowders.com\/es\/wp-json\/wp\/v2\/comments?post=19431"}],"wp:featuredmedia":[{"embeddable":true,"href":"https:\/\/narcopowders.com\/es\/wp-json\/wp\/v2\/media\/19447"}],"wp:attachment":[{"href":"https:\/\/narcopowders.com\/es\/wp-json\/wp\/v2\/media?parent=19431"}],"wp:term":[{"taxonomy":"product_brand","embeddable":true,"href":"https:\/\/narcopowders.com\/es\/wp-json\/wp\/v2\/product_brand?post=19431"},{"taxonomy":"product_cat","embeddable":true,"href":"https:\/\/narcopowders.com\/es\/wp-json\/wp\/v2\/product_cat?post=19431"},{"taxonomy":"product_tag","embeddable":true,"href":"https:\/\/narcopowders.com\/es\/wp-json\/wp\/v2\/product_tag?post=19431"}],"curies":[{"name":"wp","href":"https:\/\/api.w.org\/{rel}","templated":true}]}}