{"id":19449,"date":"2023-07-29T08:09:11","date_gmt":"2023-07-29T08:09:11","guid":{"rendered":"https:\/\/narcopowders.com\/?post_type=product&#038;p=19449"},"modified":"2025-09-25T07:53:14","modified_gmt":"2025-09-25T07:53:14","slug":"buy-ketamine-anasket-powder","status":"publish","type":"product","link":"https:\/\/narcopowders.com\/es\/producto\/buy-ketamine-anasket-powder\/","title":{"rendered":"Comprar Ketamina Anasket en Polvo"},"content":{"rendered":"<h2>Comprar Ketamina Anasket en Polvo<\/h2>\n<p><strong>Compre Anesket 1000mg\/10ml de la mejor calidad en l\u00ednea. Anesket 1000mg\/10ml a la venta.<\/strong><\/p>\n<p><a href=\"https:\/\/narcopowders.com\/es\/producto\/buy-ketamine-anasket-powder\/\">Comprar ketamina anest\u00e9sica en polvo.<\/a> Una de las principales cosas que hacemos aqu\u00ed es ofrecer <a href=\"https:\/\/narcopowders.com\/es\/\">anaesthetic for sale<\/a>Comprar polvo anest\u00e9sico de ketamina Una de las principales cosas que hacemos aqu\u00ed es ofrecer anest\u00e9sicos a la venta. Como resultado, vendemos o suministramos anesket tanto con receta como sin ella. Los compradores en l\u00ednea de todo el mundo pueden comprar anesket con o sin receta. Este f\u00e1rmaco se comporta de forma similar a la ketamina. Se emplea para sedar al paciente durante operaciones complicadas. En consecuencia, pertenece a la misma rama de la medicina conocida como anestesia. <a href=\"https:\/\/en.wikipedia.org\/wiki\/Ketamine\">anaesthesia<\/a>.<\/p>\n<p>El f\u00e1rmaco se presenta en un vial incoloro y es extremadamente potente debido a sus efectos sedantes y alucin\u00f3genos. En la mayor\u00eda de los pa\u00edses del mundo, <a href=\"https:\/\/www.google.com\/search?q=Buy+Ketamine+Anasket+Powder+online&amp;sca_esv=7d1b82273738a5db&amp;sxsrf=AHTn8zo54tGqkU6L_8OjZ_3jVKesgfLYSA%3A1742907629164&amp;ei=7ajiZ9DZCbmvseMPy4fciQ8&amp;ved=0ahUKEwiQhPPwpKWMAxW5V2wGHcsDN_EQ4dUDCA8&amp;uact=5&amp;oq=Buy+Ketamine+Anasket+Powder+online&amp;gs_lp=Egxnd3Mtd2l6LXNlcnAiIkJ1eSBLZXRhbWluZSBBbmFza2V0IFBvd2RlciBvbmxpbmVIyQZQuQRYuQRwAXgAkAEAmAHeAaAB3gGqAQMyLTG4AQPIAQD4AQH4AQKYAgGgAgqoAhTCAgcQIxgnGOoCwgIQEAAYAxi0AhjqAhiPAdgBAcICEBAuGAMYtAIY6gIYjwHYAQGYAwrxBbaSxbb4_RXLugYGCAEQARgKkgcBMaAH4wGyBwC4BwA&amp;sclient=gws-wiz-serp\">anesket is frequently used as a muscle relaxant<\/a>El medicamento puede ser particularmente \u00fatil para tratar el dolor, la depresi\u00f3n y una serie de otras afecciones, adem\u00e1s de ser <a href=\"https:\/\/www.bing.com\/search?q=Buy%20Ketamine%20Anasket%20Powder%20online&amp;qs=n&amp;form=QBRE&amp;sp=-1&amp;lq=0&amp;pq=buy%20ketamine%20anasket%20powder%20online&amp;sc=0-34&amp;sk=&amp;cvid=B1808501B839429CA847B791ED920727&amp;ghsh=0&amp;ghacc=0&amp;ghpl=\">used as a sedative or anaesthesia<\/a>Inyecci\u00f3n anest\u00e9sica sin receta<\/p>\n<p><a href=\"https:\/\/www.google.com\/search?q=Buy+Ketamine+Anasket+Powder+online&amp;sca_esv=7d1b82273738a5db&amp;sxsrf=AHTn8zo54tGqkU6L_8OjZ_3jVKesgfLYSA%3A1742907629164&amp;ei=7ajiZ9DZCbmvseMPy4fciQ8&amp;ved=0ahUKEwiQhPPwpKWMAxW5V2wGHcsDN_EQ4dUDCA8&amp;uact=5&amp;oq=Buy+Ketamine+Anasket+Powder+online&amp;gs_lp=Egxnd3Mtd2l6LXNlcnAiIkJ1eSBLZXRhbWluZSBBbmFza2V0IFBvd2RlciBvbmxpbmVIyQZQuQRYuQRwAXgAkAEAmAHeAaAB3gGqAQMyLTG4AQPIAQD4AQH4AQKYAgGgAgqoAhTCAgcQIxgnGOoCwgIQEAAYAxi0AhjqAhiPAdgBAcICEBAuGAMYtAIY6gIYjwHYAQGYAwrxBbaSxbb4_RXLugYGCAEQARgKkgcBMaAH4wGyBwC4BwA&amp;sclient=gws-wiz-serp\">Anesket 1000mg-10ml Solution<\/a> | Inyecci\u00f3n de Anesket, sin receta | <a href=\"https:\/\/duckduckgo.com\/?q=Buy+Ketamine+Anasket+Powder+online&amp;t=h_&amp;ia=web\">Discreet Online Ketamine Purchase Near Me<\/a><\/p>\n<h3>Ofreciendo Mejor Grado ANESKET 1000MG-10ML SOLUCI\u00d3N es lo que hacemos.<\/h3>\n<p>Al ofrecer un excelente grado ANESKET 1000MG-10ML SOLUCI\u00d3N, hemos establecido una posici\u00f3n distintiva en este campo.<\/p>\n<p>Las inyecciones de anestesia pueden administrarse solas o en combinaci\u00f3n con otros medicamentos para provocar la inconsciencia antes y durante una intervenci\u00f3n quir\u00fargica u otros procedimientos m\u00e9dicos. Es un miembro de la clase de f\u00e1rmacos conocidos como anest\u00e9sicos generales.Anest\u00e9sico 1000mg\/10ml legal. Venta de ketamina inyectable. <a href=\"https:\/\/duckduckgo.com\/?q=Buy+Ketamine+Anasket+Powder+online&amp;t=h_&amp;ia=web\">Comprar ketamina anest\u00e9sica en polvo.<\/a>.<\/p>\n<p>S\u00f3lo los profesionales m\u00e9dicos expertos en su uso pueden administrar anest\u00e9sicos, y deben hacerlo bajo su supervisi\u00f3n directa. Su m\u00e9dico o anestesista le administrar\u00e1 Anesket si lo necesita durante una intervenci\u00f3n quir\u00fargica y vigilar\u00e1 de cerca su evoluci\u00f3n.Anest\u00e9sico 1000mg\/10ml legal.Comprar anest\u00e9sico ketamina en polvo<a href=\"https:\/\/www.bing.com\/search?q=Buy%20Ketamine%20Anasket%20Powder%20online&amp;qs=n&amp;form=QBRE&amp;sp=-1&amp;lq=0&amp;pq=buy%20ketamine%20anasket%20powder%20online&amp;sc=0-34&amp;sk=&amp;cvid=B1808501B839429CA847B791ED920727&amp;ghsh=0&amp;ghacc=0&amp;ghpl=\">Comprar ketamina anest\u00e9sica en polvo.<\/a><\/p>","protected":false},"excerpt":{"rendered":"<p>Buy Ketamine Anasket Powder Buy Top Quality Anesket 1000mg\/10ml Online. Anesket 1000mg\/10ml for sale. Purchase ketamine anaesthetic powder One of the main things we do here is offer anaesthetic for sale. As a result, we sell or supply anesket both with and without a prescription. Online shoppers from all around the world can purchase Anesket [&hellip;]<\/p>","protected":false},"featured_media":19564,"comment_status":"open","ping_status":"closed","template":"","meta":{"_joinchat":[]},"product_brand":[],"product_cat":[1325],"product_tag":[],"class_list":{"0":"post-19449","1":"product","2":"type-product","3":"status-publish","4":"has-post-thumbnail","6":"product_cat-buy-ketamine-online","8":"first","9":"instock","10":"shipping-taxable","11":"purchasable","12":"product-type-variable","13":"add-to-wishlist-after_add_to_cart"},"yoast_head":"<!-- This site is optimized with the Yoast SEO plugin v27.5 - https:\/\/yoast.com\/product\/yoast-seo-wordpress\/ -->\n<title>Buy Ketamine Anasket Powder - Narco Powders<\/title>\n<meta name=\"robots\" content=\"index, follow, max-snippet:-1, max-image-preview:large, max-video-preview:-1\" \/>\n<link rel=\"canonical\" href=\"https:\/\/narcopowders.com\/es\/producto\/buy-ketamine-anasket-powder\/\" \/>\n<meta property=\"og:locale\" content=\"es_ES\" \/>\n<meta property=\"og:type\" content=\"article\" \/>\n<meta property=\"og:title\" content=\"Buy Ketamine Anasket Powder - Narco Powders\" \/>\n<meta property=\"og:description\" content=\"Buy Ketamine Anasket Powder Buy Top Quality Anesket 1000mg\/10ml Online. Anesket 1000mg\/10ml for sale. Purchase ketamine anaesthetic powder One of the main things we do here is offer anaesthetic for sale. As a result, we sell or supply anesket both with and without a prescription. Online shoppers from all around the world can purchase Anesket [&hellip;]\" \/>\n<meta property=\"og:url\" content=\"https:\/\/narcopowders.com\/es\/producto\/buy-ketamine-anasket-powder\/\" \/>\n<meta property=\"og:site_name\" content=\"Narco Powders\" \/>\n<meta property=\"article:modified_time\" content=\"2025-09-25T07:53:14+00:00\" \/>\n<meta property=\"og:image\" content=\"https:\/\/narcopowders.com\/wp-content\/uploads\/2023\/07\/Buy-Ketamine-Powder.jpg\" \/>\n\t<meta property=\"og:image:width\" content=\"600\" \/>\n\t<meta property=\"og:image:height\" content=\"600\" \/>\n\t<meta property=\"og:image:type\" content=\"image\/jpeg\" \/>\n<meta name=\"twitter:card\" content=\"summary_large_image\" \/>\n<meta name=\"twitter:label1\" content=\"Tiempo de lectura\" \/>\n\t<meta name=\"twitter:data1\" content=\"2 minutos\" \/>\n<!-- \/ Yoast SEO plugin. -->","yoast_head_json":{"title":"Comprar Ketamina Anasket en Polvo - Narco Powders","robots":{"index":"index","follow":"follow","max-snippet":"max-snippet:-1","max-image-preview":"max-image-preview:large","max-video-preview":"max-video-preview:-1"},"canonical":"https:\/\/narcopowders.com\/es\/producto\/buy-ketamine-anasket-powder\/","og_locale":"es_ES","og_type":"article","og_title":"Buy Ketamine Anasket Powder - Narco Powders","og_description":"Buy Ketamine Anasket Powder Buy Top Quality Anesket 1000mg\/10ml Online. Anesket 1000mg\/10ml for sale. Purchase ketamine anaesthetic powder One of the main things we do here is offer anaesthetic for sale. As a result, we sell or supply anesket both with and without a prescription. Online shoppers from all around the world can purchase Anesket [&hellip;]","og_url":"https:\/\/narcopowders.com\/es\/producto\/buy-ketamine-anasket-powder\/","og_site_name":"Narco Powders","article_modified_time":"2025-09-25T07:53:14+00:00","og_image":[{"width":600,"height":600,"url":"https:\/\/narcopowders.com\/wp-content\/uploads\/2023\/07\/Buy-Ketamine-Powder.jpg","type":"image\/jpeg"}],"twitter_card":"summary_large_image","twitter_misc":{"Tiempo de lectura":"2 minutos"},"schema":{"@context":"https:\/\/schema.org","@graph":[{"@type":"WebPage","@id":"https:\/\/narcopowders.com\/product\/buy-ketamine-anasket-powder\/","url":"https:\/\/narcopowders.com\/product\/buy-ketamine-anasket-powder\/","name":"Comprar Ketamina Anasket en Polvo - Narco Powders","isPartOf":{"@id":"https:\/\/narcopowders.com\/#website"},"primaryImageOfPage":{"@id":"https:\/\/narcopowders.com\/product\/buy-ketamine-anasket-powder\/#primaryimage"},"image":{"@id":"https:\/\/narcopowders.com\/product\/buy-ketamine-anasket-powder\/#primaryimage"},"thumbnailUrl":"https:\/\/narcopowders.com\/wp-content\/uploads\/2023\/07\/Buy-Ketamine-Powder.jpg","datePublished":"2023-07-29T08:09:11+00:00","dateModified":"2025-09-25T07:53:14+00:00","breadcrumb":{"@id":"https:\/\/narcopowders.com\/product\/buy-ketamine-anasket-powder\/#breadcrumb"},"inLanguage":"es","potentialAction":[{"@type":"ReadAction","target":["https:\/\/narcopowders.com\/product\/buy-ketamine-anasket-powder\/"]}]},{"@type":"ImageObject","inLanguage":"es","@id":"https:\/\/narcopowders.com\/product\/buy-ketamine-anasket-powder\/#primaryimage","url":"https:\/\/narcopowders.com\/wp-content\/uploads\/2023\/07\/Buy-Ketamine-Powder.jpg","contentUrl":"https:\/\/narcopowders.com\/wp-content\/uploads\/2023\/07\/Buy-Ketamine-Powder.jpg","width":600,"height":600,"caption":"Buy-Ketamine-Powder online"},{"@type":"BreadcrumbList","@id":"https:\/\/narcopowders.com\/product\/buy-ketamine-anasket-powder\/#breadcrumb","itemListElement":[{"@type":"ListItem","position":1,"name":"Home","item":"https:\/\/narcopowders.com\/"},{"@type":"ListItem","position":2,"name":"Shop Page","item":"https:\/\/narcopowders.com\/shop\/"},{"@type":"ListItem","position":3,"name":"Buy Ketamine Anasket Powder"}]},{"@type":"WebSite","@id":"https:\/\/narcopowders.com\/#website","url":"https:\/\/narcopowders.com\/","name":"Narc\u00f3ticos en polv","description":"Mi blog de WordPress","potentialAction":[{"@type":"SearchAction","target":{"@type":"EntryPoint","urlTemplate":"https:\/\/narcopowders.com\/?s={search_term_string}"},"query-input":{"@type":"PropertyValueSpecification","valueRequired":true,"valueName":"search_term_string"}}],"inLanguage":"es"}]}},"_links":{"self":[{"href":"https:\/\/narcopowders.com\/es\/wp-json\/wp\/v2\/product\/19449","targetHints":{"allow":["GET"]}}],"collection":[{"href":"https:\/\/narcopowders.com\/es\/wp-json\/wp\/v2\/product"}],"about":[{"href":"https:\/\/narcopowders.com\/es\/wp-json\/wp\/v2\/types\/product"}],"replies":[{"embeddable":true,"href":"https:\/\/narcopowders.com\/es\/wp-json\/wp\/v2\/comments?post=19449"}],"wp:featuredmedia":[{"embeddable":true,"href":"https:\/\/narcopowders.com\/es\/wp-json\/wp\/v2\/media\/19564"}],"wp:attachment":[{"href":"https:\/\/narcopowders.com\/es\/wp-json\/wp\/v2\/media?parent=19449"}],"wp:term":[{"taxonomy":"product_brand","embeddable":true,"href":"https:\/\/narcopowders.com\/es\/wp-json\/wp\/v2\/product_brand?post=19449"},{"taxonomy":"product_cat","embeddable":true,"href":"https:\/\/narcopowders.com\/es\/wp-json\/wp\/v2\/product_cat?post=19449"},{"taxonomy":"product_tag","embeddable":true,"href":"https:\/\/narcopowders.com\/es\/wp-json\/wp\/v2\/product_tag?post=19449"}],"curies":[{"name":"wp","href":"https:\/\/api.w.org\/{rel}","templated":true}]}}