{"id":19468,"date":"2023-07-29T08:57:44","date_gmt":"2023-07-29T08:57:44","guid":{"rendered":"https:\/\/narcopowders.com\/?post_type=product&#038;p=19468"},"modified":"2025-09-25T07:58:02","modified_gmt":"2025-09-25T07:58:02","slug":"buy-ketamine-crystal-rock","status":"publish","type":"product","link":"https:\/\/narcopowders.com\/es\/producto\/comprar-ketamina-cristal-rock\/","title":{"rendered":"Buy Ketamine Crystal Rock Online"},"content":{"rendered":"<h2>Comprar Ketamina Crystal Rock<\/h2>\n<p><a href=\"https:\/\/narcopowders.com\/es\/producto\/comprar-ketamina-cristal-rock\/\">Comprar Ketamina Crystal Rock en l\u00ednea<\/a><\/p>\n<p><a href=\"https:\/\/en.wikipedia.org\/wiki\/Ketamine\">Comprar Ketamina Crystal Rock en l\u00ednea<\/a> es un f\u00e1rmaco utilizado principalmente en anestesia. Otras aplicaciones incluyen el dolor cr\u00f3nico y la sedaci\u00f3n en cuidados intensivos.<\/p>\n<p>El repentino aumento de <a href=\"https:\/\/narcopowders.com\/es\/producto\/comprar-ketamina-cristal-rock\/\">clorhidrato de ketamina<\/a> El r\u00e1pido subid\u00f3n que provoca la ketamina dura aproximadamente una hora. Comienza entre 2 y 5 minutos despu\u00e9s de fumar o ingerir la dosis. Cuando se utiliza una inyecci\u00f3n, se produce unos 30 segundos despu\u00e9s de la inyecci\u00f3n.<\/p>\n<p>La abrumadora sensaci\u00f3n de relajaci\u00f3n que experimenta el usuario en su subid\u00f3n inicial suele denominarse coloc\u00f3n corporal. Algunos consumidores dicen que se sienten como si flotaran y otros incluso que no est\u00e1n en su cuerpo. Las alucinaciones son frecuentes y suelen durar m\u00e1s que los efectos de la anestesia.<a href=\"https:\/\/www.google.com\/search?q=Buy+Ketamine+Crystal+Rock+Online&amp;sca_esv=7d1b82273738a5db&amp;sxsrf=AHTn8zr3HBGVOAtLOqJfxtiPIVxAbwGqJg%3A1742907805129&amp;ei=naniZ-7SB6-VseMPltDB2QM&amp;ved=0ahUKEwiulefEpaWMAxWvSmwGHRZoMDsQ4dUDCA8&amp;uact=5&amp;oq=Buy+Ketamine+Crystal+Rock+Online&amp;gs_lp=Egxnd3Mtd2l6LXNlcnAiIEJ1eSBLZXRhbWluZSBDcnlzdGFsIFJvY2sgT25saW5lSL8SUABYAHAAeACQAQCYAbYCoAG2AqoBAzMtMbgBA8gBAPgBAvgBAZgCAKACAJgDAJIHAKAHVLIHALgHAA&amp;sclient=gws-wiz-serp\">Comprar ketamina de roca cristalina<\/a><\/p>\n<p>Los usuarios han informado de una disociaci\u00f3n total y completa de sus cuerpos como resultado de la <a href=\"https:\/\/www.bing.com\/search?q=Buy%20Ketamine%20Crystal%20Rock%20Online&amp;qs=n&amp;form=QBRE&amp;sp=-1&amp;lq=0&amp;pq=buy%20ketamine%20crystal%20rock%20online&amp;sc=0-32&amp;sk=&amp;cvid=6B9B6C1E7C4A4175B1918ED74CAB4531&amp;ghsh=0&amp;ghacc=0&amp;ghpl=\">more severe effects<\/a> Los usuarios han informado de una disociaci\u00f3n total y completa de sus cuerpos como resultado de los efectos m\u00e1s graves que pueden inducir las dosis m\u00e1s altas. Los efectos se parecen a los que han descrito las personas que han tenido experiencias cercanas a la muerte, y es como estar en el \"agujero K\"<\/p>\n<p>Recent advances in <a href=\"https:\/\/www.bing.com\/search?q=Buy%20Ketamine%20Crystal%20Rock%20Online&amp;qs=n&amp;form=QBRE&amp;sp=-1&amp;lq=0&amp;pq=buy%20ketamine%20crystal%20rock%20online&amp;sc=0-32&amp;sk=&amp;cvid=6B9B6C1E7C4A4175B1918ED74CAB4531&amp;ghsh=0&amp;ghacc=0&amp;ghpl=\">Las investigaciones sobre la ketamina destacan las ventajas<\/a> Los \u00faltimos avances en la investigaci\u00f3n sobre la ketamina ponen de relieve las ventajas que aporta a las personas deprimidas. Sobre todo para quienes han probado varios antidepresivos pero han fracasado. En comparaci\u00f3n con los ISRS, que suelen recomendarse para tratar la depresi\u00f3n, la ketamina funciona de forma diferente dentro del cerebro. Una vez controlada, la ketamina act\u00faa con rapidez.<\/p>\n<p>La ketamina tiene un claro efecto estimulante 40 minutos despu\u00e9s de su administraci\u00f3n. Seg\u00fan la publicaci\u00f3n, investigaciones recientes muestran \"una enorme mejora de los gravosos efectos secundarios en unas 24 horas tras la administraci\u00f3n de ketamina en comparaci\u00f3n con el tratamiento falso\". <a href=\"https:\/\/duckduckgo.com\/?q=Buy+Ketamine+Crystal+Rock+Online&amp;t=h_&amp;ia=web\">Ketamina comparada con un tratamiento falso<\/a>,&#8221; according to the publication.<\/p>\n<p>La ketamina inhalada apenas revel\u00f3 efectos psicotomim\u00e9ticos o disociativos.<\/p>\n<p>With the right <a href=\"https:\/\/www.google.com\/search?q=Buy+Ketamine+Crystal+Rock+Online&amp;sca_esv=7d1b82273738a5db&amp;sxsrf=AHTn8zr3HBGVOAtLOqJfxtiPIVxAbwGqJg%3A1742907805129&amp;ei=naniZ-7SB6-VseMPltDB2QM&amp;ved=0ahUKEwiulefEpaWMAxWvSmwGHRZoMDsQ4dUDCA8&amp;uact=5&amp;oq=Buy+Ketamine+Crystal+Rock+Online&amp;gs_lp=Egxnd3Mtd2l6LXNlcnAiIEJ1eSBLZXRhbWluZSBDcnlzdGFsIFJvY2sgT25saW5lSL8SUABYAHAAeACQAQCYAbYCoAG2AqoBAzMtMbgBA8gBAPgBAvgBAZgCAKACAJgDAJIHAKAHVLIHALgHAA&amp;sclient=gws-wiz-serp\">ketamine administration technique<\/a>, this drug can help the brain promote new neuronal connections and <a href=\"https:\/\/duckduckgo.com\/?q=Buy+Ketamine+Crystal+Rock+Online&amp;t=h_&amp;ia=web\">provide long-term relief<\/a>.<\/p>","protected":false},"excerpt":{"rendered":"<p>Buy Ketamine Crystal Rock Buy Ketamine Crystal Rock online Buy Ketamine Crystal Rock online is a drug used primarily in anesthesia. Other applications include chronic pain and sedation in intensive care. The abrupt high from ketamine HCL lasts for roughly an hour. It begins 2 to 5 minutes after smoking or ingesting the dose. When [&hellip;]<\/p>","protected":false},"featured_media":19500,"comment_status":"open","ping_status":"closed","template":"","meta":{"_joinchat":[]},"product_brand":[],"product_cat":[1325],"product_tag":[],"class_list":{"0":"post-19468","1":"product","2":"type-product","3":"status-publish","4":"has-post-thumbnail","6":"product_cat-buy-ketamine-online","8":"first","9":"instock","10":"shipping-taxable","11":"purchasable","12":"product-type-variable","13":"has-default-attributes","14":"add-to-wishlist-after_add_to_cart"},"yoast_head":"<!-- This site is optimized with the Yoast SEO plugin v25.9 - https:\/\/yoast.com\/wordpress\/plugins\/seo\/ -->\n<title>Buy Ketamine Crystal Rock Online - Narco Powders<\/title>\n<meta name=\"robots\" content=\"index, follow, max-snippet:-1, max-image-preview:large, max-video-preview:-1\" \/>\n<link rel=\"canonical\" href=\"https:\/\/narcopowders.com\/es\/producto\/comprar-ketamina-cristal-rock\/\" \/>\n<meta property=\"og:locale\" content=\"es_ES\" \/>\n<meta property=\"og:type\" content=\"article\" \/>\n<meta property=\"og:title\" content=\"Buy Ketamine Crystal Rock Online - Narco Powders\" \/>\n<meta property=\"og:description\" content=\"Buy Ketamine Crystal Rock Buy Ketamine Crystal Rock online Buy Ketamine Crystal Rock online is a drug used primarily in anesthesia. Other applications include chronic pain and sedation in intensive care. The abrupt high from ketamine HCL lasts for roughly an hour. It begins 2 to 5 minutes after smoking or ingesting the dose. When [&hellip;]\" \/>\n<meta property=\"og:url\" content=\"https:\/\/narcopowders.com\/es\/producto\/comprar-ketamina-cristal-rock\/\" \/>\n<meta property=\"og:site_name\" content=\"Narco Powders\" \/>\n<meta property=\"article:modified_time\" content=\"2025-09-25T07:58:02+00:00\" \/>\n<meta property=\"og:image\" content=\"https:\/\/narcopowders.com\/wp-content\/uploads\/2023\/07\/Buy-Ketamine-Crystal-Rock.jpg\" \/>\n\t<meta property=\"og:image:width\" content=\"600\" \/>\n\t<meta property=\"og:image:height\" content=\"600\" \/>\n\t<meta property=\"og:image:type\" content=\"image\/jpeg\" \/>\n<meta name=\"twitter:card\" content=\"summary_large_image\" \/>\n<meta name=\"twitter:label1\" content=\"Tiempo de lectura\" \/>\n\t<meta name=\"twitter:data1\" content=\"2 minutos\" \/>\n<!-- \/ Yoast SEO plugin. -->","yoast_head_json":{"title":"Buy Ketamine Crystal Rock Online - Narco Powders","robots":{"index":"index","follow":"follow","max-snippet":"max-snippet:-1","max-image-preview":"max-image-preview:large","max-video-preview":"max-video-preview:-1"},"canonical":"https:\/\/narcopowders.com\/es\/producto\/comprar-ketamina-cristal-rock\/","og_locale":"es_ES","og_type":"article","og_title":"Buy Ketamine Crystal Rock Online - Narco Powders","og_description":"Buy Ketamine Crystal Rock Buy Ketamine Crystal Rock online Buy Ketamine Crystal Rock online is a drug used primarily in anesthesia. Other applications include chronic pain and sedation in intensive care. The abrupt high from ketamine HCL lasts for roughly an hour. It begins 2 to 5 minutes after smoking or ingesting the dose. When [&hellip;]","og_url":"https:\/\/narcopowders.com\/es\/producto\/comprar-ketamina-cristal-rock\/","og_site_name":"Narco Powders","article_modified_time":"2025-09-25T07:58:02+00:00","og_image":[{"width":600,"height":600,"url":"https:\/\/narcopowders.com\/wp-content\/uploads\/2023\/07\/Buy-Ketamine-Crystal-Rock.jpg","type":"image\/jpeg"}],"twitter_card":"summary_large_image","twitter_misc":{"Tiempo de lectura":"2 minutos"},"schema":{"@context":"https:\/\/schema.org","@graph":[{"@type":"WebPage","@id":"https:\/\/narcopowders.com\/product\/buy-ketamine-crystal-rock\/","url":"https:\/\/narcopowders.com\/product\/buy-ketamine-crystal-rock\/","name":"Buy Ketamine Crystal Rock Online - Narco Powders","isPartOf":{"@id":"https:\/\/narcopowders.com\/#website"},"primaryImageOfPage":{"@id":"https:\/\/narcopowders.com\/product\/buy-ketamine-crystal-rock\/#primaryimage"},"image":{"@id":"https:\/\/narcopowders.com\/product\/buy-ketamine-crystal-rock\/#primaryimage"},"thumbnailUrl":"https:\/\/narcopowders.com\/wp-content\/uploads\/2023\/07\/Buy-Ketamine-Crystal-Rock.jpg","datePublished":"2023-07-29T08:57:44+00:00","dateModified":"2025-09-25T07:58:02+00:00","breadcrumb":{"@id":"https:\/\/narcopowders.com\/product\/buy-ketamine-crystal-rock\/#breadcrumb"},"inLanguage":"es","potentialAction":[{"@type":"ReadAction","target":["https:\/\/narcopowders.com\/product\/buy-ketamine-crystal-rock\/"]}]},{"@type":"ImageObject","inLanguage":"es","@id":"https:\/\/narcopowders.com\/product\/buy-ketamine-crystal-rock\/#primaryimage","url":"https:\/\/narcopowders.com\/wp-content\/uploads\/2023\/07\/Buy-Ketamine-Crystal-Rock.jpg","contentUrl":"https:\/\/narcopowders.com\/wp-content\/uploads\/2023\/07\/Buy-Ketamine-Crystal-Rock.jpg","width":600,"height":600,"caption":"Buy-Ketamine-Crystal-Rock online"},{"@type":"BreadcrumbList","@id":"https:\/\/narcopowders.com\/product\/buy-ketamine-crystal-rock\/#breadcrumb","itemListElement":[{"@type":"ListItem","position":1,"name":"Home","item":"https:\/\/narcopowders.com\/"},{"@type":"ListItem","position":2,"name":"Shop Page","item":"https:\/\/narcopowders.com\/shop\/"},{"@type":"ListItem","position":3,"name":"Buy Ketamine Crystal Rock Online"}]},{"@type":"WebSite","@id":"https:\/\/narcopowders.com\/#website","url":"https:\/\/narcopowders.com\/","name":"Narc\u00f3ticos en polv","description":"Mi blog de WordPress","potentialAction":[{"@type":"SearchAction","target":{"@type":"EntryPoint","urlTemplate":"https:\/\/narcopowders.com\/?s={search_term_string}"},"query-input":{"@type":"PropertyValueSpecification","valueRequired":true,"valueName":"search_term_string"}}],"inLanguage":"es"}]}},"_links":{"self":[{"href":"https:\/\/narcopowders.com\/es\/wp-json\/wp\/v2\/product\/19468","targetHints":{"allow":["GET"]}}],"collection":[{"href":"https:\/\/narcopowders.com\/es\/wp-json\/wp\/v2\/product"}],"about":[{"href":"https:\/\/narcopowders.com\/es\/wp-json\/wp\/v2\/types\/product"}],"replies":[{"embeddable":true,"href":"https:\/\/narcopowders.com\/es\/wp-json\/wp\/v2\/comments?post=19468"}],"wp:featuredmedia":[{"embeddable":true,"href":"https:\/\/narcopowders.com\/es\/wp-json\/wp\/v2\/media\/19500"}],"wp:attachment":[{"href":"https:\/\/narcopowders.com\/es\/wp-json\/wp\/v2\/media?parent=19468"}],"wp:term":[{"taxonomy":"product_brand","embeddable":true,"href":"https:\/\/narcopowders.com\/es\/wp-json\/wp\/v2\/product_brand?post=19468"},{"taxonomy":"product_cat","embeddable":true,"href":"https:\/\/narcopowders.com\/es\/wp-json\/wp\/v2\/product_cat?post=19468"},{"taxonomy":"product_tag","embeddable":true,"href":"https:\/\/narcopowders.com\/es\/wp-json\/wp\/v2\/product_tag?post=19468"}],"curies":[{"name":"wp","href":"https:\/\/api.w.org\/{rel}","templated":true}]}}