{"id":19470,"date":"2023-07-29T08:57:33","date_gmt":"2023-07-29T08:57:33","guid":{"rendered":"https:\/\/narcopowders.com\/?post_type=product&#038;p=19470"},"modified":"2025-09-25T08:12:30","modified_gmt":"2025-09-25T08:12:30","slug":"buy-ketamine-liquid-500mg-10ml","status":"publish","type":"product","link":"https:\/\/narcopowders.com\/es\/producto\/comprar-ketamina-liquida-500mg-10ml\/","title":{"rendered":"Comprar Ketamina L\u00edquida 500mg\/10ml"},"content":{"rendered":"<h2>Comprar Ketamina L\u00edquida 500mg\/10ml<\/h2>\n<p><strong>ketamine 500 mg\/10 ml | Ketamine Liquid for sale<\/strong><\/p>\n<p>Actualmente somos un proveedor l\u00edder de <a href=\"https:\/\/narcopowders.com\/es\/producto\/comprar-ketamina-liquida-500mg-10ml\/\">Calypsol Ketamine Hcl<\/a>\u00a0 use in medicine and research. Additionally, <a href=\"https:\/\/en.wikipedia.org\/wiki\/Ketamine\">We is authorised to transport legally all over the world<\/a>Adem\u00e1s, si se encuentra en una situaci\u00f3n de riesgo, puede ser peligroso. Por lo tanto, hay algunos detalles espec\u00edficos sobre... <a href=\"https:\/\/narcopowders.com\/es\/\">ketamina<\/a> que es importante saber. Si tomas K constantemente y crees que eres un experto en todo<a href=\"https:\/\/en.wikipedia.org\/wiki\/Ketamine\">.<\/a><\/p>\n<h3>ORDER KETAMINE 500 mg\/10 ml FOR SALE<\/h3>\n<p><a href=\"https:\/\/duckduckgo.com\/?q=Buy+Ketamine+Liquid+500mg%2F10ml+online&amp;t=h_&amp;ia=web\">Ketamina<\/a> Se sabe que se obtiene mediante el desv\u00edo de <a href=\"https:\/\/www.bing.com\/search?q=Buy%20Ketamine%20Liquid%20500mg%2F10ml%20online&amp;qs=n&amp;form=QBRE&amp;sp=-1&amp;lq=0&amp;pq=buy%20ketamine%20liquid%20500mg%2F10ml%20online&amp;sc=0-37&amp;sk=&amp;cvid=0EC77725CE214E038A859FEA76F0E8EB&amp;ghsh=0&amp;ghacc=0&amp;ghpl=\">prescription drugs<\/a>En consecuencia, se han producido incidentes de robo de existencias de ketamina en consultorios veterinarios.<a href=\"https:\/\/narcopowders.com\/es\/producto\/cocaina-colombiana\/\">.<\/a><\/p>\n<p>Una dosis de 1 a 2 mg por kg de peso corporal provoca fuertes efectos alucin\u00f3genos y disociativos que duran aproximadamente una hora. Adem\u00e1s, se producen levitaci\u00f3n, estimulaci\u00f3n y efectos visuales. <a href=\"https:\/\/www.google.com\/search?q=Buy+Ketamine+Liquid+500mg%2F10ml+online&amp;sca_esv=2a2a93e8be91f013&amp;sxsrf=AHTn8zqcEInv9wi3fiWT2jsf8SaBU4IP7w%3A1742968978536&amp;ei=kpjjZ6GrIKDtseMPmuyQoQ0&amp;ved=0ahUKEwihvMe2iaeMAxWgdmwGHRo2JNQQ4dUDCA8&amp;uact=5&amp;oq=Buy+Ketamine+Liquid+500mg%2F10ml+online&amp;gs_lp=Egxnd3Mtd2l6LXNlcnAiJUJ1eSBLZXRhbWluZSBMaXF1aWQgNTAwbWcvMTBtbCBvbmxpbmVIqwVQAFgAcAB4AJABAJgBrgKgAa4CqgEDMy0xuAEDyAEA-AEC-AEBmAIAoAIAmAMAkgcAoAdZsgcAuAcA&amp;sclient=gws-wiz-serp\">all possible sensations<\/a>, la stimulation et les effets visuels sont des sensations possibles. Le \"k-hole\" peut donc se produire avec des doses plus \u00e9lev\u00e9es. En outre, les usagers simuleraient une exp\u00e9rience \"hors du corps\" ou \"proche de la mort\" et seraient proches de la somnolence totale. Des doses \u00e9lev\u00e9es peuvent constituer une menace en r\u00e9duisant la respiration, en entra\u00eenant une confusion grave, des vertiges, des probl\u00e8mes d'\u00e9quilibre, des troubles de l'\u00e9locution, des spasmes ou des faiblesses musculaires, des troubles de la vue, des naus\u00e9es et des vomissements. Achat de K\u00e9tamine en ligne | Achat de K\u00e9tamine en ligne | Commande de Calypsol K\u00e9tamine Hcl<a href=\"https:\/\/www.bing.com\/search?q=Buy%20Ketamine%20Liquid%20500mg%2F10ml%20online&amp;qs=n&amp;form=QBRE&amp;sp=-1&amp;lq=0&amp;pq=buy%20ketamine%20liquid%20500mg%2F10ml%20online&amp;sc=0-37&amp;sk=&amp;cvid=0EC77725CE214E038A859FEA76F0E8EB&amp;ghsh=0&amp;ghacc=0&amp;ghpl=\">Order Calypsol Ketamine Hcl<\/a><\/p>\n<h3>FOR SALE: KETAMINE 500 MG\/10 ML<\/h3>\n<p>How to get ketamine online and where to <a href=\"https:\/\/duckduckgo.com\/?q=Buy+Ketamine+Liquid+500mg%2F10ml+online&amp;t=h_&amp;ia=web\">buy cheap ketamine<\/a>. Additionally, <a href=\"https:\/\/www.google.com\/search?q=Buy+Ketamine+Liquid+500mg%2F10ml+online&amp;sca_esv=2a2a93e8be91f013&amp;sxsrf=AHTn8zqcEInv9wi3fiWT2jsf8SaBU4IP7w%3A1742968978536&amp;ei=kpjjZ6GrIKDtseMPmuyQoQ0&amp;ved=0ahUKEwihvMe2iaeMAxWgdmwGHRo2JNQQ4dUDCA8&amp;uact=5&amp;oq=Buy+Ketamine+Liquid+500mg%2F10ml+online&amp;gs_lp=Egxnd3Mtd2l6LXNlcnAiJUJ1eSBLZXRhbWluZSBMaXF1aWQgNTAwbWcvMTBtbCBvbmxpbmVIqwVQAFgAcAB4AJABAJgBrgKgAa4CqgEDMy0xuAEDyAEA-AEC-AEBmAIAoAIAmAMAkgcAoAdZsgcAuAcA&amp;sclient=gws-wiz-serp\">buy ketamine online usa<\/a>, buy ketamine online without a prescription, online purchasing, purchase ketamine online, and buy ketamine for sale. Ketamine<a href=\"https:\/\/narcopowders.com\/es\/\">.<\/a><\/p>","protected":false},"excerpt":{"rendered":"<p>Buy Ketamine Liquid 500mg\/10ml ketamine 500 mg\/10 ml | Ketamine Liquid for sale We are currently a top provider of Calypsol Ketamine Hcl\u00a0 use in medicine and research. Additionally, We is authorised to transport legally all over the world. Additionally, if you find yourself in a risky scenario, it may be dangerous. Therefore, there are [&hellip;]<\/p>","protected":false},"featured_media":19502,"comment_status":"open","ping_status":"closed","template":"","meta":{"_joinchat":[]},"product_brand":[],"product_cat":[1325],"product_tag":[],"class_list":{"0":"post-19470","1":"product","2":"type-product","3":"status-publish","4":"has-post-thumbnail","6":"product_cat-buy-ketamine-online","8":"first","9":"instock","10":"shipping-taxable","11":"purchasable","12":"product-type-variable","13":"add-to-wishlist-after_add_to_cart"},"yoast_head":"<!-- This site is optimized with the Yoast SEO plugin v25.9 - https:\/\/yoast.com\/wordpress\/plugins\/seo\/ -->\n<title>ketamine 500 mg\/10 ml - Narco Powders<\/title>\n<meta name=\"description\" content=\"ketamine 500 mg\/10 ml, Buy Calypsol Ketamine Hcl 500mg 10ml With Bitcoin Online-Work only needs 10-30 minutes of working time per day,\" \/>\n<meta name=\"robots\" content=\"index, follow, max-snippet:-1, max-image-preview:large, max-video-preview:-1\" \/>\n<link rel=\"canonical\" href=\"https:\/\/narcopowders.com\/es\/producto\/comprar-ketamina-liquida-500mg-10ml\/\" \/>\n<meta property=\"og:locale\" content=\"es_ES\" \/>\n<meta property=\"og:type\" content=\"article\" \/>\n<meta property=\"og:title\" content=\"ketamine 500 mg\/10 ml - Narco Powders\" \/>\n<meta property=\"og:description\" content=\"ketamine 500 mg\/10 ml, Buy Calypsol Ketamine Hcl 500mg 10ml With Bitcoin Online-Work only needs 10-30 minutes of working time per day,\" \/>\n<meta property=\"og:url\" content=\"https:\/\/narcopowders.com\/es\/producto\/comprar-ketamina-liquida-500mg-10ml\/\" \/>\n<meta property=\"og:site_name\" content=\"Narco Powders\" \/>\n<meta property=\"article:modified_time\" content=\"2025-09-25T08:12:30+00:00\" \/>\n<meta property=\"og:image\" content=\"https:\/\/narcopowders.com\/wp-content\/uploads\/2023\/07\/Buy-Ketamine-Liquid.jpg\" \/>\n\t<meta property=\"og:image:width\" content=\"600\" \/>\n\t<meta property=\"og:image:height\" content=\"600\" \/>\n\t<meta property=\"og:image:type\" content=\"image\/jpeg\" \/>\n<meta name=\"twitter:card\" content=\"summary_large_image\" \/>\n<meta name=\"twitter:label1\" content=\"Tiempo de lectura\" \/>\n\t<meta name=\"twitter:data1\" content=\"2 minutos\" \/>\n<!-- \/ Yoast SEO plugin. -->","yoast_head_json":{"title":"ketamine 500 mg\/10 ml - Narco Powders","description":"ketamine 500 mg\/10 ml, Comprar Calypsol Ketamine Hcl 500mg 10ml Con Bitcoin Online-S\u00f3lo necesita 10-30 minutos de tiempo de trabajo al d\u00eda,","robots":{"index":"index","follow":"follow","max-snippet":"max-snippet:-1","max-image-preview":"max-image-preview:large","max-video-preview":"max-video-preview:-1"},"canonical":"https:\/\/narcopowders.com\/es\/producto\/comprar-ketamina-liquida-500mg-10ml\/","og_locale":"es_ES","og_type":"article","og_title":"ketamine 500 mg\/10 ml - Narco Powders","og_description":"ketamine 500 mg\/10 ml, Buy Calypsol Ketamine Hcl 500mg 10ml With Bitcoin Online-Work only needs 10-30 minutes of working time per day,","og_url":"https:\/\/narcopowders.com\/es\/producto\/comprar-ketamina-liquida-500mg-10ml\/","og_site_name":"Narco Powders","article_modified_time":"2025-09-25T08:12:30+00:00","og_image":[{"width":600,"height":600,"url":"https:\/\/narcopowders.com\/wp-content\/uploads\/2023\/07\/Buy-Ketamine-Liquid.jpg","type":"image\/jpeg"}],"twitter_card":"summary_large_image","twitter_misc":{"Tiempo de lectura":"2 minutos"},"schema":{"@context":"https:\/\/schema.org","@graph":[{"@type":"WebPage","@id":"https:\/\/narcopowders.com\/product\/buy-ketamine-liquid-500mg-10ml\/","url":"https:\/\/narcopowders.com\/product\/buy-ketamine-liquid-500mg-10ml\/","name":"ketamine 500 mg\/10 ml - Narco Powders","isPartOf":{"@id":"https:\/\/narcopowders.com\/#website"},"primaryImageOfPage":{"@id":"https:\/\/narcopowders.com\/product\/buy-ketamine-liquid-500mg-10ml\/#primaryimage"},"image":{"@id":"https:\/\/narcopowders.com\/product\/buy-ketamine-liquid-500mg-10ml\/#primaryimage"},"thumbnailUrl":"https:\/\/narcopowders.com\/wp-content\/uploads\/2023\/07\/Buy-Ketamine-Liquid.jpg","datePublished":"2023-07-29T08:57:33+00:00","dateModified":"2025-09-25T08:12:30+00:00","description":"ketamine 500 mg\/10 ml, Comprar Calypsol Ketamine Hcl 500mg 10ml Con Bitcoin Online-S\u00f3lo necesita 10-30 minutos de tiempo de trabajo al d\u00eda,","breadcrumb":{"@id":"https:\/\/narcopowders.com\/product\/buy-ketamine-liquid-500mg-10ml\/#breadcrumb"},"inLanguage":"es","potentialAction":[{"@type":"ReadAction","target":["https:\/\/narcopowders.com\/product\/buy-ketamine-liquid-500mg-10ml\/"]}]},{"@type":"ImageObject","inLanguage":"es","@id":"https:\/\/narcopowders.com\/product\/buy-ketamine-liquid-500mg-10ml\/#primaryimage","url":"https:\/\/narcopowders.com\/wp-content\/uploads\/2023\/07\/Buy-Ketamine-Liquid.jpg","contentUrl":"https:\/\/narcopowders.com\/wp-content\/uploads\/2023\/07\/Buy-Ketamine-Liquid.jpg","width":600,"height":600,"caption":"Buy-Ketamine-Liquid online"},{"@type":"BreadcrumbList","@id":"https:\/\/narcopowders.com\/product\/buy-ketamine-liquid-500mg-10ml\/#breadcrumb","itemListElement":[{"@type":"ListItem","position":1,"name":"Home","item":"https:\/\/narcopowders.com\/"},{"@type":"ListItem","position":2,"name":"Shop Page","item":"https:\/\/narcopowders.com\/shop\/"},{"@type":"ListItem","position":3,"name":"Buy Ketamine Liquid 500mg\/10ml"}]},{"@type":"WebSite","@id":"https:\/\/narcopowders.com\/#website","url":"https:\/\/narcopowders.com\/","name":"Narc\u00f3ticos en polv","description":"Mi blog de WordPress","potentialAction":[{"@type":"SearchAction","target":{"@type":"EntryPoint","urlTemplate":"https:\/\/narcopowders.com\/?s={search_term_string}"},"query-input":{"@type":"PropertyValueSpecification","valueRequired":true,"valueName":"search_term_string"}}],"inLanguage":"es"}]}},"_links":{"self":[{"href":"https:\/\/narcopowders.com\/es\/wp-json\/wp\/v2\/product\/19470","targetHints":{"allow":["GET"]}}],"collection":[{"href":"https:\/\/narcopowders.com\/es\/wp-json\/wp\/v2\/product"}],"about":[{"href":"https:\/\/narcopowders.com\/es\/wp-json\/wp\/v2\/types\/product"}],"replies":[{"embeddable":true,"href":"https:\/\/narcopowders.com\/es\/wp-json\/wp\/v2\/comments?post=19470"}],"wp:featuredmedia":[{"embeddable":true,"href":"https:\/\/narcopowders.com\/es\/wp-json\/wp\/v2\/media\/19502"}],"wp:attachment":[{"href":"https:\/\/narcopowders.com\/es\/wp-json\/wp\/v2\/media?parent=19470"}],"wp:term":[{"taxonomy":"product_brand","embeddable":true,"href":"https:\/\/narcopowders.com\/es\/wp-json\/wp\/v2\/product_brand?post=19470"},{"taxonomy":"product_cat","embeddable":true,"href":"https:\/\/narcopowders.com\/es\/wp-json\/wp\/v2\/product_cat?post=19470"},{"taxonomy":"product_tag","embeddable":true,"href":"https:\/\/narcopowders.com\/es\/wp-json\/wp\/v2\/product_tag?post=19470"}],"curies":[{"name":"wp","href":"https:\/\/api.w.org\/{rel}","templated":true}]}}