{"id":19507,"date":"2023-07-29T09:21:56","date_gmt":"2023-07-29T09:21:56","guid":{"rendered":"https:\/\/narcopowders.com\/?post_type=product&#038;p=19507"},"modified":"2025-09-25T08:20:55","modified_gmt":"2025-09-25T08:20:55","slug":"buy-ketamine-rotex-50mg-1ml","status":"publish","type":"product","link":"https:\/\/narcopowders.com\/es\/producto\/comprar-ketamina-rotex-50mg-1ml\/","title":{"rendered":"Comprar Ketamina Rotex 50mg\/1ml"},"content":{"rendered":"<h2>Comprar Ketamina Rotex 50mg\/1ml<\/h2>\n<p><a href=\"https:\/\/narcopowders.com\/es\/producto\/comprar-ketamina-rotex-50mg-1ml\/\">Comprar Ketamina Rotex Online<\/a><\/p>\n<p>El r\u00e1pido subid\u00f3n que provoca la ketamina dura aproximadamente una hora. Comienza entre 2 y 5 minutos despu\u00e9s de fumar o ingerir la dosis. Cuando se utiliza una inyecci\u00f3n, se produce unos 30 segundos despu\u00e9s de la inyecci\u00f3n. <a href=\"https:\/\/narcopowders.com\/es\/\">ketamina rotex en l\u00ednea<\/a><\/p>\n<p>La <a href=\"https:\/\/www.bing.com\/search?q=Buy%20Ketamine%20Rotex%20Online&amp;qs=n&amp;form=QBRE&amp;sp=-1&amp;lq=0&amp;pq=buy%20ketamine%20rotex%20online&amp;sc=0-25&amp;sk=&amp;cvid=90D7C64D59B34FACBA43D679EB0165F5&amp;ghsh=0&amp;ghacc=0&amp;ghpl=\">La abrumadora sensaci\u00f3n de relajaci\u00f3n que ofrece el<\/a> La abrumadora sensaci\u00f3n de relajaci\u00f3n que experimenta el usuario en su subid\u00f3n inicial suele denominarse coloc\u00f3n corporal. Algunos usuarios dicen que se sienten como si estuvieran flotando, y algunos incluso dicen que se sienten como si no estuvieran en sus cuerpos.<\/p>\n<p>Las alucinaciones son frecuentes y suelen durar m\u00e1s que los efectos de la anestesia.Online ketamine rotex purchases<a href=\"https:\/\/en.wikipedia.org\/wiki\/Ketamine\">Compras de ketamina rotex en l\u00ednea<\/a><\/p>\n<p><a href=\"https:\/\/www.google.com\/search?q=Buy+Ketamine+Rotex+Online&amp;sca_esv=2a2a93e8be91f013&amp;sxsrf=AHTn8zoVEDh58FZV0RrZSO-V2d31RQyAOA%3A1742969362343&amp;ei=EprjZ63aFNGNseMP84OF8Ao&amp;ved=0ahUKEwitq8ntiqeMAxXRRmwGHfNBAa4Q4dUDCA8&amp;uact=5&amp;oq=Buy+Ketamine+Rotex+Online&amp;gs_lp=Egxnd3Mtd2l6LXNlcnAiGUJ1eSBLZXRhbWluZSBSb3RleCBPbmxpbmVI1QlQ2gRY2gRwAngAkAEBmAGpAqAB5gOqAQUwLjEuMbgBA8gBAPgBAvgBAZgCAKACAJgDAIgGAZIHAKAHowGyBwC4BwA&amp;sclient=gws-wiz-serp\">Users report complete<\/a> Los consumidores informan de una disociaci\u00f3n completa y total de sus cuerpos a dosis m\u00e1s altas, lo que puede tener efectos m\u00e1s graves.<\/p>\n<h3>Ketamina Rotex 50mg\/1ml barata se puede comprar online.<\/h3>\n<p>Un estudio reciente investig\u00f3 la eficacia de <a href=\"https:\/\/www.bing.com\/search?q=Buy%20Ketamine%20Rotex%20Online&amp;qs=n&amp;form=QBRE&amp;sp=-1&amp;lq=0&amp;pq=buy%20ketamine%20rotex%20online&amp;sc=0-25&amp;sk=&amp;cvid=90D7C64D59B34FACBA43D679EB0165F5&amp;ghsh=0&amp;ghacc=0&amp;ghpl=\">ketamine in reducing social tension<\/a>.<\/p>\n<p>18 adultos que hab\u00edan sido<\/p>\n<p>La marca Rotex es utilizada por una empresa que fabrica soluci\u00f3n de ketamina. <a href=\"https:\/\/duckduckgo.com\/?q=Buy+Ketamine+Rotex+Online&amp;t=h_&amp;ia=web\">manufactures ketamine solution<\/a>.<\/p>\n<p>Es una medicina que inicia el proceso de separaci\u00f3n de tu situaci\u00f3n actual.<\/p>\n<p>Es un sedante disociativo, as\u00ed que te estabiliza, te ayuda a olvidar, pero no te noquea por completo.<\/p>\n<p>Tienes ganas de quedarte dormido despu\u00e9s de usar uno de esos medicamentos.<\/p>\n<p>Es un artificial <a href=\"https:\/\/www.google.com\/search?q=Buy+Ketamine+Rotex+Online&amp;sca_esv=2a2a93e8be91f013&amp;sxsrf=AHTn8zoVEDh58FZV0RrZSO-V2d31RQyAOA%3A1742969362343&amp;ei=EprjZ63aFNGNseMP84OF8Ao&amp;ved=0ahUKEwitq8ntiqeMAxXRRmwGHfNBAa4Q4dUDCA8&amp;uact=5&amp;oq=Buy+Ketamine+Rotex+Online&amp;gs_lp=Egxnd3Mtd2l6LXNlcnAiGUJ1eSBLZXRhbWluZSBSb3RleCBPbmxpbmVI1QlQ2gRY2gRwAngAkAEBmAGpAqAB5gOqAQUwLjEuMbgBA8gBAPgBAvgBAZgCAKACAJgDAIgGAZIHAKAHowGyBwC4BwA&amp;sclient=gws-wiz-serp\">NMDA<\/a> Agonista del receptor. El N-metil-D-aspartato se conoce como NMDA. La teor\u00eda m\u00e1s reciente sugiere que act\u00faa mediante un metabolito o degradaci\u00f3n. <a href=\"https:\/\/duckduckgo.com\/?q=Buy+Ketamine+Rotex+Online&amp;t=h_&amp;ia=web\">producto de la ketamina<\/a>Aunque el mecanismo de acci\u00f3n exacto a\u00fan no est\u00e1 claro. Haga clic aqu\u00ed para obtener una definici\u00f3n detallada de la ketamina.<\/p>\n<p>&nbsp;<\/p>","protected":false},"excerpt":{"rendered":"<p>Buy Ketamine Rotex 50mg\/1ml Buy Ketamine Rotex Online The rapid high that ketamine causes lasts for roughly one hour. It begins 2 to 5 minutes after smoking or ingesting the dose. When an injection is used, it occurs about 30 seconds after the injection. online rotex ketamine The overpowering sense of relaxation that the user [&hellip;]<\/p>","protected":false},"featured_media":19511,"comment_status":"open","ping_status":"closed","template":"","meta":{"_joinchat":[]},"product_brand":[],"product_cat":[1325],"product_tag":[],"class_list":{"0":"post-19507","1":"product","2":"type-product","3":"status-publish","4":"has-post-thumbnail","6":"product_cat-buy-ketamine-online","8":"first","9":"instock","10":"shipping-taxable","11":"purchasable","12":"product-type-variable","13":"add-to-wishlist-after_add_to_cart"},"yoast_head":"<!-- This site is optimized with the Yoast SEO plugin v25.9 - https:\/\/yoast.com\/wordpress\/plugins\/seo\/ -->\n<title>Buy Ketamine Rotex 50mg\/1ml - Narco Powders<\/title>\n<meta name=\"description\" content=\"Buy Ketamine Rotex Online, Narcopowders is Selling Good Grade Ketamine for Bulk Order Rotex Ketamine online, High-Quality Bulk Ketamine Supply.\" \/>\n<meta name=\"robots\" content=\"index, follow, max-snippet:-1, max-image-preview:large, max-video-preview:-1\" \/>\n<link rel=\"canonical\" href=\"https:\/\/narcopowders.com\/es\/producto\/comprar-ketamina-rotex-50mg-1ml\/\" \/>\n<meta property=\"og:locale\" content=\"es_ES\" \/>\n<meta property=\"og:type\" content=\"article\" \/>\n<meta property=\"og:title\" content=\"Buy Ketamine Rotex 50mg\/1ml - Narco Powders\" \/>\n<meta property=\"og:description\" content=\"Buy Ketamine Rotex Online, Narcopowders is Selling Good Grade Ketamine for Bulk Order Rotex Ketamine online, High-Quality Bulk Ketamine Supply.\" \/>\n<meta property=\"og:url\" content=\"https:\/\/narcopowders.com\/es\/producto\/comprar-ketamina-rotex-50mg-1ml\/\" \/>\n<meta property=\"og:site_name\" content=\"Narco Powders\" \/>\n<meta property=\"article:modified_time\" content=\"2025-09-25T08:20:55+00:00\" \/>\n<meta property=\"og:image\" content=\"https:\/\/narcopowders.com\/wp-content\/uploads\/2023\/07\/Buy-Ketamine-Rotex.jpg\" \/>\n\t<meta property=\"og:image:width\" content=\"600\" \/>\n\t<meta property=\"og:image:height\" content=\"600\" \/>\n\t<meta property=\"og:image:type\" content=\"image\/jpeg\" \/>\n<meta name=\"twitter:card\" content=\"summary_large_image\" \/>\n<meta name=\"twitter:label1\" content=\"Tiempo de lectura\" \/>\n\t<meta name=\"twitter:data1\" content=\"2 minutos\" \/>\n<!-- \/ Yoast SEO plugin. -->","yoast_head_json":{"title":"Comprar Ketamina Rotex 50mg\/1ml - Narco Powders","description":"Buy Ketamine Rotex Online, Narcopowders is Selling Good Grade Ketamine for Bulk Order Rotex Ketamine online, High-Quality Bulk Ketamine Supply.","robots":{"index":"index","follow":"follow","max-snippet":"max-snippet:-1","max-image-preview":"max-image-preview:large","max-video-preview":"max-video-preview:-1"},"canonical":"https:\/\/narcopowders.com\/es\/producto\/comprar-ketamina-rotex-50mg-1ml\/","og_locale":"es_ES","og_type":"article","og_title":"Buy Ketamine Rotex 50mg\/1ml - Narco Powders","og_description":"Buy Ketamine Rotex Online, Narcopowders is Selling Good Grade Ketamine for Bulk Order Rotex Ketamine online, High-Quality Bulk Ketamine Supply.","og_url":"https:\/\/narcopowders.com\/es\/producto\/comprar-ketamina-rotex-50mg-1ml\/","og_site_name":"Narco Powders","article_modified_time":"2025-09-25T08:20:55+00:00","og_image":[{"width":600,"height":600,"url":"https:\/\/narcopowders.com\/wp-content\/uploads\/2023\/07\/Buy-Ketamine-Rotex.jpg","type":"image\/jpeg"}],"twitter_card":"summary_large_image","twitter_misc":{"Tiempo de lectura":"2 minutos"},"schema":{"@context":"https:\/\/schema.org","@graph":[{"@type":"WebPage","@id":"https:\/\/narcopowders.com\/product\/buy-ketamine-rotex-50mg-1ml\/","url":"https:\/\/narcopowders.com\/product\/buy-ketamine-rotex-50mg-1ml\/","name":"Comprar Ketamina Rotex 50mg\/1ml - Narco Powders","isPartOf":{"@id":"https:\/\/narcopowders.com\/#website"},"primaryImageOfPage":{"@id":"https:\/\/narcopowders.com\/product\/buy-ketamine-rotex-50mg-1ml\/#primaryimage"},"image":{"@id":"https:\/\/narcopowders.com\/product\/buy-ketamine-rotex-50mg-1ml\/#primaryimage"},"thumbnailUrl":"https:\/\/narcopowders.com\/wp-content\/uploads\/2023\/07\/Buy-Ketamine-Rotex.jpg","datePublished":"2023-07-29T09:21:56+00:00","dateModified":"2025-09-25T08:20:55+00:00","description":"Buy Ketamine Rotex Online, Narcopowders is Selling Good Grade Ketamine for Bulk Order Rotex Ketamine online, High-Quality Bulk Ketamine Supply.","breadcrumb":{"@id":"https:\/\/narcopowders.com\/product\/buy-ketamine-rotex-50mg-1ml\/#breadcrumb"},"inLanguage":"es","potentialAction":[{"@type":"ReadAction","target":["https:\/\/narcopowders.com\/product\/buy-ketamine-rotex-50mg-1ml\/"]}]},{"@type":"ImageObject","inLanguage":"es","@id":"https:\/\/narcopowders.com\/product\/buy-ketamine-rotex-50mg-1ml\/#primaryimage","url":"https:\/\/narcopowders.com\/wp-content\/uploads\/2023\/07\/Buy-Ketamine-Rotex.jpg","contentUrl":"https:\/\/narcopowders.com\/wp-content\/uploads\/2023\/07\/Buy-Ketamine-Rotex.jpg","width":600,"height":600,"caption":"Buy-Ketamine-Rotex online"},{"@type":"BreadcrumbList","@id":"https:\/\/narcopowders.com\/product\/buy-ketamine-rotex-50mg-1ml\/#breadcrumb","itemListElement":[{"@type":"ListItem","position":1,"name":"Home","item":"https:\/\/narcopowders.com\/"},{"@type":"ListItem","position":2,"name":"Shop Page","item":"https:\/\/narcopowders.com\/shop\/"},{"@type":"ListItem","position":3,"name":"Buy Ketamine Rotex 50mg\/1ml"}]},{"@type":"WebSite","@id":"https:\/\/narcopowders.com\/#website","url":"https:\/\/narcopowders.com\/","name":"Narc\u00f3ticos en polv","description":"Mi blog de WordPress","potentialAction":[{"@type":"SearchAction","target":{"@type":"EntryPoint","urlTemplate":"https:\/\/narcopowders.com\/?s={search_term_string}"},"query-input":{"@type":"PropertyValueSpecification","valueRequired":true,"valueName":"search_term_string"}}],"inLanguage":"es"}]}},"_links":{"self":[{"href":"https:\/\/narcopowders.com\/es\/wp-json\/wp\/v2\/product\/19507","targetHints":{"allow":["GET"]}}],"collection":[{"href":"https:\/\/narcopowders.com\/es\/wp-json\/wp\/v2\/product"}],"about":[{"href":"https:\/\/narcopowders.com\/es\/wp-json\/wp\/v2\/types\/product"}],"replies":[{"embeddable":true,"href":"https:\/\/narcopowders.com\/es\/wp-json\/wp\/v2\/comments?post=19507"}],"wp:featuredmedia":[{"embeddable":true,"href":"https:\/\/narcopowders.com\/es\/wp-json\/wp\/v2\/media\/19511"}],"wp:attachment":[{"href":"https:\/\/narcopowders.com\/es\/wp-json\/wp\/v2\/media?parent=19507"}],"wp:term":[{"taxonomy":"product_brand","embeddable":true,"href":"https:\/\/narcopowders.com\/es\/wp-json\/wp\/v2\/product_brand?post=19507"},{"taxonomy":"product_cat","embeddable":true,"href":"https:\/\/narcopowders.com\/es\/wp-json\/wp\/v2\/product_cat?post=19507"},{"taxonomy":"product_tag","embeddable":true,"href":"https:\/\/narcopowders.com\/es\/wp-json\/wp\/v2\/product_tag?post=19507"}],"curies":[{"name":"wp","href":"https:\/\/api.w.org\/{rel}","templated":true}]}}