{"id":20460,"date":"2024-05-23T06:14:04","date_gmt":"2024-05-23T06:14:04","guid":{"rendered":"https:\/\/narcopowders.com\/?post_type=product&#038;p=20460"},"modified":"2025-03-26T08:16:42","modified_gmt":"2025-03-26T08:16:42","slug":"buy-adb-p-online","status":"publish","type":"product","link":"https:\/\/narcopowders.com\/es\/producto\/comprar-adb-p-en-linea\/","title":{"rendered":"Comprar ADB-P en l\u00ednea"},"content":{"rendered":"<h2>Comprar ADB-Pinaca en polvo en l\u00ednea<\/h2>\n<p><a href=\"https:\/\/narcopowders.com\/es\/producto\/comprar-adb-p-en-linea\/\">Compre polvo de Yadav-Pinake en l\u00ednea en Purchashe<\/a>. Methiopropamine\/MPA is a <a href=\"https:\/\/www.google.com\/search?q=Buy+ADB-Pinaca+Powder+online&amp;sca_esv=2a2a93e8be91f013&amp;sxsrf=AHTn8zouNx5T5pMWDwf5U0zFtGlUHOlGsg%3A1742975629298&amp;ei=jbLjZ4LtEaqPseMPqeKoyAc&amp;ved=0ahUKEwjC5_GZoqeMAxWqR2wGHSkxCnkQ4dUDCA8&amp;uact=5&amp;oq=Buy+ADB-Pinaca+Powder+online&amp;gs_lp=Egxnd3Mtd2l6LXNlcnAiHEJ1eSBBREItUGluYWNhIFBvd2RlciBvbmxpbmUyBRAhGKABMgUQIRigAUjbCVCPBViPBXADeACQAQCYAd0BoAHdAaoBAzItMbgBA8gBAPgBAvgBAZgCBKAC9gHCAgsQABiwAxiiBBiJBcICCxAAGIAEGLADGKIEwgIIEAAYsAMY7wWYAwCIBgGQBgWSBwUzLjAuMaAHkwKyBwMyLTG4B-IB&amp;sclient=gws-wiz-serp\">qu\u00edmica<\/a> Stock que est\u00e1 disponible en forma de polvo y cristal. <a href=\"https:\/\/narcopowders.com\/es\/\">ADB-Pinaca<\/a> Powder Purity 98%<\/p>\n<h3>Pureza del polvo ADB-Pinaca<\/h3>\n<p>ProName: <a href=\"https:\/\/en.wikipedia.org\/wiki\/ADB-PINACA\">5F-ADB 5FADB ADB powder<\/a>, 5F-MDMB-PINACA<\/p>\n<p>N\u00ba CAS: 68585-34-2<\/p>\n<p>Chemical Formula: <a href=\"https:\/\/www.bing.com\/search?q=Buy%20ADB-Pinaca%20Powder%20online&amp;qs=n&amp;form=QBRE&amp;sp=-1&amp;ghc=1&amp;lq=0&amp;pq=buy%20adb-pinaca%20powder%20online&amp;sc=12-28&amp;sk=&amp;cvid=3F610330B4134E0C98E28CC1879F33A6&amp;ghsh=0&amp;ghacc=0&amp;ghpl=\">ADB<\/a><\/p>\n<p>Look: a <a href=\"https:\/\/www.google.com\/search?q=Buy+ADB-Pinaca+Powder+online&amp;sca_esv=2a2a93e8be91f013&amp;sxsrf=AHTn8zouNx5T5pMWDwf5U0zFtGlUHOlGsg%3A1742975629298&amp;ei=jbLjZ4LtEaqPseMPqeKoyAc&amp;ved=0ahUKEwjC5_GZoqeMAxWqR2wGHSkxCnkQ4dUDCA8&amp;uact=5&amp;oq=Buy+ADB-Pinaca+Powder+online&amp;gs_lp=Egxnd3Mtd2l6LXNlcnAiHEJ1eSBBREItUGluYWNhIFBvd2RlciBvbmxpbmUyBRAhGKABMgUQIRigAUjbCVCPBViPBXADeACQAQCYAd0BoAHdAaoBAzItMbgBA8gBAPgBAvgBAZgCBKAC9gHCAgsQABiwAxiiBBiJBcICCxAAGIAEGLADGKIEwgIIEAAYsAMY7wWYAwCIBgGQBgWSBwUzLjAuMaAHkwKyBwMyLTG4B-IB&amp;sclient=gws-wiz-serp\">powdery white crystal<\/a><\/p>\n<p>Uso: intermediario farmac\u00e9utico<\/p>\n<p>El plazo de entrega de los art\u00edculos terminados es de 4-7 d\u00edas.<\/p>\n<p>Embalaje: 1 kg\/saco forrado con papel de aluminio<\/p>\n<p>Tianjin es el puerto<\/p>\n<p>Capacidad de producci\u00f3n: 10.000 kg\/mes<\/p>\n<p>Pureza &gt;99,5%<\/p>\n<p>Almacenamiento: mant\u00e9ngalo seco, fresco y bien cerrado.<\/p>\n<p>Transporte: por DHL, FEDEX y EMS<\/p>\n<p>Contenido de humedad: \u22640,01<\/p>\n<p><a href=\"https:\/\/www.bing.com\/search?q=Buy%20ADB-Pinaca%20Powder%20online&amp;qs=n&amp;form=QBRE&amp;sp=-1&amp;ghc=1&amp;lq=0&amp;pq=buy%20adb-pinaca%20powder%20online&amp;sc=12-28&amp;sk=&amp;cvid=3F610330B4134E0C98E28CC1879F33A6&amp;ghsh=0&amp;ghacc=0&amp;ghpl=\">ADB-Pinaca Powder<\/a> Pureza del 98% en venta, proveedores de productos qu\u00edmicos de investigaci\u00f3n, productos qu\u00edmicos de investigaci\u00f3n en China, <a href=\"https:\/\/duckduckgo.com\/?q=Buy+ADB-Pinaca+Powder+online&amp;t=h_&amp;ia=web\">Productos qu\u00edmicos de investigaci\u00f3n<\/a> Reddit, Mejor sitio para comprar productos qu\u00edmicos de investigaci\u00f3n, Productos qu\u00edmicos de investigaci\u00f3n para culturismo, <a href=\"https:\/\/duckduckgo.com\/?q=Buy+ADB-Pinaca+Powder+online&amp;t=h_&amp;ia=web\">Productos qu\u00edmicos de investigaci\u00f3n baratos de EE. UU.<\/a><\/p>","protected":false},"excerpt":{"rendered":"<p>Buy ADB-Pinaca Powder online Purchase online ADB-Pinaca Powder. Methiopropamine\/MPA is a chemical stock that is available in powder and crystal form. ADB-Pinaca Powder Purity 98% Purity of ADB-Pinaca Powder ProName: 5F-ADB 5FADB ADB powder, 5F-MDMB-PINACA CasNo: 68585-34-2 Chemical Formula: ADB Look: a powdery white crystal Use: pharmaceutical intermediary Delivery time for completed items is 4\u20137 [&hellip;]<\/p>","protected":false},"featured_media":21274,"comment_status":"open","ping_status":"closed","template":"","meta":{"_joinchat":[]},"product_brand":[],"product_cat":[1724],"product_tag":[],"class_list":{"0":"post-20460","1":"product","2":"type-product","3":"status-publish","4":"has-post-thumbnail","6":"product_cat-research-chemicals","8":"first","9":"instock","10":"shipping-taxable","11":"purchasable","12":"product-type-variable","13":"add-to-wishlist-after_add_to_cart"},"yoast_head":"<!-- This site is optimized with the Yoast SEO plugin v25.9 - https:\/\/yoast.com\/wordpress\/plugins\/seo\/ -->\n<title>ADBB for Sale - Buy ADBB Online - Order ADBB Online<\/title>\n<meta name=\"description\" content=\"You can now get adbb for sale from our top best store NarcoPowders. Our staff will assist you to buy adbb online at the best prices. Order adbb online today with worldwide shipping!\" \/>\n<meta name=\"robots\" content=\"index, follow, max-snippet:-1, max-image-preview:large, max-video-preview:-1\" \/>\n<link rel=\"canonical\" href=\"https:\/\/narcopowders.com\/es\/producto\/comprar-adb-p-en-linea\/\" \/>\n<meta property=\"og:locale\" content=\"es_ES\" \/>\n<meta property=\"og:type\" content=\"article\" \/>\n<meta property=\"og:title\" content=\"ADBB for Sale - Buy ADBB Online - Order ADBB Online\" \/>\n<meta property=\"og:description\" content=\"You can now get adbb for sale from our top best store NarcoPowders. Our staff will assist you to buy adbb online at the best prices. Order adbb online today with worldwide shipping!\" \/>\n<meta property=\"og:url\" content=\"https:\/\/narcopowders.com\/es\/producto\/comprar-adb-p-en-linea\/\" \/>\n<meta property=\"og:site_name\" content=\"Narco Powders\" \/>\n<meta property=\"article:modified_time\" content=\"2025-03-26T08:16:42+00:00\" \/>\n<meta property=\"og:image\" content=\"https:\/\/narcopowders.com\/wp-content\/uploads\/2024\/05\/Adbp.gif\" \/>\n\t<meta property=\"og:image:width\" content=\"600\" \/>\n\t<meta property=\"og:image:height\" content=\"600\" \/>\n\t<meta property=\"og:image:type\" content=\"image\/gif\" \/>\n<meta name=\"twitter:card\" content=\"summary_large_image\" \/>\n<meta name=\"twitter:label1\" content=\"Tiempo de lectura\" \/>\n\t<meta name=\"twitter:data1\" content=\"1 minuto\" \/>\n<!-- \/ Yoast SEO plugin. -->","yoast_head_json":{"title":"ADBB en Venta - Comprar ADBB Online - Pedir ADBB Online","description":"Ahora puede obtener adbb a la venta en nuestra mejor tienda NarcoPowders. Nuestro personal le ayudar\u00e1 a comprar adbb en l\u00ednea a los mejores precios. \u00a1Orden adbb en l\u00ednea hoy con el env\u00edo en todo el mundo!","robots":{"index":"index","follow":"follow","max-snippet":"max-snippet:-1","max-image-preview":"max-image-preview:large","max-video-preview":"max-video-preview:-1"},"canonical":"https:\/\/narcopowders.com\/es\/producto\/comprar-adb-p-en-linea\/","og_locale":"es_ES","og_type":"article","og_title":"ADBB for Sale - Buy ADBB Online - Order ADBB Online","og_description":"You can now get adbb for sale from our top best store NarcoPowders. Our staff will assist you to buy adbb online at the best prices. Order adbb online today with worldwide shipping!","og_url":"https:\/\/narcopowders.com\/es\/producto\/comprar-adb-p-en-linea\/","og_site_name":"Narco Powders","article_modified_time":"2025-03-26T08:16:42+00:00","og_image":[{"width":600,"height":600,"url":"https:\/\/narcopowders.com\/wp-content\/uploads\/2024\/05\/Adbp.gif","type":"image\/gif"}],"twitter_card":"summary_large_image","twitter_misc":{"Tiempo de lectura":"1 minuto"},"schema":{"@context":"https:\/\/schema.org","@graph":[{"@type":"WebPage","@id":"https:\/\/narcopowders.com\/product\/buy-adb-p-online\/","url":"https:\/\/narcopowders.com\/product\/buy-adb-p-online\/","name":"ADBB en Venta - Comprar ADBB Online - Pedir ADBB Online","isPartOf":{"@id":"https:\/\/narcopowders.com\/#website"},"primaryImageOfPage":{"@id":"https:\/\/narcopowders.com\/product\/buy-adb-p-online\/#primaryimage"},"image":{"@id":"https:\/\/narcopowders.com\/product\/buy-adb-p-online\/#primaryimage"},"thumbnailUrl":"https:\/\/narcopowders.com\/wp-content\/uploads\/2024\/05\/Adbp.gif","datePublished":"2024-05-23T06:14:04+00:00","dateModified":"2025-03-26T08:16:42+00:00","description":"Ahora puede obtener adbb a la venta en nuestra mejor tienda NarcoPowders. Nuestro personal le ayudar\u00e1 a comprar adbb en l\u00ednea a los mejores precios. \u00a1Orden adbb en l\u00ednea hoy con el env\u00edo en todo el mundo!","breadcrumb":{"@id":"https:\/\/narcopowders.com\/product\/buy-adb-p-online\/#breadcrumb"},"inLanguage":"es","potentialAction":[{"@type":"ReadAction","target":["https:\/\/narcopowders.com\/product\/buy-adb-p-online\/"]}]},{"@type":"ImageObject","inLanguage":"es","@id":"https:\/\/narcopowders.com\/product\/buy-adb-p-online\/#primaryimage","url":"https:\/\/narcopowders.com\/wp-content\/uploads\/2024\/05\/Adbp.gif","contentUrl":"https:\/\/narcopowders.com\/wp-content\/uploads\/2024\/05\/Adbp.gif","width":600,"height":600,"caption":"Buy ADB-P Online"},{"@type":"BreadcrumbList","@id":"https:\/\/narcopowders.com\/product\/buy-adb-p-online\/#breadcrumb","itemListElement":[{"@type":"ListItem","position":1,"name":"Home","item":"https:\/\/narcopowders.com\/"},{"@type":"ListItem","position":2,"name":"Shop Page","item":"https:\/\/narcopowders.com\/shop\/"},{"@type":"ListItem","position":3,"name":"Buy ADB-P Online"}]},{"@type":"WebSite","@id":"https:\/\/narcopowders.com\/#website","url":"https:\/\/narcopowders.com\/","name":"Narc\u00f3ticos en polv","description":"Mi blog de WordPress","potentialAction":[{"@type":"SearchAction","target":{"@type":"EntryPoint","urlTemplate":"https:\/\/narcopowders.com\/?s={search_term_string}"},"query-input":{"@type":"PropertyValueSpecification","valueRequired":true,"valueName":"search_term_string"}}],"inLanguage":"es"}]}},"_links":{"self":[{"href":"https:\/\/narcopowders.com\/es\/wp-json\/wp\/v2\/product\/20460","targetHints":{"allow":["GET"]}}],"collection":[{"href":"https:\/\/narcopowders.com\/es\/wp-json\/wp\/v2\/product"}],"about":[{"href":"https:\/\/narcopowders.com\/es\/wp-json\/wp\/v2\/types\/product"}],"replies":[{"embeddable":true,"href":"https:\/\/narcopowders.com\/es\/wp-json\/wp\/v2\/comments?post=20460"}],"wp:featuredmedia":[{"embeddable":true,"href":"https:\/\/narcopowders.com\/es\/wp-json\/wp\/v2\/media\/21274"}],"wp:attachment":[{"href":"https:\/\/narcopowders.com\/es\/wp-json\/wp\/v2\/media?parent=20460"}],"wp:term":[{"taxonomy":"product_brand","embeddable":true,"href":"https:\/\/narcopowders.com\/es\/wp-json\/wp\/v2\/product_brand?post=20460"},{"taxonomy":"product_cat","embeddable":true,"href":"https:\/\/narcopowders.com\/es\/wp-json\/wp\/v2\/product_cat?post=20460"},{"taxonomy":"product_tag","embeddable":true,"href":"https:\/\/narcopowders.com\/es\/wp-json\/wp\/v2\/product_tag?post=20460"}],"curies":[{"name":"wp","href":"https:\/\/api.w.org\/{rel}","templated":true}]}}