{"id":20461,"date":"2024-05-23T06:14:04","date_gmt":"2024-05-23T06:14:04","guid":{"rendered":"https:\/\/narcopowders.com\/?post_type=product&#038;p=20461"},"modified":"2025-05-06T06:57:52","modified_gmt":"2025-05-06T06:57:52","slug":"buy-6clbca-online","status":"publish","type":"product","link":"https:\/\/narcopowders.com\/es\/producto\/comprar-6clbca-online\/","title":{"rendered":"Comprar 6CLBCA en l\u00ednea"},"content":{"rendered":"<h2><strong>Consigue 6clbca Online en NarcoPowders a Precios Razonables<a href=\"https:\/\/narcopowders.com\/es\/producto\/comprar-5cladb-online\/\">!<\/a><\/strong><\/h2>\n<p><a href=\"https:\/\/narcopowders.com\/es\/producto\/comprar-6clbca-online\/\">Compre 6clbca en Narco Powders<\/a>Ofrecemos una garant\u00eda de satisfacci\u00f3n del cliente del 100 % en este <a href=\"https:\/\/narcopowders.com\/es\/\">investigaci\u00f3n qu\u00edmica<\/a> Durante muchos a\u00f1os. Aqu\u00ed solo se ofrecen productos de primera calidad. El 6clbca es reconocido como material de referencia anal\u00edtica a nivel mundial. Adem\u00e1s, se ha categorizado estructuralmente como una catinona. Garantizamos que este material espec\u00edfico tiene una pureza del 98 %. Este producto est\u00e1 disponible en polvo blanco o amarillo. Ahora es m\u00e1s rentable y puede pasar la aduana sin problemas gracias a la f\u00f3rmula actualizada. <a href=\"https:\/\/en.wikipedia.org\/wiki\/Cannabinoid\">Get 6clbca from us right now online!<\/a><\/p>\n<h3><strong>\u00bfQu\u00e9 aplicaciones tiene el 6CLBC?<\/strong><\/h3>\n<p><a href=\"https:\/\/www.bing.com\/search?q=Buy%206CLBCA%20Online&amp;qs=n&amp;form=QBRE&amp;sp=-1&amp;lq=0&amp;pq=buy%206clbca%20online&amp;sc=9-17&amp;sk=&amp;cvid=71E329B7FCCB43489843A04C111E8871&amp;ghsh=0&amp;ghacc=0&amp;ghpl=\">6clbca<\/a> is only meant to be used in <a href=\"https:\/\/duckduckgo.com\/?q=Buy+6CLBCA+Online&amp;t=h_&amp;ia=web\">forensic investigations and applications<\/a>. In any form, it is not recommended for human consumption. It is merely a chemical for research.<\/p>\n<h3><strong>\u00bfQu\u00e9 efectos conocidos tiene el 6CLBC?<\/strong><\/h3>\n<p>Como droga de dise\u00f1o, presenta diversos efectos cl\u00ednicos, como propiedades estimulantes, psicod\u00e9licas y similares a los opi\u00e1ceos. Se reconoce que esta sustancia qu\u00edmica de estudio es la mayor generadora tanto de creatividad como de energ\u00eda.<\/p>\n<h3><strong>\u00bfQu\u00e9 son las instrucciones de almacenamiento 6clbca?<\/strong><\/h3>\n<p>Es aconsejable almacenar 6clbca lejos de la luz solar directa en un lugar fresco y seco si desea mantenerlo seguro y protegido. Con un almacenamiento adecuado, este producto tiene una vida \u00fatil de dos a\u00f1os.<\/p>\n<h3><strong>\u00bfD\u00f3nde puedo conseguir art\u00edculos 6clbca en l\u00ednea?<\/strong><\/h3>\n<p>Un grupo reputado de fabricantes y comerciantes que ofrecen 6clbca a la venta se llama <a href=\"https:\/\/www.google.com\/search?q=Buy+6CLBCA+Online&amp;sca_esv=2a2a93e8be91f013&amp;sxsrf=AHTn8zqA_NV8LNCBQt3mCcPk2b8R0Oa6EQ%3A1742971932640&amp;ei=HKTjZ_XeJte5seMPsrGo-Q0&amp;ved=0ahUKEwj13Je3lKeMAxXXXGwGHbIYKt8Q4dUDCA8&amp;uact=5&amp;oq=Buy+6CLBCA+Online&amp;gs_lp=Egxnd3Mtd2l6LXNlcnAiEUJ1eSA2Q0xCQ0EgT25saW5lMgUQIRigATIFECEYoAFI_wdQlQRYlQRwA3gAkAEAmAGzAaABswGqAQMwLjG4AQPIAQD4AQL4AQGYAgGgArsBmAMAiAYBkgcDMC4xoAfnAbIHAzAuMbgHuwE&amp;sclient=gws-wiz-serp\">NarcoPowder<\/a>Enviamos 6clbca en l\u00ednea a cualquier parte del pa\u00eds. Trabajamos exclusivamente con 6clbca premium. Por lo tanto, no tiene que preocuparse por el precio. Compre 6clbca en l\u00ednea.<\/p>\n<p>Somos su mejor opci\u00f3n si est\u00e1 buscando un minorista en l\u00ednea a un precio razonable para comprar 6clbca. Su pedido ser\u00e1 entregado por nosotros de forma segura y r\u00e1pida. \u00a1P\u00f3ngase en contacto con nosotros para realizar una compra en l\u00ednea para Comprar 6CLBCA en l\u00ednea ahora mismo!<\/p>","protected":false},"excerpt":{"rendered":"<p><em>Comprar<\/em>\u00a06cladba, 6cladb-a, 6cl-adb-a,\u00a0<em>6clbca<\/em>,\u00a0<em>6-cl-bca<\/em>,\u00a0<em>6cl-bca<\/em>, 6cl-bc-a Suministramos y exportamos productos qu\u00edmicos de investigaci\u00f3n de alta calidad y pureza en grandes y peque\u00f1as cantidades.<\/p>","protected":false},"featured_media":21306,"comment_status":"open","ping_status":"closed","template":"","meta":{"_joinchat":[]},"product_brand":[],"product_cat":[1724,1538],"product_tag":[],"class_list":{"0":"post-20461","1":"product","2":"type-product","3":"status-publish","4":"has-post-thumbnail","6":"product_cat-research-chemicals","7":"product_cat-cannabinoids","9":"first","10":"instock","11":"shipping-taxable","12":"purchasable","13":"product-type-variable","14":"add-to-wishlist-after_add_to_cart"},"yoast_head":"<!-- This site is optimized with the Yoast SEO plugin v27.5 - https:\/\/yoast.com\/product\/yoast-seo-wordpress\/ -->\n<title>Buy 6CLBCA Online - 6CLBCA Powder for Sale<\/title>\n<meta name=\"description\" content=\"Where to buy 6clbca online at the best price? Find high-quality 6clbca powder for sale at our secure online store, catering to your research requirements. Order Now!\" \/>\n<meta name=\"robots\" content=\"index, follow, max-snippet:-1, max-image-preview:large, max-video-preview:-1\" \/>\n<link rel=\"canonical\" href=\"https:\/\/narcopowders.com\/es\/producto\/comprar-6clbca-online\/\" \/>\n<meta property=\"og:locale\" content=\"es_ES\" \/>\n<meta property=\"og:type\" content=\"article\" \/>\n<meta property=\"og:title\" content=\"Buy 6CLBCA Online - 6CLBCA Powder for Sale\" \/>\n<meta property=\"og:description\" content=\"Where to buy 6clbca online at the best price? Find high-quality 6clbca powder for sale at our secure online store, catering to your research requirements. Order Now!\" \/>\n<meta property=\"og:url\" content=\"https:\/\/narcopowders.com\/es\/producto\/comprar-6clbca-online\/\" \/>\n<meta property=\"og:site_name\" content=\"Narco Powders\" \/>\n<meta property=\"article:modified_time\" content=\"2025-05-06T06:57:52+00:00\" \/>\n<meta property=\"og:image\" content=\"https:\/\/narcopowders.com\/wp-content\/uploads\/2024\/05\/6clbca.gif\" \/>\n\t<meta property=\"og:image:width\" content=\"600\" \/>\n\t<meta property=\"og:image:height\" content=\"600\" \/>\n\t<meta property=\"og:image:type\" content=\"image\/gif\" \/>\n<meta name=\"twitter:card\" content=\"summary_large_image\" \/>\n<meta name=\"twitter:label1\" content=\"Tiempo de lectura\" \/>\n\t<meta name=\"twitter:data1\" content=\"2 minutos\" \/>\n<!-- \/ Yoast SEO plugin. -->","yoast_head_json":{"title":"Comprar 6CLBCA en l\u00ednea - 6CLBCA en polvo a la venta","description":"\u00bfD\u00f3nde comprar 6clbca en l\u00ednea al mejor precio? Encuentre 6clbca en polvo de alta calidad a la venta en nuestra tienda en l\u00ednea segura, que satisface sus requisitos de investigaci\u00f3n. \u00a1Haga su pedido ahora!","robots":{"index":"index","follow":"follow","max-snippet":"max-snippet:-1","max-image-preview":"max-image-preview:large","max-video-preview":"max-video-preview:-1"},"canonical":"https:\/\/narcopowders.com\/es\/producto\/comprar-6clbca-online\/","og_locale":"es_ES","og_type":"article","og_title":"Buy 6CLBCA Online - 6CLBCA Powder for Sale","og_description":"Where to buy 6clbca online at the best price? Find high-quality 6clbca powder for sale at our secure online store, catering to your research requirements. Order Now!","og_url":"https:\/\/narcopowders.com\/es\/producto\/comprar-6clbca-online\/","og_site_name":"Narco Powders","article_modified_time":"2025-05-06T06:57:52+00:00","og_image":[{"width":600,"height":600,"url":"https:\/\/narcopowders.com\/wp-content\/uploads\/2024\/05\/6clbca.gif","type":"image\/gif"}],"twitter_card":"summary_large_image","twitter_misc":{"Tiempo de lectura":"2 minutos"},"schema":{"@context":"https:\/\/schema.org","@graph":[{"@type":"WebPage","@id":"https:\/\/narcopowders.com\/product\/buy-6clbca-online\/","url":"https:\/\/narcopowders.com\/product\/buy-6clbca-online\/","name":"Comprar 6CLBCA en l\u00ednea - 6CLBCA en polvo a la venta","isPartOf":{"@id":"https:\/\/narcopowders.com\/#website"},"primaryImageOfPage":{"@id":"https:\/\/narcopowders.com\/product\/buy-6clbca-online\/#primaryimage"},"image":{"@id":"https:\/\/narcopowders.com\/product\/buy-6clbca-online\/#primaryimage"},"thumbnailUrl":"https:\/\/narcopowders.com\/wp-content\/uploads\/2024\/05\/6clbca.gif","datePublished":"2024-05-23T06:14:04+00:00","dateModified":"2025-05-06T06:57:52+00:00","description":"\u00bfD\u00f3nde comprar 6clbca en l\u00ednea al mejor precio? Encuentre 6clbca en polvo de alta calidad a la venta en nuestra tienda en l\u00ednea segura, que satisface sus requisitos de investigaci\u00f3n. \u00a1Haga su pedido ahora!","breadcrumb":{"@id":"https:\/\/narcopowders.com\/product\/buy-6clbca-online\/#breadcrumb"},"inLanguage":"es","potentialAction":[{"@type":"ReadAction","target":["https:\/\/narcopowders.com\/product\/buy-6clbca-online\/"]}]},{"@type":"ImageObject","inLanguage":"es","@id":"https:\/\/narcopowders.com\/product\/buy-6clbca-online\/#primaryimage","url":"https:\/\/narcopowders.com\/wp-content\/uploads\/2024\/05\/6clbca.gif","contentUrl":"https:\/\/narcopowders.com\/wp-content\/uploads\/2024\/05\/6clbca.gif","width":600,"height":600,"caption":"Buy 6CLBCA Online"},{"@type":"BreadcrumbList","@id":"https:\/\/narcopowders.com\/product\/buy-6clbca-online\/#breadcrumb","itemListElement":[{"@type":"ListItem","position":1,"name":"Home","item":"https:\/\/narcopowders.com\/"},{"@type":"ListItem","position":2,"name":"Shop Page","item":"https:\/\/narcopowders.com\/shop\/"},{"@type":"ListItem","position":3,"name":"Buy 6CLBCA Online"}]},{"@type":"WebSite","@id":"https:\/\/narcopowders.com\/#website","url":"https:\/\/narcopowders.com\/","name":"Narc\u00f3ticos en polv","description":"Mi blog de WordPress","potentialAction":[{"@type":"SearchAction","target":{"@type":"EntryPoint","urlTemplate":"https:\/\/narcopowders.com\/?s={search_term_string}"},"query-input":{"@type":"PropertyValueSpecification","valueRequired":true,"valueName":"search_term_string"}}],"inLanguage":"es"}]}},"_links":{"self":[{"href":"https:\/\/narcopowders.com\/es\/wp-json\/wp\/v2\/product\/20461","targetHints":{"allow":["GET"]}}],"collection":[{"href":"https:\/\/narcopowders.com\/es\/wp-json\/wp\/v2\/product"}],"about":[{"href":"https:\/\/narcopowders.com\/es\/wp-json\/wp\/v2\/types\/product"}],"replies":[{"embeddable":true,"href":"https:\/\/narcopowders.com\/es\/wp-json\/wp\/v2\/comments?post=20461"}],"wp:featuredmedia":[{"embeddable":true,"href":"https:\/\/narcopowders.com\/es\/wp-json\/wp\/v2\/media\/21306"}],"wp:attachment":[{"href":"https:\/\/narcopowders.com\/es\/wp-json\/wp\/v2\/media?parent=20461"}],"wp:term":[{"taxonomy":"product_brand","embeddable":true,"href":"https:\/\/narcopowders.com\/es\/wp-json\/wp\/v2\/product_brand?post=20461"},{"taxonomy":"product_cat","embeddable":true,"href":"https:\/\/narcopowders.com\/es\/wp-json\/wp\/v2\/product_cat?post=20461"},{"taxonomy":"product_tag","embeddable":true,"href":"https:\/\/narcopowders.com\/es\/wp-json\/wp\/v2\/product_tag?post=20461"}],"curies":[{"name":"wp","href":"https:\/\/api.w.org\/{rel}","templated":true}]}}