{"id":20488,"date":"2024-05-23T06:14:11","date_gmt":"2024-05-23T06:14:11","guid":{"rendered":"https:\/\/narcopowders.com\/?post_type=product&#038;p=20488"},"modified":"2025-03-26T12:54:51","modified_gmt":"2025-03-26T12:54:51","slug":"buy-3f-pvp-online","status":"publish","type":"product","link":"https:\/\/narcopowders.com\/es\/producto\/comprar-3f-pvp-online\/","title":{"rendered":"\u00a0Comprar 3F-PVP Online"},"content":{"rendered":"<h2>Comprar 3F-PVP (3FPVP) CRISTALES online en EE.UU.<\/h2>\n<p><a href=\"https:\/\/narcopowders.com\/es\/producto\/comprar-3f-pvp-online\/\">Comprar 3F-PVP (3FPVP) CRISTALES<\/a> at <a href=\"https:\/\/narcopowders.com\/es\/\">NarcoPolvos<\/a> Para satisfacer todas sus necesidades qu\u00edmicas. La empresa<\/p>\n<p>se esfuerza por ofrecer a sus clientes el mejor servicio posible, ya que se ha ganado la confianza de muchas personas .<\/p>\n<h3>3F-PVP: \u00bfQU\u00c9 ES?<\/h3>\n<p><a href=\"https:\/\/en.wikipedia.org\/wiki\/3F-PVP\">3F-PVP online<\/a> El es un NarcoPowders de la clase de las catinonas y tiene las mismas propiedades que el A-PHP. 3F-alfa-PVP es el nombre qu\u00edmico de 3F-PVP. 3f-PVP tiene un peso molecular de 249,32 y la f\u00f3rmula C15H20FNO .<\/p>\n<p>La dosis de 3F-PVP produce una sensaci\u00f3n euf\u00f3rica de moderada a intensa que impregna todo el cuerpo. En segundo lugar, puede resultar abrumadora en dosis elevadas. Fomenta actividades recreativas como bailar, escalar y correr.<\/p>\n<p>A veces resulta imposible. El apretamiento de la mand\u00edbula, los temblores involuntarios del cuerpo y las vibraciones provocan fuertes temblores en las manos y una falta general de control motor, lo que hace dif\u00edcil o a menudo imposible permanecer inm\u00f3vil. Aunque este f\u00e1rmaco tiene algunos efectos negativos como: Sin embargo, debido a ciertos s\u00edntomas, como la capacidad de una persona para mover los ojos hacia adelante y hacia atr\u00e1s de una manera espasm\u00f3dica, lo que puede causar visi\u00f3n borrosa y borrosa temporal, todav\u00eda se recomienda que siempre hable con su m\u00e9dico antes de usarlo. Comprar 3F-PVP (3FPVP) CRISTALES online en EEUU. <a href=\"https:\/\/www.bing.com\/search?q=%C2%A0Buy%203F-PVP%20Online&amp;qs=n&amp;form=QBRE&amp;sp=-1&amp;lq=0&amp;pq=%C2%A0buy%203f-pvp%20online&amp;sc=9-18&amp;sk=&amp;cvid=F12718026CAD4580A2F80BB8B3515159&amp;ghsh=0&amp;ghacc=0&amp;ghpl=\">Comprar 3F-PVP (3FPVP) CRISTALES online en EE.UU.<\/a>.<\/p>\n<h3>EL SITIO IDEAL PARA COMPRAR 3F-PVP EN L\u00cdNEA<\/h3>\n<p>Uno de los minoristas en l\u00ednea de 3F-PVP m\u00e1s reputados y fiables es NarcoPowders. Los clientes han dado a la empresa muchos comentarios positivos, afirmando que reciben productos de la m\u00e1s alta calidad posible.<\/p>\n<p>Para comprar el 3F-PVP en l\u00ednea debe tener al menos dieciocho a\u00f1os. Ofrecemos pedidos en l\u00ednea de 3F-PVP en cantidades que van desde unos pocos miligramos hasta 25 kilogramos. La empresa ofrece servicios de env\u00edo a todo el mundo. Para garantizar que nadie se entere de lo que contiene el paquete, cada paquete se envuelve individualmente. Toda su informaci\u00f3n se almacena en nuestro sistema. Por lo tanto, no hay posibilidad de que sus datos se vean comprometidos. La mercanc\u00eda se entregar\u00e1 lo antes posible.<\/p>\n<h3>COMPRAR 3F-PVP (3FPVP) CRISTALES ONLINE.<\/h3>\n<p><strong>Descripci\u00f3n<\/strong><\/p>\n<p>Le gustar\u00eda <a href=\"https:\/\/duckduckgo.com\/?q=%C2%A0Buy+3F-PVP+Online&amp;t=h_&amp;ia=web\">comprar polvo 3F-PVP<\/a>\u00bfDesea comprar 3F-PVP en polvo, 3-fluoro-\u03b1-pirrolidinovalerofenona? Entonces ha llegado al lugar adecuado. Todos los productos qu\u00edmicos de investigaci\u00f3n de nuestra tienda web han sido probados en laboratorio y son de la m\u00e1xima calidad. Los pedidos se empaquetan discretamente y se env\u00edan en 24 horas. Adem\u00e1s, puede pagar de forma segura y r\u00e1pida con Bitcoin y criptodivisas.<\/p>\n<h3>\u00bfD\u00f3nde puedo comprar 3F-PVP?<\/h3>\n<p>En nuestra tienda web encontrar\u00e1 todos sus productos qu\u00edmicos de investigaci\u00f3n y aqu\u00ed tambi\u00e9n podr\u00e1 pedir 3F-PVP de la mejor calidad. <a href=\"https:\/\/www.google.com\/search?q=%C2%A0Buy+3F-PVP+Online&amp;sca_esv=2a2a93e8be91f013&amp;sxsrf=AHTn8zpPPsmwzj6zJPLCOE80jLMxwLxZgA%3A1742973216562&amp;ei=IKnjZ-eFIpO4seMP8OfD6A4&amp;ved=0ahUKEwjnlbSbmaeMAxUTXGwGHfDzEO0Q4dUDCA8&amp;uact=5&amp;oq=%C2%A0Buy+3F-PVP+Online&amp;gs_lp=Egxnd3Mtd2l6LXNlcnAiE8KgQnV5IDNGLVBWUCBPbmxpbmUyBBAjGCcyCBAAGIAEGKIEMgUQABjvBTIFEAAY7wUyBRAAGO8FSI4HUM4BWM4BcAF4AJABAJgBtwGgAbcBqgEDMC4xuAEDyAEA-AEB-AECmAICoALyAagCFMICBxAjGCcY6gLCAg0QLhjRAxjHARgnGOoCwgIUEAAYgAQYkQIYtAIYigUY6gLYAQHCAhQQLhiABBiRAhi0AhiKBRjqAtgBAcICEBAAGAMYtAIY6gIYjwHYAQGYAzDxBYUf81X8VCZnugYGCAEQARgBkgcDMS4xoAfeA7IHAzAuMbgHwgE&amp;sclient=gws-wiz-serp\">Pida 3F-PVP de la mejor calidad<\/a>.<\/p>\n<p>Esta sustancia est\u00e1 destinada exclusivamente al uso en laboratorio.<\/p>\n<p>Aseg\u00farese siempre de tomar las precauciones de seguridad adecuadas. Por ejemplo, no olvide cubrir la piel expuesta y llevar gafas de seguridad.<\/p>\n<p>Nota: Al igual que otros productos qu\u00edmicos de investigaci\u00f3n, el 3F-PVP est\u00e1 destinado exclusivamente a fines de investigaci\u00f3n y no debe ser consumido por seres humanos, animales u otros seres vivos.<\/p>\n<p>Gu\u00e1rdelo en un lugar seco y fresco para garantizar su m\u00e1xima conservaci\u00f3n.<\/p>\n<p>No vendemos productos qu\u00edmicos de investigaci\u00f3n a menores de 18 a\u00f1os.<\/p>","protected":false},"excerpt":{"rendered":"<p>Buy 3F-PVP (3FPVP) CRYSTALS online in USA. Buy 3F-PVP (3FPVP) CRYSTALS at NarcoPowders to meet all your chemical needs. The company strives to provide its customers with the greatest possible service as it has won the trust of many people . 3F-PVP: WHAT IS IT? 3F-PVP online is a cathinone class NarcoPowders and has the [&hellip;]<\/p>","protected":false},"featured_media":21283,"comment_status":"open","ping_status":"closed","template":"","meta":{"_joinchat":[]},"product_brand":[],"product_cat":[1539,1724],"product_tag":[1549,1550,1551,1552],"class_list":{"0":"post-20488","1":"product","2":"type-product","3":"status-publish","4":"has-post-thumbnail","6":"product_cat-cathinone","7":"product_cat-research-chemicals","8":"product_tag-3f-pihp","9":"product_tag-4cl-pvp","10":"product_tag-4f-php","11":"product_tag-4f-pvp","13":"first","14":"instock","15":"shipping-taxable","16":"purchasable","17":"product-type-variable","18":"add-to-wishlist-after_add_to_cart"},"yoast_head":"<!-- This site is optimized with the Yoast SEO plugin v25.9 - https:\/\/yoast.com\/wordpress\/plugins\/seo\/ -->\n<title>Buy 3F-PVP Online - 3F-PVP for Sale | NarcoPowders<\/title>\n<meta name=\"description\" content=\"Looking to further your research? Buy 3f-pvp conveniently and securely online, with a straightforward ordering process for 3f-pvp for sale.\" \/>\n<meta name=\"robots\" content=\"index, follow, max-snippet:-1, max-image-preview:large, max-video-preview:-1\" \/>\n<link rel=\"canonical\" href=\"https:\/\/narcopowders.com\/es\/producto\/comprar-3f-pvp-online\/\" \/>\n<meta property=\"og:locale\" content=\"es_ES\" \/>\n<meta property=\"og:type\" content=\"article\" \/>\n<meta property=\"og:title\" content=\"Buy 3F-PVP Online - 3F-PVP for Sale | NarcoPowders\" \/>\n<meta property=\"og:description\" content=\"Looking to further your research? Buy 3f-pvp conveniently and securely online, with a straightforward ordering process for 3f-pvp for sale.\" \/>\n<meta property=\"og:url\" content=\"https:\/\/narcopowders.com\/es\/producto\/comprar-3f-pvp-online\/\" \/>\n<meta property=\"og:site_name\" content=\"Narco Powders\" \/>\n<meta property=\"article:modified_time\" content=\"2025-03-26T12:54:51+00:00\" \/>\n<meta property=\"og:image\" content=\"https:\/\/narcopowders.com\/wp-content\/uploads\/2024\/05\/3fpvp.gif\" \/>\n\t<meta property=\"og:image:width\" content=\"600\" \/>\n\t<meta property=\"og:image:height\" content=\"600\" \/>\n\t<meta property=\"og:image:type\" content=\"image\/gif\" \/>\n<meta name=\"twitter:card\" content=\"summary_large_image\" \/>\n<meta name=\"twitter:label1\" content=\"Tiempo de lectura\" \/>\n\t<meta name=\"twitter:data1\" content=\"3 minutos\" \/>\n<!-- \/ Yoast SEO plugin. -->","yoast_head_json":{"title":"Comprar 3F-PVP Online - 3F-PVP en Venta | NarcoPowders","description":"\u00bfDesea ampliar su investigaci\u00f3n? Compre 3f-pvp en l\u00ednea de forma c\u00f3moda y segura, con un sencillo proceso de pedido de 3f-pvp en venta.","robots":{"index":"index","follow":"follow","max-snippet":"max-snippet:-1","max-image-preview":"max-image-preview:large","max-video-preview":"max-video-preview:-1"},"canonical":"https:\/\/narcopowders.com\/es\/producto\/comprar-3f-pvp-online\/","og_locale":"es_ES","og_type":"article","og_title":"Buy 3F-PVP Online - 3F-PVP for Sale | NarcoPowders","og_description":"Looking to further your research? Buy 3f-pvp conveniently and securely online, with a straightforward ordering process for 3f-pvp for sale.","og_url":"https:\/\/narcopowders.com\/es\/producto\/comprar-3f-pvp-online\/","og_site_name":"Narco Powders","article_modified_time":"2025-03-26T12:54:51+00:00","og_image":[{"width":600,"height":600,"url":"https:\/\/narcopowders.com\/wp-content\/uploads\/2024\/05\/3fpvp.gif","type":"image\/gif"}],"twitter_card":"summary_large_image","twitter_misc":{"Tiempo de lectura":"3 minutos"},"schema":{"@context":"https:\/\/schema.org","@graph":[{"@type":"WebPage","@id":"https:\/\/narcopowders.com\/product\/buy-3f-pvp-online\/","url":"https:\/\/narcopowders.com\/product\/buy-3f-pvp-online\/","name":"Comprar 3F-PVP Online - 3F-PVP en Venta | NarcoPowders","isPartOf":{"@id":"https:\/\/narcopowders.com\/#website"},"primaryImageOfPage":{"@id":"https:\/\/narcopowders.com\/product\/buy-3f-pvp-online\/#primaryimage"},"image":{"@id":"https:\/\/narcopowders.com\/product\/buy-3f-pvp-online\/#primaryimage"},"thumbnailUrl":"https:\/\/narcopowders.com\/wp-content\/uploads\/2024\/05\/3fpvp.gif","datePublished":"2024-05-23T06:14:11+00:00","dateModified":"2025-03-26T12:54:51+00:00","description":"\u00bfDesea ampliar su investigaci\u00f3n? Compre 3f-pvp en l\u00ednea de forma c\u00f3moda y segura, con un sencillo proceso de pedido de 3f-pvp en venta.","breadcrumb":{"@id":"https:\/\/narcopowders.com\/product\/buy-3f-pvp-online\/#breadcrumb"},"inLanguage":"es","potentialAction":[{"@type":"ReadAction","target":["https:\/\/narcopowders.com\/product\/buy-3f-pvp-online\/"]}]},{"@type":"ImageObject","inLanguage":"es","@id":"https:\/\/narcopowders.com\/product\/buy-3f-pvp-online\/#primaryimage","url":"https:\/\/narcopowders.com\/wp-content\/uploads\/2024\/05\/3fpvp.gif","contentUrl":"https:\/\/narcopowders.com\/wp-content\/uploads\/2024\/05\/3fpvp.gif","width":600,"height":600,"caption":"\u00a0Buy 3F-PVP Online"},{"@type":"BreadcrumbList","@id":"https:\/\/narcopowders.com\/product\/buy-3f-pvp-online\/#breadcrumb","itemListElement":[{"@type":"ListItem","position":1,"name":"Home","item":"https:\/\/narcopowders.com\/"},{"@type":"ListItem","position":2,"name":"Shop Page","item":"https:\/\/narcopowders.com\/shop\/"},{"@type":"ListItem","position":3,"name":"\u00a0Buy 3F-PVP Online"}]},{"@type":"WebSite","@id":"https:\/\/narcopowders.com\/#website","url":"https:\/\/narcopowders.com\/","name":"Narc\u00f3ticos en polv","description":"Mi blog de WordPress","potentialAction":[{"@type":"SearchAction","target":{"@type":"EntryPoint","urlTemplate":"https:\/\/narcopowders.com\/?s={search_term_string}"},"query-input":{"@type":"PropertyValueSpecification","valueRequired":true,"valueName":"search_term_string"}}],"inLanguage":"es"}]}},"_links":{"self":[{"href":"https:\/\/narcopowders.com\/es\/wp-json\/wp\/v2\/product\/20488","targetHints":{"allow":["GET"]}}],"collection":[{"href":"https:\/\/narcopowders.com\/es\/wp-json\/wp\/v2\/product"}],"about":[{"href":"https:\/\/narcopowders.com\/es\/wp-json\/wp\/v2\/types\/product"}],"replies":[{"embeddable":true,"href":"https:\/\/narcopowders.com\/es\/wp-json\/wp\/v2\/comments?post=20488"}],"wp:featuredmedia":[{"embeddable":true,"href":"https:\/\/narcopowders.com\/es\/wp-json\/wp\/v2\/media\/21283"}],"wp:attachment":[{"href":"https:\/\/narcopowders.com\/es\/wp-json\/wp\/v2\/media?parent=20488"}],"wp:term":[{"taxonomy":"product_brand","embeddable":true,"href":"https:\/\/narcopowders.com\/es\/wp-json\/wp\/v2\/product_brand?post=20488"},{"taxonomy":"product_cat","embeddable":true,"href":"https:\/\/narcopowders.com\/es\/wp-json\/wp\/v2\/product_cat?post=20488"},{"taxonomy":"product_tag","embeddable":true,"href":"https:\/\/narcopowders.com\/es\/wp-json\/wp\/v2\/product_tag?post=20488"}],"curies":[{"name":"wp","href":"https:\/\/api.w.org\/{rel}","templated":true}]}}