{"id":20495,"date":"2024-05-23T06:14:12","date_gmt":"2024-05-23T06:14:12","guid":{"rendered":"https:\/\/narcopowders.com\/?post_type=product&#038;p=20495"},"modified":"2024-05-24T10:11:45","modified_gmt":"2024-05-24T10:11:45","slug":"buy-5faeb-online","status":"publish","type":"product","link":"https:\/\/narcopowders.com\/es\/producto\/comprar-5faeb-online\/","title":{"rendered":"Comprar 5FAEB Online"},"content":{"rendered":"<h2>Comprar 5FAEB Online<\/h2>\n<p>Comprar 5F-AEB, Cannabinoides son los qu\u00edmicos activos en la marihuana medicinal. Como tales, son similares a las sustancias qu\u00edmicas que el cuerpo produce y que est\u00e1n implicadas en el apetito, la memoria, el movimiento y el dolor.<a href=\"https:\/\/narcopowders.com\/es\/producto\/comprar-5cladb-online\/\">.<\/a><\/p>\n<p>Las investigaciones sugieren que los cannabinoides (5FAEB2201) podr\u00edan<a href=\"https:\/\/en.wikipedia.org\/wiki\/5F-EMB-PINACA\">:<\/a><\/p>\n<p>Reducir la ansiedad<\/p>\n<p>Reduce la inflamaci\u00f3n y alivia el dolor<\/p>\n<p>Controlar las n\u00e1useas y los v\u00f3mitos causados por la quimioterapia<\/p>\n<p>Elimina las c\u00e9lulas cancerosas y ralentiza el crecimiento del tumor<\/p>\n<p>Relajar los m\u00fasculos tensos en personas con esclerosis m\u00faltiple<\/p>\n<h3>Estimular el apetito y mejorar el aumento de peso en personas con c\u00e1ncer y SIDA 5FAEB2201<\/h3>\n<p>Del mismo modo, a menudo ver\u00e1s a gente decir que hay docenas o incluso m\u00e1s de 100 cannabinoides vegetales producidos por el cannabis. Pero es dif\u00edcil saber el n\u00famero exacto. Adem\u00e1s, la mayor\u00eda de los 5FAEB2201 est\u00e1n presentes en niveles muy bajos, especialmente en los productos comerciales del cannabis. Por lo tanto, a los cient\u00edficos les resulta dif\u00edcil detectarlos con precisi\u00f3n. Sin embargo, lo importante es que hay muchos. Por \u00faltimo, echemos un vistazo m\u00e1s de cerca a algunos de los principales cannabinoides que se pueden encontrar en los productos del cannabis.<\/p>\n<p>En conclusi\u00f3n, el Cannabis no produce directamente los cannabinoides m\u00e1s famosos asociados a la planta, el THC y el CBD. En su lugar, sintetiza varios \u00e1cidos cannabinoides. Como tales, estos \u00e1cidos cannabinoides deben ser \"activados\" (descarboxilados), normalmente mediante calor, para producir los compuestos que la mayor\u00eda de los consumidores buscan (THC o CBD). Por encima de todo, adem\u00e1s de THCA y CBDA, hay una serie de \u00e1cidos cannabinoides relacionados que pueden ser producidos por el cannabis Buy 5FAEB Online.<\/p>\n<h3><span lang=\"EN-US\">por qu\u00e9 comprar 5F-AEB-2201<\/span><span lang=\"EN-US\">\u00a0de LegitChemicals<\/span><\/h3>\n<p><span lang=\"EN-US\">\u00a0<\/span><span lang=\"EN-US\">En lugar de confundirse\u00a0<strong>d\u00f3nde comprar 5F-AEB-2201,\u00a0<\/strong>es bueno elegir este NarcoPowders. Es m\u00e1s c\u00f3modo para los usuarios para ordenar a trav\u00e9s de la plataforma en l\u00ednea y obtener el producto entregado en unos pocos d\u00edas o incluso en el mismo d\u00eda. El embalaje del producto ser\u00e1 perfecto, seguro y seguro de usar ya que los productos se fabrican en esta agencia con la f\u00f3rmula est\u00e1ndar y legal. Los profesionales son siempre buenos en el suministro del producto requerido y cobrar\u00e1n s\u00f3lo un precio razonable seg\u00fan la cantidad que necesite.\u00a0<\/span><\/p>\n<h4><strong><span lang=\"EN-US\">\u00a0<\/span><\/strong><span lang=\"EN-US\">C\u00f3mo utilizar el 5F-AEB-2201<\/span><\/h4>\n<p><span lang=\"EN-US\">\u00a0<\/span><span lang=\"EN-US\">Se trata de un producto cannabinoide sint\u00e9tico que causar\u00e1 enfermedades mentales y otros problemas si se toma sin la dosis y los conocimientos adecuados. Por lo tanto, es mejor dirigirse al m\u00e9dico y obtener el medicamento con la dosis correcta. El producto ser\u00e1 \u00fatil para varios prop\u00f3sitos, pero es mejor conocer las instrucciones antes de pedirlo. Los f\u00e1rmacos que obtenga ser\u00e1n puros, de buena calidad, rentables y listos para su uso con fines de investigaci\u00f3n. Esta empresa sobre todo vender el producto para fines de investigaci\u00f3n por s\u00ed sola, y tambi\u00e9n, sus productos son legales y en virtud de las normas y la regulaci\u00f3n del gobierno de EE.UU., Comprar 5F-AEB .\u00a0<\/span><\/p>","protected":false},"excerpt":{"rendered":"<p>Buy 5FAEB Online Buy 5F-AEB,\u00a0 Cannabinoids is the active chemicals in medical marijuana. As such, they are similar to chemicals the body makes that are involved in appetite, memory, movement, and pain. Research suggests cannabinoids (5FAEB2201) might: Reduce anxiety Reduce inflammation and relieve pain Control nausea and vomiting caused by chemotherapy Kill cancer cells and [&hellip;]<\/p>","protected":false},"featured_media":21282,"comment_status":"open","ping_status":"closed","template":"","meta":{"_joinchat":[]},"product_brand":[],"product_cat":[15],"product_tag":[],"class_list":{"0":"post-20495","1":"product","2":"type-product","3":"status-publish","4":"has-post-thumbnail","6":"product_cat-uncategorized","8":"first","9":"instock","10":"shipping-taxable","11":"purchasable","12":"product-type-variable","13":"add-to-wishlist-after_add_to_cart"},"yoast_head":"<!-- This site is optimized with the Yoast SEO plugin v25.9 - https:\/\/yoast.com\/wordpress\/plugins\/seo\/ -->\n<title>Buy 5FAEB Online - Order 5FAEB Powder<\/title>\n<meta name=\"description\" content=\"Buy 5FAEB Online, 5F-ADB-33 is a synthetic indazole-based cannabinoid that belongs to the indazole-3-carboxamide family. 5faeb available at our onlinestore.\" \/>\n<meta name=\"robots\" content=\"index, follow, max-snippet:-1, max-image-preview:large, max-video-preview:-1\" \/>\n<link rel=\"canonical\" href=\"https:\/\/narcopowders.com\/es\/producto\/comprar-5faeb-online\/\" \/>\n<meta property=\"og:locale\" content=\"es_ES\" \/>\n<meta property=\"og:type\" content=\"article\" \/>\n<meta property=\"og:title\" content=\"Buy 5FAEB Online - Order 5FAEB Powder\" \/>\n<meta property=\"og:description\" content=\"Buy 5FAEB Online, 5F-ADB-33 is a synthetic indazole-based cannabinoid that belongs to the indazole-3-carboxamide family. 5faeb available at our onlinestore.\" \/>\n<meta property=\"og:url\" content=\"https:\/\/narcopowders.com\/es\/producto\/comprar-5faeb-online\/\" \/>\n<meta property=\"og:site_name\" content=\"Narco Powders\" \/>\n<meta property=\"article:modified_time\" content=\"2024-05-24T10:11:45+00:00\" \/>\n<meta property=\"og:image\" content=\"https:\/\/narcopowders.com\/wp-content\/uploads\/2024\/05\/5f-AEB.gif\" \/>\n\t<meta property=\"og:image:width\" content=\"600\" \/>\n\t<meta property=\"og:image:height\" content=\"600\" \/>\n\t<meta property=\"og:image:type\" content=\"image\/gif\" \/>\n<meta name=\"twitter:card\" content=\"summary_large_image\" \/>\n<meta name=\"twitter:label1\" content=\"Tiempo de lectura\" \/>\n\t<meta name=\"twitter:data1\" content=\"3 minutos\" \/>\n<!-- \/ Yoast SEO plugin. -->","yoast_head_json":{"title":"Comprar 5FAEB en l\u00ednea - Pedir 5FAEB en polvo","description":"Comprar 5FAEB Online, 5F-ADB-33 es un cannabinoide sint\u00e9tico a base de indazol que pertenece a la familia indazol-3-carboxamida. 5faeb disponible en nuestra tienda online.","robots":{"index":"index","follow":"follow","max-snippet":"max-snippet:-1","max-image-preview":"max-image-preview:large","max-video-preview":"max-video-preview:-1"},"canonical":"https:\/\/narcopowders.com\/es\/producto\/comprar-5faeb-online\/","og_locale":"es_ES","og_type":"article","og_title":"Buy 5FAEB Online - Order 5FAEB Powder","og_description":"Buy 5FAEB Online, 5F-ADB-33 is a synthetic indazole-based cannabinoid that belongs to the indazole-3-carboxamide family. 5faeb available at our onlinestore.","og_url":"https:\/\/narcopowders.com\/es\/producto\/comprar-5faeb-online\/","og_site_name":"Narco Powders","article_modified_time":"2024-05-24T10:11:45+00:00","og_image":[{"width":600,"height":600,"url":"https:\/\/narcopowders.com\/wp-content\/uploads\/2024\/05\/5f-AEB.gif","type":"image\/gif"}],"twitter_card":"summary_large_image","twitter_misc":{"Tiempo de lectura":"3 minutos"},"schema":{"@context":"https:\/\/schema.org","@graph":[{"@type":"WebPage","@id":"https:\/\/narcopowders.com\/product\/buy-5faeb-online\/","url":"https:\/\/narcopowders.com\/product\/buy-5faeb-online\/","name":"Comprar 5FAEB en l\u00ednea - Pedir 5FAEB en polvo","isPartOf":{"@id":"https:\/\/narcopowders.com\/#website"},"primaryImageOfPage":{"@id":"https:\/\/narcopowders.com\/product\/buy-5faeb-online\/#primaryimage"},"image":{"@id":"https:\/\/narcopowders.com\/product\/buy-5faeb-online\/#primaryimage"},"thumbnailUrl":"https:\/\/narcopowders.com\/wp-content\/uploads\/2024\/05\/5f-AEB.gif","datePublished":"2024-05-23T06:14:12+00:00","dateModified":"2024-05-24T10:11:45+00:00","description":"Comprar 5FAEB Online, 5F-ADB-33 es un cannabinoide sint\u00e9tico a base de indazol que pertenece a la familia indazol-3-carboxamida. 5faeb disponible en nuestra tienda online.","breadcrumb":{"@id":"https:\/\/narcopowders.com\/product\/buy-5faeb-online\/#breadcrumb"},"inLanguage":"es","potentialAction":[{"@type":"ReadAction","target":["https:\/\/narcopowders.com\/product\/buy-5faeb-online\/"]}]},{"@type":"ImageObject","inLanguage":"es","@id":"https:\/\/narcopowders.com\/product\/buy-5faeb-online\/#primaryimage","url":"https:\/\/narcopowders.com\/wp-content\/uploads\/2024\/05\/5f-AEB.gif","contentUrl":"https:\/\/narcopowders.com\/wp-content\/uploads\/2024\/05\/5f-AEB.gif","width":600,"height":600,"caption":"Buy 5FAEB Online"},{"@type":"BreadcrumbList","@id":"https:\/\/narcopowders.com\/product\/buy-5faeb-online\/#breadcrumb","itemListElement":[{"@type":"ListItem","position":1,"name":"Home","item":"https:\/\/narcopowders.com\/"},{"@type":"ListItem","position":2,"name":"Shop Page","item":"https:\/\/narcopowders.com\/shop\/"},{"@type":"ListItem","position":3,"name":"Buy 5FAEB Online"}]},{"@type":"WebSite","@id":"https:\/\/narcopowders.com\/#website","url":"https:\/\/narcopowders.com\/","name":"Narc\u00f3ticos en polv","description":"Mi blog de WordPress","potentialAction":[{"@type":"SearchAction","target":{"@type":"EntryPoint","urlTemplate":"https:\/\/narcopowders.com\/?s={search_term_string}"},"query-input":{"@type":"PropertyValueSpecification","valueRequired":true,"valueName":"search_term_string"}}],"inLanguage":"es"}]}},"_links":{"self":[{"href":"https:\/\/narcopowders.com\/es\/wp-json\/wp\/v2\/product\/20495","targetHints":{"allow":["GET"]}}],"collection":[{"href":"https:\/\/narcopowders.com\/es\/wp-json\/wp\/v2\/product"}],"about":[{"href":"https:\/\/narcopowders.com\/es\/wp-json\/wp\/v2\/types\/product"}],"replies":[{"embeddable":true,"href":"https:\/\/narcopowders.com\/es\/wp-json\/wp\/v2\/comments?post=20495"}],"wp:featuredmedia":[{"embeddable":true,"href":"https:\/\/narcopowders.com\/es\/wp-json\/wp\/v2\/media\/21282"}],"wp:attachment":[{"href":"https:\/\/narcopowders.com\/es\/wp-json\/wp\/v2\/media?parent=20495"}],"wp:term":[{"taxonomy":"product_brand","embeddable":true,"href":"https:\/\/narcopowders.com\/es\/wp-json\/wp\/v2\/product_brand?post=20495"},{"taxonomy":"product_cat","embeddable":true,"href":"https:\/\/narcopowders.com\/es\/wp-json\/wp\/v2\/product_cat?post=20495"},{"taxonomy":"product_tag","embeddable":true,"href":"https:\/\/narcopowders.com\/es\/wp-json\/wp\/v2\/product_tag?post=20495"}],"curies":[{"name":"wp","href":"https:\/\/api.w.org\/{rel}","templated":true}]}}