{"id":20502,"date":"2024-05-23T06:14:12","date_gmt":"2024-05-23T06:14:12","guid":{"rendered":"https:\/\/narcopowders.com\/?post_type=product&#038;p=20502"},"modified":"2024-05-24T07:20:11","modified_gmt":"2024-05-24T07:20:11","slug":"buy-4f%e2%80%90mdmb%e2%80%90binaca-online","status":"publish","type":"product","link":"https:\/\/narcopowders.com\/es\/producto\/4f\u2010mdmb\u2010binaca\/","title":{"rendered":"Comprar 4F-MDMB-BINACA en l\u00ednea"},"content":{"rendered":"<h2>Comprar 4f-mdmb-b en l\u00ednea<\/h2>\n<p>Comprar 4F-MDMB-B, Puedes comprar 4f-mdmb-b en l\u00ednea en NarcoPowders a precios asequibles que no romper\u00e1n el banco. Durante muchos a\u00f1os, s\u00f3lo hemos tratado con 4f-mdmb-b que est\u00e1 a la venta. Controlamos cada producto para garantizar que nuestros consumidores reciben nada m\u00e1s que lo mejor a escala mundial. Nuestros miembros del personal bien informado trabajan incansablemente para completar los pedidos relativos a 4f-mdmb-b en l\u00ednea. Nuestros comerciantes en l\u00ednea y proveedores de terminar la entrega de 4f-mdmb-b de manera oportuna<a href=\"https:\/\/narcopowders.com\/es\/product\/buy-5f-akb48-online\/\">.<\/a><\/p>\n<p>Si nos hace un pedido de 4f-mdmb-b, no se preocupe por nada. El personal de embalaje empaquetar\u00e1 su pedido de forma segura. P\u00f3ngase en contacto con nosotros ahora mismo para discutir sus necesidades y tener este producto tan pronto como sea posible.<\/p>\n<p>Consiga 4f-mdmb-b en l\u00ednea ahora mismo<a href=\"https:\/\/en.wikipedia.org\/wiki\/MDMB-FUBINACA\">!<\/a><\/p>\n<h3>4f-mdmb-b: \u00bfqu\u00e9 es?<\/h3>\n<p>Un sint\u00e9tico a base de indazol de la familia de los indazoles-3-carboxamidas se denomina 4f-mdmb-b. Se desconoce si es selectivo para esta diana, sin embargo se ha empleado como principio activo en productos y se ha comercializado como nofollow external noopener noreferrer.<\/p>\n<h3>\u00bfQu\u00e9 efectos adversos tiene 4f-mdmb-b?<\/h3>\n<p>Los siguientes son los efectos secundarios de 4f-mdmb-b:<\/p>\n<ul>\n<li>Delirios<\/li>\n<li>V\u00f3mitos confusos<\/li>\n<li>Dolor en el pecho<\/li>\n<\/ul>\n<h3>\u00bfC\u00f3mo puedo encontrar 4f-mdmb-b en venta?<\/h3>\n<p>Deja de intentar averiguar d\u00f3nde conseguir 4f-mdmb-b. Este producto fue desarrollado por NarcoPowders a un precio razonable. Nos comprometemos a proporcionar el mismo en un breve espacio de tiempo. Usted no tendr\u00e1 que esperar por mucho tiempo. Ponga su fe en nosotros, \u00a1y le entregaremos su pedido r\u00e1pidamente!<\/p>\n<p>Somos un equipo de especialistas comprometidos y laboriosos que se esfuerzan por garantizar que todo el mundo pueda utilizar nuestros servicios y mercanc\u00edas. Somos conscientes de sus necesidades y estamos aqu\u00ed para ayudarle al proporcionar una ventanilla \u00fanica para un precio razonable, bienes de primera calidad, Comprar 4F-MDMB-B.<\/p>\n<h2>Sustancias activas en MDMB-CHMINACA<\/h2>\n<p>Contiene\u00a0<strong>un gramo de min 98%+ MDMB-CHMINACA pura<\/strong>\u00a0por unidad de pedido.<\/p>\n<h2>Dosificaci\u00f3n de MDMB-CHMINACA<\/h2>\n<p>No existe una dosis recomendada, ya que\u00a0<strong>MDMB-CHMINACA<\/strong>\u00a0no est\u00e1 destinado al consumo humano, sino que se vende \u00fanicamente como producto qu\u00edmico para fines de investigaci\u00f3n.<\/p>\n<h2>Efectos de la MDMB-CHMINACA :<\/h2>\n<p>Los efectos cl\u00ednicos de la mayor\u00eda de los nuevos\u00a0<strong>drogas de dise\u00f1o<\/strong>\u00a0como\u00a0<strong>MDMB-CHMINACA<\/strong>\u00a0pueden describirse como alucin\u00f3genos, estimulantes u opi\u00e1ceos. Tambi\u00e9n pueden tener una combinaci\u00f3n de estos efectos debido a las sustituciones de cadena lateral de dise\u00f1o.<\/p>\n<h2>Efectos secundarios de MDMB-CHMINACA<\/h2>\n<p>Al igual que otras drogas de dise\u00f1o, el consumo de\u00a0<strong>MDMB-CHMINACA<\/strong>\u00a0puede causar fuertes efectos secundarios; \u00a1la sustancia no est\u00e1 cl\u00ednicamente probada ni autorizada en modo alguno como producto para el consumo! Por lo tanto, MDMB-CHMINACA NO ES PARA CONSUMO HUMANO sino S\u00d3LO PARA INVESTIGACI\u00d3N CIENT\u00cdFICA.<\/p>\n<h2>C\u00f3mo almacenar MDMB-CHMINACA<\/h2>\n<p>Mantener MDMB-CHMINACA a una temperatura inferior a 30 grados Celsius. Conservar MDMB-CHMINACA en su envase original, protegido de la luz solar directa y de la humedad.<\/p>","protected":false},"excerpt":{"rendered":"<p>La 4F-MDMB-BINACA, a menudo denominada MDMB-4F-BINACA, 4F-MDMB-BUTINACA o 4F-ADB, es un cannabinoide sint\u00e9tico derivado de los indazoles y miembro de la familia de los indazoles-3-carboxamidas. Se comercializa como medicamento de dise\u00f1o desde finales de 2018 y se utiliza como componente activo en productos de cannabis sint\u00e9tico.<\/p>\n<div class=\"l_ecrd_vqfcts_row\">\n<div class=\"lc_expfact\">\n<div class=\"lc_expfact_default\">Estatuto jur\u00eddico Clase F2 (Psicotr\u00f3picos prohibidos) - : Lista II - : Anlage II (Comercio autorizado \u00fanicamente, no prescriptible) - Clase B - Psicotr\u00f3picos Lista II<\/div>\n<div class=\"lc_expfact_plus\" tabindex=\"0\"><\/div>\n<\/div>\n<\/div>\n<div class=\"l_ecrd_vqfcts_row l_ecrd_vqfcts_row_space\">\n<div class=\"lc_expfact\">\n<div class=\"lc_expfact_default\">N\u00famero CAS:2390036-46-9<\/div>\n<\/div>\n<\/div>\n<div class=\"l_ecrd_vqfcts_row l_ecrd_vqfcts_row_space\">\n<div class=\"lc_expfact\">\n<div class=\"lc_expfact_default\">PubChem CID:145707216<\/div>\n<\/div>\n<\/div>\n<div class=\"l_ecrd_vqfcts_row l_ecrd_vqfcts_row_space\">\n<div class=\"lc_expfact\">\n<div class=\"lc_expfact_default\">ChemSpider:71117201<\/div>\n<\/div>\n<\/div>\n<div id=\"wire0\" class=\"b_expandable_inline_container\" data-rinterval=\"-1\" data-errormessage=\"We can't find any more info about this page right now\">\n<div class=\"l_ecrd_vqfcts_row l_ecrd_vqfcts_row_space\">\n<div class=\"lc_expfact\">\n<div class=\"lc_expfact_default\">UNII:ZH38UTM145<\/div>\n<\/div>\n<\/div>\n<div class=\"l_ecrd_vqfcts_row l_ecrd_vqfcts_row_space\">\n<div class=\"lc_expfact\">\n<div class=\"lc_expfact_default\">KEGG:C22799<\/div>\n<\/div>\n<\/div>\n<div class=\"l_ecrd_vqfcts_row l_ecrd_vqfcts_row_space\">\n<div class=\"lc_expfact\">\n<div class=\"lc_expfact_default\">CompTox Dashboard (EPA) DTXSID001017266<\/div>\n<div class=\"lc_expfact_plus\" tabindex=\"0\"><\/div>\n<\/div>\n<\/div>\n<div class=\"l_ecrd_vqfcts_row l_ecrd_vqfcts_row_space\">\n<div class=\"lc_expfact\">\n<div class=\"lc_expfact_default\">F\u00f3rmula:C\u2081\u2089H\u2082\u2086FN\u2083O\u2083<\/div>\n<\/div>\n<\/div>\n<\/div>","protected":false},"featured_media":21261,"comment_status":"open","ping_status":"closed","template":"","meta":{"_joinchat":[]},"product_brand":[],"product_cat":[1538],"product_tag":[],"class_list":{"0":"post-20502","1":"product","2":"type-product","3":"status-publish","4":"has-post-thumbnail","6":"product_cat-cannabinoids","8":"first","9":"instock","10":"shipping-taxable","11":"purchasable","12":"product-type-variable","13":"add-to-wishlist-after_add_to_cart"},"yoast_head":"<!-- This site is optimized with the Yoast SEO plugin v25.9 - https:\/\/yoast.com\/wordpress\/plugins\/seo\/ -->\n<title>Buy 4F-MDMB-B<\/title>\n<meta name=\"description\" content=\"Buy 4F-MDMB-B, 4F-MDMB-Binaca can be purchased at NarcoPowders. We sell the highest quality 4F-MDMB-Binaca available. Order Now.\" \/>\n<meta name=\"robots\" content=\"index, follow, max-snippet:-1, max-image-preview:large, max-video-preview:-1\" \/>\n<link rel=\"canonical\" href=\"https:\/\/narcopowders.com\/es\/producto\/4f\u2010mdmb\u2010binaca\/\" \/>\n<meta property=\"og:locale\" content=\"es_ES\" \/>\n<meta property=\"og:type\" content=\"article\" \/>\n<meta property=\"og:title\" content=\"Buy 4F-MDMB-B\" \/>\n<meta property=\"og:description\" content=\"Buy 4F-MDMB-B, 4F-MDMB-Binaca can be purchased at NarcoPowders. We sell the highest quality 4F-MDMB-Binaca available. Order Now.\" \/>\n<meta property=\"og:url\" content=\"https:\/\/narcopowders.com\/es\/producto\/4f\u2010mdmb\u2010binaca\/\" \/>\n<meta property=\"og:site_name\" content=\"Narco Powders\" \/>\n<meta property=\"article:modified_time\" content=\"2024-05-24T07:20:11+00:00\" \/>\n<meta property=\"og:image\" content=\"https:\/\/narcopowders.com\/wp-content\/uploads\/2024\/05\/4f-mdmb2201.gif\" \/>\n\t<meta property=\"og:image:width\" content=\"600\" \/>\n\t<meta property=\"og:image:height\" content=\"600\" \/>\n\t<meta property=\"og:image:type\" content=\"image\/gif\" \/>\n<meta name=\"twitter:card\" content=\"summary_large_image\" \/>\n<meta name=\"twitter:label1\" content=\"Tiempo de lectura\" \/>\n\t<meta name=\"twitter:data1\" content=\"3 minutos\" \/>\n<!-- \/ Yoast SEO plugin. -->","yoast_head_json":{"title":"Comprar 4F-MDMB-B","description":"Comprar 4F-MDMB-B, 4F-MDMB-Binaca se puede comprar en NarcoPowders. Vendemos la m\u00e1s alta calidad 4F-MDMB-Binaca disponible. Haz tu pedido ahora.","robots":{"index":"index","follow":"follow","max-snippet":"max-snippet:-1","max-image-preview":"max-image-preview:large","max-video-preview":"max-video-preview:-1"},"canonical":"https:\/\/narcopowders.com\/es\/producto\/4f\u2010mdmb\u2010binaca\/","og_locale":"es_ES","og_type":"article","og_title":"Buy 4F-MDMB-B","og_description":"Buy 4F-MDMB-B, 4F-MDMB-Binaca can be purchased at NarcoPowders. We sell the highest quality 4F-MDMB-Binaca available. Order Now.","og_url":"https:\/\/narcopowders.com\/es\/producto\/4f\u2010mdmb\u2010binaca\/","og_site_name":"Narco Powders","article_modified_time":"2024-05-24T07:20:11+00:00","og_image":[{"width":600,"height":600,"url":"https:\/\/narcopowders.com\/wp-content\/uploads\/2024\/05\/4f-mdmb2201.gif","type":"image\/gif"}],"twitter_card":"summary_large_image","twitter_misc":{"Tiempo de lectura":"3 minutos"},"schema":{"@context":"https:\/\/schema.org","@graph":[{"@type":"WebPage","@id":"https:\/\/narcopowders.com\/product\/buy-4f%e2%80%90mdmb%e2%80%90binaca-online\/","url":"https:\/\/narcopowders.com\/product\/buy-4f%e2%80%90mdmb%e2%80%90binaca-online\/","name":"Comprar 4F-MDMB-B","isPartOf":{"@id":"https:\/\/narcopowders.com\/#website"},"primaryImageOfPage":{"@id":"https:\/\/narcopowders.com\/product\/buy-4f%e2%80%90mdmb%e2%80%90binaca-online\/#primaryimage"},"image":{"@id":"https:\/\/narcopowders.com\/product\/buy-4f%e2%80%90mdmb%e2%80%90binaca-online\/#primaryimage"},"thumbnailUrl":"https:\/\/narcopowders.com\/wp-content\/uploads\/2024\/05\/4f-mdmb2201.gif","datePublished":"2024-05-23T06:14:12+00:00","dateModified":"2024-05-24T07:20:11+00:00","description":"Comprar 4F-MDMB-B, 4F-MDMB-Binaca se puede comprar en NarcoPowders. Vendemos la m\u00e1s alta calidad 4F-MDMB-Binaca disponible. Haz tu pedido ahora.","breadcrumb":{"@id":"https:\/\/narcopowders.com\/product\/buy-4f%e2%80%90mdmb%e2%80%90binaca-online\/#breadcrumb"},"inLanguage":"es","potentialAction":[{"@type":"ReadAction","target":["https:\/\/narcopowders.com\/product\/buy-4f%e2%80%90mdmb%e2%80%90binaca-online\/"]}]},{"@type":"ImageObject","inLanguage":"es","@id":"https:\/\/narcopowders.com\/product\/buy-4f%e2%80%90mdmb%e2%80%90binaca-online\/#primaryimage","url":"https:\/\/narcopowders.com\/wp-content\/uploads\/2024\/05\/4f-mdmb2201.gif","contentUrl":"https:\/\/narcopowders.com\/wp-content\/uploads\/2024\/05\/4f-mdmb2201.gif","width":600,"height":600,"caption":"Buy 4F-MDMB-B online"},{"@type":"BreadcrumbList","@id":"https:\/\/narcopowders.com\/product\/buy-4f%e2%80%90mdmb%e2%80%90binaca-online\/#breadcrumb","itemListElement":[{"@type":"ListItem","position":1,"name":"Home","item":"https:\/\/narcopowders.com\/"},{"@type":"ListItem","position":2,"name":"Shop Page","item":"https:\/\/narcopowders.com\/shop\/"},{"@type":"ListItem","position":3,"name":"Buy 4F\u2010MDMB\u2010BINACA Online"}]},{"@type":"WebSite","@id":"https:\/\/narcopowders.com\/#website","url":"https:\/\/narcopowders.com\/","name":"Narc\u00f3ticos en polv","description":"Mi blog de WordPress","potentialAction":[{"@type":"SearchAction","target":{"@type":"EntryPoint","urlTemplate":"https:\/\/narcopowders.com\/?s={search_term_string}"},"query-input":{"@type":"PropertyValueSpecification","valueRequired":true,"valueName":"search_term_string"}}],"inLanguage":"es"}]}},"_links":{"self":[{"href":"https:\/\/narcopowders.com\/es\/wp-json\/wp\/v2\/product\/20502","targetHints":{"allow":["GET"]}}],"collection":[{"href":"https:\/\/narcopowders.com\/es\/wp-json\/wp\/v2\/product"}],"about":[{"href":"https:\/\/narcopowders.com\/es\/wp-json\/wp\/v2\/types\/product"}],"replies":[{"embeddable":true,"href":"https:\/\/narcopowders.com\/es\/wp-json\/wp\/v2\/comments?post=20502"}],"wp:featuredmedia":[{"embeddable":true,"href":"https:\/\/narcopowders.com\/es\/wp-json\/wp\/v2\/media\/21261"}],"wp:attachment":[{"href":"https:\/\/narcopowders.com\/es\/wp-json\/wp\/v2\/media?parent=20502"}],"wp:term":[{"taxonomy":"product_brand","embeddable":true,"href":"https:\/\/narcopowders.com\/es\/wp-json\/wp\/v2\/product_brand?post=20502"},{"taxonomy":"product_cat","embeddable":true,"href":"https:\/\/narcopowders.com\/es\/wp-json\/wp\/v2\/product_cat?post=20502"},{"taxonomy":"product_tag","embeddable":true,"href":"https:\/\/narcopowders.com\/es\/wp-json\/wp\/v2\/product_tag?post=20502"}],"curies":[{"name":"wp","href":"https:\/\/api.w.org\/{rel}","templated":true}]}}