{"id":20523,"date":"2024-05-23T06:14:19","date_gmt":"2024-05-23T06:14:19","guid":{"rendered":"https:\/\/narcopowders.com\/?post_type=product&#038;p=20523"},"modified":"2025-03-26T12:20:50","modified_gmt":"2025-03-26T12:20:50","slug":"buy-adb-butinaca-online","status":"publish","type":"product","link":"https:\/\/narcopowders.com\/es\/producto\/kaufen-adb-butinaca-online\/","title":{"rendered":"Comprar ADB-Butinaca en l\u00ednea"},"content":{"rendered":"<h2><strong>Comprar ADBB en polvo en l\u00ednea<\/strong><\/h2>\n<p><a href=\"https:\/\/narcopowders.com\/es\/producto\/kaufen-adb-butinaca-online\/\">Buy ADBB Online<\/a>, Some synthetic <a href=\"https:\/\/en.wikipedia.org\/wiki\/ADB-BUTINACA\">productos de cannabis<\/a> contain components of a recently created synthetic drug called <a href=\"https:\/\/www.bing.com\/search?q=Buy%20ADB-Butinaca%20Online&amp;qs=n&amp;form=QBRE&amp;sp=-1&amp;lq=0&amp;pq=buy%20adb-butinaca%20online&amp;sc=2-23&amp;sk=&amp;cvid=763F2B36D18543F698FC47811A3FD525&amp;ghsh=0&amp;ghacc=0&amp;ghpl=\">ADBB<\/a>Con valores de CE50 de 0,52 nM y 0,88 nM respectivamente, son el agonista fuerte. <a href=\"https:\/\/narcopowders.com\/es\/\">Narco Powders.<\/a><\/p>\n<p>de los receptores CB1 y CB2. Sin embargo, a\u00fan se desconocen las propiedades fisiol\u00f3gicas y toxicol\u00f3gicas de este compuesto<a href=\"http:\/\/: https:\/\/narcopowders.com\/product\/buy-a-pvp-online\/\">.<\/a><\/p>\n<h3><strong>\u00bfC\u00f3mo se utiliza la ADBB?<\/strong><\/h3>\n<p>La droga ADBB no es apta para el consumo humano. Esta droga es utilizada como sustancia qu\u00edmica de investigaci\u00f3n por los investigadores de los laboratorios forenses.<\/p>\n<h3><strong>\u00bfCu\u00e1les son los efectos secundarios de la ADBB?<\/strong><\/h3>\n<p>El uso prolongado de ADBB en polvo puede provocar los siguientes efectos secundarios:<\/p>\n<p>o Delirio<\/p>\n<p>o Cardiotoxicidad<\/p>\n<p>o Convulsiones<\/p>\n<p>o Hipotermia<\/p>\n<h3><strong>\u00bfC\u00f3mo conoci\u00f3 ADB Butinaca?<\/strong><\/h3>\n<p>Es dif\u00edcil de identificar <a href=\"https:\/\/www.google.de\/search?q=Buy+ADB-Butinaca+Online&amp;sca_esv=1a2a07081c7891bb&amp;rlz=1C1RXQR_enIN1098IN1098&amp;ei=2bbOZ_CHF_S2vr0PgN6FqAs&amp;ved=0ahUKEwiw2Lmsn_-LAxV0m68BHQBvAbUQ4dUDCBA&amp;uact=5&amp;oq=Buy+ADB-Butinaca+Online&amp;gs_lp=Egxnd3Mtd2l6LXNlcnAiF0J1eSBBREItQnV0aW5hY2EgT25saW5lSLEHUMEDWMEDcAJ4AJABAJgB1AGgAdQBqgEDMi0xuAEDyAEA-AEC-AEBmAIAoAIAmAMAiAYBkgcAoAdL&amp;sclient=gws-wiz-serp\">ADB Butinaca<\/a> Es dif\u00edcil identificar la ADB Butinaca sin pruebas l\u00f3gicas. Aparece de forma natural en part\u00edculas de color marr\u00f3n claro o amarillento y se mezcla f\u00e1cilmente con otras Butinaca ADB disponibles a la venta. Una peque\u00f1a cantidad de ADB Butinaca en un catador dificulta la identificaci\u00f3n, ya que otros dispositivos pueden utilizar identificadores de fachada como el tono, el aroma y el sabor. Tambi\u00e9n pueden vampirizarse o inspirarse oralmente. En el caso de la ADB Butinaca, las muestras incluidas se venden como drogas callejeras; la gente se las introduce. Los clientes informaron significativamente sobre la empresa ADB Butinaca s\u00f3lo despu\u00e9s de usarla. Debido a que se sabe tan poco acerca de sus propiedades qu\u00edmicas, los investigadores y entusiastas de la qu\u00edmica tienen una gran oportunidad para llevar a cabo experimentos emocionantes y liderar el camino en la determinaci\u00f3n de las propiedades qu\u00edmicas y f\u00edsicas esenciales del compuesto.<\/p>\n<h3><strong>\u00bfPor qu\u00e9 la gente compra el ADB Butinaca?<\/strong><\/h3>\n<p>Es un ingrediente de algunos productos de cannabis sint\u00e9tico. Esta droga de dise\u00f1o fue desarrollada por la conocida empresa farmac\u00e9utica estadounidense Pfizer como posible analg\u00e9sico. Debes ser consciente de los posibles riesgos y efectos secundarios si eres investigador y quieres utilizarla con fines de investigaci\u00f3n. Al igual que otros cannabinoides sint\u00e9ticos, tiene propiedades psicoactivas. Adem\u00e1s, se han demostrado diversos efectos secundarios asociados a esta sustancia. Orange Hems, una plataforma de confianza, es donde puedes conseguir este medicamento para <a href=\"https:\/\/duckduckgo.com\/?q=Buy+ADB-Butinaca+Online&amp;t=h_&amp;ia=web\">Comprar ADB Butinaca en l\u00ednea<\/a>.<\/p>\n<h3><strong>\u00bfCu\u00e1les son los efectos de ADB Butinaca?<\/strong><\/h3>\n<p>La ADB-BUTINACA es un tipo de nueva sustancia abrumadora utilizada generalmente para la investigaci\u00f3n.<\/p>\n<p>Estos nuevos cannabinoides sint\u00e9ticos son sustancias artificiales que se unen a los receptores CB1 y CB2 del organismo.<\/p>\n<p>Los receptores cannabinoides CB1 y CB2 intervienen en numerosos procesos fisiol\u00f3gicos.<\/p>\n<p>Nuestro sistema nervioso central, que ayuda a mediar los efectos psicoactivos del cannabis, contiene CB1 en el cerebro y la m\u00e9dula espinal.<\/p>\n<p>Los gl\u00f3bulos blancos contienen receptores CB2, que regulan las funciones de las c\u00e9lulas inmunitarias.<\/p>\n<p>Adem\u00e1s, se habla a niveles m\u00e1s bajos en el cerebro. Las cosas de ADB-BIANCA no est\u00e1n bien documentadas, y no es legal comprar ADB Butinaca. Son dopamin\u00e9rgicos sint\u00e9ticos, por lo que act\u00faan sobre el mismo aceptor de compensaci\u00f3n en el cerebro como TCH, que es el elemento que altera la mente en el cannabis, y el orden ADB Butinaca. No hay ninguna responsabilidad por cualquier acci\u00f3n o costes derivados de su colocaci\u00f3n de ADB Butinaca orden en l\u00ednea es adb butinaca controlada? adb butinaca caim\u00e1n comprar, adb butinaca dea comprar, adb butinaca caim\u00e1n, adb butinaca para la venta<\/p>\n<p>Como comprar adb butinaca, venta adb butinaca de calidad, tienda adb butinaca, donde comprar adb butinaca, 5f-adb comprar<\/p>\n<p>7-adb, trrcshop, 5f-adb-33n, adb-butinaca psychonaut, adb-butinaca usos, adb-butinaca efectos secundarios, comprar adb butinaca legalmente.<\/p>","protected":false},"excerpt":{"rendered":"<p>La ADB-BUTINACA es una mol\u00e9cula sint\u00e9tica de cannabis que se ha comercializado como droga de dise\u00f1o. Siguiendo las directrices de denominaci\u00f3n del OEDT, tambi\u00e9n se conoce como ADMB-BINACA. Con una EC50 de 6,36 nM para CB1, es un fuerte agonista CB1, con afinidades de uni\u00f3n de 0,29 nM para CB1 y 0,91 nM para CB2.<\/p>","protected":false},"featured_media":21268,"comment_status":"open","ping_status":"closed","template":"","meta":{"_joinchat":[]},"product_brand":[],"product_cat":[1724,1538],"product_tag":[],"class_list":{"0":"post-20523","1":"product","2":"type-product","3":"status-publish","4":"has-post-thumbnail","6":"product_cat-research-chemicals","7":"product_cat-cannabinoids","9":"first","10":"instock","11":"shipping-taxable","12":"purchasable","13":"product-type-variable","14":"add-to-wishlist-after_add_to_cart"},"yoast_head":"<!-- This site is optimized with the Yoast SEO plugin v25.9 - https:\/\/yoast.com\/wordpress\/plugins\/seo\/ -->\n<title>Buy ADB-Butinaca - ADB-Butinaca for Sale | NarcoPowders<\/title>\n<meta name=\"description\" content=\"Buy ADB-Butinaca - ADB-BUTINACA (also known as ADMB-BINACA under the EMCDDA naming standards) is a synthetic cannabinoid compound. Order Now!\" \/>\n<meta name=\"robots\" content=\"index, follow, max-snippet:-1, max-image-preview:large, max-video-preview:-1\" \/>\n<link rel=\"canonical\" href=\"https:\/\/narcopowders.com\/es\/producto\/kaufen-adb-butinaca-online\/\" \/>\n<meta property=\"og:locale\" content=\"es_ES\" \/>\n<meta property=\"og:type\" content=\"article\" \/>\n<meta property=\"og:title\" content=\"Buy ADB-Butinaca - ADB-Butinaca for Sale | NarcoPowders\" \/>\n<meta property=\"og:description\" content=\"Buy ADB-Butinaca - ADB-BUTINACA (also known as ADMB-BINACA under the EMCDDA naming standards) is a synthetic cannabinoid compound. Order Now!\" \/>\n<meta property=\"og:url\" content=\"https:\/\/narcopowders.com\/es\/producto\/kaufen-adb-butinaca-online\/\" \/>\n<meta property=\"og:site_name\" content=\"Narco Powders\" \/>\n<meta property=\"article:modified_time\" content=\"2025-03-26T12:20:50+00:00\" \/>\n<meta property=\"og:image\" content=\"https:\/\/narcopowders.com\/wp-content\/uploads\/2024\/05\/Add-b.gif\" \/>\n\t<meta property=\"og:image:width\" content=\"600\" \/>\n\t<meta property=\"og:image:height\" content=\"600\" \/>\n\t<meta property=\"og:image:type\" content=\"image\/gif\" \/>\n<meta name=\"twitter:card\" content=\"summary_large_image\" \/>\n<meta name=\"twitter:label1\" content=\"Tiempo de lectura\" \/>\n\t<meta name=\"twitter:data1\" content=\"3 minutos\" \/>\n<!-- \/ Yoast SEO plugin. -->","yoast_head_json":{"title":"Comprar ADB-Butinaca - ADB-Butinaca en Venta | NarcoPowders","description":"Comprar ADB-Butinaca - ADB-BUTINACA (tambi\u00e9n conocida como ADMB-BINACA seg\u00fan las normas de denominaci\u00f3n del OEDT) es un compuesto cannabinoide sint\u00e9tico. \u00a1Haga su pedido ahora!","robots":{"index":"index","follow":"follow","max-snippet":"max-snippet:-1","max-image-preview":"max-image-preview:large","max-video-preview":"max-video-preview:-1"},"canonical":"https:\/\/narcopowders.com\/es\/producto\/kaufen-adb-butinaca-online\/","og_locale":"es_ES","og_type":"article","og_title":"Buy ADB-Butinaca - ADB-Butinaca for Sale | NarcoPowders","og_description":"Buy ADB-Butinaca - ADB-BUTINACA (also known as ADMB-BINACA under the EMCDDA naming standards) is a synthetic cannabinoid compound. Order Now!","og_url":"https:\/\/narcopowders.com\/es\/producto\/kaufen-adb-butinaca-online\/","og_site_name":"Narco Powders","article_modified_time":"2025-03-26T12:20:50+00:00","og_image":[{"width":600,"height":600,"url":"https:\/\/narcopowders.com\/wp-content\/uploads\/2024\/05\/Add-b.gif","type":"image\/gif"}],"twitter_card":"summary_large_image","twitter_misc":{"Tiempo de lectura":"3 minutos"},"schema":{"@context":"https:\/\/schema.org","@graph":[{"@type":"WebPage","@id":"https:\/\/narcopowders.com\/product\/buy-adb-butinaca-online\/","url":"https:\/\/narcopowders.com\/product\/buy-adb-butinaca-online\/","name":"Comprar ADB-Butinaca - ADB-Butinaca en Venta | NarcoPowders","isPartOf":{"@id":"https:\/\/narcopowders.com\/#website"},"primaryImageOfPage":{"@id":"https:\/\/narcopowders.com\/product\/buy-adb-butinaca-online\/#primaryimage"},"image":{"@id":"https:\/\/narcopowders.com\/product\/buy-adb-butinaca-online\/#primaryimage"},"thumbnailUrl":"https:\/\/narcopowders.com\/wp-content\/uploads\/2024\/05\/Add-b.gif","datePublished":"2024-05-23T06:14:19+00:00","dateModified":"2025-03-26T12:20:50+00:00","description":"Comprar ADB-Butinaca - ADB-BUTINACA (tambi\u00e9n conocida como ADMB-BINACA seg\u00fan las normas de denominaci\u00f3n del OEDT) es un compuesto cannabinoide sint\u00e9tico. \u00a1Haga su pedido ahora!","breadcrumb":{"@id":"https:\/\/narcopowders.com\/product\/buy-adb-butinaca-online\/#breadcrumb"},"inLanguage":"es","potentialAction":[{"@type":"ReadAction","target":["https:\/\/narcopowders.com\/product\/buy-adb-butinaca-online\/"]}]},{"@type":"ImageObject","inLanguage":"es","@id":"https:\/\/narcopowders.com\/product\/buy-adb-butinaca-online\/#primaryimage","url":"https:\/\/narcopowders.com\/wp-content\/uploads\/2024\/05\/Add-b.gif","contentUrl":"https:\/\/narcopowders.com\/wp-content\/uploads\/2024\/05\/Add-b.gif","width":600,"height":600,"caption":"Buy ADB-Butinaca Online"},{"@type":"BreadcrumbList","@id":"https:\/\/narcopowders.com\/product\/buy-adb-butinaca-online\/#breadcrumb","itemListElement":[{"@type":"ListItem","position":1,"name":"Home","item":"https:\/\/narcopowders.com\/"},{"@type":"ListItem","position":2,"name":"Shop Page","item":"https:\/\/narcopowders.com\/shop\/"},{"@type":"ListItem","position":3,"name":"Buy ADB-Butinaca Online"}]},{"@type":"WebSite","@id":"https:\/\/narcopowders.com\/#website","url":"https:\/\/narcopowders.com\/","name":"Narc\u00f3ticos en polv","description":"Mi blog de WordPress","potentialAction":[{"@type":"SearchAction","target":{"@type":"EntryPoint","urlTemplate":"https:\/\/narcopowders.com\/?s={search_term_string}"},"query-input":{"@type":"PropertyValueSpecification","valueRequired":true,"valueName":"search_term_string"}}],"inLanguage":"es"}]}},"_links":{"self":[{"href":"https:\/\/narcopowders.com\/es\/wp-json\/wp\/v2\/product\/20523","targetHints":{"allow":["GET"]}}],"collection":[{"href":"https:\/\/narcopowders.com\/es\/wp-json\/wp\/v2\/product"}],"about":[{"href":"https:\/\/narcopowders.com\/es\/wp-json\/wp\/v2\/types\/product"}],"replies":[{"embeddable":true,"href":"https:\/\/narcopowders.com\/es\/wp-json\/wp\/v2\/comments?post=20523"}],"wp:featuredmedia":[{"embeddable":true,"href":"https:\/\/narcopowders.com\/es\/wp-json\/wp\/v2\/media\/21268"}],"wp:attachment":[{"href":"https:\/\/narcopowders.com\/es\/wp-json\/wp\/v2\/media?parent=20523"}],"wp:term":[{"taxonomy":"product_brand","embeddable":true,"href":"https:\/\/narcopowders.com\/es\/wp-json\/wp\/v2\/product_brand?post=20523"},{"taxonomy":"product_cat","embeddable":true,"href":"https:\/\/narcopowders.com\/es\/wp-json\/wp\/v2\/product_cat?post=20523"},{"taxonomy":"product_tag","embeddable":true,"href":"https:\/\/narcopowders.com\/es\/wp-json\/wp\/v2\/product_tag?post=20523"}],"curies":[{"name":"wp","href":"https:\/\/api.w.org\/{rel}","templated":true}]}}